{"id":1804,"date":"2015-04-06T04:12:37","date_gmt":"2015-04-06T04:12:37","guid":{"rendered":"http:\/\/www.allgeier.com\/de\/?page_id=1804"},"modified":"2019-05-30T17:26:20","modified_gmt":"2019-05-30T17:26:20","slug":"managed-services-app-management","status":"publish","type":"page","link":"https:\/\/www.allgeier.com\/de\/solutions-and-services\/managed-services-app-management\/","title":{"rendered":"Managed Services &#038; App Management"},"content":{"rendered":"<p>Durch das Outtasking von Teilbereichen oder das Outsourcing ganzer IT-Abteilungen erm\u00f6glichen wir unseren Kunden signifikante Kosteneinsparungen und die M\u00f6glichkeit der vollst\u00e4ndigen Konzentration auf die eigenen gesch\u00e4ftskritischen Prozesse und Kompetenzen. Die flexiblen Allgeier Managed Services-Angebote erm\u00f6glichen die \u00dcbergabe der Betriebsverantwortung f\u00fcr ausgew\u00e4hlte Dienste und Leistungen oder auch vollumf\u00e4nglicher IT-Landschaften an einen erfahrenen und spezialisierten IT-Dienstleister. Auch bei hohen und komplexen Anforderungen stellen unsere L\u00f6sungen eine transparente und skalierbare Leistungserbringung sicher. Dank garantierter standardisierter oder auch individuell abgestimmter Service Level Agreements hat der Kunde zu jeder Zeit die vollst\u00e4ndige und \u00fcbersichtliche Kontrolle \u00fcber Kosten und Qualit\u00e4t.<\/p>\n<p>Mit unseren Application Management Services (AMS) \u00fcbernehmen wir f\u00fcr unsere Kunden den gesamten Lebenszyklus von Applikationen &#8211; ausgehend vom kontinuierlichen und unterbrechungsfreien Betrieb \u00fcber kleinere Anpassungen und Korrekturen im laufenden Betrieb bis hin zu komplexen Changes, die im Rahmen von Projekten durchgef\u00fchrt werden.<\/p>\n<div class=\"sectionH540 sectionHeading flotL\">Unsere Kompetenzen:<\/div>\n<p>&nbsp;<\/p>\n<ul>\n<li>Neuentwicklung und Reorganisation von Teill\u00f6sungen oder auch vollst\u00e4ndigen\u00a0IT-Landschaften<\/li>\n<li>Bereitstellung und Betrieb von IT-Infrastrukturen im Netzwerk-, Rechenzentrum- und Client-Umfeld<\/li>\n<li>Anpassung, Implementierung und Betreuung von SAP- und Non-SAP-Applikationen inklusive der entsprechenden Infrastrukturen und Betriebssystembasis<\/li>\n<li>Bereitstellung von Dienstleitungen als Cloud-Service in der Public-, Privat- oder Hybrid-Cloud<\/li>\n<li>Auftragsbasierter und grenz\u00fcbergreifender Betrieb gesch\u00e4ftskritischer Anwendungen in enger Abstimmung mit dem Kunden<\/li>\n<li>Professionelles IT-Service Management nach markt\u00fcblichen Standards wie z.B. ITIL<\/li>\n<li>Durchf\u00fchrung von Major-Changes und kontinuierliche Weiterentwicklung von Applikationen im Einklang mit dem Change-Prozess des Kunden<\/li>\n<\/ul>\n","protected":false},"excerpt":{"rendered":"<p>Durch das Outtasking von Teilbereichen oder das Outsourcing ganzer IT-Abteilungen erm\u00f6glichen wir unseren Kunden signifikante Kosteneinsparungen und die M\u00f6glichkeit der vollst\u00e4ndigen Konzentration auf die eigenen gesch\u00e4ftskritischen Prozesse und Kompetenzen. Die flexiblen Allgeier Managed Services-Angebote erm\u00f6glichen die \u00dcbergabe der Betriebsverantwortung f\u00fcr ausgew\u00e4hlte Dienste und Leistungen oder auch vollumf\u00e4nglicher IT-Landschaften an einen erfahrenen und spezialisierten IT-Dienstleister. Auch &hellip; <\/p>\n","protected":false},"author":1,"featured_media":0,"parent":1781,"menu_order":0,"comment_status":"open","ping_status":"open","template":"","meta":{"_acf_changed":false,"footnotes":""},"categories":[],"tags":[],"class_list":["post-1804","page","type-page","status-publish","hentry"],"acf":[],"yoast_head":"<!-- This site is optimized with the Yoast SEO plugin v27.4 - https:\/\/yoast.com\/product\/yoast-seo-wordpress\/ -->\n<title>Managed Services &amp; App Management - Allgeier SE<\/title>\n<meta name=\"robots\" content=\"index, follow, max-snippet:-1, max-image-preview:large, max-video-preview:-1\" \/>\n<link rel=\"canonical\" href=\"https:\/\/www.allgeier.com\/de\/solutions-and-services\/managed-services-app-management\/\" \/>\n<meta property=\"og:locale\" content=\"de_DE\" \/>\n<meta property=\"og:type\" content=\"article\" \/>\n<meta property=\"og:title\" content=\"Managed Services &amp; App Management - Allgeier SE\" \/>\n<meta property=\"og:description\" content=\"Durch das Outtasking von Teilbereichen oder das Outsourcing ganzer IT-Abteilungen erm\u00f6glichen wir unseren Kunden signifikante Kosteneinsparungen und die M\u00f6glichkeit der vollst\u00e4ndigen Konzentration auf die eigenen gesch\u00e4ftskritischen Prozesse und Kompetenzen. Die flexiblen Allgeier Managed Services-Angebote erm\u00f6glichen die \u00dcbergabe der Betriebsverantwortung f\u00fcr ausgew\u00e4hlte Dienste und Leistungen oder auch vollumf\u00e4nglicher IT-Landschaften an einen erfahrenen und spezialisierten IT-Dienstleister. Auch &hellip;\" \/>\n<meta property=\"og:url\" content=\"https:\/\/www.allgeier.com\/de\/solutions-and-services\/managed-services-app-management\/\" \/>\n<meta property=\"og:site_name\" content=\"Allgeier SE\" \/>\n<meta property=\"article:modified_time\" content=\"2019-05-30T17:26:20+00:00\" \/>\n<meta name=\"twitter:card\" content=\"summary_large_image\" \/>\n<meta name=\"twitter:label1\" content=\"Gesch\u00e4tzte Lesezeit\" \/>\n\t<meta name=\"twitter:data1\" content=\"1\u00a0Minute\" \/>\n<script type=\"application\/ld+json\" class=\"yoast-schema-graph\">{\"@context\":\"https:\\\/\\\/schema.org\",\"@graph\":[{\"@type\":\"WebPage\",\"@id\":\"https:\\\/\\\/www.allgeier.com\\\/de\\\/solutions-and-services\\\/managed-services-app-management\\\/\",\"url\":\"https:\\\/\\\/www.allgeier.com\\\/de\\\/solutions-and-services\\\/managed-services-app-management\\\/\",\"name\":\"Managed Services & App Management - Allgeier SE\",\"isPartOf\":{\"@id\":\"https:\\\/\\\/www.allgeier.com\\\/de\\\/#website\"},\"datePublished\":\"2015-04-06T04:12:37+00:00\",\"dateModified\":\"2019-05-30T17:26:20+00:00\",\"breadcrumb\":{\"@id\":\"https:\\\/\\\/www.allgeier.com\\\/de\\\/solutions-and-services\\\/managed-services-app-management\\\/#breadcrumb\"},\"inLanguage\":\"de\",\"potentialAction\":[{\"@type\":\"ReadAction\",\"target\":[\"https:\\\/\\\/www.allgeier.com\\\/de\\\/solutions-and-services\\\/managed-services-app-management\\\/\"]}]},{\"@type\":\"BreadcrumbList\",\"@id\":\"https:\\\/\\\/www.allgeier.com\\\/de\\\/solutions-and-services\\\/managed-services-app-management\\\/#breadcrumb\",\"itemListElement\":[{\"@type\":\"ListItem\",\"position\":1,\"name\":\"Home\",\"item\":\"https:\\\/\\\/www.allgeier.com\\\/de\\\/\"},{\"@type\":\"ListItem\",\"position\":2,\"name\":\"Was wir tun\",\"item\":\"https:\\\/\\\/www.allgeier.com\\\/de\\\/solutions-and-services\\\/\"},{\"@type\":\"ListItem\",\"position\":3,\"name\":\"Managed Services &#038; App Management\"}]},{\"@type\":\"WebSite\",\"@id\":\"https:\\\/\\\/www.allgeier.com\\\/de\\\/#website\",\"url\":\"https:\\\/\\\/www.allgeier.com\\\/de\\\/\",\"name\":\"Allgeier SE\",\"description\":\"Software &amp; IT Services for digital transformation\",\"potentialAction\":[{\"@type\":\"SearchAction\",\"target\":{\"@type\":\"EntryPoint\",\"urlTemplate\":\"https:\\\/\\\/www.allgeier.com\\\/de\\\/?s={search_term_string}\"},\"query-input\":{\"@type\":\"PropertyValueSpecification\",\"valueRequired\":true,\"valueName\":\"search_term_string\"}}],\"inLanguage\":\"de\"}]}<\/script>\n<!-- \/ Yoast SEO plugin. -->","yoast_head_json":{"title":"Managed Services & App Management - Allgeier SE","robots":{"index":"index","follow":"follow","max-snippet":"max-snippet:-1","max-image-preview":"max-image-preview:large","max-video-preview":"max-video-preview:-1"},"canonical":"https:\/\/www.allgeier.com\/de\/solutions-and-services\/managed-services-app-management\/","og_locale":"de_DE","og_type":"article","og_title":"Managed Services & App Management - Allgeier SE","og_description":"Durch das Outtasking von Teilbereichen oder das Outsourcing ganzer IT-Abteilungen erm\u00f6glichen wir unseren Kunden signifikante Kosteneinsparungen und die M\u00f6glichkeit der vollst\u00e4ndigen Konzentration auf die eigenen gesch\u00e4ftskritischen Prozesse und Kompetenzen. Die flexiblen Allgeier Managed Services-Angebote erm\u00f6glichen die \u00dcbergabe der Betriebsverantwortung f\u00fcr ausgew\u00e4hlte Dienste und Leistungen oder auch vollumf\u00e4nglicher IT-Landschaften an einen erfahrenen und spezialisierten IT-Dienstleister. Auch &hellip;","og_url":"https:\/\/www.allgeier.com\/de\/solutions-and-services\/managed-services-app-management\/","og_site_name":"Allgeier SE","article_modified_time":"2019-05-30T17:26:20+00:00","twitter_card":"summary_large_image","twitter_misc":{"Gesch\u00e4tzte Lesezeit":"1\u00a0Minute"},"schema":{"@context":"https:\/\/schema.org","@graph":[{"@type":"WebPage","@id":"https:\/\/www.allgeier.com\/de\/solutions-and-services\/managed-services-app-management\/","url":"https:\/\/www.allgeier.com\/de\/solutions-and-services\/managed-services-app-management\/","name":"Managed Services & App Management - Allgeier SE","isPartOf":{"@id":"https:\/\/www.allgeier.com\/de\/#website"},"datePublished":"2015-04-06T04:12:37+00:00","dateModified":"2019-05-30T17:26:20+00:00","breadcrumb":{"@id":"https:\/\/www.allgeier.com\/de\/solutions-and-services\/managed-services-app-management\/#breadcrumb"},"inLanguage":"de","potentialAction":[{"@type":"ReadAction","target":["https:\/\/www.allgeier.com\/de\/solutions-and-services\/managed-services-app-management\/"]}]},{"@type":"BreadcrumbList","@id":"https:\/\/www.allgeier.com\/de\/solutions-and-services\/managed-services-app-management\/#breadcrumb","itemListElement":[{"@type":"ListItem","position":1,"name":"Home","item":"https:\/\/www.allgeier.com\/de\/"},{"@type":"ListItem","position":2,"name":"Was wir tun","item":"https:\/\/www.allgeier.com\/de\/solutions-and-services\/"},{"@type":"ListItem","position":3,"name":"Managed Services &#038; App Management"}]},{"@type":"WebSite","@id":"https:\/\/www.allgeier.com\/de\/#website","url":"https:\/\/www.allgeier.com\/de\/","name":"Allgeier SE","description":"Software &amp; IT Services for digital transformation","potentialAction":[{"@type":"SearchAction","target":{"@type":"EntryPoint","urlTemplate":"https:\/\/www.allgeier.com\/de\/?s={search_term_string}"},"query-input":{"@type":"PropertyValueSpecification","valueRequired":true,"valueName":"search_term_string"}}],"inLanguage":"de"}]}},"_links":{"self":[{"href":"https:\/\/www.allgeier.com\/de\/wp-json\/wp\/v2\/pages\/1804","targetHints":{"allow":["GET"]}}],"collection":[{"href":"https:\/\/www.allgeier.com\/de\/wp-json\/wp\/v2\/pages"}],"about":[{"href":"https:\/\/www.allgeier.com\/de\/wp-json\/wp\/v2\/types\/page"}],"author":[{"embeddable":true,"href":"https:\/\/www.allgeier.com\/de\/wp-json\/wp\/v2\/users\/1"}],"replies":[{"embeddable":true,"href":"https:\/\/www.allgeier.com\/de\/wp-json\/wp\/v2\/comments?post=1804"}],"version-history":[{"count":0,"href":"https:\/\/www.allgeier.com\/de\/wp-json\/wp\/v2\/pages\/1804\/revisions"}],"up":[{"embeddable":true,"href":"https:\/\/www.allgeier.com\/de\/wp-json\/wp\/v2\/pages\/1781"}],"wp:attachment":[{"href":"https:\/\/www.allgeier.com\/de\/wp-json\/wp\/v2\/media?parent=1804"}],"wp:term":[{"taxonomy":"category","embeddable":true,"href":"https:\/\/www.allgeier.com\/de\/wp-json\/wp\/v2\/categories?post=1804"},{"taxonomy":"post_tag","embeddable":true,"href":"https:\/\/www.allgeier.com\/de\/wp-json\/wp\/v2\/tags?post=1804"}],"curies":[{"name":"wp","href":"https:\/\/api.w.org\/{rel}","templated":true}]}}