{"id":1808,"date":"2015-04-03T04:16:20","date_gmt":"2015-04-03T04:16:20","guid":{"rendered":"http:\/\/www.allgeier.com\/de\/?page_id=1808"},"modified":"2025-07-21T13:03:05","modified_gmt":"2025-07-21T13:03:05","slug":"nearshore-offshore-delivery","status":"publish","type":"page","link":"https:\/\/www.allgeier.com\/de\/solutions-and-services\/nearshore-offshore-delivery\/","title":{"rendered":"Nearshore- \/ Offshore Delivery"},"content":{"rendered":"<p>Die Projektanforderungen unserer Kunden sind vielf\u00e4ltig und komplex. Immer h\u00e4ufiger werden zus\u00e4tzlich zu den fachlichen und technologischen Konzepten auch internationale Entwicklungsteams f\u00fcr (Teil-)Projekte und Aufgabenpakete gefordert. Dabei profitieren die Kunden nicht nur durch geringere Kostenstrukturen in den Nearshore- und Offshore-Entwicklungszentren von Allgeier SE sondern auch durch eine h\u00f6here Verf\u00fcgbarkeit gesuchter Kompetenzen und damit verk\u00fcrzte Entwicklungszeiten.<\/p>\n<p>Viele Aufgaben im Projektverlauf k\u00f6nnen von internationalen Standorten erbracht werden, nachdem die Business-Anforderungen sowie die technologischen definiert sind. Der Vorteil: Durch Spezialisierung von Teams auf verschiedene Projekt-Phasen und industrialisierte Entwicklungsprozesse liefert Allgeier h\u00f6chste Qualit\u00e4t in kurzer Zeit. Die Steuerung des Kundenprojektes bleibt dabei in der Hand der Berater vor Ort in Deutschland.<\/p>\n<div class=\"sectionH540 sectionHeading flotL\"><b>Unsere Kompetenzen:<\/b><\/div>\n<div class=\"clear\"><\/div>\n<ul>\n<li>Application Development &amp; Management Services<\/li>\n<li>Mobile Applications<\/li>\n<li>ECM Projekte &amp; Services<\/li>\n<li>Enterprise Integration<\/li>\n<li>Produktentwicklung<\/li>\n<li>Business Intelligence<\/li>\n<li>Data Warehousing<\/li>\n<li>SAP Consulting<\/li>\n<li>Verifizierung &amp; Validierung<\/li>\n<li>Testing &amp; QS<\/li>\n<li>SharePoint Consulting<\/li>\n<li>E-Government<\/li>\n<li>Service Oriented Architecture &amp; Cloud<\/li>\n<\/ul>\n<div class=\"sectionH540 sectionHeading flotL\"><b>Unsere Kunden<\/b>:<\/div>\n<div class=\"sectionCC sectionCCmid flotL\">\n<p class=\"textCS122b\">Zu unseren Kunden z\u00e4hlen f\u00fchrende Unternehmen nahezu aller Branchen wie Lufthansa, GE, SAP, Pfizer, Siemens, Bristol-Myers Squibb, Estee Lauder, Deutsche Telekom, T-Systems International, Erste\u00a0 Bank, E.ON, EnBW, Vattenfall, ASSA ABLOY, CompWare Medical, Emric, Haufe-Lexware, Health Solutions, Net Entertainment, 7-Technologies, Amsurg, CSI Software, Ephesoft, HELVETA, HKMP Technologies, Mitsubishi Chemical Holdings America, MNJ Technologies Direct, Pacific Southwest Container, Predictix, The O&#8217;Brien&#8217;s Group, Umicore sowie das Tennessee K-12 School District und viele weitere.<\/p>\n<p>Gerne vermitteln wir Ihnen einen Kontakt zu unseren Referenzen und stehen Ihnen selbstverst\u00e4ndlich f\u00fcr ein Gespr\u00e4ch bereit.\u00a0<a href=\"https:\/\/www.allgeier.com\/de\/contact\">Sprechen Sie uns\u00a0<\/a>einfach an.<\/p>\n<\/div>\n","protected":false},"excerpt":{"rendered":"<p>Die Projektanforderungen unserer Kunden sind vielf\u00e4ltig und komplex. Immer h\u00e4ufiger werden zus\u00e4tzlich zu den fachlichen und technologischen Konzepten auch internationale Entwicklungsteams f\u00fcr (Teil-)Projekte und Aufgabenpakete gefordert. Dabei profitieren die Kunden nicht nur durch geringere Kostenstrukturen in den Nearshore- und Offshore-Entwicklungszentren von Allgeier SE sondern auch durch eine h\u00f6here Verf\u00fcgbarkeit gesuchter Kompetenzen und damit verk\u00fcrzte Entwicklungszeiten. &hellip; <\/p>\n","protected":false},"author":1,"featured_media":0,"parent":1781,"menu_order":0,"comment_status":"open","ping_status":"open","template":"","meta":{"_acf_changed":false,"footnotes":""},"categories":[],"tags":[],"class_list":["post-1808","page","type-page","status-publish","hentry"],"acf":[],"yoast_head":"<!-- This site is optimized with the Yoast SEO plugin v27.4 - https:\/\/yoast.com\/product\/yoast-seo-wordpress\/ -->\n<title>Nearshore- \/ Offshore Delivery - Allgeier SE<\/title>\n<meta name=\"robots\" content=\"index, follow, max-snippet:-1, max-image-preview:large, max-video-preview:-1\" \/>\n<link rel=\"canonical\" href=\"https:\/\/www.allgeier.com\/de\/solutions-and-services\/nearshore-offshore-delivery\/\" \/>\n<meta property=\"og:locale\" content=\"de_DE\" \/>\n<meta property=\"og:type\" content=\"article\" \/>\n<meta property=\"og:title\" content=\"Nearshore- \/ Offshore Delivery - Allgeier SE\" \/>\n<meta property=\"og:description\" content=\"Die Projektanforderungen unserer Kunden sind vielf\u00e4ltig und komplex. Immer h\u00e4ufiger werden zus\u00e4tzlich zu den fachlichen und technologischen Konzepten auch internationale Entwicklungsteams f\u00fcr (Teil-)Projekte und Aufgabenpakete gefordert. Dabei profitieren die Kunden nicht nur durch geringere Kostenstrukturen in den Nearshore- und Offshore-Entwicklungszentren von Allgeier SE sondern auch durch eine h\u00f6here Verf\u00fcgbarkeit gesuchter Kompetenzen und damit verk\u00fcrzte Entwicklungszeiten. &hellip;\" \/>\n<meta property=\"og:url\" content=\"https:\/\/www.allgeier.com\/de\/solutions-and-services\/nearshore-offshore-delivery\/\" \/>\n<meta property=\"og:site_name\" content=\"Allgeier SE\" \/>\n<meta property=\"article:modified_time\" content=\"2025-07-21T13:03:05+00:00\" \/>\n<meta name=\"twitter:card\" content=\"summary_large_image\" \/>\n<meta name=\"twitter:label1\" content=\"Gesch\u00e4tzte Lesezeit\" \/>\n\t<meta name=\"twitter:data1\" content=\"2\u00a0Minuten\" \/>\n<script type=\"application\/ld+json\" class=\"yoast-schema-graph\">{\"@context\":\"https:\\\/\\\/schema.org\",\"@graph\":[{\"@type\":\"WebPage\",\"@id\":\"https:\\\/\\\/www.allgeier.com\\\/de\\\/solutions-and-services\\\/nearshore-offshore-delivery\\\/\",\"url\":\"https:\\\/\\\/www.allgeier.com\\\/de\\\/solutions-and-services\\\/nearshore-offshore-delivery\\\/\",\"name\":\"Nearshore- \\\/ Offshore Delivery - Allgeier SE\",\"isPartOf\":{\"@id\":\"https:\\\/\\\/www.allgeier.com\\\/de\\\/#website\"},\"datePublished\":\"2015-04-03T04:16:20+00:00\",\"dateModified\":\"2025-07-21T13:03:05+00:00\",\"breadcrumb\":{\"@id\":\"https:\\\/\\\/www.allgeier.com\\\/de\\\/solutions-and-services\\\/nearshore-offshore-delivery\\\/#breadcrumb\"},\"inLanguage\":\"de\",\"potentialAction\":[{\"@type\":\"ReadAction\",\"target\":[\"https:\\\/\\\/www.allgeier.com\\\/de\\\/solutions-and-services\\\/nearshore-offshore-delivery\\\/\"]}]},{\"@type\":\"BreadcrumbList\",\"@id\":\"https:\\\/\\\/www.allgeier.com\\\/de\\\/solutions-and-services\\\/nearshore-offshore-delivery\\\/#breadcrumb\",\"itemListElement\":[{\"@type\":\"ListItem\",\"position\":1,\"name\":\"Home\",\"item\":\"https:\\\/\\\/www.allgeier.com\\\/de\\\/\"},{\"@type\":\"ListItem\",\"position\":2,\"name\":\"Was wir tun\",\"item\":\"https:\\\/\\\/www.allgeier.com\\\/de\\\/solutions-and-services\\\/\"},{\"@type\":\"ListItem\",\"position\":3,\"name\":\"Nearshore- \\\/ Offshore Delivery\"}]},{\"@type\":\"WebSite\",\"@id\":\"https:\\\/\\\/www.allgeier.com\\\/de\\\/#website\",\"url\":\"https:\\\/\\\/www.allgeier.com\\\/de\\\/\",\"name\":\"Allgeier SE\",\"description\":\"Software &amp; IT Services for digital transformation\",\"potentialAction\":[{\"@type\":\"SearchAction\",\"target\":{\"@type\":\"EntryPoint\",\"urlTemplate\":\"https:\\\/\\\/www.allgeier.com\\\/de\\\/?s={search_term_string}\"},\"query-input\":{\"@type\":\"PropertyValueSpecification\",\"valueRequired\":true,\"valueName\":\"search_term_string\"}}],\"inLanguage\":\"de\"}]}<\/script>\n<!-- \/ Yoast SEO plugin. -->","yoast_head_json":{"title":"Nearshore- \/ Offshore Delivery - Allgeier SE","robots":{"index":"index","follow":"follow","max-snippet":"max-snippet:-1","max-image-preview":"max-image-preview:large","max-video-preview":"max-video-preview:-1"},"canonical":"https:\/\/www.allgeier.com\/de\/solutions-and-services\/nearshore-offshore-delivery\/","og_locale":"de_DE","og_type":"article","og_title":"Nearshore- \/ Offshore Delivery - Allgeier SE","og_description":"Die Projektanforderungen unserer Kunden sind vielf\u00e4ltig und komplex. Immer h\u00e4ufiger werden zus\u00e4tzlich zu den fachlichen und technologischen Konzepten auch internationale Entwicklungsteams f\u00fcr (Teil-)Projekte und Aufgabenpakete gefordert. Dabei profitieren die Kunden nicht nur durch geringere Kostenstrukturen in den Nearshore- und Offshore-Entwicklungszentren von Allgeier SE sondern auch durch eine h\u00f6here Verf\u00fcgbarkeit gesuchter Kompetenzen und damit verk\u00fcrzte Entwicklungszeiten. &hellip;","og_url":"https:\/\/www.allgeier.com\/de\/solutions-and-services\/nearshore-offshore-delivery\/","og_site_name":"Allgeier SE","article_modified_time":"2025-07-21T13:03:05+00:00","twitter_card":"summary_large_image","twitter_misc":{"Gesch\u00e4tzte Lesezeit":"2\u00a0Minuten"},"schema":{"@context":"https:\/\/schema.org","@graph":[{"@type":"WebPage","@id":"https:\/\/www.allgeier.com\/de\/solutions-and-services\/nearshore-offshore-delivery\/","url":"https:\/\/www.allgeier.com\/de\/solutions-and-services\/nearshore-offshore-delivery\/","name":"Nearshore- \/ Offshore Delivery - Allgeier SE","isPartOf":{"@id":"https:\/\/www.allgeier.com\/de\/#website"},"datePublished":"2015-04-03T04:16:20+00:00","dateModified":"2025-07-21T13:03:05+00:00","breadcrumb":{"@id":"https:\/\/www.allgeier.com\/de\/solutions-and-services\/nearshore-offshore-delivery\/#breadcrumb"},"inLanguage":"de","potentialAction":[{"@type":"ReadAction","target":["https:\/\/www.allgeier.com\/de\/solutions-and-services\/nearshore-offshore-delivery\/"]}]},{"@type":"BreadcrumbList","@id":"https:\/\/www.allgeier.com\/de\/solutions-and-services\/nearshore-offshore-delivery\/#breadcrumb","itemListElement":[{"@type":"ListItem","position":1,"name":"Home","item":"https:\/\/www.allgeier.com\/de\/"},{"@type":"ListItem","position":2,"name":"Was wir tun","item":"https:\/\/www.allgeier.com\/de\/solutions-and-services\/"},{"@type":"ListItem","position":3,"name":"Nearshore- \/ Offshore Delivery"}]},{"@type":"WebSite","@id":"https:\/\/www.allgeier.com\/de\/#website","url":"https:\/\/www.allgeier.com\/de\/","name":"Allgeier SE","description":"Software &amp; IT Services for digital transformation","potentialAction":[{"@type":"SearchAction","target":{"@type":"EntryPoint","urlTemplate":"https:\/\/www.allgeier.com\/de\/?s={search_term_string}"},"query-input":{"@type":"PropertyValueSpecification","valueRequired":true,"valueName":"search_term_string"}}],"inLanguage":"de"}]}},"_links":{"self":[{"href":"https:\/\/www.allgeier.com\/de\/wp-json\/wp\/v2\/pages\/1808","targetHints":{"allow":["GET"]}}],"collection":[{"href":"https:\/\/www.allgeier.com\/de\/wp-json\/wp\/v2\/pages"}],"about":[{"href":"https:\/\/www.allgeier.com\/de\/wp-json\/wp\/v2\/types\/page"}],"author":[{"embeddable":true,"href":"https:\/\/www.allgeier.com\/de\/wp-json\/wp\/v2\/users\/1"}],"replies":[{"embeddable":true,"href":"https:\/\/www.allgeier.com\/de\/wp-json\/wp\/v2\/comments?post=1808"}],"version-history":[{"count":0,"href":"https:\/\/www.allgeier.com\/de\/wp-json\/wp\/v2\/pages\/1808\/revisions"}],"up":[{"embeddable":true,"href":"https:\/\/www.allgeier.com\/de\/wp-json\/wp\/v2\/pages\/1781"}],"wp:attachment":[{"href":"https:\/\/www.allgeier.com\/de\/wp-json\/wp\/v2\/media?parent=1808"}],"wp:term":[{"taxonomy":"category","embeddable":true,"href":"https:\/\/www.allgeier.com\/de\/wp-json\/wp\/v2\/categories?post=1808"},{"taxonomy":"post_tag","embeddable":true,"href":"https:\/\/www.allgeier.com\/de\/wp-json\/wp\/v2\/tags?post=1808"}],"curies":[{"name":"wp","href":"https:\/\/api.w.org\/{rel}","templated":true}]}}