{"id":1810,"date":"2015-04-07T04:18:16","date_gmt":"2015-04-07T04:18:16","guid":{"rendered":"http:\/\/www.allgeier.com\/de\/?page_id=1810"},"modified":"2025-07-21T13:01:21","modified_gmt":"2025-07-21T13:01:21","slug":"mobile-enterpriseapps","status":"publish","type":"page","link":"https:\/\/www.allgeier.com\/de\/solutions-and-services\/mobile-enterpriseapps\/","title":{"rendered":"Mobile Enterprise \/ Apps"},"content":{"rendered":"<p>Die Fachbereiche in den Unternehmen fordern mobilen Zugriff auf Unternehmensprozesse \u2013 und das mit verschiedensten Endger\u00e4ten von Notebooks \u00fcber Smartphones bis hin zu Tablet PCs. Dieser Trend hat sich zu einem einer der wichtigsten Treiber f\u00fcr Ver\u00e4nderungsprojekte in der IT entwickelt. Wie das Mobile Enterprise umgesetzt wird, h\u00e4ngt dabei stark von der Anwendungslandschaft der Unternehmen sowie der fachlichen Prozesse ab, die mobil abgebildet werden sollen.<\/p>\n<p>Unsere Expertenteams definieren gemeinsam mit dem Kunden die Funktionen und (Teil-)Prozesse, auf die die Anwender \u00fcber Standard-Business-Apps, Browser-basierte Zugriffsmethoden oder individuelle Apps zugreifen sollen und setzen die Projekte um.<\/p>\n<p>Die Bandbreite der Services umfasst dabei den gesamten Software-Lebenszyklus. Je nach Kundenanforderung ist Allgeier als Entwicklungspartner auch in der Lage, entsprechend unseres Blended Shoring-Ansatzes flexibel Nearshore- oder Offshore-Teams einzusetzen.<\/p>\n<div class=\"sectionH540 sectionHeading flotL\"><b>Unsere Kompetenzen:<\/b><\/div>\n<div class=\"clear\"><\/div>\n<ul>\n<li>Mobile Application Development &amp; Management Services<\/li>\n<li>Gesch\u00e4ftsportale &amp; Shops<\/li>\n<li>Produktentwicklung<\/li>\n<li>Korrektive, pr\u00e4ventive, adaptive Wartung<\/li>\n<li>Application Support Level 3<\/li>\n<li>Administration<\/li>\n<li>Monitoring &amp; Reporting<\/li>\n<li>Release Packing<\/li>\n<li>Weiterentwicklung<\/li>\n<li>E-Government Mobile Solutions<\/li>\n<li>RFID Solutions<\/li>\n<\/ul>\n<div class=\"sectionH540 sectionHeading flotL\"><b>Unsere Kunden<\/b>:<\/div>\n<div class=\"sectionCC sectionCCmid flotL\">\n<p class=\"textCS122b\">Zu unseren Kunden z\u00e4hlen Deutsche Lufthansa, GE, SAP, Pfizer, Hewlett-Packard, Siemens, BWM, E.ON, Yahoo, Bauer Digital, Bristol-Myers Squibb, Swiss Re, Estee Lauder, Deutsche Telekom, T-Systems International, T\u00dcV S\u00dcD, Ministerium des Innern des Landes Brandenburg, Erste Bank, ASSA ABLOY, CompWare Medical, Emric, Haufe-Lexware, HDI-Gerling, Health Solutions, Kickz.com, LIDL, Net Entertainment, 7-Technologies, Amsurg, CSI Software, Ephesoft, HELVETA, HKMP Technologies, Mitsubishi Chemical Holdings America, MNJ Technologies Direct, Pacific Southwest Container, Predictix, Tennessee K-12 School District, The O&#8217;Brien&#8217;s Group, Umicore und viele andere.<\/p>\n<p>Gerne vermitteln wir Ihnen einen Kontakt zu unseren Referenzen und stehen Ihnen selbstverst\u00e4ndlich f\u00fcr ein Gespr\u00e4ch bereit.\u00a0<a href=\"https:\/\/www.allgeier.com\/de\/contact\">Sprechen Sie uns\u00a0<\/a>einfach an.<\/p>\n<\/div>\n","protected":false},"excerpt":{"rendered":"<p>Die Fachbereiche in den Unternehmen fordern mobilen Zugriff auf Unternehmensprozesse \u2013 und das mit verschiedensten Endger\u00e4ten von Notebooks \u00fcber Smartphones bis hin zu Tablet PCs. Dieser Trend hat sich zu einem einer der wichtigsten Treiber f\u00fcr Ver\u00e4nderungsprojekte in der IT entwickelt. Wie das Mobile Enterprise umgesetzt wird, h\u00e4ngt dabei stark von der Anwendungslandschaft der Unternehmen &hellip; <\/p>\n","protected":false},"author":1,"featured_media":0,"parent":1781,"menu_order":0,"comment_status":"open","ping_status":"open","template":"","meta":{"_acf_changed":false,"footnotes":""},"categories":[],"tags":[],"class_list":["post-1810","page","type-page","status-publish","hentry"],"acf":[],"yoast_head":"<!-- This site is optimized with the Yoast SEO plugin v27.4 - https:\/\/yoast.com\/product\/yoast-seo-wordpress\/ -->\n<title>Mobile Enterprise \/ Apps - Allgeier SE<\/title>\n<meta name=\"robots\" content=\"index, follow, max-snippet:-1, max-image-preview:large, max-video-preview:-1\" \/>\n<link rel=\"canonical\" href=\"https:\/\/www.allgeier.com\/de\/solutions-and-services\/mobile-enterpriseapps\/\" \/>\n<meta property=\"og:locale\" content=\"de_DE\" \/>\n<meta property=\"og:type\" content=\"article\" \/>\n<meta property=\"og:title\" content=\"Mobile Enterprise \/ Apps - Allgeier SE\" \/>\n<meta property=\"og:description\" content=\"Die Fachbereiche in den Unternehmen fordern mobilen Zugriff auf Unternehmensprozesse \u2013 und das mit verschiedensten Endger\u00e4ten von Notebooks \u00fcber Smartphones bis hin zu Tablet PCs. Dieser Trend hat sich zu einem einer der wichtigsten Treiber f\u00fcr Ver\u00e4nderungsprojekte in der IT entwickelt. Wie das Mobile Enterprise umgesetzt wird, h\u00e4ngt dabei stark von der Anwendungslandschaft der Unternehmen &hellip;\" \/>\n<meta property=\"og:url\" content=\"https:\/\/www.allgeier.com\/de\/solutions-and-services\/mobile-enterpriseapps\/\" \/>\n<meta property=\"og:site_name\" content=\"Allgeier SE\" \/>\n<meta property=\"article:modified_time\" content=\"2025-07-21T13:01:21+00:00\" \/>\n<meta name=\"twitter:card\" content=\"summary_large_image\" \/>\n<meta name=\"twitter:label1\" content=\"Gesch\u00e4tzte Lesezeit\" \/>\n\t<meta name=\"twitter:data1\" content=\"2\u00a0Minuten\" \/>\n<script type=\"application\/ld+json\" class=\"yoast-schema-graph\">{\"@context\":\"https:\\\/\\\/schema.org\",\"@graph\":[{\"@type\":\"WebPage\",\"@id\":\"https:\\\/\\\/www.allgeier.com\\\/de\\\/solutions-and-services\\\/mobile-enterpriseapps\\\/\",\"url\":\"https:\\\/\\\/www.allgeier.com\\\/de\\\/solutions-and-services\\\/mobile-enterpriseapps\\\/\",\"name\":\"Mobile Enterprise \\\/ Apps - Allgeier SE\",\"isPartOf\":{\"@id\":\"https:\\\/\\\/www.allgeier.com\\\/de\\\/#website\"},\"datePublished\":\"2015-04-07T04:18:16+00:00\",\"dateModified\":\"2025-07-21T13:01:21+00:00\",\"breadcrumb\":{\"@id\":\"https:\\\/\\\/www.allgeier.com\\\/de\\\/solutions-and-services\\\/mobile-enterpriseapps\\\/#breadcrumb\"},\"inLanguage\":\"de\",\"potentialAction\":[{\"@type\":\"ReadAction\",\"target\":[\"https:\\\/\\\/www.allgeier.com\\\/de\\\/solutions-and-services\\\/mobile-enterpriseapps\\\/\"]}]},{\"@type\":\"BreadcrumbList\",\"@id\":\"https:\\\/\\\/www.allgeier.com\\\/de\\\/solutions-and-services\\\/mobile-enterpriseapps\\\/#breadcrumb\",\"itemListElement\":[{\"@type\":\"ListItem\",\"position\":1,\"name\":\"Home\",\"item\":\"https:\\\/\\\/www.allgeier.com\\\/de\\\/\"},{\"@type\":\"ListItem\",\"position\":2,\"name\":\"Was wir tun\",\"item\":\"https:\\\/\\\/www.allgeier.com\\\/de\\\/solutions-and-services\\\/\"},{\"@type\":\"ListItem\",\"position\":3,\"name\":\"Mobile Enterprise \\\/ Apps\"}]},{\"@type\":\"WebSite\",\"@id\":\"https:\\\/\\\/www.allgeier.com\\\/de\\\/#website\",\"url\":\"https:\\\/\\\/www.allgeier.com\\\/de\\\/\",\"name\":\"Allgeier SE\",\"description\":\"Software &amp; IT Services for digital transformation\",\"potentialAction\":[{\"@type\":\"SearchAction\",\"target\":{\"@type\":\"EntryPoint\",\"urlTemplate\":\"https:\\\/\\\/www.allgeier.com\\\/de\\\/?s={search_term_string}\"},\"query-input\":{\"@type\":\"PropertyValueSpecification\",\"valueRequired\":true,\"valueName\":\"search_term_string\"}}],\"inLanguage\":\"de\"}]}<\/script>\n<!-- \/ Yoast SEO plugin. -->","yoast_head_json":{"title":"Mobile Enterprise \/ Apps - Allgeier SE","robots":{"index":"index","follow":"follow","max-snippet":"max-snippet:-1","max-image-preview":"max-image-preview:large","max-video-preview":"max-video-preview:-1"},"canonical":"https:\/\/www.allgeier.com\/de\/solutions-and-services\/mobile-enterpriseapps\/","og_locale":"de_DE","og_type":"article","og_title":"Mobile Enterprise \/ Apps - Allgeier SE","og_description":"Die Fachbereiche in den Unternehmen fordern mobilen Zugriff auf Unternehmensprozesse \u2013 und das mit verschiedensten Endger\u00e4ten von Notebooks \u00fcber Smartphones bis hin zu Tablet PCs. Dieser Trend hat sich zu einem einer der wichtigsten Treiber f\u00fcr Ver\u00e4nderungsprojekte in der IT entwickelt. Wie das Mobile Enterprise umgesetzt wird, h\u00e4ngt dabei stark von der Anwendungslandschaft der Unternehmen &hellip;","og_url":"https:\/\/www.allgeier.com\/de\/solutions-and-services\/mobile-enterpriseapps\/","og_site_name":"Allgeier SE","article_modified_time":"2025-07-21T13:01:21+00:00","twitter_card":"summary_large_image","twitter_misc":{"Gesch\u00e4tzte Lesezeit":"2\u00a0Minuten"},"schema":{"@context":"https:\/\/schema.org","@graph":[{"@type":"WebPage","@id":"https:\/\/www.allgeier.com\/de\/solutions-and-services\/mobile-enterpriseapps\/","url":"https:\/\/www.allgeier.com\/de\/solutions-and-services\/mobile-enterpriseapps\/","name":"Mobile Enterprise \/ Apps - Allgeier SE","isPartOf":{"@id":"https:\/\/www.allgeier.com\/de\/#website"},"datePublished":"2015-04-07T04:18:16+00:00","dateModified":"2025-07-21T13:01:21+00:00","breadcrumb":{"@id":"https:\/\/www.allgeier.com\/de\/solutions-and-services\/mobile-enterpriseapps\/#breadcrumb"},"inLanguage":"de","potentialAction":[{"@type":"ReadAction","target":["https:\/\/www.allgeier.com\/de\/solutions-and-services\/mobile-enterpriseapps\/"]}]},{"@type":"BreadcrumbList","@id":"https:\/\/www.allgeier.com\/de\/solutions-and-services\/mobile-enterpriseapps\/#breadcrumb","itemListElement":[{"@type":"ListItem","position":1,"name":"Home","item":"https:\/\/www.allgeier.com\/de\/"},{"@type":"ListItem","position":2,"name":"Was wir tun","item":"https:\/\/www.allgeier.com\/de\/solutions-and-services\/"},{"@type":"ListItem","position":3,"name":"Mobile Enterprise \/ Apps"}]},{"@type":"WebSite","@id":"https:\/\/www.allgeier.com\/de\/#website","url":"https:\/\/www.allgeier.com\/de\/","name":"Allgeier SE","description":"Software &amp; IT Services for digital transformation","potentialAction":[{"@type":"SearchAction","target":{"@type":"EntryPoint","urlTemplate":"https:\/\/www.allgeier.com\/de\/?s={search_term_string}"},"query-input":{"@type":"PropertyValueSpecification","valueRequired":true,"valueName":"search_term_string"}}],"inLanguage":"de"}]}},"_links":{"self":[{"href":"https:\/\/www.allgeier.com\/de\/wp-json\/wp\/v2\/pages\/1810","targetHints":{"allow":["GET"]}}],"collection":[{"href":"https:\/\/www.allgeier.com\/de\/wp-json\/wp\/v2\/pages"}],"about":[{"href":"https:\/\/www.allgeier.com\/de\/wp-json\/wp\/v2\/types\/page"}],"author":[{"embeddable":true,"href":"https:\/\/www.allgeier.com\/de\/wp-json\/wp\/v2\/users\/1"}],"replies":[{"embeddable":true,"href":"https:\/\/www.allgeier.com\/de\/wp-json\/wp\/v2\/comments?post=1810"}],"version-history":[{"count":0,"href":"https:\/\/www.allgeier.com\/de\/wp-json\/wp\/v2\/pages\/1810\/revisions"}],"up":[{"embeddable":true,"href":"https:\/\/www.allgeier.com\/de\/wp-json\/wp\/v2\/pages\/1781"}],"wp:attachment":[{"href":"https:\/\/www.allgeier.com\/de\/wp-json\/wp\/v2\/media?parent=1810"}],"wp:term":[{"taxonomy":"category","embeddable":true,"href":"https:\/\/www.allgeier.com\/de\/wp-json\/wp\/v2\/categories?post=1810"},{"taxonomy":"post_tag","embeddable":true,"href":"https:\/\/www.allgeier.com\/de\/wp-json\/wp\/v2\/tags?post=1810"}],"curies":[{"name":"wp","href":"https:\/\/api.w.org\/{rel}","templated":true}]}}