{"id":1813,"date":"2015-03-17T05:36:42","date_gmt":"2015-03-17T05:36:42","guid":{"rendered":"http:\/\/www.allgeier.com\/de\/?page_id=1813"},"modified":"2025-02-05T18:23:57","modified_gmt":"2025-02-05T18:23:57","slug":"17032015-2","status":"publish","type":"page","link":"https:\/\/www.allgeier.com\/de\/pressroom\/press-releases\/17032015-2\/","title":{"rendered":"17032015"},"content":{"rendered":"<p><b>Aufbau einer divisions\u00fcbergreifenden Vertriebs- und Liefereinheit mit Schwerpunkt Cloud-, Microsoft- und Managed Services<\/b><\/p>\n<p><i>Bremen, <\/i><i>17. M\u00e4rz 2015<\/i><i>\u2013 <\/i>Mit dem Diplomkaufmann Mike Wagner baut die Allgeier IT Solutions AG ihre Vertriebs- und Lieferkompetenz divisions\u00fcbergreifend aus. Herr Wagner \u00fcbernimmt den Auf- und Ausbau einer \u00fcbergeordneten Vertriebs- und Liefereinheit mit Schwerpunkt auf L\u00f6sungen und Dienstleistungen insbesondere im Umfeld Cloud-, Microsoft- und Managed Services. Ziel ist es, das gemeinsame Portfolio der zur Division Allgeier IT Solutions AG geh\u00f6renden Gesellschaften aus der Dachgesellschaft heraus bei Bestands- und Neukunden integrativer zu vermarkten und auszuliefern. Die IT-Strategien der Kundenunternehmen sollen damit noch besser unterst\u00fctzt und umgesetzt werden. Dazu wird Herr Wagner eng mit den einzelnen Divisionsgesellschaften zusammenarbeiten und diese auch durch seine langj\u00e4hrige Leitungs- und F\u00fchrungserfahrung aktiv unterst\u00fctzen.<\/p>\n<p>Herr Wagners langj\u00e4hrige Managementerfahrung, zusammen mit seiner Vertriebs-, Betriebs- und Beratungs-Expertise in den Bereichen IT- und Kommunikation, Outsourcing, Managed Services und Cloud\/SaaS-L\u00f6sungen, wird die Wettbewerbsf\u00e4higkeit der Division in diesem Umfeld st\u00e4rken sowie neue M\u00f6glichkeiten er\u00f6ffnen, \u00fcber die Allgeier IT Solutions AG weitere Kundengruppen zu adressieren.<\/p>\n<p>\u201eIch freue mich, meine Erfahrung bei Allgeier einbringen zu k\u00f6nnen und die Unternehmen der Division dabei zu unterst\u00fctzen, die kontinuierlich zunehmende Kundennachfrage nach ganzheitlichen L\u00f6sungen wie Managed Services und Cloud Solutions zu bedienen. Die abgestimmte und fokussierte Gesch\u00e4ftsfeldentwicklung \u00fcber bestehende Anwendungs-, Branchen- und L\u00f6sungsumfelder hinweg wird uns neue Kundensegmente erschlie\u00dfen und die gute Marktpositionierung von Allgeier weiter ausbauen\u201c, erkl\u00e4rt Mike Wagner.<\/p>\n<p>Mike Wagner ist als F\u00fchrungskraft seit mehr als 15 Jahren erfolgreich in der ITK-Branche t\u00e4tig und verantwortete in verschiedenen Managementpositionen in den letzten Jahren sowohl die Leistungserbringung als auch Service Strategie und vertriebliche Aktivit\u00e4ten zu Schwerpunkten wie Outsourcing, Consulting und Cloud Computing.<\/p>\n<p>\u201eAls ganzheitlicher Partner der IT-Industrie unterst\u00fctzen wir unsere Kunden, ihre Gesch\u00e4ftsstrategien in allen Belangen rund um die IT umzusetzen \u2013 von der L\u00f6sungsentwicklung \u00fcber Infrastruktur- bis hin zu Cloud-L\u00f6sungen-Betrieb und IT-Support. Mit Mike Wagner haben wir f\u00fcr die Gesch\u00e4ftsleitung eine F\u00fchrungsperson gefunden, die unsere Vertriebs- und Serviceprozesse weiter optimieren wird und speziell im Cloud Business die Erfahrung mitbringt, unseren Kunden ausgefeilte L\u00f6sungen und Services anzubieten\u201c, so Hubert Rohrer, Vorstand der Allgeier Gruppe.<\/p>\n<p class=\"KeinLeerraum1\"><b><br \/>\n\u00dcber Allgeier IT Solutions:<\/b><\/p>\n<p>Die Allgeier IT Solutions AG mit Sitz in M\u00fcnchen ist Teil der b\u00f6rsennotierten Allgeier SE und hat sich auf die Entwicklung, Vermarktung und Umsetzung ganzheitlicher L\u00f6sungen und Services in den Bereichen Cloud Solutions, Enterprise Content Management (ECM), Business Solutions (ERP), Business Process Management, HealthCare-IT, Compliance &amp; Security und Business Services spezialisiert. Das umfassende Leistungsspektrum von vollst\u00e4ndig integrierten IT L\u00f6sungen wie scanview (ECM), Microsoft-L\u00f6sungen SharePoint, Lync, NAV und CRM oder Security L\u00f6sungen wie JULIA MailOffice (E-Mail-Security) und IT Services aus einer Hand macht Allgeier IT Solutions, mit deutschlandweiten Standorten sowie Dependancen in \u00d6sterreich und Polen, zu einem kompetenten und zuverl\u00e4ssigen IT Partner f\u00fcr mittelst\u00e4ndische und gro\u00dfe Unternehmen. Das fl\u00e4chendeckende Vertriebs- und Servicenetz wird erg\u00e4nzt durch ein europaweites Partnernetzwerk. Die Muttergesellschaft Allgeier SE erwirtschaftete 2013 einen Umsatz von 478 Mio. EUR und verf\u00fcgt \u00fcber mehr als 100 Standorte in Europa, Asien und Amerika. Im Rahmen der allj\u00e4hrlichen Kundenumfrage von COMPUTERWOCHE und ChannelPartner wurde Allgeier zum \u201eBesten Systemhaus 2013\u201c gew\u00e4hlt.<\/p>\n<p><a href=\"https:\/\/www.allgeier.com\/de\/wp-content\/uploads\/sites\/3\/2015\/04\/Allgeier-solution-ag.png\"><img loading=\"lazy\" decoding=\"async\" class=\"alignnone  wp-image-1814\" src=\"https:\/\/www.allgeier.com\/de\/wp-content\/uploads\/sites\/3\/2015\/04\/Allgeier-solution-ag.png\" alt=\"Allgeier-solution-ag\" width=\"228\" height=\"62\" \/><\/a><\/p>\n<p>&nbsp;<\/p>\n","protected":false},"excerpt":{"rendered":"<p>Aufbau einer divisions\u00fcbergreifenden Vertriebs- und Liefereinheit mit Schwerpunkt Cloud-, Microsoft- und Managed Services Bremen, 17. M\u00e4rz 2015\u2013 Mit dem Diplomkaufmann Mike Wagner baut die Allgeier IT Solutions AG ihre Vertriebs- und Lieferkompetenz divisions\u00fcbergreifend aus. Herr Wagner \u00fcbernimmt den Auf- und Ausbau einer \u00fcbergeordneten Vertriebs- und Liefereinheit mit Schwerpunkt auf L\u00f6sungen und Dienstleistungen insbesondere im Umfeld &hellip; <\/p>\n","protected":false},"author":1,"featured_media":0,"parent":1169,"menu_order":0,"comment_status":"open","ping_status":"open","template":"","meta":{"_acf_changed":false,"footnotes":""},"categories":[7],"tags":[],"class_list":["post-1813","page","type-page","status-publish","hentry","category-pressemitteilungen"],"acf":[],"yoast_head":"<!-- This site is optimized with the Yoast SEO plugin v27.4 - https:\/\/yoast.com\/product\/yoast-seo-wordpress\/ -->\n<title>17032015 - Allgeier SE<\/title>\n<meta name=\"robots\" content=\"index, follow, max-snippet:-1, max-image-preview:large, max-video-preview:-1\" \/>\n<link rel=\"canonical\" href=\"https:\/\/www.allgeier.com\/de\/pressroom\/press-releases\/17032015-2\/\" \/>\n<meta property=\"og:locale\" content=\"de_DE\" \/>\n<meta property=\"og:type\" content=\"article\" \/>\n<meta property=\"og:title\" content=\"17032015 - Allgeier SE\" \/>\n<meta property=\"og:description\" content=\"Aufbau einer divisions\u00fcbergreifenden Vertriebs- und Liefereinheit mit Schwerpunkt Cloud-, Microsoft- und Managed Services Bremen, 17. M\u00e4rz 2015\u2013 Mit dem Diplomkaufmann Mike Wagner baut die Allgeier IT Solutions AG ihre Vertriebs- und Lieferkompetenz divisions\u00fcbergreifend aus. Herr Wagner \u00fcbernimmt den Auf- und Ausbau einer \u00fcbergeordneten Vertriebs- und Liefereinheit mit Schwerpunkt auf L\u00f6sungen und Dienstleistungen insbesondere im Umfeld &hellip;\" \/>\n<meta property=\"og:url\" content=\"https:\/\/www.allgeier.com\/de\/pressroom\/press-releases\/17032015-2\/\" \/>\n<meta property=\"og:site_name\" content=\"Allgeier SE\" \/>\n<meta property=\"article:modified_time\" content=\"2025-02-05T18:23:57+00:00\" \/>\n<meta property=\"og:image\" content=\"https:\/\/www.allgeier.com\/de\/wp-content\/uploads\/sites\/3\/2015\/04\/Allgeier-solution-ag.png\" \/>\n\t<meta property=\"og:image:width\" content=\"232\" \/>\n\t<meta property=\"og:image:height\" content=\"63\" \/>\n\t<meta property=\"og:image:type\" content=\"image\/png\" \/>\n<meta name=\"twitter:card\" content=\"summary_large_image\" \/>\n<meta name=\"twitter:label1\" content=\"Gesch\u00e4tzte Lesezeit\" \/>\n\t<meta name=\"twitter:data1\" content=\"3\u00a0Minuten\" \/>\n<script type=\"application\/ld+json\" class=\"yoast-schema-graph\">{\"@context\":\"https:\\\/\\\/schema.org\",\"@graph\":[{\"@type\":\"WebPage\",\"@id\":\"https:\\\/\\\/www.allgeier.com\\\/de\\\/pressroom\\\/press-releases\\\/17032015-2\\\/\",\"url\":\"https:\\\/\\\/www.allgeier.com\\\/de\\\/pressroom\\\/press-releases\\\/17032015-2\\\/\",\"name\":\"17032015 - Allgeier SE\",\"isPartOf\":{\"@id\":\"https:\\\/\\\/www.allgeier.com\\\/de\\\/#website\"},\"primaryImageOfPage\":{\"@id\":\"https:\\\/\\\/www.allgeier.com\\\/de\\\/pressroom\\\/press-releases\\\/17032015-2\\\/#primaryimage\"},\"image\":{\"@id\":\"https:\\\/\\\/www.allgeier.com\\\/de\\\/pressroom\\\/press-releases\\\/17032015-2\\\/#primaryimage\"},\"thumbnailUrl\":\"https:\\\/\\\/www.allgeier.com\\\/de\\\/wp-content\\\/uploads\\\/sites\\\/3\\\/2015\\\/04\\\/Allgeier-solution-ag.png\",\"datePublished\":\"2015-03-17T05:36:42+00:00\",\"dateModified\":\"2025-02-05T18:23:57+00:00\",\"breadcrumb\":{\"@id\":\"https:\\\/\\\/www.allgeier.com\\\/de\\\/pressroom\\\/press-releases\\\/17032015-2\\\/#breadcrumb\"},\"inLanguage\":\"de\",\"potentialAction\":[{\"@type\":\"ReadAction\",\"target\":[\"https:\\\/\\\/www.allgeier.com\\\/de\\\/pressroom\\\/press-releases\\\/17032015-2\\\/\"]}]},{\"@type\":\"ImageObject\",\"inLanguage\":\"de\",\"@id\":\"https:\\\/\\\/www.allgeier.com\\\/de\\\/pressroom\\\/press-releases\\\/17032015-2\\\/#primaryimage\",\"url\":\"https:\\\/\\\/www.allgeier.com\\\/de\\\/wp-content\\\/uploads\\\/sites\\\/3\\\/2015\\\/04\\\/Allgeier-solution-ag.png\",\"contentUrl\":\"https:\\\/\\\/www.allgeier.com\\\/de\\\/wp-content\\\/uploads\\\/sites\\\/3\\\/2015\\\/04\\\/Allgeier-solution-ag.png\"},{\"@type\":\"BreadcrumbList\",\"@id\":\"https:\\\/\\\/www.allgeier.com\\\/de\\\/pressroom\\\/press-releases\\\/17032015-2\\\/#breadcrumb\",\"itemListElement\":[{\"@type\":\"ListItem\",\"position\":1,\"name\":\"Home\",\"item\":\"https:\\\/\\\/www.allgeier.com\\\/de\\\/\"},{\"@type\":\"ListItem\",\"position\":2,\"name\":\"Presse\",\"item\":\"https:\\\/\\\/www.allgeier.com\\\/de\\\/pressroom\\\/\"},{\"@type\":\"ListItem\",\"position\":3,\"name\":\"Pressemitteilungen\",\"item\":\"https:\\\/\\\/www.allgeier.com\\\/de\\\/pressroom\\\/press-releases\\\/\"},{\"@type\":\"ListItem\",\"position\":4,\"name\":\"17032015\"}]},{\"@type\":\"WebSite\",\"@id\":\"https:\\\/\\\/www.allgeier.com\\\/de\\\/#website\",\"url\":\"https:\\\/\\\/www.allgeier.com\\\/de\\\/\",\"name\":\"Allgeier SE\",\"description\":\"Software &amp; IT Services for digital transformation\",\"potentialAction\":[{\"@type\":\"SearchAction\",\"target\":{\"@type\":\"EntryPoint\",\"urlTemplate\":\"https:\\\/\\\/www.allgeier.com\\\/de\\\/?s={search_term_string}\"},\"query-input\":{\"@type\":\"PropertyValueSpecification\",\"valueRequired\":true,\"valueName\":\"search_term_string\"}}],\"inLanguage\":\"de\"}]}<\/script>\n<!-- \/ Yoast SEO plugin. -->","yoast_head_json":{"title":"17032015 - Allgeier SE","robots":{"index":"index","follow":"follow","max-snippet":"max-snippet:-1","max-image-preview":"max-image-preview:large","max-video-preview":"max-video-preview:-1"},"canonical":"https:\/\/www.allgeier.com\/de\/pressroom\/press-releases\/17032015-2\/","og_locale":"de_DE","og_type":"article","og_title":"17032015 - Allgeier SE","og_description":"Aufbau einer divisions\u00fcbergreifenden Vertriebs- und Liefereinheit mit Schwerpunkt Cloud-, Microsoft- und Managed Services Bremen, 17. M\u00e4rz 2015\u2013 Mit dem Diplomkaufmann Mike Wagner baut die Allgeier IT Solutions AG ihre Vertriebs- und Lieferkompetenz divisions\u00fcbergreifend aus. Herr Wagner \u00fcbernimmt den Auf- und Ausbau einer \u00fcbergeordneten Vertriebs- und Liefereinheit mit Schwerpunkt auf L\u00f6sungen und Dienstleistungen insbesondere im Umfeld &hellip;","og_url":"https:\/\/www.allgeier.com\/de\/pressroom\/press-releases\/17032015-2\/","og_site_name":"Allgeier SE","article_modified_time":"2025-02-05T18:23:57+00:00","og_image":[{"width":232,"height":63,"url":"https:\/\/www.allgeier.com\/de\/wp-content\/uploads\/sites\/3\/2015\/04\/Allgeier-solution-ag.png","type":"image\/png"}],"twitter_card":"summary_large_image","twitter_misc":{"Gesch\u00e4tzte Lesezeit":"3\u00a0Minuten"},"schema":{"@context":"https:\/\/schema.org","@graph":[{"@type":"WebPage","@id":"https:\/\/www.allgeier.com\/de\/pressroom\/press-releases\/17032015-2\/","url":"https:\/\/www.allgeier.com\/de\/pressroom\/press-releases\/17032015-2\/","name":"17032015 - Allgeier SE","isPartOf":{"@id":"https:\/\/www.allgeier.com\/de\/#website"},"primaryImageOfPage":{"@id":"https:\/\/www.allgeier.com\/de\/pressroom\/press-releases\/17032015-2\/#primaryimage"},"image":{"@id":"https:\/\/www.allgeier.com\/de\/pressroom\/press-releases\/17032015-2\/#primaryimage"},"thumbnailUrl":"https:\/\/www.allgeier.com\/de\/wp-content\/uploads\/sites\/3\/2015\/04\/Allgeier-solution-ag.png","datePublished":"2015-03-17T05:36:42+00:00","dateModified":"2025-02-05T18:23:57+00:00","breadcrumb":{"@id":"https:\/\/www.allgeier.com\/de\/pressroom\/press-releases\/17032015-2\/#breadcrumb"},"inLanguage":"de","potentialAction":[{"@type":"ReadAction","target":["https:\/\/www.allgeier.com\/de\/pressroom\/press-releases\/17032015-2\/"]}]},{"@type":"ImageObject","inLanguage":"de","@id":"https:\/\/www.allgeier.com\/de\/pressroom\/press-releases\/17032015-2\/#primaryimage","url":"https:\/\/www.allgeier.com\/de\/wp-content\/uploads\/sites\/3\/2015\/04\/Allgeier-solution-ag.png","contentUrl":"https:\/\/www.allgeier.com\/de\/wp-content\/uploads\/sites\/3\/2015\/04\/Allgeier-solution-ag.png"},{"@type":"BreadcrumbList","@id":"https:\/\/www.allgeier.com\/de\/pressroom\/press-releases\/17032015-2\/#breadcrumb","itemListElement":[{"@type":"ListItem","position":1,"name":"Home","item":"https:\/\/www.allgeier.com\/de\/"},{"@type":"ListItem","position":2,"name":"Presse","item":"https:\/\/www.allgeier.com\/de\/pressroom\/"},{"@type":"ListItem","position":3,"name":"Pressemitteilungen","item":"https:\/\/www.allgeier.com\/de\/pressroom\/press-releases\/"},{"@type":"ListItem","position":4,"name":"17032015"}]},{"@type":"WebSite","@id":"https:\/\/www.allgeier.com\/de\/#website","url":"https:\/\/www.allgeier.com\/de\/","name":"Allgeier SE","description":"Software &amp; IT Services for digital transformation","potentialAction":[{"@type":"SearchAction","target":{"@type":"EntryPoint","urlTemplate":"https:\/\/www.allgeier.com\/de\/?s={search_term_string}"},"query-input":{"@type":"PropertyValueSpecification","valueRequired":true,"valueName":"search_term_string"}}],"inLanguage":"de"}]}},"_links":{"self":[{"href":"https:\/\/www.allgeier.com\/de\/wp-json\/wp\/v2\/pages\/1813","targetHints":{"allow":["GET"]}}],"collection":[{"href":"https:\/\/www.allgeier.com\/de\/wp-json\/wp\/v2\/pages"}],"about":[{"href":"https:\/\/www.allgeier.com\/de\/wp-json\/wp\/v2\/types\/page"}],"author":[{"embeddable":true,"href":"https:\/\/www.allgeier.com\/de\/wp-json\/wp\/v2\/users\/1"}],"replies":[{"embeddable":true,"href":"https:\/\/www.allgeier.com\/de\/wp-json\/wp\/v2\/comments?post=1813"}],"version-history":[{"count":0,"href":"https:\/\/www.allgeier.com\/de\/wp-json\/wp\/v2\/pages\/1813\/revisions"}],"up":[{"embeddable":true,"href":"https:\/\/www.allgeier.com\/de\/wp-json\/wp\/v2\/pages\/1169"}],"wp:attachment":[{"href":"https:\/\/www.allgeier.com\/de\/wp-json\/wp\/v2\/media?parent=1813"}],"wp:term":[{"taxonomy":"category","embeddable":true,"href":"https:\/\/www.allgeier.com\/de\/wp-json\/wp\/v2\/categories?post=1813"},{"taxonomy":"post_tag","embeddable":true,"href":"https:\/\/www.allgeier.com\/de\/wp-json\/wp\/v2\/tags?post=1813"}],"curies":[{"name":"wp","href":"https:\/\/api.w.org\/{rel}","templated":true}]}}