{"id":1823,"date":"2015-02-10T13:02:00","date_gmt":"2015-02-10T13:02:00","guid":{"rendered":"http:\/\/www.allgeier.com\/de\/?page_id=1823"},"modified":"2026-04-10T09:59:32","modified_gmt":"2026-04-10T09:59:32","slug":"financial-stock-information","status":"publish","type":"page","link":"https:\/\/www.allgeier.com\/de\/investor-relations\/financial-stock-information\/","title":{"rendered":"Financial &amp; Stock Information"},"content":{"rendered":"<p><!-- OK Financial &amp; Stock Information https:\/\/www.allgeier.com\/de\/wp-admin\/post.php?post=1823&action=edit --><\/p>\n<p><img loading=\"lazy\" decoding=\"async\" class=\"img-responsive appendT15 alignnone\" src=\"https:\/\/www.allgeier.com\/de\/wp-content\/uploads\/sites\/3\/2025\/07\/Bekanntmachung_Allgeier-Frankfurter-Boerse.jpg\" alt=\"\" width=\"593\" height=\"237\" \/><\/p>\n<p>Eine offene, umfassende und kontinuierliche Kommunikation mit allen Investoren und der Financial Community ist uns wichtig. Wir bieten Ihnen aktuelle und umfassende Informationen zu unserer Aktie und zur Gesch\u00e4ftsentwicklung, Analystenempfehlungen und News. Wenn Sie weitere Fragen haben, z\u00f6gern Sie bitte nicht, unser IR-Team zu kontaktieren.<\/p>\n<div class=\"fieldset\">\n<div class=\"fieldbox\">\n<div class=\"legend\">Adhoc Announcements<\/div>\n<div class=\"inner\"><div class=\"row\"><div class=\"col-md-12 votingContent\">  <span class=\"pub_date\">26.03.2026 - <\/span><span>Allgeier SE: Allgeier erreicht die Ergebnis-Guidance f\u00fcr 2025 und verst\u00e4rkt die Fokussierung auf KI\u2011basierte Plattformtechnologien und Softwarel\u00f6sungen<\/span><\/div><div class=\"col-md-12 votingMoreDiv\"><a class=\"moreButton\" target=\"_self\" href=\"https:\/\/www.allgeier.com\/de\/investor-relations\/adhoc-announcements\/es-26032026\/\">Mehr<\/a><\/div><div class=\"col-md-12 votingContent\">  <span class=\"pub_date\">18.12.2025 - <\/span><span>Allgeier SE: Guidance f\u00fcr das Gesch\u00e4ftsjahr 2026 und Aktienr\u00fcckkauf<\/span><\/div><div class=\"col-md-12 votingMoreDiv\"><a class=\"moreButton\" target=\"_self\" href=\"https:\/\/www.allgeier.com\/de\/investor-relations\/adhoc-announcements\/guidance-fuer-das-geschaeftsjahr-2026-und-aktienrueckkauf\/\">Mehr<\/a><\/div><div class=\"col-md-12 votingContent\">  <span class=\"pub_date\">05.11.2025 - <\/span><span>Allgeier SE: Operatives Ergebnis im dritten Quartal 2025 \u00fcbersteigt das operative Ergebnis des Vorjahresquartals<\/span><\/div><div class=\"col-md-12 votingMoreDiv\"><a class=\"moreButton\" target=\"_self\" href=\"https:\/\/www.allgeier.com\/de\/investor-relations\/adhoc-announcements\/es-05112025-2\/\">Mehr<\/a><\/div><\/div><\/div>\n<\/div>\n<\/div>\n<div class=\"fieldset\">\n<div class=\"fieldbox\">\n<div class=\"legend\">Aktieninformation<\/div>\n<div class=\"inner\">\n<div class=\"sectionH540 sectionHeading\">Basisdaten<\/div>\n<p><iframe style=\"border: none; width: 100%; height: 800px;\" src=\"https:\/\/xms.deutsche-boerse.com\/api\/v1\/chartmodule?ISIN=DE000A2GS633&#038;LANG=de&#038;CHARTCOLOR=f8f8ff&#038;CHARTGRIDCOLOR=e4e4e4&#038;LINECOLOR=0064fa&#038;COMPARELINECOLOR=18ead7&#038;SECONDCOMPARELINECOLOR=434343&#038;THIRDCOMPARELINECOLOR=434343&#038;BTNCOLOR=0064fa&#038;BTNTEXTCOLOR=f8f8ff&#038;BTNHOVERCOLOR=18ead7&#038;BTNHOVERTEXTCOLOR=000000&#038;BRANDTEXTCOLOR=0064fa&#038;BOXTITLECOLOR=0064fa&#038;BOXHEADERTEXTCOLOR=0064fa&#038;WITHVOLUMECHART=true&#038;VOLUMECHARTCOLOR=0064fa&#038;BGCOLOR=ffffff\" scrolling=\"no\"><\/iframe><\/p>\n\n<div class=\"sectionH540 sectionHeading\">Stammdaten<\/div>\n<table class=\"appendT10 table\">\n<tbody>\n<tr class=\"SCC720\">\n<td class=\"SCC720LC\">Notierung<\/td>\n<td class=\"SCC720RC\">Regulierter Markt in Frankfurt (General Standard); Freiverkehr in Berlin-Bremen, D\u00fcsseldorf, Hamburg, Hannover und Stuttgart<\/td>\n<\/tr>\n<tr class=\"SCC720\">\n<td class=\"SCC720LC\">ISIN<\/td>\n<td class=\"SCC720RC\">DE000A2GS633<\/td>\n<\/tr>\n<tr class=\"SCC720\">\n<td class=\"SCC720LC\">WKN<\/td>\n<td class=\"SCC720RC\">A2GS63<\/td>\n<\/tr>\n<tr class=\"SCC720\">\n<td class=\"SCC720LC\">Aktienanzahl<\/td>\n<td class=\"SCC720RC\"><span data-teams=\"true\">11.501.613<\/span><\/td>\n<\/tr>\n<tr class=\"SCC720\">\n<td class=\"SCC720LC\">Index<\/td>\n<td class=\"SCC720RC\">General Standard<\/td>\n<\/tr>\n<tr class=\"SCC720\">\n<td class=\"SCC720LC\">Branche<\/td>\n<td class=\"SCC720RC\">Informationstechnologie<\/td>\n<\/tr>\n<\/tbody>\n<\/table>\n<div class=\"clear appendB15\"><\/div>\n<div class=\"row\">\n<div class=\"block350 col-md-6\">\n<div class=\"sectionH540 sectionHeading\">Aktion\u00e4rsstruktur<\/div>\n<div class=\"sectionCC sectionCCmid\">\n<p>Details anzeigen zur Aktion\u00e4rsstruktur<\/p>\n<div class=\"appendB20\"><a class=\"moreButton\" href=\"#myModal1\" data-toggle=\"modal\">Mehr<\/a><\/div>\n<div id=\"myModal1\" class=\"modal ssModal fade\">\n<div class=\"modal-dialog\">\n<div class=\"modal-content\">\n<div class=\"modal-body\">\n<div class=\"block1PopupHeading\"><span class=\"headingBlkCPart\"><span class=\"\">Aktion\u00e4rsstruktur*<\/span><span class=\"floatR popupCloseImgOuter\"><img loading=\"lazy\" decoding=\"async\" class=\"popupCloseImg\" src=\"https:\/\/www.allgeier.com\/en\/wp-content\/themes\/allegier_english\/images\/popupClose.png\" alt=\"\" width=\"20\" height=\"20\" \/><\/span><\/span><\/div>\n<div class=\"block1PopupContent\">\n<div class=\"pieImg\"><img decoding=\"async\" src=\"https:\/\/www.allgeier.com\/de\/wp-content\/uploads\/sites\/3\/2026\/03\/Pie-Chart-Aktionaersstruktur.png\" alt=\"Diagramm Aktion\u00e4rsstruktur\" width=\"90%\" height=\"auto\" \/><\/div>\n<div class=\"clear\"><\/div>\n<p><span class=\"textCS10\">*Soweit der Gesellschaft bekannt (teilweise gesch\u00e4tzt), institutionelle Best\u00e4nde gem\u00e4\u00df Stimmrechtsmitteilungen<\/span><\/p>\n<div class=\"row\">\n<div style=\"margin-left: 10px;\">\n<div class=\"floatL\"><\/div>\n<div class=\"textCS152b\">Aufsichtsrat, Vorstand 41%<\/div>\n<div class=\"floatL\"><\/div>\n<div class=\"textCS152b\">Institutionelle Investoren 3%<\/div>\n<div class=\"floatL\"><\/div>\n<div class=\"textCS152b\">Free Float 56%<\/div>\n<\/div>\n<\/div>\n<div style=\"clear: both;\"><\/div>\n<div class=\"appendT40\"><span class=\"textCS10\">Aktienanzahl: 11.501.613<\/span><br \/>\n<span class=\"textCS10\">Stand: 31.12.2025<\/span><\/div>\n<\/div>\n<\/div>\n<\/div>\n<\/div>\n<\/div>\n<\/div>\n<\/div>\n<div class=\"block350 col-md-6\">\n<div class=\"sectionH540 sectionHeading\">Aktienr\u00fcckkauf<\/div>\n<div class=\"sectionCC sectionCCmid \">\n<p>Details anzeigen zum Aktienr\u00fcckkauf<\/p>\n<div class=\"appendB20\"><a class=\"moreButton\" href=\"https:\/\/www.allgeier.com\/de\/investor-relations\/share-buyback\/\">Mehr<\/a><\/div>\n<\/div>\n<\/div>\n<\/div>\n<\/div>\n<\/div>\n<\/div>\n<div class=\"clear appendB15\"><\/div>\n<div class=\"row\">\n<div class=\"block350 col-md-6\">\n<div class=\"sectionH540 sectionHeading \">Finanzanalysen<\/div>\n<div class=\"sectionCC sectionCCmid \">\n<p>Hier finden Sie aktuelle Analystenreports zu unserem Unternehmen<\/p>\n<div class=\"appendB20\"><a class=\"moreButton\" href=\"https:\/\/www.allgeier.com\/de\/investor-relations\/analyst-reports\/\">Mehr<\/a><\/div>\n<\/div>\n<\/div>\n<div class=\"block350 col-md-6\">\n<div class=\"sectionH540 sectionHeading\">Finanzkennzahlen<\/div>\n<div class=\"sectionCC sectionCCmid\">\n<p>Hier finden Sie Charts zu unseren aktuellen Finanzkennzahlen.<\/p>\n<div class=\"appendB20\"><a class=\"moreButton\" href=\"#myModal2\" data-toggle=\"modal\">Mehr<\/a><\/div>\n<div id=\"myModal2\" class=\"modal fade\">\n<div class=\"modal-dialog\">\n<div class=\"modal-content\">\n<div class=\"modal-header\">\n<div class=\"block1PopupHeading\"><span class=\"headingBlkCPart\">Konzernkennzahlen*<span class=\"floatR popupCloseImgOuter\"><img loading=\"lazy\" decoding=\"async\" class=\"popupCloseImg\" src=\"https:\/\/www.allgeier.com\/en\/wp-content\/themes\/allegier_english\/images\/popupClose.png\" alt=\"\" width=\"20\" height=\"20\" \/><\/span><\/span><\/div>\n<\/div>\n<div class=\"modal-body\">\n<div class=\"block1PopupContent increase-max-height\">\n<div class=\"row chart-area\">\n<div class=\"col-md-6 col-sm-6 col-ms-6 col-xs-12\">\n<div class=\"chart-title font-size-small\">Umsatz<\/div>\n<div class=\"chart-img\"><img decoding=\"async\" class=\"img-responsive\" title=\"Umsatz\" src=\"https:\/\/www.allgeier.com\/de\/wp-content\/uploads\/sites\/3\/2026\/03\/2025-2020-Revenue.png\" alt=\"Umsatz\" \/><\/div>\n<\/div>\n<div class=\"col-md-6 col-sm-6 col-ms-6 col-xs-12 pull-down\">\n<div class=\"chart-title font-size-small\">Bereinigtes EBITDA<\/div>\n<div class=\"chart-img\"><img decoding=\"async\" class=\"img-responsive\" title=\"Bereinigtes EBITDA\" src=\"https:\/\/www.allgeier.com\/de\/wp-content\/uploads\/sites\/3\/2026\/03\/2025-2020-Adj-EBITDA.png\" alt=\"Bereinigtes EBITDA\" \/><\/div>\n<\/div>\n<div class=\"clearfix appendB20 hidden-xs\"><\/div>\n<div class=\"col-md-6 col-sm-6 col-ms-6 col-xs-12\">\n<div class=\"chart-title font-size-small\">EBITDA<\/div>\n<div class=\"chart-img\"><img decoding=\"async\" class=\"img-responsive\" title=\"EBITDA\" src=\"https:\/\/www.allgeier.com\/de\/wp-content\/uploads\/sites\/3\/2026\/03\/2025-2020-EBITDA.png\" alt=\"EBITDA\" \/><\/div>\n<\/div>\n<div class=\"clearfix appendB20 hidden-xs\"><\/div>\n<div class=\"col-md-12 col-sm-12 col-ms-12 col-xs-12 top5\">*Fortgef\u00fchrtes Gesch\u00e4ft nach IFRS einschlie\u00dflich nach IFRS geforderter r\u00fcckwirkender Anpassungen, Angaben in Mio. EUR (soweit nicht anders vermerkt)<\/div>\n<\/div>\n<\/div>\n<\/div>\n<\/div>\n<\/div>\n<\/div>\n<\/div>\n<\/div>\n<\/div>\n","protected":false},"excerpt":{"rendered":"<p>Eine offene, umfassende und kontinuierliche Kommunikation mit allen Investoren und der Financial Community ist uns wichtig. Wir bieten Ihnen aktuelle und umfassende Informationen zu unserer Aktie und zur Gesch\u00e4ftsentwicklung, Analystenempfehlungen und News. Wenn Sie weitere Fragen haben, z\u00f6gern Sie bitte nicht, unser IR-Team zu kontaktieren. Adhoc Announcements Aktieninformation Basisdaten Stammdaten Notierung Regulierter Markt in Frankfurt &hellip; <\/p>\n","protected":false},"author":1,"featured_media":0,"parent":1143,"menu_order":0,"comment_status":"open","ping_status":"open","template":"","meta":{"_acf_changed":false,"footnotes":""},"categories":[],"tags":[],"class_list":["post-1823","page","type-page","status-publish","hentry"],"acf":[],"yoast_head":"<!-- This site is optimized with the Yoast SEO plugin v27.4 - https:\/\/yoast.com\/product\/yoast-seo-wordpress\/ -->\n<title>Financial &amp; Stock Information - Allgeier SE<\/title>\n<meta name=\"robots\" content=\"index, follow, max-snippet:-1, max-image-preview:large, max-video-preview:-1\" \/>\n<link rel=\"canonical\" href=\"https:\/\/www.allgeier.com\/de\/investor-relations\/financial-stock-information\/\" \/>\n<meta property=\"og:locale\" content=\"de_DE\" \/>\n<meta property=\"og:type\" content=\"article\" \/>\n<meta property=\"og:title\" content=\"Financial &amp; Stock Information - Allgeier SE\" \/>\n<meta property=\"og:description\" content=\"Eine offene, umfassende und kontinuierliche Kommunikation mit allen Investoren und der Financial Community ist uns wichtig. Wir bieten Ihnen aktuelle und umfassende Informationen zu unserer Aktie und zur Gesch\u00e4ftsentwicklung, Analystenempfehlungen und News. Wenn Sie weitere Fragen haben, z\u00f6gern Sie bitte nicht, unser IR-Team zu kontaktieren. Adhoc Announcements Aktieninformation Basisdaten Stammdaten Notierung Regulierter Markt in Frankfurt &hellip;\" \/>\n<meta property=\"og:url\" content=\"https:\/\/www.allgeier.com\/de\/investor-relations\/financial-stock-information\/\" \/>\n<meta property=\"og:site_name\" content=\"Allgeier SE\" \/>\n<meta property=\"article:modified_time\" content=\"2026-04-10T09:59:32+00:00\" \/>\n<meta property=\"og:image\" content=\"https:\/\/www.allgeier.com\/de\/wp-content\/uploads\/sites\/3\/2025\/07\/Bekanntmachung_Allgeier-Frankfurter-Boerse.jpg\" \/>\n<meta name=\"twitter:card\" content=\"summary_large_image\" \/>\n<meta name=\"twitter:label1\" content=\"Gesch\u00e4tzte Lesezeit\" \/>\n\t<meta name=\"twitter:data1\" content=\"3\u00a0Minuten\" \/>\n<script type=\"application\/ld+json\" class=\"yoast-schema-graph\">{\"@context\":\"https:\\\/\\\/schema.org\",\"@graph\":[{\"@type\":\"WebPage\",\"@id\":\"https:\\\/\\\/www.allgeier.com\\\/de\\\/investor-relations\\\/financial-stock-information\\\/\",\"url\":\"https:\\\/\\\/www.allgeier.com\\\/de\\\/investor-relations\\\/financial-stock-information\\\/\",\"name\":\"Financial &amp; Stock Information - Allgeier SE\",\"isPartOf\":{\"@id\":\"https:\\\/\\\/www.allgeier.com\\\/de\\\/#website\"},\"primaryImageOfPage\":{\"@id\":\"https:\\\/\\\/www.allgeier.com\\\/de\\\/investor-relations\\\/financial-stock-information\\\/#primaryimage\"},\"image\":{\"@id\":\"https:\\\/\\\/www.allgeier.com\\\/de\\\/investor-relations\\\/financial-stock-information\\\/#primaryimage\"},\"thumbnailUrl\":\"https:\\\/\\\/www.allgeier.com\\\/de\\\/wp-content\\\/uploads\\\/sites\\\/3\\\/2025\\\/07\\\/Bekanntmachung_Allgeier-Frankfurter-Boerse.jpg\",\"datePublished\":\"2015-02-10T13:02:00+00:00\",\"dateModified\":\"2026-04-10T09:59:32+00:00\",\"breadcrumb\":{\"@id\":\"https:\\\/\\\/www.allgeier.com\\\/de\\\/investor-relations\\\/financial-stock-information\\\/#breadcrumb\"},\"inLanguage\":\"de\",\"potentialAction\":[{\"@type\":\"ReadAction\",\"target\":[\"https:\\\/\\\/www.allgeier.com\\\/de\\\/investor-relations\\\/financial-stock-information\\\/\"]}]},{\"@type\":\"ImageObject\",\"inLanguage\":\"de\",\"@id\":\"https:\\\/\\\/www.allgeier.com\\\/de\\\/investor-relations\\\/financial-stock-information\\\/#primaryimage\",\"url\":\"https:\\\/\\\/www.allgeier.com\\\/de\\\/wp-content\\\/uploads\\\/sites\\\/3\\\/2025\\\/07\\\/Bekanntmachung_Allgeier-Frankfurter-Boerse.jpg\",\"contentUrl\":\"https:\\\/\\\/www.allgeier.com\\\/de\\\/wp-content\\\/uploads\\\/sites\\\/3\\\/2025\\\/07\\\/Bekanntmachung_Allgeier-Frankfurter-Boerse.jpg\",\"width\":1500,\"height\":600,\"caption\":\"Bekanntmachung Allgeier Frankfurter B\u00f6rse, Bildnachweis: Deutsche B\u00f6rse\"},{\"@type\":\"BreadcrumbList\",\"@id\":\"https:\\\/\\\/www.allgeier.com\\\/de\\\/investor-relations\\\/financial-stock-information\\\/#breadcrumb\",\"itemListElement\":[{\"@type\":\"ListItem\",\"position\":1,\"name\":\"Home\",\"item\":\"https:\\\/\\\/www.allgeier.com\\\/de\\\/\"},{\"@type\":\"ListItem\",\"position\":2,\"name\":\"Investor Relations\",\"item\":\"https:\\\/\\\/www.allgeier.com\\\/de\\\/investor-relations\\\/\"},{\"@type\":\"ListItem\",\"position\":3,\"name\":\"Financial &amp; Stock Information\"}]},{\"@type\":\"WebSite\",\"@id\":\"https:\\\/\\\/www.allgeier.com\\\/de\\\/#website\",\"url\":\"https:\\\/\\\/www.allgeier.com\\\/de\\\/\",\"name\":\"Allgeier SE\",\"description\":\"Software &amp; IT Services for digital transformation\",\"potentialAction\":[{\"@type\":\"SearchAction\",\"target\":{\"@type\":\"EntryPoint\",\"urlTemplate\":\"https:\\\/\\\/www.allgeier.com\\\/de\\\/?s={search_term_string}\"},\"query-input\":{\"@type\":\"PropertyValueSpecification\",\"valueRequired\":true,\"valueName\":\"search_term_string\"}}],\"inLanguage\":\"de\"}]}<\/script>\n<!-- \/ Yoast SEO plugin. -->","yoast_head_json":{"title":"Financial &amp; Stock Information - Allgeier SE","robots":{"index":"index","follow":"follow","max-snippet":"max-snippet:-1","max-image-preview":"max-image-preview:large","max-video-preview":"max-video-preview:-1"},"canonical":"https:\/\/www.allgeier.com\/de\/investor-relations\/financial-stock-information\/","og_locale":"de_DE","og_type":"article","og_title":"Financial &amp; Stock Information - Allgeier SE","og_description":"Eine offene, umfassende und kontinuierliche Kommunikation mit allen Investoren und der Financial Community ist uns wichtig. Wir bieten Ihnen aktuelle und umfassende Informationen zu unserer Aktie und zur Gesch\u00e4ftsentwicklung, Analystenempfehlungen und News. Wenn Sie weitere Fragen haben, z\u00f6gern Sie bitte nicht, unser IR-Team zu kontaktieren. Adhoc Announcements Aktieninformation Basisdaten Stammdaten Notierung Regulierter Markt in Frankfurt &hellip;","og_url":"https:\/\/www.allgeier.com\/de\/investor-relations\/financial-stock-information\/","og_site_name":"Allgeier SE","article_modified_time":"2026-04-10T09:59:32+00:00","og_image":[{"url":"https:\/\/www.allgeier.com\/de\/wp-content\/uploads\/sites\/3\/2025\/07\/Bekanntmachung_Allgeier-Frankfurter-Boerse.jpg","type":"","width":"","height":""}],"twitter_card":"summary_large_image","twitter_misc":{"Gesch\u00e4tzte Lesezeit":"3\u00a0Minuten"},"schema":{"@context":"https:\/\/schema.org","@graph":[{"@type":"WebPage","@id":"https:\/\/www.allgeier.com\/de\/investor-relations\/financial-stock-information\/","url":"https:\/\/www.allgeier.com\/de\/investor-relations\/financial-stock-information\/","name":"Financial &amp; Stock Information - Allgeier SE","isPartOf":{"@id":"https:\/\/www.allgeier.com\/de\/#website"},"primaryImageOfPage":{"@id":"https:\/\/www.allgeier.com\/de\/investor-relations\/financial-stock-information\/#primaryimage"},"image":{"@id":"https:\/\/www.allgeier.com\/de\/investor-relations\/financial-stock-information\/#primaryimage"},"thumbnailUrl":"https:\/\/www.allgeier.com\/de\/wp-content\/uploads\/sites\/3\/2025\/07\/Bekanntmachung_Allgeier-Frankfurter-Boerse.jpg","datePublished":"2015-02-10T13:02:00+00:00","dateModified":"2026-04-10T09:59:32+00:00","breadcrumb":{"@id":"https:\/\/www.allgeier.com\/de\/investor-relations\/financial-stock-information\/#breadcrumb"},"inLanguage":"de","potentialAction":[{"@type":"ReadAction","target":["https:\/\/www.allgeier.com\/de\/investor-relations\/financial-stock-information\/"]}]},{"@type":"ImageObject","inLanguage":"de","@id":"https:\/\/www.allgeier.com\/de\/investor-relations\/financial-stock-information\/#primaryimage","url":"https:\/\/www.allgeier.com\/de\/wp-content\/uploads\/sites\/3\/2025\/07\/Bekanntmachung_Allgeier-Frankfurter-Boerse.jpg","contentUrl":"https:\/\/www.allgeier.com\/de\/wp-content\/uploads\/sites\/3\/2025\/07\/Bekanntmachung_Allgeier-Frankfurter-Boerse.jpg","width":1500,"height":600,"caption":"Bekanntmachung Allgeier Frankfurter B\u00f6rse, Bildnachweis: Deutsche B\u00f6rse"},{"@type":"BreadcrumbList","@id":"https:\/\/www.allgeier.com\/de\/investor-relations\/financial-stock-information\/#breadcrumb","itemListElement":[{"@type":"ListItem","position":1,"name":"Home","item":"https:\/\/www.allgeier.com\/de\/"},{"@type":"ListItem","position":2,"name":"Investor Relations","item":"https:\/\/www.allgeier.com\/de\/investor-relations\/"},{"@type":"ListItem","position":3,"name":"Financial &amp; Stock Information"}]},{"@type":"WebSite","@id":"https:\/\/www.allgeier.com\/de\/#website","url":"https:\/\/www.allgeier.com\/de\/","name":"Allgeier SE","description":"Software &amp; IT Services for digital transformation","potentialAction":[{"@type":"SearchAction","target":{"@type":"EntryPoint","urlTemplate":"https:\/\/www.allgeier.com\/de\/?s={search_term_string}"},"query-input":{"@type":"PropertyValueSpecification","valueRequired":true,"valueName":"search_term_string"}}],"inLanguage":"de"}]}},"_links":{"self":[{"href":"https:\/\/www.allgeier.com\/de\/wp-json\/wp\/v2\/pages\/1823","targetHints":{"allow":["GET"]}}],"collection":[{"href":"https:\/\/www.allgeier.com\/de\/wp-json\/wp\/v2\/pages"}],"about":[{"href":"https:\/\/www.allgeier.com\/de\/wp-json\/wp\/v2\/types\/page"}],"author":[{"embeddable":true,"href":"https:\/\/www.allgeier.com\/de\/wp-json\/wp\/v2\/users\/1"}],"replies":[{"embeddable":true,"href":"https:\/\/www.allgeier.com\/de\/wp-json\/wp\/v2\/comments?post=1823"}],"version-history":[{"count":4,"href":"https:\/\/www.allgeier.com\/de\/wp-json\/wp\/v2\/pages\/1823\/revisions"}],"predecessor-version":[{"id":1845,"href":"https:\/\/www.allgeier.com\/de\/wp-json\/wp\/v2\/pages\/1823\/revisions\/1845"}],"up":[{"embeddable":true,"href":"https:\/\/www.allgeier.com\/de\/wp-json\/wp\/v2\/pages\/1143"}],"wp:attachment":[{"href":"https:\/\/www.allgeier.com\/de\/wp-json\/wp\/v2\/media?parent=1823"}],"wp:term":[{"taxonomy":"category","embeddable":true,"href":"https:\/\/www.allgeier.com\/de\/wp-json\/wp\/v2\/categories?post=1823"},{"taxonomy":"post_tag","embeddable":true,"href":"https:\/\/www.allgeier.com\/de\/wp-json\/wp\/v2\/tags?post=1823"}],"curies":[{"name":"wp","href":"https:\/\/api.w.org\/{rel}","templated":true}]}}