{"id":1905,"date":"2015-06-18T04:56:45","date_gmt":"2015-06-18T04:56:45","guid":{"rendered":"http:\/\/www.allgeier.com\/de\/?page_id=1905"},"modified":"2025-02-05T18:24:18","modified_gmt":"2025-02-05T18:24:18","slug":"18062015-2","status":"publish","type":"page","link":"https:\/\/www.allgeier.com\/de\/pressroom\/press-releases\/18062015-2\/","title":{"rendered":"18062015"},"content":{"rendered":"<p><em>Bremen\/M\u00fcnchen, 18. Juni 2015 &#8211;\u00a0<\/em>Es ist endlich wieder soweit: Zum wiederholten Male findet Deutschlands gr\u00f6\u00dfte Firmenlaufmeisterschaft, der B2RUN statt. In insgesamt 12 St\u00e4dten k\u00f6nnen sich laufbegeisterte Unternehmen f\u00fcr den guten Zweck unter Beweis stellen und dabei Geld f\u00fcr die \u201eDeutsche Fernsehlotterie\u201c sammeln. Auch in diesem Jahr nehmen zahlreiche Unternehmen der Allgeier Gruppe aus Standorten in ganz Deutschland unter dem Motto \u201eRunter vom B\u00fcrostuhl, rein in die Sportschuhe\u201c als gemeinsames Team teil.<\/p>\n<p><em><a title=\"So schmeckt Erfolg: Die letzj\u00e4hrigen Teilnehmer des Allgeier Company Teams aus Bremen\" href=\"http:\/\/bsh-it.de\/index.php?rex_resize=800w__b2run.jpg\" rel=\"lightbox__\"><img loading=\"lazy\" decoding=\"async\" class=\"pright\" title=\"So schmeckt Erfolg: Die letztj\u00e4hrigen Teilnehmer des Allgeier Company Teams aus Bremen\" src=\"http:\/\/bsh-it.de\/index.php?rex_resize=300w__b2run.jpg\" alt=\"So schmeckt Erfolg: Die letztj\u00e4hrigen Teilnehmer des Allgeier Company Teams aus Bremen\" width=\"300\" height=\"199\" \/><\/a><\/em><\/p>\n<p>Erwartet werden in diesem Jahr rund 130.000 Teilnehmer aus 6.000 Unternehmen. Die rund sechs Kilometer langen L\u00e4ufe enden jeweils mit einem spektakul\u00e4ren Zieleinlauf in Deutschlands gr\u00f6\u00dfte Stadien. Das gro\u00dfe B2RUN Finale mit allen St\u00e4dte-Gewinnern endet am 10. September 2015 im Berliner Olympiastadion.<\/p>\n<p>Anfangen wird das Team der Allgeier Productivity Solutions am 23. Juni in D\u00fcsseldorf rund um die<span class=\"Apple-converted-space\">\u00a0<\/span><span class=\"caps\">ESPRIT<\/span><span class=\"Apple-converted-space\">\u00a0<\/span>Arena, wo zahlreiche Mitarbeiter ihre pers\u00f6nliche Bestleistung erreichen wollen. Die<span class=\"caps\">BSH<\/span><span class=\"Apple-converted-space\">\u00a0<\/span>IT Solutions ist in diesem Jahr mit insgesamt 12 Teilnehmern stark vertreten und geht am 30. Juni in Bremen an den Start. Der Teamgedanke steht neben dem Spa\u00df und der Gesundheit f\u00fcr die Kollegen an erster Stelle. Wie im Vorjahr wird der gr\u00f6\u00dfte Teil des Allgeier Company Teams in M\u00fcnchen am 16. Juli teilnehmen und somit f\u00fcr einen tollen Abschluss sorgen.<\/p>\n<p><strong>Das Allgeier Company Team stellt sich vor:<\/strong><\/p>\n<p>Die b\u00f6rsennotierte<span class=\"Apple-converted-space\">\u00a0<\/span><strong>Allgeier SE<\/strong><span class=\"Apple-converted-space\">\u00a0<\/span>ist eine der f\u00fchrenden IT-Gruppen im deutschsprachigen Raum. Allgeier besch\u00e4ftigt \u00fcber 5.600 Mitarbeiter an mehr als 100 Standorten in 16 L\u00e4ndern.<span class=\"Apple-converted-space\">\u00a0<\/span><br \/>\n<a class=\"extern\" href=\"http:\/\/www.allgeier-holding.de\/\">www.allgeier.com<\/a><\/p>\n<p>Die<span class=\"Apple-converted-space\">\u00a0<\/span><strong>Allgeier IT Solutions<\/strong><span class=\"Apple-converted-space\">\u00a0<\/span>setzt ihren Schwerpunkt als Tochter der Allgeier SE auf die Entwicklung und Vermarktung ganzheitlicher L\u00f6sungen und Services in den Bereichen<span class=\"Apple-converted-space\">\u00a0<\/span><span class=\"caps\">ECM<\/span>,<span class=\"Apple-converted-space\">\u00a0<\/span><span class=\"caps\">ERP<\/span>, Inputmanagement, Security sowie Business Services.<span class=\"Apple-converted-space\">\u00a0<\/span><br \/>\n<a class=\"extern\" href=\"http:\/\/www.allgeier-it.de\/\">www.allgeier-it.de<\/a><\/p>\n<p>Die<span class=\"Apple-converted-space\">\u00a0<\/span><strong><span class=\"caps\">BSH<\/span><span class=\"Apple-converted-space\">\u00a0<\/span>IT Solutions<\/strong><span class=\"Apple-converted-space\">\u00a0<\/span>hat sich als herstellerunabh\u00e4ngiger L\u00f6sungsanbieter auf den IT-Infrastrukturbereich fokussiert. Wichtige Gesch\u00e4ftsfelder sind die Virtualisierung, Archivierung und das Clientmanagement.<span class=\"Apple-converted-space\">\u00a0<\/span><br \/>\n<a href=\"http:\/\/bsh-it.de\/:http:\/\/www.bsh-it.de\">www.bsh-it.de<\/a><\/p>\n<p><strong>Allgeier Productivity Solutions<\/strong><span class=\"Apple-converted-space\">\u00a0<\/span>ist strategischer Dienstleister der Allgeier Gruppe f\u00fcr Kommunikations- und Produktivit\u00e4tsl\u00f6sungen auf der Basis von Microsoft Technologien und begleitet seine Kunden auch in den Themen Projekt- und Anforderungsmanagement.<span class=\"Apple-converted-space\">\u00a0<\/span><br \/>\n<a class=\"extern\" href=\"http:\/\/www.allgeier-ps.com\/\">www.allgeier-ps.com<\/a><\/p>\n<p><strong><span class=\"caps\">TOP<\/span>jects<\/strong><span class=\"Apple-converted-space\">\u00a0<\/span>ist seit 2008 Teil der Gruppe und unterst\u00fctzt Unternehmen als IT-Personaldienstleister in allen Bereichen der Softwareentwicklung und des Services rund um Applikations- und Betriebsthemen sowie f\u00fcr das Third-Party-Management.<span class=\"Apple-converted-space\">\u00a0<\/span><br \/>\n<a class=\"extern\" href=\"http:\/\/www.topjects.de\/\">www.topjects.de<\/a><\/p>\n<p>Die<span class=\"Apple-converted-space\">\u00a0<\/span><strong>Xiopia GmbH<\/strong><span class=\"Apple-converted-space\">\u00a0<\/span>entstand 2010 aus den Allgeier-Tochtergesellschaften<span class=\"Apple-converted-space\">\u00a0<\/span><span class=\"caps\">GFU<\/span><span class=\"Apple-converted-space\">\u00a0<\/span>Kiefer + Partner und Ixtra AG und etablierte sich mit vereinten Kr\u00e4ften erfolgreich im deutschen IT-Dienstleistungsmarkt f\u00fcr Software- und Infrastruktur-L\u00f6sungen.<span class=\"Apple-converted-space\">\u00a0<\/span><br \/>\n<a class=\"extern\" href=\"http:\/\/www.xiopia.com\/\">www.xiopia.com<\/a><\/p>\n<p>Die<span class=\"Apple-converted-space\">\u00a0<\/span><strong>Nagarro<\/strong><span class=\"Apple-converted-space\">\u00a0<\/span>ist in der Lage, als IT-Dienstleister das komplette IT-Leistungsspektrum in allen Facetten von Onsite \u00fcber Nearshore bis hin zu Offshore abzubilden.<span class=\"Apple-converted-space\">\u00a0<\/span><br \/>\n<a class=\"extern\" href=\"http:\/\/www.nagarro.com\/\">www.nagarro.com<\/a><\/p>\n","protected":false},"excerpt":{"rendered":"<p>Bremen\/M\u00fcnchen, 18. Juni 2015 &#8211;\u00a0Es ist endlich wieder soweit: Zum wiederholten Male findet Deutschlands gr\u00f6\u00dfte Firmenlaufmeisterschaft, der B2RUN statt. In insgesamt 12 St\u00e4dten k\u00f6nnen sich laufbegeisterte Unternehmen f\u00fcr den guten Zweck unter Beweis stellen und dabei Geld f\u00fcr die \u201eDeutsche Fernsehlotterie\u201c sammeln. Auch in diesem Jahr nehmen zahlreiche Unternehmen der Allgeier Gruppe aus Standorten in &hellip; <\/p>\n","protected":false},"author":1,"featured_media":0,"parent":1169,"menu_order":0,"comment_status":"open","ping_status":"open","template":"","meta":{"_acf_changed":false,"footnotes":""},"categories":[7],"tags":[],"class_list":["post-1905","page","type-page","status-publish","hentry","category-pressemitteilungen"],"acf":[],"yoast_head":"<!-- This site is optimized with the Yoast SEO plugin v27.4 - https:\/\/yoast.com\/product\/yoast-seo-wordpress\/ -->\n<title>18062015 - Allgeier SE<\/title>\n<meta name=\"robots\" content=\"index, follow, max-snippet:-1, max-image-preview:large, max-video-preview:-1\" \/>\n<link rel=\"canonical\" href=\"https:\/\/www.allgeier.com\/de\/pressroom\/press-releases\/18062015-2\/\" \/>\n<meta property=\"og:locale\" content=\"de_DE\" \/>\n<meta property=\"og:type\" content=\"article\" \/>\n<meta property=\"og:title\" content=\"18062015 - Allgeier SE\" \/>\n<meta property=\"og:description\" content=\"Bremen\/M\u00fcnchen, 18. Juni 2015 &#8211;\u00a0Es ist endlich wieder soweit: Zum wiederholten Male findet Deutschlands gr\u00f6\u00dfte Firmenlaufmeisterschaft, der B2RUN statt. In insgesamt 12 St\u00e4dten k\u00f6nnen sich laufbegeisterte Unternehmen f\u00fcr den guten Zweck unter Beweis stellen und dabei Geld f\u00fcr die \u201eDeutsche Fernsehlotterie\u201c sammeln. Auch in diesem Jahr nehmen zahlreiche Unternehmen der Allgeier Gruppe aus Standorten in &hellip;\" \/>\n<meta property=\"og:url\" content=\"https:\/\/www.allgeier.com\/de\/pressroom\/press-releases\/18062015-2\/\" \/>\n<meta property=\"og:site_name\" content=\"Allgeier SE\" \/>\n<meta property=\"article:modified_time\" content=\"2025-02-05T18:24:18+00:00\" \/>\n<meta property=\"og:image\" content=\"http:\/\/bsh-it.de\/index.php?rex_resize=300w__b2run.jpg\" \/>\n<meta name=\"twitter:card\" content=\"summary_large_image\" \/>\n<meta name=\"twitter:label1\" content=\"Gesch\u00e4tzte Lesezeit\" \/>\n\t<meta name=\"twitter:data1\" content=\"3\u00a0Minuten\" \/>\n<script type=\"application\/ld+json\" class=\"yoast-schema-graph\">{\"@context\":\"https:\\\/\\\/schema.org\",\"@graph\":[{\"@type\":\"WebPage\",\"@id\":\"https:\\\/\\\/www.allgeier.com\\\/de\\\/pressroom\\\/press-releases\\\/18062015-2\\\/\",\"url\":\"https:\\\/\\\/www.allgeier.com\\\/de\\\/pressroom\\\/press-releases\\\/18062015-2\\\/\",\"name\":\"18062015 - Allgeier SE\",\"isPartOf\":{\"@id\":\"https:\\\/\\\/www.allgeier.com\\\/de\\\/#website\"},\"primaryImageOfPage\":{\"@id\":\"https:\\\/\\\/www.allgeier.com\\\/de\\\/pressroom\\\/press-releases\\\/18062015-2\\\/#primaryimage\"},\"image\":{\"@id\":\"https:\\\/\\\/www.allgeier.com\\\/de\\\/pressroom\\\/press-releases\\\/18062015-2\\\/#primaryimage\"},\"thumbnailUrl\":\"http:\\\/\\\/bsh-it.de\\\/index.php?rex_resize=300w__b2run.jpg\",\"datePublished\":\"2015-06-18T04:56:45+00:00\",\"dateModified\":\"2025-02-05T18:24:18+00:00\",\"breadcrumb\":{\"@id\":\"https:\\\/\\\/www.allgeier.com\\\/de\\\/pressroom\\\/press-releases\\\/18062015-2\\\/#breadcrumb\"},\"inLanguage\":\"de\",\"potentialAction\":[{\"@type\":\"ReadAction\",\"target\":[\"https:\\\/\\\/www.allgeier.com\\\/de\\\/pressroom\\\/press-releases\\\/18062015-2\\\/\"]}]},{\"@type\":\"ImageObject\",\"inLanguage\":\"de\",\"@id\":\"https:\\\/\\\/www.allgeier.com\\\/de\\\/pressroom\\\/press-releases\\\/18062015-2\\\/#primaryimage\",\"url\":\"http:\\\/\\\/bsh-it.de\\\/index.php?rex_resize=300w__b2run.jpg\",\"contentUrl\":\"http:\\\/\\\/bsh-it.de\\\/index.php?rex_resize=300w__b2run.jpg\"},{\"@type\":\"BreadcrumbList\",\"@id\":\"https:\\\/\\\/www.allgeier.com\\\/de\\\/pressroom\\\/press-releases\\\/18062015-2\\\/#breadcrumb\",\"itemListElement\":[{\"@type\":\"ListItem\",\"position\":1,\"name\":\"Home\",\"item\":\"https:\\\/\\\/www.allgeier.com\\\/de\\\/\"},{\"@type\":\"ListItem\",\"position\":2,\"name\":\"Presse\",\"item\":\"https:\\\/\\\/www.allgeier.com\\\/de\\\/pressroom\\\/\"},{\"@type\":\"ListItem\",\"position\":3,\"name\":\"Pressemitteilungen\",\"item\":\"https:\\\/\\\/www.allgeier.com\\\/de\\\/pressroom\\\/press-releases\\\/\"},{\"@type\":\"ListItem\",\"position\":4,\"name\":\"18062015\"}]},{\"@type\":\"WebSite\",\"@id\":\"https:\\\/\\\/www.allgeier.com\\\/de\\\/#website\",\"url\":\"https:\\\/\\\/www.allgeier.com\\\/de\\\/\",\"name\":\"Allgeier SE\",\"description\":\"Software &amp; IT Services for digital transformation\",\"potentialAction\":[{\"@type\":\"SearchAction\",\"target\":{\"@type\":\"EntryPoint\",\"urlTemplate\":\"https:\\\/\\\/www.allgeier.com\\\/de\\\/?s={search_term_string}\"},\"query-input\":{\"@type\":\"PropertyValueSpecification\",\"valueRequired\":true,\"valueName\":\"search_term_string\"}}],\"inLanguage\":\"de\"}]}<\/script>\n<!-- \/ Yoast SEO plugin. -->","yoast_head_json":{"title":"18062015 - Allgeier SE","robots":{"index":"index","follow":"follow","max-snippet":"max-snippet:-1","max-image-preview":"max-image-preview:large","max-video-preview":"max-video-preview:-1"},"canonical":"https:\/\/www.allgeier.com\/de\/pressroom\/press-releases\/18062015-2\/","og_locale":"de_DE","og_type":"article","og_title":"18062015 - Allgeier SE","og_description":"Bremen\/M\u00fcnchen, 18. Juni 2015 &#8211;\u00a0Es ist endlich wieder soweit: Zum wiederholten Male findet Deutschlands gr\u00f6\u00dfte Firmenlaufmeisterschaft, der B2RUN statt. In insgesamt 12 St\u00e4dten k\u00f6nnen sich laufbegeisterte Unternehmen f\u00fcr den guten Zweck unter Beweis stellen und dabei Geld f\u00fcr die \u201eDeutsche Fernsehlotterie\u201c sammeln. Auch in diesem Jahr nehmen zahlreiche Unternehmen der Allgeier Gruppe aus Standorten in &hellip;","og_url":"https:\/\/www.allgeier.com\/de\/pressroom\/press-releases\/18062015-2\/","og_site_name":"Allgeier SE","article_modified_time":"2025-02-05T18:24:18+00:00","og_image":[{"url":"http:\/\/bsh-it.de\/index.php?rex_resize=300w__b2run.jpg","type":"","width":"","height":""}],"twitter_card":"summary_large_image","twitter_misc":{"Gesch\u00e4tzte Lesezeit":"3\u00a0Minuten"},"schema":{"@context":"https:\/\/schema.org","@graph":[{"@type":"WebPage","@id":"https:\/\/www.allgeier.com\/de\/pressroom\/press-releases\/18062015-2\/","url":"https:\/\/www.allgeier.com\/de\/pressroom\/press-releases\/18062015-2\/","name":"18062015 - Allgeier SE","isPartOf":{"@id":"https:\/\/www.allgeier.com\/de\/#website"},"primaryImageOfPage":{"@id":"https:\/\/www.allgeier.com\/de\/pressroom\/press-releases\/18062015-2\/#primaryimage"},"image":{"@id":"https:\/\/www.allgeier.com\/de\/pressroom\/press-releases\/18062015-2\/#primaryimage"},"thumbnailUrl":"http:\/\/bsh-it.de\/index.php?rex_resize=300w__b2run.jpg","datePublished":"2015-06-18T04:56:45+00:00","dateModified":"2025-02-05T18:24:18+00:00","breadcrumb":{"@id":"https:\/\/www.allgeier.com\/de\/pressroom\/press-releases\/18062015-2\/#breadcrumb"},"inLanguage":"de","potentialAction":[{"@type":"ReadAction","target":["https:\/\/www.allgeier.com\/de\/pressroom\/press-releases\/18062015-2\/"]}]},{"@type":"ImageObject","inLanguage":"de","@id":"https:\/\/www.allgeier.com\/de\/pressroom\/press-releases\/18062015-2\/#primaryimage","url":"http:\/\/bsh-it.de\/index.php?rex_resize=300w__b2run.jpg","contentUrl":"http:\/\/bsh-it.de\/index.php?rex_resize=300w__b2run.jpg"},{"@type":"BreadcrumbList","@id":"https:\/\/www.allgeier.com\/de\/pressroom\/press-releases\/18062015-2\/#breadcrumb","itemListElement":[{"@type":"ListItem","position":1,"name":"Home","item":"https:\/\/www.allgeier.com\/de\/"},{"@type":"ListItem","position":2,"name":"Presse","item":"https:\/\/www.allgeier.com\/de\/pressroom\/"},{"@type":"ListItem","position":3,"name":"Pressemitteilungen","item":"https:\/\/www.allgeier.com\/de\/pressroom\/press-releases\/"},{"@type":"ListItem","position":4,"name":"18062015"}]},{"@type":"WebSite","@id":"https:\/\/www.allgeier.com\/de\/#website","url":"https:\/\/www.allgeier.com\/de\/","name":"Allgeier SE","description":"Software &amp; IT Services for digital transformation","potentialAction":[{"@type":"SearchAction","target":{"@type":"EntryPoint","urlTemplate":"https:\/\/www.allgeier.com\/de\/?s={search_term_string}"},"query-input":{"@type":"PropertyValueSpecification","valueRequired":true,"valueName":"search_term_string"}}],"inLanguage":"de"}]}},"_links":{"self":[{"href":"https:\/\/www.allgeier.com\/de\/wp-json\/wp\/v2\/pages\/1905","targetHints":{"allow":["GET"]}}],"collection":[{"href":"https:\/\/www.allgeier.com\/de\/wp-json\/wp\/v2\/pages"}],"about":[{"href":"https:\/\/www.allgeier.com\/de\/wp-json\/wp\/v2\/types\/page"}],"author":[{"embeddable":true,"href":"https:\/\/www.allgeier.com\/de\/wp-json\/wp\/v2\/users\/1"}],"replies":[{"embeddable":true,"href":"https:\/\/www.allgeier.com\/de\/wp-json\/wp\/v2\/comments?post=1905"}],"version-history":[{"count":0,"href":"https:\/\/www.allgeier.com\/de\/wp-json\/wp\/v2\/pages\/1905\/revisions"}],"up":[{"embeddable":true,"href":"https:\/\/www.allgeier.com\/de\/wp-json\/wp\/v2\/pages\/1169"}],"wp:attachment":[{"href":"https:\/\/www.allgeier.com\/de\/wp-json\/wp\/v2\/media?parent=1905"}],"wp:term":[{"taxonomy":"category","embeddable":true,"href":"https:\/\/www.allgeier.com\/de\/wp-json\/wp\/v2\/categories?post=1905"},{"taxonomy":"post_tag","embeddable":true,"href":"https:\/\/www.allgeier.com\/de\/wp-json\/wp\/v2\/tags?post=1905"}],"curies":[{"name":"wp","href":"https:\/\/api.w.org\/{rel}","templated":true}]}}