{"id":2023,"date":"2015-09-23T12:03:34","date_gmt":"2015-09-23T12:03:34","guid":{"rendered":"http:\/\/www.allgeier.com\/de\/?page_id=2023"},"modified":"2025-02-05T18:36:49","modified_gmt":"2025-02-05T18:36:49","slug":"allgeier-experts-unternehmen-goetzfried-professionals-und-xiopia-verschmelzen","status":"publish","type":"page","link":"https:\/\/www.allgeier.com\/de\/pressroom\/press-releases\/allgeier-experts-unternehmen-goetzfried-professionals-und-xiopia-verschmelzen\/","title":{"rendered":"Allgeier Experts-Unternehmen Goetzfried Professionals und Xiopia verschmelzen"},"content":{"rendered":"<p><strong>Die Dienstleister wollen Synergien st\u00e4rker nutzen und IT- sowie Engineering-Services mit festangestellten Experten ausbauen<\/strong><\/p>\n<p>Wiesbaden, 23. September 2015. Die Goetzfried Professionals GmbH und die Xiopia GmbH haben r\u00fcckwirkend zum 01.01.2015 den Zusammenschluss ihrer Gesch\u00e4ftsbereiche unter dem gemeinsamen Dach der Allgeier Experts vollzogen. Beide Einheiten, die bereits in der Vergangenheit eng miteinander kooperiert haben, firmieren k\u00fcnftig unter dem Namen Goetzfried Professionals GmbH. Allgeier Experts ist ein f\u00fchrender Komplettanbieter f\u00fcr IT-Expert-Services in Deutschland. Als einziger Anbieter fokussiert Allgeier Experts sich konsequent auf Dienstleistungen mit festen und freien IT- und Engineering-Spezialisten.<\/p>\n<p>Das Ziel der Fusion liegt in der B\u00fcndelung von Kompetenzen, dem Ausbau von Spezialisierungen sowie der St\u00e4rkung der Marktposition. \u201eWir freuen uns sehr \u00fcber den Zusammenschluss, durch den wir die zahlreichen bestehenden Synergien zwischen beiden Unternehmen noch besser nutzen k\u00f6nnen\u201c, so die beiden Gesch\u00e4ftsf\u00fchrer der Goetzfried Professionals GmbH, Marko Glassner und Benjamin Horn. \u201eUnsere Kunden profitieren von einem erweiterten Leistungsportfolio und unsere Mitarbeiter von neuen Projektzug\u00e4ngen\u201c, erg\u00e4nzt Olaf Mahl, Gesch\u00e4ftsf\u00fchrer der Xiopia GmbH.<\/p>\n<p><strong>Experten &amp; IT-L\u00f6sungen f\u00fcr erfolgskritische Gesch\u00e4ftsprozesse<\/strong><\/p>\n<p>Die Xiopia GmbH ist ein auf Softwareentwicklung und Infrastrukturl\u00f6sungen spezialisiertes IT-Beratungs- und Personaldienstleistungsunternehmen. Von Niederlassungen in M\u00fcnchen und N\u00fcrnberg aus unterst\u00fctzt die Xiopia GmbH internationale Konzerne und mittelst\u00e4ndische Unternehmen in strategischen IT-Projekten und bietet bedarfsgerechte L\u00f6sungen bei Personalengp\u00e4ssen. Die derzeit ca. 170 Besch\u00e4ftigten der Xiopia GmbH wechseln im Zuge der Fusion zur Goetzfried Professionals GmbH.<\/p>\n<p><strong>Nachfrage nach festangestellten Experten w\u00e4chst stetig<\/strong><\/p>\n<p>Die Goetzfried Professionals GmbH, Tochter der Goetzfried AG, ber\u00e4t und unterst\u00fctzt Kunden aller Gr\u00f6\u00dfen mit eigenen IT-Experten und Ingenieuren bei der Planung, Konzeption und Umsetzung von IT- und Engineering-Projekten. Im Verbund der Allgeier Gruppe geh\u00f6rt das Unternehmen mit einem Pool von 2.000 festangestellten Experten zu den f\u00fchrenden IT- und Ingenieurdienstleistern in Deutschland. Aufgrund der starken Marktnachfrage nach tempor\u00e4rer und projektbezogener Unterst\u00fctzung durch festangestellte IT-Fachkr\u00e4fte soll der Gesch\u00e4ftsbereich gezielt weiter ausgebaut werden.<\/p>\n<p><strong>Kurzprofil Goetzfried Professionals GmbH:<\/strong><\/p>\n<p>Die Goetzfried Professionals GmbH stellt ihren Kunden festangestellte IT-Experten und Ingenieure f\u00fcr den zeitlich begrenzten Projekteinsatz zur Verf\u00fcgung. Mitarbeiter der Goetzfried Professionals GmbH unterst\u00fctzen Unternehmen im IT- und Engineering-Bereich im Rahmen von Projekten und Linienfunktionen. Sie \u00fcbernehmen Beratungs-, Koordinations-, Entwicklungs-, Test- und Qualit\u00e4tssicherungsaufgaben sowie komplexe Managed Services und sorgen f\u00fcr eine planm\u00e4\u00dfige, effiziente und reibungslose Projektabwicklung. Die Goetzfried Professionals GmbH wurde im Juli 2014 in Wiesbaden als einhundertprozentige Tochtergesellschaft des IT-Personaldienstleisters Goetzfried AG gegr\u00fcndet. Im Verbund der Goetzfried AG sowie der Allgeier Gruppe ist die Goetzfried Professionals GmbH ein kompetenter, leistungsstarker und stetig wachsender IT- und Ingenieurdienstleister. Weitere Informationen unter: <a href=\"http:\/\/www.goetzfriedprofessionals.com\/\"><u>www.goetzfriedprofessionals.com<\/u><\/a><\/p>\n<p><strong><br \/>\nPressekontakt:<br \/>\n<\/strong>Goetzfried AG<br \/>\nJoscha Seelmann-Eggebert<br \/>\nGustav-Stresemann-Ring 12-16<br \/>\n65189 Wiesbaden<br \/>\nTelefon: 0611 44 56-175<br \/>\nJoscha.Seelmann@goetzfried.com<br \/>\n<a href=\"http:\/\/www.goetzfried.com\/\"><u>www.goetzfried.com<\/u><\/a><\/p>\n<p>&nbsp;<\/p>\n","protected":false},"excerpt":{"rendered":"<p>Die Dienstleister wollen Synergien st\u00e4rker nutzen und IT- sowie Engineering-Services mit festangestellten Experten ausbauen Wiesbaden, 23. September 2015. Die Goetzfried Professionals GmbH und die Xiopia GmbH haben r\u00fcckwirkend zum 01.01.2015 den Zusammenschluss ihrer Gesch\u00e4ftsbereiche unter dem gemeinsamen Dach der Allgeier Experts vollzogen. Beide Einheiten, die bereits in der Vergangenheit eng miteinander kooperiert haben, firmieren k\u00fcnftig &hellip; <\/p>\n","protected":false},"author":5,"featured_media":0,"parent":1169,"menu_order":0,"comment_status":"closed","ping_status":"closed","template":"","meta":{"_acf_changed":false,"footnotes":""},"categories":[7],"tags":[],"class_list":["post-2023","page","type-page","status-publish","hentry","category-pressemitteilungen"],"acf":[],"yoast_head":"<!-- This site is optimized with the Yoast SEO plugin v27.4 - https:\/\/yoast.com\/product\/yoast-seo-wordpress\/ -->\n<title>Allgeier Experts-Unternehmen Goetzfried Professionals und Xiopia verschmelzen - Allgeier SE<\/title>\n<meta name=\"robots\" content=\"index, follow, max-snippet:-1, max-image-preview:large, max-video-preview:-1\" \/>\n<link rel=\"canonical\" href=\"https:\/\/www.allgeier.com\/de\/pressroom\/press-releases\/allgeier-experts-unternehmen-goetzfried-professionals-und-xiopia-verschmelzen\/\" \/>\n<meta property=\"og:locale\" content=\"de_DE\" \/>\n<meta property=\"og:type\" content=\"article\" \/>\n<meta property=\"og:title\" content=\"Allgeier Experts-Unternehmen Goetzfried Professionals und Xiopia verschmelzen - Allgeier SE\" \/>\n<meta property=\"og:description\" content=\"Die Dienstleister wollen Synergien st\u00e4rker nutzen und IT- sowie Engineering-Services mit festangestellten Experten ausbauen Wiesbaden, 23. September 2015. Die Goetzfried Professionals GmbH und die Xiopia GmbH haben r\u00fcckwirkend zum 01.01.2015 den Zusammenschluss ihrer Gesch\u00e4ftsbereiche unter dem gemeinsamen Dach der Allgeier Experts vollzogen. Beide Einheiten, die bereits in der Vergangenheit eng miteinander kooperiert haben, firmieren k\u00fcnftig &hellip;\" \/>\n<meta property=\"og:url\" content=\"https:\/\/www.allgeier.com\/de\/pressroom\/press-releases\/allgeier-experts-unternehmen-goetzfried-professionals-und-xiopia-verschmelzen\/\" \/>\n<meta property=\"og:site_name\" content=\"Allgeier SE\" \/>\n<meta property=\"article:modified_time\" content=\"2025-02-05T18:36:49+00:00\" \/>\n<meta name=\"twitter:card\" content=\"summary_large_image\" \/>\n<meta name=\"twitter:label1\" content=\"Gesch\u00e4tzte Lesezeit\" \/>\n\t<meta name=\"twitter:data1\" content=\"2\u00a0Minuten\" \/>\n<script type=\"application\/ld+json\" class=\"yoast-schema-graph\">{\"@context\":\"https:\\\/\\\/schema.org\",\"@graph\":[{\"@type\":\"WebPage\",\"@id\":\"https:\\\/\\\/www.allgeier.com\\\/de\\\/pressroom\\\/press-releases\\\/allgeier-experts-unternehmen-goetzfried-professionals-und-xiopia-verschmelzen\\\/\",\"url\":\"https:\\\/\\\/www.allgeier.com\\\/de\\\/pressroom\\\/press-releases\\\/allgeier-experts-unternehmen-goetzfried-professionals-und-xiopia-verschmelzen\\\/\",\"name\":\"Allgeier Experts-Unternehmen Goetzfried Professionals und Xiopia verschmelzen - Allgeier SE\",\"isPartOf\":{\"@id\":\"https:\\\/\\\/www.allgeier.com\\\/de\\\/#website\"},\"datePublished\":\"2015-09-23T12:03:34+00:00\",\"dateModified\":\"2025-02-05T18:36:49+00:00\",\"breadcrumb\":{\"@id\":\"https:\\\/\\\/www.allgeier.com\\\/de\\\/pressroom\\\/press-releases\\\/allgeier-experts-unternehmen-goetzfried-professionals-und-xiopia-verschmelzen\\\/#breadcrumb\"},\"inLanguage\":\"de\",\"potentialAction\":[{\"@type\":\"ReadAction\",\"target\":[\"https:\\\/\\\/www.allgeier.com\\\/de\\\/pressroom\\\/press-releases\\\/allgeier-experts-unternehmen-goetzfried-professionals-und-xiopia-verschmelzen\\\/\"]}]},{\"@type\":\"BreadcrumbList\",\"@id\":\"https:\\\/\\\/www.allgeier.com\\\/de\\\/pressroom\\\/press-releases\\\/allgeier-experts-unternehmen-goetzfried-professionals-und-xiopia-verschmelzen\\\/#breadcrumb\",\"itemListElement\":[{\"@type\":\"ListItem\",\"position\":1,\"name\":\"Home\",\"item\":\"https:\\\/\\\/www.allgeier.com\\\/de\\\/\"},{\"@type\":\"ListItem\",\"position\":2,\"name\":\"Presse\",\"item\":\"https:\\\/\\\/www.allgeier.com\\\/de\\\/pressroom\\\/\"},{\"@type\":\"ListItem\",\"position\":3,\"name\":\"Pressemitteilungen\",\"item\":\"https:\\\/\\\/www.allgeier.com\\\/de\\\/pressroom\\\/press-releases\\\/\"},{\"@type\":\"ListItem\",\"position\":4,\"name\":\"Allgeier Experts-Unternehmen Goetzfried Professionals und Xiopia verschmelzen\"}]},{\"@type\":\"WebSite\",\"@id\":\"https:\\\/\\\/www.allgeier.com\\\/de\\\/#website\",\"url\":\"https:\\\/\\\/www.allgeier.com\\\/de\\\/\",\"name\":\"Allgeier SE\",\"description\":\"Software &amp; IT Services for digital transformation\",\"potentialAction\":[{\"@type\":\"SearchAction\",\"target\":{\"@type\":\"EntryPoint\",\"urlTemplate\":\"https:\\\/\\\/www.allgeier.com\\\/de\\\/?s={search_term_string}\"},\"query-input\":{\"@type\":\"PropertyValueSpecification\",\"valueRequired\":true,\"valueName\":\"search_term_string\"}}],\"inLanguage\":\"de\"}]}<\/script>\n<!-- \/ Yoast SEO plugin. -->","yoast_head_json":{"title":"Allgeier Experts-Unternehmen Goetzfried Professionals und Xiopia verschmelzen - Allgeier SE","robots":{"index":"index","follow":"follow","max-snippet":"max-snippet:-1","max-image-preview":"max-image-preview:large","max-video-preview":"max-video-preview:-1"},"canonical":"https:\/\/www.allgeier.com\/de\/pressroom\/press-releases\/allgeier-experts-unternehmen-goetzfried-professionals-und-xiopia-verschmelzen\/","og_locale":"de_DE","og_type":"article","og_title":"Allgeier Experts-Unternehmen Goetzfried Professionals und Xiopia verschmelzen - Allgeier SE","og_description":"Die Dienstleister wollen Synergien st\u00e4rker nutzen und IT- sowie Engineering-Services mit festangestellten Experten ausbauen Wiesbaden, 23. September 2015. Die Goetzfried Professionals GmbH und die Xiopia GmbH haben r\u00fcckwirkend zum 01.01.2015 den Zusammenschluss ihrer Gesch\u00e4ftsbereiche unter dem gemeinsamen Dach der Allgeier Experts vollzogen. Beide Einheiten, die bereits in der Vergangenheit eng miteinander kooperiert haben, firmieren k\u00fcnftig &hellip;","og_url":"https:\/\/www.allgeier.com\/de\/pressroom\/press-releases\/allgeier-experts-unternehmen-goetzfried-professionals-und-xiopia-verschmelzen\/","og_site_name":"Allgeier SE","article_modified_time":"2025-02-05T18:36:49+00:00","twitter_card":"summary_large_image","twitter_misc":{"Gesch\u00e4tzte Lesezeit":"2\u00a0Minuten"},"schema":{"@context":"https:\/\/schema.org","@graph":[{"@type":"WebPage","@id":"https:\/\/www.allgeier.com\/de\/pressroom\/press-releases\/allgeier-experts-unternehmen-goetzfried-professionals-und-xiopia-verschmelzen\/","url":"https:\/\/www.allgeier.com\/de\/pressroom\/press-releases\/allgeier-experts-unternehmen-goetzfried-professionals-und-xiopia-verschmelzen\/","name":"Allgeier Experts-Unternehmen Goetzfried Professionals und Xiopia verschmelzen - Allgeier SE","isPartOf":{"@id":"https:\/\/www.allgeier.com\/de\/#website"},"datePublished":"2015-09-23T12:03:34+00:00","dateModified":"2025-02-05T18:36:49+00:00","breadcrumb":{"@id":"https:\/\/www.allgeier.com\/de\/pressroom\/press-releases\/allgeier-experts-unternehmen-goetzfried-professionals-und-xiopia-verschmelzen\/#breadcrumb"},"inLanguage":"de","potentialAction":[{"@type":"ReadAction","target":["https:\/\/www.allgeier.com\/de\/pressroom\/press-releases\/allgeier-experts-unternehmen-goetzfried-professionals-und-xiopia-verschmelzen\/"]}]},{"@type":"BreadcrumbList","@id":"https:\/\/www.allgeier.com\/de\/pressroom\/press-releases\/allgeier-experts-unternehmen-goetzfried-professionals-und-xiopia-verschmelzen\/#breadcrumb","itemListElement":[{"@type":"ListItem","position":1,"name":"Home","item":"https:\/\/www.allgeier.com\/de\/"},{"@type":"ListItem","position":2,"name":"Presse","item":"https:\/\/www.allgeier.com\/de\/pressroom\/"},{"@type":"ListItem","position":3,"name":"Pressemitteilungen","item":"https:\/\/www.allgeier.com\/de\/pressroom\/press-releases\/"},{"@type":"ListItem","position":4,"name":"Allgeier Experts-Unternehmen Goetzfried Professionals und Xiopia verschmelzen"}]},{"@type":"WebSite","@id":"https:\/\/www.allgeier.com\/de\/#website","url":"https:\/\/www.allgeier.com\/de\/","name":"Allgeier SE","description":"Software &amp; IT Services for digital transformation","potentialAction":[{"@type":"SearchAction","target":{"@type":"EntryPoint","urlTemplate":"https:\/\/www.allgeier.com\/de\/?s={search_term_string}"},"query-input":{"@type":"PropertyValueSpecification","valueRequired":true,"valueName":"search_term_string"}}],"inLanguage":"de"}]}},"_links":{"self":[{"href":"https:\/\/www.allgeier.com\/de\/wp-json\/wp\/v2\/pages\/2023","targetHints":{"allow":["GET"]}}],"collection":[{"href":"https:\/\/www.allgeier.com\/de\/wp-json\/wp\/v2\/pages"}],"about":[{"href":"https:\/\/www.allgeier.com\/de\/wp-json\/wp\/v2\/types\/page"}],"author":[{"embeddable":true,"href":"https:\/\/www.allgeier.com\/de\/wp-json\/wp\/v2\/users\/5"}],"replies":[{"embeddable":true,"href":"https:\/\/www.allgeier.com\/de\/wp-json\/wp\/v2\/comments?post=2023"}],"version-history":[{"count":1,"href":"https:\/\/www.allgeier.com\/de\/wp-json\/wp\/v2\/pages\/2023\/revisions"}],"predecessor-version":[{"id":6151,"href":"https:\/\/www.allgeier.com\/de\/wp-json\/wp\/v2\/pages\/2023\/revisions\/6151"}],"up":[{"embeddable":true,"href":"https:\/\/www.allgeier.com\/de\/wp-json\/wp\/v2\/pages\/1169"}],"wp:attachment":[{"href":"https:\/\/www.allgeier.com\/de\/wp-json\/wp\/v2\/media?parent=2023"}],"wp:term":[{"taxonomy":"category","embeddable":true,"href":"https:\/\/www.allgeier.com\/de\/wp-json\/wp\/v2\/categories?post=2023"},{"taxonomy":"post_tag","embeddable":true,"href":"https:\/\/www.allgeier.com\/de\/wp-json\/wp\/v2\/tags?post=2023"}],"curies":[{"name":"wp","href":"https:\/\/api.w.org\/{rel}","templated":true}]}}