{"id":2026,"date":"2015-10-01T11:55:54","date_gmt":"2015-10-01T11:55:54","guid":{"rendered":"https:\/\/www.allgeier.com\/de\/?page_id=2026"},"modified":"2025-02-05T18:36:50","modified_gmt":"2025-02-05T18:36:50","slug":"allgeier-it-solutions-stellt-auf-der-it-sa-die-neueste-version-von-julia-mailoffice-3-5-vor","status":"publish","type":"page","link":"https:\/\/www.allgeier.com\/de\/pressroom\/press-releases\/allgeier-it-solutions-stellt-auf-der-it-sa-die-neueste-version-von-julia-mailoffice-3-5-vor\/","title":{"rendered":"Allgeier IT Solutions stellt auf der it-sa die neueste Version von JULIA MailOffice 3.5 vor"},"content":{"rendered":"<p><strong>Bremen, den 01. Oktober 2015 <\/strong>\u2013 Kommunikation ohne E-Mail ist heutzutage unvorstellbar, denn die E-Mail ist seit vielen Jahren das Standard Kommunikationsmittel in der Gesch\u00e4ftswelt. Beginnend bei Abstimmungen, Gesch\u00e4ftsinnovationen, Produkt- oder Serviceinformationen bis hin zu personenbezogenen Daten oder Zugangsdaten\u00a0 \u2013 alles wird \u00fcber E-Mails abgewickelt, oft auch ohne sich Gedanken \u00fcber Datensicherheit zu machen. Es gilt dabei allerdings nicht nur notwendige Sicherheitsvorkehrungen zu treffen, sondern auch bereits vorhandene zu optimieren und st\u00e4ndig weiter zu entwickeln. E-Mails und darin enthaltene Informationen m\u00fcssen vor unerlaubtem Zugriff gesch\u00fctzt werden. Um dies zu erm\u00f6glichen, bietet Allgeier IT Solutions mit ihrem Produkt JULIA MailOffice einen einzigartigen Komplett-Schutz als serverbasierte L\u00f6sung zur elektronischen Ver- und Entschl\u00fcsselung\u00a0 von E-Mails sowie zur digitalen Signatur und Signaturpr\u00fcfung. Im Bereich Security ist JULIA MailOffice das marktf\u00fchrende Produkt, wenn es um E-Mail Sicherheit sowie die sichere Dokumentenablage und den Dokumentenaustausch geht. JULIA MailOffice wird von vielen namhaften Unternehmen in den Bereichen Finanzen, Health Care, Energieversorgung und Industrie sowie auch von Bundesministerien, St\u00e4dten und Gemeinden erfolgreich eingesetzt und ist die E-Mail Komponente der virtuellen Poststelle des Bundes.<\/p>\n<p><strong>Julia MailOffice 3.5 auf der it-sa<\/strong><\/p>\n<p>Allgeier It Solutions pr\u00e4sentiert die neuste Version von Julia MailOffice auf der Security-Messe it-sa in Halle 12.0\/Stand 739.<\/p>\n<p>Die neue Version von JULIA MailOffice folgt der Perspektive, dass Sicherheitsfunktionen keinen technischen Selbstzweck erf\u00fcllen, sondern aus der Notwendigkeit heraus entstehen, Gesch\u00e4ftsprozesse sicher zu implementieren. Der Informations\u00adgehalt eines Dokuments und sein jeweiliger Empf\u00e4ngerkre\u00adis sind diejenigen, die festlegen, welche Sicher\u00adheits\u00adm\u00adechanismen und Versandoptionen angemessen sind. Dabei bestimmen die Klassifikationen eines Dokuments und die Sicherheitspolicy des Unternehmens die zu verwendenden Sicherheitsmechanismen. In der Kommunikation muss jedoch nicht nur das Schutzbed\u00fcrfnis des Absenders, sondern auch das des Empf\u00e4ngers beachtet werden. Deswegen ist es wichtig, dass bei mehreren m\u00f6glichen Alternativen der Empf\u00e4nger festlegen kann, wie er die E-Mails empfangen m\u00f6chte. Auf diese Weise kann das Medium E-Mail einfach f\u00fcr den Transport zu sch\u00fctzender Informationen verwendet werden. Alle technischen Erfordernisse im E-Mail Bereich werden vor dem Benutzer verborgen.<\/p>\n<p><strong>Die wichtigsten neuen Features auf einem Blick<\/strong><\/p>\n<p>Die neue Version von JULIA MailOffice \u2013 JULIA MailOffice 3.5 \u2013 verf\u00fcgt \u00fcber folgende neue Features:<\/p>\n<ul>\n<li>Die Klassifikation eines Dokuments bestimmt dessen Verschl\u00fcsselung<\/li>\n<li>Der Empf\u00e4nger kann den sicheren Versand steuern<\/li>\n<li>Erweiterung des Webmailers\u00a0 machen JULIA MailOffice zur sicheren Kollaborationsplattform<\/li>\n<li>Eine sichere und automatisierte Ablage von Dokumenten in andere Kollaborationsplattformen (Allgeier EMILY, Sharepoint, etc.) wird gew\u00e4hrleistet<\/li>\n<li>JULIA MailOffice erlaubt einen sicheren \u00dcbergang in die De-Mail-Umgebung<\/li>\n<li>Beliebige Trustcenter k\u00f6nnen angebunden werden<\/li>\n<li>PDF-Dokumente k\u00f6nnen mit Wasserzeichen versehen werden<\/li>\n<li>Es ist eine Krypto-Vorschau f\u00fcr den internen Benutzer m\u00f6glich<\/li>\n<li>Es ist eine dynamische Verwaltung von PDF- und ZIP-Passw\u00f6rtern vorhanden<\/li>\n<li>Es ist eine regel-basierte Nutzung von TLS in JULIA MailOffice m\u00f6glich<\/li>\n<li>Es stehen neue Protokoll- und Auswertungsfunktionen zur Verf\u00fcgung<\/li>\n<\/ul>\n<p>Die neue Version von Allgeiers Julia MailOffice\u00a0 ist ab sofort verf\u00fcgbar, weitere Informationen finden Sie auch unter <a href=\"http:\/\/www.allgeier-it.de\/security-solutions\/loesungen\/julia-mailoffice\"><u>http:\/\/www.allgeier-it.de\/security-solutions\/loesungen\/julia-mailoffice<\/u><\/a>.<\/p>\n<p><strong>\u00dcber Allgeier IT Solutions AG<\/strong><\/p>\n<p>Die Allgeier IT Solutions AG hat sich auf die Entwicklung, Vermarktung und Umsetzung ganzheitlicher L\u00f6sungen und Services in folgenden Bereichen spezialisiert:<\/p>\n<ul>\n<li>Cloud Solutions<\/li>\n<li>Enterprise Content Management (ECM)<\/li>\n<li>Business Solutions (ERP)<\/li>\n<li>Business Process Management<\/li>\n<li>HealthCare-IT, Compliance &amp; Security, Business Services<\/li>\n<\/ul>\n<p>Die Allgeier IT Solutions AG mit Sitz in Bremen hat deutschlandweit eigene Standorte sowie Dependancen in \u00d6sterreich und Polen. Sie ist Teil der b\u00f6rsennotierten Allgeier SE. Das umfassende Leistungsspektrum von vollst\u00e4ndig integrierten IT L\u00f6sungen und IT Services aus einer Hand macht Allgeier IT Solutions zu einem kompetenten und zuverl\u00e4ssigen IT Partner f\u00fcr mittelst\u00e4ndische und gro\u00dfe Unternehmen. Zu den vollst\u00e4ndig integrierten IT L\u00f6sungen, die Allgeier IT Solutions anbietet, z\u00e4hlen beispielsweise:<\/p>\n<ul>\n<li>scanview (ECM)<\/li>\n<li>die Microsoft-L\u00f6sungen SharePoint, Lync, NAV und CRM<\/li>\n<li>Security L\u00f6sungen wie JULIA MailOffice (E-Mail-Security)<\/li>\n<\/ul>\n<p>Das fl\u00e4chendeckende Vertriebs- und Servicenetz wird erg\u00e4nzt durch ein europaweites Partnernetzwerk. Die Muttergesellschaft, die Allgeier SE, erwirtschaftete einen Umsatz von 428 Mio. EUR (fortgef\u00fchrtes Gesch\u00e4ft 2014) und verf\u00fcgt \u00fcber mehr als 100 Standorte in Europa, Asien und Amerika.<\/p>\n<p>Im Rahmen des diesj\u00e4hrigen \u201eCloud Vendor Benchmarks\u201c der Experton Group wurde Allgeier IT Solutions mit dem Preis \u201eCloud Leader 2015\u201c ausgezeichnet.<\/p>\n<p><strong>Ihre Ansprechpartner:<br \/>\n<\/strong>Allgeier IT Solutions GmbH Wiebke Bode<br \/>\nHans-Bredow-Str. 60<br \/>\n28307\u00a0Bremen<br \/>\nTel: +49 421 43841 355<br \/>\nFax: +49 421 438081<br \/>\nE-Mail: <a href=\"mailto:Wiebke.Bode@allgeier-it.de\"><u>Wiebke.Bode@allgeier-it.de<br \/>\n<\/u><\/a>Internet: <a href=\"http:\/\/www.allgeier-it.de\/\"><u>www.allgeier-it.de<\/u><\/a><\/p>\n<p>&nbsp;<\/p>\n","protected":false},"excerpt":{"rendered":"<p>Bremen, den 01. Oktober 2015 \u2013 Kommunikation ohne E-Mail ist heutzutage unvorstellbar, denn die E-Mail ist seit vielen Jahren das Standard Kommunikationsmittel in der Gesch\u00e4ftswelt. Beginnend bei Abstimmungen, Gesch\u00e4ftsinnovationen, Produkt- oder Serviceinformationen bis hin zu personenbezogenen Daten oder Zugangsdaten\u00a0 \u2013 alles wird \u00fcber E-Mails abgewickelt, oft auch ohne sich Gedanken \u00fcber Datensicherheit zu machen. Es &hellip; <\/p>\n","protected":false},"author":5,"featured_media":0,"parent":1169,"menu_order":0,"comment_status":"closed","ping_status":"closed","template":"","meta":{"_acf_changed":false,"footnotes":""},"categories":[7],"tags":[],"class_list":["post-2026","page","type-page","status-publish","hentry","category-pressemitteilungen"],"acf":[],"yoast_head":"<!-- This site is optimized with the Yoast SEO plugin v27.4 - https:\/\/yoast.com\/product\/yoast-seo-wordpress\/ -->\n<title>Allgeier IT Solutions stellt auf der it-sa die neueste Version von JULIA MailOffice 3.5 vor - Allgeier SE<\/title>\n<meta name=\"robots\" content=\"index, follow, max-snippet:-1, max-image-preview:large, max-video-preview:-1\" \/>\n<link rel=\"canonical\" href=\"https:\/\/www.allgeier.com\/de\/pressroom\/press-releases\/allgeier-it-solutions-stellt-auf-der-it-sa-die-neueste-version-von-julia-mailoffice-3-5-vor\/\" \/>\n<meta property=\"og:locale\" content=\"de_DE\" \/>\n<meta property=\"og:type\" content=\"article\" \/>\n<meta property=\"og:title\" content=\"Allgeier IT Solutions stellt auf der it-sa die neueste Version von JULIA MailOffice 3.5 vor - Allgeier SE\" \/>\n<meta property=\"og:description\" content=\"Bremen, den 01. Oktober 2015 \u2013 Kommunikation ohne E-Mail ist heutzutage unvorstellbar, denn die E-Mail ist seit vielen Jahren das Standard Kommunikationsmittel in der Gesch\u00e4ftswelt. Beginnend bei Abstimmungen, Gesch\u00e4ftsinnovationen, Produkt- oder Serviceinformationen bis hin zu personenbezogenen Daten oder Zugangsdaten\u00a0 \u2013 alles wird \u00fcber E-Mails abgewickelt, oft auch ohne sich Gedanken \u00fcber Datensicherheit zu machen. Es &hellip;\" \/>\n<meta property=\"og:url\" content=\"https:\/\/www.allgeier.com\/de\/pressroom\/press-releases\/allgeier-it-solutions-stellt-auf-der-it-sa-die-neueste-version-von-julia-mailoffice-3-5-vor\/\" \/>\n<meta property=\"og:site_name\" content=\"Allgeier SE\" \/>\n<meta property=\"article:modified_time\" content=\"2025-02-05T18:36:50+00:00\" \/>\n<meta name=\"twitter:card\" content=\"summary_large_image\" \/>\n<meta name=\"twitter:label1\" content=\"Gesch\u00e4tzte Lesezeit\" \/>\n\t<meta name=\"twitter:data1\" content=\"4\u00a0Minuten\" \/>\n<script type=\"application\/ld+json\" class=\"yoast-schema-graph\">{\"@context\":\"https:\\\/\\\/schema.org\",\"@graph\":[{\"@type\":\"WebPage\",\"@id\":\"https:\\\/\\\/www.allgeier.com\\\/de\\\/pressroom\\\/press-releases\\\/allgeier-it-solutions-stellt-auf-der-it-sa-die-neueste-version-von-julia-mailoffice-3-5-vor\\\/\",\"url\":\"https:\\\/\\\/www.allgeier.com\\\/de\\\/pressroom\\\/press-releases\\\/allgeier-it-solutions-stellt-auf-der-it-sa-die-neueste-version-von-julia-mailoffice-3-5-vor\\\/\",\"name\":\"Allgeier IT Solutions stellt auf der it-sa die neueste Version von JULIA MailOffice 3.5 vor - Allgeier SE\",\"isPartOf\":{\"@id\":\"https:\\\/\\\/www.allgeier.com\\\/de\\\/#website\"},\"datePublished\":\"2015-10-01T11:55:54+00:00\",\"dateModified\":\"2025-02-05T18:36:50+00:00\",\"breadcrumb\":{\"@id\":\"https:\\\/\\\/www.allgeier.com\\\/de\\\/pressroom\\\/press-releases\\\/allgeier-it-solutions-stellt-auf-der-it-sa-die-neueste-version-von-julia-mailoffice-3-5-vor\\\/#breadcrumb\"},\"inLanguage\":\"de\",\"potentialAction\":[{\"@type\":\"ReadAction\",\"target\":[\"https:\\\/\\\/www.allgeier.com\\\/de\\\/pressroom\\\/press-releases\\\/allgeier-it-solutions-stellt-auf-der-it-sa-die-neueste-version-von-julia-mailoffice-3-5-vor\\\/\"]}]},{\"@type\":\"BreadcrumbList\",\"@id\":\"https:\\\/\\\/www.allgeier.com\\\/de\\\/pressroom\\\/press-releases\\\/allgeier-it-solutions-stellt-auf-der-it-sa-die-neueste-version-von-julia-mailoffice-3-5-vor\\\/#breadcrumb\",\"itemListElement\":[{\"@type\":\"ListItem\",\"position\":1,\"name\":\"Home\",\"item\":\"https:\\\/\\\/www.allgeier.com\\\/de\\\/\"},{\"@type\":\"ListItem\",\"position\":2,\"name\":\"Presse\",\"item\":\"https:\\\/\\\/www.allgeier.com\\\/de\\\/pressroom\\\/\"},{\"@type\":\"ListItem\",\"position\":3,\"name\":\"Pressemitteilungen\",\"item\":\"https:\\\/\\\/www.allgeier.com\\\/de\\\/pressroom\\\/press-releases\\\/\"},{\"@type\":\"ListItem\",\"position\":4,\"name\":\"Allgeier IT Solutions stellt auf der it-sa die neueste Version von JULIA MailOffice 3.5 vor\"}]},{\"@type\":\"WebSite\",\"@id\":\"https:\\\/\\\/www.allgeier.com\\\/de\\\/#website\",\"url\":\"https:\\\/\\\/www.allgeier.com\\\/de\\\/\",\"name\":\"Allgeier SE\",\"description\":\"Software &amp; IT Services for digital transformation\",\"potentialAction\":[{\"@type\":\"SearchAction\",\"target\":{\"@type\":\"EntryPoint\",\"urlTemplate\":\"https:\\\/\\\/www.allgeier.com\\\/de\\\/?s={search_term_string}\"},\"query-input\":{\"@type\":\"PropertyValueSpecification\",\"valueRequired\":true,\"valueName\":\"search_term_string\"}}],\"inLanguage\":\"de\"}]}<\/script>\n<!-- \/ Yoast SEO plugin. -->","yoast_head_json":{"title":"Allgeier IT Solutions stellt auf der it-sa die neueste Version von JULIA MailOffice 3.5 vor - Allgeier SE","robots":{"index":"index","follow":"follow","max-snippet":"max-snippet:-1","max-image-preview":"max-image-preview:large","max-video-preview":"max-video-preview:-1"},"canonical":"https:\/\/www.allgeier.com\/de\/pressroom\/press-releases\/allgeier-it-solutions-stellt-auf-der-it-sa-die-neueste-version-von-julia-mailoffice-3-5-vor\/","og_locale":"de_DE","og_type":"article","og_title":"Allgeier IT Solutions stellt auf der it-sa die neueste Version von JULIA MailOffice 3.5 vor - Allgeier SE","og_description":"Bremen, den 01. Oktober 2015 \u2013 Kommunikation ohne E-Mail ist heutzutage unvorstellbar, denn die E-Mail ist seit vielen Jahren das Standard Kommunikationsmittel in der Gesch\u00e4ftswelt. Beginnend bei Abstimmungen, Gesch\u00e4ftsinnovationen, Produkt- oder Serviceinformationen bis hin zu personenbezogenen Daten oder Zugangsdaten\u00a0 \u2013 alles wird \u00fcber E-Mails abgewickelt, oft auch ohne sich Gedanken \u00fcber Datensicherheit zu machen. Es &hellip;","og_url":"https:\/\/www.allgeier.com\/de\/pressroom\/press-releases\/allgeier-it-solutions-stellt-auf-der-it-sa-die-neueste-version-von-julia-mailoffice-3-5-vor\/","og_site_name":"Allgeier SE","article_modified_time":"2025-02-05T18:36:50+00:00","twitter_card":"summary_large_image","twitter_misc":{"Gesch\u00e4tzte Lesezeit":"4\u00a0Minuten"},"schema":{"@context":"https:\/\/schema.org","@graph":[{"@type":"WebPage","@id":"https:\/\/www.allgeier.com\/de\/pressroom\/press-releases\/allgeier-it-solutions-stellt-auf-der-it-sa-die-neueste-version-von-julia-mailoffice-3-5-vor\/","url":"https:\/\/www.allgeier.com\/de\/pressroom\/press-releases\/allgeier-it-solutions-stellt-auf-der-it-sa-die-neueste-version-von-julia-mailoffice-3-5-vor\/","name":"Allgeier IT Solutions stellt auf der it-sa die neueste Version von JULIA MailOffice 3.5 vor - Allgeier SE","isPartOf":{"@id":"https:\/\/www.allgeier.com\/de\/#website"},"datePublished":"2015-10-01T11:55:54+00:00","dateModified":"2025-02-05T18:36:50+00:00","breadcrumb":{"@id":"https:\/\/www.allgeier.com\/de\/pressroom\/press-releases\/allgeier-it-solutions-stellt-auf-der-it-sa-die-neueste-version-von-julia-mailoffice-3-5-vor\/#breadcrumb"},"inLanguage":"de","potentialAction":[{"@type":"ReadAction","target":["https:\/\/www.allgeier.com\/de\/pressroom\/press-releases\/allgeier-it-solutions-stellt-auf-der-it-sa-die-neueste-version-von-julia-mailoffice-3-5-vor\/"]}]},{"@type":"BreadcrumbList","@id":"https:\/\/www.allgeier.com\/de\/pressroom\/press-releases\/allgeier-it-solutions-stellt-auf-der-it-sa-die-neueste-version-von-julia-mailoffice-3-5-vor\/#breadcrumb","itemListElement":[{"@type":"ListItem","position":1,"name":"Home","item":"https:\/\/www.allgeier.com\/de\/"},{"@type":"ListItem","position":2,"name":"Presse","item":"https:\/\/www.allgeier.com\/de\/pressroom\/"},{"@type":"ListItem","position":3,"name":"Pressemitteilungen","item":"https:\/\/www.allgeier.com\/de\/pressroom\/press-releases\/"},{"@type":"ListItem","position":4,"name":"Allgeier IT Solutions stellt auf der it-sa die neueste Version von JULIA MailOffice 3.5 vor"}]},{"@type":"WebSite","@id":"https:\/\/www.allgeier.com\/de\/#website","url":"https:\/\/www.allgeier.com\/de\/","name":"Allgeier SE","description":"Software &amp; IT Services for digital transformation","potentialAction":[{"@type":"SearchAction","target":{"@type":"EntryPoint","urlTemplate":"https:\/\/www.allgeier.com\/de\/?s={search_term_string}"},"query-input":{"@type":"PropertyValueSpecification","valueRequired":true,"valueName":"search_term_string"}}],"inLanguage":"de"}]}},"_links":{"self":[{"href":"https:\/\/www.allgeier.com\/de\/wp-json\/wp\/v2\/pages\/2026","targetHints":{"allow":["GET"]}}],"collection":[{"href":"https:\/\/www.allgeier.com\/de\/wp-json\/wp\/v2\/pages"}],"about":[{"href":"https:\/\/www.allgeier.com\/de\/wp-json\/wp\/v2\/types\/page"}],"author":[{"embeddable":true,"href":"https:\/\/www.allgeier.com\/de\/wp-json\/wp\/v2\/users\/5"}],"replies":[{"embeddable":true,"href":"https:\/\/www.allgeier.com\/de\/wp-json\/wp\/v2\/comments?post=2026"}],"version-history":[{"count":1,"href":"https:\/\/www.allgeier.com\/de\/wp-json\/wp\/v2\/pages\/2026\/revisions"}],"predecessor-version":[{"id":6159,"href":"https:\/\/www.allgeier.com\/de\/wp-json\/wp\/v2\/pages\/2026\/revisions\/6159"}],"up":[{"embeddable":true,"href":"https:\/\/www.allgeier.com\/de\/wp-json\/wp\/v2\/pages\/1169"}],"wp:attachment":[{"href":"https:\/\/www.allgeier.com\/de\/wp-json\/wp\/v2\/media?parent=2026"}],"wp:term":[{"taxonomy":"category","embeddable":true,"href":"https:\/\/www.allgeier.com\/de\/wp-json\/wp\/v2\/categories?post=2026"},{"taxonomy":"post_tag","embeddable":true,"href":"https:\/\/www.allgeier.com\/de\/wp-json\/wp\/v2\/tags?post=2026"}],"curies":[{"name":"wp","href":"https:\/\/api.w.org\/{rel}","templated":true}]}}