{"id":2033,"date":"2015-10-13T12:22:46","date_gmt":"2015-10-13T12:22:46","guid":{"rendered":"https:\/\/www.allgeier.com\/de\/?page_id=2033"},"modified":"2025-02-05T18:36:50","modified_gmt":"2025-02-05T18:36:50","slug":"allgeier-it-solutions-prasentiert-ihre-branchenlosungen-fur-den-holz-und-baustoffhandel-auf-dem-branchentag-holz-und-dem-eurobaustoff-forum-im-november-in-koln","status":"publish","type":"page","link":"https:\/\/www.allgeier.com\/de\/pressroom\/press-releases\/allgeier-it-solutions-prasentiert-ihre-branchenlosungen-fur-den-holz-und-baustoffhandel-auf-dem-branchentag-holz-und-dem-eurobaustoff-forum-im-november-in-koln\/","title":{"rendered":"Allgeier IT Solutions pr\u00e4sentiert ihre Branchenl\u00f6sungen f\u00fcr den Holz- und Baustoffhandel auf dem Branchentag Holz und dem Eurobaustoff Forum im November in K\u00f6ln"},"content":{"rendered":"<p><strong>Bremen, den 13.10.2015<\/strong> \u2013 Allgeier IT Solutions &#8211; langj\u00e4hriger Partner des Branchentags Holz und des Eurobaustoff Forums- bietet einen Ausblick auf das Jahr 2016. Der Branchentag Holz vom 03. bis 04.11.2015 in K\u00f6ln ist das Branchenforum des deutschen Holzhandels und Treffpunkt f\u00fcr alle, die neue Trends sowie Visionen kennenlernen und Netzwerke schlie\u00dfen m\u00f6chten. Die Kommunikation sowie die Produktneuheiten und die Waren bilden das Zentrum des Eurobaustoff Forums vom 08. bis 09.11.2015, so dass die Gesellschafter auf dem gro\u00dfen Forum umfassende Kenntnisse \u00fcber das Leistungsangebot der Lieferanten und der Dienstleistungen gewinnen k\u00f6nnen. Bei Allgeier IT Solutions steht die erfolgreiche und fest etablierte Branchenl\u00f6sung f\u00fcr den Holz- und Baustoffhandel syntona\u00ae logic mit ihren vielen neuen Modulen, wie dem syntona\u00ae shop, der Finanzbuchhaltung, dem Lagerverwaltungssystem sowie dem Business Intelligence System im Mittelpunkt. Neu zu sehen ist auf den Messest\u00e4nden von Allgeier auf <strong>dem Branchentag Holz Stand<\/strong> <strong>A-021 in Halle 8<\/strong> und dem <strong>Eurobaustoff Forum Stand E10 in Halle 5.2<\/strong> der relaunch des syntona\u00ae Shops, der profitableres Handeln durch digitale B2B\/B2C Vertriebskan\u00e4le erm\u00f6glicht.<\/p>\n<p><strong>Ein System f\u00fcr Alles \u2013 syntona\u00ae logic <\/strong><\/p>\n<p>Herr Zahner, Bereichsleiter ERP-Handel bei Allgeier IT Solutions, erkl\u00e4rt den syntona\u00ae shop: \u201eUnser Shop ist in unser Warenwirtschaftssystem integriert. Unsere Kunden k\u00f6nnen damit mit \u00fcberschaubarem Aufwand in das f\u00fcr sie oftmals neue Thema eCommerce einsteigen. S\u00e4mtliche im Warenwirtschaftssystem hinterlegte Daten werden 1:1 in den Shop \u00fcbertragen, womit die Unternehmen sehr viel Zeit und Arbeit im Management der Shop-Inhalte, wie bei Bildern und Beschreibungen, sparen. Selbstverst\u00e4ndlich sorgen wir, durch Optimierung des Webauftritts (SEO) auch daf\u00fcr, dass der Shop auch schnell gefunden wird und an prominenter Stelle in der Suche auftaucht.\u201c Ferner stellt Allgeier IT Solutions syntona\u00ae logic 360\u00b0 vor: syntona\u00ae logic 360\u00b0 ist das Rundum-Paket von Allgeier IT Solutions f\u00fcr die Warenwirtschaft. Es beinhaltet smart.CAPTURE, eine Inputmanagement-Plattform basierend auf einer Client-Server-Architektur, den Workflow Designer, die syntona\u00ae logic App und syntona\u00ae logic Cockpit. Ferner werden die L\u00f6sungen syntona\u00ae logistics, das hochmoderne Lagerverwaltungs- und Lagersteuerungssystem zum Verwalten und Steuern von Lager- und Transportbewegungen, ScanView EES \/ ECM, ein System f\u00fcr die dauerhafte und gesetzeskonforme Archivierung von s\u00e4mtlichen elektronischen Daten, Dokumenten und Prozessen sowie weitere L\u00f6sungen zur digitalen Archivierung vorgestellt.<\/p>\n<p><strong>Alles aus einer Hand bei Allgeier IT Solutions<\/strong><\/p>\n<p>Allgeier IT Solutions bietet alles aus einer Hand \u2013 Business App, DMS, FIBU, Infrastruktur, Online-Shop, Warenwirtschaft. Von der \u00fcber 40-j\u00e4hrigen Erfahrung von Allgeier profitieren bereits mehr als 800 Kunden in allen Betriebsgr\u00f6\u00dfen im Holz- und Baustoffhandel. Auf dem <strong>Stand A-021 in Halle 8 des Branchentags Holz<\/strong> und dem <strong>Stand E10 in Halle 5.2 des Eurobaustoff Forums<\/strong> k\u00f6nnen sich die Besucher selbst \u00fcberzeugen.<\/p>\n<p>Weitere Informationen:<\/p>\n<p><strong><u><a href=\"http:\/\/www.allgeier-it.de\/business-solutions\/syntona-logic\">http:\/\/www.allgeier-it.de\/business-solutions\/syntona-logic<\/a><\/u><\/strong><\/p>\n<p><a href=\"http:\/\/www.allgeier-it.de\/business-solutions\/syntona-logic\/webshop\/der-neue-syntona-r-shop-1\"><strong><u>http:\/\/www.allgeier-it.de\/business-solutions\/syntona-logic\/webshop\/der-neue-syntona-r-shop-1<\/u><\/strong><\/a><\/p>\n<p><strong><u>\u00a0<\/u><\/strong><\/p>\n<p><strong>\u00dcber Allgeier IT Solutions AG<\/strong><\/p>\n<p>Die Allgeier IT Solutions AG hat sich auf die Entwicklung, Vermarktung und Umsetzung ganzheitlicher L\u00f6sungen und Services in folgenden Bereichen spezialisiert:<\/p>\n<ul>\n<li>Cloud Solutions<\/li>\n<li>Enterprise Content Management (ECM)<\/li>\n<li>Business Solutions (ERP)<\/li>\n<li>Business Process Management<\/li>\n<li>HealthCare-IT, Compliance &amp; Security, Business Services<\/li>\n<\/ul>\n<p>&nbsp;<\/p>\n<p>Die Allgeier IT Solutions AG mit Sitz in Bremen hat deutschlandweit eigene Standorte sowie Dependancen in \u00d6sterreich und Polen. Sie ist Teil der b\u00f6rsennotierten Allgeier SE. Das umfassende Leistungsspektrum von vollst\u00e4ndig integrierten IT L\u00f6sungen und IT Services aus einer Hand macht Allgeier IT Solutions zu einem kompetenten und zuverl\u00e4ssigen IT Partner f\u00fcr mittelst\u00e4ndische und gro\u00dfe Unternehmen. Zu den vollst\u00e4ndig integrierten IT L\u00f6sungen, die Allgeier IT Solutions anbietet, z\u00e4hlen beispielsweise:<\/p>\n<ul>\n<li>scanview (ECM)<\/li>\n<li>die Microsoft-L\u00f6sungen SharePoint, Lync, NAV und CRM<\/li>\n<li>Security L\u00f6sungen wie JULIA MailOffice (E-Mail-Security)<\/li>\n<\/ul>\n<p>&nbsp;<\/p>\n<p>Das fl\u00e4chendeckende Vertriebs- und Servicenetz wird erg\u00e4nzt durch ein europaweites Partnernetzwerk. Die Muttergesellschaft, die Allgeier SE, erwirtschaftete einen Umsatz von 428 Mio. EUR (fortgef\u00fchrtes Gesch\u00e4ft 2014) und verf\u00fcgt \u00fcber mehr als 100 Standorte in Europa, Asien und Amerika.<\/p>\n<p>Im Rahmen des diesj\u00e4hrigen \u201eCloud Vendor Benchmarks\u201c der Experton Group wurde Allgeier IT Solutions mit dem Preis \u201eCloud Leader 2015\u201c ausgezeichnet.<\/p>\n<p>&nbsp;<\/p>\n<p><strong>Ihre Ansprechpartner:<\/strong><\/p>\n<p>Allgeier IT Solutions GmbH<br \/>\nWiebke Bode<br \/>\nHans-Bredow-Str. 60<br \/>\n28307\u00a0Bremen<br \/>\nTel: +49 421 43841 355<br \/>\nFax: +49 421 438081<br \/>\nE-Mail: <a href=\"mailto:Wiebke.Bode@allgeier-it.de\"><u>Wiebke.Bode@allgeier-it.de<br \/>\n<\/u><\/a>Internet: <a href=\"http:\/\/www.allgeier-it.de\/\"><u>www.allgeier-it.de<\/u><\/a><\/p>\n","protected":false},"excerpt":{"rendered":"<p>Bremen, den 13.10.2015 \u2013 Allgeier IT Solutions &#8211; langj\u00e4hriger Partner des Branchentags Holz und des Eurobaustoff Forums- bietet einen Ausblick auf das Jahr 2016. Der Branchentag Holz vom 03. bis 04.11.2015 in K\u00f6ln ist das Branchenforum des deutschen Holzhandels und Treffpunkt f\u00fcr alle, die neue Trends sowie Visionen kennenlernen und Netzwerke schlie\u00dfen m\u00f6chten. Die Kommunikation &hellip; <\/p>\n","protected":false},"author":5,"featured_media":0,"parent":1169,"menu_order":0,"comment_status":"closed","ping_status":"closed","template":"","meta":{"_acf_changed":false,"footnotes":""},"categories":[7],"tags":[],"class_list":["post-2033","page","type-page","status-publish","hentry","category-pressemitteilungen"],"acf":[],"yoast_head":"<!-- This site is optimized with the Yoast SEO plugin v27.4 - https:\/\/yoast.com\/product\/yoast-seo-wordpress\/ -->\n<title>Allgeier IT Solutions pr\u00e4sentiert ihre Branchenl\u00f6sungen f\u00fcr den Holz- und Baustoffhandel auf dem Branchentag Holz und dem Eurobaustoff Forum im November in K\u00f6ln - Allgeier SE<\/title>\n<meta name=\"robots\" content=\"index, follow, max-snippet:-1, max-image-preview:large, max-video-preview:-1\" \/>\n<link rel=\"canonical\" href=\"https:\/\/www.allgeier.com\/de\/pressroom\/press-releases\/allgeier-it-solutions-prasentiert-ihre-branchenlosungen-fur-den-holz-und-baustoffhandel-auf-dem-branchentag-holz-und-dem-eurobaustoff-forum-im-november-in-koln\/\" \/>\n<meta property=\"og:locale\" content=\"de_DE\" \/>\n<meta property=\"og:type\" content=\"article\" \/>\n<meta property=\"og:title\" content=\"Allgeier IT Solutions pr\u00e4sentiert ihre Branchenl\u00f6sungen f\u00fcr den Holz- und Baustoffhandel auf dem Branchentag Holz und dem Eurobaustoff Forum im November in K\u00f6ln - Allgeier SE\" \/>\n<meta property=\"og:description\" content=\"Bremen, den 13.10.2015 \u2013 Allgeier IT Solutions &#8211; langj\u00e4hriger Partner des Branchentags Holz und des Eurobaustoff Forums- bietet einen Ausblick auf das Jahr 2016. Der Branchentag Holz vom 03. bis 04.11.2015 in K\u00f6ln ist das Branchenforum des deutschen Holzhandels und Treffpunkt f\u00fcr alle, die neue Trends sowie Visionen kennenlernen und Netzwerke schlie\u00dfen m\u00f6chten. Die Kommunikation &hellip;\" \/>\n<meta property=\"og:url\" content=\"https:\/\/www.allgeier.com\/de\/pressroom\/press-releases\/allgeier-it-solutions-prasentiert-ihre-branchenlosungen-fur-den-holz-und-baustoffhandel-auf-dem-branchentag-holz-und-dem-eurobaustoff-forum-im-november-in-koln\/\" \/>\n<meta property=\"og:site_name\" content=\"Allgeier SE\" \/>\n<meta property=\"article:modified_time\" content=\"2025-02-05T18:36:50+00:00\" \/>\n<meta name=\"twitter:card\" content=\"summary_large_image\" \/>\n<meta name=\"twitter:label1\" content=\"Gesch\u00e4tzte Lesezeit\" \/>\n\t<meta name=\"twitter:data1\" content=\"3\u00a0Minuten\" \/>\n<script type=\"application\/ld+json\" class=\"yoast-schema-graph\">{\"@context\":\"https:\\\/\\\/schema.org\",\"@graph\":[{\"@type\":\"WebPage\",\"@id\":\"https:\\\/\\\/www.allgeier.com\\\/de\\\/pressroom\\\/press-releases\\\/allgeier-it-solutions-prasentiert-ihre-branchenlosungen-fur-den-holz-und-baustoffhandel-auf-dem-branchentag-holz-und-dem-eurobaustoff-forum-im-november-in-koln\\\/\",\"url\":\"https:\\\/\\\/www.allgeier.com\\\/de\\\/pressroom\\\/press-releases\\\/allgeier-it-solutions-prasentiert-ihre-branchenlosungen-fur-den-holz-und-baustoffhandel-auf-dem-branchentag-holz-und-dem-eurobaustoff-forum-im-november-in-koln\\\/\",\"name\":\"Allgeier IT Solutions pr\u00e4sentiert ihre Branchenl\u00f6sungen f\u00fcr den Holz- und Baustoffhandel auf dem Branchentag Holz und dem Eurobaustoff Forum im November in K\u00f6ln - Allgeier SE\",\"isPartOf\":{\"@id\":\"https:\\\/\\\/www.allgeier.com\\\/de\\\/#website\"},\"datePublished\":\"2015-10-13T12:22:46+00:00\",\"dateModified\":\"2025-02-05T18:36:50+00:00\",\"breadcrumb\":{\"@id\":\"https:\\\/\\\/www.allgeier.com\\\/de\\\/pressroom\\\/press-releases\\\/allgeier-it-solutions-prasentiert-ihre-branchenlosungen-fur-den-holz-und-baustoffhandel-auf-dem-branchentag-holz-und-dem-eurobaustoff-forum-im-november-in-koln\\\/#breadcrumb\"},\"inLanguage\":\"de\",\"potentialAction\":[{\"@type\":\"ReadAction\",\"target\":[\"https:\\\/\\\/www.allgeier.com\\\/de\\\/pressroom\\\/press-releases\\\/allgeier-it-solutions-prasentiert-ihre-branchenlosungen-fur-den-holz-und-baustoffhandel-auf-dem-branchentag-holz-und-dem-eurobaustoff-forum-im-november-in-koln\\\/\"]}]},{\"@type\":\"BreadcrumbList\",\"@id\":\"https:\\\/\\\/www.allgeier.com\\\/de\\\/pressroom\\\/press-releases\\\/allgeier-it-solutions-prasentiert-ihre-branchenlosungen-fur-den-holz-und-baustoffhandel-auf-dem-branchentag-holz-und-dem-eurobaustoff-forum-im-november-in-koln\\\/#breadcrumb\",\"itemListElement\":[{\"@type\":\"ListItem\",\"position\":1,\"name\":\"Home\",\"item\":\"https:\\\/\\\/www.allgeier.com\\\/de\\\/\"},{\"@type\":\"ListItem\",\"position\":2,\"name\":\"Presse\",\"item\":\"https:\\\/\\\/www.allgeier.com\\\/de\\\/pressroom\\\/\"},{\"@type\":\"ListItem\",\"position\":3,\"name\":\"Pressemitteilungen\",\"item\":\"https:\\\/\\\/www.allgeier.com\\\/de\\\/pressroom\\\/press-releases\\\/\"},{\"@type\":\"ListItem\",\"position\":4,\"name\":\"Allgeier IT Solutions pr\u00e4sentiert ihre Branchenl\u00f6sungen f\u00fcr den Holz- und Baustoffhandel auf dem Branchentag Holz und dem Eurobaustoff Forum im November in K\u00f6ln\"}]},{\"@type\":\"WebSite\",\"@id\":\"https:\\\/\\\/www.allgeier.com\\\/de\\\/#website\",\"url\":\"https:\\\/\\\/www.allgeier.com\\\/de\\\/\",\"name\":\"Allgeier SE\",\"description\":\"Software &amp; IT Services for digital transformation\",\"potentialAction\":[{\"@type\":\"SearchAction\",\"target\":{\"@type\":\"EntryPoint\",\"urlTemplate\":\"https:\\\/\\\/www.allgeier.com\\\/de\\\/?s={search_term_string}\"},\"query-input\":{\"@type\":\"PropertyValueSpecification\",\"valueRequired\":true,\"valueName\":\"search_term_string\"}}],\"inLanguage\":\"de\"}]}<\/script>\n<!-- \/ Yoast SEO plugin. -->","yoast_head_json":{"title":"Allgeier IT Solutions pr\u00e4sentiert ihre Branchenl\u00f6sungen f\u00fcr den Holz- und Baustoffhandel auf dem Branchentag Holz und dem Eurobaustoff Forum im November in K\u00f6ln - Allgeier SE","robots":{"index":"index","follow":"follow","max-snippet":"max-snippet:-1","max-image-preview":"max-image-preview:large","max-video-preview":"max-video-preview:-1"},"canonical":"https:\/\/www.allgeier.com\/de\/pressroom\/press-releases\/allgeier-it-solutions-prasentiert-ihre-branchenlosungen-fur-den-holz-und-baustoffhandel-auf-dem-branchentag-holz-und-dem-eurobaustoff-forum-im-november-in-koln\/","og_locale":"de_DE","og_type":"article","og_title":"Allgeier IT Solutions pr\u00e4sentiert ihre Branchenl\u00f6sungen f\u00fcr den Holz- und Baustoffhandel auf dem Branchentag Holz und dem Eurobaustoff Forum im November in K\u00f6ln - Allgeier SE","og_description":"Bremen, den 13.10.2015 \u2013 Allgeier IT Solutions &#8211; langj\u00e4hriger Partner des Branchentags Holz und des Eurobaustoff Forums- bietet einen Ausblick auf das Jahr 2016. Der Branchentag Holz vom 03. bis 04.11.2015 in K\u00f6ln ist das Branchenforum des deutschen Holzhandels und Treffpunkt f\u00fcr alle, die neue Trends sowie Visionen kennenlernen und Netzwerke schlie\u00dfen m\u00f6chten. Die Kommunikation &hellip;","og_url":"https:\/\/www.allgeier.com\/de\/pressroom\/press-releases\/allgeier-it-solutions-prasentiert-ihre-branchenlosungen-fur-den-holz-und-baustoffhandel-auf-dem-branchentag-holz-und-dem-eurobaustoff-forum-im-november-in-koln\/","og_site_name":"Allgeier SE","article_modified_time":"2025-02-05T18:36:50+00:00","twitter_card":"summary_large_image","twitter_misc":{"Gesch\u00e4tzte Lesezeit":"3\u00a0Minuten"},"schema":{"@context":"https:\/\/schema.org","@graph":[{"@type":"WebPage","@id":"https:\/\/www.allgeier.com\/de\/pressroom\/press-releases\/allgeier-it-solutions-prasentiert-ihre-branchenlosungen-fur-den-holz-und-baustoffhandel-auf-dem-branchentag-holz-und-dem-eurobaustoff-forum-im-november-in-koln\/","url":"https:\/\/www.allgeier.com\/de\/pressroom\/press-releases\/allgeier-it-solutions-prasentiert-ihre-branchenlosungen-fur-den-holz-und-baustoffhandel-auf-dem-branchentag-holz-und-dem-eurobaustoff-forum-im-november-in-koln\/","name":"Allgeier IT Solutions pr\u00e4sentiert ihre Branchenl\u00f6sungen f\u00fcr den Holz- und Baustoffhandel auf dem Branchentag Holz und dem Eurobaustoff Forum im November in K\u00f6ln - Allgeier SE","isPartOf":{"@id":"https:\/\/www.allgeier.com\/de\/#website"},"datePublished":"2015-10-13T12:22:46+00:00","dateModified":"2025-02-05T18:36:50+00:00","breadcrumb":{"@id":"https:\/\/www.allgeier.com\/de\/pressroom\/press-releases\/allgeier-it-solutions-prasentiert-ihre-branchenlosungen-fur-den-holz-und-baustoffhandel-auf-dem-branchentag-holz-und-dem-eurobaustoff-forum-im-november-in-koln\/#breadcrumb"},"inLanguage":"de","potentialAction":[{"@type":"ReadAction","target":["https:\/\/www.allgeier.com\/de\/pressroom\/press-releases\/allgeier-it-solutions-prasentiert-ihre-branchenlosungen-fur-den-holz-und-baustoffhandel-auf-dem-branchentag-holz-und-dem-eurobaustoff-forum-im-november-in-koln\/"]}]},{"@type":"BreadcrumbList","@id":"https:\/\/www.allgeier.com\/de\/pressroom\/press-releases\/allgeier-it-solutions-prasentiert-ihre-branchenlosungen-fur-den-holz-und-baustoffhandel-auf-dem-branchentag-holz-und-dem-eurobaustoff-forum-im-november-in-koln\/#breadcrumb","itemListElement":[{"@type":"ListItem","position":1,"name":"Home","item":"https:\/\/www.allgeier.com\/de\/"},{"@type":"ListItem","position":2,"name":"Presse","item":"https:\/\/www.allgeier.com\/de\/pressroom\/"},{"@type":"ListItem","position":3,"name":"Pressemitteilungen","item":"https:\/\/www.allgeier.com\/de\/pressroom\/press-releases\/"},{"@type":"ListItem","position":4,"name":"Allgeier IT Solutions pr\u00e4sentiert ihre Branchenl\u00f6sungen f\u00fcr den Holz- und Baustoffhandel auf dem Branchentag Holz und dem Eurobaustoff Forum im November in K\u00f6ln"}]},{"@type":"WebSite","@id":"https:\/\/www.allgeier.com\/de\/#website","url":"https:\/\/www.allgeier.com\/de\/","name":"Allgeier SE","description":"Software &amp; IT Services for digital transformation","potentialAction":[{"@type":"SearchAction","target":{"@type":"EntryPoint","urlTemplate":"https:\/\/www.allgeier.com\/de\/?s={search_term_string}"},"query-input":{"@type":"PropertyValueSpecification","valueRequired":true,"valueName":"search_term_string"}}],"inLanguage":"de"}]}},"_links":{"self":[{"href":"https:\/\/www.allgeier.com\/de\/wp-json\/wp\/v2\/pages\/2033","targetHints":{"allow":["GET"]}}],"collection":[{"href":"https:\/\/www.allgeier.com\/de\/wp-json\/wp\/v2\/pages"}],"about":[{"href":"https:\/\/www.allgeier.com\/de\/wp-json\/wp\/v2\/types\/page"}],"author":[{"embeddable":true,"href":"https:\/\/www.allgeier.com\/de\/wp-json\/wp\/v2\/users\/5"}],"replies":[{"embeddable":true,"href":"https:\/\/www.allgeier.com\/de\/wp-json\/wp\/v2\/comments?post=2033"}],"version-history":[{"count":1,"href":"https:\/\/www.allgeier.com\/de\/wp-json\/wp\/v2\/pages\/2033\/revisions"}],"predecessor-version":[{"id":6157,"href":"https:\/\/www.allgeier.com\/de\/wp-json\/wp\/v2\/pages\/2033\/revisions\/6157"}],"up":[{"embeddable":true,"href":"https:\/\/www.allgeier.com\/de\/wp-json\/wp\/v2\/pages\/1169"}],"wp:attachment":[{"href":"https:\/\/www.allgeier.com\/de\/wp-json\/wp\/v2\/media?parent=2033"}],"wp:term":[{"taxonomy":"category","embeddable":true,"href":"https:\/\/www.allgeier.com\/de\/wp-json\/wp\/v2\/categories?post=2033"},{"taxonomy":"post_tag","embeddable":true,"href":"https:\/\/www.allgeier.com\/de\/wp-json\/wp\/v2\/tags?post=2033"}],"curies":[{"name":"wp","href":"https:\/\/api.w.org\/{rel}","templated":true}]}}