{"id":2092,"date":"2016-01-06T05:38:25","date_gmt":"2016-01-06T05:38:25","guid":{"rendered":"https:\/\/www.allgeier.com\/de\/?page_id=2092"},"modified":"2025-02-05T18:00:45","modified_gmt":"2025-02-05T18:00:45","slug":"es-06012016","status":"publish","type":"page","link":"https:\/\/www.allgeier.com\/de\/pressroom\/press-review\/es-06012016\/","title":{"rendered":"es-06012016"},"content":{"rendered":"<p>Gurgaon: Die Unternehmen der Stadt haben ungew\u00f6hnliche Pl\u00e4ne. Sie haben nach Wegen gesucht, um das t\u00e4gliche Pendeln f\u00fcr ihre Angestellten einfacher zu gestalten, sogar die Anwohner versuchen herauszufinden wie man die Unw\u00e4gbarkeiten der Regierung in Delhi bew\u00e4ltigen kann.<br \/>\nWenn es darum geht, die Initiative zu ergreifen, ist Nagarro immer vorne dabei \u2026<br \/>\n<a href=\"http:\/\/timesofindia.indiatimes.com\/city\/gurgaon\/Companies-pool-staff-info-in-joint-database-for-common-bus-service\/articleshow\/50465284.cms\" target=\"_blank\">Read more [in engl. Sprache]<\/a><\/p>\n","protected":false},"excerpt":{"rendered":"<p>Gurgaon: Die Unternehmen der Stadt haben ungew\u00f6hnliche Pl\u00e4ne. Sie haben nach Wegen gesucht, um das t\u00e4gliche Pendeln f\u00fcr ihre Angestellten einfacher zu gestalten, sogar die Anwohner versuchen herauszufinden wie man die Unw\u00e4gbarkeiten der Regierung in Delhi bew\u00e4ltigen kann. Wenn es darum geht, die Initiative zu ergreifen, ist Nagarro immer vorne dabei \u2026 Read more [in &hellip; <\/p>\n","protected":false},"author":1,"featured_media":0,"parent":1778,"menu_order":0,"comment_status":"closed","ping_status":"closed","template":"","meta":{"_acf_changed":false,"footnotes":""},"categories":[9],"tags":[],"class_list":["post-2092","page","type-page","status-publish","hentry","category-news"],"acf":[],"yoast_head":"<!-- This site is optimized with the Yoast SEO plugin v27.4 - https:\/\/yoast.com\/product\/yoast-seo-wordpress\/ -->\n<title>es-06012016 - Allgeier SE<\/title>\n<meta name=\"robots\" content=\"index, follow, max-snippet:-1, max-image-preview:large, max-video-preview:-1\" \/>\n<link rel=\"canonical\" href=\"https:\/\/www.allgeier.com\/de\/pressroom\/press-review\/es-06012016\/\" \/>\n<meta property=\"og:locale\" content=\"de_DE\" \/>\n<meta property=\"og:type\" content=\"article\" \/>\n<meta property=\"og:title\" content=\"es-06012016 - Allgeier SE\" \/>\n<meta property=\"og:description\" content=\"Gurgaon: Die Unternehmen der Stadt haben ungew\u00f6hnliche Pl\u00e4ne. Sie haben nach Wegen gesucht, um das t\u00e4gliche Pendeln f\u00fcr ihre Angestellten einfacher zu gestalten, sogar die Anwohner versuchen herauszufinden wie man die Unw\u00e4gbarkeiten der Regierung in Delhi bew\u00e4ltigen kann. Wenn es darum geht, die Initiative zu ergreifen, ist Nagarro immer vorne dabei \u2026 Read more [in &hellip;\" \/>\n<meta property=\"og:url\" content=\"https:\/\/www.allgeier.com\/de\/pressroom\/press-review\/es-06012016\/\" \/>\n<meta property=\"og:site_name\" content=\"Allgeier SE\" \/>\n<meta property=\"article:modified_time\" content=\"2025-02-05T18:00:45+00:00\" \/>\n<meta name=\"twitter:card\" content=\"summary_large_image\" \/>\n<meta name=\"twitter:label1\" content=\"Gesch\u00e4tzte Lesezeit\" \/>\n\t<meta name=\"twitter:data1\" content=\"1\u00a0Minute\" \/>\n<script type=\"application\/ld+json\" class=\"yoast-schema-graph\">{\"@context\":\"https:\\\/\\\/schema.org\",\"@graph\":[{\"@type\":\"WebPage\",\"@id\":\"https:\\\/\\\/www.allgeier.com\\\/de\\\/pressroom\\\/press-review\\\/es-06012016\\\/\",\"url\":\"https:\\\/\\\/www.allgeier.com\\\/de\\\/pressroom\\\/press-review\\\/es-06012016\\\/\",\"name\":\"es-06012016 - Allgeier SE\",\"isPartOf\":{\"@id\":\"https:\\\/\\\/www.allgeier.com\\\/de\\\/#website\"},\"datePublished\":\"2016-01-06T05:38:25+00:00\",\"dateModified\":\"2025-02-05T18:00:45+00:00\",\"breadcrumb\":{\"@id\":\"https:\\\/\\\/www.allgeier.com\\\/de\\\/pressroom\\\/press-review\\\/es-06012016\\\/#breadcrumb\"},\"inLanguage\":\"de\",\"potentialAction\":[{\"@type\":\"ReadAction\",\"target\":[\"https:\\\/\\\/www.allgeier.com\\\/de\\\/pressroom\\\/press-review\\\/es-06012016\\\/\"]}]},{\"@type\":\"BreadcrumbList\",\"@id\":\"https:\\\/\\\/www.allgeier.com\\\/de\\\/pressroom\\\/press-review\\\/es-06012016\\\/#breadcrumb\",\"itemListElement\":[{\"@type\":\"ListItem\",\"position\":1,\"name\":\"Home\",\"item\":\"https:\\\/\\\/www.allgeier.com\\\/de\\\/\"},{\"@type\":\"ListItem\",\"position\":2,\"name\":\"Presse\",\"item\":\"https:\\\/\\\/www.allgeier.com\\\/de\\\/pressroom\\\/\"},{\"@type\":\"ListItem\",\"position\":3,\"name\":\"Press Review\",\"item\":\"https:\\\/\\\/www.allgeier.com\\\/de\\\/pressroom\\\/press-review\\\/\"},{\"@type\":\"ListItem\",\"position\":4,\"name\":\"es-06012016\"}]},{\"@type\":\"WebSite\",\"@id\":\"https:\\\/\\\/www.allgeier.com\\\/de\\\/#website\",\"url\":\"https:\\\/\\\/www.allgeier.com\\\/de\\\/\",\"name\":\"Allgeier SE\",\"description\":\"Software &amp; IT Services for digital transformation\",\"potentialAction\":[{\"@type\":\"SearchAction\",\"target\":{\"@type\":\"EntryPoint\",\"urlTemplate\":\"https:\\\/\\\/www.allgeier.com\\\/de\\\/?s={search_term_string}\"},\"query-input\":{\"@type\":\"PropertyValueSpecification\",\"valueRequired\":true,\"valueName\":\"search_term_string\"}}],\"inLanguage\":\"de\"}]}<\/script>\n<!-- \/ Yoast SEO plugin. -->","yoast_head_json":{"title":"es-06012016 - Allgeier SE","robots":{"index":"index","follow":"follow","max-snippet":"max-snippet:-1","max-image-preview":"max-image-preview:large","max-video-preview":"max-video-preview:-1"},"canonical":"https:\/\/www.allgeier.com\/de\/pressroom\/press-review\/es-06012016\/","og_locale":"de_DE","og_type":"article","og_title":"es-06012016 - Allgeier SE","og_description":"Gurgaon: Die Unternehmen der Stadt haben ungew\u00f6hnliche Pl\u00e4ne. Sie haben nach Wegen gesucht, um das t\u00e4gliche Pendeln f\u00fcr ihre Angestellten einfacher zu gestalten, sogar die Anwohner versuchen herauszufinden wie man die Unw\u00e4gbarkeiten der Regierung in Delhi bew\u00e4ltigen kann. Wenn es darum geht, die Initiative zu ergreifen, ist Nagarro immer vorne dabei \u2026 Read more [in &hellip;","og_url":"https:\/\/www.allgeier.com\/de\/pressroom\/press-review\/es-06012016\/","og_site_name":"Allgeier SE","article_modified_time":"2025-02-05T18:00:45+00:00","twitter_card":"summary_large_image","twitter_misc":{"Gesch\u00e4tzte Lesezeit":"1\u00a0Minute"},"schema":{"@context":"https:\/\/schema.org","@graph":[{"@type":"WebPage","@id":"https:\/\/www.allgeier.com\/de\/pressroom\/press-review\/es-06012016\/","url":"https:\/\/www.allgeier.com\/de\/pressroom\/press-review\/es-06012016\/","name":"es-06012016 - Allgeier SE","isPartOf":{"@id":"https:\/\/www.allgeier.com\/de\/#website"},"datePublished":"2016-01-06T05:38:25+00:00","dateModified":"2025-02-05T18:00:45+00:00","breadcrumb":{"@id":"https:\/\/www.allgeier.com\/de\/pressroom\/press-review\/es-06012016\/#breadcrumb"},"inLanguage":"de","potentialAction":[{"@type":"ReadAction","target":["https:\/\/www.allgeier.com\/de\/pressroom\/press-review\/es-06012016\/"]}]},{"@type":"BreadcrumbList","@id":"https:\/\/www.allgeier.com\/de\/pressroom\/press-review\/es-06012016\/#breadcrumb","itemListElement":[{"@type":"ListItem","position":1,"name":"Home","item":"https:\/\/www.allgeier.com\/de\/"},{"@type":"ListItem","position":2,"name":"Presse","item":"https:\/\/www.allgeier.com\/de\/pressroom\/"},{"@type":"ListItem","position":3,"name":"Press Review","item":"https:\/\/www.allgeier.com\/de\/pressroom\/press-review\/"},{"@type":"ListItem","position":4,"name":"es-06012016"}]},{"@type":"WebSite","@id":"https:\/\/www.allgeier.com\/de\/#website","url":"https:\/\/www.allgeier.com\/de\/","name":"Allgeier SE","description":"Software &amp; IT Services for digital transformation","potentialAction":[{"@type":"SearchAction","target":{"@type":"EntryPoint","urlTemplate":"https:\/\/www.allgeier.com\/de\/?s={search_term_string}"},"query-input":{"@type":"PropertyValueSpecification","valueRequired":true,"valueName":"search_term_string"}}],"inLanguage":"de"}]}},"_links":{"self":[{"href":"https:\/\/www.allgeier.com\/de\/wp-json\/wp\/v2\/pages\/2092","targetHints":{"allow":["GET"]}}],"collection":[{"href":"https:\/\/www.allgeier.com\/de\/wp-json\/wp\/v2\/pages"}],"about":[{"href":"https:\/\/www.allgeier.com\/de\/wp-json\/wp\/v2\/types\/page"}],"author":[{"embeddable":true,"href":"https:\/\/www.allgeier.com\/de\/wp-json\/wp\/v2\/users\/1"}],"replies":[{"embeddable":true,"href":"https:\/\/www.allgeier.com\/de\/wp-json\/wp\/v2\/comments?post=2092"}],"version-history":[{"count":1,"href":"https:\/\/www.allgeier.com\/de\/wp-json\/wp\/v2\/pages\/2092\/revisions"}],"predecessor-version":[{"id":2095,"href":"https:\/\/www.allgeier.com\/de\/wp-json\/wp\/v2\/pages\/2092\/revisions\/2095"}],"up":[{"embeddable":true,"href":"https:\/\/www.allgeier.com\/de\/wp-json\/wp\/v2\/pages\/1778"}],"wp:attachment":[{"href":"https:\/\/www.allgeier.com\/de\/wp-json\/wp\/v2\/media?parent=2092"}],"wp:term":[{"taxonomy":"category","embeddable":true,"href":"https:\/\/www.allgeier.com\/de\/wp-json\/wp\/v2\/categories?post=2092"},{"taxonomy":"post_tag","embeddable":true,"href":"https:\/\/www.allgeier.com\/de\/wp-json\/wp\/v2\/tags?post=2092"}],"curies":[{"name":"wp","href":"https:\/\/api.w.org\/{rel}","templated":true}]}}