{"id":2103,"date":"2016-02-15T04:52:30","date_gmt":"2016-02-15T04:52:30","guid":{"rendered":"https:\/\/www.allgeier.com\/de\/?page_id=2103"},"modified":"2025-02-05T17:47:27","modified_gmt":"2025-02-05T17:47:27","slug":"industrie-4-0-evolution-oder-revolution","status":"publish","type":"page","link":"https:\/\/www.allgeier.com\/de\/pressroom\/news\/industrie-4-0-evolution-oder-revolution\/","title":{"rendered":"Industrie 4.0 \u2013 Evolution oder Revolution?"},"content":{"rendered":"<p>IT\u2019s Morning in M\u00fcnchen: IT-Kompetenz aus der Praxis \u2013 kurz, pr\u00e4gnant und sachlich pr\u00e4sentiert in aktuellen Vortr\u00e4gen.<br \/>\nDie Allgeier Company Goetzfried Professionals l\u00e4dt Sie gemeinsam mit der Netz1 GmbH zu einem spannenden Event mit hochkar\u00e4tigen Referenten.<\/p>\n<p>Menschen \u2013 Prozesse \u2013 Produkte \u2013 Gesch\u00e4ftsmodelle<br \/>\nDer rasante technologische Fortschritt stellt bestehende Gesch\u00e4ftsmodelle auf den Pr\u00fcfstand und l\u00e4sst neue entstehen. Etablierte Player am Markt werden von Nischenanbietern bedr\u00e4ngt, Branchengrenzen zerflie\u00dfen, die Kleinen konkurrieren mit den Gro\u00dfen.<br \/>\nWelche Folgen hat diese Entwicklung heute f\u00fcr Ihr Unternehmen? Welche Chancen bietet Industrie 4.0 und welche Stolpersteine sollten Sie beachten? Diese und weitere Fragen greifen im Rahmen unserer Veranstaltungsreihe \u201eIT\u2019s Morning\u201c auf und betrachten sie mit Ihnen gemeinsam in interessanten Fachvortr\u00e4gen und Diskussionen.<br \/>\nErfahren Sie, wie Sie Ihr Unternehmen und Ihre Mitarbeiter fit machen f\u00fcr die Anforderungen der Industrie 4.0!<br \/>\nWann: 25.02.2016, 09:00 Uhr \u2013 13:00 Uhr (Empfang: 08:30 Uhr)<br \/>\nWo: MTZ M\u00fcnchner Technologiezentrum, Agnes-Pockels-Bogen 1, 80992 M\u00fcnchen<\/p>\n<p>Sichern Sie sich gleich hier Ihre kostenlose Teilnahme: <a href=\"http:\/\/anmeldung.its-morning.com\/\">anmeldung.its-morning.com<\/a><\/p>\n","protected":false},"excerpt":{"rendered":"<p>IT\u2019s Morning in M\u00fcnchen: IT-Kompetenz aus der Praxis \u2013 kurz, pr\u00e4gnant und sachlich pr\u00e4sentiert in aktuellen Vortr\u00e4gen. Die Allgeier Company Goetzfried Professionals l\u00e4dt Sie gemeinsam mit der Netz1 GmbH zu einem spannenden Event mit hochkar\u00e4tigen Referenten. Menschen \u2013 Prozesse \u2013 Produkte \u2013 Gesch\u00e4ftsmodelle Der rasante technologische Fortschritt stellt bestehende Gesch\u00e4ftsmodelle auf den Pr\u00fcfstand und l\u00e4sst &hellip; <\/p>\n","protected":false},"author":1,"featured_media":0,"parent":1171,"menu_order":0,"comment_status":"closed","ping_status":"closed","template":"","meta":{"_acf_changed":false,"footnotes":""},"categories":[9],"tags":[],"class_list":["post-2103","page","type-page","status-publish","hentry","category-news"],"acf":[],"yoast_head":"<!-- This site is optimized with the Yoast SEO plugin v27.3 - https:\/\/yoast.com\/product\/yoast-seo-wordpress\/ -->\n<title>Industrie 4.0 \u2013 Evolution oder Revolution? - Allgeier SE<\/title>\n<meta name=\"robots\" content=\"index, follow, max-snippet:-1, max-image-preview:large, max-video-preview:-1\" \/>\n<link rel=\"canonical\" href=\"https:\/\/www.allgeier.com\/de\/pressroom\/news\/industrie-4-0-evolution-oder-revolution\/\" \/>\n<meta property=\"og:locale\" content=\"de_DE\" \/>\n<meta property=\"og:type\" content=\"article\" \/>\n<meta property=\"og:title\" content=\"Industrie 4.0 \u2013 Evolution oder Revolution? - Allgeier SE\" \/>\n<meta property=\"og:description\" content=\"IT\u2019s Morning in M\u00fcnchen: IT-Kompetenz aus der Praxis \u2013 kurz, pr\u00e4gnant und sachlich pr\u00e4sentiert in aktuellen Vortr\u00e4gen. Die Allgeier Company Goetzfried Professionals l\u00e4dt Sie gemeinsam mit der Netz1 GmbH zu einem spannenden Event mit hochkar\u00e4tigen Referenten. Menschen \u2013 Prozesse \u2013 Produkte \u2013 Gesch\u00e4ftsmodelle Der rasante technologische Fortschritt stellt bestehende Gesch\u00e4ftsmodelle auf den Pr\u00fcfstand und l\u00e4sst &hellip;\" \/>\n<meta property=\"og:url\" content=\"https:\/\/www.allgeier.com\/de\/pressroom\/news\/industrie-4-0-evolution-oder-revolution\/\" \/>\n<meta property=\"og:site_name\" content=\"Allgeier SE\" \/>\n<meta property=\"article:modified_time\" content=\"2025-02-05T17:47:27+00:00\" \/>\n<meta name=\"twitter:card\" content=\"summary_large_image\" \/>\n<meta name=\"twitter:label1\" content=\"Gesch\u00e4tzte Lesezeit\" \/>\n\t<meta name=\"twitter:data1\" content=\"1\u00a0Minute\" \/>\n<script type=\"application\/ld+json\" class=\"yoast-schema-graph\">{\"@context\":\"https:\\\/\\\/schema.org\",\"@graph\":[{\"@type\":\"WebPage\",\"@id\":\"https:\\\/\\\/www.allgeier.com\\\/de\\\/pressroom\\\/news\\\/industrie-4-0-evolution-oder-revolution\\\/\",\"url\":\"https:\\\/\\\/www.allgeier.com\\\/de\\\/pressroom\\\/news\\\/industrie-4-0-evolution-oder-revolution\\\/\",\"name\":\"Industrie 4.0 \u2013 Evolution oder Revolution? - Allgeier SE\",\"isPartOf\":{\"@id\":\"https:\\\/\\\/www.allgeier.com\\\/de\\\/#website\"},\"datePublished\":\"2016-02-15T04:52:30+00:00\",\"dateModified\":\"2025-02-05T17:47:27+00:00\",\"breadcrumb\":{\"@id\":\"https:\\\/\\\/www.allgeier.com\\\/de\\\/pressroom\\\/news\\\/industrie-4-0-evolution-oder-revolution\\\/#breadcrumb\"},\"inLanguage\":\"de\",\"potentialAction\":[{\"@type\":\"ReadAction\",\"target\":[\"https:\\\/\\\/www.allgeier.com\\\/de\\\/pressroom\\\/news\\\/industrie-4-0-evolution-oder-revolution\\\/\"]}]},{\"@type\":\"BreadcrumbList\",\"@id\":\"https:\\\/\\\/www.allgeier.com\\\/de\\\/pressroom\\\/news\\\/industrie-4-0-evolution-oder-revolution\\\/#breadcrumb\",\"itemListElement\":[{\"@type\":\"ListItem\",\"position\":1,\"name\":\"Home\",\"item\":\"https:\\\/\\\/www.allgeier.com\\\/de\\\/\"},{\"@type\":\"ListItem\",\"position\":2,\"name\":\"Presse\",\"item\":\"https:\\\/\\\/www.allgeier.com\\\/de\\\/pressroom\\\/\"},{\"@type\":\"ListItem\",\"position\":3,\"name\":\"News\",\"item\":\"https:\\\/\\\/www.allgeier.com\\\/de\\\/pressroom\\\/news\\\/\"},{\"@type\":\"ListItem\",\"position\":4,\"name\":\"Industrie 4.0 \u2013 Evolution oder Revolution?\"}]},{\"@type\":\"WebSite\",\"@id\":\"https:\\\/\\\/www.allgeier.com\\\/de\\\/#website\",\"url\":\"https:\\\/\\\/www.allgeier.com\\\/de\\\/\",\"name\":\"Allgeier SE\",\"description\":\"Software &amp; IT Services for digital transformation\",\"potentialAction\":[{\"@type\":\"SearchAction\",\"target\":{\"@type\":\"EntryPoint\",\"urlTemplate\":\"https:\\\/\\\/www.allgeier.com\\\/de\\\/?s={search_term_string}\"},\"query-input\":{\"@type\":\"PropertyValueSpecification\",\"valueRequired\":true,\"valueName\":\"search_term_string\"}}],\"inLanguage\":\"de\"}]}<\/script>\n<!-- \/ Yoast SEO plugin. -->","yoast_head_json":{"title":"Industrie 4.0 \u2013 Evolution oder Revolution? - Allgeier SE","robots":{"index":"index","follow":"follow","max-snippet":"max-snippet:-1","max-image-preview":"max-image-preview:large","max-video-preview":"max-video-preview:-1"},"canonical":"https:\/\/www.allgeier.com\/de\/pressroom\/news\/industrie-4-0-evolution-oder-revolution\/","og_locale":"de_DE","og_type":"article","og_title":"Industrie 4.0 \u2013 Evolution oder Revolution? - Allgeier SE","og_description":"IT\u2019s Morning in M\u00fcnchen: IT-Kompetenz aus der Praxis \u2013 kurz, pr\u00e4gnant und sachlich pr\u00e4sentiert in aktuellen Vortr\u00e4gen. Die Allgeier Company Goetzfried Professionals l\u00e4dt Sie gemeinsam mit der Netz1 GmbH zu einem spannenden Event mit hochkar\u00e4tigen Referenten. Menschen \u2013 Prozesse \u2013 Produkte \u2013 Gesch\u00e4ftsmodelle Der rasante technologische Fortschritt stellt bestehende Gesch\u00e4ftsmodelle auf den Pr\u00fcfstand und l\u00e4sst &hellip;","og_url":"https:\/\/www.allgeier.com\/de\/pressroom\/news\/industrie-4-0-evolution-oder-revolution\/","og_site_name":"Allgeier SE","article_modified_time":"2025-02-05T17:47:27+00:00","twitter_card":"summary_large_image","twitter_misc":{"Gesch\u00e4tzte Lesezeit":"1\u00a0Minute"},"schema":{"@context":"https:\/\/schema.org","@graph":[{"@type":"WebPage","@id":"https:\/\/www.allgeier.com\/de\/pressroom\/news\/industrie-4-0-evolution-oder-revolution\/","url":"https:\/\/www.allgeier.com\/de\/pressroom\/news\/industrie-4-0-evolution-oder-revolution\/","name":"Industrie 4.0 \u2013 Evolution oder Revolution? - Allgeier SE","isPartOf":{"@id":"https:\/\/www.allgeier.com\/de\/#website"},"datePublished":"2016-02-15T04:52:30+00:00","dateModified":"2025-02-05T17:47:27+00:00","breadcrumb":{"@id":"https:\/\/www.allgeier.com\/de\/pressroom\/news\/industrie-4-0-evolution-oder-revolution\/#breadcrumb"},"inLanguage":"de","potentialAction":[{"@type":"ReadAction","target":["https:\/\/www.allgeier.com\/de\/pressroom\/news\/industrie-4-0-evolution-oder-revolution\/"]}]},{"@type":"BreadcrumbList","@id":"https:\/\/www.allgeier.com\/de\/pressroom\/news\/industrie-4-0-evolution-oder-revolution\/#breadcrumb","itemListElement":[{"@type":"ListItem","position":1,"name":"Home","item":"https:\/\/www.allgeier.com\/de\/"},{"@type":"ListItem","position":2,"name":"Presse","item":"https:\/\/www.allgeier.com\/de\/pressroom\/"},{"@type":"ListItem","position":3,"name":"News","item":"https:\/\/www.allgeier.com\/de\/pressroom\/news\/"},{"@type":"ListItem","position":4,"name":"Industrie 4.0 \u2013 Evolution oder Revolution?"}]},{"@type":"WebSite","@id":"https:\/\/www.allgeier.com\/de\/#website","url":"https:\/\/www.allgeier.com\/de\/","name":"Allgeier SE","description":"Software &amp; IT Services for digital transformation","potentialAction":[{"@type":"SearchAction","target":{"@type":"EntryPoint","urlTemplate":"https:\/\/www.allgeier.com\/de\/?s={search_term_string}"},"query-input":{"@type":"PropertyValueSpecification","valueRequired":true,"valueName":"search_term_string"}}],"inLanguage":"de"}]}},"_links":{"self":[{"href":"https:\/\/www.allgeier.com\/de\/wp-json\/wp\/v2\/pages\/2103","targetHints":{"allow":["GET"]}}],"collection":[{"href":"https:\/\/www.allgeier.com\/de\/wp-json\/wp\/v2\/pages"}],"about":[{"href":"https:\/\/www.allgeier.com\/de\/wp-json\/wp\/v2\/types\/page"}],"author":[{"embeddable":true,"href":"https:\/\/www.allgeier.com\/de\/wp-json\/wp\/v2\/users\/1"}],"replies":[{"embeddable":true,"href":"https:\/\/www.allgeier.com\/de\/wp-json\/wp\/v2\/comments?post=2103"}],"version-history":[{"count":1,"href":"https:\/\/www.allgeier.com\/de\/wp-json\/wp\/v2\/pages\/2103\/revisions"}],"predecessor-version":[{"id":6124,"href":"https:\/\/www.allgeier.com\/de\/wp-json\/wp\/v2\/pages\/2103\/revisions\/6124"}],"up":[{"embeddable":true,"href":"https:\/\/www.allgeier.com\/de\/wp-json\/wp\/v2\/pages\/1171"}],"wp:attachment":[{"href":"https:\/\/www.allgeier.com\/de\/wp-json\/wp\/v2\/media?parent=2103"}],"wp:term":[{"taxonomy":"category","embeddable":true,"href":"https:\/\/www.allgeier.com\/de\/wp-json\/wp\/v2\/categories?post=2103"},{"taxonomy":"post_tag","embeddable":true,"href":"https:\/\/www.allgeier.com\/de\/wp-json\/wp\/v2\/tags?post=2103"}],"curies":[{"name":"wp","href":"https:\/\/api.w.org\/{rel}","templated":true}]}}