{"id":2152,"date":"2016-05-04T17:50:36","date_gmt":"2016-05-04T17:50:36","guid":{"rendered":"https:\/\/www.allgeier.com\/de\/?page_id=2152"},"modified":"2025-02-05T18:01:32","modified_gmt":"2025-02-05T18:01:32","slug":"lufthansa-systems-signs-pact-with-nagarro","status":"publish","type":"page","link":"https:\/\/www.allgeier.com\/de\/pressroom\/press-review\/lufthansa-systems-signs-pact-with-nagarro\/","title":{"rendered":"Lufthansa Systems signs pact with Nagarro"},"content":{"rendered":"<p>Lufthansa Systems hat mit dem Softwareentwicklungs- und Beratungsunternehmen Nagarro einen langfristigen Vertrag unterzeichnet.<br \/>\nIn einer gemeinsamen Bekanntmachung lie\u00dfen die Unternehmen verlauten, dass die Vereinbarung es ihnen erm\u00f6gliche, sich der laufend ver\u00e4ndernden Nachfrage in der Luftfahrtindustrie zu stellen, mit dem Ziel die Flexibilit\u00e4t und Reaktionsf\u00e4higkeit bisheriger L\u00f6sungen zu verbessern.<br \/>\n<a href=\"http:\/\/www.thehindubusinessline.com\/info-tech\/lufthansa-systems-signs-pact-with-nagarro\/article8556034.ece\" target=\"_blank\">Mehr [in engl. Sprache]<\/a><\/p>\n","protected":false},"excerpt":{"rendered":"<p>Lufthansa Systems hat mit dem Softwareentwicklungs- und Beratungsunternehmen Nagarro einen langfristigen Vertrag unterzeichnet. In einer gemeinsamen Bekanntmachung lie\u00dfen die Unternehmen verlauten, dass die Vereinbarung es ihnen erm\u00f6gliche, sich der laufend ver\u00e4ndernden Nachfrage in der Luftfahrtindustrie zu stellen, mit dem Ziel die Flexibilit\u00e4t und Reaktionsf\u00e4higkeit bisheriger L\u00f6sungen zu verbessern. Mehr [in engl. Sprache]<\/p>\n","protected":false},"author":4,"featured_media":0,"parent":1778,"menu_order":0,"comment_status":"closed","ping_status":"closed","template":"","meta":{"_acf_changed":false,"footnotes":""},"categories":[9],"tags":[],"class_list":["post-2152","page","type-page","status-publish","hentry","category-news"],"acf":[],"yoast_head":"<!-- This site is optimized with the Yoast SEO plugin v27.4 - https:\/\/yoast.com\/product\/yoast-seo-wordpress\/ -->\n<title>Lufthansa Systems signs pact with Nagarro - Allgeier SE<\/title>\n<meta name=\"robots\" content=\"index, follow, max-snippet:-1, max-image-preview:large, max-video-preview:-1\" \/>\n<link rel=\"canonical\" href=\"https:\/\/www.allgeier.com\/de\/pressroom\/press-review\/lufthansa-systems-signs-pact-with-nagarro\/\" \/>\n<meta property=\"og:locale\" content=\"de_DE\" \/>\n<meta property=\"og:type\" content=\"article\" \/>\n<meta property=\"og:title\" content=\"Lufthansa Systems signs pact with Nagarro - Allgeier SE\" \/>\n<meta property=\"og:description\" content=\"Lufthansa Systems hat mit dem Softwareentwicklungs- und Beratungsunternehmen Nagarro einen langfristigen Vertrag unterzeichnet. In einer gemeinsamen Bekanntmachung lie\u00dfen die Unternehmen verlauten, dass die Vereinbarung es ihnen erm\u00f6gliche, sich der laufend ver\u00e4ndernden Nachfrage in der Luftfahrtindustrie zu stellen, mit dem Ziel die Flexibilit\u00e4t und Reaktionsf\u00e4higkeit bisheriger L\u00f6sungen zu verbessern. Mehr [in engl. Sprache]\" \/>\n<meta property=\"og:url\" content=\"https:\/\/www.allgeier.com\/de\/pressroom\/press-review\/lufthansa-systems-signs-pact-with-nagarro\/\" \/>\n<meta property=\"og:site_name\" content=\"Allgeier SE\" \/>\n<meta property=\"article:modified_time\" content=\"2025-02-05T18:01:32+00:00\" \/>\n<meta name=\"twitter:card\" content=\"summary_large_image\" \/>\n<meta name=\"twitter:label1\" content=\"Gesch\u00e4tzte Lesezeit\" \/>\n\t<meta name=\"twitter:data1\" content=\"1\u00a0Minute\" \/>\n<script type=\"application\/ld+json\" class=\"yoast-schema-graph\">{\"@context\":\"https:\\\/\\\/schema.org\",\"@graph\":[{\"@type\":\"WebPage\",\"@id\":\"https:\\\/\\\/www.allgeier.com\\\/de\\\/pressroom\\\/press-review\\\/lufthansa-systems-signs-pact-with-nagarro\\\/\",\"url\":\"https:\\\/\\\/www.allgeier.com\\\/de\\\/pressroom\\\/press-review\\\/lufthansa-systems-signs-pact-with-nagarro\\\/\",\"name\":\"Lufthansa Systems signs pact with Nagarro - Allgeier SE\",\"isPartOf\":{\"@id\":\"https:\\\/\\\/www.allgeier.com\\\/de\\\/#website\"},\"datePublished\":\"2016-05-04T17:50:36+00:00\",\"dateModified\":\"2025-02-05T18:01:32+00:00\",\"breadcrumb\":{\"@id\":\"https:\\\/\\\/www.allgeier.com\\\/de\\\/pressroom\\\/press-review\\\/lufthansa-systems-signs-pact-with-nagarro\\\/#breadcrumb\"},\"inLanguage\":\"de\",\"potentialAction\":[{\"@type\":\"ReadAction\",\"target\":[\"https:\\\/\\\/www.allgeier.com\\\/de\\\/pressroom\\\/press-review\\\/lufthansa-systems-signs-pact-with-nagarro\\\/\"]}]},{\"@type\":\"BreadcrumbList\",\"@id\":\"https:\\\/\\\/www.allgeier.com\\\/de\\\/pressroom\\\/press-review\\\/lufthansa-systems-signs-pact-with-nagarro\\\/#breadcrumb\",\"itemListElement\":[{\"@type\":\"ListItem\",\"position\":1,\"name\":\"Home\",\"item\":\"https:\\\/\\\/www.allgeier.com\\\/de\\\/\"},{\"@type\":\"ListItem\",\"position\":2,\"name\":\"Presse\",\"item\":\"https:\\\/\\\/www.allgeier.com\\\/de\\\/pressroom\\\/\"},{\"@type\":\"ListItem\",\"position\":3,\"name\":\"Press Review\",\"item\":\"https:\\\/\\\/www.allgeier.com\\\/de\\\/pressroom\\\/press-review\\\/\"},{\"@type\":\"ListItem\",\"position\":4,\"name\":\"Lufthansa Systems signs pact with Nagarro\"}]},{\"@type\":\"WebSite\",\"@id\":\"https:\\\/\\\/www.allgeier.com\\\/de\\\/#website\",\"url\":\"https:\\\/\\\/www.allgeier.com\\\/de\\\/\",\"name\":\"Allgeier SE\",\"description\":\"Software &amp; IT Services for digital transformation\",\"potentialAction\":[{\"@type\":\"SearchAction\",\"target\":{\"@type\":\"EntryPoint\",\"urlTemplate\":\"https:\\\/\\\/www.allgeier.com\\\/de\\\/?s={search_term_string}\"},\"query-input\":{\"@type\":\"PropertyValueSpecification\",\"valueRequired\":true,\"valueName\":\"search_term_string\"}}],\"inLanguage\":\"de\"}]}<\/script>\n<!-- \/ Yoast SEO plugin. -->","yoast_head_json":{"title":"Lufthansa Systems signs pact with Nagarro - Allgeier SE","robots":{"index":"index","follow":"follow","max-snippet":"max-snippet:-1","max-image-preview":"max-image-preview:large","max-video-preview":"max-video-preview:-1"},"canonical":"https:\/\/www.allgeier.com\/de\/pressroom\/press-review\/lufthansa-systems-signs-pact-with-nagarro\/","og_locale":"de_DE","og_type":"article","og_title":"Lufthansa Systems signs pact with Nagarro - Allgeier SE","og_description":"Lufthansa Systems hat mit dem Softwareentwicklungs- und Beratungsunternehmen Nagarro einen langfristigen Vertrag unterzeichnet. In einer gemeinsamen Bekanntmachung lie\u00dfen die Unternehmen verlauten, dass die Vereinbarung es ihnen erm\u00f6gliche, sich der laufend ver\u00e4ndernden Nachfrage in der Luftfahrtindustrie zu stellen, mit dem Ziel die Flexibilit\u00e4t und Reaktionsf\u00e4higkeit bisheriger L\u00f6sungen zu verbessern. Mehr [in engl. Sprache]","og_url":"https:\/\/www.allgeier.com\/de\/pressroom\/press-review\/lufthansa-systems-signs-pact-with-nagarro\/","og_site_name":"Allgeier SE","article_modified_time":"2025-02-05T18:01:32+00:00","twitter_card":"summary_large_image","twitter_misc":{"Gesch\u00e4tzte Lesezeit":"1\u00a0Minute"},"schema":{"@context":"https:\/\/schema.org","@graph":[{"@type":"WebPage","@id":"https:\/\/www.allgeier.com\/de\/pressroom\/press-review\/lufthansa-systems-signs-pact-with-nagarro\/","url":"https:\/\/www.allgeier.com\/de\/pressroom\/press-review\/lufthansa-systems-signs-pact-with-nagarro\/","name":"Lufthansa Systems signs pact with Nagarro - Allgeier SE","isPartOf":{"@id":"https:\/\/www.allgeier.com\/de\/#website"},"datePublished":"2016-05-04T17:50:36+00:00","dateModified":"2025-02-05T18:01:32+00:00","breadcrumb":{"@id":"https:\/\/www.allgeier.com\/de\/pressroom\/press-review\/lufthansa-systems-signs-pact-with-nagarro\/#breadcrumb"},"inLanguage":"de","potentialAction":[{"@type":"ReadAction","target":["https:\/\/www.allgeier.com\/de\/pressroom\/press-review\/lufthansa-systems-signs-pact-with-nagarro\/"]}]},{"@type":"BreadcrumbList","@id":"https:\/\/www.allgeier.com\/de\/pressroom\/press-review\/lufthansa-systems-signs-pact-with-nagarro\/#breadcrumb","itemListElement":[{"@type":"ListItem","position":1,"name":"Home","item":"https:\/\/www.allgeier.com\/de\/"},{"@type":"ListItem","position":2,"name":"Presse","item":"https:\/\/www.allgeier.com\/de\/pressroom\/"},{"@type":"ListItem","position":3,"name":"Press Review","item":"https:\/\/www.allgeier.com\/de\/pressroom\/press-review\/"},{"@type":"ListItem","position":4,"name":"Lufthansa Systems signs pact with Nagarro"}]},{"@type":"WebSite","@id":"https:\/\/www.allgeier.com\/de\/#website","url":"https:\/\/www.allgeier.com\/de\/","name":"Allgeier SE","description":"Software &amp; IT Services for digital transformation","potentialAction":[{"@type":"SearchAction","target":{"@type":"EntryPoint","urlTemplate":"https:\/\/www.allgeier.com\/de\/?s={search_term_string}"},"query-input":{"@type":"PropertyValueSpecification","valueRequired":true,"valueName":"search_term_string"}}],"inLanguage":"de"}]}},"_links":{"self":[{"href":"https:\/\/www.allgeier.com\/de\/wp-json\/wp\/v2\/pages\/2152","targetHints":{"allow":["GET"]}}],"collection":[{"href":"https:\/\/www.allgeier.com\/de\/wp-json\/wp\/v2\/pages"}],"about":[{"href":"https:\/\/www.allgeier.com\/de\/wp-json\/wp\/v2\/types\/page"}],"author":[{"embeddable":true,"href":"https:\/\/www.allgeier.com\/de\/wp-json\/wp\/v2\/users\/4"}],"replies":[{"embeddable":true,"href":"https:\/\/www.allgeier.com\/de\/wp-json\/wp\/v2\/comments?post=2152"}],"version-history":[{"count":1,"href":"https:\/\/www.allgeier.com\/de\/wp-json\/wp\/v2\/pages\/2152\/revisions"}],"predecessor-version":[{"id":6132,"href":"https:\/\/www.allgeier.com\/de\/wp-json\/wp\/v2\/pages\/2152\/revisions\/6132"}],"up":[{"embeddable":true,"href":"https:\/\/www.allgeier.com\/de\/wp-json\/wp\/v2\/pages\/1778"}],"wp:attachment":[{"href":"https:\/\/www.allgeier.com\/de\/wp-json\/wp\/v2\/media?parent=2152"}],"wp:term":[{"taxonomy":"category","embeddable":true,"href":"https:\/\/www.allgeier.com\/de\/wp-json\/wp\/v2\/categories?post=2152"},{"taxonomy":"post_tag","embeddable":true,"href":"https:\/\/www.allgeier.com\/de\/wp-json\/wp\/v2\/tags?post=2152"}],"curies":[{"name":"wp","href":"https:\/\/api.w.org\/{rel}","templated":true}]}}