{"id":2153,"date":"2016-06-20T14:18:20","date_gmt":"2016-06-20T14:18:20","guid":{"rendered":"https:\/\/www.allgeier.com\/de\/?page_id=2153"},"modified":"2025-02-05T18:00:35","modified_gmt":"2025-02-05T18:00:35","slug":"cloud-ante-portas-wie-amazon-microsoft-co-das-pferd-gesattelt-haben","status":"publish","type":"page","link":"https:\/\/www.allgeier.com\/de\/pressroom\/press-review\/cloud-ante-portas-wie-amazon-microsoft-co-das-pferd-gesattelt-haben\/","title":{"rendered":"Cloud ante portas \u2013 wie Amazon, Microsoft &amp; Co das Pferd gesattelt haben"},"content":{"rendered":"<p>Wer immer noch meint, dass die Wolke sich verziehen k\u00f6nnte, liegt falsch. Zu viele zu gro\u00dfe Unternehmen haben dieses Pferd \u00fcber Jahre gesattelt, investiert und mitentwickelt. Die eigentliche Frage ist nicht, ob, sondern wie weit wir sie voraus galoppieren lassen.<br \/>\n<a href=\"http:\/\/www.report.at\/telekom\/telekommeinung\/item\/89292-cloud-ante-portas-wie-amazon-microsoft-co-das-pferd-gesattelt-haben\" target=\"_blank\">Mehr<\/a><\/p>\n","protected":false},"excerpt":{"rendered":"<p>Wer immer noch meint, dass die Wolke sich verziehen k\u00f6nnte, liegt falsch. Zu viele zu gro\u00dfe Unternehmen haben dieses Pferd \u00fcber Jahre gesattelt, investiert und mitentwickelt. Die eigentliche Frage ist nicht, ob, sondern wie weit wir sie voraus galoppieren lassen. Mehr<\/p>\n","protected":false},"author":4,"featured_media":0,"parent":1778,"menu_order":0,"comment_status":"closed","ping_status":"closed","template":"","meta":{"_acf_changed":false,"footnotes":""},"categories":[9],"tags":[],"class_list":["post-2153","page","type-page","status-publish","hentry","category-news"],"acf":[],"yoast_head":"<!-- This site is optimized with the Yoast SEO plugin v27.4 - https:\/\/yoast.com\/product\/yoast-seo-wordpress\/ -->\n<title>Cloud ante portas \u2013 wie Amazon, Microsoft &amp; Co das Pferd gesattelt haben - Allgeier SE<\/title>\n<meta name=\"robots\" content=\"index, follow, max-snippet:-1, max-image-preview:large, max-video-preview:-1\" \/>\n<link rel=\"canonical\" href=\"https:\/\/www.allgeier.com\/de\/pressroom\/press-review\/cloud-ante-portas-wie-amazon-microsoft-co-das-pferd-gesattelt-haben\/\" \/>\n<meta property=\"og:locale\" content=\"de_DE\" \/>\n<meta property=\"og:type\" content=\"article\" \/>\n<meta property=\"og:title\" content=\"Cloud ante portas \u2013 wie Amazon, Microsoft &amp; Co das Pferd gesattelt haben - Allgeier SE\" \/>\n<meta property=\"og:description\" content=\"Wer immer noch meint, dass die Wolke sich verziehen k\u00f6nnte, liegt falsch. Zu viele zu gro\u00dfe Unternehmen haben dieses Pferd \u00fcber Jahre gesattelt, investiert und mitentwickelt. Die eigentliche Frage ist nicht, ob, sondern wie weit wir sie voraus galoppieren lassen. Mehr\" \/>\n<meta property=\"og:url\" content=\"https:\/\/www.allgeier.com\/de\/pressroom\/press-review\/cloud-ante-portas-wie-amazon-microsoft-co-das-pferd-gesattelt-haben\/\" \/>\n<meta property=\"og:site_name\" content=\"Allgeier SE\" \/>\n<meta property=\"article:modified_time\" content=\"2025-02-05T18:00:35+00:00\" \/>\n<meta name=\"twitter:card\" content=\"summary_large_image\" \/>\n<meta name=\"twitter:label1\" content=\"Gesch\u00e4tzte Lesezeit\" \/>\n\t<meta name=\"twitter:data1\" content=\"1\u00a0Minute\" \/>\n<script type=\"application\/ld+json\" class=\"yoast-schema-graph\">{\"@context\":\"https:\\\/\\\/schema.org\",\"@graph\":[{\"@type\":\"WebPage\",\"@id\":\"https:\\\/\\\/www.allgeier.com\\\/de\\\/pressroom\\\/press-review\\\/cloud-ante-portas-wie-amazon-microsoft-co-das-pferd-gesattelt-haben\\\/\",\"url\":\"https:\\\/\\\/www.allgeier.com\\\/de\\\/pressroom\\\/press-review\\\/cloud-ante-portas-wie-amazon-microsoft-co-das-pferd-gesattelt-haben\\\/\",\"name\":\"Cloud ante portas \u2013 wie Amazon, Microsoft &amp; Co das Pferd gesattelt haben - Allgeier SE\",\"isPartOf\":{\"@id\":\"https:\\\/\\\/www.allgeier.com\\\/de\\\/#website\"},\"datePublished\":\"2016-06-20T14:18:20+00:00\",\"dateModified\":\"2025-02-05T18:00:35+00:00\",\"breadcrumb\":{\"@id\":\"https:\\\/\\\/www.allgeier.com\\\/de\\\/pressroom\\\/press-review\\\/cloud-ante-portas-wie-amazon-microsoft-co-das-pferd-gesattelt-haben\\\/#breadcrumb\"},\"inLanguage\":\"de\",\"potentialAction\":[{\"@type\":\"ReadAction\",\"target\":[\"https:\\\/\\\/www.allgeier.com\\\/de\\\/pressroom\\\/press-review\\\/cloud-ante-portas-wie-amazon-microsoft-co-das-pferd-gesattelt-haben\\\/\"]}]},{\"@type\":\"BreadcrumbList\",\"@id\":\"https:\\\/\\\/www.allgeier.com\\\/de\\\/pressroom\\\/press-review\\\/cloud-ante-portas-wie-amazon-microsoft-co-das-pferd-gesattelt-haben\\\/#breadcrumb\",\"itemListElement\":[{\"@type\":\"ListItem\",\"position\":1,\"name\":\"Home\",\"item\":\"https:\\\/\\\/www.allgeier.com\\\/de\\\/\"},{\"@type\":\"ListItem\",\"position\":2,\"name\":\"Presse\",\"item\":\"https:\\\/\\\/www.allgeier.com\\\/de\\\/pressroom\\\/\"},{\"@type\":\"ListItem\",\"position\":3,\"name\":\"Press Review\",\"item\":\"https:\\\/\\\/www.allgeier.com\\\/de\\\/pressroom\\\/press-review\\\/\"},{\"@type\":\"ListItem\",\"position\":4,\"name\":\"Cloud ante portas \u2013 wie Amazon, Microsoft &amp; Co das Pferd gesattelt haben\"}]},{\"@type\":\"WebSite\",\"@id\":\"https:\\\/\\\/www.allgeier.com\\\/de\\\/#website\",\"url\":\"https:\\\/\\\/www.allgeier.com\\\/de\\\/\",\"name\":\"Allgeier SE\",\"description\":\"Software &amp; IT Services for digital transformation\",\"potentialAction\":[{\"@type\":\"SearchAction\",\"target\":{\"@type\":\"EntryPoint\",\"urlTemplate\":\"https:\\\/\\\/www.allgeier.com\\\/de\\\/?s={search_term_string}\"},\"query-input\":{\"@type\":\"PropertyValueSpecification\",\"valueRequired\":true,\"valueName\":\"search_term_string\"}}],\"inLanguage\":\"de\"}]}<\/script>\n<!-- \/ Yoast SEO plugin. -->","yoast_head_json":{"title":"Cloud ante portas \u2013 wie Amazon, Microsoft &amp; Co das Pferd gesattelt haben - Allgeier SE","robots":{"index":"index","follow":"follow","max-snippet":"max-snippet:-1","max-image-preview":"max-image-preview:large","max-video-preview":"max-video-preview:-1"},"canonical":"https:\/\/www.allgeier.com\/de\/pressroom\/press-review\/cloud-ante-portas-wie-amazon-microsoft-co-das-pferd-gesattelt-haben\/","og_locale":"de_DE","og_type":"article","og_title":"Cloud ante portas \u2013 wie Amazon, Microsoft &amp; Co das Pferd gesattelt haben - Allgeier SE","og_description":"Wer immer noch meint, dass die Wolke sich verziehen k\u00f6nnte, liegt falsch. Zu viele zu gro\u00dfe Unternehmen haben dieses Pferd \u00fcber Jahre gesattelt, investiert und mitentwickelt. Die eigentliche Frage ist nicht, ob, sondern wie weit wir sie voraus galoppieren lassen. Mehr","og_url":"https:\/\/www.allgeier.com\/de\/pressroom\/press-review\/cloud-ante-portas-wie-amazon-microsoft-co-das-pferd-gesattelt-haben\/","og_site_name":"Allgeier SE","article_modified_time":"2025-02-05T18:00:35+00:00","twitter_card":"summary_large_image","twitter_misc":{"Gesch\u00e4tzte Lesezeit":"1\u00a0Minute"},"schema":{"@context":"https:\/\/schema.org","@graph":[{"@type":"WebPage","@id":"https:\/\/www.allgeier.com\/de\/pressroom\/press-review\/cloud-ante-portas-wie-amazon-microsoft-co-das-pferd-gesattelt-haben\/","url":"https:\/\/www.allgeier.com\/de\/pressroom\/press-review\/cloud-ante-portas-wie-amazon-microsoft-co-das-pferd-gesattelt-haben\/","name":"Cloud ante portas \u2013 wie Amazon, Microsoft &amp; Co das Pferd gesattelt haben - Allgeier SE","isPartOf":{"@id":"https:\/\/www.allgeier.com\/de\/#website"},"datePublished":"2016-06-20T14:18:20+00:00","dateModified":"2025-02-05T18:00:35+00:00","breadcrumb":{"@id":"https:\/\/www.allgeier.com\/de\/pressroom\/press-review\/cloud-ante-portas-wie-amazon-microsoft-co-das-pferd-gesattelt-haben\/#breadcrumb"},"inLanguage":"de","potentialAction":[{"@type":"ReadAction","target":["https:\/\/www.allgeier.com\/de\/pressroom\/press-review\/cloud-ante-portas-wie-amazon-microsoft-co-das-pferd-gesattelt-haben\/"]}]},{"@type":"BreadcrumbList","@id":"https:\/\/www.allgeier.com\/de\/pressroom\/press-review\/cloud-ante-portas-wie-amazon-microsoft-co-das-pferd-gesattelt-haben\/#breadcrumb","itemListElement":[{"@type":"ListItem","position":1,"name":"Home","item":"https:\/\/www.allgeier.com\/de\/"},{"@type":"ListItem","position":2,"name":"Presse","item":"https:\/\/www.allgeier.com\/de\/pressroom\/"},{"@type":"ListItem","position":3,"name":"Press Review","item":"https:\/\/www.allgeier.com\/de\/pressroom\/press-review\/"},{"@type":"ListItem","position":4,"name":"Cloud ante portas \u2013 wie Amazon, Microsoft &amp; Co das Pferd gesattelt haben"}]},{"@type":"WebSite","@id":"https:\/\/www.allgeier.com\/de\/#website","url":"https:\/\/www.allgeier.com\/de\/","name":"Allgeier SE","description":"Software &amp; IT Services for digital transformation","potentialAction":[{"@type":"SearchAction","target":{"@type":"EntryPoint","urlTemplate":"https:\/\/www.allgeier.com\/de\/?s={search_term_string}"},"query-input":{"@type":"PropertyValueSpecification","valueRequired":true,"valueName":"search_term_string"}}],"inLanguage":"de"}]}},"_links":{"self":[{"href":"https:\/\/www.allgeier.com\/de\/wp-json\/wp\/v2\/pages\/2153","targetHints":{"allow":["GET"]}}],"collection":[{"href":"https:\/\/www.allgeier.com\/de\/wp-json\/wp\/v2\/pages"}],"about":[{"href":"https:\/\/www.allgeier.com\/de\/wp-json\/wp\/v2\/types\/page"}],"author":[{"embeddable":true,"href":"https:\/\/www.allgeier.com\/de\/wp-json\/wp\/v2\/users\/4"}],"replies":[{"embeddable":true,"href":"https:\/\/www.allgeier.com\/de\/wp-json\/wp\/v2\/comments?post=2153"}],"version-history":[{"count":1,"href":"https:\/\/www.allgeier.com\/de\/wp-json\/wp\/v2\/pages\/2153\/revisions"}],"predecessor-version":[{"id":6131,"href":"https:\/\/www.allgeier.com\/de\/wp-json\/wp\/v2\/pages\/2153\/revisions\/6131"}],"up":[{"embeddable":true,"href":"https:\/\/www.allgeier.com\/de\/wp-json\/wp\/v2\/pages\/1778"}],"wp:attachment":[{"href":"https:\/\/www.allgeier.com\/de\/wp-json\/wp\/v2\/media?parent=2153"}],"wp:term":[{"taxonomy":"category","embeddable":true,"href":"https:\/\/www.allgeier.com\/de\/wp-json\/wp\/v2\/categories?post=2153"},{"taxonomy":"post_tag","embeddable":true,"href":"https:\/\/www.allgeier.com\/de\/wp-json\/wp\/v2\/tags?post=2153"}],"curies":[{"name":"wp","href":"https:\/\/api.w.org\/{rel}","templated":true}]}}