{"id":2172,"date":"2016-08-12T14:54:01","date_gmt":"2016-08-12T14:54:01","guid":{"rendered":"https:\/\/www.allgeier.com\/de\/pressroom\/news\/es-12082016\/"},"modified":"2025-02-05T19:47:44","modified_gmt":"2025-02-05T19:47:44","slug":"es-12082016","status":"publish","type":"page","link":"https:\/\/www.allgeier.com\/de\/pressroom\/news\/es-12082016\/","title":{"rendered":"es-12082016"},"content":{"rendered":"<pre>\r\nALLGEIER SE  \/ Vorabbekanntmachung \u00fcber die Ver\u00f6ffentlichung von Rechnungslegungsberichten\r\n\r\n12.08.2016 14:54\r\n\r\nVorabbekanntmachung \u00fcber die Ver\u00f6ffentlichung von Finanzberichten gem\u00e4\u00df \u00a7 37v, 37w, 37y WpHG, \u00fcbermittelt durch DGAP - ein Service der EQS Group AG.\r\nF\u00fcr den Inhalt der Mitteilung ist der Emittent verantwortlich.\r\n\r\n---------------------------------------------------------------------------\r\n\r\nHiermit gibt die ALLGEIER SE bekannt, dass folgende Finanzberichte\r\nver\u00f6ffentlicht werden:\r\n\r\nBericht: Konzern-Finanzbericht (Halbjahr\/Q2)\r\nVer\u00f6ffentlichungsdatum \/ Deutsch: 16.08.2016\r\nDeutsch: https:\/\/www.allgeier.com\/de\/investor-relations\/reports\/\r\n\r\n\r\n\r\n12.08.2016 Die DGAP Distributionsservices umfassen gesetzliche \r\nMeldepflichten, Corporate News\/Finanznachrichten und Pressemitteilungen. \r\nDGAP-Medienarchive unter www.dgap.de \r\n\r\n---------------------------------------------------------------------------\r\n \r\nSprache:      Deutsch\r\nUnternehmen:  ALLGEIER SE\r\n              Wehrlestra\u00dfe 12\r\n              81679 M\u00fcnchen\r\n              Deutschland\r\nInternet:     https:\/\/www.allgeier.com\r\n \r\nEnde der Mitteilung                             DGAP News-Service\r\n \r\n---------------------------------------------------------------------------\r\n\r\n<\/pre>\n","protected":false},"excerpt":{"rendered":"<p>ALLGEIER SE \/ Vorabbekanntmachung \u00fcber die Ver\u00f6ffentlichung von Rechnungslegungsberichten 12.08.2016 14:54 Vorabbekanntmachung \u00fcber die Ver\u00f6ffentlichung von Finanzberichten gem\u00e4\u00df \u00a7 37v, 37w, 37y WpHG, \u00fcbermittelt durch DGAP &#8211; ein Service der EQS Group AG. F\u00fcr den Inhalt der Mitteilung ist der Emittent verantwortlich. &#8212;&#8212;&#8212;&#8212;&#8212;&#8212;&#8212;&#8212;&#8212;&#8212;&#8212;&#8212;&#8212;&#8212;&#8212;&#8212;&#8212;&#8212;&#8212;&#8212;&#8212;&#8212;&#8212;&#8212;&#8212; Hiermit gibt die ALLGEIER SE bekannt, dass folgende Finanzberichte ver\u00f6ffentlicht werden: Bericht: &hellip; <\/p>\n","protected":false},"author":1,"featured_media":0,"parent":1171,"menu_order":0,"comment_status":"closed","ping_status":"closed","template":"","meta":{"_acf_changed":false,"footnotes":""},"categories":[9],"tags":[],"class_list":["post-2172","page","type-page","status-publish","hentry","category-news"],"acf":[],"yoast_head":"<!-- This site is optimized with the Yoast SEO plugin v27.3 - https:\/\/yoast.com\/product\/yoast-seo-wordpress\/ -->\n<title>es-12082016 - Allgeier SE<\/title>\n<meta name=\"robots\" content=\"index, follow, max-snippet:-1, max-image-preview:large, max-video-preview:-1\" \/>\n<link rel=\"canonical\" href=\"https:\/\/www.allgeier.com\/de\/pressroom\/news\/es-12082016\/\" \/>\n<meta property=\"og:locale\" content=\"de_DE\" \/>\n<meta property=\"og:type\" content=\"article\" \/>\n<meta property=\"og:title\" content=\"es-12082016 - Allgeier SE\" \/>\n<meta property=\"og:description\" content=\"ALLGEIER SE \/ Vorabbekanntmachung \u00fcber die Ver\u00f6ffentlichung von Rechnungslegungsberichten 12.08.2016 14:54 Vorabbekanntmachung \u00fcber die Ver\u00f6ffentlichung von Finanzberichten gem\u00e4\u00df \u00a7 37v, 37w, 37y WpHG, \u00fcbermittelt durch DGAP - ein Service der EQS Group AG. F\u00fcr den Inhalt der Mitteilung ist der Emittent verantwortlich. --------------------------------------------------------------------------- Hiermit gibt die ALLGEIER SE bekannt, dass folgende Finanzberichte ver\u00f6ffentlicht werden: Bericht: &hellip;\" \/>\n<meta property=\"og:url\" content=\"https:\/\/www.allgeier.com\/de\/pressroom\/news\/es-12082016\/\" \/>\n<meta property=\"og:site_name\" content=\"Allgeier SE\" \/>\n<meta property=\"article:modified_time\" content=\"2025-02-05T19:47:44+00:00\" \/>\n<meta name=\"twitter:card\" content=\"summary_large_image\" \/>\n<script type=\"application\/ld+json\" class=\"yoast-schema-graph\">{\"@context\":\"https:\\\/\\\/schema.org\",\"@graph\":[{\"@type\":\"WebPage\",\"@id\":\"https:\\\/\\\/www.allgeier.com\\\/de\\\/pressroom\\\/news\\\/es-12082016\\\/\",\"url\":\"https:\\\/\\\/www.allgeier.com\\\/de\\\/pressroom\\\/news\\\/es-12082016\\\/\",\"name\":\"es-12082016 - Allgeier SE\",\"isPartOf\":{\"@id\":\"https:\\\/\\\/www.allgeier.com\\\/de\\\/#website\"},\"datePublished\":\"2016-08-12T14:54:01+00:00\",\"dateModified\":\"2025-02-05T19:47:44+00:00\",\"breadcrumb\":{\"@id\":\"https:\\\/\\\/www.allgeier.com\\\/de\\\/pressroom\\\/news\\\/es-12082016\\\/#breadcrumb\"},\"inLanguage\":\"de\",\"potentialAction\":[{\"@type\":\"ReadAction\",\"target\":[\"https:\\\/\\\/www.allgeier.com\\\/de\\\/pressroom\\\/news\\\/es-12082016\\\/\"]}]},{\"@type\":\"BreadcrumbList\",\"@id\":\"https:\\\/\\\/www.allgeier.com\\\/de\\\/pressroom\\\/news\\\/es-12082016\\\/#breadcrumb\",\"itemListElement\":[{\"@type\":\"ListItem\",\"position\":1,\"name\":\"Home\",\"item\":\"https:\\\/\\\/www.allgeier.com\\\/de\\\/\"},{\"@type\":\"ListItem\",\"position\":2,\"name\":\"Presse\",\"item\":\"https:\\\/\\\/www.allgeier.com\\\/de\\\/pressroom\\\/\"},{\"@type\":\"ListItem\",\"position\":3,\"name\":\"News\",\"item\":\"https:\\\/\\\/www.allgeier.com\\\/de\\\/pressroom\\\/news\\\/\"},{\"@type\":\"ListItem\",\"position\":4,\"name\":\"es-12082016\"}]},{\"@type\":\"WebSite\",\"@id\":\"https:\\\/\\\/www.allgeier.com\\\/de\\\/#website\",\"url\":\"https:\\\/\\\/www.allgeier.com\\\/de\\\/\",\"name\":\"Allgeier SE\",\"description\":\"Software &amp; IT Services for digital transformation\",\"potentialAction\":[{\"@type\":\"SearchAction\",\"target\":{\"@type\":\"EntryPoint\",\"urlTemplate\":\"https:\\\/\\\/www.allgeier.com\\\/de\\\/?s={search_term_string}\"},\"query-input\":{\"@type\":\"PropertyValueSpecification\",\"valueRequired\":true,\"valueName\":\"search_term_string\"}}],\"inLanguage\":\"de\"}]}<\/script>\n<!-- \/ Yoast SEO plugin. -->","yoast_head_json":{"title":"es-12082016 - Allgeier SE","robots":{"index":"index","follow":"follow","max-snippet":"max-snippet:-1","max-image-preview":"max-image-preview:large","max-video-preview":"max-video-preview:-1"},"canonical":"https:\/\/www.allgeier.com\/de\/pressroom\/news\/es-12082016\/","og_locale":"de_DE","og_type":"article","og_title":"es-12082016 - Allgeier SE","og_description":"ALLGEIER SE \/ Vorabbekanntmachung \u00fcber die Ver\u00f6ffentlichung von Rechnungslegungsberichten 12.08.2016 14:54 Vorabbekanntmachung \u00fcber die Ver\u00f6ffentlichung von Finanzberichten gem\u00e4\u00df \u00a7 37v, 37w, 37y WpHG, \u00fcbermittelt durch DGAP - ein Service der EQS Group AG. F\u00fcr den Inhalt der Mitteilung ist der Emittent verantwortlich. --------------------------------------------------------------------------- Hiermit gibt die ALLGEIER SE bekannt, dass folgende Finanzberichte ver\u00f6ffentlicht werden: Bericht: &hellip;","og_url":"https:\/\/www.allgeier.com\/de\/pressroom\/news\/es-12082016\/","og_site_name":"Allgeier SE","article_modified_time":"2025-02-05T19:47:44+00:00","twitter_card":"summary_large_image","schema":{"@context":"https:\/\/schema.org","@graph":[{"@type":"WebPage","@id":"https:\/\/www.allgeier.com\/de\/pressroom\/news\/es-12082016\/","url":"https:\/\/www.allgeier.com\/de\/pressroom\/news\/es-12082016\/","name":"es-12082016 - Allgeier SE","isPartOf":{"@id":"https:\/\/www.allgeier.com\/de\/#website"},"datePublished":"2016-08-12T14:54:01+00:00","dateModified":"2025-02-05T19:47:44+00:00","breadcrumb":{"@id":"https:\/\/www.allgeier.com\/de\/pressroom\/news\/es-12082016\/#breadcrumb"},"inLanguage":"de","potentialAction":[{"@type":"ReadAction","target":["https:\/\/www.allgeier.com\/de\/pressroom\/news\/es-12082016\/"]}]},{"@type":"BreadcrumbList","@id":"https:\/\/www.allgeier.com\/de\/pressroom\/news\/es-12082016\/#breadcrumb","itemListElement":[{"@type":"ListItem","position":1,"name":"Home","item":"https:\/\/www.allgeier.com\/de\/"},{"@type":"ListItem","position":2,"name":"Presse","item":"https:\/\/www.allgeier.com\/de\/pressroom\/"},{"@type":"ListItem","position":3,"name":"News","item":"https:\/\/www.allgeier.com\/de\/pressroom\/news\/"},{"@type":"ListItem","position":4,"name":"es-12082016"}]},{"@type":"WebSite","@id":"https:\/\/www.allgeier.com\/de\/#website","url":"https:\/\/www.allgeier.com\/de\/","name":"Allgeier SE","description":"Software &amp; IT Services for digital transformation","potentialAction":[{"@type":"SearchAction","target":{"@type":"EntryPoint","urlTemplate":"https:\/\/www.allgeier.com\/de\/?s={search_term_string}"},"query-input":{"@type":"PropertyValueSpecification","valueRequired":true,"valueName":"search_term_string"}}],"inLanguage":"de"}]}},"_links":{"self":[{"href":"https:\/\/www.allgeier.com\/de\/wp-json\/wp\/v2\/pages\/2172","targetHints":{"allow":["GET"]}}],"collection":[{"href":"https:\/\/www.allgeier.com\/de\/wp-json\/wp\/v2\/pages"}],"about":[{"href":"https:\/\/www.allgeier.com\/de\/wp-json\/wp\/v2\/types\/page"}],"author":[{"embeddable":true,"href":"https:\/\/www.allgeier.com\/de\/wp-json\/wp\/v2\/users\/1"}],"replies":[{"embeddable":true,"href":"https:\/\/www.allgeier.com\/de\/wp-json\/wp\/v2\/comments?post=2172"}],"version-history":[{"count":0,"href":"https:\/\/www.allgeier.com\/de\/wp-json\/wp\/v2\/pages\/2172\/revisions"}],"up":[{"embeddable":true,"href":"https:\/\/www.allgeier.com\/de\/wp-json\/wp\/v2\/pages\/1171"}],"wp:attachment":[{"href":"https:\/\/www.allgeier.com\/de\/wp-json\/wp\/v2\/media?parent=2172"}],"wp:term":[{"taxonomy":"category","embeddable":true,"href":"https:\/\/www.allgeier.com\/de\/wp-json\/wp\/v2\/categories?post=2172"},{"taxonomy":"post_tag","embeddable":true,"href":"https:\/\/www.allgeier.com\/de\/wp-json\/wp\/v2\/tags?post=2172"}],"curies":[{"name":"wp","href":"https:\/\/api.w.org\/{rel}","templated":true}]}}