{"id":2179,"date":"2016-08-18T15:03:50","date_gmt":"2016-08-18T15:03:50","guid":{"rendered":"https:\/\/www.allgeier.com\/de\/?page_id=2179"},"modified":"2025-02-05T18:36:53","modified_gmt":"2025-02-05T18:36:53","slug":"lunendonk-liste-allgeier-se-weiterhin-fuhrender-mittelstandischer-it-berater","status":"publish","type":"page","link":"https:\/\/www.allgeier.com\/de\/pressroom\/press-releases\/lunendonk-liste-allgeier-se-weiterhin-fuhrender-mittelstandischer-it-berater\/","title":{"rendered":"Goetzfried AG: L\u00fcnendonk-Liste: Allgeier SE weiterhin f\u00fchrender mittelst\u00e4ndischer IT-Berater"},"content":{"rendered":"<div class=\"newsPageText\">\n<div class=\"newsPageText\">\n<p>Die <a href=\"https:\/\/www.allgeier.com\/de\/\" target=\"_blank\">Allgeier SE<\/a>, Muttergesellschaft der Goetzfried AG, ist weiterhin auf Platz eins unter den mittelst\u00e4ndischen IT-Beratungsunternehmen in Deutschland. Mit einem Jahresumsatz von 499 Millionen Euro (2015) stehen die M\u00fcnchner erneut an der Spitze der L\u00fcnendonk-Liste \u201eDie 10 f\u00fchrenden deutschen mittelst\u00e4ndischen IT-Beratungs- und Systemintegrationsunternehmen in Deutschland\u201c. Im Vergleich zum Vorjahr konnte Allgeier SE einen Umsatzgewinn von knapp 10 Prozent erzielen. Auf den Pl\u00e4tzen zwei und drei folgen unver\u00e4ndert die Stuttgarter GFT Technologies SE und die SQS Software Quality Systems AG aus K\u00f6ln.<\/p>\n<p><strong>Wertvolles Branchenbarometer<\/strong><\/p>\n<p>Die L\u00fcnendonk GmbH listet in jedem Jahr u.a. die umsatzst\u00e4rksten mittelst\u00e4ndischen IT-Dienstleister, die mehr als sechzig Prozent ihres Erl\u00f6ses mit IT-Beratung, der Einf\u00fchrung von Standard-Software, der Entwicklung von Individual-Software und mit System-Integration erzielen. Im Rahmen der diesj\u00e4hrigen Erhebung wurden \u00fcber 90 Anbieterunternehmen und rund 80 IT-Verantwortliche aus dem gehobenen Mittelstand sowie aus Gro\u00dfunternehmen und Konzernen befragt. Insgesamt konnten die zehn gr\u00f6\u00dften IT-Beratungsunternehmen 2015 laut L\u00fcnendonk einen Gesamtumsatz von 2,2 Milliarden Euro (Umsatzanstieg von zw\u00f6lf Prozent) erzielen. Die Branche bleibt somit weiter auf Wachstumskurs.<\/p>\n<p>Weitere Informationen zur diesj\u00e4hrigen L\u00fcnendonk-Liste der f\u00fchrenden mittelst\u00e4ndischen IT-Beratungsunternehmen finden Sie in der offiziellen <a href=\"http:\/\/luenendonk.de\/pressefeed\/mittelstaendische-it-beratungs-unternehmen-weiter-im-aufwind\">L\u00fcnendonk-Pressemitteilung<\/a>.<\/p>\n<p><a href=\"https:\/\/www.goetzfried.com\/news\/luenendonk-liste-allgeier-se-weiterhin-fuehrender-mittelstaendischer-it-berater\" target=\"_blank\">Hier geht es zur Pressemitteilung der Goetzfried AG<\/a><\/p>\n<\/div>\n<\/div>\n","protected":false},"excerpt":{"rendered":"<p>Die Allgeier SE, Muttergesellschaft der Goetzfried AG, ist weiterhin auf Platz eins unter den mittelst\u00e4ndischen IT-Beratungsunternehmen in Deutschland. Mit einem Jahresumsatz von 499 Millionen Euro (2015) stehen die M\u00fcnchner erneut an der Spitze der L\u00fcnendonk-Liste \u201eDie 10 f\u00fchrenden deutschen mittelst\u00e4ndischen IT-Beratungs- und Systemintegrationsunternehmen in Deutschland\u201c. Im Vergleich zum Vorjahr konnte Allgeier SE einen Umsatzgewinn von &hellip; <\/p>\n","protected":false},"author":4,"featured_media":0,"parent":1169,"menu_order":0,"comment_status":"closed","ping_status":"closed","template":"","meta":{"_acf_changed":false,"footnotes":""},"categories":[7],"tags":[],"class_list":["post-2179","page","type-page","status-publish","hentry","category-pressemitteilungen"],"acf":[],"yoast_head":"<!-- This site is optimized with the Yoast SEO plugin v27.4 - https:\/\/yoast.com\/product\/yoast-seo-wordpress\/ -->\n<title>Goetzfried AG: L\u00fcnendonk-Liste: Allgeier SE weiterhin f\u00fchrender mittelst\u00e4ndischer IT-Berater - Allgeier SE<\/title>\n<meta name=\"robots\" content=\"index, follow, max-snippet:-1, max-image-preview:large, max-video-preview:-1\" \/>\n<link rel=\"canonical\" href=\"https:\/\/www.allgeier.com\/de\/pressroom\/press-releases\/lunendonk-liste-allgeier-se-weiterhin-fuhrender-mittelstandischer-it-berater\/\" \/>\n<meta property=\"og:locale\" content=\"de_DE\" \/>\n<meta property=\"og:type\" content=\"article\" \/>\n<meta property=\"og:title\" content=\"Goetzfried AG: L\u00fcnendonk-Liste: Allgeier SE weiterhin f\u00fchrender mittelst\u00e4ndischer IT-Berater - Allgeier SE\" \/>\n<meta property=\"og:description\" content=\"Die Allgeier SE, Muttergesellschaft der Goetzfried AG, ist weiterhin auf Platz eins unter den mittelst\u00e4ndischen IT-Beratungsunternehmen in Deutschland. Mit einem Jahresumsatz von 499 Millionen Euro (2015) stehen die M\u00fcnchner erneut an der Spitze der L\u00fcnendonk-Liste \u201eDie 10 f\u00fchrenden deutschen mittelst\u00e4ndischen IT-Beratungs- und Systemintegrationsunternehmen in Deutschland\u201c. Im Vergleich zum Vorjahr konnte Allgeier SE einen Umsatzgewinn von &hellip;\" \/>\n<meta property=\"og:url\" content=\"https:\/\/www.allgeier.com\/de\/pressroom\/press-releases\/lunendonk-liste-allgeier-se-weiterhin-fuhrender-mittelstandischer-it-berater\/\" \/>\n<meta property=\"og:site_name\" content=\"Allgeier SE\" \/>\n<meta property=\"article:modified_time\" content=\"2025-02-05T18:36:53+00:00\" \/>\n<meta name=\"twitter:card\" content=\"summary_large_image\" \/>\n<meta name=\"twitter:label1\" content=\"Gesch\u00e4tzte Lesezeit\" \/>\n\t<meta name=\"twitter:data1\" content=\"1\u00a0Minute\" \/>\n<script type=\"application\/ld+json\" class=\"yoast-schema-graph\">{\"@context\":\"https:\\\/\\\/schema.org\",\"@graph\":[{\"@type\":\"WebPage\",\"@id\":\"https:\\\/\\\/www.allgeier.com\\\/de\\\/pressroom\\\/press-releases\\\/lunendonk-liste-allgeier-se-weiterhin-fuhrender-mittelstandischer-it-berater\\\/\",\"url\":\"https:\\\/\\\/www.allgeier.com\\\/de\\\/pressroom\\\/press-releases\\\/lunendonk-liste-allgeier-se-weiterhin-fuhrender-mittelstandischer-it-berater\\\/\",\"name\":\"Goetzfried AG: L\u00fcnendonk-Liste: Allgeier SE weiterhin f\u00fchrender mittelst\u00e4ndischer IT-Berater - Allgeier SE\",\"isPartOf\":{\"@id\":\"https:\\\/\\\/www.allgeier.com\\\/de\\\/#website\"},\"datePublished\":\"2016-08-18T15:03:50+00:00\",\"dateModified\":\"2025-02-05T18:36:53+00:00\",\"breadcrumb\":{\"@id\":\"https:\\\/\\\/www.allgeier.com\\\/de\\\/pressroom\\\/press-releases\\\/lunendonk-liste-allgeier-se-weiterhin-fuhrender-mittelstandischer-it-berater\\\/#breadcrumb\"},\"inLanguage\":\"de\",\"potentialAction\":[{\"@type\":\"ReadAction\",\"target\":[\"https:\\\/\\\/www.allgeier.com\\\/de\\\/pressroom\\\/press-releases\\\/lunendonk-liste-allgeier-se-weiterhin-fuhrender-mittelstandischer-it-berater\\\/\"]}]},{\"@type\":\"BreadcrumbList\",\"@id\":\"https:\\\/\\\/www.allgeier.com\\\/de\\\/pressroom\\\/press-releases\\\/lunendonk-liste-allgeier-se-weiterhin-fuhrender-mittelstandischer-it-berater\\\/#breadcrumb\",\"itemListElement\":[{\"@type\":\"ListItem\",\"position\":1,\"name\":\"Home\",\"item\":\"https:\\\/\\\/www.allgeier.com\\\/de\\\/\"},{\"@type\":\"ListItem\",\"position\":2,\"name\":\"Presse\",\"item\":\"https:\\\/\\\/www.allgeier.com\\\/de\\\/pressroom\\\/\"},{\"@type\":\"ListItem\",\"position\":3,\"name\":\"Pressemitteilungen\",\"item\":\"https:\\\/\\\/www.allgeier.com\\\/de\\\/pressroom\\\/press-releases\\\/\"},{\"@type\":\"ListItem\",\"position\":4,\"name\":\"Goetzfried AG: L\u00fcnendonk-Liste: Allgeier SE weiterhin f\u00fchrender mittelst\u00e4ndischer IT-Berater\"}]},{\"@type\":\"WebSite\",\"@id\":\"https:\\\/\\\/www.allgeier.com\\\/de\\\/#website\",\"url\":\"https:\\\/\\\/www.allgeier.com\\\/de\\\/\",\"name\":\"Allgeier SE\",\"description\":\"Software &amp; IT Services for digital transformation\",\"potentialAction\":[{\"@type\":\"SearchAction\",\"target\":{\"@type\":\"EntryPoint\",\"urlTemplate\":\"https:\\\/\\\/www.allgeier.com\\\/de\\\/?s={search_term_string}\"},\"query-input\":{\"@type\":\"PropertyValueSpecification\",\"valueRequired\":true,\"valueName\":\"search_term_string\"}}],\"inLanguage\":\"de\"}]}<\/script>\n<!-- \/ Yoast SEO plugin. -->","yoast_head_json":{"title":"Goetzfried AG: L\u00fcnendonk-Liste: Allgeier SE weiterhin f\u00fchrender mittelst\u00e4ndischer IT-Berater - Allgeier SE","robots":{"index":"index","follow":"follow","max-snippet":"max-snippet:-1","max-image-preview":"max-image-preview:large","max-video-preview":"max-video-preview:-1"},"canonical":"https:\/\/www.allgeier.com\/de\/pressroom\/press-releases\/lunendonk-liste-allgeier-se-weiterhin-fuhrender-mittelstandischer-it-berater\/","og_locale":"de_DE","og_type":"article","og_title":"Goetzfried AG: L\u00fcnendonk-Liste: Allgeier SE weiterhin f\u00fchrender mittelst\u00e4ndischer IT-Berater - Allgeier SE","og_description":"Die Allgeier SE, Muttergesellschaft der Goetzfried AG, ist weiterhin auf Platz eins unter den mittelst\u00e4ndischen IT-Beratungsunternehmen in Deutschland. Mit einem Jahresumsatz von 499 Millionen Euro (2015) stehen die M\u00fcnchner erneut an der Spitze der L\u00fcnendonk-Liste \u201eDie 10 f\u00fchrenden deutschen mittelst\u00e4ndischen IT-Beratungs- und Systemintegrationsunternehmen in Deutschland\u201c. Im Vergleich zum Vorjahr konnte Allgeier SE einen Umsatzgewinn von &hellip;","og_url":"https:\/\/www.allgeier.com\/de\/pressroom\/press-releases\/lunendonk-liste-allgeier-se-weiterhin-fuhrender-mittelstandischer-it-berater\/","og_site_name":"Allgeier SE","article_modified_time":"2025-02-05T18:36:53+00:00","twitter_card":"summary_large_image","twitter_misc":{"Gesch\u00e4tzte Lesezeit":"1\u00a0Minute"},"schema":{"@context":"https:\/\/schema.org","@graph":[{"@type":"WebPage","@id":"https:\/\/www.allgeier.com\/de\/pressroom\/press-releases\/lunendonk-liste-allgeier-se-weiterhin-fuhrender-mittelstandischer-it-berater\/","url":"https:\/\/www.allgeier.com\/de\/pressroom\/press-releases\/lunendonk-liste-allgeier-se-weiterhin-fuhrender-mittelstandischer-it-berater\/","name":"Goetzfried AG: L\u00fcnendonk-Liste: Allgeier SE weiterhin f\u00fchrender mittelst\u00e4ndischer IT-Berater - Allgeier SE","isPartOf":{"@id":"https:\/\/www.allgeier.com\/de\/#website"},"datePublished":"2016-08-18T15:03:50+00:00","dateModified":"2025-02-05T18:36:53+00:00","breadcrumb":{"@id":"https:\/\/www.allgeier.com\/de\/pressroom\/press-releases\/lunendonk-liste-allgeier-se-weiterhin-fuhrender-mittelstandischer-it-berater\/#breadcrumb"},"inLanguage":"de","potentialAction":[{"@type":"ReadAction","target":["https:\/\/www.allgeier.com\/de\/pressroom\/press-releases\/lunendonk-liste-allgeier-se-weiterhin-fuhrender-mittelstandischer-it-berater\/"]}]},{"@type":"BreadcrumbList","@id":"https:\/\/www.allgeier.com\/de\/pressroom\/press-releases\/lunendonk-liste-allgeier-se-weiterhin-fuhrender-mittelstandischer-it-berater\/#breadcrumb","itemListElement":[{"@type":"ListItem","position":1,"name":"Home","item":"https:\/\/www.allgeier.com\/de\/"},{"@type":"ListItem","position":2,"name":"Presse","item":"https:\/\/www.allgeier.com\/de\/pressroom\/"},{"@type":"ListItem","position":3,"name":"Pressemitteilungen","item":"https:\/\/www.allgeier.com\/de\/pressroom\/press-releases\/"},{"@type":"ListItem","position":4,"name":"Goetzfried AG: L\u00fcnendonk-Liste: Allgeier SE weiterhin f\u00fchrender mittelst\u00e4ndischer IT-Berater"}]},{"@type":"WebSite","@id":"https:\/\/www.allgeier.com\/de\/#website","url":"https:\/\/www.allgeier.com\/de\/","name":"Allgeier SE","description":"Software &amp; IT Services for digital transformation","potentialAction":[{"@type":"SearchAction","target":{"@type":"EntryPoint","urlTemplate":"https:\/\/www.allgeier.com\/de\/?s={search_term_string}"},"query-input":{"@type":"PropertyValueSpecification","valueRequired":true,"valueName":"search_term_string"}}],"inLanguage":"de"}]}},"_links":{"self":[{"href":"https:\/\/www.allgeier.com\/de\/wp-json\/wp\/v2\/pages\/2179","targetHints":{"allow":["GET"]}}],"collection":[{"href":"https:\/\/www.allgeier.com\/de\/wp-json\/wp\/v2\/pages"}],"about":[{"href":"https:\/\/www.allgeier.com\/de\/wp-json\/wp\/v2\/types\/page"}],"author":[{"embeddable":true,"href":"https:\/\/www.allgeier.com\/de\/wp-json\/wp\/v2\/users\/4"}],"replies":[{"embeddable":true,"href":"https:\/\/www.allgeier.com\/de\/wp-json\/wp\/v2\/comments?post=2179"}],"version-history":[{"count":1,"href":"https:\/\/www.allgeier.com\/de\/wp-json\/wp\/v2\/pages\/2179\/revisions"}],"predecessor-version":[{"id":6174,"href":"https:\/\/www.allgeier.com\/de\/wp-json\/wp\/v2\/pages\/2179\/revisions\/6174"}],"up":[{"embeddable":true,"href":"https:\/\/www.allgeier.com\/de\/wp-json\/wp\/v2\/pages\/1169"}],"wp:attachment":[{"href":"https:\/\/www.allgeier.com\/de\/wp-json\/wp\/v2\/media?parent=2179"}],"wp:term":[{"taxonomy":"category","embeddable":true,"href":"https:\/\/www.allgeier.com\/de\/wp-json\/wp\/v2\/categories?post=2179"},{"taxonomy":"post_tag","embeddable":true,"href":"https:\/\/www.allgeier.com\/de\/wp-json\/wp\/v2\/tags?post=2179"}],"curies":[{"name":"wp","href":"https:\/\/api.w.org\/{rel}","templated":true}]}}