{"id":2199,"date":"2016-12-16T09:12:22","date_gmt":"2016-12-16T09:12:22","guid":{"rendered":"https:\/\/www.allgeier.com\/de\/?page_id=2199"},"modified":"2025-02-05T17:42:32","modified_gmt":"2025-02-05T17:42:32","slug":"20161216-2","status":"publish","type":"page","link":"https:\/\/www.allgeier.com\/de\/pressroom\/news\/20161216-2\/","title":{"rendered":"20161216"},"content":{"rendered":"<p>Aktuell werden E-Mails verschickt, vor denen wir Sie warnen m\u00f6chten. Als Absender wird die Allgeier Computer AG angegeben. Bitte \u00f6ffnen Sie diese nicht und klicken Sie nicht auf den Inhalt und die Anh\u00e4nge. Diese enthalten nach unserer Kenntnis einen Virus.<\/p>\n<p>Diese E-Mail kommt nicht von uns und wird auch nicht \u00fcber unsere Server verschickt. Wir sind um Aufkl\u00e4rung der Herkunft dieser E-Mails bem\u00fcht.<\/p>\n<p><a href=\"https:\/\/www.allgeier-it.de\/wichtige-mitteilung\" target=\"_blank\">Weitere Informationen finden Sie auf den Seiten unserer Tochtergesellschaft Allgeier IT Solutions.<\/a><\/p>\n","protected":false},"excerpt":{"rendered":"<p>Aktuell werden E-Mails verschickt, vor denen wir Sie warnen m\u00f6chten. Als Absender wird die Allgeier Computer AG angegeben. Bitte \u00f6ffnen Sie diese nicht und klicken Sie nicht auf den Inhalt und die Anh\u00e4nge. Diese enthalten nach unserer Kenntnis einen Virus. Diese E-Mail kommt nicht von uns und wird auch nicht \u00fcber unsere Server verschickt. Wir &hellip; <\/p>\n","protected":false},"author":4,"featured_media":0,"parent":1171,"menu_order":0,"comment_status":"closed","ping_status":"closed","template":"","meta":{"_acf_changed":false,"footnotes":""},"categories":[9],"tags":[],"class_list":["post-2199","page","type-page","status-publish","hentry","category-news"],"acf":[],"yoast_head":"<!-- This site is optimized with the Yoast SEO plugin v27.3 - https:\/\/yoast.com\/product\/yoast-seo-wordpress\/ -->\n<title>20161216 - Allgeier SE<\/title>\n<meta name=\"robots\" content=\"index, follow, max-snippet:-1, max-image-preview:large, max-video-preview:-1\" \/>\n<link rel=\"canonical\" href=\"https:\/\/www.allgeier.com\/de\/pressroom\/news\/20161216-2\/\" \/>\n<meta property=\"og:locale\" content=\"de_DE\" \/>\n<meta property=\"og:type\" content=\"article\" \/>\n<meta property=\"og:title\" content=\"20161216 - Allgeier SE\" \/>\n<meta property=\"og:description\" content=\"Aktuell werden E-Mails verschickt, vor denen wir Sie warnen m\u00f6chten. Als Absender wird die Allgeier Computer AG angegeben. Bitte \u00f6ffnen Sie diese nicht und klicken Sie nicht auf den Inhalt und die Anh\u00e4nge. Diese enthalten nach unserer Kenntnis einen Virus. Diese E-Mail kommt nicht von uns und wird auch nicht \u00fcber unsere Server verschickt. Wir &hellip;\" \/>\n<meta property=\"og:url\" content=\"https:\/\/www.allgeier.com\/de\/pressroom\/news\/20161216-2\/\" \/>\n<meta property=\"og:site_name\" content=\"Allgeier SE\" \/>\n<meta property=\"article:modified_time\" content=\"2025-02-05T17:42:32+00:00\" \/>\n<meta name=\"twitter:card\" content=\"summary_large_image\" \/>\n<script type=\"application\/ld+json\" class=\"yoast-schema-graph\">{\"@context\":\"https:\\\/\\\/schema.org\",\"@graph\":[{\"@type\":\"WebPage\",\"@id\":\"https:\\\/\\\/www.allgeier.com\\\/de\\\/pressroom\\\/news\\\/20161216-2\\\/\",\"url\":\"https:\\\/\\\/www.allgeier.com\\\/de\\\/pressroom\\\/news\\\/20161216-2\\\/\",\"name\":\"20161216 - Allgeier SE\",\"isPartOf\":{\"@id\":\"https:\\\/\\\/www.allgeier.com\\\/de\\\/#website\"},\"datePublished\":\"2016-12-16T09:12:22+00:00\",\"dateModified\":\"2025-02-05T17:42:32+00:00\",\"breadcrumb\":{\"@id\":\"https:\\\/\\\/www.allgeier.com\\\/de\\\/pressroom\\\/news\\\/20161216-2\\\/#breadcrumb\"},\"inLanguage\":\"de\",\"potentialAction\":[{\"@type\":\"ReadAction\",\"target\":[\"https:\\\/\\\/www.allgeier.com\\\/de\\\/pressroom\\\/news\\\/20161216-2\\\/\"]}]},{\"@type\":\"BreadcrumbList\",\"@id\":\"https:\\\/\\\/www.allgeier.com\\\/de\\\/pressroom\\\/news\\\/20161216-2\\\/#breadcrumb\",\"itemListElement\":[{\"@type\":\"ListItem\",\"position\":1,\"name\":\"Home\",\"item\":\"https:\\\/\\\/www.allgeier.com\\\/de\\\/\"},{\"@type\":\"ListItem\",\"position\":2,\"name\":\"Presse\",\"item\":\"https:\\\/\\\/www.allgeier.com\\\/de\\\/pressroom\\\/\"},{\"@type\":\"ListItem\",\"position\":3,\"name\":\"News\",\"item\":\"https:\\\/\\\/www.allgeier.com\\\/de\\\/pressroom\\\/news\\\/\"},{\"@type\":\"ListItem\",\"position\":4,\"name\":\"20161216\"}]},{\"@type\":\"WebSite\",\"@id\":\"https:\\\/\\\/www.allgeier.com\\\/de\\\/#website\",\"url\":\"https:\\\/\\\/www.allgeier.com\\\/de\\\/\",\"name\":\"Allgeier SE\",\"description\":\"Software &amp; IT Services for digital transformation\",\"potentialAction\":[{\"@type\":\"SearchAction\",\"target\":{\"@type\":\"EntryPoint\",\"urlTemplate\":\"https:\\\/\\\/www.allgeier.com\\\/de\\\/?s={search_term_string}\"},\"query-input\":{\"@type\":\"PropertyValueSpecification\",\"valueRequired\":true,\"valueName\":\"search_term_string\"}}],\"inLanguage\":\"de\"}]}<\/script>\n<!-- \/ Yoast SEO plugin. -->","yoast_head_json":{"title":"20161216 - Allgeier SE","robots":{"index":"index","follow":"follow","max-snippet":"max-snippet:-1","max-image-preview":"max-image-preview:large","max-video-preview":"max-video-preview:-1"},"canonical":"https:\/\/www.allgeier.com\/de\/pressroom\/news\/20161216-2\/","og_locale":"de_DE","og_type":"article","og_title":"20161216 - Allgeier SE","og_description":"Aktuell werden E-Mails verschickt, vor denen wir Sie warnen m\u00f6chten. Als Absender wird die Allgeier Computer AG angegeben. Bitte \u00f6ffnen Sie diese nicht und klicken Sie nicht auf den Inhalt und die Anh\u00e4nge. Diese enthalten nach unserer Kenntnis einen Virus. Diese E-Mail kommt nicht von uns und wird auch nicht \u00fcber unsere Server verschickt. Wir &hellip;","og_url":"https:\/\/www.allgeier.com\/de\/pressroom\/news\/20161216-2\/","og_site_name":"Allgeier SE","article_modified_time":"2025-02-05T17:42:32+00:00","twitter_card":"summary_large_image","schema":{"@context":"https:\/\/schema.org","@graph":[{"@type":"WebPage","@id":"https:\/\/www.allgeier.com\/de\/pressroom\/news\/20161216-2\/","url":"https:\/\/www.allgeier.com\/de\/pressroom\/news\/20161216-2\/","name":"20161216 - Allgeier SE","isPartOf":{"@id":"https:\/\/www.allgeier.com\/de\/#website"},"datePublished":"2016-12-16T09:12:22+00:00","dateModified":"2025-02-05T17:42:32+00:00","breadcrumb":{"@id":"https:\/\/www.allgeier.com\/de\/pressroom\/news\/20161216-2\/#breadcrumb"},"inLanguage":"de","potentialAction":[{"@type":"ReadAction","target":["https:\/\/www.allgeier.com\/de\/pressroom\/news\/20161216-2\/"]}]},{"@type":"BreadcrumbList","@id":"https:\/\/www.allgeier.com\/de\/pressroom\/news\/20161216-2\/#breadcrumb","itemListElement":[{"@type":"ListItem","position":1,"name":"Home","item":"https:\/\/www.allgeier.com\/de\/"},{"@type":"ListItem","position":2,"name":"Presse","item":"https:\/\/www.allgeier.com\/de\/pressroom\/"},{"@type":"ListItem","position":3,"name":"News","item":"https:\/\/www.allgeier.com\/de\/pressroom\/news\/"},{"@type":"ListItem","position":4,"name":"20161216"}]},{"@type":"WebSite","@id":"https:\/\/www.allgeier.com\/de\/#website","url":"https:\/\/www.allgeier.com\/de\/","name":"Allgeier SE","description":"Software &amp; IT Services for digital transformation","potentialAction":[{"@type":"SearchAction","target":{"@type":"EntryPoint","urlTemplate":"https:\/\/www.allgeier.com\/de\/?s={search_term_string}"},"query-input":{"@type":"PropertyValueSpecification","valueRequired":true,"valueName":"search_term_string"}}],"inLanguage":"de"}]}},"_links":{"self":[{"href":"https:\/\/www.allgeier.com\/de\/wp-json\/wp\/v2\/pages\/2199","targetHints":{"allow":["GET"]}}],"collection":[{"href":"https:\/\/www.allgeier.com\/de\/wp-json\/wp\/v2\/pages"}],"about":[{"href":"https:\/\/www.allgeier.com\/de\/wp-json\/wp\/v2\/types\/page"}],"author":[{"embeddable":true,"href":"https:\/\/www.allgeier.com\/de\/wp-json\/wp\/v2\/users\/4"}],"replies":[{"embeddable":true,"href":"https:\/\/www.allgeier.com\/de\/wp-json\/wp\/v2\/comments?post=2199"}],"version-history":[{"count":1,"href":"https:\/\/www.allgeier.com\/de\/wp-json\/wp\/v2\/pages\/2199\/revisions"}],"predecessor-version":[{"id":6140,"href":"https:\/\/www.allgeier.com\/de\/wp-json\/wp\/v2\/pages\/2199\/revisions\/6140"}],"up":[{"embeddable":true,"href":"https:\/\/www.allgeier.com\/de\/wp-json\/wp\/v2\/pages\/1171"}],"wp:attachment":[{"href":"https:\/\/www.allgeier.com\/de\/wp-json\/wp\/v2\/media?parent=2199"}],"wp:term":[{"taxonomy":"category","embeddable":true,"href":"https:\/\/www.allgeier.com\/de\/wp-json\/wp\/v2\/categories?post=2199"},{"taxonomy":"post_tag","embeddable":true,"href":"https:\/\/www.allgeier.com\/de\/wp-json\/wp\/v2\/tags?post=2199"}],"curies":[{"name":"wp","href":"https:\/\/api.w.org\/{rel}","templated":true}]}}