{"id":2208,"date":"2016-12-14T11:11:39","date_gmt":"2016-12-14T11:11:39","guid":{"rendered":"https:\/\/www.allgeier.com\/de\/?page_id=2208"},"modified":"2025-02-05T18:36:53","modified_gmt":"2025-02-05T18:36:53","slug":"mokriya-joins-nagarro","status":"publish","type":"page","link":"https:\/\/www.allgeier.com\/de\/pressroom\/press-releases\/mokriya-joins-nagarro\/","title":{"rendered":"Mokriya wird Teil von Nagarro"},"content":{"rendered":"<p><em>Cupertino, California (USA), 14. Dezember, 2016 &#8211; \u200b\u200b\u200b\u200b<\/em>Nagarro freut sich bekanntzugeben, dass die im Silicon Valley beheimatete Design- und Entwicklungsfirma Mokriya Inc. der Nagarro Gruppe als eine unabh\u00e4ngige Gesch\u00e4ftseinheit beitritt. Die 2001 von Sunil und Pranil Kanderi gegr\u00fcndete Firma besch\u00e4ftigt weltweit ausgezeichnete Entwickler, Designer und Produkt Manager, die in kleinen und wendigen Teams an der Bereitstellung gro\u00dfartiger Softwareprodukten arbeiten. Mokriyas Kunden sind unter anderem Branchengiganten wie Google, Twitter, Intel, AT&amp;T, Verizon, SanDisk, Salesforce und Est\u00e9e Lauder.<\/p>\n<p>\u201eDas Nagarro-Team teilt unsere Vision und ist f\u00fcr seinen \u201eEnterprise Agile\u201c-Ansatz bekannt, der f\u00fcr Fortune 500 Firmen die besten Praktiken der Softwareentwicklung bereitstellt\u201c, sagt Sunil Kanderi. \u201eAufgrund unserer gemeinsamen Vision bei der Entwicklung hochklassiger Software und unser zueinander passenden Firmenkulturen, steht f\u00fcr uns fest, dass es sowohl f\u00fcr unsere Kunden als auch f\u00fcr unsere Mitarbeiter das Beste ist, ein Teil von Nagarro zu werden. Wir werden auch weiterhin jene exzellente Softwarequalit\u00e4t liefern, f\u00fcr die wir bekannt sind; jetzt erweitert um die Gr\u00f6\u00dfe und Reichweite, welche Nagarro bietet.\u201c<\/p>\n<p>\u201eMokriya wird weiterhin eigenst\u00e4ndig unter dem Dach von Nagarro t\u00e4tig sein und seinen Fokus auf High End Design und Entwicklungsarbeit setzen\u201c, meint Manas Fuloria, der CEO von Nagarro. \u201eWir betrachten Mokriya als unsere Silicon Valley Vorhut um Kunden bei der Innovation auf den aktuellsten digitalen Plattformen zu unterst\u00fctzen.\u201c<\/p>\n<p><b>\u00dcber Mokriya<\/b><\/p>\n<p>Mokriya, Inc. ist eine kundenfokussierte Design- und Entwicklungsfirma. Sie sind ein weltweites Netzwerk von UX Spezialisten, kreativen K\u00f6pfen, Designern und Entwicklern, mit der Mission bahnbrechende und zukunftsorientiere Anwendungen zu entwickeln. Mokriya konzipiert und entwickelt Software f\u00fcr f\u00fchrende Weltmarken, inkl. Google, Twitter, Intel, AT&amp;T, Verizon, SanDisk, Salesforce und Est\u00e9e Lauder. Mehr Informationen finden Sie unter <a href=\"http:\/\/mokriya.com\/\" target=\"_blank\">http:\/\/mokriya.com\/<\/a>.<\/p>\n<p><b>\u00dcber Nagarro<\/b><\/p>\n<p>Nagarro stellt disruptive digitale Technologie Dienstleistungen, sowohl f\u00fcr f\u00fchrende Industrieunternehmen als auch deren Herausforderer, bereit. Wenn unsere Kunden schnelle Wege suchen, Dinge umzusetzen, wenden sie sich an uns. Wir kombinieren Design, Digitalisierung und Daten, um ihnen dabei zu helfen ihre Mitbewerber zu \u00fcbertreffen. Unsere Kennzeichen sind unsere Agilit\u00e4t, Phantasie und der bedingungslose Einsatz f\u00fcr den Erfolg unserer Kunden. Einige unserer Kunden sind Siemens, GE, Lufthansa, Viacom, Est\u00e9e Lauder, ASSA ABLOY, Ericsson, DHL, Mitsubishi, BMW, City of New York, Erste Bank, T-Systems, SAP und Infor. Durch die Arbeit mit diesen Kunden verschieben wir st\u00e4ndig die Grenzen dessen, was mittels Technologie machbar ist und auch den daf\u00fcr erforderlichen Zeitaufwand. Derzeit sind wir \u00fcber 3.500 Experten in 12 L\u00e4ndern. Zusammen bilden wir die globale Dienstleistungs-Division der in M\u00fcnchen beheimateten Allgeier SE. Mehr Informationen finden Sie unter <a href=\"http:\/\/www.nagarro.com\/de\/de\">www.nagarro.com<\/a>.<\/p>\n<p>&nbsp;<\/p>\n<p>&nbsp;<\/p>\n<p>&nbsp;<\/p>\n","protected":false},"excerpt":{"rendered":"<p>Cupertino, California (USA), 14. Dezember, 2016 &#8211; \u200b\u200b\u200b\u200bNagarro freut sich bekanntzugeben, dass die im Silicon Valley beheimatete Design- und Entwicklungsfirma Mokriya Inc. der Nagarro Gruppe als eine unabh\u00e4ngige Gesch\u00e4ftseinheit beitritt. Die 2001 von Sunil und Pranil Kanderi gegr\u00fcndete Firma besch\u00e4ftigt weltweit ausgezeichnete Entwickler, Designer und Produkt Manager, die in kleinen und wendigen Teams an der &hellip; <\/p>\n","protected":false},"author":4,"featured_media":0,"parent":1169,"menu_order":0,"comment_status":"closed","ping_status":"closed","template":"","meta":{"_acf_changed":false,"footnotes":""},"categories":[7],"tags":[],"class_list":["post-2208","page","type-page","status-publish","hentry","category-pressemitteilungen"],"acf":[],"yoast_head":"<!-- This site is optimized with the Yoast SEO plugin v27.4 - https:\/\/yoast.com\/product\/yoast-seo-wordpress\/ -->\n<title>Mokriya wird Teil von Nagarro - Allgeier SE<\/title>\n<meta name=\"robots\" content=\"index, follow, max-snippet:-1, max-image-preview:large, max-video-preview:-1\" \/>\n<link rel=\"canonical\" href=\"https:\/\/www.allgeier.com\/de\/pressroom\/press-releases\/mokriya-joins-nagarro\/\" \/>\n<meta property=\"og:locale\" content=\"de_DE\" \/>\n<meta property=\"og:type\" content=\"article\" \/>\n<meta property=\"og:title\" content=\"Mokriya wird Teil von Nagarro - Allgeier SE\" \/>\n<meta property=\"og:description\" content=\"Cupertino, California (USA), 14. Dezember, 2016 &#8211; \u200b\u200b\u200b\u200bNagarro freut sich bekanntzugeben, dass die im Silicon Valley beheimatete Design- und Entwicklungsfirma Mokriya Inc. der Nagarro Gruppe als eine unabh\u00e4ngige Gesch\u00e4ftseinheit beitritt. Die 2001 von Sunil und Pranil Kanderi gegr\u00fcndete Firma besch\u00e4ftigt weltweit ausgezeichnete Entwickler, Designer und Produkt Manager, die in kleinen und wendigen Teams an der &hellip;\" \/>\n<meta property=\"og:url\" content=\"https:\/\/www.allgeier.com\/de\/pressroom\/press-releases\/mokriya-joins-nagarro\/\" \/>\n<meta property=\"og:site_name\" content=\"Allgeier SE\" \/>\n<meta property=\"article:modified_time\" content=\"2025-02-05T18:36:53+00:00\" \/>\n<meta name=\"twitter:card\" content=\"summary_large_image\" \/>\n<meta name=\"twitter:label1\" content=\"Gesch\u00e4tzte Lesezeit\" \/>\n\t<meta name=\"twitter:data1\" content=\"2\u00a0Minuten\" \/>\n<script type=\"application\/ld+json\" class=\"yoast-schema-graph\">{\"@context\":\"https:\\\/\\\/schema.org\",\"@graph\":[{\"@type\":\"WebPage\",\"@id\":\"https:\\\/\\\/www.allgeier.com\\\/de\\\/pressroom\\\/press-releases\\\/mokriya-joins-nagarro\\\/\",\"url\":\"https:\\\/\\\/www.allgeier.com\\\/de\\\/pressroom\\\/press-releases\\\/mokriya-joins-nagarro\\\/\",\"name\":\"Mokriya wird Teil von Nagarro - Allgeier SE\",\"isPartOf\":{\"@id\":\"https:\\\/\\\/www.allgeier.com\\\/de\\\/#website\"},\"datePublished\":\"2016-12-14T11:11:39+00:00\",\"dateModified\":\"2025-02-05T18:36:53+00:00\",\"breadcrumb\":{\"@id\":\"https:\\\/\\\/www.allgeier.com\\\/de\\\/pressroom\\\/press-releases\\\/mokriya-joins-nagarro\\\/#breadcrumb\"},\"inLanguage\":\"de\",\"potentialAction\":[{\"@type\":\"ReadAction\",\"target\":[\"https:\\\/\\\/www.allgeier.com\\\/de\\\/pressroom\\\/press-releases\\\/mokriya-joins-nagarro\\\/\"]}]},{\"@type\":\"BreadcrumbList\",\"@id\":\"https:\\\/\\\/www.allgeier.com\\\/de\\\/pressroom\\\/press-releases\\\/mokriya-joins-nagarro\\\/#breadcrumb\",\"itemListElement\":[{\"@type\":\"ListItem\",\"position\":1,\"name\":\"Home\",\"item\":\"https:\\\/\\\/www.allgeier.com\\\/de\\\/\"},{\"@type\":\"ListItem\",\"position\":2,\"name\":\"Presse\",\"item\":\"https:\\\/\\\/www.allgeier.com\\\/de\\\/pressroom\\\/\"},{\"@type\":\"ListItem\",\"position\":3,\"name\":\"Pressemitteilungen\",\"item\":\"https:\\\/\\\/www.allgeier.com\\\/de\\\/pressroom\\\/press-releases\\\/\"},{\"@type\":\"ListItem\",\"position\":4,\"name\":\"Mokriya wird Teil von Nagarro\"}]},{\"@type\":\"WebSite\",\"@id\":\"https:\\\/\\\/www.allgeier.com\\\/de\\\/#website\",\"url\":\"https:\\\/\\\/www.allgeier.com\\\/de\\\/\",\"name\":\"Allgeier SE\",\"description\":\"Software &amp; IT Services for digital transformation\",\"potentialAction\":[{\"@type\":\"SearchAction\",\"target\":{\"@type\":\"EntryPoint\",\"urlTemplate\":\"https:\\\/\\\/www.allgeier.com\\\/de\\\/?s={search_term_string}\"},\"query-input\":{\"@type\":\"PropertyValueSpecification\",\"valueRequired\":true,\"valueName\":\"search_term_string\"}}],\"inLanguage\":\"de\"}]}<\/script>\n<!-- \/ Yoast SEO plugin. -->","yoast_head_json":{"title":"Mokriya wird Teil von Nagarro - Allgeier SE","robots":{"index":"index","follow":"follow","max-snippet":"max-snippet:-1","max-image-preview":"max-image-preview:large","max-video-preview":"max-video-preview:-1"},"canonical":"https:\/\/www.allgeier.com\/de\/pressroom\/press-releases\/mokriya-joins-nagarro\/","og_locale":"de_DE","og_type":"article","og_title":"Mokriya wird Teil von Nagarro - Allgeier SE","og_description":"Cupertino, California (USA), 14. Dezember, 2016 &#8211; \u200b\u200b\u200b\u200bNagarro freut sich bekanntzugeben, dass die im Silicon Valley beheimatete Design- und Entwicklungsfirma Mokriya Inc. der Nagarro Gruppe als eine unabh\u00e4ngige Gesch\u00e4ftseinheit beitritt. Die 2001 von Sunil und Pranil Kanderi gegr\u00fcndete Firma besch\u00e4ftigt weltweit ausgezeichnete Entwickler, Designer und Produkt Manager, die in kleinen und wendigen Teams an der &hellip;","og_url":"https:\/\/www.allgeier.com\/de\/pressroom\/press-releases\/mokriya-joins-nagarro\/","og_site_name":"Allgeier SE","article_modified_time":"2025-02-05T18:36:53+00:00","twitter_card":"summary_large_image","twitter_misc":{"Gesch\u00e4tzte Lesezeit":"2\u00a0Minuten"},"schema":{"@context":"https:\/\/schema.org","@graph":[{"@type":"WebPage","@id":"https:\/\/www.allgeier.com\/de\/pressroom\/press-releases\/mokriya-joins-nagarro\/","url":"https:\/\/www.allgeier.com\/de\/pressroom\/press-releases\/mokriya-joins-nagarro\/","name":"Mokriya wird Teil von Nagarro - Allgeier SE","isPartOf":{"@id":"https:\/\/www.allgeier.com\/de\/#website"},"datePublished":"2016-12-14T11:11:39+00:00","dateModified":"2025-02-05T18:36:53+00:00","breadcrumb":{"@id":"https:\/\/www.allgeier.com\/de\/pressroom\/press-releases\/mokriya-joins-nagarro\/#breadcrumb"},"inLanguage":"de","potentialAction":[{"@type":"ReadAction","target":["https:\/\/www.allgeier.com\/de\/pressroom\/press-releases\/mokriya-joins-nagarro\/"]}]},{"@type":"BreadcrumbList","@id":"https:\/\/www.allgeier.com\/de\/pressroom\/press-releases\/mokriya-joins-nagarro\/#breadcrumb","itemListElement":[{"@type":"ListItem","position":1,"name":"Home","item":"https:\/\/www.allgeier.com\/de\/"},{"@type":"ListItem","position":2,"name":"Presse","item":"https:\/\/www.allgeier.com\/de\/pressroom\/"},{"@type":"ListItem","position":3,"name":"Pressemitteilungen","item":"https:\/\/www.allgeier.com\/de\/pressroom\/press-releases\/"},{"@type":"ListItem","position":4,"name":"Mokriya wird Teil von Nagarro"}]},{"@type":"WebSite","@id":"https:\/\/www.allgeier.com\/de\/#website","url":"https:\/\/www.allgeier.com\/de\/","name":"Allgeier SE","description":"Software &amp; IT Services for digital transformation","potentialAction":[{"@type":"SearchAction","target":{"@type":"EntryPoint","urlTemplate":"https:\/\/www.allgeier.com\/de\/?s={search_term_string}"},"query-input":{"@type":"PropertyValueSpecification","valueRequired":true,"valueName":"search_term_string"}}],"inLanguage":"de"}]}},"_links":{"self":[{"href":"https:\/\/www.allgeier.com\/de\/wp-json\/wp\/v2\/pages\/2208","targetHints":{"allow":["GET"]}}],"collection":[{"href":"https:\/\/www.allgeier.com\/de\/wp-json\/wp\/v2\/pages"}],"about":[{"href":"https:\/\/www.allgeier.com\/de\/wp-json\/wp\/v2\/types\/page"}],"author":[{"embeddable":true,"href":"https:\/\/www.allgeier.com\/de\/wp-json\/wp\/v2\/users\/4"}],"replies":[{"embeddable":true,"href":"https:\/\/www.allgeier.com\/de\/wp-json\/wp\/v2\/comments?post=2208"}],"version-history":[{"count":1,"href":"https:\/\/www.allgeier.com\/de\/wp-json\/wp\/v2\/pages\/2208\/revisions"}],"predecessor-version":[{"id":6180,"href":"https:\/\/www.allgeier.com\/de\/wp-json\/wp\/v2\/pages\/2208\/revisions\/6180"}],"up":[{"embeddable":true,"href":"https:\/\/www.allgeier.com\/de\/wp-json\/wp\/v2\/pages\/1169"}],"wp:attachment":[{"href":"https:\/\/www.allgeier.com\/de\/wp-json\/wp\/v2\/media?parent=2208"}],"wp:term":[{"taxonomy":"category","embeddable":true,"href":"https:\/\/www.allgeier.com\/de\/wp-json\/wp\/v2\/categories?post=2208"},{"taxonomy":"post_tag","embeddable":true,"href":"https:\/\/www.allgeier.com\/de\/wp-json\/wp\/v2\/tags?post=2208"}],"curies":[{"name":"wp","href":"https:\/\/api.w.org\/{rel}","templated":true}]}}