{"id":2212,"date":"2017-01-16T13:07:25","date_gmt":"2017-01-16T13:07:25","guid":{"rendered":"https:\/\/www.allgeier.com\/de\/?page_id=2212"},"modified":"2025-02-05T18:36:52","modified_gmt":"2025-02-05T18:36:52","slug":"bsh-it-solutions-auf-der-seatrade-cruise-global-2017","status":"publish","type":"page","link":"https:\/\/www.allgeier.com\/de\/pressroom\/press-releases\/bsh-it-solutions-auf-der-seatrade-cruise-global-2017\/","title":{"rendered":"BSH IT Solutions auf der Seatrade Cruise Global 2017"},"content":{"rendered":"<p><strong><em>Westerstede, 16.01.2017 \u2013<\/em> Vom 14. bis 16. M\u00e4rz 2017 pr\u00e4sentiert die BSH IT Solutions GmbH ihr Dienstleistungsangebot rund um die Themen Infrastruktur und Telekommunikation erstmals auf der Seatrade Cruise Global, der weltweit gr\u00f6\u00dften Messe der Kreuzfahrtindustrie, in Florida.<\/strong><\/p>\n<p>Bereits seit 2003 stattet BSH Schiffe mit IT-Infrastruktur aus. Dabei \u00fcbernimmt das Unternehmen alle Leistungen \u2013 von der Planung und Ausstattung der schiffseigenen Rechenzentren, \u00fcber Netzwerk, WLAN und Clients bis hin zum Monitoring und 24\/7-Support. Erfahrene Projektmanager begleiten die Projekte und Werftzeiten, so profitieren die Kunden von einer individuellen Betreuung. Die N\u00e4he zu den Werften und Reedereien sowie die optimale Anbindung zur Nordsee verbindet die BSH IT Solutions besonders mit dieser Branche. \u201eWir verf\u00fcgen \u00fcber langj\u00e4hrige Erfahrungen und umfangreiche Kompetenzen in der IT-Ausstattung von Kreuzfahrtschiffen und bedienen vom Projektmanagement \u00fcber die Implementierung bis hin zum 24\/7-Support die gesamte Prozesskette\u201c, erkl\u00e4rt Sascha Sambach, Gesch\u00e4ftsf\u00fchrer der BSH IT Solutions. \u201eWir nutzen unsere Pr\u00e4senz auf der Seatrade Cruise Global 2017, um unser Portfolio einem internationalen Publikum vorzustellen und neue Kunden zu gewinnen.\u201c<\/p>\n<p><strong>Ganzheitliche Betreuung auf See<\/strong><\/p>\n<p>Neben eigenen Staging Areas im Nordwesten Deutschlands bietet BSH IT Solutions zudem ein Monitoring an, das in den deutschen BSH-Rechenzentren gehostet und zentral zur Verf\u00fcgung gestellt wird. Zudem begleiten die Mitarbeiter der BSH die Installationen regelm\u00e4\u00dfig auch auf See, um die Stabilit\u00e4t der Systeme zu \u00fcberwachen und abzusichern. Bei der Auswahl der IT setzt BSH IT Solutions auf bew\u00e4hrte L\u00f6sungen, die nach einem detaillierten Kriterienkatalog ausgew\u00e4hlt wurden. Damit ist BSH von der Konzeptidee \u00fcber die Realisierung bis hin zum Support ein starker und verl\u00e4sslicher Partner.<\/p>\n<p><strong>Daten und Fakten zur Seatrade Cruise Global:<\/strong><\/p>\n<p><strong>Aussteller:<\/strong> Mehr als 700 internationale Aussteller, u.a. Werften, Schiffsausr\u00fcster, Kreuzfahrth\u00e4fen, Tourismusorganisationen, Reiseveranstalter und Technikfirmen<\/p>\n<p><strong>Besucher:<\/strong> Tausende Manager, Eink\u00e4ufer und Entscheidungstr\u00e4ger der Kreuzfahrtbranche<\/p>\n<p><strong>Ort:<\/strong> Fort Lauderdale Broward County Convention Center, Fort Lauderdale, Florida, USA<\/p>\n<p><strong>Datum:<\/strong> 14. bis 16. M\u00e4rz 2017<\/p>\n<p><strong>Stand: <\/strong>Level 3, Bereich Information Technology, Stand 3719<\/p>\n<p>&#8212;&#8212;&#8212;&#8212;&#8212;&#8212;&#8212;&#8212;&#8212;&#8212;&#8212;&#8212;&#8212;&#8212;&#8212;&#8212;&#8212;&#8212;&#8212;&#8212;&#8212;&#8212;&#8212;&#8212;&#8212;&#8212;&#8212;&#8212;&#8212;&#8212;&#8212;&#8212;&#8212;<\/p>\n<p><strong>\u00dcber die BSH IT Solutions GmbH<\/strong><\/p>\n<p>Die BSH IT Solutions GmbH entwickelt und realisiert ganzheitliche IT-Infrastrukturprojekte im Bereich komplexer Server- und Storage-L\u00f6sungen sowie im Client-Umfeld. Zu den Gesch\u00e4ftsfeldern der BSH geh\u00f6ren u. a. die Bereiche Virtualisierung, Archivierung, Client-Management, Outsourcing und Output-L\u00f6sungen. Erg\u00e4nzend dazu bietet BSH die passenden Services, um ein ganzheitliches Zusammenspiel von IT-Struktur, Prozessen, Gesch\u00e4ftspartnern und Mitarbeitern zu gew\u00e4hrleisten.<\/p>\n<p>Das Unternehmen ist Teil der b\u00f6rsennotierten Allgeier SE mit Sitz in M\u00fcnchen und mehr als 190 Standorten in Europa, Asien und Amerika. Die Allgeier Gruppe besch\u00e4ftigt aktuell rund 7.500 Mitarbeiter sowie freiberufliche Experten und verzeichnete 2015 einen Umsatz von 445 Mio. Euro (fortgef\u00fchrtes Gesch\u00e4ft).<\/p>\n<p>Weitere Informationen \u00fcber die BSH IT Solutions GmbH erhalten Sie auf der Webseite unter <a href=\"http:\/\/www.bsh-it.de\">www.bsh-it.de<\/a>.<\/p>\n<p>Pressekontakt:<\/p>\n<p>Christine Br\u00fcmmer<br \/>\nMarketing<br \/>\nBSH IT Solutions GmbH<br \/>\nHans-Bredow-Stra\u00dfe 60<br \/>\n28307 Bremen<br \/>\nT. +49 421 43841-458<br \/>\nM. c.bruemmer@bsh-it.de<\/p>\n<p>&nbsp;<\/p>\n<p>&nbsp;<\/p>\n","protected":false},"excerpt":{"rendered":"<p>Westerstede, 16.01.2017 \u2013 Vom 14. bis 16. M\u00e4rz 2017 pr\u00e4sentiert die BSH IT Solutions GmbH ihr Dienstleistungsangebot rund um die Themen Infrastruktur und Telekommunikation erstmals auf der Seatrade Cruise Global, der weltweit gr\u00f6\u00dften Messe der Kreuzfahrtindustrie, in Florida. Bereits seit 2003 stattet BSH Schiffe mit IT-Infrastruktur aus. Dabei \u00fcbernimmt das Unternehmen alle Leistungen \u2013 von &hellip; <\/p>\n","protected":false},"author":4,"featured_media":0,"parent":1169,"menu_order":0,"comment_status":"closed","ping_status":"closed","template":"","meta":{"_acf_changed":false,"footnotes":""},"categories":[7],"tags":[],"class_list":["post-2212","page","type-page","status-publish","hentry","category-pressemitteilungen"],"acf":[],"yoast_head":"<!-- This site is optimized with the Yoast SEO plugin v27.4 - https:\/\/yoast.com\/product\/yoast-seo-wordpress\/ -->\n<title>BSH IT Solutions auf der Seatrade Cruise Global 2017 - Allgeier SE<\/title>\n<meta name=\"robots\" content=\"index, follow, max-snippet:-1, max-image-preview:large, max-video-preview:-1\" \/>\n<link rel=\"canonical\" href=\"https:\/\/www.allgeier.com\/de\/pressroom\/press-releases\/bsh-it-solutions-auf-der-seatrade-cruise-global-2017\/\" \/>\n<meta property=\"og:locale\" content=\"de_DE\" \/>\n<meta property=\"og:type\" content=\"article\" \/>\n<meta property=\"og:title\" content=\"BSH IT Solutions auf der Seatrade Cruise Global 2017 - Allgeier SE\" \/>\n<meta property=\"og:description\" content=\"Westerstede, 16.01.2017 \u2013 Vom 14. bis 16. M\u00e4rz 2017 pr\u00e4sentiert die BSH IT Solutions GmbH ihr Dienstleistungsangebot rund um die Themen Infrastruktur und Telekommunikation erstmals auf der Seatrade Cruise Global, der weltweit gr\u00f6\u00dften Messe der Kreuzfahrtindustrie, in Florida. Bereits seit 2003 stattet BSH Schiffe mit IT-Infrastruktur aus. Dabei \u00fcbernimmt das Unternehmen alle Leistungen \u2013 von &hellip;\" \/>\n<meta property=\"og:url\" content=\"https:\/\/www.allgeier.com\/de\/pressroom\/press-releases\/bsh-it-solutions-auf-der-seatrade-cruise-global-2017\/\" \/>\n<meta property=\"og:site_name\" content=\"Allgeier SE\" \/>\n<meta property=\"article:modified_time\" content=\"2025-02-05T18:36:52+00:00\" \/>\n<meta name=\"twitter:card\" content=\"summary_large_image\" \/>\n<meta name=\"twitter:label1\" content=\"Gesch\u00e4tzte Lesezeit\" \/>\n\t<meta name=\"twitter:data1\" content=\"2\u00a0Minuten\" \/>\n<script type=\"application\/ld+json\" class=\"yoast-schema-graph\">{\"@context\":\"https:\\\/\\\/schema.org\",\"@graph\":[{\"@type\":\"WebPage\",\"@id\":\"https:\\\/\\\/www.allgeier.com\\\/de\\\/pressroom\\\/press-releases\\\/bsh-it-solutions-auf-der-seatrade-cruise-global-2017\\\/\",\"url\":\"https:\\\/\\\/www.allgeier.com\\\/de\\\/pressroom\\\/press-releases\\\/bsh-it-solutions-auf-der-seatrade-cruise-global-2017\\\/\",\"name\":\"BSH IT Solutions auf der Seatrade Cruise Global 2017 - Allgeier SE\",\"isPartOf\":{\"@id\":\"https:\\\/\\\/www.allgeier.com\\\/de\\\/#website\"},\"datePublished\":\"2017-01-16T13:07:25+00:00\",\"dateModified\":\"2025-02-05T18:36:52+00:00\",\"breadcrumb\":{\"@id\":\"https:\\\/\\\/www.allgeier.com\\\/de\\\/pressroom\\\/press-releases\\\/bsh-it-solutions-auf-der-seatrade-cruise-global-2017\\\/#breadcrumb\"},\"inLanguage\":\"de\",\"potentialAction\":[{\"@type\":\"ReadAction\",\"target\":[\"https:\\\/\\\/www.allgeier.com\\\/de\\\/pressroom\\\/press-releases\\\/bsh-it-solutions-auf-der-seatrade-cruise-global-2017\\\/\"]}]},{\"@type\":\"BreadcrumbList\",\"@id\":\"https:\\\/\\\/www.allgeier.com\\\/de\\\/pressroom\\\/press-releases\\\/bsh-it-solutions-auf-der-seatrade-cruise-global-2017\\\/#breadcrumb\",\"itemListElement\":[{\"@type\":\"ListItem\",\"position\":1,\"name\":\"Home\",\"item\":\"https:\\\/\\\/www.allgeier.com\\\/de\\\/\"},{\"@type\":\"ListItem\",\"position\":2,\"name\":\"Presse\",\"item\":\"https:\\\/\\\/www.allgeier.com\\\/de\\\/pressroom\\\/\"},{\"@type\":\"ListItem\",\"position\":3,\"name\":\"Pressemitteilungen\",\"item\":\"https:\\\/\\\/www.allgeier.com\\\/de\\\/pressroom\\\/press-releases\\\/\"},{\"@type\":\"ListItem\",\"position\":4,\"name\":\"BSH IT Solutions auf der Seatrade Cruise Global 2017\"}]},{\"@type\":\"WebSite\",\"@id\":\"https:\\\/\\\/www.allgeier.com\\\/de\\\/#website\",\"url\":\"https:\\\/\\\/www.allgeier.com\\\/de\\\/\",\"name\":\"Allgeier SE\",\"description\":\"Software &amp; IT Services for digital transformation\",\"potentialAction\":[{\"@type\":\"SearchAction\",\"target\":{\"@type\":\"EntryPoint\",\"urlTemplate\":\"https:\\\/\\\/www.allgeier.com\\\/de\\\/?s={search_term_string}\"},\"query-input\":{\"@type\":\"PropertyValueSpecification\",\"valueRequired\":true,\"valueName\":\"search_term_string\"}}],\"inLanguage\":\"de\"}]}<\/script>\n<!-- \/ Yoast SEO plugin. -->","yoast_head_json":{"title":"BSH IT Solutions auf der Seatrade Cruise Global 2017 - Allgeier SE","robots":{"index":"index","follow":"follow","max-snippet":"max-snippet:-1","max-image-preview":"max-image-preview:large","max-video-preview":"max-video-preview:-1"},"canonical":"https:\/\/www.allgeier.com\/de\/pressroom\/press-releases\/bsh-it-solutions-auf-der-seatrade-cruise-global-2017\/","og_locale":"de_DE","og_type":"article","og_title":"BSH IT Solutions auf der Seatrade Cruise Global 2017 - Allgeier SE","og_description":"Westerstede, 16.01.2017 \u2013 Vom 14. bis 16. M\u00e4rz 2017 pr\u00e4sentiert die BSH IT Solutions GmbH ihr Dienstleistungsangebot rund um die Themen Infrastruktur und Telekommunikation erstmals auf der Seatrade Cruise Global, der weltweit gr\u00f6\u00dften Messe der Kreuzfahrtindustrie, in Florida. Bereits seit 2003 stattet BSH Schiffe mit IT-Infrastruktur aus. Dabei \u00fcbernimmt das Unternehmen alle Leistungen \u2013 von &hellip;","og_url":"https:\/\/www.allgeier.com\/de\/pressroom\/press-releases\/bsh-it-solutions-auf-der-seatrade-cruise-global-2017\/","og_site_name":"Allgeier SE","article_modified_time":"2025-02-05T18:36:52+00:00","twitter_card":"summary_large_image","twitter_misc":{"Gesch\u00e4tzte Lesezeit":"2\u00a0Minuten"},"schema":{"@context":"https:\/\/schema.org","@graph":[{"@type":"WebPage","@id":"https:\/\/www.allgeier.com\/de\/pressroom\/press-releases\/bsh-it-solutions-auf-der-seatrade-cruise-global-2017\/","url":"https:\/\/www.allgeier.com\/de\/pressroom\/press-releases\/bsh-it-solutions-auf-der-seatrade-cruise-global-2017\/","name":"BSH IT Solutions auf der Seatrade Cruise Global 2017 - Allgeier SE","isPartOf":{"@id":"https:\/\/www.allgeier.com\/de\/#website"},"datePublished":"2017-01-16T13:07:25+00:00","dateModified":"2025-02-05T18:36:52+00:00","breadcrumb":{"@id":"https:\/\/www.allgeier.com\/de\/pressroom\/press-releases\/bsh-it-solutions-auf-der-seatrade-cruise-global-2017\/#breadcrumb"},"inLanguage":"de","potentialAction":[{"@type":"ReadAction","target":["https:\/\/www.allgeier.com\/de\/pressroom\/press-releases\/bsh-it-solutions-auf-der-seatrade-cruise-global-2017\/"]}]},{"@type":"BreadcrumbList","@id":"https:\/\/www.allgeier.com\/de\/pressroom\/press-releases\/bsh-it-solutions-auf-der-seatrade-cruise-global-2017\/#breadcrumb","itemListElement":[{"@type":"ListItem","position":1,"name":"Home","item":"https:\/\/www.allgeier.com\/de\/"},{"@type":"ListItem","position":2,"name":"Presse","item":"https:\/\/www.allgeier.com\/de\/pressroom\/"},{"@type":"ListItem","position":3,"name":"Pressemitteilungen","item":"https:\/\/www.allgeier.com\/de\/pressroom\/press-releases\/"},{"@type":"ListItem","position":4,"name":"BSH IT Solutions auf der Seatrade Cruise Global 2017"}]},{"@type":"WebSite","@id":"https:\/\/www.allgeier.com\/de\/#website","url":"https:\/\/www.allgeier.com\/de\/","name":"Allgeier SE","description":"Software &amp; IT Services for digital transformation","potentialAction":[{"@type":"SearchAction","target":{"@type":"EntryPoint","urlTemplate":"https:\/\/www.allgeier.com\/de\/?s={search_term_string}"},"query-input":{"@type":"PropertyValueSpecification","valueRequired":true,"valueName":"search_term_string"}}],"inLanguage":"de"}]}},"_links":{"self":[{"href":"https:\/\/www.allgeier.com\/de\/wp-json\/wp\/v2\/pages\/2212","targetHints":{"allow":["GET"]}}],"collection":[{"href":"https:\/\/www.allgeier.com\/de\/wp-json\/wp\/v2\/pages"}],"about":[{"href":"https:\/\/www.allgeier.com\/de\/wp-json\/wp\/v2\/types\/page"}],"author":[{"embeddable":true,"href":"https:\/\/www.allgeier.com\/de\/wp-json\/wp\/v2\/users\/4"}],"replies":[{"embeddable":true,"href":"https:\/\/www.allgeier.com\/de\/wp-json\/wp\/v2\/comments?post=2212"}],"version-history":[{"count":1,"href":"https:\/\/www.allgeier.com\/de\/wp-json\/wp\/v2\/pages\/2212\/revisions"}],"predecessor-version":[{"id":6165,"href":"https:\/\/www.allgeier.com\/de\/wp-json\/wp\/v2\/pages\/2212\/revisions\/6165"}],"up":[{"embeddable":true,"href":"https:\/\/www.allgeier.com\/de\/wp-json\/wp\/v2\/pages\/1169"}],"wp:attachment":[{"href":"https:\/\/www.allgeier.com\/de\/wp-json\/wp\/v2\/media?parent=2212"}],"wp:term":[{"taxonomy":"category","embeddable":true,"href":"https:\/\/www.allgeier.com\/de\/wp-json\/wp\/v2\/categories?post=2212"},{"taxonomy":"post_tag","embeddable":true,"href":"https:\/\/www.allgeier.com\/de\/wp-json\/wp\/v2\/tags?post=2212"}],"curies":[{"name":"wp","href":"https:\/\/api.w.org\/{rel}","templated":true}]}}