{"id":2241,"date":"2017-02-09T10:57:52","date_gmt":"2017-02-09T10:57:52","guid":{"rendered":"https:\/\/www.allgeier.com\/de\/?page_id=2241"},"modified":"2025-02-05T17:45:55","modified_gmt":"2025-02-05T17:45:55","slug":"digitaler-wandel-im-gesundheitswesen-trends-und-herausforderungen","status":"publish","type":"page","link":"https:\/\/www.allgeier.com\/de\/pressroom\/news\/digitaler-wandel-im-gesundheitswesen-trends-und-herausforderungen\/","title":{"rendered":"Digitaler Wandel im Gesundheitswesen &#8211; Trends und Herausforderungen"},"content":{"rendered":"<div class=\"ms-rtestate-field\">\n<div id=\"parent-fieldname-description\" class=\"documentDescription\">Bei der 10. Schliersee-Konferenz 2017 haben rennommierte Branchen- und Gesundheitsexperten die wesentlichen Trends und aktuellen Herausforderungen f\u00fcr die Gesundheitsbranche diskutiert. Rund 70 Vertreter medizinischer Einrichtungen, der Gesundheitswirtschaft sowie von Beratungs- und IT-Unternehmen kamen in Bayrischzell zusammen, um sich mit dem fortschreitenden digitalen Wandel im Gesundheitswesen auseinanderzusetzen. Die fortschreitende digitale Vernetzung ist dabei wesentlicher Treiber, sowohl f\u00fcr das Patientenwohl als auch f\u00fcr h\u00f6here Effizienz.<\/div>\n<div class=\"documentDescription\"><\/div>\n<div id=\"content-core\">\n<div class=\"newsImageContainer\"><a id=\"parent-fieldname-image\" href=\"http:\/\/www.allgeier-medical-it.de\/news\/pressemitteilungen\/schliersee-konferenz-2017-digitale-vernetzung-fuer-das-patientenwohl-und-hoehere-effizienz\/image\/image_view_fullscreen\"> <img loading=\"lazy\" decoding=\"async\" class=\"newsImage alignleft\" title=\"\" src=\"http:\/\/www.allgeier-medical-it.de\/news\/pressemitteilungen\/schliersee-konferenz-2017-digitale-vernetzung-fuer-das-patientenwohl-und-hoehere-effizienz\/image_mini\" alt=\"Schliersee Konferenz 2017 | Digitale Vernetzung: F\u00fcr das Patientenwohl und h\u00f6here Effizienz\" width=\"165\" height=\"165\" \/><\/a><\/div>\n<div class=\"newsImageContainer\"><\/div>\n<div class=\"newsImageContainer\">Vorgestellt wurden auf der Schliersee Konferenz 2017 u.a. beispielhafte IT-Projekte zur elektronischen Patientenakte, zum Qualit\u00e4tsmanagement und zu innovativen Kommunikationsplattformen vor. \u201eDie digitale Vernetzung aller am Therapieprozess beteiligten Institutionen ist ein wichtiger und notwendiger Schritt, um Arbeits- und Behandlungsabl\u00e4ufe in den medizinischen Einrichtungen zu optimieren und um kosteneffizient arbeiten zu k\u00f6nnen. Vor allem in der Umsetzung besteht nach wie vor akuter Handlungsbedarf\u201c, so Wolfgang Schmezer von der Allgeier Medical IT. Neben der umfassenderen Vernetzung sei vor allem die strukturierte Integration von Patientendaten eine der derzeit gr\u00f6\u00dften Herausforderungen im Gesundheitswesen. Mithilfe moderner Technologien wie etwa digitalen Dokumenten- und Archivierungssystemen stehen alle Patientendaten strukturiert und zentral zur Verf\u00fcgung.<\/div>\n<\/div>\n<div class=\"newsImageContainer\"><\/div>\n<div id=\"content-core\">\n<div id=\"parent-fieldname-text\" class=\"plain\">\n<p>&nbsp;<\/p>\n<p><a href=\"http:\/\/www.allgeier-medical-it.de\/news\/pressemitteilungen\/schliersee-konferenz-2017-digitale-vernetzung-fuer-das-patientenwohl-und-hoehere-effizienz\" target=\"_blank\">Erfahren Sie hier mehr zur Schliersee Konferenz und sehen Sie, wie Allgeier Medical IT Kliniken bei der Umsetzung Ihrer Digitalisierungsstrategien unterst\u00fctzt.<\/a><\/p>\n<\/div>\n<\/div>\n<\/div>\n<p>&nbsp;<\/p>\n<p>&nbsp;<\/p>\n<p>&nbsp;<\/p>\n<p>&nbsp;<\/p>\n","protected":false},"excerpt":{"rendered":"<p>Bei der 10. Schliersee-Konferenz 2017 haben rennommierte Branchen- und Gesundheitsexperten die wesentlichen Trends und aktuellen Herausforderungen f\u00fcr die Gesundheitsbranche diskutiert. Rund 70 Vertreter medizinischer Einrichtungen, der Gesundheitswirtschaft sowie von Beratungs- und IT-Unternehmen kamen in Bayrischzell zusammen, um sich mit dem fortschreitenden digitalen Wandel im Gesundheitswesen auseinanderzusetzen. Die fortschreitende digitale Vernetzung ist dabei wesentlicher Treiber, sowohl &hellip; <\/p>\n","protected":false},"author":4,"featured_media":0,"parent":1171,"menu_order":0,"comment_status":"closed","ping_status":"closed","template":"","meta":{"_acf_changed":false,"footnotes":""},"categories":[9],"tags":[],"class_list":["post-2241","page","type-page","status-publish","hentry","category-news"],"acf":[],"yoast_head":"<!-- This site is optimized with the Yoast SEO plugin v27.4 - https:\/\/yoast.com\/product\/yoast-seo-wordpress\/ -->\n<title>Digitaler Wandel im Gesundheitswesen - Trends und Herausforderungen - Allgeier SE<\/title>\n<meta name=\"robots\" content=\"index, follow, max-snippet:-1, max-image-preview:large, max-video-preview:-1\" \/>\n<link rel=\"canonical\" href=\"https:\/\/www.allgeier.com\/de\/pressroom\/news\/digitaler-wandel-im-gesundheitswesen-trends-und-herausforderungen\/\" \/>\n<meta property=\"og:locale\" content=\"de_DE\" \/>\n<meta property=\"og:type\" content=\"article\" \/>\n<meta property=\"og:title\" content=\"Digitaler Wandel im Gesundheitswesen - Trends und Herausforderungen - Allgeier SE\" \/>\n<meta property=\"og:description\" content=\"Bei der 10. Schliersee-Konferenz 2017 haben rennommierte Branchen- und Gesundheitsexperten die wesentlichen Trends und aktuellen Herausforderungen f\u00fcr die Gesundheitsbranche diskutiert. Rund 70 Vertreter medizinischer Einrichtungen, der Gesundheitswirtschaft sowie von Beratungs- und IT-Unternehmen kamen in Bayrischzell zusammen, um sich mit dem fortschreitenden digitalen Wandel im Gesundheitswesen auseinanderzusetzen. Die fortschreitende digitale Vernetzung ist dabei wesentlicher Treiber, sowohl &hellip;\" \/>\n<meta property=\"og:url\" content=\"https:\/\/www.allgeier.com\/de\/pressroom\/news\/digitaler-wandel-im-gesundheitswesen-trends-und-herausforderungen\/\" \/>\n<meta property=\"og:site_name\" content=\"Allgeier SE\" \/>\n<meta property=\"article:modified_time\" content=\"2025-02-05T17:45:55+00:00\" \/>\n<meta property=\"og:image\" content=\"http:\/\/www.allgeier-medical-it.de\/news\/pressemitteilungen\/schliersee-konferenz-2017-digitale-vernetzung-fuer-das-patientenwohl-und-hoehere-effizienz\/image_mini\" \/>\n<meta name=\"twitter:card\" content=\"summary_large_image\" \/>\n<meta name=\"twitter:label1\" content=\"Gesch\u00e4tzte Lesezeit\" \/>\n\t<meta name=\"twitter:data1\" content=\"2\u00a0Minuten\" \/>\n<script type=\"application\/ld+json\" class=\"yoast-schema-graph\">{\"@context\":\"https:\\\/\\\/schema.org\",\"@graph\":[{\"@type\":\"WebPage\",\"@id\":\"https:\\\/\\\/www.allgeier.com\\\/de\\\/pressroom\\\/news\\\/digitaler-wandel-im-gesundheitswesen-trends-und-herausforderungen\\\/\",\"url\":\"https:\\\/\\\/www.allgeier.com\\\/de\\\/pressroom\\\/news\\\/digitaler-wandel-im-gesundheitswesen-trends-und-herausforderungen\\\/\",\"name\":\"Digitaler Wandel im Gesundheitswesen - Trends und Herausforderungen - Allgeier SE\",\"isPartOf\":{\"@id\":\"https:\\\/\\\/www.allgeier.com\\\/de\\\/#website\"},\"primaryImageOfPage\":{\"@id\":\"https:\\\/\\\/www.allgeier.com\\\/de\\\/pressroom\\\/news\\\/digitaler-wandel-im-gesundheitswesen-trends-und-herausforderungen\\\/#primaryimage\"},\"image\":{\"@id\":\"https:\\\/\\\/www.allgeier.com\\\/de\\\/pressroom\\\/news\\\/digitaler-wandel-im-gesundheitswesen-trends-und-herausforderungen\\\/#primaryimage\"},\"thumbnailUrl\":\"http:\\\/\\\/www.allgeier-medical-it.de\\\/news\\\/pressemitteilungen\\\/schliersee-konferenz-2017-digitale-vernetzung-fuer-das-patientenwohl-und-hoehere-effizienz\\\/image_mini\",\"datePublished\":\"2017-02-09T10:57:52+00:00\",\"dateModified\":\"2025-02-05T17:45:55+00:00\",\"breadcrumb\":{\"@id\":\"https:\\\/\\\/www.allgeier.com\\\/de\\\/pressroom\\\/news\\\/digitaler-wandel-im-gesundheitswesen-trends-und-herausforderungen\\\/#breadcrumb\"},\"inLanguage\":\"de\",\"potentialAction\":[{\"@type\":\"ReadAction\",\"target\":[\"https:\\\/\\\/www.allgeier.com\\\/de\\\/pressroom\\\/news\\\/digitaler-wandel-im-gesundheitswesen-trends-und-herausforderungen\\\/\"]}]},{\"@type\":\"ImageObject\",\"inLanguage\":\"de\",\"@id\":\"https:\\\/\\\/www.allgeier.com\\\/de\\\/pressroom\\\/news\\\/digitaler-wandel-im-gesundheitswesen-trends-und-herausforderungen\\\/#primaryimage\",\"url\":\"http:\\\/\\\/www.allgeier-medical-it.de\\\/news\\\/pressemitteilungen\\\/schliersee-konferenz-2017-digitale-vernetzung-fuer-das-patientenwohl-und-hoehere-effizienz\\\/image_mini\",\"contentUrl\":\"http:\\\/\\\/www.allgeier-medical-it.de\\\/news\\\/pressemitteilungen\\\/schliersee-konferenz-2017-digitale-vernetzung-fuer-das-patientenwohl-und-hoehere-effizienz\\\/image_mini\"},{\"@type\":\"BreadcrumbList\",\"@id\":\"https:\\\/\\\/www.allgeier.com\\\/de\\\/pressroom\\\/news\\\/digitaler-wandel-im-gesundheitswesen-trends-und-herausforderungen\\\/#breadcrumb\",\"itemListElement\":[{\"@type\":\"ListItem\",\"position\":1,\"name\":\"Home\",\"item\":\"https:\\\/\\\/www.allgeier.com\\\/de\\\/\"},{\"@type\":\"ListItem\",\"position\":2,\"name\":\"Presse\",\"item\":\"https:\\\/\\\/www.allgeier.com\\\/de\\\/pressroom\\\/\"},{\"@type\":\"ListItem\",\"position\":3,\"name\":\"News\",\"item\":\"https:\\\/\\\/www.allgeier.com\\\/de\\\/pressroom\\\/news\\\/\"},{\"@type\":\"ListItem\",\"position\":4,\"name\":\"Digitaler Wandel im Gesundheitswesen &#8211; Trends und Herausforderungen\"}]},{\"@type\":\"WebSite\",\"@id\":\"https:\\\/\\\/www.allgeier.com\\\/de\\\/#website\",\"url\":\"https:\\\/\\\/www.allgeier.com\\\/de\\\/\",\"name\":\"Allgeier SE\",\"description\":\"Software &amp; IT Services for digital transformation\",\"potentialAction\":[{\"@type\":\"SearchAction\",\"target\":{\"@type\":\"EntryPoint\",\"urlTemplate\":\"https:\\\/\\\/www.allgeier.com\\\/de\\\/?s={search_term_string}\"},\"query-input\":{\"@type\":\"PropertyValueSpecification\",\"valueRequired\":true,\"valueName\":\"search_term_string\"}}],\"inLanguage\":\"de\"}]}<\/script>\n<!-- \/ Yoast SEO plugin. -->","yoast_head_json":{"title":"Digitaler Wandel im Gesundheitswesen - Trends und Herausforderungen - Allgeier SE","robots":{"index":"index","follow":"follow","max-snippet":"max-snippet:-1","max-image-preview":"max-image-preview:large","max-video-preview":"max-video-preview:-1"},"canonical":"https:\/\/www.allgeier.com\/de\/pressroom\/news\/digitaler-wandel-im-gesundheitswesen-trends-und-herausforderungen\/","og_locale":"de_DE","og_type":"article","og_title":"Digitaler Wandel im Gesundheitswesen - Trends und Herausforderungen - Allgeier SE","og_description":"Bei der 10. Schliersee-Konferenz 2017 haben rennommierte Branchen- und Gesundheitsexperten die wesentlichen Trends und aktuellen Herausforderungen f\u00fcr die Gesundheitsbranche diskutiert. Rund 70 Vertreter medizinischer Einrichtungen, der Gesundheitswirtschaft sowie von Beratungs- und IT-Unternehmen kamen in Bayrischzell zusammen, um sich mit dem fortschreitenden digitalen Wandel im Gesundheitswesen auseinanderzusetzen. Die fortschreitende digitale Vernetzung ist dabei wesentlicher Treiber, sowohl &hellip;","og_url":"https:\/\/www.allgeier.com\/de\/pressroom\/news\/digitaler-wandel-im-gesundheitswesen-trends-und-herausforderungen\/","og_site_name":"Allgeier SE","article_modified_time":"2025-02-05T17:45:55+00:00","og_image":[{"url":"http:\/\/www.allgeier-medical-it.de\/news\/pressemitteilungen\/schliersee-konferenz-2017-digitale-vernetzung-fuer-das-patientenwohl-und-hoehere-effizienz\/image_mini","type":"","width":"","height":""}],"twitter_card":"summary_large_image","twitter_misc":{"Gesch\u00e4tzte Lesezeit":"2\u00a0Minuten"},"schema":{"@context":"https:\/\/schema.org","@graph":[{"@type":"WebPage","@id":"https:\/\/www.allgeier.com\/de\/pressroom\/news\/digitaler-wandel-im-gesundheitswesen-trends-und-herausforderungen\/","url":"https:\/\/www.allgeier.com\/de\/pressroom\/news\/digitaler-wandel-im-gesundheitswesen-trends-und-herausforderungen\/","name":"Digitaler Wandel im Gesundheitswesen - Trends und Herausforderungen - Allgeier SE","isPartOf":{"@id":"https:\/\/www.allgeier.com\/de\/#website"},"primaryImageOfPage":{"@id":"https:\/\/www.allgeier.com\/de\/pressroom\/news\/digitaler-wandel-im-gesundheitswesen-trends-und-herausforderungen\/#primaryimage"},"image":{"@id":"https:\/\/www.allgeier.com\/de\/pressroom\/news\/digitaler-wandel-im-gesundheitswesen-trends-und-herausforderungen\/#primaryimage"},"thumbnailUrl":"http:\/\/www.allgeier-medical-it.de\/news\/pressemitteilungen\/schliersee-konferenz-2017-digitale-vernetzung-fuer-das-patientenwohl-und-hoehere-effizienz\/image_mini","datePublished":"2017-02-09T10:57:52+00:00","dateModified":"2025-02-05T17:45:55+00:00","breadcrumb":{"@id":"https:\/\/www.allgeier.com\/de\/pressroom\/news\/digitaler-wandel-im-gesundheitswesen-trends-und-herausforderungen\/#breadcrumb"},"inLanguage":"de","potentialAction":[{"@type":"ReadAction","target":["https:\/\/www.allgeier.com\/de\/pressroom\/news\/digitaler-wandel-im-gesundheitswesen-trends-und-herausforderungen\/"]}]},{"@type":"ImageObject","inLanguage":"de","@id":"https:\/\/www.allgeier.com\/de\/pressroom\/news\/digitaler-wandel-im-gesundheitswesen-trends-und-herausforderungen\/#primaryimage","url":"http:\/\/www.allgeier-medical-it.de\/news\/pressemitteilungen\/schliersee-konferenz-2017-digitale-vernetzung-fuer-das-patientenwohl-und-hoehere-effizienz\/image_mini","contentUrl":"http:\/\/www.allgeier-medical-it.de\/news\/pressemitteilungen\/schliersee-konferenz-2017-digitale-vernetzung-fuer-das-patientenwohl-und-hoehere-effizienz\/image_mini"},{"@type":"BreadcrumbList","@id":"https:\/\/www.allgeier.com\/de\/pressroom\/news\/digitaler-wandel-im-gesundheitswesen-trends-und-herausforderungen\/#breadcrumb","itemListElement":[{"@type":"ListItem","position":1,"name":"Home","item":"https:\/\/www.allgeier.com\/de\/"},{"@type":"ListItem","position":2,"name":"Presse","item":"https:\/\/www.allgeier.com\/de\/pressroom\/"},{"@type":"ListItem","position":3,"name":"News","item":"https:\/\/www.allgeier.com\/de\/pressroom\/news\/"},{"@type":"ListItem","position":4,"name":"Digitaler Wandel im Gesundheitswesen &#8211; Trends und Herausforderungen"}]},{"@type":"WebSite","@id":"https:\/\/www.allgeier.com\/de\/#website","url":"https:\/\/www.allgeier.com\/de\/","name":"Allgeier SE","description":"Software &amp; IT Services for digital transformation","potentialAction":[{"@type":"SearchAction","target":{"@type":"EntryPoint","urlTemplate":"https:\/\/www.allgeier.com\/de\/?s={search_term_string}"},"query-input":{"@type":"PropertyValueSpecification","valueRequired":true,"valueName":"search_term_string"}}],"inLanguage":"de"}]}},"_links":{"self":[{"href":"https:\/\/www.allgeier.com\/de\/wp-json\/wp\/v2\/pages\/2241","targetHints":{"allow":["GET"]}}],"collection":[{"href":"https:\/\/www.allgeier.com\/de\/wp-json\/wp\/v2\/pages"}],"about":[{"href":"https:\/\/www.allgeier.com\/de\/wp-json\/wp\/v2\/types\/page"}],"author":[{"embeddable":true,"href":"https:\/\/www.allgeier.com\/de\/wp-json\/wp\/v2\/users\/4"}],"replies":[{"embeddable":true,"href":"https:\/\/www.allgeier.com\/de\/wp-json\/wp\/v2\/comments?post=2241"}],"version-history":[{"count":1,"href":"https:\/\/www.allgeier.com\/de\/wp-json\/wp\/v2\/pages\/2241\/revisions"}],"predecessor-version":[{"id":6122,"href":"https:\/\/www.allgeier.com\/de\/wp-json\/wp\/v2\/pages\/2241\/revisions\/6122"}],"up":[{"embeddable":true,"href":"https:\/\/www.allgeier.com\/de\/wp-json\/wp\/v2\/pages\/1171"}],"wp:attachment":[{"href":"https:\/\/www.allgeier.com\/de\/wp-json\/wp\/v2\/media?parent=2241"}],"wp:term":[{"taxonomy":"category","embeddable":true,"href":"https:\/\/www.allgeier.com\/de\/wp-json\/wp\/v2\/categories?post=2241"},{"taxonomy":"post_tag","embeddable":true,"href":"https:\/\/www.allgeier.com\/de\/wp-json\/wp\/v2\/tags?post=2241"}],"curies":[{"name":"wp","href":"https:\/\/api.w.org\/{rel}","templated":true}]}}