{"id":2250,"date":"2017-02-28T19:17:35","date_gmt":"2017-02-28T19:17:35","guid":{"rendered":"https:\/\/www.allgeier.com\/de\/?page_id=2250"},"modified":"2025-02-05T18:36:49","modified_gmt":"2025-02-05T18:36:49","slug":"allgeier-experts-grosauftrag-beim-it-dienstleister-dataport","status":"publish","type":"page","link":"https:\/\/www.allgeier.com\/de\/pressroom\/press-releases\/allgeier-experts-grosauftrag-beim-it-dienstleister-dataport\/","title":{"rendered":"Allgeier Experts: Gro\u00dfauftrag bei Dataport"},"content":{"rendered":"<div class=\"post-content\">\n<p><strong>Abschluss eines Rahmenvertrags \u00fcber mindestens drei Jahre: Die Personal- und Servicegesellschaften der Allgeier Experts \u00fcberzeugen im Auswahlverfahren mit ihrem breiten Portfolio und ihrer Lieferf\u00e4higkeit<br \/>\n<\/strong><\/p>\n<\/div>\n<p><em>Wiesbaden\/Hamburg, 28. Februar 2017 \u2013<\/em> Die auf Technologie- und Personaldienstleistungen spezialisierte Division Allgeier Experts freut sich \u00fcber einen Gro\u00dfauftrag f\u00fcr gleich drei ihrer spezialisierten Tochterunternehmen. Die Gesellschaften Goetzfried AG, Goetzfried Professionals GmbH und Allgeier Experts Services GmbH unterst\u00fctzen den IT-Dienstleister Dataport k\u00fcnftig mit umfangreichen Personal- bzw. IT-Services. Das Gesamtauftragsvolumen liegt im hohen zweistelligen Millionenbereich, verteilt \u00fcber die n\u00e4chsten drei Jahre. Den Zuschlag erhielten die drei Gesellschaften aufgrund der im Auswahlprozess eingereichten, jeweils wirtschaftlichsten Angebote mit \u00fcberzeugend dargelegter Leistungs- und Lieferf\u00e4higkeit.<\/p>\n<p>Dataport ist der gr\u00f6\u00dfte IT-Dienstleister f\u00fcr die \u00f6ffentliche Verwaltung in Norddeutschland. Die von seinen Kunden ben\u00f6tigten Services werden grunds\u00e4tzlich mit eigenem Personal erbracht. Spitzen- und Sonderbedarfe aufgrund einer ungeplanten Auftragslage erfordern es jedoch, dar\u00fcber hinaus zus\u00e4tzliche Personalbedarfe extern einzukaufen. Der zus\u00e4tzliche Personalbedarf im Rahmen der Ausschreibung Betriebsunterst\u00fctzung kann sich in Summe auf mehr als 150.000 Personentage in den kommenden drei Jahren, aufgeteilt auf neun Aufgabenfelder, belaufen.<\/p>\n<p>\u201eMit der Beauftragung hat sich unser Konzept als erfolgreich erwiesen, die St\u00e4rken unserer bisher eigenst\u00e4ndig agierenden Personalunternehmen in Allgeier Experts zu b\u00fcndeln und die bestehenden Synergien noch besser auszusch\u00f6pfen&#8220;, sagt Thomas G\u00f6tzfried, Vorstand der Allgeier Experts.<\/p>\n<p>\u201eUm den steigenden IT-Bedarf in der Verwaltung abzudecken, ben\u00f6tigen wir Rahmenvertragspartner, die uns passend qualifiziertes Personal termingerecht bereitstellen k\u00f6nnen, sowohl auf Basis von Arbeitnehmer\u00fcberlassung als auch durch auftragsbezogene Dienstleistungen\u201c, so Dr. Johann Bizer, Vorstandsvorsitzender von Dataport. \u201eGoetzfried AG, Goetzfried Professionals und Allgeier Experts Services konnten aufgrund ihrer technischen und fachlichen Skills sowie marktgerechten Konditionen \u00fcberzeugen. Damit stehen uns f\u00fcr die IT- und Digitalisierungsprojekte, die wir mit unseren Tr\u00e4gern durchf\u00fchren, leistungsf\u00e4hige Partner zur Verf\u00fcgung.\u201c<\/p>\n<p>&nbsp;<br \/>\nDie ausf\u00fchrliche Pressemitteilung finden Sie hier: <a href=\"http:\/\/www.allgeier-experts.com\/2017_allgeier-experts-dataport\/\" target=\"_blank\">Allgeier Experts-T\u00f6chter gewinnen Gro\u00dfauftrag im Bereich Betriebsunterst\u00fctzung beim IT-Dienstleister Dataport<\/a><br \/>\n&nbsp;<\/p>\n<div class=\"post-content\"><strong>Pressekontakt f\u00fcr Anfragen:<\/strong><\/div>\n<p><div class=\"post-content\">Thomas Becker<\/div>\n<div class=\"post-content\">Allgeier Experts SE<br \/>\nGustav-Stresemann-Ring 12\u201316<br \/>\n65189 Wiesbaden<br \/>\nTel.: +49 611 4456-190<br \/>\nE-Mail: <a href=\"mailto:thomas.becker@allgeier-experts.com\">thomas.becker@allgeier-experts.com<\/a><\/div>\n","protected":false},"excerpt":{"rendered":"<p>Abschluss eines Rahmenvertrags \u00fcber mindestens drei Jahre: Die Personal- und Servicegesellschaften der Allgeier Experts \u00fcberzeugen im Auswahlverfahren mit ihrem breiten Portfolio und ihrer Lieferf\u00e4higkeit Wiesbaden\/Hamburg, 28. Februar 2017 \u2013 Die auf Technologie- und Personaldienstleistungen spezialisierte Division Allgeier Experts freut sich \u00fcber einen Gro\u00dfauftrag f\u00fcr gleich drei ihrer spezialisierten Tochterunternehmen. Die Gesellschaften Goetzfried AG, Goetzfried Professionals &hellip; <\/p>\n","protected":false},"author":4,"featured_media":0,"parent":1169,"menu_order":0,"comment_status":"closed","ping_status":"closed","template":"","meta":{"_acf_changed":false,"footnotes":""},"categories":[7],"tags":[],"class_list":["post-2250","page","type-page","status-publish","hentry","category-pressemitteilungen"],"acf":[],"yoast_head":"<!-- This site is optimized with the Yoast SEO plugin v27.4 - https:\/\/yoast.com\/product\/yoast-seo-wordpress\/ -->\n<title>Allgeier Experts: Gro\u00dfauftrag bei Dataport - Allgeier SE<\/title>\n<meta name=\"robots\" content=\"index, follow, max-snippet:-1, max-image-preview:large, max-video-preview:-1\" \/>\n<link rel=\"canonical\" href=\"https:\/\/www.allgeier.com\/de\/pressroom\/press-releases\/allgeier-experts-grosauftrag-beim-it-dienstleister-dataport\/\" \/>\n<meta property=\"og:locale\" content=\"de_DE\" \/>\n<meta property=\"og:type\" content=\"article\" \/>\n<meta property=\"og:title\" content=\"Allgeier Experts: Gro\u00dfauftrag bei Dataport - Allgeier SE\" \/>\n<meta property=\"og:description\" content=\"Abschluss eines Rahmenvertrags \u00fcber mindestens drei Jahre: Die Personal- und Servicegesellschaften der Allgeier Experts \u00fcberzeugen im Auswahlverfahren mit ihrem breiten Portfolio und ihrer Lieferf\u00e4higkeit Wiesbaden\/Hamburg, 28. Februar 2017 \u2013 Die auf Technologie- und Personaldienstleistungen spezialisierte Division Allgeier Experts freut sich \u00fcber einen Gro\u00dfauftrag f\u00fcr gleich drei ihrer spezialisierten Tochterunternehmen. Die Gesellschaften Goetzfried AG, Goetzfried Professionals &hellip;\" \/>\n<meta property=\"og:url\" content=\"https:\/\/www.allgeier.com\/de\/pressroom\/press-releases\/allgeier-experts-grosauftrag-beim-it-dienstleister-dataport\/\" \/>\n<meta property=\"og:site_name\" content=\"Allgeier SE\" \/>\n<meta property=\"article:modified_time\" content=\"2025-02-05T18:36:49+00:00\" \/>\n<meta name=\"twitter:card\" content=\"summary_large_image\" \/>\n<meta name=\"twitter:label1\" content=\"Gesch\u00e4tzte Lesezeit\" \/>\n\t<meta name=\"twitter:data1\" content=\"2\u00a0Minuten\" \/>\n<script type=\"application\/ld+json\" class=\"yoast-schema-graph\">{\"@context\":\"https:\\\/\\\/schema.org\",\"@graph\":[{\"@type\":\"WebPage\",\"@id\":\"https:\\\/\\\/www.allgeier.com\\\/de\\\/pressroom\\\/press-releases\\\/allgeier-experts-grosauftrag-beim-it-dienstleister-dataport\\\/\",\"url\":\"https:\\\/\\\/www.allgeier.com\\\/de\\\/pressroom\\\/press-releases\\\/allgeier-experts-grosauftrag-beim-it-dienstleister-dataport\\\/\",\"name\":\"Allgeier Experts: Gro\u00dfauftrag bei Dataport - Allgeier SE\",\"isPartOf\":{\"@id\":\"https:\\\/\\\/www.allgeier.com\\\/de\\\/#website\"},\"datePublished\":\"2017-02-28T19:17:35+00:00\",\"dateModified\":\"2025-02-05T18:36:49+00:00\",\"breadcrumb\":{\"@id\":\"https:\\\/\\\/www.allgeier.com\\\/de\\\/pressroom\\\/press-releases\\\/allgeier-experts-grosauftrag-beim-it-dienstleister-dataport\\\/#breadcrumb\"},\"inLanguage\":\"de\",\"potentialAction\":[{\"@type\":\"ReadAction\",\"target\":[\"https:\\\/\\\/www.allgeier.com\\\/de\\\/pressroom\\\/press-releases\\\/allgeier-experts-grosauftrag-beim-it-dienstleister-dataport\\\/\"]}]},{\"@type\":\"BreadcrumbList\",\"@id\":\"https:\\\/\\\/www.allgeier.com\\\/de\\\/pressroom\\\/press-releases\\\/allgeier-experts-grosauftrag-beim-it-dienstleister-dataport\\\/#breadcrumb\",\"itemListElement\":[{\"@type\":\"ListItem\",\"position\":1,\"name\":\"Home\",\"item\":\"https:\\\/\\\/www.allgeier.com\\\/de\\\/\"},{\"@type\":\"ListItem\",\"position\":2,\"name\":\"Presse\",\"item\":\"https:\\\/\\\/www.allgeier.com\\\/de\\\/pressroom\\\/\"},{\"@type\":\"ListItem\",\"position\":3,\"name\":\"Pressemitteilungen\",\"item\":\"https:\\\/\\\/www.allgeier.com\\\/de\\\/pressroom\\\/press-releases\\\/\"},{\"@type\":\"ListItem\",\"position\":4,\"name\":\"Allgeier Experts: Gro\u00dfauftrag bei Dataport\"}]},{\"@type\":\"WebSite\",\"@id\":\"https:\\\/\\\/www.allgeier.com\\\/de\\\/#website\",\"url\":\"https:\\\/\\\/www.allgeier.com\\\/de\\\/\",\"name\":\"Allgeier SE\",\"description\":\"Software &amp; IT Services for digital transformation\",\"potentialAction\":[{\"@type\":\"SearchAction\",\"target\":{\"@type\":\"EntryPoint\",\"urlTemplate\":\"https:\\\/\\\/www.allgeier.com\\\/de\\\/?s={search_term_string}\"},\"query-input\":{\"@type\":\"PropertyValueSpecification\",\"valueRequired\":true,\"valueName\":\"search_term_string\"}}],\"inLanguage\":\"de\"}]}<\/script>\n<!-- \/ Yoast SEO plugin. -->","yoast_head_json":{"title":"Allgeier Experts: Gro\u00dfauftrag bei Dataport - Allgeier SE","robots":{"index":"index","follow":"follow","max-snippet":"max-snippet:-1","max-image-preview":"max-image-preview:large","max-video-preview":"max-video-preview:-1"},"canonical":"https:\/\/www.allgeier.com\/de\/pressroom\/press-releases\/allgeier-experts-grosauftrag-beim-it-dienstleister-dataport\/","og_locale":"de_DE","og_type":"article","og_title":"Allgeier Experts: Gro\u00dfauftrag bei Dataport - Allgeier SE","og_description":"Abschluss eines Rahmenvertrags \u00fcber mindestens drei Jahre: Die Personal- und Servicegesellschaften der Allgeier Experts \u00fcberzeugen im Auswahlverfahren mit ihrem breiten Portfolio und ihrer Lieferf\u00e4higkeit Wiesbaden\/Hamburg, 28. Februar 2017 \u2013 Die auf Technologie- und Personaldienstleistungen spezialisierte Division Allgeier Experts freut sich \u00fcber einen Gro\u00dfauftrag f\u00fcr gleich drei ihrer spezialisierten Tochterunternehmen. Die Gesellschaften Goetzfried AG, Goetzfried Professionals &hellip;","og_url":"https:\/\/www.allgeier.com\/de\/pressroom\/press-releases\/allgeier-experts-grosauftrag-beim-it-dienstleister-dataport\/","og_site_name":"Allgeier SE","article_modified_time":"2025-02-05T18:36:49+00:00","twitter_card":"summary_large_image","twitter_misc":{"Gesch\u00e4tzte Lesezeit":"2\u00a0Minuten"},"schema":{"@context":"https:\/\/schema.org","@graph":[{"@type":"WebPage","@id":"https:\/\/www.allgeier.com\/de\/pressroom\/press-releases\/allgeier-experts-grosauftrag-beim-it-dienstleister-dataport\/","url":"https:\/\/www.allgeier.com\/de\/pressroom\/press-releases\/allgeier-experts-grosauftrag-beim-it-dienstleister-dataport\/","name":"Allgeier Experts: Gro\u00dfauftrag bei Dataport - Allgeier SE","isPartOf":{"@id":"https:\/\/www.allgeier.com\/de\/#website"},"datePublished":"2017-02-28T19:17:35+00:00","dateModified":"2025-02-05T18:36:49+00:00","breadcrumb":{"@id":"https:\/\/www.allgeier.com\/de\/pressroom\/press-releases\/allgeier-experts-grosauftrag-beim-it-dienstleister-dataport\/#breadcrumb"},"inLanguage":"de","potentialAction":[{"@type":"ReadAction","target":["https:\/\/www.allgeier.com\/de\/pressroom\/press-releases\/allgeier-experts-grosauftrag-beim-it-dienstleister-dataport\/"]}]},{"@type":"BreadcrumbList","@id":"https:\/\/www.allgeier.com\/de\/pressroom\/press-releases\/allgeier-experts-grosauftrag-beim-it-dienstleister-dataport\/#breadcrumb","itemListElement":[{"@type":"ListItem","position":1,"name":"Home","item":"https:\/\/www.allgeier.com\/de\/"},{"@type":"ListItem","position":2,"name":"Presse","item":"https:\/\/www.allgeier.com\/de\/pressroom\/"},{"@type":"ListItem","position":3,"name":"Pressemitteilungen","item":"https:\/\/www.allgeier.com\/de\/pressroom\/press-releases\/"},{"@type":"ListItem","position":4,"name":"Allgeier Experts: Gro\u00dfauftrag bei Dataport"}]},{"@type":"WebSite","@id":"https:\/\/www.allgeier.com\/de\/#website","url":"https:\/\/www.allgeier.com\/de\/","name":"Allgeier SE","description":"Software &amp; IT Services for digital transformation","potentialAction":[{"@type":"SearchAction","target":{"@type":"EntryPoint","urlTemplate":"https:\/\/www.allgeier.com\/de\/?s={search_term_string}"},"query-input":{"@type":"PropertyValueSpecification","valueRequired":true,"valueName":"search_term_string"}}],"inLanguage":"de"}]}},"_links":{"self":[{"href":"https:\/\/www.allgeier.com\/de\/wp-json\/wp\/v2\/pages\/2250","targetHints":{"allow":["GET"]}}],"collection":[{"href":"https:\/\/www.allgeier.com\/de\/wp-json\/wp\/v2\/pages"}],"about":[{"href":"https:\/\/www.allgeier.com\/de\/wp-json\/wp\/v2\/types\/page"}],"author":[{"embeddable":true,"href":"https:\/\/www.allgeier.com\/de\/wp-json\/wp\/v2\/users\/4"}],"replies":[{"embeddable":true,"href":"https:\/\/www.allgeier.com\/de\/wp-json\/wp\/v2\/comments?post=2250"}],"version-history":[{"count":1,"href":"https:\/\/www.allgeier.com\/de\/wp-json\/wp\/v2\/pages\/2250\/revisions"}],"predecessor-version":[{"id":6152,"href":"https:\/\/www.allgeier.com\/de\/wp-json\/wp\/v2\/pages\/2250\/revisions\/6152"}],"up":[{"embeddable":true,"href":"https:\/\/www.allgeier.com\/de\/wp-json\/wp\/v2\/pages\/1169"}],"wp:attachment":[{"href":"https:\/\/www.allgeier.com\/de\/wp-json\/wp\/v2\/media?parent=2250"}],"wp:term":[{"taxonomy":"category","embeddable":true,"href":"https:\/\/www.allgeier.com\/de\/wp-json\/wp\/v2\/categories?post=2250"},{"taxonomy":"post_tag","embeddable":true,"href":"https:\/\/www.allgeier.com\/de\/wp-json\/wp\/v2\/tags?post=2250"}],"curies":[{"name":"wp","href":"https:\/\/api.w.org\/{rel}","templated":true}]}}