{"id":2251,"date":"2017-03-03T03:45:44","date_gmt":"2017-03-03T03:45:44","guid":{"rendered":"https:\/\/www.allgeier.com\/de\/?page_id=2251"},"modified":"2025-02-05T17:45:33","modified_gmt":"2025-02-05T17:45:33","slug":"der-iot-store-der-zukunft-sap-losungen-fur-den-digitalisierten-handel","status":"publish","type":"page","link":"https:\/\/www.allgeier.com\/de\/pressroom\/news\/der-iot-store-der-zukunft-sap-losungen-fur-den-digitalisierten-handel\/","title":{"rendered":"Der IoT Store der Zukunft: SAP L\u00f6sungen f\u00fcr den digitalisierten Handel"},"content":{"rendered":"<p><strong>SAP-L\u00f6sungen der Allgeier Enterprise Services: Das Internet of Things (IoT) im Handel mit SAP S\/4 HANA und PRESTIGEenterprise<\/strong><\/p>\n<p>Das Internet of Things (IoT) bietet gro\u00dfen Mehrwert f\u00fcr den Handel und den Kunden. Vernetzung wird immer mehr zum zentralen Antrieb f\u00fcr die digitale und mobile Transformation. So erkennen zum Beispiel intelligente Regale automatisch die Bestandsituation. Mit Temperatursensoren k\u00f6nnen K\u00fchlger\u00e4te einfach \u00fcberwacht werden, beispielsweise mit Benachrichtigung auf einer Smartwatch. Out of stock Situationen lassen sich dank pr\u00e4diktiven Analysen, sog. Predictive Analytics, vermeiden. Bewegungsprofile des Kunden erm\u00f6glichen einen optimale Ladenaufbau und die beste Angebotsplatzierung. Smart-Home-Technologien holen den Point of Sale ins eigene Wohnzimmer beziehungsweise die K\u00fcche, wenn der intelligente K\u00fchlschrank k\u00fcnftig eigenst\u00e4ndig Eink\u00e4ufe erledigt. Und vor allem auch der Kunde profitiert: Er kann lokale Best\u00e4nde exakte abfragen und Produkte jederzeit mobil reservieren.<\/p>\n<p><strong>Use-Cases f\u00fcr das Internet der Dinge live erleben auf der EuroShop 2017 in D\u00fcsseldorf<\/strong><\/p>\n<p>Besuchen Sie die Allgeier Enterprise Services und die SAP-Experten der Allgeier ES auf der EuroShop 2017 in D\u00fcsseldorf! Vom 05.-09.03.2017 begr\u00fc\u00dfen wir Sie gerne an unserem Stand in Halle 6, Stand A79. Dort k\u00f6nnen Sie unsere spannenden Use-cases f\u00fcr das Internet der Dinge (IoT) live sehen. Wir zeigen Ihnen mit unserem IoT-Store in Miniaturform die Potentiale des Internet of Things f\u00fcr den Handel auf.<\/p>\n<p>In einer 60&#215;60 cm gro\u00dfen Demofiliale zeigen wir Ihnen das Zusammenwirken von RFID-Sensoren, Bewegungssensoren, digital signage Elemente, Kameras, Temperatursensoren, Gewichtssensoren, Ultrasoundsensoren und Schrittmotoren. Das Modell ist an ein SAP Retail System (S\/4 HANA 16.10) und SAP CAR 3.0 angeschlossen, so dass alle Filialprozesse vom Wareneingang \u00fcber den Kassiervorgang bis zur Nachbestellung abgebildet werden k\u00f6nnen. Mit SAP HANA berechnen wir ein detailliertes Bewegungsprofil der Kunden und stellen es in Echtzeit auf einem Live Dashboard dar.<\/p>\n<p>Hier erhalten Sie weitere Informationen zu den SAP L\u00f6sungen f\u00fcr das Internet of Things und zum Messeauftritt der Allgeier Enterprise Services auf der <a href=\"https:\/\/www.allgeier-es.com\/unternehmen\/veranstaltungen\/euroshop-05-09-maerz-2017\/\">EuroShop 05.-09. M\u00e4rz 2017<\/a>.<\/p>\n<p><a href=\"https:\/\/www.allgeier.com\/de\/wp-content\/uploads\/sites\/3\/2017\/03\/IoT-Sore_Allgeier-Enterprise-Services.gif\" rel=\"attachment wp-att-2253\"><img loading=\"lazy\" decoding=\"async\" class=\"alignnone size-medium wp-image-2253\" src=\"https:\/\/www.allgeier.com\/de\/wp-content\/uploads\/sites\/3\/2017\/03\/IoT-Sore_Allgeier-Enterprise-Services-300x89.gif\" alt=\"IoT Sore_Allgeier Enterprise Services\" width=\"300\" height=\"89\" srcset=\"https:\/\/www.allgeier.com\/de\/wp-content\/uploads\/sites\/3\/2017\/03\/IoT-Sore_Allgeier-Enterprise-Services-300x89.gif 300w, https:\/\/www.allgeier.com\/de\/wp-content\/uploads\/sites\/3\/2017\/03\/IoT-Sore_Allgeier-Enterprise-Services-768x228.gif 768w, https:\/\/www.allgeier.com\/de\/wp-content\/uploads\/sites\/3\/2017\/03\/IoT-Sore_Allgeier-Enterprise-Services-600x178.gif 600w\" sizes=\"auto, (max-width: 300px) 100vw, 300px\" \/><\/a><\/p>\n","protected":false},"excerpt":{"rendered":"<p>SAP-L\u00f6sungen der Allgeier Enterprise Services: Das Internet of Things (IoT) im Handel mit SAP S\/4 HANA und PRESTIGEenterprise Das Internet of Things (IoT) bietet gro\u00dfen Mehrwert f\u00fcr den Handel und den Kunden. Vernetzung wird immer mehr zum zentralen Antrieb f\u00fcr die digitale und mobile Transformation. So erkennen zum Beispiel intelligente Regale automatisch die Bestandsituation. Mit &hellip; <\/p>\n","protected":false},"author":4,"featured_media":0,"parent":1171,"menu_order":0,"comment_status":"closed","ping_status":"closed","template":"","meta":{"_acf_changed":false,"footnotes":""},"categories":[9],"tags":[],"class_list":["post-2251","page","type-page","status-publish","hentry","category-news"],"acf":[],"yoast_head":"<!-- This site is optimized with the Yoast SEO plugin v27.3 - https:\/\/yoast.com\/product\/yoast-seo-wordpress\/ -->\n<title>Der IoT Store der Zukunft: SAP L\u00f6sungen f\u00fcr den digitalisierten Handel - Allgeier SE<\/title>\n<meta name=\"robots\" content=\"index, follow, max-snippet:-1, max-image-preview:large, max-video-preview:-1\" \/>\n<link rel=\"canonical\" href=\"https:\/\/www.allgeier.com\/de\/pressroom\/news\/der-iot-store-der-zukunft-sap-losungen-fur-den-digitalisierten-handel\/\" \/>\n<meta property=\"og:locale\" content=\"de_DE\" \/>\n<meta property=\"og:type\" content=\"article\" \/>\n<meta property=\"og:title\" content=\"Der IoT Store der Zukunft: SAP L\u00f6sungen f\u00fcr den digitalisierten Handel - Allgeier SE\" \/>\n<meta property=\"og:description\" content=\"SAP-L\u00f6sungen der Allgeier Enterprise Services: Das Internet of Things (IoT) im Handel mit SAP S\/4 HANA und PRESTIGEenterprise Das Internet of Things (IoT) bietet gro\u00dfen Mehrwert f\u00fcr den Handel und den Kunden. Vernetzung wird immer mehr zum zentralen Antrieb f\u00fcr die digitale und mobile Transformation. So erkennen zum Beispiel intelligente Regale automatisch die Bestandsituation. Mit &hellip;\" \/>\n<meta property=\"og:url\" content=\"https:\/\/www.allgeier.com\/de\/pressroom\/news\/der-iot-store-der-zukunft-sap-losungen-fur-den-digitalisierten-handel\/\" \/>\n<meta property=\"og:site_name\" content=\"Allgeier SE\" \/>\n<meta property=\"article:modified_time\" content=\"2025-02-05T17:45:33+00:00\" \/>\n<meta property=\"og:image\" content=\"https:\/\/www.allgeier.com\/de\/wp-content\/uploads\/sites\/3\/2017\/03\/IoT-Sore_Allgeier-Enterprise-Services.gif\" \/>\n\t<meta property=\"og:image:width\" content=\"827\" \/>\n\t<meta property=\"og:image:height\" content=\"246\" \/>\n\t<meta property=\"og:image:type\" content=\"image\/gif\" \/>\n<meta name=\"twitter:card\" content=\"summary_large_image\" \/>\n<meta name=\"twitter:label1\" content=\"Gesch\u00e4tzte Lesezeit\" \/>\n\t<meta name=\"twitter:data1\" content=\"2\u00a0Minuten\" \/>\n<script type=\"application\/ld+json\" class=\"yoast-schema-graph\">{\"@context\":\"https:\\\/\\\/schema.org\",\"@graph\":[{\"@type\":\"WebPage\",\"@id\":\"https:\\\/\\\/www.allgeier.com\\\/de\\\/pressroom\\\/news\\\/der-iot-store-der-zukunft-sap-losungen-fur-den-digitalisierten-handel\\\/\",\"url\":\"https:\\\/\\\/www.allgeier.com\\\/de\\\/pressroom\\\/news\\\/der-iot-store-der-zukunft-sap-losungen-fur-den-digitalisierten-handel\\\/\",\"name\":\"Der IoT Store der Zukunft: SAP L\u00f6sungen f\u00fcr den digitalisierten Handel - Allgeier SE\",\"isPartOf\":{\"@id\":\"https:\\\/\\\/www.allgeier.com\\\/de\\\/#website\"},\"primaryImageOfPage\":{\"@id\":\"https:\\\/\\\/www.allgeier.com\\\/de\\\/pressroom\\\/news\\\/der-iot-store-der-zukunft-sap-losungen-fur-den-digitalisierten-handel\\\/#primaryimage\"},\"image\":{\"@id\":\"https:\\\/\\\/www.allgeier.com\\\/de\\\/pressroom\\\/news\\\/der-iot-store-der-zukunft-sap-losungen-fur-den-digitalisierten-handel\\\/#primaryimage\"},\"thumbnailUrl\":\"https:\\\/\\\/www.allgeier.com\\\/de\\\/wp-content\\\/uploads\\\/sites\\\/3\\\/2017\\\/03\\\/IoT-Sore_Allgeier-Enterprise-Services-300x89.gif\",\"datePublished\":\"2017-03-03T03:45:44+00:00\",\"dateModified\":\"2025-02-05T17:45:33+00:00\",\"breadcrumb\":{\"@id\":\"https:\\\/\\\/www.allgeier.com\\\/de\\\/pressroom\\\/news\\\/der-iot-store-der-zukunft-sap-losungen-fur-den-digitalisierten-handel\\\/#breadcrumb\"},\"inLanguage\":\"de\",\"potentialAction\":[{\"@type\":\"ReadAction\",\"target\":[\"https:\\\/\\\/www.allgeier.com\\\/de\\\/pressroom\\\/news\\\/der-iot-store-der-zukunft-sap-losungen-fur-den-digitalisierten-handel\\\/\"]}]},{\"@type\":\"ImageObject\",\"inLanguage\":\"de\",\"@id\":\"https:\\\/\\\/www.allgeier.com\\\/de\\\/pressroom\\\/news\\\/der-iot-store-der-zukunft-sap-losungen-fur-den-digitalisierten-handel\\\/#primaryimage\",\"url\":\"https:\\\/\\\/www.allgeier.com\\\/de\\\/wp-content\\\/uploads\\\/sites\\\/3\\\/2017\\\/03\\\/IoT-Sore_Allgeier-Enterprise-Services.gif\",\"contentUrl\":\"https:\\\/\\\/www.allgeier.com\\\/de\\\/wp-content\\\/uploads\\\/sites\\\/3\\\/2017\\\/03\\\/IoT-Sore_Allgeier-Enterprise-Services.gif\",\"width\":827,\"height\":246},{\"@type\":\"BreadcrumbList\",\"@id\":\"https:\\\/\\\/www.allgeier.com\\\/de\\\/pressroom\\\/news\\\/der-iot-store-der-zukunft-sap-losungen-fur-den-digitalisierten-handel\\\/#breadcrumb\",\"itemListElement\":[{\"@type\":\"ListItem\",\"position\":1,\"name\":\"Home\",\"item\":\"https:\\\/\\\/www.allgeier.com\\\/de\\\/\"},{\"@type\":\"ListItem\",\"position\":2,\"name\":\"Presse\",\"item\":\"https:\\\/\\\/www.allgeier.com\\\/de\\\/pressroom\\\/\"},{\"@type\":\"ListItem\",\"position\":3,\"name\":\"News\",\"item\":\"https:\\\/\\\/www.allgeier.com\\\/de\\\/pressroom\\\/news\\\/\"},{\"@type\":\"ListItem\",\"position\":4,\"name\":\"Der IoT Store der Zukunft: SAP L\u00f6sungen f\u00fcr den digitalisierten Handel\"}]},{\"@type\":\"WebSite\",\"@id\":\"https:\\\/\\\/www.allgeier.com\\\/de\\\/#website\",\"url\":\"https:\\\/\\\/www.allgeier.com\\\/de\\\/\",\"name\":\"Allgeier SE\",\"description\":\"Software &amp; IT Services for digital transformation\",\"potentialAction\":[{\"@type\":\"SearchAction\",\"target\":{\"@type\":\"EntryPoint\",\"urlTemplate\":\"https:\\\/\\\/www.allgeier.com\\\/de\\\/?s={search_term_string}\"},\"query-input\":{\"@type\":\"PropertyValueSpecification\",\"valueRequired\":true,\"valueName\":\"search_term_string\"}}],\"inLanguage\":\"de\"}]}<\/script>\n<!-- \/ Yoast SEO plugin. -->","yoast_head_json":{"title":"Der IoT Store der Zukunft: SAP L\u00f6sungen f\u00fcr den digitalisierten Handel - Allgeier SE","robots":{"index":"index","follow":"follow","max-snippet":"max-snippet:-1","max-image-preview":"max-image-preview:large","max-video-preview":"max-video-preview:-1"},"canonical":"https:\/\/www.allgeier.com\/de\/pressroom\/news\/der-iot-store-der-zukunft-sap-losungen-fur-den-digitalisierten-handel\/","og_locale":"de_DE","og_type":"article","og_title":"Der IoT Store der Zukunft: SAP L\u00f6sungen f\u00fcr den digitalisierten Handel - Allgeier SE","og_description":"SAP-L\u00f6sungen der Allgeier Enterprise Services: Das Internet of Things (IoT) im Handel mit SAP S\/4 HANA und PRESTIGEenterprise Das Internet of Things (IoT) bietet gro\u00dfen Mehrwert f\u00fcr den Handel und den Kunden. Vernetzung wird immer mehr zum zentralen Antrieb f\u00fcr die digitale und mobile Transformation. So erkennen zum Beispiel intelligente Regale automatisch die Bestandsituation. Mit &hellip;","og_url":"https:\/\/www.allgeier.com\/de\/pressroom\/news\/der-iot-store-der-zukunft-sap-losungen-fur-den-digitalisierten-handel\/","og_site_name":"Allgeier SE","article_modified_time":"2025-02-05T17:45:33+00:00","og_image":[{"width":827,"height":246,"url":"https:\/\/www.allgeier.com\/de\/wp-content\/uploads\/sites\/3\/2017\/03\/IoT-Sore_Allgeier-Enterprise-Services.gif","type":"image\/gif"}],"twitter_card":"summary_large_image","twitter_misc":{"Gesch\u00e4tzte Lesezeit":"2\u00a0Minuten"},"schema":{"@context":"https:\/\/schema.org","@graph":[{"@type":"WebPage","@id":"https:\/\/www.allgeier.com\/de\/pressroom\/news\/der-iot-store-der-zukunft-sap-losungen-fur-den-digitalisierten-handel\/","url":"https:\/\/www.allgeier.com\/de\/pressroom\/news\/der-iot-store-der-zukunft-sap-losungen-fur-den-digitalisierten-handel\/","name":"Der IoT Store der Zukunft: SAP L\u00f6sungen f\u00fcr den digitalisierten Handel - Allgeier SE","isPartOf":{"@id":"https:\/\/www.allgeier.com\/de\/#website"},"primaryImageOfPage":{"@id":"https:\/\/www.allgeier.com\/de\/pressroom\/news\/der-iot-store-der-zukunft-sap-losungen-fur-den-digitalisierten-handel\/#primaryimage"},"image":{"@id":"https:\/\/www.allgeier.com\/de\/pressroom\/news\/der-iot-store-der-zukunft-sap-losungen-fur-den-digitalisierten-handel\/#primaryimage"},"thumbnailUrl":"https:\/\/www.allgeier.com\/de\/wp-content\/uploads\/sites\/3\/2017\/03\/IoT-Sore_Allgeier-Enterprise-Services-300x89.gif","datePublished":"2017-03-03T03:45:44+00:00","dateModified":"2025-02-05T17:45:33+00:00","breadcrumb":{"@id":"https:\/\/www.allgeier.com\/de\/pressroom\/news\/der-iot-store-der-zukunft-sap-losungen-fur-den-digitalisierten-handel\/#breadcrumb"},"inLanguage":"de","potentialAction":[{"@type":"ReadAction","target":["https:\/\/www.allgeier.com\/de\/pressroom\/news\/der-iot-store-der-zukunft-sap-losungen-fur-den-digitalisierten-handel\/"]}]},{"@type":"ImageObject","inLanguage":"de","@id":"https:\/\/www.allgeier.com\/de\/pressroom\/news\/der-iot-store-der-zukunft-sap-losungen-fur-den-digitalisierten-handel\/#primaryimage","url":"https:\/\/www.allgeier.com\/de\/wp-content\/uploads\/sites\/3\/2017\/03\/IoT-Sore_Allgeier-Enterprise-Services.gif","contentUrl":"https:\/\/www.allgeier.com\/de\/wp-content\/uploads\/sites\/3\/2017\/03\/IoT-Sore_Allgeier-Enterprise-Services.gif","width":827,"height":246},{"@type":"BreadcrumbList","@id":"https:\/\/www.allgeier.com\/de\/pressroom\/news\/der-iot-store-der-zukunft-sap-losungen-fur-den-digitalisierten-handel\/#breadcrumb","itemListElement":[{"@type":"ListItem","position":1,"name":"Home","item":"https:\/\/www.allgeier.com\/de\/"},{"@type":"ListItem","position":2,"name":"Presse","item":"https:\/\/www.allgeier.com\/de\/pressroom\/"},{"@type":"ListItem","position":3,"name":"News","item":"https:\/\/www.allgeier.com\/de\/pressroom\/news\/"},{"@type":"ListItem","position":4,"name":"Der IoT Store der Zukunft: SAP L\u00f6sungen f\u00fcr den digitalisierten Handel"}]},{"@type":"WebSite","@id":"https:\/\/www.allgeier.com\/de\/#website","url":"https:\/\/www.allgeier.com\/de\/","name":"Allgeier SE","description":"Software &amp; IT Services for digital transformation","potentialAction":[{"@type":"SearchAction","target":{"@type":"EntryPoint","urlTemplate":"https:\/\/www.allgeier.com\/de\/?s={search_term_string}"},"query-input":{"@type":"PropertyValueSpecification","valueRequired":true,"valueName":"search_term_string"}}],"inLanguage":"de"}]}},"_links":{"self":[{"href":"https:\/\/www.allgeier.com\/de\/wp-json\/wp\/v2\/pages\/2251","targetHints":{"allow":["GET"]}}],"collection":[{"href":"https:\/\/www.allgeier.com\/de\/wp-json\/wp\/v2\/pages"}],"about":[{"href":"https:\/\/www.allgeier.com\/de\/wp-json\/wp\/v2\/types\/page"}],"author":[{"embeddable":true,"href":"https:\/\/www.allgeier.com\/de\/wp-json\/wp\/v2\/users\/4"}],"replies":[{"embeddable":true,"href":"https:\/\/www.allgeier.com\/de\/wp-json\/wp\/v2\/comments?post=2251"}],"version-history":[{"count":3,"href":"https:\/\/www.allgeier.com\/de\/wp-json\/wp\/v2\/pages\/2251\/revisions"}],"predecessor-version":[{"id":6120,"href":"https:\/\/www.allgeier.com\/de\/wp-json\/wp\/v2\/pages\/2251\/revisions\/6120"}],"up":[{"embeddable":true,"href":"https:\/\/www.allgeier.com\/de\/wp-json\/wp\/v2\/pages\/1171"}],"wp:attachment":[{"href":"https:\/\/www.allgeier.com\/de\/wp-json\/wp\/v2\/media?parent=2251"}],"wp:term":[{"taxonomy":"category","embeddable":true,"href":"https:\/\/www.allgeier.com\/de\/wp-json\/wp\/v2\/categories?post=2251"},{"taxonomy":"post_tag","embeddable":true,"href":"https:\/\/www.allgeier.com\/de\/wp-json\/wp\/v2\/tags?post=2251"}],"curies":[{"name":"wp","href":"https:\/\/api.w.org\/{rel}","templated":true}]}}