{"id":2296,"date":"2017-04-24T20:36:14","date_gmt":"2017-04-24T20:36:14","guid":{"rendered":"https:\/\/www.allgeier.com\/de\/?page_id=2296"},"modified":"2025-02-05T18:36:53","modified_gmt":"2025-02-05T18:36:53","slug":"neuer-name-und-erweiterte-services-tecops-wird-zur-allgeier-experts-pro-gmbh","status":"publish","type":"page","link":"https:\/\/www.allgeier.com\/de\/pressroom\/press-releases\/neuer-name-und-erweiterte-services-tecops-wird-zur-allgeier-experts-pro-gmbh\/","title":{"rendered":"Neuer Name und erweiterte Services: TECOPS wird zur Allgeier Experts Pro GmbH"},"content":{"rendered":"<div class=\"fusion-row\">\n<div id=\"content\">\n<div id=\"post-1301\" class=\"post post-1301 type-post status-publish format-standard has-post-thumbnail hentry category-alle\">\n<div class=\"post-content\">\n<p><em>Mannheim\/M\u00fcnchen, 24. April 2017 \u2013<\/em> Der IT-Personaldienstleister tecops personal GmbH (kurz: TECOPS) tr\u00e4gt seinem starken Wachstum Rechnung und stellt sich neu auf: Mit sofortiger Wirkung wird das Unternehmen zur Allgeier Experts Pro GmbH mit Firmensitz in M\u00fcnchen umfirmiert. Geleitet wird die dynamische Company von den Gesch\u00e4ftsf\u00fchrern Markus Ley, der auch im Vorstand von Allgeier Experts SE sitzt, und Christiane Sch\u00e4fter, die bereits seit 1997 im Unternehmen t\u00e4tig ist.<\/p>\n<p>Mit dem neuen Namen einher geht auch eine weitere Sch\u00e4rfung des Profils sowie eine Ausweitung der eigenen Dienstleistung in Richtung Top-Level-Management f\u00fcr die Bereiche IT und Engineering. \u201eWir haben insgesamt 50 Personal- und Vertriebsprofis aus den Allgeier Experts Einheiten \u00fcbernommen. Damit k\u00f6nnen wir unseren Kunden von Anfang an die gesamte Bandbreite der Arbeitnehmer\u00fcberlassung im IT und Engineering anbieten\u201c, berichtet Christiane Sch\u00e4fter. Daf\u00fcr wurden die Grenzen innerhalb der Personaldivision Allgeier Experts SE neu abgesteckt und die neue GmbH kann 50 Top-Executives in ihr Expertenangebot integrieren. Gleichzeitig ist die Umfirmierung strategisch ein gro\u00dfer Schritt nach vorne \u2013 ein deutliches Bekenntnis zum Mutterkonzern und zur Dachmarke Allgeier Experts, um mit klarer Identit\u00e4t und vereinter Markenpower noch st\u00e4rker am Markt auftreten zu k\u00f6nnen.<\/p>\n<p>Markus Ley, Vorstand der Allgeier Experts SE, freut sich dementsprechend \u00fcber diesen Meilenstein: \u201eDie Allgeier Experts Gruppe ist im letzten Jahr entstanden und besteht aus zahlreichen kraftvollen Einzelmarken. Jetzt ist die Zeit gekommen, dass wir unser Markenportfolio sch\u00e4rfen und das gesamte Sales-Potenzial unserer Company aussch\u00f6pfen. Davon werden am Ende alle profitieren: unsere Kunden durch ein klares Leistungsportfolio und wir durch ein st\u00e4rkeres Neugesch\u00e4ft am Markt und h\u00f6heren Austausch innerhalb unserer Gruppe.\u201c Auf bestehende Vertr\u00e4ge und Rechtsbeziehungen mit Unternehmen hat die Umfirmierung keine Auswirkung und auch die Mitarbeiter der bisherigen TECOPS gehen alle in die neue Gesellschaft \u00fcber.<\/p>\n<p>Unter der Dachmarke \u201eAllgeier Experts\u201c hatte der b\u00f6rsennotierte Konzern Allgeier SE im letzten Jahr seine Personaldivision neu formiert. Allgeier Experts bietet in den vier Gesch\u00e4ftsbereichen Contracting (Freelancer), Temp (Arbeitnehmer\u00fcberlassung, der Bereich der Allgeier Experts Pro GmbH), Perm (Direct Search) und Managed Services umfassende Personal- und Projektservices sowie alle g\u00e4ngigen Vertragsmodelle f\u00fcr die Bereiche IT und Engineering.<\/p>\n<p>&nbsp;<\/p>\n<p><strong>\u00dcber Allgeier Experts<\/strong><\/p>\n<p>Allgeier Experts ist einer der f\u00fchrenden Dienstleister f\u00fcr Personalservice und Projektl\u00f6sungen in Deutschland. Die Division der Allgeier SE b\u00fcndelt das Know-how und die Branchenexpertise der Tochtergesellschaften Allgeier Experts Pro, Allgeier Experts Services, Goetzfried AG, Goetzfried Professionals, Recompli, U.N.P., SearchConsult und Oxygen unter einem Dach. An 29 Standorten ist Allgeier Experts f\u00fcr mehr als 1000 nationale und internationale Unternehmenskunden sowie \u00f6ffentliche Auftraggeber t\u00e4tig. Mit 262 Millionen Euro Umsatz und 2.800 Mitarbeitern z\u00e4hlt Allgeier Experts gem\u00e4\u00df L\u00fcnendonk-Marktsegmentstudie zu den Top-3-IT-Personaldienstleistern in Deutschland. Weitere Informationen finden Sie unter <a href=\"http:\/\/www.allgeier-experts.com\">www.allgeier-experts.com<\/a>.<\/p>\n<\/div>\n<\/div>\n<\/div>\n<\/div>\n","protected":false},"excerpt":{"rendered":"<p>Mannheim\/M\u00fcnchen, 24. April 2017 \u2013 Der IT-Personaldienstleister tecops personal GmbH (kurz: TECOPS) tr\u00e4gt seinem starken Wachstum Rechnung und stellt sich neu auf: Mit sofortiger Wirkung wird das Unternehmen zur Allgeier Experts Pro GmbH mit Firmensitz in M\u00fcnchen umfirmiert. Geleitet wird die dynamische Company von den Gesch\u00e4ftsf\u00fchrern Markus Ley, der auch im Vorstand von Allgeier Experts &hellip; <\/p>\n","protected":false},"author":4,"featured_media":0,"parent":1169,"menu_order":0,"comment_status":"closed","ping_status":"closed","template":"","meta":{"_acf_changed":false,"footnotes":""},"categories":[7],"tags":[],"class_list":["post-2296","page","type-page","status-publish","hentry","category-pressemitteilungen"],"acf":[],"yoast_head":"<!-- This site is optimized with the Yoast SEO plugin v27.4 - https:\/\/yoast.com\/product\/yoast-seo-wordpress\/ -->\n<title>Neuer Name und erweiterte Services: TECOPS wird zur Allgeier Experts Pro GmbH - Allgeier SE<\/title>\n<meta name=\"robots\" content=\"index, follow, max-snippet:-1, max-image-preview:large, max-video-preview:-1\" \/>\n<link rel=\"canonical\" href=\"https:\/\/www.allgeier.com\/de\/pressroom\/press-releases\/neuer-name-und-erweiterte-services-tecops-wird-zur-allgeier-experts-pro-gmbh\/\" \/>\n<meta property=\"og:locale\" content=\"de_DE\" \/>\n<meta property=\"og:type\" content=\"article\" \/>\n<meta property=\"og:title\" content=\"Neuer Name und erweiterte Services: TECOPS wird zur Allgeier Experts Pro GmbH - Allgeier SE\" \/>\n<meta property=\"og:description\" content=\"Mannheim\/M\u00fcnchen, 24. April 2017 \u2013 Der IT-Personaldienstleister tecops personal GmbH (kurz: TECOPS) tr\u00e4gt seinem starken Wachstum Rechnung und stellt sich neu auf: Mit sofortiger Wirkung wird das Unternehmen zur Allgeier Experts Pro GmbH mit Firmensitz in M\u00fcnchen umfirmiert. Geleitet wird die dynamische Company von den Gesch\u00e4ftsf\u00fchrern Markus Ley, der auch im Vorstand von Allgeier Experts &hellip;\" \/>\n<meta property=\"og:url\" content=\"https:\/\/www.allgeier.com\/de\/pressroom\/press-releases\/neuer-name-und-erweiterte-services-tecops-wird-zur-allgeier-experts-pro-gmbh\/\" \/>\n<meta property=\"og:site_name\" content=\"Allgeier SE\" \/>\n<meta property=\"article:modified_time\" content=\"2025-02-05T18:36:53+00:00\" \/>\n<meta name=\"twitter:card\" content=\"summary_large_image\" \/>\n<meta name=\"twitter:label1\" content=\"Gesch\u00e4tzte Lesezeit\" \/>\n\t<meta name=\"twitter:data1\" content=\"2\u00a0Minuten\" \/>\n<script type=\"application\/ld+json\" class=\"yoast-schema-graph\">{\"@context\":\"https:\\\/\\\/schema.org\",\"@graph\":[{\"@type\":\"WebPage\",\"@id\":\"https:\\\/\\\/www.allgeier.com\\\/de\\\/pressroom\\\/press-releases\\\/neuer-name-und-erweiterte-services-tecops-wird-zur-allgeier-experts-pro-gmbh\\\/\",\"url\":\"https:\\\/\\\/www.allgeier.com\\\/de\\\/pressroom\\\/press-releases\\\/neuer-name-und-erweiterte-services-tecops-wird-zur-allgeier-experts-pro-gmbh\\\/\",\"name\":\"Neuer Name und erweiterte Services: TECOPS wird zur Allgeier Experts Pro GmbH - Allgeier SE\",\"isPartOf\":{\"@id\":\"https:\\\/\\\/www.allgeier.com\\\/de\\\/#website\"},\"datePublished\":\"2017-04-24T20:36:14+00:00\",\"dateModified\":\"2025-02-05T18:36:53+00:00\",\"breadcrumb\":{\"@id\":\"https:\\\/\\\/www.allgeier.com\\\/de\\\/pressroom\\\/press-releases\\\/neuer-name-und-erweiterte-services-tecops-wird-zur-allgeier-experts-pro-gmbh\\\/#breadcrumb\"},\"inLanguage\":\"de\",\"potentialAction\":[{\"@type\":\"ReadAction\",\"target\":[\"https:\\\/\\\/www.allgeier.com\\\/de\\\/pressroom\\\/press-releases\\\/neuer-name-und-erweiterte-services-tecops-wird-zur-allgeier-experts-pro-gmbh\\\/\"]}]},{\"@type\":\"BreadcrumbList\",\"@id\":\"https:\\\/\\\/www.allgeier.com\\\/de\\\/pressroom\\\/press-releases\\\/neuer-name-und-erweiterte-services-tecops-wird-zur-allgeier-experts-pro-gmbh\\\/#breadcrumb\",\"itemListElement\":[{\"@type\":\"ListItem\",\"position\":1,\"name\":\"Home\",\"item\":\"https:\\\/\\\/www.allgeier.com\\\/de\\\/\"},{\"@type\":\"ListItem\",\"position\":2,\"name\":\"Presse\",\"item\":\"https:\\\/\\\/www.allgeier.com\\\/de\\\/pressroom\\\/\"},{\"@type\":\"ListItem\",\"position\":3,\"name\":\"Pressemitteilungen\",\"item\":\"https:\\\/\\\/www.allgeier.com\\\/de\\\/pressroom\\\/press-releases\\\/\"},{\"@type\":\"ListItem\",\"position\":4,\"name\":\"Neuer Name und erweiterte Services: TECOPS wird zur Allgeier Experts Pro GmbH\"}]},{\"@type\":\"WebSite\",\"@id\":\"https:\\\/\\\/www.allgeier.com\\\/de\\\/#website\",\"url\":\"https:\\\/\\\/www.allgeier.com\\\/de\\\/\",\"name\":\"Allgeier SE\",\"description\":\"Software &amp; IT Services for digital transformation\",\"potentialAction\":[{\"@type\":\"SearchAction\",\"target\":{\"@type\":\"EntryPoint\",\"urlTemplate\":\"https:\\\/\\\/www.allgeier.com\\\/de\\\/?s={search_term_string}\"},\"query-input\":{\"@type\":\"PropertyValueSpecification\",\"valueRequired\":true,\"valueName\":\"search_term_string\"}}],\"inLanguage\":\"de\"}]}<\/script>\n<!-- \/ Yoast SEO plugin. -->","yoast_head_json":{"title":"Neuer Name und erweiterte Services: TECOPS wird zur Allgeier Experts Pro GmbH - Allgeier SE","robots":{"index":"index","follow":"follow","max-snippet":"max-snippet:-1","max-image-preview":"max-image-preview:large","max-video-preview":"max-video-preview:-1"},"canonical":"https:\/\/www.allgeier.com\/de\/pressroom\/press-releases\/neuer-name-und-erweiterte-services-tecops-wird-zur-allgeier-experts-pro-gmbh\/","og_locale":"de_DE","og_type":"article","og_title":"Neuer Name und erweiterte Services: TECOPS wird zur Allgeier Experts Pro GmbH - Allgeier SE","og_description":"Mannheim\/M\u00fcnchen, 24. April 2017 \u2013 Der IT-Personaldienstleister tecops personal GmbH (kurz: TECOPS) tr\u00e4gt seinem starken Wachstum Rechnung und stellt sich neu auf: Mit sofortiger Wirkung wird das Unternehmen zur Allgeier Experts Pro GmbH mit Firmensitz in M\u00fcnchen umfirmiert. Geleitet wird die dynamische Company von den Gesch\u00e4ftsf\u00fchrern Markus Ley, der auch im Vorstand von Allgeier Experts &hellip;","og_url":"https:\/\/www.allgeier.com\/de\/pressroom\/press-releases\/neuer-name-und-erweiterte-services-tecops-wird-zur-allgeier-experts-pro-gmbh\/","og_site_name":"Allgeier SE","article_modified_time":"2025-02-05T18:36:53+00:00","twitter_card":"summary_large_image","twitter_misc":{"Gesch\u00e4tzte Lesezeit":"2\u00a0Minuten"},"schema":{"@context":"https:\/\/schema.org","@graph":[{"@type":"WebPage","@id":"https:\/\/www.allgeier.com\/de\/pressroom\/press-releases\/neuer-name-und-erweiterte-services-tecops-wird-zur-allgeier-experts-pro-gmbh\/","url":"https:\/\/www.allgeier.com\/de\/pressroom\/press-releases\/neuer-name-und-erweiterte-services-tecops-wird-zur-allgeier-experts-pro-gmbh\/","name":"Neuer Name und erweiterte Services: TECOPS wird zur Allgeier Experts Pro GmbH - Allgeier SE","isPartOf":{"@id":"https:\/\/www.allgeier.com\/de\/#website"},"datePublished":"2017-04-24T20:36:14+00:00","dateModified":"2025-02-05T18:36:53+00:00","breadcrumb":{"@id":"https:\/\/www.allgeier.com\/de\/pressroom\/press-releases\/neuer-name-und-erweiterte-services-tecops-wird-zur-allgeier-experts-pro-gmbh\/#breadcrumb"},"inLanguage":"de","potentialAction":[{"@type":"ReadAction","target":["https:\/\/www.allgeier.com\/de\/pressroom\/press-releases\/neuer-name-und-erweiterte-services-tecops-wird-zur-allgeier-experts-pro-gmbh\/"]}]},{"@type":"BreadcrumbList","@id":"https:\/\/www.allgeier.com\/de\/pressroom\/press-releases\/neuer-name-und-erweiterte-services-tecops-wird-zur-allgeier-experts-pro-gmbh\/#breadcrumb","itemListElement":[{"@type":"ListItem","position":1,"name":"Home","item":"https:\/\/www.allgeier.com\/de\/"},{"@type":"ListItem","position":2,"name":"Presse","item":"https:\/\/www.allgeier.com\/de\/pressroom\/"},{"@type":"ListItem","position":3,"name":"Pressemitteilungen","item":"https:\/\/www.allgeier.com\/de\/pressroom\/press-releases\/"},{"@type":"ListItem","position":4,"name":"Neuer Name und erweiterte Services: TECOPS wird zur Allgeier Experts Pro GmbH"}]},{"@type":"WebSite","@id":"https:\/\/www.allgeier.com\/de\/#website","url":"https:\/\/www.allgeier.com\/de\/","name":"Allgeier SE","description":"Software &amp; IT Services for digital transformation","potentialAction":[{"@type":"SearchAction","target":{"@type":"EntryPoint","urlTemplate":"https:\/\/www.allgeier.com\/de\/?s={search_term_string}"},"query-input":{"@type":"PropertyValueSpecification","valueRequired":true,"valueName":"search_term_string"}}],"inLanguage":"de"}]}},"_links":{"self":[{"href":"https:\/\/www.allgeier.com\/de\/wp-json\/wp\/v2\/pages\/2296","targetHints":{"allow":["GET"]}}],"collection":[{"href":"https:\/\/www.allgeier.com\/de\/wp-json\/wp\/v2\/pages"}],"about":[{"href":"https:\/\/www.allgeier.com\/de\/wp-json\/wp\/v2\/types\/page"}],"author":[{"embeddable":true,"href":"https:\/\/www.allgeier.com\/de\/wp-json\/wp\/v2\/users\/4"}],"replies":[{"embeddable":true,"href":"https:\/\/www.allgeier.com\/de\/wp-json\/wp\/v2\/comments?post=2296"}],"version-history":[{"count":1,"href":"https:\/\/www.allgeier.com\/de\/wp-json\/wp\/v2\/pages\/2296\/revisions"}],"predecessor-version":[{"id":6185,"href":"https:\/\/www.allgeier.com\/de\/wp-json\/wp\/v2\/pages\/2296\/revisions\/6185"}],"up":[{"embeddable":true,"href":"https:\/\/www.allgeier.com\/de\/wp-json\/wp\/v2\/pages\/1169"}],"wp:attachment":[{"href":"https:\/\/www.allgeier.com\/de\/wp-json\/wp\/v2\/media?parent=2296"}],"wp:term":[{"taxonomy":"category","embeddable":true,"href":"https:\/\/www.allgeier.com\/de\/wp-json\/wp\/v2\/categories?post=2296"},{"taxonomy":"post_tag","embeddable":true,"href":"https:\/\/www.allgeier.com\/de\/wp-json\/wp\/v2\/tags?post=2296"}],"curies":[{"name":"wp","href":"https:\/\/api.w.org\/{rel}","templated":true}]}}