{"id":2299,"date":"2017-05-02T10:40:54","date_gmt":"2017-05-02T10:40:54","guid":{"rendered":"https:\/\/www.allgeier.com\/de\/?page_id=2299"},"modified":"2025-02-05T18:00:23","modified_gmt":"2025-02-05T18:00:23","slug":"allgeier-sap-alle-antworten-fur-die-community","status":"publish","type":"page","link":"https:\/\/www.allgeier.com\/de\/pressroom\/press-review\/allgeier-sap-alle-antworten-fur-die-community\/","title":{"rendered":"Allgeier SAP: Alle Antworten f\u00fcr die Community"},"content":{"rendered":"<p>Das mittelst\u00e4ndische IT-Systemhaus Allgeier deckt alle relevanten Themengebiete f\u00fcr SAP-Bestandskunden ab und erg\u00e4nzt die SAP-L\u00f6sungen durch eigene innovative Antworten. Damit bietet Allgeier eine Breite und Tiefe an spezialisierter SAP-Kompetenz, die sich bei kaum einem anderen Wettbewerber finden l\u00e4sst. Der Chefredakteur des E-3 Magazins, Peter M. F\u00e4rbinger, sprach f\u00fcr die Titelstory des Fachmediums mit J\u00f6rg Dietmann, Vorstand der Allgeier Enterprise Services AG.<\/p>\n<p><a href=\"https:\/\/www.allgeier.com\/de\/wp-content\/uploads\/sites\/3\/2017\/05\/Allgeier-SE_E-3_1705_Coverstory_web.pdf\" target=\"_blank\">Das ganze Interview und die Titelstory finden Sie hier<\/a>:<\/p>\n<p><a href=\"https:\/\/www.allgeier.com\/de\/wp-content\/uploads\/sites\/3\/2017\/05\/Allgeier-SE_E-3_1705_Coverstory_web.pdf\" target=\"_blank\" rel=\"attachment wp-att-2300\"><img loading=\"lazy\" decoding=\"async\" class=\"alignnone wp-image-2300\" src=\"https:\/\/www.allgeier.com\/de\/wp-content\/uploads\/sites\/3\/2017\/04\/Allgeier-ES_E-3_1705_Coverstory_Titel-212x300.jpg\" alt=\"Allgeier ES_E-3_1705_Coverstory_Titel\" width=\"280\" height=\"395\" srcset=\"https:\/\/www.allgeier.com\/de\/wp-content\/uploads\/sites\/3\/2017\/04\/Allgeier-ES_E-3_1705_Coverstory_Titel-212x300.jpg 212w, https:\/\/www.allgeier.com\/de\/wp-content\/uploads\/sites\/3\/2017\/04\/Allgeier-ES_E-3_1705_Coverstory_Titel-600x847.jpg 600w, https:\/\/www.allgeier.com\/de\/wp-content\/uploads\/sites\/3\/2017\/04\/Allgeier-ES_E-3_1705_Coverstory_Titel.jpg 653w\" sizes=\"auto, (max-width: 280px) 100vw, 280px\" \/><\/a><\/p>\n<p><a href=\"https:\/\/e-3.de\/2017\/04\/27\/alle-antworten-fuer-die-community\/\" target=\"_blank\">Allgeier: Alle Antworten f\u00fcr die Community [externer Link zum E-3 Magazin]<\/a><\/p>\n","protected":false},"excerpt":{"rendered":"<p>Das mittelst\u00e4ndische IT-Systemhaus Allgeier deckt alle relevanten Themengebiete f\u00fcr SAP-Bestandskunden ab und erg\u00e4nzt die SAP-L\u00f6sungen durch eigene innovative Antworten. Damit bietet Allgeier eine Breite und Tiefe an spezialisierter SAP-Kompetenz, die sich bei kaum einem anderen Wettbewerber finden l\u00e4sst. Der Chefredakteur des E-3 Magazins, Peter M. F\u00e4rbinger, sprach f\u00fcr die Titelstory des Fachmediums mit J\u00f6rg Dietmann, &hellip; <\/p>\n","protected":false},"author":4,"featured_media":0,"parent":1778,"menu_order":0,"comment_status":"closed","ping_status":"closed","template":"","meta":{"_acf_changed":false,"footnotes":""},"categories":[9],"tags":[],"class_list":["post-2299","page","type-page","status-publish","hentry","category-news"],"acf":[],"yoast_head":"<!-- This site is optimized with the Yoast SEO plugin v27.4 - https:\/\/yoast.com\/product\/yoast-seo-wordpress\/ -->\n<title>Allgeier SAP: Alle Antworten f\u00fcr die Community - Allgeier SE<\/title>\n<meta name=\"robots\" content=\"index, follow, max-snippet:-1, max-image-preview:large, max-video-preview:-1\" \/>\n<link rel=\"canonical\" href=\"https:\/\/www.allgeier.com\/de\/pressroom\/press-review\/allgeier-sap-alle-antworten-fur-die-community\/\" \/>\n<meta property=\"og:locale\" content=\"de_DE\" \/>\n<meta property=\"og:type\" content=\"article\" \/>\n<meta property=\"og:title\" content=\"Allgeier SAP: Alle Antworten f\u00fcr die Community - Allgeier SE\" \/>\n<meta property=\"og:description\" content=\"Das mittelst\u00e4ndische IT-Systemhaus Allgeier deckt alle relevanten Themengebiete f\u00fcr SAP-Bestandskunden ab und erg\u00e4nzt die SAP-L\u00f6sungen durch eigene innovative Antworten. Damit bietet Allgeier eine Breite und Tiefe an spezialisierter SAP-Kompetenz, die sich bei kaum einem anderen Wettbewerber finden l\u00e4sst. Der Chefredakteur des E-3 Magazins, Peter M. F\u00e4rbinger, sprach f\u00fcr die Titelstory des Fachmediums mit J\u00f6rg Dietmann, &hellip;\" \/>\n<meta property=\"og:url\" content=\"https:\/\/www.allgeier.com\/de\/pressroom\/press-review\/allgeier-sap-alle-antworten-fur-die-community\/\" \/>\n<meta property=\"og:site_name\" content=\"Allgeier SE\" \/>\n<meta property=\"article:modified_time\" content=\"2025-02-05T18:00:23+00:00\" \/>\n<meta property=\"og:image\" content=\"https:\/\/www.allgeier.com\/de\/wp-content\/uploads\/sites\/3\/2017\/04\/Allgeier-ES_E-3_1705_Coverstory_Titel.jpg\" \/>\n\t<meta property=\"og:image:width\" content=\"653\" \/>\n\t<meta property=\"og:image:height\" content=\"922\" \/>\n\t<meta property=\"og:image:type\" content=\"image\/jpeg\" \/>\n<meta name=\"twitter:card\" content=\"summary_large_image\" \/>\n<meta name=\"twitter:label1\" content=\"Gesch\u00e4tzte Lesezeit\" \/>\n\t<meta name=\"twitter:data1\" content=\"1\u00a0Minute\" \/>\n<script type=\"application\/ld+json\" class=\"yoast-schema-graph\">{\"@context\":\"https:\\\/\\\/schema.org\",\"@graph\":[{\"@type\":\"WebPage\",\"@id\":\"https:\\\/\\\/www.allgeier.com\\\/de\\\/pressroom\\\/press-review\\\/allgeier-sap-alle-antworten-fur-die-community\\\/\",\"url\":\"https:\\\/\\\/www.allgeier.com\\\/de\\\/pressroom\\\/press-review\\\/allgeier-sap-alle-antworten-fur-die-community\\\/\",\"name\":\"Allgeier SAP: Alle Antworten f\u00fcr die Community - Allgeier SE\",\"isPartOf\":{\"@id\":\"https:\\\/\\\/www.allgeier.com\\\/de\\\/#website\"},\"primaryImageOfPage\":{\"@id\":\"https:\\\/\\\/www.allgeier.com\\\/de\\\/pressroom\\\/press-review\\\/allgeier-sap-alle-antworten-fur-die-community\\\/#primaryimage\"},\"image\":{\"@id\":\"https:\\\/\\\/www.allgeier.com\\\/de\\\/pressroom\\\/press-review\\\/allgeier-sap-alle-antworten-fur-die-community\\\/#primaryimage\"},\"thumbnailUrl\":\"https:\\\/\\\/www.allgeier.com\\\/de\\\/wp-content\\\/uploads\\\/sites\\\/3\\\/2017\\\/04\\\/Allgeier-ES_E-3_1705_Coverstory_Titel-212x300.jpg\",\"datePublished\":\"2017-05-02T10:40:54+00:00\",\"dateModified\":\"2025-02-05T18:00:23+00:00\",\"breadcrumb\":{\"@id\":\"https:\\\/\\\/www.allgeier.com\\\/de\\\/pressroom\\\/press-review\\\/allgeier-sap-alle-antworten-fur-die-community\\\/#breadcrumb\"},\"inLanguage\":\"de\",\"potentialAction\":[{\"@type\":\"ReadAction\",\"target\":[\"https:\\\/\\\/www.allgeier.com\\\/de\\\/pressroom\\\/press-review\\\/allgeier-sap-alle-antworten-fur-die-community\\\/\"]}]},{\"@type\":\"ImageObject\",\"inLanguage\":\"de\",\"@id\":\"https:\\\/\\\/www.allgeier.com\\\/de\\\/pressroom\\\/press-review\\\/allgeier-sap-alle-antworten-fur-die-community\\\/#primaryimage\",\"url\":\"https:\\\/\\\/www.allgeier.com\\\/de\\\/wp-content\\\/uploads\\\/sites\\\/3\\\/2017\\\/04\\\/Allgeier-ES_E-3_1705_Coverstory_Titel.jpg\",\"contentUrl\":\"https:\\\/\\\/www.allgeier.com\\\/de\\\/wp-content\\\/uploads\\\/sites\\\/3\\\/2017\\\/04\\\/Allgeier-ES_E-3_1705_Coverstory_Titel.jpg\",\"width\":653,\"height\":922},{\"@type\":\"BreadcrumbList\",\"@id\":\"https:\\\/\\\/www.allgeier.com\\\/de\\\/pressroom\\\/press-review\\\/allgeier-sap-alle-antworten-fur-die-community\\\/#breadcrumb\",\"itemListElement\":[{\"@type\":\"ListItem\",\"position\":1,\"name\":\"Home\",\"item\":\"https:\\\/\\\/www.allgeier.com\\\/de\\\/\"},{\"@type\":\"ListItem\",\"position\":2,\"name\":\"Presse\",\"item\":\"https:\\\/\\\/www.allgeier.com\\\/de\\\/pressroom\\\/\"},{\"@type\":\"ListItem\",\"position\":3,\"name\":\"Press Review\",\"item\":\"https:\\\/\\\/www.allgeier.com\\\/de\\\/pressroom\\\/press-review\\\/\"},{\"@type\":\"ListItem\",\"position\":4,\"name\":\"Allgeier SAP: Alle Antworten f\u00fcr die Community\"}]},{\"@type\":\"WebSite\",\"@id\":\"https:\\\/\\\/www.allgeier.com\\\/de\\\/#website\",\"url\":\"https:\\\/\\\/www.allgeier.com\\\/de\\\/\",\"name\":\"Allgeier SE\",\"description\":\"Software &amp; IT Services for digital transformation\",\"potentialAction\":[{\"@type\":\"SearchAction\",\"target\":{\"@type\":\"EntryPoint\",\"urlTemplate\":\"https:\\\/\\\/www.allgeier.com\\\/de\\\/?s={search_term_string}\"},\"query-input\":{\"@type\":\"PropertyValueSpecification\",\"valueRequired\":true,\"valueName\":\"search_term_string\"}}],\"inLanguage\":\"de\"}]}<\/script>\n<!-- \/ Yoast SEO plugin. -->","yoast_head_json":{"title":"Allgeier SAP: Alle Antworten f\u00fcr die Community - Allgeier SE","robots":{"index":"index","follow":"follow","max-snippet":"max-snippet:-1","max-image-preview":"max-image-preview:large","max-video-preview":"max-video-preview:-1"},"canonical":"https:\/\/www.allgeier.com\/de\/pressroom\/press-review\/allgeier-sap-alle-antworten-fur-die-community\/","og_locale":"de_DE","og_type":"article","og_title":"Allgeier SAP: Alle Antworten f\u00fcr die Community - Allgeier SE","og_description":"Das mittelst\u00e4ndische IT-Systemhaus Allgeier deckt alle relevanten Themengebiete f\u00fcr SAP-Bestandskunden ab und erg\u00e4nzt die SAP-L\u00f6sungen durch eigene innovative Antworten. Damit bietet Allgeier eine Breite und Tiefe an spezialisierter SAP-Kompetenz, die sich bei kaum einem anderen Wettbewerber finden l\u00e4sst. Der Chefredakteur des E-3 Magazins, Peter M. F\u00e4rbinger, sprach f\u00fcr die Titelstory des Fachmediums mit J\u00f6rg Dietmann, &hellip;","og_url":"https:\/\/www.allgeier.com\/de\/pressroom\/press-review\/allgeier-sap-alle-antworten-fur-die-community\/","og_site_name":"Allgeier SE","article_modified_time":"2025-02-05T18:00:23+00:00","og_image":[{"width":653,"height":922,"url":"https:\/\/www.allgeier.com\/de\/wp-content\/uploads\/sites\/3\/2017\/04\/Allgeier-ES_E-3_1705_Coverstory_Titel.jpg","type":"image\/jpeg"}],"twitter_card":"summary_large_image","twitter_misc":{"Gesch\u00e4tzte Lesezeit":"1\u00a0Minute"},"schema":{"@context":"https:\/\/schema.org","@graph":[{"@type":"WebPage","@id":"https:\/\/www.allgeier.com\/de\/pressroom\/press-review\/allgeier-sap-alle-antworten-fur-die-community\/","url":"https:\/\/www.allgeier.com\/de\/pressroom\/press-review\/allgeier-sap-alle-antworten-fur-die-community\/","name":"Allgeier SAP: Alle Antworten f\u00fcr die Community - Allgeier SE","isPartOf":{"@id":"https:\/\/www.allgeier.com\/de\/#website"},"primaryImageOfPage":{"@id":"https:\/\/www.allgeier.com\/de\/pressroom\/press-review\/allgeier-sap-alle-antworten-fur-die-community\/#primaryimage"},"image":{"@id":"https:\/\/www.allgeier.com\/de\/pressroom\/press-review\/allgeier-sap-alle-antworten-fur-die-community\/#primaryimage"},"thumbnailUrl":"https:\/\/www.allgeier.com\/de\/wp-content\/uploads\/sites\/3\/2017\/04\/Allgeier-ES_E-3_1705_Coverstory_Titel-212x300.jpg","datePublished":"2017-05-02T10:40:54+00:00","dateModified":"2025-02-05T18:00:23+00:00","breadcrumb":{"@id":"https:\/\/www.allgeier.com\/de\/pressroom\/press-review\/allgeier-sap-alle-antworten-fur-die-community\/#breadcrumb"},"inLanguage":"de","potentialAction":[{"@type":"ReadAction","target":["https:\/\/www.allgeier.com\/de\/pressroom\/press-review\/allgeier-sap-alle-antworten-fur-die-community\/"]}]},{"@type":"ImageObject","inLanguage":"de","@id":"https:\/\/www.allgeier.com\/de\/pressroom\/press-review\/allgeier-sap-alle-antworten-fur-die-community\/#primaryimage","url":"https:\/\/www.allgeier.com\/de\/wp-content\/uploads\/sites\/3\/2017\/04\/Allgeier-ES_E-3_1705_Coverstory_Titel.jpg","contentUrl":"https:\/\/www.allgeier.com\/de\/wp-content\/uploads\/sites\/3\/2017\/04\/Allgeier-ES_E-3_1705_Coverstory_Titel.jpg","width":653,"height":922},{"@type":"BreadcrumbList","@id":"https:\/\/www.allgeier.com\/de\/pressroom\/press-review\/allgeier-sap-alle-antworten-fur-die-community\/#breadcrumb","itemListElement":[{"@type":"ListItem","position":1,"name":"Home","item":"https:\/\/www.allgeier.com\/de\/"},{"@type":"ListItem","position":2,"name":"Presse","item":"https:\/\/www.allgeier.com\/de\/pressroom\/"},{"@type":"ListItem","position":3,"name":"Press Review","item":"https:\/\/www.allgeier.com\/de\/pressroom\/press-review\/"},{"@type":"ListItem","position":4,"name":"Allgeier SAP: Alle Antworten f\u00fcr die Community"}]},{"@type":"WebSite","@id":"https:\/\/www.allgeier.com\/de\/#website","url":"https:\/\/www.allgeier.com\/de\/","name":"Allgeier SE","description":"Software &amp; IT Services for digital transformation","potentialAction":[{"@type":"SearchAction","target":{"@type":"EntryPoint","urlTemplate":"https:\/\/www.allgeier.com\/de\/?s={search_term_string}"},"query-input":{"@type":"PropertyValueSpecification","valueRequired":true,"valueName":"search_term_string"}}],"inLanguage":"de"}]}},"_links":{"self":[{"href":"https:\/\/www.allgeier.com\/de\/wp-json\/wp\/v2\/pages\/2299","targetHints":{"allow":["GET"]}}],"collection":[{"href":"https:\/\/www.allgeier.com\/de\/wp-json\/wp\/v2\/pages"}],"about":[{"href":"https:\/\/www.allgeier.com\/de\/wp-json\/wp\/v2\/types\/page"}],"author":[{"embeddable":true,"href":"https:\/\/www.allgeier.com\/de\/wp-json\/wp\/v2\/users\/4"}],"replies":[{"embeddable":true,"href":"https:\/\/www.allgeier.com\/de\/wp-json\/wp\/v2\/comments?post=2299"}],"version-history":[{"count":2,"href":"https:\/\/www.allgeier.com\/de\/wp-json\/wp\/v2\/pages\/2299\/revisions"}],"predecessor-version":[{"id":6130,"href":"https:\/\/www.allgeier.com\/de\/wp-json\/wp\/v2\/pages\/2299\/revisions\/6130"}],"up":[{"embeddable":true,"href":"https:\/\/www.allgeier.com\/de\/wp-json\/wp\/v2\/pages\/1778"}],"wp:attachment":[{"href":"https:\/\/www.allgeier.com\/de\/wp-json\/wp\/v2\/media?parent=2299"}],"wp:term":[{"taxonomy":"category","embeddable":true,"href":"https:\/\/www.allgeier.com\/de\/wp-json\/wp\/v2\/categories?post=2299"},{"taxonomy":"post_tag","embeddable":true,"href":"https:\/\/www.allgeier.com\/de\/wp-json\/wp\/v2\/tags?post=2299"}],"curies":[{"name":"wp","href":"https:\/\/api.w.org\/{rel}","templated":true}]}}