{"id":2376,"date":"2017-06-22T15:47:01","date_gmt":"2017-06-22T15:47:01","guid":{"rendered":"https:\/\/www.allgeier.com\/de\/es-22062017\/"},"modified":"2017-06-22T15:47:01","modified_gmt":"2017-06-22T15:47:01","slug":"es-22062017","status":"publish","type":"page","link":"https:\/\/www.allgeier.com\/de\/es-22062017\/","title":{"rendered":"es-22062017"},"content":{"rendered":"<pre>DGAP Gesamtstimmrechtsmitteilung: ALLGEIER SE \/ Ver\u00f6ffentlichung der\nGesamtzahl der Stimmrechte\nALLGEIER SE: Ver\u00f6ffentlichung der Gesamtzahl der Stimmrechte nach \u00a7 26a WpHG\nmit dem Ziel der europaweiten Verbreitung\n\n22.06.2017 \/ 15:47\nVer\u00f6ffentlichung der Gesamtzahl der Stimmrechte \u00fcbermittelt durch DGAP - ein\nService der EQS Group AG.\nF\u00fcr den Inhalt der Mitteilung ist der Emittent verantwortlich.\n\n---------------------------------------------------------------------------\n\nVer\u00f6ffentlichung \u00fcber Gesamtzahl der Stimmrechte\n\n1. Angaben zum Emittenten\n\n     ALLGEIER SE\n     Wehrlestra\u00dfe 12\n     81679 M\u00fcnchen\n     Deutschland\n\n2. Art der Kapitalma\u00dfnahme\n\n          Art der Kapitalma\u00dfnahme                 Stand zum \/ Datum der\n                                                  Wirksamkeit\n          Ausgabe von Bezugsaktien (\u00a7 26a Abs.\n          2 WpHG)\n     X    Sonstige Kapitalma\u00dfnahme (\u00a7 26a Abs.    22.06.2017\n          1 WpHG)\n\n3. Neue Gesamtzahl der Stimmrechte:\n\n     9978649\n\n\n---------------------------------------------------------------------------\n\n22.06.2017 Die DGAP Distributionsservices umfassen gesetzliche\nMeldepflichten, Corporate News\/Finanznachrichten und Pressemitteilungen.\nMedienarchiv unter http:\/\/www.dgap.de\n\n---------------------------------------------------------------------------\n\n   Sprache:        Deutsch\n   Unternehmen:    ALLGEIER SE\n                   Wehrlestra\u00dfe 12\n                   81679 M\u00fcnchen\n                   Deutschland\n   Internet:       https:\/\/www.allgeier.com\n\n\n\n   Ende der Mitteilung    DGAP News-Service\n---------------------------------------------------------------------------\n\n585559 22.06.2017\n<\/pre>\n","protected":false},"excerpt":{"rendered":"<p>DGAP Gesamtstimmrechtsmitteilung: ALLGEIER SE \/ Ver\u00f6ffentlichung der Gesamtzahl der Stimmrechte ALLGEIER SE: Ver\u00f6ffentlichung der Gesamtzahl der Stimmrechte nach \u00a7 26a WpHG mit dem Ziel der europaweiten Verbreitung 22.06.2017 \/ 15:47 Ver\u00f6ffentlichung der Gesamtzahl der Stimmrechte \u00fcbermittelt durch DGAP &#8211; ein Service der EQS Group AG. F\u00fcr den Inhalt der Mitteilung ist der Emittent verantwortlich. &#8212;&#8212;&#8212;&#8212;&#8212;&#8212;&#8212;&#8212;&#8212;&#8212;&#8212;&#8212;&#8212;&#8212;&#8212;&#8212;&#8212;&#8212;&#8212;&#8212;&#8212;&#8212;&#8212;&#8212;&#8212; &hellip; <\/p>\n","protected":false},"author":1,"featured_media":0,"parent":0,"menu_order":0,"comment_status":"closed","ping_status":"closed","template":"","meta":{"_acf_changed":false,"footnotes":""},"categories":[],"tags":[],"class_list":["post-2376","page","type-page","status-publish","hentry"],"acf":[],"yoast_head":"<!-- This site is optimized with the Yoast SEO plugin v27.4 - https:\/\/yoast.com\/product\/yoast-seo-wordpress\/ -->\n<title>es-22062017 - Allgeier SE<\/title>\n<meta name=\"robots\" content=\"index, follow, max-snippet:-1, max-image-preview:large, max-video-preview:-1\" \/>\n<link rel=\"canonical\" href=\"https:\/\/www.allgeier.com\/de\/es-22062017\/\" \/>\n<meta property=\"og:locale\" content=\"de_DE\" \/>\n<meta property=\"og:type\" content=\"article\" \/>\n<meta property=\"og:title\" content=\"es-22062017 - Allgeier SE\" \/>\n<meta property=\"og:description\" content=\"DGAP Gesamtstimmrechtsmitteilung: ALLGEIER SE \/ Ver\u00f6ffentlichung der Gesamtzahl der Stimmrechte ALLGEIER SE: Ver\u00f6ffentlichung der Gesamtzahl der Stimmrechte nach \u00a7 26a WpHG mit dem Ziel der europaweiten Verbreitung 22.06.2017 \/ 15:47 Ver\u00f6ffentlichung der Gesamtzahl der Stimmrechte \u00fcbermittelt durch DGAP - ein Service der EQS Group AG. F\u00fcr den Inhalt der Mitteilung ist der Emittent verantwortlich. --------------------------------------------------------------------------- &hellip;\" \/>\n<meta property=\"og:url\" content=\"https:\/\/www.allgeier.com\/de\/es-22062017\/\" \/>\n<meta property=\"og:site_name\" content=\"Allgeier SE\" \/>\n<meta name=\"twitter:card\" content=\"summary_large_image\" \/>\n<meta name=\"twitter:label1\" content=\"Gesch\u00e4tzte Lesezeit\" \/>\n\t<meta name=\"twitter:data1\" content=\"1\u00a0Minute\" \/>\n<script type=\"application\/ld+json\" class=\"yoast-schema-graph\">{\"@context\":\"https:\\\/\\\/schema.org\",\"@graph\":[{\"@type\":\"WebPage\",\"@id\":\"https:\\\/\\\/www.allgeier.com\\\/de\\\/es-22062017\\\/\",\"url\":\"https:\\\/\\\/www.allgeier.com\\\/de\\\/es-22062017\\\/\",\"name\":\"es-22062017 - Allgeier SE\",\"isPartOf\":{\"@id\":\"https:\\\/\\\/www.allgeier.com\\\/de\\\/#website\"},\"datePublished\":\"2017-06-22T15:47:01+00:00\",\"breadcrumb\":{\"@id\":\"https:\\\/\\\/www.allgeier.com\\\/de\\\/es-22062017\\\/#breadcrumb\"},\"inLanguage\":\"de\",\"potentialAction\":[{\"@type\":\"ReadAction\",\"target\":[\"https:\\\/\\\/www.allgeier.com\\\/de\\\/es-22062017\\\/\"]}]},{\"@type\":\"BreadcrumbList\",\"@id\":\"https:\\\/\\\/www.allgeier.com\\\/de\\\/es-22062017\\\/#breadcrumb\",\"itemListElement\":[{\"@type\":\"ListItem\",\"position\":1,\"name\":\"Home\",\"item\":\"https:\\\/\\\/www.allgeier.com\\\/de\\\/\"},{\"@type\":\"ListItem\",\"position\":2,\"name\":\"es-22062017\"}]},{\"@type\":\"WebSite\",\"@id\":\"https:\\\/\\\/www.allgeier.com\\\/de\\\/#website\",\"url\":\"https:\\\/\\\/www.allgeier.com\\\/de\\\/\",\"name\":\"Allgeier SE\",\"description\":\"Software &amp; IT Services for digital transformation\",\"potentialAction\":[{\"@type\":\"SearchAction\",\"target\":{\"@type\":\"EntryPoint\",\"urlTemplate\":\"https:\\\/\\\/www.allgeier.com\\\/de\\\/?s={search_term_string}\"},\"query-input\":{\"@type\":\"PropertyValueSpecification\",\"valueRequired\":true,\"valueName\":\"search_term_string\"}}],\"inLanguage\":\"de\"}]}<\/script>\n<!-- \/ Yoast SEO plugin. -->","yoast_head_json":{"title":"es-22062017 - Allgeier SE","robots":{"index":"index","follow":"follow","max-snippet":"max-snippet:-1","max-image-preview":"max-image-preview:large","max-video-preview":"max-video-preview:-1"},"canonical":"https:\/\/www.allgeier.com\/de\/es-22062017\/","og_locale":"de_DE","og_type":"article","og_title":"es-22062017 - Allgeier SE","og_description":"DGAP Gesamtstimmrechtsmitteilung: ALLGEIER SE \/ Ver\u00f6ffentlichung der Gesamtzahl der Stimmrechte ALLGEIER SE: Ver\u00f6ffentlichung der Gesamtzahl der Stimmrechte nach \u00a7 26a WpHG mit dem Ziel der europaweiten Verbreitung 22.06.2017 \/ 15:47 Ver\u00f6ffentlichung der Gesamtzahl der Stimmrechte \u00fcbermittelt durch DGAP - ein Service der EQS Group AG. F\u00fcr den Inhalt der Mitteilung ist der Emittent verantwortlich. --------------------------------------------------------------------------- &hellip;","og_url":"https:\/\/www.allgeier.com\/de\/es-22062017\/","og_site_name":"Allgeier SE","twitter_card":"summary_large_image","twitter_misc":{"Gesch\u00e4tzte Lesezeit":"1\u00a0Minute"},"schema":{"@context":"https:\/\/schema.org","@graph":[{"@type":"WebPage","@id":"https:\/\/www.allgeier.com\/de\/es-22062017\/","url":"https:\/\/www.allgeier.com\/de\/es-22062017\/","name":"es-22062017 - Allgeier SE","isPartOf":{"@id":"https:\/\/www.allgeier.com\/de\/#website"},"datePublished":"2017-06-22T15:47:01+00:00","breadcrumb":{"@id":"https:\/\/www.allgeier.com\/de\/es-22062017\/#breadcrumb"},"inLanguage":"de","potentialAction":[{"@type":"ReadAction","target":["https:\/\/www.allgeier.com\/de\/es-22062017\/"]}]},{"@type":"BreadcrumbList","@id":"https:\/\/www.allgeier.com\/de\/es-22062017\/#breadcrumb","itemListElement":[{"@type":"ListItem","position":1,"name":"Home","item":"https:\/\/www.allgeier.com\/de\/"},{"@type":"ListItem","position":2,"name":"es-22062017"}]},{"@type":"WebSite","@id":"https:\/\/www.allgeier.com\/de\/#website","url":"https:\/\/www.allgeier.com\/de\/","name":"Allgeier SE","description":"Software &amp; IT Services for digital transformation","potentialAction":[{"@type":"SearchAction","target":{"@type":"EntryPoint","urlTemplate":"https:\/\/www.allgeier.com\/de\/?s={search_term_string}"},"query-input":{"@type":"PropertyValueSpecification","valueRequired":true,"valueName":"search_term_string"}}],"inLanguage":"de"}]}},"_links":{"self":[{"href":"https:\/\/www.allgeier.com\/de\/wp-json\/wp\/v2\/pages\/2376","targetHints":{"allow":["GET"]}}],"collection":[{"href":"https:\/\/www.allgeier.com\/de\/wp-json\/wp\/v2\/pages"}],"about":[{"href":"https:\/\/www.allgeier.com\/de\/wp-json\/wp\/v2\/types\/page"}],"author":[{"embeddable":true,"href":"https:\/\/www.allgeier.com\/de\/wp-json\/wp\/v2\/users\/1"}],"replies":[{"embeddable":true,"href":"https:\/\/www.allgeier.com\/de\/wp-json\/wp\/v2\/comments?post=2376"}],"version-history":[{"count":0,"href":"https:\/\/www.allgeier.com\/de\/wp-json\/wp\/v2\/pages\/2376\/revisions"}],"wp:attachment":[{"href":"https:\/\/www.allgeier.com\/de\/wp-json\/wp\/v2\/media?parent=2376"}],"wp:term":[{"taxonomy":"category","embeddable":true,"href":"https:\/\/www.allgeier.com\/de\/wp-json\/wp\/v2\/categories?post=2376"},{"taxonomy":"post_tag","embeddable":true,"href":"https:\/\/www.allgeier.com\/de\/wp-json\/wp\/v2\/tags?post=2376"}],"curies":[{"name":"wp","href":"https:\/\/api.w.org\/{rel}","templated":true}]}}