{"id":2440,"date":"2017-10-10T17:25:55","date_gmt":"2017-10-10T17:25:55","guid":{"rendered":"https:\/\/www.allgeier.com\/de\/?page_id=2440"},"modified":"2025-02-05T18:36:49","modified_gmt":"2025-02-05T18:36:49","slug":"allgeier-experts-se-neues-fuhrungsteam","status":"publish","type":"page","link":"https:\/\/www.allgeier.com\/de\/pressroom\/press-releases\/allgeier-experts-se-neues-fuhrungsteam\/","title":{"rendered":"Allgeier Experts SE Neues F\u00fchrungsteam"},"content":{"rendered":"<p><em>Wiesbaden, 10. Oktober 2017 \u2013 <\/em>Die Allgeier-Tochtergesellschaft Allgeier Experts SE stellt ihre F\u00fchrung neu auf und setzt dabei auf ein Gesch\u00e4ftsleitungsgremiun. Im Rahmen der strategischen Neuausrichtung des F\u00fchrungsteams wurde Annette Mainka am 09. Oktober 2017 in den Vorstand der Allgeier Experts berufen.<\/p>\n<p>Dort bildet sie ab sofort gemeinsam mit Vorstandskollege Markus Ley und Vertretern der operativen Allgeier Experts-Einheiten das neue Gesch\u00e4ftsleitungsteam. Nach erfolgreicher Konsolidierung der Allgeier Personal Services-Gesellschaften unter der gemeinsamen Dachmarke Allgeier Experts verlassen Dr. Marcus Goedsche, Thomas G\u00f6tzfried und Oliver Starzonek den bisherigen Vorstand.<\/p>\n<p>Hier gelangen Sie zur Pressemitteilung der Allgeier Experts SE:<\/p>\n<p><a href=\"http:\/\/www.allgeier-experts.com\/ueber-uns\/news\/detail\/allgeier-experts-stellt-fuehrung-neu-auf\/\" target=\"_blank\">Allgeier Experts stellt F\u00fchrung neu auf<\/a><\/p>\n<p>&nbsp;<\/p>\n<p><a href=\"https:\/\/www.allgeier.com\/de\/wp-content\/uploads\/sites\/3\/2017\/10\/Annette-Mainka_Markus-Ley_Vorstand-Allgeier-Experts.jpg\" rel=\"attachment wp-att-2441\"><img loading=\"lazy\" decoding=\"async\" class=\"alignnone size-medium wp-image-2441\" src=\"https:\/\/www.allgeier.com\/de\/wp-content\/uploads\/sites\/3\/2017\/10\/Annette-Mainka_Markus-Ley_Vorstand-Allgeier-Experts-300x200.jpg\" alt=\"Annette Mainka_Markus Ley_Vorstand Allgeier Experts\" width=\"300\" height=\"200\" srcset=\"https:\/\/www.allgeier.com\/de\/wp-content\/uploads\/sites\/3\/2017\/10\/Annette-Mainka_Markus-Ley_Vorstand-Allgeier-Experts-300x200.jpg 300w, https:\/\/www.allgeier.com\/de\/wp-content\/uploads\/sites\/3\/2017\/10\/Annette-Mainka_Markus-Ley_Vorstand-Allgeier-Experts-600x400.jpg 600w, https:\/\/www.allgeier.com\/de\/wp-content\/uploads\/sites\/3\/2017\/10\/Annette-Mainka_Markus-Ley_Vorstand-Allgeier-Experts.jpg 630w\" sizes=\"auto, (max-width: 300px) 100vw, 300px\" \/><\/a><\/p>\n","protected":false},"excerpt":{"rendered":"<p>Wiesbaden, 10. Oktober 2017 \u2013 Die Allgeier-Tochtergesellschaft Allgeier Experts SE stellt ihre F\u00fchrung neu auf und setzt dabei auf ein Gesch\u00e4ftsleitungsgremiun. Im Rahmen der strategischen Neuausrichtung des F\u00fchrungsteams wurde Annette Mainka am 09. Oktober 2017 in den Vorstand der Allgeier Experts berufen. Dort bildet sie ab sofort gemeinsam mit Vorstandskollege Markus Ley und Vertretern der &hellip; <\/p>\n","protected":false},"author":4,"featured_media":0,"parent":1169,"menu_order":0,"comment_status":"closed","ping_status":"closed","template":"","meta":{"_acf_changed":false,"footnotes":""},"categories":[7],"tags":[],"class_list":["post-2440","page","type-page","status-publish","hentry","category-pressemitteilungen"],"acf":[],"yoast_head":"<!-- This site is optimized with the Yoast SEO plugin v27.4 - https:\/\/yoast.com\/product\/yoast-seo-wordpress\/ -->\n<title>Allgeier Experts SE Neues F\u00fchrungsteam - Allgeier SE<\/title>\n<meta name=\"robots\" content=\"index, follow, max-snippet:-1, max-image-preview:large, max-video-preview:-1\" \/>\n<link rel=\"canonical\" href=\"https:\/\/www.allgeier.com\/de\/pressroom\/press-releases\/allgeier-experts-se-neues-fuhrungsteam\/\" \/>\n<meta property=\"og:locale\" content=\"de_DE\" \/>\n<meta property=\"og:type\" content=\"article\" \/>\n<meta property=\"og:title\" content=\"Allgeier Experts SE Neues F\u00fchrungsteam - Allgeier SE\" \/>\n<meta property=\"og:description\" content=\"Wiesbaden, 10. Oktober 2017 \u2013 Die Allgeier-Tochtergesellschaft Allgeier Experts SE stellt ihre F\u00fchrung neu auf und setzt dabei auf ein Gesch\u00e4ftsleitungsgremiun. Im Rahmen der strategischen Neuausrichtung des F\u00fchrungsteams wurde Annette Mainka am 09. Oktober 2017 in den Vorstand der Allgeier Experts berufen. Dort bildet sie ab sofort gemeinsam mit Vorstandskollege Markus Ley und Vertretern der &hellip;\" \/>\n<meta property=\"og:url\" content=\"https:\/\/www.allgeier.com\/de\/pressroom\/press-releases\/allgeier-experts-se-neues-fuhrungsteam\/\" \/>\n<meta property=\"og:site_name\" content=\"Allgeier SE\" \/>\n<meta property=\"article:modified_time\" content=\"2025-02-05T18:36:49+00:00\" \/>\n<meta property=\"og:image\" content=\"https:\/\/www.allgeier.com\/de\/wp-content\/uploads\/sites\/3\/2017\/10\/Annette-Mainka_Markus-Ley_Vorstand-Allgeier-Experts.jpg\" \/>\n\t<meta property=\"og:image:width\" content=\"630\" \/>\n\t<meta property=\"og:image:height\" content=\"420\" \/>\n\t<meta property=\"og:image:type\" content=\"image\/jpeg\" \/>\n<meta name=\"twitter:card\" content=\"summary_large_image\" \/>\n<meta name=\"twitter:label1\" content=\"Gesch\u00e4tzte Lesezeit\" \/>\n\t<meta name=\"twitter:data1\" content=\"1\u00a0Minute\" \/>\n<script type=\"application\/ld+json\" class=\"yoast-schema-graph\">{\"@context\":\"https:\\\/\\\/schema.org\",\"@graph\":[{\"@type\":\"WebPage\",\"@id\":\"https:\\\/\\\/www.allgeier.com\\\/de\\\/pressroom\\\/press-releases\\\/allgeier-experts-se-neues-fuhrungsteam\\\/\",\"url\":\"https:\\\/\\\/www.allgeier.com\\\/de\\\/pressroom\\\/press-releases\\\/allgeier-experts-se-neues-fuhrungsteam\\\/\",\"name\":\"Allgeier Experts SE Neues F\u00fchrungsteam - Allgeier SE\",\"isPartOf\":{\"@id\":\"https:\\\/\\\/www.allgeier.com\\\/de\\\/#website\"},\"primaryImageOfPage\":{\"@id\":\"https:\\\/\\\/www.allgeier.com\\\/de\\\/pressroom\\\/press-releases\\\/allgeier-experts-se-neues-fuhrungsteam\\\/#primaryimage\"},\"image\":{\"@id\":\"https:\\\/\\\/www.allgeier.com\\\/de\\\/pressroom\\\/press-releases\\\/allgeier-experts-se-neues-fuhrungsteam\\\/#primaryimage\"},\"thumbnailUrl\":\"https:\\\/\\\/www.allgeier.com\\\/de\\\/wp-content\\\/uploads\\\/sites\\\/3\\\/2017\\\/10\\\/Annette-Mainka_Markus-Ley_Vorstand-Allgeier-Experts-300x200.jpg\",\"datePublished\":\"2017-10-10T17:25:55+00:00\",\"dateModified\":\"2025-02-05T18:36:49+00:00\",\"breadcrumb\":{\"@id\":\"https:\\\/\\\/www.allgeier.com\\\/de\\\/pressroom\\\/press-releases\\\/allgeier-experts-se-neues-fuhrungsteam\\\/#breadcrumb\"},\"inLanguage\":\"de\",\"potentialAction\":[{\"@type\":\"ReadAction\",\"target\":[\"https:\\\/\\\/www.allgeier.com\\\/de\\\/pressroom\\\/press-releases\\\/allgeier-experts-se-neues-fuhrungsteam\\\/\"]}]},{\"@type\":\"ImageObject\",\"inLanguage\":\"de\",\"@id\":\"https:\\\/\\\/www.allgeier.com\\\/de\\\/pressroom\\\/press-releases\\\/allgeier-experts-se-neues-fuhrungsteam\\\/#primaryimage\",\"url\":\"https:\\\/\\\/www.allgeier.com\\\/de\\\/wp-content\\\/uploads\\\/sites\\\/3\\\/2017\\\/10\\\/Annette-Mainka_Markus-Ley_Vorstand-Allgeier-Experts.jpg\",\"contentUrl\":\"https:\\\/\\\/www.allgeier.com\\\/de\\\/wp-content\\\/uploads\\\/sites\\\/3\\\/2017\\\/10\\\/Annette-Mainka_Markus-Ley_Vorstand-Allgeier-Experts.jpg\",\"width\":630,\"height\":420},{\"@type\":\"BreadcrumbList\",\"@id\":\"https:\\\/\\\/www.allgeier.com\\\/de\\\/pressroom\\\/press-releases\\\/allgeier-experts-se-neues-fuhrungsteam\\\/#breadcrumb\",\"itemListElement\":[{\"@type\":\"ListItem\",\"position\":1,\"name\":\"Home\",\"item\":\"https:\\\/\\\/www.allgeier.com\\\/de\\\/\"},{\"@type\":\"ListItem\",\"position\":2,\"name\":\"Presse\",\"item\":\"https:\\\/\\\/www.allgeier.com\\\/de\\\/pressroom\\\/\"},{\"@type\":\"ListItem\",\"position\":3,\"name\":\"Pressemitteilungen\",\"item\":\"https:\\\/\\\/www.allgeier.com\\\/de\\\/pressroom\\\/press-releases\\\/\"},{\"@type\":\"ListItem\",\"position\":4,\"name\":\"Allgeier Experts SE Neues F\u00fchrungsteam\"}]},{\"@type\":\"WebSite\",\"@id\":\"https:\\\/\\\/www.allgeier.com\\\/de\\\/#website\",\"url\":\"https:\\\/\\\/www.allgeier.com\\\/de\\\/\",\"name\":\"Allgeier SE\",\"description\":\"Software &amp; IT Services for digital transformation\",\"potentialAction\":[{\"@type\":\"SearchAction\",\"target\":{\"@type\":\"EntryPoint\",\"urlTemplate\":\"https:\\\/\\\/www.allgeier.com\\\/de\\\/?s={search_term_string}\"},\"query-input\":{\"@type\":\"PropertyValueSpecification\",\"valueRequired\":true,\"valueName\":\"search_term_string\"}}],\"inLanguage\":\"de\"}]}<\/script>\n<!-- \/ Yoast SEO plugin. -->","yoast_head_json":{"title":"Allgeier Experts SE Neues F\u00fchrungsteam - Allgeier SE","robots":{"index":"index","follow":"follow","max-snippet":"max-snippet:-1","max-image-preview":"max-image-preview:large","max-video-preview":"max-video-preview:-1"},"canonical":"https:\/\/www.allgeier.com\/de\/pressroom\/press-releases\/allgeier-experts-se-neues-fuhrungsteam\/","og_locale":"de_DE","og_type":"article","og_title":"Allgeier Experts SE Neues F\u00fchrungsteam - Allgeier SE","og_description":"Wiesbaden, 10. Oktober 2017 \u2013 Die Allgeier-Tochtergesellschaft Allgeier Experts SE stellt ihre F\u00fchrung neu auf und setzt dabei auf ein Gesch\u00e4ftsleitungsgremiun. Im Rahmen der strategischen Neuausrichtung des F\u00fchrungsteams wurde Annette Mainka am 09. Oktober 2017 in den Vorstand der Allgeier Experts berufen. Dort bildet sie ab sofort gemeinsam mit Vorstandskollege Markus Ley und Vertretern der &hellip;","og_url":"https:\/\/www.allgeier.com\/de\/pressroom\/press-releases\/allgeier-experts-se-neues-fuhrungsteam\/","og_site_name":"Allgeier SE","article_modified_time":"2025-02-05T18:36:49+00:00","og_image":[{"width":630,"height":420,"url":"https:\/\/www.allgeier.com\/de\/wp-content\/uploads\/sites\/3\/2017\/10\/Annette-Mainka_Markus-Ley_Vorstand-Allgeier-Experts.jpg","type":"image\/jpeg"}],"twitter_card":"summary_large_image","twitter_misc":{"Gesch\u00e4tzte Lesezeit":"1\u00a0Minute"},"schema":{"@context":"https:\/\/schema.org","@graph":[{"@type":"WebPage","@id":"https:\/\/www.allgeier.com\/de\/pressroom\/press-releases\/allgeier-experts-se-neues-fuhrungsteam\/","url":"https:\/\/www.allgeier.com\/de\/pressroom\/press-releases\/allgeier-experts-se-neues-fuhrungsteam\/","name":"Allgeier Experts SE Neues F\u00fchrungsteam - Allgeier SE","isPartOf":{"@id":"https:\/\/www.allgeier.com\/de\/#website"},"primaryImageOfPage":{"@id":"https:\/\/www.allgeier.com\/de\/pressroom\/press-releases\/allgeier-experts-se-neues-fuhrungsteam\/#primaryimage"},"image":{"@id":"https:\/\/www.allgeier.com\/de\/pressroom\/press-releases\/allgeier-experts-se-neues-fuhrungsteam\/#primaryimage"},"thumbnailUrl":"https:\/\/www.allgeier.com\/de\/wp-content\/uploads\/sites\/3\/2017\/10\/Annette-Mainka_Markus-Ley_Vorstand-Allgeier-Experts-300x200.jpg","datePublished":"2017-10-10T17:25:55+00:00","dateModified":"2025-02-05T18:36:49+00:00","breadcrumb":{"@id":"https:\/\/www.allgeier.com\/de\/pressroom\/press-releases\/allgeier-experts-se-neues-fuhrungsteam\/#breadcrumb"},"inLanguage":"de","potentialAction":[{"@type":"ReadAction","target":["https:\/\/www.allgeier.com\/de\/pressroom\/press-releases\/allgeier-experts-se-neues-fuhrungsteam\/"]}]},{"@type":"ImageObject","inLanguage":"de","@id":"https:\/\/www.allgeier.com\/de\/pressroom\/press-releases\/allgeier-experts-se-neues-fuhrungsteam\/#primaryimage","url":"https:\/\/www.allgeier.com\/de\/wp-content\/uploads\/sites\/3\/2017\/10\/Annette-Mainka_Markus-Ley_Vorstand-Allgeier-Experts.jpg","contentUrl":"https:\/\/www.allgeier.com\/de\/wp-content\/uploads\/sites\/3\/2017\/10\/Annette-Mainka_Markus-Ley_Vorstand-Allgeier-Experts.jpg","width":630,"height":420},{"@type":"BreadcrumbList","@id":"https:\/\/www.allgeier.com\/de\/pressroom\/press-releases\/allgeier-experts-se-neues-fuhrungsteam\/#breadcrumb","itemListElement":[{"@type":"ListItem","position":1,"name":"Home","item":"https:\/\/www.allgeier.com\/de\/"},{"@type":"ListItem","position":2,"name":"Presse","item":"https:\/\/www.allgeier.com\/de\/pressroom\/"},{"@type":"ListItem","position":3,"name":"Pressemitteilungen","item":"https:\/\/www.allgeier.com\/de\/pressroom\/press-releases\/"},{"@type":"ListItem","position":4,"name":"Allgeier Experts SE Neues F\u00fchrungsteam"}]},{"@type":"WebSite","@id":"https:\/\/www.allgeier.com\/de\/#website","url":"https:\/\/www.allgeier.com\/de\/","name":"Allgeier SE","description":"Software &amp; IT Services for digital transformation","potentialAction":[{"@type":"SearchAction","target":{"@type":"EntryPoint","urlTemplate":"https:\/\/www.allgeier.com\/de\/?s={search_term_string}"},"query-input":{"@type":"PropertyValueSpecification","valueRequired":true,"valueName":"search_term_string"}}],"inLanguage":"de"}]}},"_links":{"self":[{"href":"https:\/\/www.allgeier.com\/de\/wp-json\/wp\/v2\/pages\/2440","targetHints":{"allow":["GET"]}}],"collection":[{"href":"https:\/\/www.allgeier.com\/de\/wp-json\/wp\/v2\/pages"}],"about":[{"href":"https:\/\/www.allgeier.com\/de\/wp-json\/wp\/v2\/types\/page"}],"author":[{"embeddable":true,"href":"https:\/\/www.allgeier.com\/de\/wp-json\/wp\/v2\/users\/4"}],"replies":[{"embeddable":true,"href":"https:\/\/www.allgeier.com\/de\/wp-json\/wp\/v2\/comments?post=2440"}],"version-history":[{"count":1,"href":"https:\/\/www.allgeier.com\/de\/wp-json\/wp\/v2\/pages\/2440\/revisions"}],"predecessor-version":[{"id":6147,"href":"https:\/\/www.allgeier.com\/de\/wp-json\/wp\/v2\/pages\/2440\/revisions\/6147"}],"up":[{"embeddable":true,"href":"https:\/\/www.allgeier.com\/de\/wp-json\/wp\/v2\/pages\/1169"}],"wp:attachment":[{"href":"https:\/\/www.allgeier.com\/de\/wp-json\/wp\/v2\/media?parent=2440"}],"wp:term":[{"taxonomy":"category","embeddable":true,"href":"https:\/\/www.allgeier.com\/de\/wp-json\/wp\/v2\/categories?post=2440"},{"taxonomy":"post_tag","embeddable":true,"href":"https:\/\/www.allgeier.com\/de\/wp-json\/wp\/v2\/tags?post=2440"}],"curies":[{"name":"wp","href":"https:\/\/api.w.org\/{rel}","templated":true}]}}