{"id":2571,"date":"2018-07-23T16:51:57","date_gmt":"2018-07-23T16:51:57","guid":{"rendered":"https:\/\/www.allgeier.com\/de\/pressroom\/news\/es-23072018\/"},"modified":"2025-02-05T19:23:17","modified_gmt":"2025-02-05T19:23:17","slug":"es-23072018","status":"publish","type":"page","link":"https:\/\/www.allgeier.com\/de\/pressroom\/news\/es-23072018\/","title":{"rendered":"es-23072018"},"content":{"rendered":"<pre>DGAP-News: ALLGEIER SE \/ Schlagwort(e): Stellungnahme\r\nALLGEIER SE: Erl\u00e4uterung zur Aus\u00fcbung von Aktienoptionen\r\n\r\n23.07.2018 \/ 16:51\r\nF\u00fcr den Inhalt der Mitteilung ist der Emittent \/ Herausgeber verantwortlich.\r\n\r\n---------------------------------------------------------------------------\r\n\r\nM\u00fcnchen, 23. Juli 2018 - Aus Anlass von Nachfragen gibt der Vorstand der\r\nAllgeier SE folgende Erl\u00e4uterung zur Aus\u00fcbung von Aktienoptionen:\r\n\r\nEinzelne Mitglieder des Vorstands der Allgeier SE verf\u00fcgen als Teil ihrer\r\nVerg\u00fctung \u00fcber eine langfristige Komponente in Form von Aktienoptionen. Aus\r\ndem Aktienoptionsplan 2010 wurden im Jahr 2012 insgesamt 380.000\r\nOptionsrechte an Personen ausgegeben, die heute Mitglieder des Vorstands der\r\nAllgeier SE sind. Aus dem Aktienoptionsplan 2014 folgten im Jahr 2017\r\nweitere 140.000 Optionsrechte, f\u00fcr die die Wartefrist noch nicht abgelaufen\r\nist. Die Optionsrechte haben jeweils eine Laufzeit von 10 Jahren und k\u00f6nnen\r\nerst nach der Wartezeit von jeweils 4 Jahren ausge\u00fcbt werden. Die Aus\u00fcbung\r\nist nur innerhalb von 14-t\u00e4gigen Aus\u00fcbungsfenstern nach der Ver\u00f6ffentlichung\r\neines Jahres- oder Halbjahresberichts sowie nach der Ver\u00f6ffentlichung einer\r\nQuartalsmitteilung und der Hauptversammlung m\u00f6glich. Au\u00dferdem unterliegt die\r\nAus\u00fcbung einer j\u00e4hrlichen Beschr\u00e4nkung, so dass die Optionsrechte nur \u00fcber\r\neinen mehrj\u00e4hrigen Zeitraum ausge\u00fcbt werden k\u00f6nnen. Bei der Aus\u00fcbung von\r\nOptionsrechten ist der Aus\u00fcbungspreis an die Allgeier SE zu bezahlen. Der\r\nentstehende Aus\u00fcbungsgewinn unterliegt der pers\u00f6nlichen Einkommenssteuer.\r\nZur Finanzierung von Aus\u00fcbungspreis und Steuerzahlungen ist es im Einzelfall\r\nerforderlich, dass im Zuge der Aus\u00fcbung ein Teil der neu entstehenden Aktien\r\nunmittelbar ver\u00e4u\u00dfert werden. Dies wird mit der Aus\u00fcbung in Auftrag gegeben.\r\nDie Ausf\u00fchrung der Verk\u00e4ufe kann aber bedingt durch eine verz\u00f6gerte Buchung\r\nder neuen Aktien im Depot und durch die Aufnahmef\u00e4higkeit des Marktes im\r\nt\u00e4glichen Handel um einige Tage verz\u00f6gert und in Teilausf\u00fchrungen erfolgen.\r\n\r\nIm laufenden Jahr 2018 haben zwei Mitglieder des Vorstands, Herr Carl Georg\r\nD\u00fcrschmidt und Herr Dr. Marcus Goedsche, bislang jeweils 36.000\r\nOptionsrechte ausge\u00fcbt. Herr Carl Georg D\u00fcrschmidt hat keine der neuen\r\nAktien ver\u00e4u\u00dfert. Herr Dr. Marcus Goedsche hat mit der letzten Aus\u00fcbung von\r\n21.000 Optionsrechten am 10. Juli 2018 zeitgleich die Ver\u00e4u\u00dferung eines\r\nTeils der neuen Aktien (17.000 Aktien) in Auftrag gegeben. Der Verkauf\r\nerfolgte dann nach dem 10. Juli 2018 durch die beauftragte Bank ohne\r\nEinflussnahme des Vorstandsmitglieds. In Summe haben in 2018 also Herr Carl\r\nGeorg D\u00fcrschmidt bislang insgesamt 36.000 neue Aktien und Herr Dr. Marcus\r\nGoedsche nach Abzug der verkauften Aktien insgesamt 19.000 neue Aktien\r\nerworben und halten diese weiterhin. Die entsprechenden Directors' Dealings\r\nMeldungen sind jeweils fristgerecht erfolgt. Insgesamt werden von den\r\nMitgliedern des Vorstands aktuell noch 308.000 Optionsrechte aus dem\r\nAktienoptionsplan 2010 und 140.000 Optionsrechte aus dem Aktienoptionsplan\r\n2014 gehalten. Es werden damit k\u00fcnftig regelm\u00e4\u00dfig weitere Aus\u00fcbungen von\r\nOptionsrechten erfolgen.\r\n\r\nVorstand der Allgeier SE\r\n\r\nKontakt:\r\n\r\nAllgeier SE\r\nCorporate Communications &amp; Investor Relations\r\nDr. Christopher Gro\u00dfe\r\nWehrlestra\u00dfe 12\r\n81679 M\u00fcnchen\r\nTel.: +49 (0)89\/998421-0\r\nFax: +49 (0)89\/998421-11\r\nE-Mail: ir@allgeier.com\r\nWeb: www.allgeier.com\r\n\r\nAllgeier SE ist eines der f\u00fchrenden IT-Unternehmen f\u00fcr digitale\r\nTransformation: Mit einer auf Innovationen und Zukunftstrends ausgerichteten\r\nWachstumsstrategie sowie einem integrativen unternehmerischen Modell\r\nergreift Allgeier die Chancen der Digitalisierung. Vier Segmente mit\r\nindividuellen fachlichen und branchenbezogenen Schwerpunkten arbeiten\r\ngemeinsam f\u00fcr rund 3.000 Kunden aus nahezu allen Branchen. Mit rund 8.000\r\nangestellten Mitarbeitern und mehr als 1.400 freiberuflichen Experten bietet\r\nAllgeier den Kunden als One-Stop-Shop ein umfassendes L\u00f6sungs- und\r\nLeistungsportfolio. Allgeier bildet mit einem hochflexiblen Delivery-Modell\r\ndas komplette IT-Leistungsspektrum von Onsite \u00fcber Nearshore bis hin zu\r\nOffshore ab: Mit starken Standbeinen in Indien und China werden Flexibilit\u00e4t\r\nund h\u00f6chste Skalierbarkeit der Leistungen sowie hochqualifiziertes\r\nExpertenwissen in der High-End-Softwareentwicklung sichergestellt. Zu den\r\nKunden von Allgeier z\u00e4hlen global arbeitende Konzerne genauso wie innovative\r\nmittelst\u00e4ndische Betriebe, die sich durch leistungsstarke IT-L\u00f6sungen,\r\nintelligente Software und flexible Personaldienstleistungen strategische\r\nVorteile sichern wollen. Die stark wachsende Gruppe mit Hauptsitz in M\u00fcnchen\r\nverf\u00fcgt \u00fcber mehr als 120 Niederlassungen in der DACH-Region, zehn weiteren\r\neurop\u00e4ischen L\u00e4ndern sowie in Indien, China, Singapur, Vietnam, Malaysia,\r\nJapan, S\u00fcdafrika, Australien, Mexiko und den USA. Im Gesch\u00e4ftsjahr 2017\r\nerzielte Allgeier im fortgef\u00fchrten Gesch\u00e4ft einen Konzernumsatz von 574 Mio.\r\nEuro. Die Gesellschaft ist am Regulierten Markt der Frankfurter\r\nWertpapierb\u00f6rse im General Standard gelistet (WKN A2GS63, ISIN\r\nDE000A2GS633). Allgeier SE z\u00e4hlt gem\u00e4\u00df L\u00fcnendonk(R)-Liste 2018 zu den zehn\r\nf\u00fchrenden IT-Beratungs- und Systemintegrations-Unternehmen in Deutschland.\r\nIn der L\u00fcnendonk(R)-Sonderanalyse 2017 \"F\u00fchrende deutsche mittelst\u00e4ndische\r\nIT-Beratungs- und Systemintegrations-Unternehmen\" belegt Allgeier den ersten\r\nPlatz. Allgeier Experts ist nach L\u00fcnendonk(R)-Marktsegmentstudie 2017 \"Der\r\nMarkt f\u00fcr Rekrutierung, Vermittlung und Steuerung von IT-Freelancern in\r\nDeutschland\" unter den TOP 3 IT-Personaldienstleistern in Deutschland.\r\nAllgeier SE ist am Regulierten Markt der Frankfurter Wertpapierb\u00f6rse im\r\nGeneral Standard gelistet (WKN A2GS63, ISIN DE000A2GS633). Weitere\r\nInformationen unter: www.allgeier.com.\r\n\r\n\r\n---------------------------------------------------------------------------\r\n\r\n23.07.2018 Ver\u00f6ffentlichung einer Corporate News\/Finanznachricht,\r\n\u00fcbermittelt durch DGAP - ein Service der EQS Group AG.\r\nF\u00fcr den Inhalt der Mitteilung ist der Emittent \/ Herausgeber verantwortlich.\r\n\r\nDie DGAP Distributionsservices umfassen gesetzliche Meldepflichten,\r\nCorporate News\/Finanznachrichten und Pressemitteilungen.\r\nMedienarchiv unter http:\/\/www.dgap.de\r\n\r\n---------------------------------------------------------------------------\r\n\r\n   Sprache:        Deutsch\r\n   Unternehmen:    ALLGEIER SE\r\n                   Wehrlestra\u00dfe 12\r\n                   81679 M\u00fcnchen\r\n                   Deutschland\r\n   Telefon:        +49 (0) 89 - 99 84 21 0\r\n   Fax:            +49 (0) 89 - 99 84 21 11\r\n   E-Mail:         info@allgeier.com\r\n   Internet:       https:\/\/www.allgeier.com\r\n   ISIN:           DE000A2GS633\r\n   WKN:            A2GS63\r\n   Indizes:        CDAX\r\n   B\u00f6rsen:         Regulierter Markt in Frankfurt (General Standard);\r\n                   Freiverkehr in Berlin, D\u00fcsseldorf, Hamburg, Stuttgart,\r\n                   Tradegate Exchange\r\n\r\n\r\n\r\n   Ende der Mitteilung    DGAP News-Service\r\n---------------------------------------------------------------------------\r\n\r\n707109 23.07.2018\r\n<\/pre>\n","protected":false},"excerpt":{"rendered":"<p>DGAP-News: ALLGEIER SE \/ Schlagwort(e): Stellungnahme ALLGEIER SE: Erl\u00e4uterung zur Aus\u00fcbung von Aktienoptionen 23.07.2018 \/ 16:51 F\u00fcr den Inhalt der Mitteilung ist der Emittent \/ Herausgeber verantwortlich. &#8212;&#8212;&#8212;&#8212;&#8212;&#8212;&#8212;&#8212;&#8212;&#8212;&#8212;&#8212;&#8212;&#8212;&#8212;&#8212;&#8212;&#8212;&#8212;&#8212;&#8212;&#8212;&#8212;&#8212;&#8212; M\u00fcnchen, 23. Juli 2018 &#8211; Aus Anlass von Nachfragen gibt der Vorstand der Allgeier SE folgende Erl\u00e4uterung zur Aus\u00fcbung von Aktienoptionen: Einzelne Mitglieder des Vorstands der Allgeier &hellip; <\/p>\n","protected":false},"author":1,"featured_media":0,"parent":1171,"menu_order":0,"comment_status":"closed","ping_status":"closed","template":"","meta":{"_acf_changed":false,"footnotes":""},"categories":[7],"tags":[],"class_list":["post-2571","page","type-page","status-publish","hentry","category-pressemitteilungen"],"acf":[],"yoast_head":"<!-- This site is optimized with the Yoast SEO plugin v27.3 - https:\/\/yoast.com\/product\/yoast-seo-wordpress\/ -->\n<title>es-23072018 - Allgeier SE<\/title>\n<meta name=\"robots\" content=\"index, follow, max-snippet:-1, max-image-preview:large, max-video-preview:-1\" \/>\n<link rel=\"canonical\" href=\"https:\/\/www.allgeier.com\/de\/pressroom\/news\/es-23072018\/\" \/>\n<meta property=\"og:locale\" content=\"de_DE\" \/>\n<meta property=\"og:type\" content=\"article\" \/>\n<meta property=\"og:title\" content=\"es-23072018 - Allgeier SE\" \/>\n<meta property=\"og:description\" content=\"DGAP-News: ALLGEIER SE \/ Schlagwort(e): Stellungnahme ALLGEIER SE: Erl\u00e4uterung zur Aus\u00fcbung von Aktienoptionen 23.07.2018 \/ 16:51 F\u00fcr den Inhalt der Mitteilung ist der Emittent \/ Herausgeber verantwortlich. --------------------------------------------------------------------------- M\u00fcnchen, 23. Juli 2018 - Aus Anlass von Nachfragen gibt der Vorstand der Allgeier SE folgende Erl\u00e4uterung zur Aus\u00fcbung von Aktienoptionen: Einzelne Mitglieder des Vorstands der Allgeier &hellip;\" \/>\n<meta property=\"og:url\" content=\"https:\/\/www.allgeier.com\/de\/pressroom\/news\/es-23072018\/\" \/>\n<meta property=\"og:site_name\" content=\"Allgeier SE\" \/>\n<meta property=\"article:modified_time\" content=\"2025-02-05T19:23:17+00:00\" \/>\n<meta name=\"twitter:card\" content=\"summary_large_image\" \/>\n<script type=\"application\/ld+json\" class=\"yoast-schema-graph\">{\"@context\":\"https:\\\/\\\/schema.org\",\"@graph\":[{\"@type\":\"WebPage\",\"@id\":\"https:\\\/\\\/www.allgeier.com\\\/de\\\/pressroom\\\/news\\\/es-23072018\\\/\",\"url\":\"https:\\\/\\\/www.allgeier.com\\\/de\\\/pressroom\\\/news\\\/es-23072018\\\/\",\"name\":\"es-23072018 - Allgeier SE\",\"isPartOf\":{\"@id\":\"https:\\\/\\\/www.allgeier.com\\\/de\\\/#website\"},\"datePublished\":\"2018-07-23T16:51:57+00:00\",\"dateModified\":\"2025-02-05T19:23:17+00:00\",\"breadcrumb\":{\"@id\":\"https:\\\/\\\/www.allgeier.com\\\/de\\\/pressroom\\\/news\\\/es-23072018\\\/#breadcrumb\"},\"inLanguage\":\"de\",\"potentialAction\":[{\"@type\":\"ReadAction\",\"target\":[\"https:\\\/\\\/www.allgeier.com\\\/de\\\/pressroom\\\/news\\\/es-23072018\\\/\"]}]},{\"@type\":\"BreadcrumbList\",\"@id\":\"https:\\\/\\\/www.allgeier.com\\\/de\\\/pressroom\\\/news\\\/es-23072018\\\/#breadcrumb\",\"itemListElement\":[{\"@type\":\"ListItem\",\"position\":1,\"name\":\"Home\",\"item\":\"https:\\\/\\\/www.allgeier.com\\\/de\\\/\"},{\"@type\":\"ListItem\",\"position\":2,\"name\":\"Presse\",\"item\":\"https:\\\/\\\/www.allgeier.com\\\/de\\\/pressroom\\\/\"},{\"@type\":\"ListItem\",\"position\":3,\"name\":\"News\",\"item\":\"https:\\\/\\\/www.allgeier.com\\\/de\\\/pressroom\\\/news\\\/\"},{\"@type\":\"ListItem\",\"position\":4,\"name\":\"es-23072018\"}]},{\"@type\":\"WebSite\",\"@id\":\"https:\\\/\\\/www.allgeier.com\\\/de\\\/#website\",\"url\":\"https:\\\/\\\/www.allgeier.com\\\/de\\\/\",\"name\":\"Allgeier SE\",\"description\":\"Software &amp; IT Services for digital transformation\",\"potentialAction\":[{\"@type\":\"SearchAction\",\"target\":{\"@type\":\"EntryPoint\",\"urlTemplate\":\"https:\\\/\\\/www.allgeier.com\\\/de\\\/?s={search_term_string}\"},\"query-input\":{\"@type\":\"PropertyValueSpecification\",\"valueRequired\":true,\"valueName\":\"search_term_string\"}}],\"inLanguage\":\"de\"}]}<\/script>\n<!-- \/ Yoast SEO plugin. -->","yoast_head_json":{"title":"es-23072018 - Allgeier SE","robots":{"index":"index","follow":"follow","max-snippet":"max-snippet:-1","max-image-preview":"max-image-preview:large","max-video-preview":"max-video-preview:-1"},"canonical":"https:\/\/www.allgeier.com\/de\/pressroom\/news\/es-23072018\/","og_locale":"de_DE","og_type":"article","og_title":"es-23072018 - Allgeier SE","og_description":"DGAP-News: ALLGEIER SE \/ Schlagwort(e): Stellungnahme ALLGEIER SE: Erl\u00e4uterung zur Aus\u00fcbung von Aktienoptionen 23.07.2018 \/ 16:51 F\u00fcr den Inhalt der Mitteilung ist der Emittent \/ Herausgeber verantwortlich. --------------------------------------------------------------------------- M\u00fcnchen, 23. Juli 2018 - Aus Anlass von Nachfragen gibt der Vorstand der Allgeier SE folgende Erl\u00e4uterung zur Aus\u00fcbung von Aktienoptionen: Einzelne Mitglieder des Vorstands der Allgeier &hellip;","og_url":"https:\/\/www.allgeier.com\/de\/pressroom\/news\/es-23072018\/","og_site_name":"Allgeier SE","article_modified_time":"2025-02-05T19:23:17+00:00","twitter_card":"summary_large_image","schema":{"@context":"https:\/\/schema.org","@graph":[{"@type":"WebPage","@id":"https:\/\/www.allgeier.com\/de\/pressroom\/news\/es-23072018\/","url":"https:\/\/www.allgeier.com\/de\/pressroom\/news\/es-23072018\/","name":"es-23072018 - Allgeier SE","isPartOf":{"@id":"https:\/\/www.allgeier.com\/de\/#website"},"datePublished":"2018-07-23T16:51:57+00:00","dateModified":"2025-02-05T19:23:17+00:00","breadcrumb":{"@id":"https:\/\/www.allgeier.com\/de\/pressroom\/news\/es-23072018\/#breadcrumb"},"inLanguage":"de","potentialAction":[{"@type":"ReadAction","target":["https:\/\/www.allgeier.com\/de\/pressroom\/news\/es-23072018\/"]}]},{"@type":"BreadcrumbList","@id":"https:\/\/www.allgeier.com\/de\/pressroom\/news\/es-23072018\/#breadcrumb","itemListElement":[{"@type":"ListItem","position":1,"name":"Home","item":"https:\/\/www.allgeier.com\/de\/"},{"@type":"ListItem","position":2,"name":"Presse","item":"https:\/\/www.allgeier.com\/de\/pressroom\/"},{"@type":"ListItem","position":3,"name":"News","item":"https:\/\/www.allgeier.com\/de\/pressroom\/news\/"},{"@type":"ListItem","position":4,"name":"es-23072018"}]},{"@type":"WebSite","@id":"https:\/\/www.allgeier.com\/de\/#website","url":"https:\/\/www.allgeier.com\/de\/","name":"Allgeier SE","description":"Software &amp; IT Services for digital transformation","potentialAction":[{"@type":"SearchAction","target":{"@type":"EntryPoint","urlTemplate":"https:\/\/www.allgeier.com\/de\/?s={search_term_string}"},"query-input":{"@type":"PropertyValueSpecification","valueRequired":true,"valueName":"search_term_string"}}],"inLanguage":"de"}]}},"_links":{"self":[{"href":"https:\/\/www.allgeier.com\/de\/wp-json\/wp\/v2\/pages\/2571","targetHints":{"allow":["GET"]}}],"collection":[{"href":"https:\/\/www.allgeier.com\/de\/wp-json\/wp\/v2\/pages"}],"about":[{"href":"https:\/\/www.allgeier.com\/de\/wp-json\/wp\/v2\/types\/page"}],"author":[{"embeddable":true,"href":"https:\/\/www.allgeier.com\/de\/wp-json\/wp\/v2\/users\/1"}],"replies":[{"embeddable":true,"href":"https:\/\/www.allgeier.com\/de\/wp-json\/wp\/v2\/comments?post=2571"}],"version-history":[{"count":0,"href":"https:\/\/www.allgeier.com\/de\/wp-json\/wp\/v2\/pages\/2571\/revisions"}],"up":[{"embeddable":true,"href":"https:\/\/www.allgeier.com\/de\/wp-json\/wp\/v2\/pages\/1171"}],"wp:attachment":[{"href":"https:\/\/www.allgeier.com\/de\/wp-json\/wp\/v2\/media?parent=2571"}],"wp:term":[{"taxonomy":"category","embeddable":true,"href":"https:\/\/www.allgeier.com\/de\/wp-json\/wp\/v2\/categories?post=2571"},{"taxonomy":"post_tag","embeddable":true,"href":"https:\/\/www.allgeier.com\/de\/wp-json\/wp\/v2\/tags?post=2571"}],"curies":[{"name":"wp","href":"https:\/\/api.w.org\/{rel}","templated":true}]}}