{"id":2596,"date":"2018-09-27T12:29:54","date_gmt":"2018-09-27T12:29:54","guid":{"rendered":"https:\/\/www.allgeier.com\/de\/?page_id=2596"},"modified":"2026-04-09T16:28:43","modified_gmt":"2026-04-09T16:28:43","slug":"csr-reporting","status":"publish","type":"page","link":"https:\/\/www.allgeier.com\/de\/investor-relations\/csr-reporting\/","title":{"rendered":"ESG-Berichterstattung"},"content":{"rendered":"<p>Die Struktur der Allgeier-Gruppe und der Managementansatz basieren auf dem Prinzip des nachhaltigen und verantwortungsvollen unternehmerischen Handelns auf allen Ebenen der Gruppe \u2013 von der Konzernholding bis zu den operativen Unternehmenseinheiten der Konzernsegmente und deren Gesellschaften.<\/p>\n<p>Allgeier verdankt seine heutige Marktstellung der unternehmerischen Kraft unserer Gruppengesellschaften, die auf Innovationskraft, Flexibilit\u00e4t und Menschlichkeit aufbaut. Heute verstehen wir uns als global agierender Corporate Citizen als aktiven und verantwortungsvollen Teil unserer Gesellschaft.<\/p>\n<p><strong>Allgeier Nachhaltigkeitsberichterstattung:<br \/>\n<\/strong>Informieren Sie sich in unserem aktuellem<br \/>\n<strong><a href=\"https:\/\/www.allgeier.com\/de\/wp-content\/uploads\/sites\/3\/2026\/03\/Allgeier-SE_Nichtfinanzielle-Konzernerklaerung-2025_DE.pdf\" target=\"_blank\" rel=\"noopener noreferrer\">CSR-Bericht 2026 (Nichtfinanzielle Konzernerkl\u00e4rung f\u00fcr das Gesch\u00e4ftsjahr 2025)<\/a><br \/>\n<\/strong>\u00fcber das Nachhaltigkeitsengagement der Allgeier-Gruppe.<\/p>\n<p>Unsere fr\u00fcheren CSR-Berichte finden Sie hier:<\/p>\n<p><a href=\"https:\/\/www.allgeier.com\/wp-content\/uploads\/2025\/04\/Allgeier-SE_Nichtfinanz_Konzernerklaerung_2024_DE_LOW_DS.pdf\" target=\"_blank\" rel=\"noopener\">Allgeier CSR-Bericht 2025 (Nichtfinanzielle Konzernerkl\u00e4rung f\u00fcr das Gesch\u00e4ftsjahr 2024)<\/a><\/p>\n<p><a href=\"https:\/\/www.allgeier.com\/de\/wp-content\/uploads\/sites\/3\/2024\/05\/Allgeier-SE_CSR_2024_DE_LOW_DS.pdf\" target=\"_blank\" rel=\"noopener\">Allgeier CSR-Bericht 2024<\/a><\/p>\n<p><a href=\"https:\/\/www.allgeier.com\/de\/wp-content\/uploads\/sites\/3\/2023\/05\/Allgeier-SE_CSR_2023_DE_LOW_DS.pdf\" target=\"_blank\" rel=\"noopener noreferrer\">Allgeier CSR-Bericht 2023<\/a><\/p>\n<p><a href=\"https:\/\/www.allgeier.com\/de\/wp-content\/uploads\/sites\/3\/2022\/05\/Allgeier-SE_CSR_2022_DE_LOW_DS.pdf\" target=\"_blank\" rel=\"noopener\">Allgeier CSR-Bericht 2022<\/a><\/p>\n<p><a href=\"https:\/\/www.allgeier.com\/de\/wp-content\/uploads\/sites\/3\/2021\/07\/Allgeier-SE_CSR_2021_DE_LOW_DS.pdf\" target=\"_blank\" rel=\"noopener noreferrer\">Allgeier CSR-Bericht 2021<\/a><\/p>\n<p><a href=\"https:\/\/www.allgeier.com\/de\/wp-content\/uploads\/sites\/3\/2022\/05\/Allgeier_SE_CSR_2020_DE_LOW_DS.pdf\" target=\"_blank\" rel=\"noopener\">Allgeier CSR-Bericht 2020<\/a><\/p>\n","protected":false},"excerpt":{"rendered":"<p>Die Struktur der Allgeier-Gruppe und der Managementansatz basieren auf dem Prinzip des nachhaltigen und verantwortungsvollen unternehmerischen Handelns auf allen Ebenen der Gruppe \u2013 von der Konzernholding bis zu den operativen Unternehmenseinheiten der Konzernsegmente und deren Gesellschaften. Allgeier verdankt seine heutige Marktstellung der unternehmerischen Kraft unserer Gruppengesellschaften, die auf Innovationskraft, Flexibilit\u00e4t und Menschlichkeit aufbaut. Heute verstehen &hellip; <\/p>\n","protected":false},"author":4,"featured_media":0,"parent":1143,"menu_order":0,"comment_status":"closed","ping_status":"closed","template":"","meta":{"_acf_changed":false,"footnotes":""},"categories":[],"tags":[],"class_list":["post-2596","page","type-page","status-publish","hentry"],"acf":[],"yoast_head":"<!-- This site is optimized with the Yoast SEO plugin v27.4 - https:\/\/yoast.com\/product\/yoast-seo-wordpress\/ -->\n<title>ESG-Berichterstattung - Allgeier SE<\/title>\n<meta name=\"robots\" content=\"index, follow, max-snippet:-1, max-image-preview:large, max-video-preview:-1\" \/>\n<link rel=\"canonical\" href=\"https:\/\/www.allgeier.com\/de\/investor-relations\/csr-reporting\/\" \/>\n<meta property=\"og:locale\" content=\"de_DE\" \/>\n<meta property=\"og:type\" content=\"article\" \/>\n<meta property=\"og:title\" content=\"ESG-Berichterstattung - Allgeier SE\" \/>\n<meta property=\"og:description\" content=\"Die Struktur der Allgeier-Gruppe und der Managementansatz basieren auf dem Prinzip des nachhaltigen und verantwortungsvollen unternehmerischen Handelns auf allen Ebenen der Gruppe \u2013 von der Konzernholding bis zu den operativen Unternehmenseinheiten der Konzernsegmente und deren Gesellschaften. Allgeier verdankt seine heutige Marktstellung der unternehmerischen Kraft unserer Gruppengesellschaften, die auf Innovationskraft, Flexibilit\u00e4t und Menschlichkeit aufbaut. Heute verstehen &hellip;\" \/>\n<meta property=\"og:url\" content=\"https:\/\/www.allgeier.com\/de\/investor-relations\/csr-reporting\/\" \/>\n<meta property=\"og:site_name\" content=\"Allgeier SE\" \/>\n<meta property=\"article:modified_time\" content=\"2026-04-09T16:28:43+00:00\" \/>\n<meta name=\"twitter:card\" content=\"summary_large_image\" \/>\n<meta name=\"twitter:label1\" content=\"Gesch\u00e4tzte Lesezeit\" \/>\n\t<meta name=\"twitter:data1\" content=\"1\u00a0Minute\" \/>\n<script type=\"application\/ld+json\" class=\"yoast-schema-graph\">{\"@context\":\"https:\\\/\\\/schema.org\",\"@graph\":[{\"@type\":\"WebPage\",\"@id\":\"https:\\\/\\\/www.allgeier.com\\\/de\\\/investor-relations\\\/csr-reporting\\\/\",\"url\":\"https:\\\/\\\/www.allgeier.com\\\/de\\\/investor-relations\\\/csr-reporting\\\/\",\"name\":\"ESG-Berichterstattung - Allgeier SE\",\"isPartOf\":{\"@id\":\"https:\\\/\\\/www.allgeier.com\\\/de\\\/#website\"},\"datePublished\":\"2018-09-27T12:29:54+00:00\",\"dateModified\":\"2026-04-09T16:28:43+00:00\",\"breadcrumb\":{\"@id\":\"https:\\\/\\\/www.allgeier.com\\\/de\\\/investor-relations\\\/csr-reporting\\\/#breadcrumb\"},\"inLanguage\":\"de\",\"potentialAction\":[{\"@type\":\"ReadAction\",\"target\":[\"https:\\\/\\\/www.allgeier.com\\\/de\\\/investor-relations\\\/csr-reporting\\\/\"]}]},{\"@type\":\"BreadcrumbList\",\"@id\":\"https:\\\/\\\/www.allgeier.com\\\/de\\\/investor-relations\\\/csr-reporting\\\/#breadcrumb\",\"itemListElement\":[{\"@type\":\"ListItem\",\"position\":1,\"name\":\"Home\",\"item\":\"https:\\\/\\\/www.allgeier.com\\\/de\\\/\"},{\"@type\":\"ListItem\",\"position\":2,\"name\":\"Investor Relations\",\"item\":\"https:\\\/\\\/www.allgeier.com\\\/de\\\/investor-relations\\\/\"},{\"@type\":\"ListItem\",\"position\":3,\"name\":\"ESG-Berichterstattung\"}]},{\"@type\":\"WebSite\",\"@id\":\"https:\\\/\\\/www.allgeier.com\\\/de\\\/#website\",\"url\":\"https:\\\/\\\/www.allgeier.com\\\/de\\\/\",\"name\":\"Allgeier SE\",\"description\":\"Software &amp; IT Services for digital transformation\",\"potentialAction\":[{\"@type\":\"SearchAction\",\"target\":{\"@type\":\"EntryPoint\",\"urlTemplate\":\"https:\\\/\\\/www.allgeier.com\\\/de\\\/?s={search_term_string}\"},\"query-input\":{\"@type\":\"PropertyValueSpecification\",\"valueRequired\":true,\"valueName\":\"search_term_string\"}}],\"inLanguage\":\"de\"}]}<\/script>\n<!-- \/ Yoast SEO plugin. -->","yoast_head_json":{"title":"ESG-Berichterstattung - Allgeier SE","robots":{"index":"index","follow":"follow","max-snippet":"max-snippet:-1","max-image-preview":"max-image-preview:large","max-video-preview":"max-video-preview:-1"},"canonical":"https:\/\/www.allgeier.com\/de\/investor-relations\/csr-reporting\/","og_locale":"de_DE","og_type":"article","og_title":"ESG-Berichterstattung - Allgeier SE","og_description":"Die Struktur der Allgeier-Gruppe und der Managementansatz basieren auf dem Prinzip des nachhaltigen und verantwortungsvollen unternehmerischen Handelns auf allen Ebenen der Gruppe \u2013 von der Konzernholding bis zu den operativen Unternehmenseinheiten der Konzernsegmente und deren Gesellschaften. Allgeier verdankt seine heutige Marktstellung der unternehmerischen Kraft unserer Gruppengesellschaften, die auf Innovationskraft, Flexibilit\u00e4t und Menschlichkeit aufbaut. Heute verstehen &hellip;","og_url":"https:\/\/www.allgeier.com\/de\/investor-relations\/csr-reporting\/","og_site_name":"Allgeier SE","article_modified_time":"2026-04-09T16:28:43+00:00","twitter_card":"summary_large_image","twitter_misc":{"Gesch\u00e4tzte Lesezeit":"1\u00a0Minute"},"schema":{"@context":"https:\/\/schema.org","@graph":[{"@type":"WebPage","@id":"https:\/\/www.allgeier.com\/de\/investor-relations\/csr-reporting\/","url":"https:\/\/www.allgeier.com\/de\/investor-relations\/csr-reporting\/","name":"ESG-Berichterstattung - Allgeier SE","isPartOf":{"@id":"https:\/\/www.allgeier.com\/de\/#website"},"datePublished":"2018-09-27T12:29:54+00:00","dateModified":"2026-04-09T16:28:43+00:00","breadcrumb":{"@id":"https:\/\/www.allgeier.com\/de\/investor-relations\/csr-reporting\/#breadcrumb"},"inLanguage":"de","potentialAction":[{"@type":"ReadAction","target":["https:\/\/www.allgeier.com\/de\/investor-relations\/csr-reporting\/"]}]},{"@type":"BreadcrumbList","@id":"https:\/\/www.allgeier.com\/de\/investor-relations\/csr-reporting\/#breadcrumb","itemListElement":[{"@type":"ListItem","position":1,"name":"Home","item":"https:\/\/www.allgeier.com\/de\/"},{"@type":"ListItem","position":2,"name":"Investor Relations","item":"https:\/\/www.allgeier.com\/de\/investor-relations\/"},{"@type":"ListItem","position":3,"name":"ESG-Berichterstattung"}]},{"@type":"WebSite","@id":"https:\/\/www.allgeier.com\/de\/#website","url":"https:\/\/www.allgeier.com\/de\/","name":"Allgeier SE","description":"Software &amp; IT Services for digital transformation","potentialAction":[{"@type":"SearchAction","target":{"@type":"EntryPoint","urlTemplate":"https:\/\/www.allgeier.com\/de\/?s={search_term_string}"},"query-input":{"@type":"PropertyValueSpecification","valueRequired":true,"valueName":"search_term_string"}}],"inLanguage":"de"}]}},"_links":{"self":[{"href":"https:\/\/www.allgeier.com\/de\/wp-json\/wp\/v2\/pages\/2596","targetHints":{"allow":["GET"]}}],"collection":[{"href":"https:\/\/www.allgeier.com\/de\/wp-json\/wp\/v2\/pages"}],"about":[{"href":"https:\/\/www.allgeier.com\/de\/wp-json\/wp\/v2\/types\/page"}],"author":[{"embeddable":true,"href":"https:\/\/www.allgeier.com\/de\/wp-json\/wp\/v2\/users\/4"}],"replies":[{"embeddable":true,"href":"https:\/\/www.allgeier.com\/de\/wp-json\/wp\/v2\/comments?post=2596"}],"version-history":[{"count":1,"href":"https:\/\/www.allgeier.com\/de\/wp-json\/wp\/v2\/pages\/2596\/revisions"}],"predecessor-version":[{"id":6016,"href":"https:\/\/www.allgeier.com\/de\/wp-json\/wp\/v2\/pages\/2596\/revisions\/6016"}],"up":[{"embeddable":true,"href":"https:\/\/www.allgeier.com\/de\/wp-json\/wp\/v2\/pages\/1143"}],"wp:attachment":[{"href":"https:\/\/www.allgeier.com\/de\/wp-json\/wp\/v2\/media?parent=2596"}],"wp:term":[{"taxonomy":"category","embeddable":true,"href":"https:\/\/www.allgeier.com\/de\/wp-json\/wp\/v2\/categories?post=2596"},{"taxonomy":"post_tag","embeddable":true,"href":"https:\/\/www.allgeier.com\/de\/wp-json\/wp\/v2\/tags?post=2596"}],"curies":[{"name":"wp","href":"https:\/\/api.w.org\/{rel}","templated":true}]}}