{"id":2613,"date":"2018-11-08T18:35:06","date_gmt":"2018-11-08T18:35:06","guid":{"rendered":"https:\/\/www.allgeier.com\/de\/?page_id=2613"},"modified":"2025-02-05T18:36:52","modified_gmt":"2025-02-05T18:36:52","slug":"allgeier-und-otto-bock-holding-schliessen-einen-letter-of-intent-zur-zusammenfuhrung-ihrer-sap-und-microsoft-geschaftsbereiche-meilenstein-fur-die-weitere-transformation-der-allgeier-gruppe","status":"publish","type":"page","link":"https:\/\/www.allgeier.com\/de\/pressroom\/press-releases\/allgeier-und-otto-bock-holding-schliessen-einen-letter-of-intent-zur-zusammenfuhrung-ihrer-sap-und-microsoft-geschaftsbereiche-meilenstein-fur-die-weitere-transformation-der-allgeier-gruppe\/","title":{"rendered":"Allgeier und Otto Bock Holding schlie\u00dfen einen Letter of Intent zur Zusammenf\u00fchrung ihrer SAP- und Microsoft-Gesch\u00e4ftsbereiche"},"content":{"rendered":"<p><strong>Meilenstein f\u00fcr die weitere Transformation der Allgeier Gruppe zu einem globalen Software Services-Anbieter<\/strong><\/p>\n<ul>\n<li>Die beiden weltweit agierenden IT-Unternehmen Allgeier Enterprise Services und Sycor planen einen Zusammenschluss unter mehrheitlicher F\u00fchrung von Allgeier<\/li>\n<li>F\u00fcr Allgeier markiert dieser strategische Schritt einen wesentlichen Meilenstein auf dem Weg der weiteren Transformation der Gruppe zu einem globalen Software Services-Anbieter<\/li>\n<\/ul>\n<p><em>M\u00fcnchen und G\u00f6ttingen, 08. November 2018<\/em> \u2013 Die beiden SAP- und Microsoft Software Services- und Beratungsunternehmen Allgeier Enterprise Services und Sycor planen einen Zusammenschluss. Durch den Merger wird das neue Unternehmen unter mehrheitlicher F\u00fchrung von Allgeier zum f\u00fchrenden IT-Business Services-Provider in der DACH-Region und plant bereits 2018 einen Umsatz von mehr als 220 Mio. Euro zu erzielen.<\/p>\n<p>Die Sycor-Muttergesellschaft Otto Bock Holding GmbH &amp; Co. KG und die Allgeier SE haben am heutigen Tag einen Letter of Intent mit dem Ziel unterzeichnet, ihre beiden SAP und Microsoft Business Services-Einheiten zusammenzuf\u00fchren. Mit der \u00dcbereinkunft haben beide Parteien die Voraussetzungen f\u00fcr weitere Schritte im Prozess geschaffen, insbesondere f\u00fcr die beiderseitige Due Diligence. Allgeier und die Otto Bock Holding streben an, die entsprechenden Vertr\u00e4ge bis zum Jahresende abzuschlie\u00dfen.<\/p>\n<p>Durch den Zusammenschluss der beiden f\u00fchrenden IT Services- und Beratungsunternehmen wird ein international ausgerichteter Service Provider mit einem leistungsstarken und umfassenden SAP- und Microsoft-Portfolio entstehen. Das neue Unternehmen deckt die IT-Prozesse gehobener Mittelstandskunden vollst\u00e4ndig ab und fokussiert sich auf Zukunfts- und Wachstumsthemen wie Cloud, S\/4HANA sowie MS Cloud-Technologien. Der Kundenstamm, der im Wesentlichen im oberen Mittelstands- und Enterprise-Umfeld angesiedelt ist, wird durch den Zusammenschluss deutlich ausgebaut. Gemeinsam k\u00f6nnen die beiden Unternehmen mit einer schlagkr\u00e4ftigen Mannschaft aus mehr als 1.500 hochqualifizierten SAP- und Microsoft-Beratern an 50 Standorten im deutschsprachigen Raum, in Frankreich, D\u00e4nemark, China, Singapur, Kanada und den USA ihren Zugang zu den globalen M\u00e4rkten deutlich verbessern. Zusammen haben beide Einheiten Zugriff auf einen Markt mit rund 2.000 Bestandskunden sowie zum weltweiten Allgeier Eco-System als Delivery-Modell f\u00fcr den deutschen Mittelstand. Durch die enge Zusammenarbeit innerhalb der Gruppe bietet Allgeier seinen gehobenen Mittelstandskunden aus der DACH-Region ein regionales Frontend kombiniert mit Offshore und Nearshore Delivery-Modellen aus der Allgeier Gruppe. Ein breites Angebot an eigenen IP-L\u00f6sungen im Business Solutions-Umfeld erg\u00e4nzt das umfassende Portfolio. Auf diese Weise unterst\u00fctzt die neue Einheit die Kunden erfolgreich bei der digitalen Transformation ihrer Gesch\u00e4ftsprozesse.<\/p>\n<p>\u201eMit einer auf Innovation und Zukunftstrends ausgerichteten Wachstumsstrategie werden wir in Zukunft gemeinsam die Chancen der Digitalisierung nutzen\u201c, betont Hubert Rohrer, CEO der Allgeier Enterprise Services und Mitglied des Vorstands der Allgeier SE. \u201eBestandteil dieses Konzeptes ist die Entscheidung, die neue Gesellschaft unter dem Label Sycor als Teil der Allgeier Gruppe auf dem Markt der IT-Digitalisierungsspezialisten zu positionieren\u201c, so Rohrer weiter.<\/p>\n<p>Allgeier Enterprise Services ist eine Division der Allgeier SE, einem der f\u00fchrenden deutschen IT-Unternehmen f\u00fcr digitale Transformation. Die Allgeier SE mit Sitz in M\u00fcnchen ist an 140 Standorten in Europa, Asien, Amerika sowie in Afrika und Australien mit einem hochflexiblen globalen Delivery-Modell vertreten. \u201eDurch diesen Zusammenschluss ergeben sich f\u00fcr Sycor die besten Wachstumsvoraussetzungen\u201c, ordnet Sycor-Gesch\u00e4ftsf\u00fchrer Jochen Schwiersch die neue Situation ein. \u201eAllein durch die Fusion sehen wir uns bereits unter den f\u00fchrenden mittelst\u00e4ndischen deutschen Unternehmen im IT-Beratungsmarkt.\u201c Der Mitbegr\u00fcnder und langj\u00e4hrige Gesch\u00e4ftsf\u00fchrer der Sycor, R\u00fcdiger Krumes, erg\u00e4nzt: \u201eGemeinsam m\u00f6chten wir nun das Ziel verfolgen, Marktf\u00fchrer in diesem Segment zu werden. Das Portfolio der beiden H\u00e4user bietet dazu die beste Voraussetzung, da es sich im Sinne der Anspr\u00fcche unserer Kunden optimal erg\u00e4nzt.\u201c<\/p>\n<p>Das Portfolio umfasst auch zuk\u00fcnftig Beratungsdienstleistungen von der Strategie- und Prozessberatung bis zur Kompletteinf\u00fchrung sowie Managed Services in den Bereichen Application Management, Hosting und Cloud. Ein gewichtiger Entscheidungspunkt f\u00fcr das Verhandlungsteam, das von Prof. N\u00e4der pers\u00f6nlich angef\u00fchrt wurde, war die mit Allgeier geteilte Einsch\u00e4tzung, dass die stark auf Mitarbeiterorientierung basierende Kultur der Sycor erhalten wird, alle bisherigen Mitarbeiter der Sycor ihren Arbeitsplatz behalten und auch zuk\u00fcnftig ma\u00dfgeblich ihren Anteil an der Weiterentwicklung der Sycor tragen k\u00f6nnen.<\/p>\n<p><em><strong>\u00dcber Allgeier SE:<\/strong><\/em><\/p>\n<p><em>Die Allgeier SE ist eines der f\u00fchrenden IT-Unternehmen f\u00fcr digitale Transformation. Mit einer auf Innovation und Zukunftstrends ausgerichteten Wachstumsstrategie sowie einem integrativen unternehmerischen Modell ergreift Allgeier die Chancen der Digitalisierung.<\/em><\/p>\n<p><em>Die vier operativen Divisionen Allgeier Enterprise Services, Allgeier Experts, mgm technology partners und Nagarro gew\u00e4hrleisten f\u00fcr rund 3.000 Kunden aus nahezu allen Branchen ein hohes Ma\u00df an individueller fachlicher und branchenbezogener Spezialisierung.<\/em><\/p>\n<p><em>Mit \u00fcber 9.000 angestellten Mitarbeitern und mehr als 1.300 freiberuflichen Experten bietet Allgeier den Kunden als One-Stop-Shop ein umfassendes L\u00f6sungs- und Leistungsportfolio. Allgeier bildet mit einem hochflexiblen Delivery-Modell das komplette IT-Leistungsspektrum von Onsite \u00fcber Nearshore bis hin zu Offshore ab: Mit starken Standbeinen in Indien und China werden Flexibilit\u00e4t und h\u00f6chste Skalierbarkeit der Leistungen sowie hochqualifiziertes Expertenwissen in der High-End-Softwareentwicklung sichergestellt.<\/em><\/p>\n<p><em>Zu den Kunden von Allgeier z\u00e4hlen global arbeitende Konzerne ebenso wie innovative mittelst\u00e4ndische Betriebe, die sich durch leistungsstarke IT-L\u00f6sungen, intelligente Software und flexible Personaldienstleistungen strategische Vorteile sichern wollen. Die stark wachsende Gruppe mit Hauptsitz in M\u00fcnchen verf\u00fcgt \u00fcber rund 140 Niederlassungen in der DACH-Region, in elf weiteren europ\u00e4ischen L\u00e4ndern sowie in Indien, China, Singapur, Vietnam, Malaysia, Japan, den Vereinigten Arabischen Emiraten, S\u00fcdafrika, Australien, Mexiko und in den USA. Im Gesch\u00e4ftsjahr 2017 erzielte Allgeier im fortgef\u00fchrten Gesch\u00e4ft einen Konzernumsatz von 574 Mio. Euro. Allgeier SE z\u00e4hlt gem\u00e4\u00df L\u00fcnendonk\u00ae-Liste 2018 zu den zehn f\u00fchrenden IT-Beratungs- und Systemintegrations-Unternehmen in Deutschland. Allgeier Experts ist nach L\u00fcnendonk\u00ae-Marktsegmentstudie 2018 \u201eDer Markt f\u00fcr Rekrutierung, Vermittlung und Steuerung von IT-Freelancern in Deutschland\u201c unter den TOP 3 IT-Personaldienstleistern in Deutschland. Allgeier SE ist am Regulierten Markt der Frankfurter Wertpapierb\u00f6rse im General Standard gelistet (WKN A2GS63, ISIN DE000A2GS633). Weitere Informationen unter: www.allgeier.com.<\/em><\/p>\n<p><em><strong>\u00dcber Sycor:<\/strong><\/em><\/p>\n<p><em>Die Sycor Gruppe ist ein Digitalisierungsdienstleister mit weltweit mehr als 750 Mitarbeitern. Mit Hauptsitz in G\u00f6ttingen und weiteren Standorten in Deutschland, \u00d6sterreich, Amerika sowie Asien ist das Unternehmen international leistungsf\u00e4hig. Sycor unterst\u00fctzt Kunden mit bedarfsgerechten IT-Services und -L\u00f6sungen f\u00fcr alle Unternehmensbereiche entlang der gesamten Wertsch\u00f6pfungskette und integriert einzelne L\u00f6sungen harmonisch in bestehende oder baut vollst\u00e4ndig neue Infrastruktur- und Applikationslandschaften auf. Passend zu den Kundenanforderungen setzt Sycor Cloud-, On-Premise- oder Hybrid-L\u00f6sungen um und betreibt sie.<\/em><\/p>\n<p><em>Eigene L\u00f6sungen, vertikale Add-ons und alle Services im Umfeld von SAP ERP- und Microsoft Dynamics 365 geh\u00f6ren genauso zum Angebot wie qualit\u00e4tsgesicherte L\u00f6sungen und Services f\u00fcr IT-Outsourcing, Customer Relationship Management (CRM) und Enterprise Content Management (ECM). Das breite Know-how umfasst auch Unified Communications, Software Asset Management, Lizenzbeschaffungs-Optimierung und Software LifeCycle Management, Security und Netzwerke, Industrie 4.0, Internet of Things (IoT) sowie Big Data. Zudem realisiert Sycor professionelle Webl\u00f6sungen im Bereich von Business-to-Business- und Business-to-Consumer-Applikationen mit ERP- oder CRM-Integration.<\/em><\/p>\n<p><em>Die SYCOR GmbH verf\u00fcgt \u00fcber ein nach DIN EN ISO 9001 zertifiziertes Qualit\u00e4tsmanagement. Das ISO 27001-Zertifikat der Technologie-Sparte ist der Beweis f\u00fcr ein stabil aufgebautes Informationssicherheits-Managementsystem. Sycor ist Gold Partner und Partner Center of Expertise der SAP Deutschland SE. Als Microsoft Partner ist das Unternehmen Cloud Solution Provider, Strategic Development Partner f\u00fcr die Bereiche Vermietung, Handel, Service und Wartung mobiler G\u00fcter sowie Flottenmanagement. Als Experte f\u00fcr die Bereiche Professional Services und Manufacturing ist Sycor Mitglied im Microsoft Dynamics Industry Partner Program (EMEA). Diverse Gold- und Silber-Kompetenzen stehen f\u00fcr die breite Expertise im Microsoft-Umfeld.<\/em><\/p>\n<p><em>2017 hat Sycor ein Umsatzplus von 20 Prozent generiert und den Jahresumsatz auf 85,1 Millionen Euro gesteigert. Au\u00dferdem ist das Unternehmen organisch um 100 Mitarbeiter auf 750 Mitarbeiter weltweit gewachsen. Im August 2017 wurde der 20. Standort der Sycor in Freiburg er\u00f6ffnet; Ende Juni 2018 hat Sycor einen neuen B\u00fcrokomplex am Areal des \u201aAlten G\u00fcterbahnhof\u2018 in G\u00f6ttingen bezogen.<\/em><\/p>\n","protected":false},"excerpt":{"rendered":"<p>Meilenstein f\u00fcr die weitere Transformation der Allgeier Gruppe zu einem globalen Software Services-Anbieter Die beiden weltweit agierenden IT-Unternehmen Allgeier Enterprise Services und Sycor planen einen Zusammenschluss unter mehrheitlicher F\u00fchrung von Allgeier F\u00fcr Allgeier markiert dieser strategische Schritt einen wesentlichen Meilenstein auf dem Weg der weiteren Transformation der Gruppe zu einem globalen Software Services-Anbieter M\u00fcnchen und &hellip; <\/p>\n","protected":false},"author":4,"featured_media":0,"parent":1169,"menu_order":0,"comment_status":"closed","ping_status":"closed","template":"","meta":{"_acf_changed":false,"footnotes":""},"categories":[7],"tags":[],"class_list":["post-2613","page","type-page","status-publish","hentry","category-pressemitteilungen"],"acf":[],"yoast_head":"<!-- This site is optimized with the Yoast SEO plugin v27.4 - https:\/\/yoast.com\/product\/yoast-seo-wordpress\/ -->\n<title>Allgeier und Otto Bock Holding schlie\u00dfen einen Letter of Intent zur Zusammenf\u00fchrung ihrer SAP- und Microsoft-Gesch\u00e4ftsbereiche - Allgeier SE<\/title>\n<meta name=\"robots\" content=\"index, follow, max-snippet:-1, max-image-preview:large, max-video-preview:-1\" \/>\n<link rel=\"canonical\" href=\"https:\/\/www.allgeier.com\/de\/pressroom\/press-releases\/allgeier-und-otto-bock-holding-schliessen-einen-letter-of-intent-zur-zusammenfuhrung-ihrer-sap-und-microsoft-geschaftsbereiche-meilenstein-fur-die-weitere-transformation-der-allgeier-gruppe\/\" \/>\n<meta property=\"og:locale\" content=\"de_DE\" \/>\n<meta property=\"og:type\" content=\"article\" \/>\n<meta property=\"og:title\" content=\"Allgeier und Otto Bock Holding schlie\u00dfen einen Letter of Intent zur Zusammenf\u00fchrung ihrer SAP- und Microsoft-Gesch\u00e4ftsbereiche - Allgeier SE\" \/>\n<meta property=\"og:description\" content=\"Meilenstein f\u00fcr die weitere Transformation der Allgeier Gruppe zu einem globalen Software Services-Anbieter Die beiden weltweit agierenden IT-Unternehmen Allgeier Enterprise Services und Sycor planen einen Zusammenschluss unter mehrheitlicher F\u00fchrung von Allgeier F\u00fcr Allgeier markiert dieser strategische Schritt einen wesentlichen Meilenstein auf dem Weg der weiteren Transformation der Gruppe zu einem globalen Software Services-Anbieter M\u00fcnchen und &hellip;\" \/>\n<meta property=\"og:url\" content=\"https:\/\/www.allgeier.com\/de\/pressroom\/press-releases\/allgeier-und-otto-bock-holding-schliessen-einen-letter-of-intent-zur-zusammenfuhrung-ihrer-sap-und-microsoft-geschaftsbereiche-meilenstein-fur-die-weitere-transformation-der-allgeier-gruppe\/\" \/>\n<meta property=\"og:site_name\" content=\"Allgeier SE\" \/>\n<meta property=\"article:modified_time\" content=\"2025-02-05T18:36:52+00:00\" \/>\n<meta name=\"twitter:card\" content=\"summary_large_image\" \/>\n<meta name=\"twitter:label1\" content=\"Gesch\u00e4tzte Lesezeit\" \/>\n\t<meta name=\"twitter:data1\" content=\"6\u00a0Minuten\" \/>\n<script type=\"application\/ld+json\" class=\"yoast-schema-graph\">{\"@context\":\"https:\\\/\\\/schema.org\",\"@graph\":[{\"@type\":\"WebPage\",\"@id\":\"https:\\\/\\\/www.allgeier.com\\\/de\\\/pressroom\\\/press-releases\\\/allgeier-und-otto-bock-holding-schliessen-einen-letter-of-intent-zur-zusammenfuhrung-ihrer-sap-und-microsoft-geschaftsbereiche-meilenstein-fur-die-weitere-transformation-der-allgeier-gruppe\\\/\",\"url\":\"https:\\\/\\\/www.allgeier.com\\\/de\\\/pressroom\\\/press-releases\\\/allgeier-und-otto-bock-holding-schliessen-einen-letter-of-intent-zur-zusammenfuhrung-ihrer-sap-und-microsoft-geschaftsbereiche-meilenstein-fur-die-weitere-transformation-der-allgeier-gruppe\\\/\",\"name\":\"Allgeier und Otto Bock Holding schlie\u00dfen einen Letter of Intent zur Zusammenf\u00fchrung ihrer SAP- und Microsoft-Gesch\u00e4ftsbereiche - Allgeier SE\",\"isPartOf\":{\"@id\":\"https:\\\/\\\/www.allgeier.com\\\/de\\\/#website\"},\"datePublished\":\"2018-11-08T18:35:06+00:00\",\"dateModified\":\"2025-02-05T18:36:52+00:00\",\"breadcrumb\":{\"@id\":\"https:\\\/\\\/www.allgeier.com\\\/de\\\/pressroom\\\/press-releases\\\/allgeier-und-otto-bock-holding-schliessen-einen-letter-of-intent-zur-zusammenfuhrung-ihrer-sap-und-microsoft-geschaftsbereiche-meilenstein-fur-die-weitere-transformation-der-allgeier-gruppe\\\/#breadcrumb\"},\"inLanguage\":\"de\",\"potentialAction\":[{\"@type\":\"ReadAction\",\"target\":[\"https:\\\/\\\/www.allgeier.com\\\/de\\\/pressroom\\\/press-releases\\\/allgeier-und-otto-bock-holding-schliessen-einen-letter-of-intent-zur-zusammenfuhrung-ihrer-sap-und-microsoft-geschaftsbereiche-meilenstein-fur-die-weitere-transformation-der-allgeier-gruppe\\\/\"]}]},{\"@type\":\"BreadcrumbList\",\"@id\":\"https:\\\/\\\/www.allgeier.com\\\/de\\\/pressroom\\\/press-releases\\\/allgeier-und-otto-bock-holding-schliessen-einen-letter-of-intent-zur-zusammenfuhrung-ihrer-sap-und-microsoft-geschaftsbereiche-meilenstein-fur-die-weitere-transformation-der-allgeier-gruppe\\\/#breadcrumb\",\"itemListElement\":[{\"@type\":\"ListItem\",\"position\":1,\"name\":\"Home\",\"item\":\"https:\\\/\\\/www.allgeier.com\\\/de\\\/\"},{\"@type\":\"ListItem\",\"position\":2,\"name\":\"Presse\",\"item\":\"https:\\\/\\\/www.allgeier.com\\\/de\\\/pressroom\\\/\"},{\"@type\":\"ListItem\",\"position\":3,\"name\":\"Pressemitteilungen\",\"item\":\"https:\\\/\\\/www.allgeier.com\\\/de\\\/pressroom\\\/press-releases\\\/\"},{\"@type\":\"ListItem\",\"position\":4,\"name\":\"Allgeier und Otto Bock Holding schlie\u00dfen einen Letter of Intent zur Zusammenf\u00fchrung ihrer SAP- und Microsoft-Gesch\u00e4ftsbereiche\"}]},{\"@type\":\"WebSite\",\"@id\":\"https:\\\/\\\/www.allgeier.com\\\/de\\\/#website\",\"url\":\"https:\\\/\\\/www.allgeier.com\\\/de\\\/\",\"name\":\"Allgeier SE\",\"description\":\"Software &amp; IT Services for digital transformation\",\"potentialAction\":[{\"@type\":\"SearchAction\",\"target\":{\"@type\":\"EntryPoint\",\"urlTemplate\":\"https:\\\/\\\/www.allgeier.com\\\/de\\\/?s={search_term_string}\"},\"query-input\":{\"@type\":\"PropertyValueSpecification\",\"valueRequired\":true,\"valueName\":\"search_term_string\"}}],\"inLanguage\":\"de\"}]}<\/script>\n<!-- \/ Yoast SEO plugin. -->","yoast_head_json":{"title":"Allgeier und Otto Bock Holding schlie\u00dfen einen Letter of Intent zur Zusammenf\u00fchrung ihrer SAP- und Microsoft-Gesch\u00e4ftsbereiche - Allgeier SE","robots":{"index":"index","follow":"follow","max-snippet":"max-snippet:-1","max-image-preview":"max-image-preview:large","max-video-preview":"max-video-preview:-1"},"canonical":"https:\/\/www.allgeier.com\/de\/pressroom\/press-releases\/allgeier-und-otto-bock-holding-schliessen-einen-letter-of-intent-zur-zusammenfuhrung-ihrer-sap-und-microsoft-geschaftsbereiche-meilenstein-fur-die-weitere-transformation-der-allgeier-gruppe\/","og_locale":"de_DE","og_type":"article","og_title":"Allgeier und Otto Bock Holding schlie\u00dfen einen Letter of Intent zur Zusammenf\u00fchrung ihrer SAP- und Microsoft-Gesch\u00e4ftsbereiche - Allgeier SE","og_description":"Meilenstein f\u00fcr die weitere Transformation der Allgeier Gruppe zu einem globalen Software Services-Anbieter Die beiden weltweit agierenden IT-Unternehmen Allgeier Enterprise Services und Sycor planen einen Zusammenschluss unter mehrheitlicher F\u00fchrung von Allgeier F\u00fcr Allgeier markiert dieser strategische Schritt einen wesentlichen Meilenstein auf dem Weg der weiteren Transformation der Gruppe zu einem globalen Software Services-Anbieter M\u00fcnchen und &hellip;","og_url":"https:\/\/www.allgeier.com\/de\/pressroom\/press-releases\/allgeier-und-otto-bock-holding-schliessen-einen-letter-of-intent-zur-zusammenfuhrung-ihrer-sap-und-microsoft-geschaftsbereiche-meilenstein-fur-die-weitere-transformation-der-allgeier-gruppe\/","og_site_name":"Allgeier SE","article_modified_time":"2025-02-05T18:36:52+00:00","twitter_card":"summary_large_image","twitter_misc":{"Gesch\u00e4tzte Lesezeit":"6\u00a0Minuten"},"schema":{"@context":"https:\/\/schema.org","@graph":[{"@type":"WebPage","@id":"https:\/\/www.allgeier.com\/de\/pressroom\/press-releases\/allgeier-und-otto-bock-holding-schliessen-einen-letter-of-intent-zur-zusammenfuhrung-ihrer-sap-und-microsoft-geschaftsbereiche-meilenstein-fur-die-weitere-transformation-der-allgeier-gruppe\/","url":"https:\/\/www.allgeier.com\/de\/pressroom\/press-releases\/allgeier-und-otto-bock-holding-schliessen-einen-letter-of-intent-zur-zusammenfuhrung-ihrer-sap-und-microsoft-geschaftsbereiche-meilenstein-fur-die-weitere-transformation-der-allgeier-gruppe\/","name":"Allgeier und Otto Bock Holding schlie\u00dfen einen Letter of Intent zur Zusammenf\u00fchrung ihrer SAP- und Microsoft-Gesch\u00e4ftsbereiche - Allgeier SE","isPartOf":{"@id":"https:\/\/www.allgeier.com\/de\/#website"},"datePublished":"2018-11-08T18:35:06+00:00","dateModified":"2025-02-05T18:36:52+00:00","breadcrumb":{"@id":"https:\/\/www.allgeier.com\/de\/pressroom\/press-releases\/allgeier-und-otto-bock-holding-schliessen-einen-letter-of-intent-zur-zusammenfuhrung-ihrer-sap-und-microsoft-geschaftsbereiche-meilenstein-fur-die-weitere-transformation-der-allgeier-gruppe\/#breadcrumb"},"inLanguage":"de","potentialAction":[{"@type":"ReadAction","target":["https:\/\/www.allgeier.com\/de\/pressroom\/press-releases\/allgeier-und-otto-bock-holding-schliessen-einen-letter-of-intent-zur-zusammenfuhrung-ihrer-sap-und-microsoft-geschaftsbereiche-meilenstein-fur-die-weitere-transformation-der-allgeier-gruppe\/"]}]},{"@type":"BreadcrumbList","@id":"https:\/\/www.allgeier.com\/de\/pressroom\/press-releases\/allgeier-und-otto-bock-holding-schliessen-einen-letter-of-intent-zur-zusammenfuhrung-ihrer-sap-und-microsoft-geschaftsbereiche-meilenstein-fur-die-weitere-transformation-der-allgeier-gruppe\/#breadcrumb","itemListElement":[{"@type":"ListItem","position":1,"name":"Home","item":"https:\/\/www.allgeier.com\/de\/"},{"@type":"ListItem","position":2,"name":"Presse","item":"https:\/\/www.allgeier.com\/de\/pressroom\/"},{"@type":"ListItem","position":3,"name":"Pressemitteilungen","item":"https:\/\/www.allgeier.com\/de\/pressroom\/press-releases\/"},{"@type":"ListItem","position":4,"name":"Allgeier und Otto Bock Holding schlie\u00dfen einen Letter of Intent zur Zusammenf\u00fchrung ihrer SAP- und Microsoft-Gesch\u00e4ftsbereiche"}]},{"@type":"WebSite","@id":"https:\/\/www.allgeier.com\/de\/#website","url":"https:\/\/www.allgeier.com\/de\/","name":"Allgeier SE","description":"Software &amp; IT Services for digital transformation","potentialAction":[{"@type":"SearchAction","target":{"@type":"EntryPoint","urlTemplate":"https:\/\/www.allgeier.com\/de\/?s={search_term_string}"},"query-input":{"@type":"PropertyValueSpecification","valueRequired":true,"valueName":"search_term_string"}}],"inLanguage":"de"}]}},"_links":{"self":[{"href":"https:\/\/www.allgeier.com\/de\/wp-json\/wp\/v2\/pages\/2613","targetHints":{"allow":["GET"]}}],"collection":[{"href":"https:\/\/www.allgeier.com\/de\/wp-json\/wp\/v2\/pages"}],"about":[{"href":"https:\/\/www.allgeier.com\/de\/wp-json\/wp\/v2\/types\/page"}],"author":[{"embeddable":true,"href":"https:\/\/www.allgeier.com\/de\/wp-json\/wp\/v2\/users\/4"}],"replies":[{"embeddable":true,"href":"https:\/\/www.allgeier.com\/de\/wp-json\/wp\/v2\/comments?post=2613"}],"version-history":[{"count":1,"href":"https:\/\/www.allgeier.com\/de\/wp-json\/wp\/v2\/pages\/2613\/revisions"}],"predecessor-version":[{"id":6164,"href":"https:\/\/www.allgeier.com\/de\/wp-json\/wp\/v2\/pages\/2613\/revisions\/6164"}],"up":[{"embeddable":true,"href":"https:\/\/www.allgeier.com\/de\/wp-json\/wp\/v2\/pages\/1169"}],"wp:attachment":[{"href":"https:\/\/www.allgeier.com\/de\/wp-json\/wp\/v2\/media?parent=2613"}],"wp:term":[{"taxonomy":"category","embeddable":true,"href":"https:\/\/www.allgeier.com\/de\/wp-json\/wp\/v2\/categories?post=2613"},{"taxonomy":"post_tag","embeddable":true,"href":"https:\/\/www.allgeier.com\/de\/wp-json\/wp\/v2\/tags?post=2613"}],"curies":[{"name":"wp","href":"https:\/\/api.w.org\/{rel}","templated":true}]}}