{"id":2621,"date":"2019-01-15T15:52:02","date_gmt":"2019-01-15T15:52:02","guid":{"rendered":"https:\/\/www.allgeier.com\/de\/?page_id=2621"},"modified":"2025-02-05T18:36:53","modified_gmt":"2025-02-05T18:36:53","slug":"neue-wege-mit-allgeier-experts-se-2019-optimiert-der-personaldienstleister-seine-vertriebs-und-delivery-struktur","status":"publish","type":"page","link":"https:\/\/www.allgeier.com\/de\/pressroom\/press-releases\/neue-wege-mit-allgeier-experts-se-2019-optimiert-der-personaldienstleister-seine-vertriebs-und-delivery-struktur\/","title":{"rendered":"Neue Wege mit Allgeier Experts SE: 2019 optimiert der Personaldienstleister seine Vertriebs- und Delivery-Struktur"},"content":{"rendered":"<p><em>Wiesbaden, 15. Januar 2019 \u2013 <\/em><strong>Die Allgeier Business Unit <\/strong><strong>Allgeier Experts SE agiert seit 2017 als neuer gro\u00dfer Player im deutschen Personaldienstleistungsmarkt. Bis 2018 hat Allgeier Experts seine Kernkompetenzen gestrafft und aus verschiedenen Einzelgesellschaften innerhalb der Allgeier Gruppe eine schlagkr\u00e4ftige Einheit geschaffen. Der Personaldienstleister steht f\u00fcr gesamtheitliche, flexible und individuelle L\u00f6sungen in den Bereichen IT und Engineering. <\/strong><\/p>\n<p>Das Management hat die Vertriebs- und Delivery-Struktur weiter optimiert und bedient den Markt dadurch noch zielgerichteter. Durch den starken Fokus auf Regionen und Branchen intensiviert sich die N\u00e4he zum Kunden und gleichzeitig wird die Leistungstiefe gest\u00e4rkt. Das Portfolio erf\u00e4hrt st\u00e4ndig eine neue Anpassung an die Kundenbedarfe &#8211; insbesondere in den Segmenten Direktvermittlung, IT und Engineering Services. Damit einhergehend werden auch die Systeme und Prozesse kontinuierlich optimiert, um eine skalierbare Infrastruktur f\u00fcr das stetige Umsatzwachstum zu erreichen &#8211; schlie\u00dflich mit dem Ziel, einer signifikanten Produktivit\u00e4ts- und Profitabilit\u00e4tssteigerung.<\/p>\n<p>Das Gesch\u00e4ft ist nachhaltig durch den anhaltenden ungebrochen hohen Bedarf an IT-Spezialisten getrieben, der auch vor dem Hintergrund der Digitalisierung nahezu alle Gesch\u00e4ftsmodelle und Branchen betrifft. Eine zunehmende Herausforderung ist der f\u00fcr den deutschen Markt damit einhergehende erhebliche Mangel an IT-Spezialisten und Ingenieuren. Allgeier Experts hat seit Jahren Investitionen im Bereich des internationalen Recruiting get\u00e4tigt und innovative L\u00f6sungen f\u00fcr die Vorbereitung und Ausbildung von ausl\u00e4ndischen Fachkr\u00e4ften f\u00fcr den deutschen Markt geschaffen.<\/p>\n<p>Das Management hat das Ziel, Allgeier Experts weiter zu formen, um den Wachstumskurs im Umsatz und in der Profitabilit\u00e4t signifikant zu steigern. Somit kann Allgeier Experts als eigenst\u00e4ndiger Top Player im Markt agieren. Auch vor diesem Hintergrund m\u00f6chte sich Allgeier Experts k\u00fcnftig eigenst\u00e4ndiger entwickeln und die Profilsch\u00e4rfe im Markt weiter erh\u00f6hen. Dazu geh\u00f6rt auch die Eigenst\u00e4ndigkeit in der Finanzierung, um deutlich attraktivere Wachstumsschritte durch eigene Akquisitionen und Zusammenschl\u00fcsse mit anderen Unternehmen gehen zu k\u00f6nnen. Bereits im Sommer 2018 wurde kommuniziert, dass Allgeier Experts SE eine gr\u00f6\u00dfere Unabh\u00e4ngigkeit im Laufe des Gesch\u00e4ftsjahres 2019 anstreben wird.<\/p>\n<p>Gemeinsam mit der Gesellschafterin, der Allgeier SE, pr\u00fcft das Management der Allgeier Experts alle ad\u00e4quaten Optionen dahingehend. Dies beinhaltet die Suche nach Partnern mit entsprechender Finanzierungsst\u00e4rke ebenso, wie die Pr\u00fcfung und Vorbereitung der Kapitalmarktoptionen IPO oder Spin-Off in Zusammenarbeit mit Beratern und Banken.<\/p>\n<p>Nach vielen Jahren konstanten Wachstums startet Allgeier Experts, ausgehend von einer Umsatzbasis von mehr als 300 Millionen Euro, im Jahr 2019 in die Phase einer deutlichen Weiterentwicklung &#8211; sowohl organisch als auch durch Akquisitionen sowie auch durch die Verbreiterung und Vertiefung des Angebots.<\/p>\n<p><strong>\u00dcber Allgeier Experts SE<\/strong><\/p>\n<p>Allgeier Experts geh\u00f6rt zu den f\u00fchrenden Personaldienstleistern f\u00fcr IT und Engineering in Deutschland. Wir gestalten die digitale Transformation von morgen: Mit unserem eigenen Pool aus 150.000 hochqualifizierten Experten, eigenen Job-Portalen und Social Professional Networks vermitteln wir Unternehmen die passenden Fachkr\u00e4fte f\u00fcr ihre Projekte \u2013 pers\u00f6nlich, kompetent, professionell. Wir verstehen uns als Dienstleister f\u00fcr unsere Kunden und bieten die passenden Services f\u00fcr technologische Herausforderungen. Das schafft Vertrauen: Mehr als 700 Kunden setzen seit 1987 auf unser Know-how und unsere Experten.<\/p>\n","protected":false},"excerpt":{"rendered":"<p>Wiesbaden, 15. Januar 2019 \u2013 Die Allgeier Business Unit Allgeier Experts SE agiert seit 2017 als neuer gro\u00dfer Player im deutschen Personaldienstleistungsmarkt. Bis 2018 hat Allgeier Experts seine Kernkompetenzen gestrafft und aus verschiedenen Einzelgesellschaften innerhalb der Allgeier Gruppe eine schlagkr\u00e4ftige Einheit geschaffen. Der Personaldienstleister steht f\u00fcr gesamtheitliche, flexible und individuelle L\u00f6sungen in den Bereichen IT &hellip; <\/p>\n","protected":false},"author":4,"featured_media":0,"parent":1169,"menu_order":0,"comment_status":"closed","ping_status":"closed","template":"","meta":{"_acf_changed":false,"footnotes":""},"categories":[7],"tags":[],"class_list":["post-2621","page","type-page","status-publish","hentry","category-pressemitteilungen"],"acf":[],"yoast_head":"<!-- This site is optimized with the Yoast SEO plugin v27.2 - https:\/\/yoast.com\/product\/yoast-seo-wordpress\/ -->\n<title>Neue Wege mit Allgeier Experts SE: 2019 optimiert der Personaldienstleister seine Vertriebs- und Delivery-Struktur - Allgeier SE<\/title>\n<meta name=\"robots\" content=\"index, follow, max-snippet:-1, max-image-preview:large, max-video-preview:-1\" \/>\n<link rel=\"canonical\" href=\"https:\/\/www.allgeier.com\/de\/pressroom\/press-releases\/neue-wege-mit-allgeier-experts-se-2019-optimiert-der-personaldienstleister-seine-vertriebs-und-delivery-struktur\/\" \/>\n<meta property=\"og:locale\" content=\"de_DE\" \/>\n<meta property=\"og:type\" content=\"article\" \/>\n<meta property=\"og:title\" content=\"Neue Wege mit Allgeier Experts SE: 2019 optimiert der Personaldienstleister seine Vertriebs- und Delivery-Struktur - Allgeier SE\" \/>\n<meta property=\"og:description\" content=\"Wiesbaden, 15. Januar 2019 \u2013 Die Allgeier Business Unit Allgeier Experts SE agiert seit 2017 als neuer gro\u00dfer Player im deutschen Personaldienstleistungsmarkt. Bis 2018 hat Allgeier Experts seine Kernkompetenzen gestrafft und aus verschiedenen Einzelgesellschaften innerhalb der Allgeier Gruppe eine schlagkr\u00e4ftige Einheit geschaffen. Der Personaldienstleister steht f\u00fcr gesamtheitliche, flexible und individuelle L\u00f6sungen in den Bereichen IT &hellip;\" \/>\n<meta property=\"og:url\" content=\"https:\/\/www.allgeier.com\/de\/pressroom\/press-releases\/neue-wege-mit-allgeier-experts-se-2019-optimiert-der-personaldienstleister-seine-vertriebs-und-delivery-struktur\/\" \/>\n<meta property=\"og:site_name\" content=\"Allgeier SE\" \/>\n<meta property=\"article:modified_time\" content=\"2025-02-05T18:36:53+00:00\" \/>\n<meta name=\"twitter:card\" content=\"summary_large_image\" \/>\n<meta name=\"twitter:label1\" content=\"Gesch\u00e4tzte Lesezeit\" \/>\n\t<meta name=\"twitter:data1\" content=\"3\u00a0Minuten\" \/>\n<script type=\"application\/ld+json\" class=\"yoast-schema-graph\">{\"@context\":\"https:\/\/schema.org\",\"@graph\":[{\"@type\":\"WebPage\",\"@id\":\"https:\/\/www.allgeier.com\/de\/pressroom\/press-releases\/neue-wege-mit-allgeier-experts-se-2019-optimiert-der-personaldienstleister-seine-vertriebs-und-delivery-struktur\/\",\"url\":\"https:\/\/www.allgeier.com\/de\/pressroom\/press-releases\/neue-wege-mit-allgeier-experts-se-2019-optimiert-der-personaldienstleister-seine-vertriebs-und-delivery-struktur\/\",\"name\":\"Neue Wege mit Allgeier Experts SE: 2019 optimiert der Personaldienstleister seine Vertriebs- und Delivery-Struktur - Allgeier SE\",\"isPartOf\":{\"@id\":\"https:\/\/www.allgeier.com\/de\/#website\"},\"datePublished\":\"2019-01-15T15:52:02+00:00\",\"dateModified\":\"2025-02-05T18:36:53+00:00\",\"breadcrumb\":{\"@id\":\"https:\/\/www.allgeier.com\/de\/pressroom\/press-releases\/neue-wege-mit-allgeier-experts-se-2019-optimiert-der-personaldienstleister-seine-vertriebs-und-delivery-struktur\/#breadcrumb\"},\"inLanguage\":\"de\",\"potentialAction\":[{\"@type\":\"ReadAction\",\"target\":[\"https:\/\/www.allgeier.com\/de\/pressroom\/press-releases\/neue-wege-mit-allgeier-experts-se-2019-optimiert-der-personaldienstleister-seine-vertriebs-und-delivery-struktur\/\"]}]},{\"@type\":\"BreadcrumbList\",\"@id\":\"https:\/\/www.allgeier.com\/de\/pressroom\/press-releases\/neue-wege-mit-allgeier-experts-se-2019-optimiert-der-personaldienstleister-seine-vertriebs-und-delivery-struktur\/#breadcrumb\",\"itemListElement\":[{\"@type\":\"ListItem\",\"position\":1,\"name\":\"Home\",\"item\":\"https:\/\/www.allgeier.com\/de\/\"},{\"@type\":\"ListItem\",\"position\":2,\"name\":\"Presse\",\"item\":\"https:\/\/www.allgeier.com\/de\/pressroom\/\"},{\"@type\":\"ListItem\",\"position\":3,\"name\":\"Pressemitteilungen\",\"item\":\"https:\/\/www.allgeier.com\/de\/pressroom\/press-releases\/\"},{\"@type\":\"ListItem\",\"position\":4,\"name\":\"Neue Wege mit Allgeier Experts SE: 2019 optimiert der Personaldienstleister seine Vertriebs- und Delivery-Struktur\"}]},{\"@type\":\"WebSite\",\"@id\":\"https:\/\/www.allgeier.com\/de\/#website\",\"url\":\"https:\/\/www.allgeier.com\/de\/\",\"name\":\"Allgeier SE\",\"description\":\"Software &amp; IT Services for digital transformation\",\"potentialAction\":[{\"@type\":\"SearchAction\",\"target\":{\"@type\":\"EntryPoint\",\"urlTemplate\":\"https:\/\/www.allgeier.com\/de\/?s={search_term_string}\"},\"query-input\":{\"@type\":\"PropertyValueSpecification\",\"valueRequired\":true,\"valueName\":\"search_term_string\"}}],\"inLanguage\":\"de\"}]}<\/script>\n<!-- \/ Yoast SEO plugin. -->","yoast_head_json":{"title":"Neue Wege mit Allgeier Experts SE: 2019 optimiert der Personaldienstleister seine Vertriebs- und Delivery-Struktur - Allgeier SE","robots":{"index":"index","follow":"follow","max-snippet":"max-snippet:-1","max-image-preview":"max-image-preview:large","max-video-preview":"max-video-preview:-1"},"canonical":"https:\/\/www.allgeier.com\/de\/pressroom\/press-releases\/neue-wege-mit-allgeier-experts-se-2019-optimiert-der-personaldienstleister-seine-vertriebs-und-delivery-struktur\/","og_locale":"de_DE","og_type":"article","og_title":"Neue Wege mit Allgeier Experts SE: 2019 optimiert der Personaldienstleister seine Vertriebs- und Delivery-Struktur - Allgeier SE","og_description":"Wiesbaden, 15. Januar 2019 \u2013 Die Allgeier Business Unit Allgeier Experts SE agiert seit 2017 als neuer gro\u00dfer Player im deutschen Personaldienstleistungsmarkt. Bis 2018 hat Allgeier Experts seine Kernkompetenzen gestrafft und aus verschiedenen Einzelgesellschaften innerhalb der Allgeier Gruppe eine schlagkr\u00e4ftige Einheit geschaffen. Der Personaldienstleister steht f\u00fcr gesamtheitliche, flexible und individuelle L\u00f6sungen in den Bereichen IT &hellip;","og_url":"https:\/\/www.allgeier.com\/de\/pressroom\/press-releases\/neue-wege-mit-allgeier-experts-se-2019-optimiert-der-personaldienstleister-seine-vertriebs-und-delivery-struktur\/","og_site_name":"Allgeier SE","article_modified_time":"2025-02-05T18:36:53+00:00","twitter_card":"summary_large_image","twitter_misc":{"Gesch\u00e4tzte Lesezeit":"3\u00a0Minuten"},"schema":{"@context":"https:\/\/schema.org","@graph":[{"@type":"WebPage","@id":"https:\/\/www.allgeier.com\/de\/pressroom\/press-releases\/neue-wege-mit-allgeier-experts-se-2019-optimiert-der-personaldienstleister-seine-vertriebs-und-delivery-struktur\/","url":"https:\/\/www.allgeier.com\/de\/pressroom\/press-releases\/neue-wege-mit-allgeier-experts-se-2019-optimiert-der-personaldienstleister-seine-vertriebs-und-delivery-struktur\/","name":"Neue Wege mit Allgeier Experts SE: 2019 optimiert der Personaldienstleister seine Vertriebs- und Delivery-Struktur - Allgeier SE","isPartOf":{"@id":"https:\/\/www.allgeier.com\/de\/#website"},"datePublished":"2019-01-15T15:52:02+00:00","dateModified":"2025-02-05T18:36:53+00:00","breadcrumb":{"@id":"https:\/\/www.allgeier.com\/de\/pressroom\/press-releases\/neue-wege-mit-allgeier-experts-se-2019-optimiert-der-personaldienstleister-seine-vertriebs-und-delivery-struktur\/#breadcrumb"},"inLanguage":"de","potentialAction":[{"@type":"ReadAction","target":["https:\/\/www.allgeier.com\/de\/pressroom\/press-releases\/neue-wege-mit-allgeier-experts-se-2019-optimiert-der-personaldienstleister-seine-vertriebs-und-delivery-struktur\/"]}]},{"@type":"BreadcrumbList","@id":"https:\/\/www.allgeier.com\/de\/pressroom\/press-releases\/neue-wege-mit-allgeier-experts-se-2019-optimiert-der-personaldienstleister-seine-vertriebs-und-delivery-struktur\/#breadcrumb","itemListElement":[{"@type":"ListItem","position":1,"name":"Home","item":"https:\/\/www.allgeier.com\/de\/"},{"@type":"ListItem","position":2,"name":"Presse","item":"https:\/\/www.allgeier.com\/de\/pressroom\/"},{"@type":"ListItem","position":3,"name":"Pressemitteilungen","item":"https:\/\/www.allgeier.com\/de\/pressroom\/press-releases\/"},{"@type":"ListItem","position":4,"name":"Neue Wege mit Allgeier Experts SE: 2019 optimiert der Personaldienstleister seine Vertriebs- und Delivery-Struktur"}]},{"@type":"WebSite","@id":"https:\/\/www.allgeier.com\/de\/#website","url":"https:\/\/www.allgeier.com\/de\/","name":"Allgeier SE","description":"Software &amp; IT Services for digital transformation","potentialAction":[{"@type":"SearchAction","target":{"@type":"EntryPoint","urlTemplate":"https:\/\/www.allgeier.com\/de\/?s={search_term_string}"},"query-input":{"@type":"PropertyValueSpecification","valueRequired":true,"valueName":"search_term_string"}}],"inLanguage":"de"}]}},"_links":{"self":[{"href":"https:\/\/www.allgeier.com\/de\/wp-json\/wp\/v2\/pages\/2621","targetHints":{"allow":["GET"]}}],"collection":[{"href":"https:\/\/www.allgeier.com\/de\/wp-json\/wp\/v2\/pages"}],"about":[{"href":"https:\/\/www.allgeier.com\/de\/wp-json\/wp\/v2\/types\/page"}],"author":[{"embeddable":true,"href":"https:\/\/www.allgeier.com\/de\/wp-json\/wp\/v2\/users\/4"}],"replies":[{"embeddable":true,"href":"https:\/\/www.allgeier.com\/de\/wp-json\/wp\/v2\/comments?post=2621"}],"version-history":[{"count":1,"href":"https:\/\/www.allgeier.com\/de\/wp-json\/wp\/v2\/pages\/2621\/revisions"}],"predecessor-version":[{"id":6184,"href":"https:\/\/www.allgeier.com\/de\/wp-json\/wp\/v2\/pages\/2621\/revisions\/6184"}],"up":[{"embeddable":true,"href":"https:\/\/www.allgeier.com\/de\/wp-json\/wp\/v2\/pages\/1169"}],"wp:attachment":[{"href":"https:\/\/www.allgeier.com\/de\/wp-json\/wp\/v2\/media?parent=2621"}],"wp:term":[{"taxonomy":"category","embeddable":true,"href":"https:\/\/www.allgeier.com\/de\/wp-json\/wp\/v2\/categories?post=2621"},{"taxonomy":"post_tag","embeddable":true,"href":"https:\/\/www.allgeier.com\/de\/wp-json\/wp\/v2\/tags?post=2621"}],"curies":[{"name":"wp","href":"https:\/\/api.w.org\/{rel}","templated":true}]}}