{"id":2706,"date":"2019-04-10T12:56:17","date_gmt":"2019-04-10T12:56:17","guid":{"rendered":"https:\/\/www.allgeier.com\/de\/?page_id=2706"},"modified":"2025-02-05T18:36:48","modified_gmt":"2025-02-05T18:36:48","slug":"allgeier-core-betritt-mit-umfassendem-leistungsspektrum-den-informationssicherheits-und-it-markt","status":"publish","type":"page","link":"https:\/\/www.allgeier.com\/de\/pressroom\/press-releases\/allgeier-core-betritt-mit-umfassendem-leistungsspektrum-den-informationssicherheits-und-it-markt\/","title":{"rendered":"Allgeier CORE betritt mit umfassendem Leistungsspektrum den Informationssicherheits- und IT-Markt"},"content":{"rendered":"<p><strong>Geb\u00fcndeltes Expertenwissen f\u00fcr ganzheitliche IT-Sicherheit<\/strong><\/p>\n<p><em>Kronberg i. Ts., 10. April 2019 \u2013 <\/em><strong>Die secion GmbH, die consectra GmbH und die Allgeier ONE AG haben sich zur Allgeier CORE GmbH zusammengeschlossen. Seit Ende Dezember geh\u00f6rt zum neu gegr\u00fcndeten\u00a0 Unternehmen auch die GRC Partner GmbH, die das Portfolio mit ihrer Compliance Management Software\u00a0 DocSetMinder\u00ae sowie umfassendem Know-how im Bereich Governance, Risk &amp; Compliance (GRC) erg\u00e4nzt. Allgeier CORE bietet seinen Kunden ein umfassendes und hochspezialisiertes Leistungs- und Produktportfolio rund um die IT und Informationssicherheit und m\u00f6chte bis Ende 2020 zu einem f\u00fchrenden IT-Security-Dienstleister wachsen. <\/strong><\/p>\n<p>Die stetige Zunahme von Cyberbedrohungen mit immer perfideren und gezielteren Angriffsmethoden der Cyberkriminellen erfordert geeignete Konzepte und wirkungsvolle Gegenma\u00dfnahmen. Mit den wachsenden Anforderungen steigt auch die Nachfrage nach individuell abgestimmten L\u00f6sungen. Denn Unternehmen m\u00fcssen bei ihrer Security-Strategie vielschichtiger und umfassender agieren als zuvor, um alle sicherheitsrelevanten Aspekte ganzheitlich abzudecken. Dazu bedarf es eines umfassenden und kontinuierlichen (IT-)Sicherheitsprozesses im Unternehmen. Genau hier setzt Allgeier CORE an. Das Unternehmen vereint erfahrene Experten aus den Bereichen IT-Sicherheit, GRC, Awareness sowie IT-Forensik und deckt mit Consulting, Operations sowie Response &amp; Emergency die steigenden Beratungsanforderungen des Security-Marktes vollumf\u00e4nglich ab.<\/p>\n<p><strong>\u201eCORE\u201c: C-onsulting, O-perations, R-esponse &amp; E-mergency<\/strong><\/p>\n<p>Allgeier CORE lebt den Slogan \u201eComprehensive IT Security\u201c und steht seinen Kunden bei der Beratung, Planung, Entwicklung und Umsetzung ihrer individuellen Sicherheitsstrategie unterst\u00fctzend zur Seite. Initial identifizieren die Experten beispielsweise mit Hilfe von Penetrationstests und Schwachstellenmanagement fr\u00fchzeitig IT-Sicherheitsl\u00fccken. Dar\u00fcber hinaus ber\u00e4t und schult Allgeier CORE Unternehmen hinsichtlich Mitarbeitersensibilisierung. Neben umfassender Beratung zu Governance, Risk &amp; Compliance (GRC)-Konzepten entwickeln die Consultants passgenaue (IT-)Sicherheitsl\u00f6sungen und begleiten den gesamten Implementierungsprozess. Unabh\u00e4ngig davon, welchen Bereich die Kunden als Einstieg in den<br \/>\nBeratungsprozess w\u00e4hlen, verfolgt Allgeier CORE das Ziel, eine umfassende und kontinuierliche Security-Strategie zu etablieren, um mit pr\u00e4ventiven Ma\u00dfnahmen die firmeninterne (IT-) Sicherheit kurzfristig zu gew\u00e4hrleisten und vor allem langfristig zu erhalten. So sind Unternehmen in der Lage, bei Sicherheitsvorf\u00e4llen schnell und professionell zu reagieren und wirksame Gegenma\u00dfnahmen einzuleiten. Allgeier CORE arbeitet mit namhaften Herstellern wie z. B. Clavister, Rapid7, F-Secure und Sophos zusammen.<\/p>\n<p>\u201eMit dem Zusammenschluss mehrerer leistungsstarker Unternehmen zu Allgeier CORE b\u00fcndeln wir unser Know-how aus verschiedenen Fachbereichen im Security-Umfeld. Wir haben uns das Ziel gesetzt, f\u00fchrender (IT-)Security-Dienstleister in Deutschland zu werden, und streben bis Ende 2020 an, unser Team auf 200 Mitarbeiter zu erweitern. Zudem ist der weitere Ausbau unseres Expertennetzwerkes mit zus\u00e4tzlichen Niederlassungen geplant\u201c, sagt Thomas Brox, Gesch\u00e4ftsf\u00fchrer der Allgeier CORE. \u201eUnser Ziel ist es, in der digitalisierten Welt von heute optimal auf Cyberangriffe vorbereitet zu sein und die firmeninterne IT-Landschaft mit allen vor- und nachgelagerten Prozessen optimal zu sch\u00fctzen.\u201c<\/p>\n<p><strong>Das Allgeier CORE-Leistungsspektrum in Ausz\u00fcgen:<\/strong><\/p>\n<ul>\n<li>Objektive Bewertung der Informationssicherheit von Unternehmen durch Risikoanalysen (RATINGCY Online-Portal)<\/li>\n<li>Erh\u00f6hung der organisatorischen IT-Sicherheit durch IT-Notfallplanung<\/li>\n<li>Beratung hinsichtlich der Anforderungen des BDSG sowie Umsetzung von Datenschutzrichtlinien mittels Compliance Management Software DocSetMinder\u00ae<\/li>\n<li>Einf\u00fchrung und Gestaltung von Information Security Management Systems (ISMS) nach IT-Grundschutz (BSI), ISO\/IEC 27001 oder ISIS12<\/li>\n<li>Schutz von Industrienetzen gegen Schadsoftware und Hackerangriffe<\/li>\n<li>Identifizierung von IT-Sicherheitsl\u00fccken durch Penetrationstests und Schwachstellenmanagement<\/li>\n<li>Automatisierte Gefahrenerkennung durch UBA (User Behavior Analytics)<\/li>\n<li>Mitarbeitersensibilisierung durch Awareness-Trainings und Live Hackings<\/li>\n<li>Beratung hinsichtlich Netzwerksicherheit, Data Loss Prevention, Incident Response, E-Mail-Sicherheit, Intrusion Detection Systeme (IDS) und Endpoint Protection bis hin zu einem effektiven Mobile Device Management<\/li>\n<li>Schnelle und effiziente Analyse und Reaktion bei Sicherheitsvorf\u00e4llen mittels Incident Response Services (CERT)<\/li>\n<li>Digitale Live-Forensik, Post-Mortem-Forensik sowie forensische Dienstleistungen f\u00fcr die Beweissicherung bei Sicherheitsvorf\u00e4llen \u2013 auch f\u00fcr Beh\u00f6rden<\/li>\n<\/ul>\n<p>Weitere Informationen zum Leistungs- und Produktportfolio von Allgeier CORE finden Interessierte auf der Webseite unter <a href=\"https:\/\/www.allgeier-core.com\" target=\"_blank\" rel=\"noopener noreferrer\">www.allgeier-core.com<\/a>.<br \/>\n<em><br \/>\n<\/em><strong>\u00dcber Allgeier CORE:<\/strong><\/p>\n<p>Allgeier CORE ist Teil der international agierenden Unternehmensgruppe Allgeier SE mit Sitz in M\u00fcnchen. In seinem Netzwerk aus erfahrenen IT-Sicherheits- sowie IT-Forensik-Experten vereint Allgeier CORE flexible und modulare Dienstleistungen aus den Bereichen Consulting, Operations sowie Response &amp; Emergency. Durch individuelle ITSicherheitsberatung und Planung pr\u00e4ventiver Ma\u00dfnahmen, Identifizierung von IT-Sicherheitsl\u00fccken sowie Mitarbeitersensibilisierung, aber auch durch die Untersuchung von IT-Sicherheitsvorf\u00e4llen unterst\u00fctzt Allgeier CORE branchen\u00fcbergreifend Unternehmen auf dem Weg zu einer ganzheitlichen IT-Sicherheitsstrategie. Dazu stehen Leistungen wie Basissicherheitschecks, Risikoanalysen, Umsetzung von Datenschutzrichtlinien, ISMS-Implementierung (IT-Grundschutz (BSI), ISO\/IEC 27001, ISIS12), Penetrationstests und Schwachstellenmanagement, Awareness-Trainings sowie verschiedene forensische Dienstleistungen zur Verf\u00fcgung.<\/p>\n<p>&nbsp;<\/p>\n","protected":false},"excerpt":{"rendered":"<p>Geb\u00fcndeltes Expertenwissen f\u00fcr ganzheitliche IT-Sicherheit Kronberg i. Ts., 10. April 2019 \u2013 Die secion GmbH, die consectra GmbH und die Allgeier ONE AG haben sich zur Allgeier CORE GmbH zusammengeschlossen. Seit Ende Dezember geh\u00f6rt zum neu gegr\u00fcndeten\u00a0 Unternehmen auch die GRC Partner GmbH, die das Portfolio mit ihrer Compliance Management Software\u00a0 DocSetMinder\u00ae sowie umfassendem Know-how &hellip; <\/p>\n","protected":false},"author":4,"featured_media":0,"parent":1169,"menu_order":0,"comment_status":"closed","ping_status":"closed","template":"","meta":{"_acf_changed":false,"footnotes":""},"categories":[7],"tags":[],"class_list":["post-2706","page","type-page","status-publish","hentry","category-pressemitteilungen"],"acf":[],"yoast_head":"<!-- This site is optimized with the Yoast SEO plugin v27.4 - https:\/\/yoast.com\/product\/yoast-seo-wordpress\/ -->\n<title>Allgeier CORE betritt mit umfassendem Leistungsspektrum den Informationssicherheits- und IT-Markt - Allgeier SE<\/title>\n<meta name=\"robots\" content=\"index, follow, max-snippet:-1, max-image-preview:large, max-video-preview:-1\" \/>\n<link rel=\"canonical\" href=\"https:\/\/www.allgeier.com\/de\/pressroom\/press-releases\/allgeier-core-betritt-mit-umfassendem-leistungsspektrum-den-informationssicherheits-und-it-markt\/\" \/>\n<meta property=\"og:locale\" content=\"de_DE\" \/>\n<meta property=\"og:type\" content=\"article\" \/>\n<meta property=\"og:title\" content=\"Allgeier CORE betritt mit umfassendem Leistungsspektrum den Informationssicherheits- und IT-Markt - Allgeier SE\" \/>\n<meta property=\"og:description\" content=\"Geb\u00fcndeltes Expertenwissen f\u00fcr ganzheitliche IT-Sicherheit Kronberg i. Ts., 10. April 2019 \u2013 Die secion GmbH, die consectra GmbH und die Allgeier ONE AG haben sich zur Allgeier CORE GmbH zusammengeschlossen. Seit Ende Dezember geh\u00f6rt zum neu gegr\u00fcndeten\u00a0 Unternehmen auch die GRC Partner GmbH, die das Portfolio mit ihrer Compliance Management Software\u00a0 DocSetMinder\u00ae sowie umfassendem Know-how &hellip;\" \/>\n<meta property=\"og:url\" content=\"https:\/\/www.allgeier.com\/de\/pressroom\/press-releases\/allgeier-core-betritt-mit-umfassendem-leistungsspektrum-den-informationssicherheits-und-it-markt\/\" \/>\n<meta property=\"og:site_name\" content=\"Allgeier SE\" \/>\n<meta property=\"article:modified_time\" content=\"2025-02-05T18:36:48+00:00\" \/>\n<meta name=\"twitter:card\" content=\"summary_large_image\" \/>\n<meta name=\"twitter:label1\" content=\"Gesch\u00e4tzte Lesezeit\" \/>\n\t<meta name=\"twitter:data1\" content=\"4\u00a0Minuten\" \/>\n<script type=\"application\/ld+json\" class=\"yoast-schema-graph\">{\"@context\":\"https:\\\/\\\/schema.org\",\"@graph\":[{\"@type\":\"WebPage\",\"@id\":\"https:\\\/\\\/www.allgeier.com\\\/de\\\/pressroom\\\/press-releases\\\/allgeier-core-betritt-mit-umfassendem-leistungsspektrum-den-informationssicherheits-und-it-markt\\\/\",\"url\":\"https:\\\/\\\/www.allgeier.com\\\/de\\\/pressroom\\\/press-releases\\\/allgeier-core-betritt-mit-umfassendem-leistungsspektrum-den-informationssicherheits-und-it-markt\\\/\",\"name\":\"Allgeier CORE betritt mit umfassendem Leistungsspektrum den Informationssicherheits- und IT-Markt - Allgeier SE\",\"isPartOf\":{\"@id\":\"https:\\\/\\\/www.allgeier.com\\\/de\\\/#website\"},\"datePublished\":\"2019-04-10T12:56:17+00:00\",\"dateModified\":\"2025-02-05T18:36:48+00:00\",\"breadcrumb\":{\"@id\":\"https:\\\/\\\/www.allgeier.com\\\/de\\\/pressroom\\\/press-releases\\\/allgeier-core-betritt-mit-umfassendem-leistungsspektrum-den-informationssicherheits-und-it-markt\\\/#breadcrumb\"},\"inLanguage\":\"de\",\"potentialAction\":[{\"@type\":\"ReadAction\",\"target\":[\"https:\\\/\\\/www.allgeier.com\\\/de\\\/pressroom\\\/press-releases\\\/allgeier-core-betritt-mit-umfassendem-leistungsspektrum-den-informationssicherheits-und-it-markt\\\/\"]}]},{\"@type\":\"BreadcrumbList\",\"@id\":\"https:\\\/\\\/www.allgeier.com\\\/de\\\/pressroom\\\/press-releases\\\/allgeier-core-betritt-mit-umfassendem-leistungsspektrum-den-informationssicherheits-und-it-markt\\\/#breadcrumb\",\"itemListElement\":[{\"@type\":\"ListItem\",\"position\":1,\"name\":\"Home\",\"item\":\"https:\\\/\\\/www.allgeier.com\\\/de\\\/\"},{\"@type\":\"ListItem\",\"position\":2,\"name\":\"Presse\",\"item\":\"https:\\\/\\\/www.allgeier.com\\\/de\\\/pressroom\\\/\"},{\"@type\":\"ListItem\",\"position\":3,\"name\":\"Pressemitteilungen\",\"item\":\"https:\\\/\\\/www.allgeier.com\\\/de\\\/pressroom\\\/press-releases\\\/\"},{\"@type\":\"ListItem\",\"position\":4,\"name\":\"Allgeier CORE betritt mit umfassendem Leistungsspektrum den Informationssicherheits- und IT-Markt\"}]},{\"@type\":\"WebSite\",\"@id\":\"https:\\\/\\\/www.allgeier.com\\\/de\\\/#website\",\"url\":\"https:\\\/\\\/www.allgeier.com\\\/de\\\/\",\"name\":\"Allgeier SE\",\"description\":\"Software &amp; IT Services for digital transformation\",\"potentialAction\":[{\"@type\":\"SearchAction\",\"target\":{\"@type\":\"EntryPoint\",\"urlTemplate\":\"https:\\\/\\\/www.allgeier.com\\\/de\\\/?s={search_term_string}\"},\"query-input\":{\"@type\":\"PropertyValueSpecification\",\"valueRequired\":true,\"valueName\":\"search_term_string\"}}],\"inLanguage\":\"de\"}]}<\/script>\n<!-- \/ Yoast SEO plugin. -->","yoast_head_json":{"title":"Allgeier CORE betritt mit umfassendem Leistungsspektrum den Informationssicherheits- und IT-Markt - Allgeier SE","robots":{"index":"index","follow":"follow","max-snippet":"max-snippet:-1","max-image-preview":"max-image-preview:large","max-video-preview":"max-video-preview:-1"},"canonical":"https:\/\/www.allgeier.com\/de\/pressroom\/press-releases\/allgeier-core-betritt-mit-umfassendem-leistungsspektrum-den-informationssicherheits-und-it-markt\/","og_locale":"de_DE","og_type":"article","og_title":"Allgeier CORE betritt mit umfassendem Leistungsspektrum den Informationssicherheits- und IT-Markt - Allgeier SE","og_description":"Geb\u00fcndeltes Expertenwissen f\u00fcr ganzheitliche IT-Sicherheit Kronberg i. Ts., 10. April 2019 \u2013 Die secion GmbH, die consectra GmbH und die Allgeier ONE AG haben sich zur Allgeier CORE GmbH zusammengeschlossen. Seit Ende Dezember geh\u00f6rt zum neu gegr\u00fcndeten\u00a0 Unternehmen auch die GRC Partner GmbH, die das Portfolio mit ihrer Compliance Management Software\u00a0 DocSetMinder\u00ae sowie umfassendem Know-how &hellip;","og_url":"https:\/\/www.allgeier.com\/de\/pressroom\/press-releases\/allgeier-core-betritt-mit-umfassendem-leistungsspektrum-den-informationssicherheits-und-it-markt\/","og_site_name":"Allgeier SE","article_modified_time":"2025-02-05T18:36:48+00:00","twitter_card":"summary_large_image","twitter_misc":{"Gesch\u00e4tzte Lesezeit":"4\u00a0Minuten"},"schema":{"@context":"https:\/\/schema.org","@graph":[{"@type":"WebPage","@id":"https:\/\/www.allgeier.com\/de\/pressroom\/press-releases\/allgeier-core-betritt-mit-umfassendem-leistungsspektrum-den-informationssicherheits-und-it-markt\/","url":"https:\/\/www.allgeier.com\/de\/pressroom\/press-releases\/allgeier-core-betritt-mit-umfassendem-leistungsspektrum-den-informationssicherheits-und-it-markt\/","name":"Allgeier CORE betritt mit umfassendem Leistungsspektrum den Informationssicherheits- und IT-Markt - Allgeier SE","isPartOf":{"@id":"https:\/\/www.allgeier.com\/de\/#website"},"datePublished":"2019-04-10T12:56:17+00:00","dateModified":"2025-02-05T18:36:48+00:00","breadcrumb":{"@id":"https:\/\/www.allgeier.com\/de\/pressroom\/press-releases\/allgeier-core-betritt-mit-umfassendem-leistungsspektrum-den-informationssicherheits-und-it-markt\/#breadcrumb"},"inLanguage":"de","potentialAction":[{"@type":"ReadAction","target":["https:\/\/www.allgeier.com\/de\/pressroom\/press-releases\/allgeier-core-betritt-mit-umfassendem-leistungsspektrum-den-informationssicherheits-und-it-markt\/"]}]},{"@type":"BreadcrumbList","@id":"https:\/\/www.allgeier.com\/de\/pressroom\/press-releases\/allgeier-core-betritt-mit-umfassendem-leistungsspektrum-den-informationssicherheits-und-it-markt\/#breadcrumb","itemListElement":[{"@type":"ListItem","position":1,"name":"Home","item":"https:\/\/www.allgeier.com\/de\/"},{"@type":"ListItem","position":2,"name":"Presse","item":"https:\/\/www.allgeier.com\/de\/pressroom\/"},{"@type":"ListItem","position":3,"name":"Pressemitteilungen","item":"https:\/\/www.allgeier.com\/de\/pressroom\/press-releases\/"},{"@type":"ListItem","position":4,"name":"Allgeier CORE betritt mit umfassendem Leistungsspektrum den Informationssicherheits- und IT-Markt"}]},{"@type":"WebSite","@id":"https:\/\/www.allgeier.com\/de\/#website","url":"https:\/\/www.allgeier.com\/de\/","name":"Allgeier SE","description":"Software &amp; IT Services for digital transformation","potentialAction":[{"@type":"SearchAction","target":{"@type":"EntryPoint","urlTemplate":"https:\/\/www.allgeier.com\/de\/?s={search_term_string}"},"query-input":{"@type":"PropertyValueSpecification","valueRequired":true,"valueName":"search_term_string"}}],"inLanguage":"de"}]}},"_links":{"self":[{"href":"https:\/\/www.allgeier.com\/de\/wp-json\/wp\/v2\/pages\/2706","targetHints":{"allow":["GET"]}}],"collection":[{"href":"https:\/\/www.allgeier.com\/de\/wp-json\/wp\/v2\/pages"}],"about":[{"href":"https:\/\/www.allgeier.com\/de\/wp-json\/wp\/v2\/types\/page"}],"author":[{"embeddable":true,"href":"https:\/\/www.allgeier.com\/de\/wp-json\/wp\/v2\/users\/4"}],"replies":[{"embeddable":true,"href":"https:\/\/www.allgeier.com\/de\/wp-json\/wp\/v2\/comments?post=2706"}],"version-history":[{"count":1,"href":"https:\/\/www.allgeier.com\/de\/wp-json\/wp\/v2\/pages\/2706\/revisions"}],"predecessor-version":[{"id":6143,"href":"https:\/\/www.allgeier.com\/de\/wp-json\/wp\/v2\/pages\/2706\/revisions\/6143"}],"up":[{"embeddable":true,"href":"https:\/\/www.allgeier.com\/de\/wp-json\/wp\/v2\/pages\/1169"}],"wp:attachment":[{"href":"https:\/\/www.allgeier.com\/de\/wp-json\/wp\/v2\/media?parent=2706"}],"wp:term":[{"taxonomy":"category","embeddable":true,"href":"https:\/\/www.allgeier.com\/de\/wp-json\/wp\/v2\/categories?post=2706"},{"taxonomy":"post_tag","embeddable":true,"href":"https:\/\/www.allgeier.com\/de\/wp-json\/wp\/v2\/tags?post=2706"}],"curies":[{"name":"wp","href":"https:\/\/api.w.org\/{rel}","templated":true}]}}