{"id":2721,"date":"2019-05-06T07:06:43","date_gmt":"2019-05-06T07:06:43","guid":{"rendered":"https:\/\/www.allgeier.com\/de\/?page_id=2721"},"modified":"2025-06-02T10:04:17","modified_gmt":"2025-06-02T10:04:17","slug":"special-privacy-policy-for-applicants","status":"publish","type":"page","link":"https:\/\/www.allgeier.com\/de\/privacy-policy\/special-privacy-policy-for-applicants\/","title":{"rendered":"Besondere Datenschutzerkl\u00e4rung f\u00fcr Bewerber"},"content":{"rendered":"<p><strong>Allgeier SE Datenschutzhinweise f\u00fcr Bewerber<\/strong><\/p>\n<p>Nachfolgend m\u00f6chten wir Sie dar\u00fcber informieren, wie wir personenbezogene Daten von Bewerbern verarbeiten. \u201e<strong>Personenbezogene Daten<\/strong>\u201c sind alle Informationen, die sich auf eine identifizierte oder identifizierbare nat\u00fcrliche Person beziehen, also z. B. Name oder Kontaktdaten. Die nat\u00fcrliche Person (auch \u201e<strong>betroffene Person<\/strong>\u201c im Datenschutzrecht genannt) meint im Zusammenhang mit diesen Datenschutzhinweisen den Bewerber<a href=\"#_ftn1\" name=\"_ftnref1\">[1]<\/a>.<\/p>\n<p><strong><u>Wer wir sind<\/u><\/strong><\/p>\n<p>\u201e<strong>Wir<\/strong>\u201c, \u201e<strong>uns<\/strong>\u201c oder \u201e<strong>unser<\/strong>\u201c meint die Allgeier SE, Montgelasstra\u00dfe 14, 81679\u00a0M\u00fcnchen,<br \/>\n+49 89 99 84 21 0, <a href=\"mailto:info@allgeier.com\">info@allgeier.com<\/a> und gleichzeitig den im Sinne des Datenschutzrechts \u201e<strong>Verantwortlichen<\/strong>\u201c f\u00fcr die Datenverarbeitung. Sofern Sie darin einwilligen, dass wir Ihre Bewerbungsunterlagen innerhalb der <strong>Allgeier-Gruppe<\/strong> weiterreichen, meint dies auch unsere gruppenangeh\u00f6rigen Unternehmen, welche Sie unter <a href=\"https:\/\/www.allgeier.com\/de\/who-we-are\/divisions\/\">https:\/\/www.allgeier.com\/de\/who-we-are\/divisions\/<\/a> finden. In diesem Fall agieren wir als \u201e<strong>Gemeinsam Verantwortliche<\/strong>\u201c mit unseren konzernangeh\u00f6rigen Unternehmen. Dabei sind wir f\u00fcr die datenschutzrechtlichen Informationspflichten und etwaige Betroffenenrechte (siehe \u201eIhre Rechte\u201c) zentral zust\u00e4ndig. Als zentrale Anlaufstelle f\u00fcr Ihre Fragen rund um den Datenschutz steht Ihnen deshalb unser Datenschutzbeauftragter zur Verf\u00fcgung. Diesen erreichen Sie unter folgenden Kontaktdaten: SECUWING GmbH &amp; Co. KG, Herr Maximilian Hartung, Frauentorstra\u00dfe 9, 86152 Augsburg, +49 821 90786458, <a href=\"mailto:epost@datenschutz-agentur.de\">epost@datenschutz-agentur.de<\/a>. Sie k\u00f6nnen sich aber auch jederzeit an jeden einzelnen Verantwortlichen wenden.<\/p>\n<p><strong><u>Welche personenbezogenen Daten wir verarbeiten<\/u><\/strong><\/p>\n<p>Wir verarbeiten in erster Linie die personenbezogenen Daten, welche wir von Ihnen direkt erhalten. Beispielsweise die Daten, welche Sie im Rahmen eines Bewerbungsverfahrens an uns schicken oder \u00fcber unsere Bewerberseite hochladen. Dies sind in erster Linie Ihre Kontaktdaten, Angaben zum Lebenslauf, ggf. Zeugnisse, Referenzen. Sofern Ihre Bewerbung \u00fcber einen Personalvermittler oder auf Ihre Veranlassung von einen sonstigen Dritten zu uns kommt, erhalten wir die Angaben zumindest teilweise von diesen. Dar\u00fcber hinaus kann es sein, dass wir im rechtlich zul\u00e4ssigen Rahmen von Ihnen gemachte Angaben im Rahmen des Bewerberverfahrens durch \u00f6ffentlich zug\u00e4ngliche Quellen \u00fcberpr\u00fcfen oder \u2013 mit Ihrer Einwilligung \u2013 Referenzen kontaktieren oder F\u00fchrungszeugnisse erhalten. Sofern Ihnen die externe Quelle nicht ohnehin schon bekannt ist, werden wir Sie dar\u00fcber binnen angemessener Frist, jedoch sp\u00e4testens binnen eines Monats unterrichten, es sei denn eine gesetzliche Ausnahme zur Unterrichtungspflicht greift.<\/p>\n<p><strong><u>F\u00fcr welche Zwecke wir diese verarbeiten <\/u><\/strong><\/p>\n<p>Wir verarbeiten die o. g. Daten f\u00fcr Zwecke der Durchf\u00fchrung des Bewerbungsverfahrens, dazu kann es im Einzelfall auch geh\u00f6ren, dass wir Ihre Angaben auf Richtigkeit \u00fcberpr\u00fcfen. Sofern Ihre Bewerbung erfolgreich ist, verarbeiten wir Ihre Daten auch, um das Arbeitsverh\u00e4ltnis aufzusetzen. Sie k\u00f6nnen dar\u00fcber hinaus bestimmen, ob wir die Angaben ggf. f\u00fcr weitere zuk\u00fcnftige Stellenangebote aufbewahren und\/oder mit weiteren potentiellen Arbeitgebern innerhalb unserer Unternehmensgruppe teilen sollen. Auch dies geschieht dann f\u00fcr die Zwecke der Durchf\u00fchrung eines Bewerberverfahrens. Ferner kann es zu einer weiteren Verarbeitung von personenbezogenen Daten kommen, wenn dies f\u00fcr Zwecke der Geltendmachung, Aus\u00fcbung oder Verteidigung von Rechtsanspr\u00fcchen erforderlich ist.<\/p>\n<p><strong><u>Rechtsgrundlage der Verarbeitung<\/u><\/strong><\/p>\n<p>Die Rechtsgrundlage f\u00fcr die Verarbeitung Ihrer Daten ist in erster Linie Art. 6 Abs. 1 lit. b DS-GVO bzw. \u00a7 26 BDSG, welche die Verarbeitung von personenbezogenen Daten f\u00fcr Zwecke der Vertragserf\u00fcllung oder zur Durchf\u00fchrung vorvertraglicher Ma\u00dfnahmen auf Anfrage der betroffenen Person gestatten. Teilweise gibt es Verarbeitungen, welche durch Art. 6 Abs. 1 lit. f DS-GVO legitimiert sind, d.h. diese sind zur Wahrung berechtigter Interessen des Verantwortlichen oder eines Dritten erforderlich. Hierzu z\u00e4hlen Verarbeitungen, welche zur Geltendmachung, Aus\u00fcbung oder Verteidigung von Rechtsanspr\u00fcchen durch uns erforderlich sind. Sofern wir gesetzlich zu einer Verarbeitung verpflichtet (z. B. aus steuerrechtlichen Gr\u00fcnden) oder berechtigt sind, kann sich eine Rechtsgrundlage auch direkt aus diesem Gesetz ergeben.<\/p>\n<p><strong><u>Empf\u00e4nger von personenbezogenen Daten<\/u><\/strong><\/p>\n<p>Wir teilen Ihre Bewerberdaten grunds\u00e4tzlich nicht mit Dritten, es sei denn, Sie haben darin eingewilligt oder dies ist zur Einhaltung einer gesetzlichen Verpflichtung oder f\u00fcr die Geltendmachung, Aus\u00fcbung oder Verteidigung von Rechtsanspr\u00fcchen erforderlich. Im Rahmen der Verwaltung und Abwicklung unseres Bewerberverfahrens haben wir teilweise Dienstleister eingeschaltet (z. B. das Unternehmen, welches unsere Website hostet). Diese haben wir mit Vertr\u00e4gen zur Auftragsverarbeitung an uns gebunden, d. h. diese verarbeiten personenbezogene Daten ausschlie\u00dflich in unserem Auftrag und auf unsere Weisung hin.<\/p>\n<p><strong><u>\u00dcbermittlung in ein Drittland<\/u><\/strong><\/p>\n<p>Eine \u00dcbermittlung von personenbezogenen Daten in ein Land au\u00dferhalb der Europ\u00e4ischen Union (EU) oder des Europ\u00e4ischen Wirtschaftsraums (EWR) ist nur zul\u00e4ssig, wenn das Land \u00fcber ein von der EU Kommission anerkanntes Datenschutzniveau verf\u00fcgt oder sonst geeignete Garantien vorgesehen sind oder eine gesetzliche Ausnahme f\u00fcr bestimmte F\u00e4lle greift (Art. 49 DS-GVO). Zu einer \u00dcbermittlung Ihrer Bewerberdaten in ein sog. Drittland kommt es nur, wenn der potentielle Arbeitgeber innerhalb unserer Gruppe in einem solchen Drittland niedergelassen ist oder dies auf einen unserer Auftragsverarbeiter zutrifft. In beiden F\u00e4llen stellen wir sicher, dass entweder das Empf\u00e4ngerland \u00fcber eine von der EU Kommission anerkanntes angemessenes Datenschutzniveau verf\u00fcgt oder geeignete Garantien, wie z. B. sog. Standarddatenschutzklauseln vereinbart sind.<\/p>\n<p><strong><u>Speicherdauer<\/u><\/strong><\/p>\n<p>Wir bewahren Ihre personenbezogenen Daten f\u00fcr die Dauer des Bewerbungsverfahrens bzw. f\u00fcr die in Ihrer Einwilligung angegebene Dauer auf. Etwaige Originalunterlagen senden wir nach Abschluss des Bewerberverfahrens zu unserer Entlastung an Sie zur\u00fcck. Dar\u00fcber hinaus l\u00f6schen\/vernichten wir Ihre personenbezogenen Daten, es sei denn eine weitere Speicherung ist f\u00fcr Zwecke der Geltendmachung, Aus\u00fcbung oder Verteidigung von Rechtsanspr\u00fcchen oder aufgrund einer rechtlichen Verpflichtung erforderlich (z. B. steuer- oder handelsrechtliche Aufbewahrungspflichten).<\/p>\n<p><strong><u>Ihre Rechte<\/u><\/strong><\/p>\n<p>Nach den datenschutzrechtlichen Vorschriften k\u00f6nnen Ihnen je nach Sachlage ggf. die nachfolgenden Rechte zustehen:<\/p>\n<ul>\n<li>Recht auf Auskunft \u00fcber, Berichtigung oder L\u00f6schung personenbezogenen Daten, Rechte auf Einschr\u00e4nkung der Verarbeitung.<\/li>\n<li>Recht auf Daten\u00fcbertragung.<\/li>\n<li><strong>Recht zum Widerspruch:<\/strong> Wenn die Verarbeitung Ihrer personenbezogenen Daten auf dem berechtigten Interesse des f\u00fcr die Verarbeitung Verantwortlichen beruht (Art. 6 Abs. 1 lit. f DS-GVO) oder f\u00fcr die Wahrnehmung einer Aufgabe, die im \u00f6ffentlichen Interesse liegt oder in Aus\u00fcbung \u00f6ffentlicher Gewalt erfolgt, die dem Verantwortlichen \u00fcbertragen wurde (Art. 6 Abs. 1 lit. e DSGVO), haben Sie das Recht, der Verarbeitung aus Gr\u00fcnden, die sich auf Ihre besondere Situation beziehen, zu widersprechen.<\/li>\n<li>Wenn die Verarbeitung Ihrer personenbezogenen Daten auf einer Einwilligung beruht, haben Sie das Recht, Ihre Einwilligung jederzeit zu widerrufen, ohne dass hierdurch die Rechtm\u00e4\u00dfigkeit der Verarbeitung aufgrund der Einwilligung vor deren Widerruf beeintr\u00e4chtigt wird.<\/li>\n<li>Sie haben auch das Recht, eine Beschwerde bei einer Aufsichtsbeh\u00f6rde einzureichen.<\/li>\n<li>Automatisierte Entscheidungsfindungen finden nicht statt.<\/li>\n<\/ul>\n<p>Wenn Sie Fragen oder Bedenken bez\u00fcglich der Verarbeitung Ihrer personenbezogenen Daten haben, wenden Sie sich gerne an unseren Datenschutzbeauftragten. Sie k\u00f6nnen Ihre Rechte auch aus\u00fcben, indem Sie eine E-Mail an <a href=\"mailto:bewerbung@allgeier.com\">bewerbung@allgeier.com<\/a> senden.<\/p>\n<p><a href=\"#_ftnref1\" name=\"_ftn1\">[1]<\/a> Aus Gr\u00fcnden der Vereinfachung wird im Text nur die m\u00e4nnliche Form verwendet wird, nichtsdestotrotz beziehen sich die Angaben auf alle Geschlechter.<\/p>\n<p>&nbsp;<\/p>\n","protected":false},"excerpt":{"rendered":"<p>Allgeier SE Datenschutzhinweise f\u00fcr Bewerber Nachfolgend m\u00f6chten wir Sie dar\u00fcber informieren, wie wir personenbezogene Daten von Bewerbern verarbeiten. \u201ePersonenbezogene Daten\u201c sind alle Informationen, die sich auf eine identifizierte oder identifizierbare nat\u00fcrliche Person beziehen, also z. B. Name oder Kontaktdaten. Die nat\u00fcrliche Person (auch \u201ebetroffene Person\u201c im Datenschutzrecht genannt) meint im Zusammenhang mit diesen Datenschutzhinweisen den &hellip; <\/p>\n","protected":false},"author":1,"featured_media":0,"parent":329,"menu_order":0,"comment_status":"closed","ping_status":"closed","template":"","meta":{"_acf_changed":false,"footnotes":""},"categories":[],"tags":[],"class_list":["post-2721","page","type-page","status-publish","hentry"],"acf":[],"yoast_head":"<!-- This site is optimized with the Yoast SEO plugin v27.3 - https:\/\/yoast.com\/product\/yoast-seo-wordpress\/ -->\n<title>Besondere Datenschutzerkl\u00e4rung f\u00fcr Bewerber - Allgeier SE<\/title>\n<meta name=\"robots\" content=\"index, follow, max-snippet:-1, max-image-preview:large, max-video-preview:-1\" \/>\n<link rel=\"canonical\" href=\"https:\/\/www.allgeier.com\/de\/privacy-policy\/special-privacy-policy-for-applicants\/\" \/>\n<meta property=\"og:locale\" content=\"de_DE\" \/>\n<meta property=\"og:type\" content=\"article\" \/>\n<meta property=\"og:title\" content=\"Besondere Datenschutzerkl\u00e4rung f\u00fcr Bewerber - Allgeier SE\" \/>\n<meta property=\"og:description\" content=\"Allgeier SE Datenschutzhinweise f\u00fcr Bewerber Nachfolgend m\u00f6chten wir Sie dar\u00fcber informieren, wie wir personenbezogene Daten von Bewerbern verarbeiten. \u201ePersonenbezogene Daten\u201c sind alle Informationen, die sich auf eine identifizierte oder identifizierbare nat\u00fcrliche Person beziehen, also z. B. Name oder Kontaktdaten. Die nat\u00fcrliche Person (auch \u201ebetroffene Person\u201c im Datenschutzrecht genannt) meint im Zusammenhang mit diesen Datenschutzhinweisen den &hellip;\" \/>\n<meta property=\"og:url\" content=\"https:\/\/www.allgeier.com\/de\/privacy-policy\/special-privacy-policy-for-applicants\/\" \/>\n<meta property=\"og:site_name\" content=\"Allgeier SE\" \/>\n<meta property=\"article:modified_time\" content=\"2025-06-02T10:04:17+00:00\" \/>\n<meta name=\"twitter:card\" content=\"summary_large_image\" \/>\n<meta name=\"twitter:label1\" content=\"Gesch\u00e4tzte Lesezeit\" \/>\n\t<meta name=\"twitter:data1\" content=\"6\u00a0Minuten\" \/>\n<script type=\"application\/ld+json\" class=\"yoast-schema-graph\">{\"@context\":\"https:\\\/\\\/schema.org\",\"@graph\":[{\"@type\":\"WebPage\",\"@id\":\"https:\\\/\\\/www.allgeier.com\\\/de\\\/privacy-policy\\\/special-privacy-policy-for-applicants\\\/\",\"url\":\"https:\\\/\\\/www.allgeier.com\\\/de\\\/privacy-policy\\\/special-privacy-policy-for-applicants\\\/\",\"name\":\"Besondere Datenschutzerkl\u00e4rung f\u00fcr Bewerber - Allgeier SE\",\"isPartOf\":{\"@id\":\"https:\\\/\\\/www.allgeier.com\\\/de\\\/#website\"},\"datePublished\":\"2019-05-06T07:06:43+00:00\",\"dateModified\":\"2025-06-02T10:04:17+00:00\",\"breadcrumb\":{\"@id\":\"https:\\\/\\\/www.allgeier.com\\\/de\\\/privacy-policy\\\/special-privacy-policy-for-applicants\\\/#breadcrumb\"},\"inLanguage\":\"de\",\"potentialAction\":[{\"@type\":\"ReadAction\",\"target\":[\"https:\\\/\\\/www.allgeier.com\\\/de\\\/privacy-policy\\\/special-privacy-policy-for-applicants\\\/\"]}]},{\"@type\":\"BreadcrumbList\",\"@id\":\"https:\\\/\\\/www.allgeier.com\\\/de\\\/privacy-policy\\\/special-privacy-policy-for-applicants\\\/#breadcrumb\",\"itemListElement\":[{\"@type\":\"ListItem\",\"position\":1,\"name\":\"Home\",\"item\":\"https:\\\/\\\/www.allgeier.com\\\/de\\\/\"},{\"@type\":\"ListItem\",\"position\":2,\"name\":\"Datenschutzbestimmungen\",\"item\":\"https:\\\/\\\/www.allgeier.com\\\/de\\\/privacy-policy\\\/\"},{\"@type\":\"ListItem\",\"position\":3,\"name\":\"Besondere Datenschutzerkl\u00e4rung f\u00fcr Bewerber\"}]},{\"@type\":\"WebSite\",\"@id\":\"https:\\\/\\\/www.allgeier.com\\\/de\\\/#website\",\"url\":\"https:\\\/\\\/www.allgeier.com\\\/de\\\/\",\"name\":\"Allgeier SE\",\"description\":\"Software &amp; IT Services for digital transformation\",\"potentialAction\":[{\"@type\":\"SearchAction\",\"target\":{\"@type\":\"EntryPoint\",\"urlTemplate\":\"https:\\\/\\\/www.allgeier.com\\\/de\\\/?s={search_term_string}\"},\"query-input\":{\"@type\":\"PropertyValueSpecification\",\"valueRequired\":true,\"valueName\":\"search_term_string\"}}],\"inLanguage\":\"de\"}]}<\/script>\n<!-- \/ Yoast SEO plugin. -->","yoast_head_json":{"title":"Besondere Datenschutzerkl\u00e4rung f\u00fcr Bewerber - Allgeier SE","robots":{"index":"index","follow":"follow","max-snippet":"max-snippet:-1","max-image-preview":"max-image-preview:large","max-video-preview":"max-video-preview:-1"},"canonical":"https:\/\/www.allgeier.com\/de\/privacy-policy\/special-privacy-policy-for-applicants\/","og_locale":"de_DE","og_type":"article","og_title":"Besondere Datenschutzerkl\u00e4rung f\u00fcr Bewerber - Allgeier SE","og_description":"Allgeier SE Datenschutzhinweise f\u00fcr Bewerber Nachfolgend m\u00f6chten wir Sie dar\u00fcber informieren, wie wir personenbezogene Daten von Bewerbern verarbeiten. \u201ePersonenbezogene Daten\u201c sind alle Informationen, die sich auf eine identifizierte oder identifizierbare nat\u00fcrliche Person beziehen, also z. B. Name oder Kontaktdaten. Die nat\u00fcrliche Person (auch \u201ebetroffene Person\u201c im Datenschutzrecht genannt) meint im Zusammenhang mit diesen Datenschutzhinweisen den &hellip;","og_url":"https:\/\/www.allgeier.com\/de\/privacy-policy\/special-privacy-policy-for-applicants\/","og_site_name":"Allgeier SE","article_modified_time":"2025-06-02T10:04:17+00:00","twitter_card":"summary_large_image","twitter_misc":{"Gesch\u00e4tzte Lesezeit":"6\u00a0Minuten"},"schema":{"@context":"https:\/\/schema.org","@graph":[{"@type":"WebPage","@id":"https:\/\/www.allgeier.com\/de\/privacy-policy\/special-privacy-policy-for-applicants\/","url":"https:\/\/www.allgeier.com\/de\/privacy-policy\/special-privacy-policy-for-applicants\/","name":"Besondere Datenschutzerkl\u00e4rung f\u00fcr Bewerber - Allgeier SE","isPartOf":{"@id":"https:\/\/www.allgeier.com\/de\/#website"},"datePublished":"2019-05-06T07:06:43+00:00","dateModified":"2025-06-02T10:04:17+00:00","breadcrumb":{"@id":"https:\/\/www.allgeier.com\/de\/privacy-policy\/special-privacy-policy-for-applicants\/#breadcrumb"},"inLanguage":"de","potentialAction":[{"@type":"ReadAction","target":["https:\/\/www.allgeier.com\/de\/privacy-policy\/special-privacy-policy-for-applicants\/"]}]},{"@type":"BreadcrumbList","@id":"https:\/\/www.allgeier.com\/de\/privacy-policy\/special-privacy-policy-for-applicants\/#breadcrumb","itemListElement":[{"@type":"ListItem","position":1,"name":"Home","item":"https:\/\/www.allgeier.com\/de\/"},{"@type":"ListItem","position":2,"name":"Datenschutzbestimmungen","item":"https:\/\/www.allgeier.com\/de\/privacy-policy\/"},{"@type":"ListItem","position":3,"name":"Besondere Datenschutzerkl\u00e4rung f\u00fcr Bewerber"}]},{"@type":"WebSite","@id":"https:\/\/www.allgeier.com\/de\/#website","url":"https:\/\/www.allgeier.com\/de\/","name":"Allgeier SE","description":"Software &amp; IT Services for digital transformation","potentialAction":[{"@type":"SearchAction","target":{"@type":"EntryPoint","urlTemplate":"https:\/\/www.allgeier.com\/de\/?s={search_term_string}"},"query-input":{"@type":"PropertyValueSpecification","valueRequired":true,"valueName":"search_term_string"}}],"inLanguage":"de"}]}},"_links":{"self":[{"href":"https:\/\/www.allgeier.com\/de\/wp-json\/wp\/v2\/pages\/2721","targetHints":{"allow":["GET"]}}],"collection":[{"href":"https:\/\/www.allgeier.com\/de\/wp-json\/wp\/v2\/pages"}],"about":[{"href":"https:\/\/www.allgeier.com\/de\/wp-json\/wp\/v2\/types\/page"}],"author":[{"embeddable":true,"href":"https:\/\/www.allgeier.com\/de\/wp-json\/wp\/v2\/users\/1"}],"replies":[{"embeddable":true,"href":"https:\/\/www.allgeier.com\/de\/wp-json\/wp\/v2\/comments?post=2721"}],"version-history":[{"count":1,"href":"https:\/\/www.allgeier.com\/de\/wp-json\/wp\/v2\/pages\/2721\/revisions"}],"predecessor-version":[{"id":2767,"href":"https:\/\/www.allgeier.com\/de\/wp-json\/wp\/v2\/pages\/2721\/revisions\/2767"}],"up":[{"embeddable":true,"href":"https:\/\/www.allgeier.com\/de\/wp-json\/wp\/v2\/pages\/329"}],"wp:attachment":[{"href":"https:\/\/www.allgeier.com\/de\/wp-json\/wp\/v2\/media?parent=2721"}],"wp:term":[{"taxonomy":"category","embeddable":true,"href":"https:\/\/www.allgeier.com\/de\/wp-json\/wp\/v2\/categories?post=2721"},{"taxonomy":"post_tag","embeddable":true,"href":"https:\/\/www.allgeier.com\/de\/wp-json\/wp\/v2\/tags?post=2721"}],"curies":[{"name":"wp","href":"https:\/\/api.w.org\/{rel}","templated":true}]}}