{"id":2787,"date":"2019-07-09T07:18:42","date_gmt":"2019-07-09T07:18:42","guid":{"rendered":"https:\/\/www.allgeier.com\/de\/?page_id=2787"},"modified":"2025-02-05T19:16:17","modified_gmt":"2025-02-05T19:16:17","slug":"es-09072019","status":"publish","type":"page","link":"https:\/\/www.allgeier.com\/de\/pressroom\/news\/es-09072019\/","title":{"rendered":"es-09072019"},"content":{"rendered":"<pre>DGAP-News: ALLGEIER SE \/ Schlagwort(e): Sonstiges\r\nALLGEIER SE: Ver\u00f6ffentlichung eines Fehlers in der Rechnungslegung gem. \u00a7109\r\nAbs. 2 WpHG\r\n\r\n09.07.2019 \/ 15:37\r\nF\u00fcr den Inhalt der Mitteilung ist der Emittent \/ Herausgeber verantwortlich.\r\n\r\n---------------------------------------------------------------------------\r\n\r\nDie Deutsche Pr\u00fcfstelle f\u00fcr Rechnungslegung (DPR) hat festgestellt, dass der\r\nKonzernabschluss der Allgeier SE, M\u00fcnchen, zum Abschlussstichtag 31.12.2017\r\nfehlerhaft ist:\r\n\r\nIm Konzernabschluss der Allgeier SE zum 31. Dezember 2017 sch\u00e4gt sich die\r\nfehlerhafte Kaufpreisallokation, die im Rahmen des Erwerbs des operativen\r\nGesch\u00e4fts der Ciber AG und der Ciber Managed Services GmbH (zusammen: Ciber\r\nDeutschland) im Gesch\u00e4ftsjahr 2017 erfolgte, in folgenden Punkten nieder:\r\n\r\n  * Die Restrukturierungsr\u00fcckstellung f\u00fcr die gesch\u00e4tzten Aufwendungen\r\n    i.H.v. TEUR 3.113 zur Beendigung von Arbeitsverh\u00e4ltnissen der Ciber\r\n    Deutschland wurde erfolgsneutral gebildet, obwohl die Allgeier SE als\r\n    Erwerber den Personalabbau initiiert hat und die\r\n    Restrukturierungsaufwendungen damit nicht dem Erwerb zuzuordnen waren.\r\n    Die nicht aufwandswirksam erfolgte R\u00fcckstellungsbildung verst\u00f6\u00dft gegen\r\n    IFRS 3.11 i.V.m. IFRS 3.51 sowie IAS 19.165.\r\n\r\n  * Hinsichtlich bestehender Operating-Leasingverh\u00e4ltnisse wurden\r\n    R\u00fcckstellungen i.H.v. TEUR 323 erfolgsneutral erfasst, obwohl die\r\n    Marktbedingungen dieser Leasingverh\u00e4ltnisse nicht als nachteilig galten.\r\n    Die nicht aufwandswirksame Erfassung der Leasingaufwendungen verst\u00f6\u00dft\r\n    gegen IFRS 3.B28 f. sowie IAS 17.33.\r\n\r\n  * Die Bewertung des angesetzten Kundenstamms i.H.v. TEUR 3.837 konnte\r\n    anhand der vorgelegten Dokumentation durch das Unternehmen nicht\r\n    nachgewiesen werden, weil die Annahmen zu den geplanten Ums\u00e4tzen und zur\r\n    geplanten Ergebnis-Marge nicht plausibel abgeleitet wurden. Dies\r\n    verst\u00f6\u00dft gegen IFRS 3.18.\r\n\r\n\r\n\r\nKontakt:\r\nCorporate Communications &amp; Investor Relations\r\nDr. Christopher Gro\u00dfe\r\nWehrlestra\u00dfe 12\r\n81679 M\u00fcnchen\r\nTel.: +49 (0)89\/998421-0\r\nFax: +49 (0)89\/998421-11\r\nE-Mail: ir@allgeier.com\r\nWeb: www.allgeier.com\r\n\r\n\r\n---------------------------------------------------------------------------\r\n\r\n09.07.2019 Ver\u00f6ffentlichung einer Corporate News\/Finanznachricht,\r\n\u00fcbermittelt durch DGAP - ein Service der EQS Group AG.\r\nF\u00fcr den Inhalt der Mitteilung ist der Emittent \/ Herausgeber verantwortlich.\r\n\r\nDie DGAP Distributionsservices umfassen gesetzliche Meldepflichten,\r\nCorporate News\/Finanznachrichten und Pressemitteilungen.\r\nMedienarchiv unter http:\/\/www.dgap.de\r\n\r\n---------------------------------------------------------------------------\r\n\r\n   Sprache:        Deutsch\r\n   Unternehmen:    ALLGEIER SE\r\n                   Wehrlestra\u00dfe 12\r\n                   81679 M\u00fcnchen\r\n                   Deutschland\r\n   Telefon:        +49 (0) 89 - 99 84 21 0\r\n   Fax:            +49 (0) 89 - 99 84 21 11\r\n   E-Mail:         info@allgeier.com\r\n   Internet:       https:\/\/www.allgeier.com\r\n   ISIN:           DE000A2GS633\r\n   WKN:            A2GS63\r\n   Indizes:        CDAX\r\n   B\u00f6rsen:         Regulierter Markt in Frankfurt (General Standard);\r\n                   Freiverkehr in Berlin, D\u00fcsseldorf, Hamburg, Stuttgart,\r\n                   Tradegate Exchange\r\n   EQS News ID:    838553\r\n\r\n\r\n\r\n   Ende der Mitteilung    DGAP News-Service\r\n---------------------------------------------------------------------------\r\n\r\n838553 09.07.2019\r\n<\/pre>\n","protected":false},"excerpt":{"rendered":"<p>DGAP-News: ALLGEIER SE \/ Schlagwort(e): Sonstiges ALLGEIER SE: Ver\u00f6ffentlichung eines Fehlers in der Rechnungslegung gem. \u00a7109 Abs. 2 WpHG 09.07.2019 \/ 15:37 F\u00fcr den Inhalt der Mitteilung ist der Emittent \/ Herausgeber verantwortlich. &#8212;&#8212;&#8212;&#8212;&#8212;&#8212;&#8212;&#8212;&#8212;&#8212;&#8212;&#8212;&#8212;&#8212;&#8212;&#8212;&#8212;&#8212;&#8212;&#8212;&#8212;&#8212;&#8212;&#8212;&#8212; Die Deutsche Pr\u00fcfstelle f\u00fcr Rechnungslegung (DPR) hat festgestellt, dass der Konzernabschluss der Allgeier SE, M\u00fcnchen, zum Abschlussstichtag 31.12.2017 fehlerhaft ist: Im &hellip; <\/p>\n","protected":false},"author":1,"featured_media":0,"parent":1171,"menu_order":0,"comment_status":"closed","ping_status":"closed","template":"","meta":{"_acf_changed":false,"footnotes":""},"categories":[7],"tags":[],"class_list":["post-2787","page","type-page","status-publish","hentry","category-pressemitteilungen"],"acf":[],"yoast_head":"<!-- This site is optimized with the Yoast SEO plugin v27.3 - https:\/\/yoast.com\/product\/yoast-seo-wordpress\/ -->\n<title>es-09072019 - Allgeier SE<\/title>\n<meta name=\"robots\" content=\"index, follow, max-snippet:-1, max-image-preview:large, max-video-preview:-1\" \/>\n<link rel=\"canonical\" href=\"https:\/\/www.allgeier.com\/de\/pressroom\/news\/es-09072019\/\" \/>\n<meta property=\"og:locale\" content=\"de_DE\" \/>\n<meta property=\"og:type\" content=\"article\" \/>\n<meta property=\"og:title\" content=\"es-09072019 - Allgeier SE\" \/>\n<meta property=\"og:description\" content=\"DGAP-News: ALLGEIER SE \/ Schlagwort(e): Sonstiges ALLGEIER SE: Ver\u00f6ffentlichung eines Fehlers in der Rechnungslegung gem. \u00a7109 Abs. 2 WpHG 09.07.2019 \/ 15:37 F\u00fcr den Inhalt der Mitteilung ist der Emittent \/ Herausgeber verantwortlich. --------------------------------------------------------------------------- Die Deutsche Pr\u00fcfstelle f\u00fcr Rechnungslegung (DPR) hat festgestellt, dass der Konzernabschluss der Allgeier SE, M\u00fcnchen, zum Abschlussstichtag 31.12.2017 fehlerhaft ist: Im &hellip;\" \/>\n<meta property=\"og:url\" content=\"https:\/\/www.allgeier.com\/de\/pressroom\/news\/es-09072019\/\" \/>\n<meta property=\"og:site_name\" content=\"Allgeier SE\" \/>\n<meta property=\"article:modified_time\" content=\"2025-02-05T19:16:17+00:00\" \/>\n<meta name=\"twitter:card\" content=\"summary_large_image\" \/>\n<script type=\"application\/ld+json\" class=\"yoast-schema-graph\">{\"@context\":\"https:\\\/\\\/schema.org\",\"@graph\":[{\"@type\":\"WebPage\",\"@id\":\"https:\\\/\\\/www.allgeier.com\\\/de\\\/pressroom\\\/news\\\/es-09072019\\\/\",\"url\":\"https:\\\/\\\/www.allgeier.com\\\/de\\\/pressroom\\\/news\\\/es-09072019\\\/\",\"name\":\"es-09072019 - Allgeier SE\",\"isPartOf\":{\"@id\":\"https:\\\/\\\/www.allgeier.com\\\/de\\\/#website\"},\"datePublished\":\"2019-07-09T07:18:42+00:00\",\"dateModified\":\"2025-02-05T19:16:17+00:00\",\"breadcrumb\":{\"@id\":\"https:\\\/\\\/www.allgeier.com\\\/de\\\/pressroom\\\/news\\\/es-09072019\\\/#breadcrumb\"},\"inLanguage\":\"de\",\"potentialAction\":[{\"@type\":\"ReadAction\",\"target\":[\"https:\\\/\\\/www.allgeier.com\\\/de\\\/pressroom\\\/news\\\/es-09072019\\\/\"]}]},{\"@type\":\"BreadcrumbList\",\"@id\":\"https:\\\/\\\/www.allgeier.com\\\/de\\\/pressroom\\\/news\\\/es-09072019\\\/#breadcrumb\",\"itemListElement\":[{\"@type\":\"ListItem\",\"position\":1,\"name\":\"Home\",\"item\":\"https:\\\/\\\/www.allgeier.com\\\/de\\\/\"},{\"@type\":\"ListItem\",\"position\":2,\"name\":\"Presse\",\"item\":\"https:\\\/\\\/www.allgeier.com\\\/de\\\/pressroom\\\/\"},{\"@type\":\"ListItem\",\"position\":3,\"name\":\"News\",\"item\":\"https:\\\/\\\/www.allgeier.com\\\/de\\\/pressroom\\\/news\\\/\"},{\"@type\":\"ListItem\",\"position\":4,\"name\":\"es-09072019\"}]},{\"@type\":\"WebSite\",\"@id\":\"https:\\\/\\\/www.allgeier.com\\\/de\\\/#website\",\"url\":\"https:\\\/\\\/www.allgeier.com\\\/de\\\/\",\"name\":\"Allgeier SE\",\"description\":\"Software &amp; IT Services for digital transformation\",\"potentialAction\":[{\"@type\":\"SearchAction\",\"target\":{\"@type\":\"EntryPoint\",\"urlTemplate\":\"https:\\\/\\\/www.allgeier.com\\\/de\\\/?s={search_term_string}\"},\"query-input\":{\"@type\":\"PropertyValueSpecification\",\"valueRequired\":true,\"valueName\":\"search_term_string\"}}],\"inLanguage\":\"de\"}]}<\/script>\n<!-- \/ Yoast SEO plugin. -->","yoast_head_json":{"title":"es-09072019 - Allgeier SE","robots":{"index":"index","follow":"follow","max-snippet":"max-snippet:-1","max-image-preview":"max-image-preview:large","max-video-preview":"max-video-preview:-1"},"canonical":"https:\/\/www.allgeier.com\/de\/pressroom\/news\/es-09072019\/","og_locale":"de_DE","og_type":"article","og_title":"es-09072019 - Allgeier SE","og_description":"DGAP-News: ALLGEIER SE \/ Schlagwort(e): Sonstiges ALLGEIER SE: Ver\u00f6ffentlichung eines Fehlers in der Rechnungslegung gem. \u00a7109 Abs. 2 WpHG 09.07.2019 \/ 15:37 F\u00fcr den Inhalt der Mitteilung ist der Emittent \/ Herausgeber verantwortlich. --------------------------------------------------------------------------- Die Deutsche Pr\u00fcfstelle f\u00fcr Rechnungslegung (DPR) hat festgestellt, dass der Konzernabschluss der Allgeier SE, M\u00fcnchen, zum Abschlussstichtag 31.12.2017 fehlerhaft ist: Im &hellip;","og_url":"https:\/\/www.allgeier.com\/de\/pressroom\/news\/es-09072019\/","og_site_name":"Allgeier SE","article_modified_time":"2025-02-05T19:16:17+00:00","twitter_card":"summary_large_image","schema":{"@context":"https:\/\/schema.org","@graph":[{"@type":"WebPage","@id":"https:\/\/www.allgeier.com\/de\/pressroom\/news\/es-09072019\/","url":"https:\/\/www.allgeier.com\/de\/pressroom\/news\/es-09072019\/","name":"es-09072019 - Allgeier SE","isPartOf":{"@id":"https:\/\/www.allgeier.com\/de\/#website"},"datePublished":"2019-07-09T07:18:42+00:00","dateModified":"2025-02-05T19:16:17+00:00","breadcrumb":{"@id":"https:\/\/www.allgeier.com\/de\/pressroom\/news\/es-09072019\/#breadcrumb"},"inLanguage":"de","potentialAction":[{"@type":"ReadAction","target":["https:\/\/www.allgeier.com\/de\/pressroom\/news\/es-09072019\/"]}]},{"@type":"BreadcrumbList","@id":"https:\/\/www.allgeier.com\/de\/pressroom\/news\/es-09072019\/#breadcrumb","itemListElement":[{"@type":"ListItem","position":1,"name":"Home","item":"https:\/\/www.allgeier.com\/de\/"},{"@type":"ListItem","position":2,"name":"Presse","item":"https:\/\/www.allgeier.com\/de\/pressroom\/"},{"@type":"ListItem","position":3,"name":"News","item":"https:\/\/www.allgeier.com\/de\/pressroom\/news\/"},{"@type":"ListItem","position":4,"name":"es-09072019"}]},{"@type":"WebSite","@id":"https:\/\/www.allgeier.com\/de\/#website","url":"https:\/\/www.allgeier.com\/de\/","name":"Allgeier SE","description":"Software &amp; IT Services for digital transformation","potentialAction":[{"@type":"SearchAction","target":{"@type":"EntryPoint","urlTemplate":"https:\/\/www.allgeier.com\/de\/?s={search_term_string}"},"query-input":{"@type":"PropertyValueSpecification","valueRequired":true,"valueName":"search_term_string"}}],"inLanguage":"de"}]}},"_links":{"self":[{"href":"https:\/\/www.allgeier.com\/de\/wp-json\/wp\/v2\/pages\/2787","targetHints":{"allow":["GET"]}}],"collection":[{"href":"https:\/\/www.allgeier.com\/de\/wp-json\/wp\/v2\/pages"}],"about":[{"href":"https:\/\/www.allgeier.com\/de\/wp-json\/wp\/v2\/types\/page"}],"author":[{"embeddable":true,"href":"https:\/\/www.allgeier.com\/de\/wp-json\/wp\/v2\/users\/1"}],"replies":[{"embeddable":true,"href":"https:\/\/www.allgeier.com\/de\/wp-json\/wp\/v2\/comments?post=2787"}],"version-history":[{"count":0,"href":"https:\/\/www.allgeier.com\/de\/wp-json\/wp\/v2\/pages\/2787\/revisions"}],"up":[{"embeddable":true,"href":"https:\/\/www.allgeier.com\/de\/wp-json\/wp\/v2\/pages\/1171"}],"wp:attachment":[{"href":"https:\/\/www.allgeier.com\/de\/wp-json\/wp\/v2\/media?parent=2787"}],"wp:term":[{"taxonomy":"category","embeddable":true,"href":"https:\/\/www.allgeier.com\/de\/wp-json\/wp\/v2\/categories?post=2787"},{"taxonomy":"post_tag","embeddable":true,"href":"https:\/\/www.allgeier.com\/de\/wp-json\/wp\/v2\/tags?post=2787"}],"curies":[{"name":"wp","href":"https:\/\/api.w.org\/{rel}","templated":true}]}}