{"id":2880,"date":"2020-01-10T18:00:18","date_gmt":"2020-01-10T18:00:18","guid":{"rendered":"https:\/\/www.allgeier.com\/de\/?page_id=2880"},"modified":"2025-02-05T18:36:48","modified_gmt":"2025-02-05T18:36:48","slug":"allgeier-enterprise-services-ubernimmt-public-sector-sparte-von-ges","status":"publish","type":"page","link":"https:\/\/www.allgeier.com\/de\/pressroom\/press-releases\/allgeier-enterprise-services-ubernimmt-public-sector-sparte-von-ges\/","title":{"rendered":"Allgeier Enterprise Services \u00fcbernimmt Public-Sector-Sparte von GES"},"content":{"rendered":"<p><strong>Weiter auf Wachstumskurs<\/strong><\/p>\n<p><em>Kronberg, 10. Januar 2020 \u2013 <\/em>Zum 01. Januar 2020 hat die Allgeier Enterprise Services AG (AES) die Gesch\u00e4ftssparte Public Sector der GES Systemhaus GmbH &amp; Co. KG, Wiesbaden, \u00fcbernommen. GES Public Sector, mit Hauptsitz in Wiesbaden und einer Niederlassung in Leverkusen, ber\u00e4t seit \u00fcber 20 Jahren Kommunen und Landkreise zu SAP und bietet spezifische L\u00f6sungen an, die weit verbreitet sind: Von den Kommunen mit mehr als 100.000 Einwohnern setzen 23 Prozent Anwendungen von GES ein, bei den Kommunen mit mehr als 300.000 Einwohnern sind es sogar 36 Prozent.<\/p>\n<p>Die Mitarbeiter, die AES im Zuge der \u00dcbernahme gewinnt, werden auch k\u00fcnftig in Wiesbaden und Leverkusen t\u00e4tig sein und unter anderem die InfraServ-Wiesbaden-Gruppe \u2013 zu der GES geh\u00f6rt \u2013 im SAP-Umfeld unterst\u00fctzen. \u201eWir sind froh, mit AES einen erstklassigen Partner f\u00fcr die strategische Ausgliederung unseres Public-Sector-Gesch\u00e4ftes gefunden zu haben, und wir sind \u00fcberzeugt davon, dass sich damit auch unseren ausscheidenden Kolleginnen und Kollegen ein \u00e4u\u00dferst stabiles und attraktives berufliches Umfeld bietet,\u201c sagt J\u00f6rg Kreutzer, Gesch\u00e4ftsf\u00fchrer des GES Systemhaus und CFO der InfraServ-Wiesbaden-Gruppe.<\/p>\n<p>Allgeier Enterprise Services will mit dem Zukauf das Wachstum im Public Sector forcieren. Michael Schmidt, Vorstand bei AES: \u201eWir sind sehr zufrieden mit dem Vertragsabschluss und freuen uns darauf, kompetente und motivierte Kolleginnen und Kollegen mit starken Expertisen im SAP-Umfeld ab Januar 2020 in unser dynamisches Unternehmen integrieren zu k\u00f6nnen. Ihre \u00fcber Jahre gewachsenen erfolgreichen Gesch\u00e4ftsbeziehungen mit kommunalen Anwendern werden uns dabei helfen, unser SAP-Angebotsportfolio auszubauen und unsere Wachstumsziele zu erreichen.\u201c Zudem wird AES von den Kompetenzen der GES-Berater bei der Realisierung von SAP-basierten Eigenentwicklungen profitieren. Michael Schmidt: \u201eDie neuen Mitarbeiter bringen eine Menge SAP- und Entwicklungskompetenz mit \u2013 insbesondere im S\/4HANA-Kontext. Das er\u00f6ffnet uns etliche attraktive M\u00f6glichkeiten und st\u00e4rkt unser Angebot.\u201c<\/p>\n<p><strong>\u00dcber Allgeier Enterprise Services:<br \/>\n<\/strong><\/p>\n<p>Allgeier Enterprise Services (AES) begleitet Unternehmen bei ihrer digitalen Transformation: Wir beraten zu Strategie-, Prozess- und Technologie-Aspekten, implementieren und hosten Systeme, \u00fcbernehmen den Support und die Wartung und bieten eigene Produkte an. ERP-L\u00f6sungen, wie die von SAP, bilden stets das technologische Fundament, um bestehende Use Cases zu optimieren und innovative Szenarien umzusetzen. Wo es sinnvoll ist, erg\u00e4nzen wir die SAP-basierte IT-Landschaft um unserer eigenen SAP-Add-ons, um Non-SAP-Software oder entwickeln individuelle Anwendungen f\u00fcr unsere Kunden. Mit dieser ganzheitlichen und pragmatischen Herangehensweise erzielen wir die besten Resultate f\u00fcr unsere Kunden und steigern Effektivit\u00e4t sowie Effizienz dauerhaft.<\/p>\n<p>Die umfassende Expertise von AES im SAP-Umfeld ist nicht nur in unserer Arbeit unmittelbar erlebbar. Sie ist auch zertifiziert: So sind wir SAP Gold Partner und einer der wenigen SAP Cloud Focus Partner.<\/p>\n<p>Bei all dem agieren wir als Teil der b\u00f6rsennotierten Allgeier SE, die ihren Sitz in M\u00fcnchen hat. Das gibt uns die M\u00f6glichkeit, in Projekten auch auf die herausragenden Kompetenzen unserer Schwesterunternehmen zuzugreifen. F\u00fcr unserer Kunden k\u00f6nnen wir das Wissen von mehr als 10.000 Mitarbeitern und \u00fcber 1.000 freiberuflichen Experten weltweit nutzbar machen.<\/p>\n<p>Mehr Informationen unter <a href=\"http:\/\/www.allgeier-es.com\">www.allgeier-es.com<\/a><\/p>\n","protected":false},"excerpt":{"rendered":"<p>Weiter auf Wachstumskurs Kronberg, 10. Januar 2020 \u2013 Zum 01. Januar 2020 hat die Allgeier Enterprise Services AG (AES) die Gesch\u00e4ftssparte Public Sector der GES Systemhaus GmbH &amp; Co. KG, Wiesbaden, \u00fcbernommen. GES Public Sector, mit Hauptsitz in Wiesbaden und einer Niederlassung in Leverkusen, ber\u00e4t seit \u00fcber 20 Jahren Kommunen und Landkreise zu SAP und &hellip; <\/p>\n","protected":false},"author":4,"featured_media":0,"parent":1169,"menu_order":0,"comment_status":"closed","ping_status":"closed","template":"","meta":{"_acf_changed":false,"footnotes":""},"categories":[7],"tags":[],"class_list":["post-2880","page","type-page","status-publish","hentry","category-pressemitteilungen"],"acf":[],"yoast_head":"<!-- This site is optimized with the Yoast SEO plugin v27.4 - https:\/\/yoast.com\/product\/yoast-seo-wordpress\/ -->\n<title>Allgeier Enterprise Services \u00fcbernimmt Public-Sector-Sparte von GES - Allgeier SE<\/title>\n<meta name=\"robots\" content=\"index, follow, max-snippet:-1, max-image-preview:large, max-video-preview:-1\" \/>\n<link rel=\"canonical\" href=\"https:\/\/www.allgeier.com\/de\/pressroom\/press-releases\/allgeier-enterprise-services-ubernimmt-public-sector-sparte-von-ges\/\" \/>\n<meta property=\"og:locale\" content=\"de_DE\" \/>\n<meta property=\"og:type\" content=\"article\" \/>\n<meta property=\"og:title\" content=\"Allgeier Enterprise Services \u00fcbernimmt Public-Sector-Sparte von GES - Allgeier SE\" \/>\n<meta property=\"og:description\" content=\"Weiter auf Wachstumskurs Kronberg, 10. Januar 2020 \u2013 Zum 01. Januar 2020 hat die Allgeier Enterprise Services AG (AES) die Gesch\u00e4ftssparte Public Sector der GES Systemhaus GmbH &amp; Co. KG, Wiesbaden, \u00fcbernommen. GES Public Sector, mit Hauptsitz in Wiesbaden und einer Niederlassung in Leverkusen, ber\u00e4t seit \u00fcber 20 Jahren Kommunen und Landkreise zu SAP und &hellip;\" \/>\n<meta property=\"og:url\" content=\"https:\/\/www.allgeier.com\/de\/pressroom\/press-releases\/allgeier-enterprise-services-ubernimmt-public-sector-sparte-von-ges\/\" \/>\n<meta property=\"og:site_name\" content=\"Allgeier SE\" \/>\n<meta property=\"article:modified_time\" content=\"2025-02-05T18:36:48+00:00\" \/>\n<meta name=\"twitter:card\" content=\"summary_large_image\" \/>\n<meta name=\"twitter:label1\" content=\"Gesch\u00e4tzte Lesezeit\" \/>\n\t<meta name=\"twitter:data1\" content=\"2\u00a0Minuten\" \/>\n<script type=\"application\/ld+json\" class=\"yoast-schema-graph\">{\"@context\":\"https:\\\/\\\/schema.org\",\"@graph\":[{\"@type\":\"WebPage\",\"@id\":\"https:\\\/\\\/www.allgeier.com\\\/de\\\/pressroom\\\/press-releases\\\/allgeier-enterprise-services-ubernimmt-public-sector-sparte-von-ges\\\/\",\"url\":\"https:\\\/\\\/www.allgeier.com\\\/de\\\/pressroom\\\/press-releases\\\/allgeier-enterprise-services-ubernimmt-public-sector-sparte-von-ges\\\/\",\"name\":\"Allgeier Enterprise Services \u00fcbernimmt Public-Sector-Sparte von GES - Allgeier SE\",\"isPartOf\":{\"@id\":\"https:\\\/\\\/www.allgeier.com\\\/de\\\/#website\"},\"datePublished\":\"2020-01-10T18:00:18+00:00\",\"dateModified\":\"2025-02-05T18:36:48+00:00\",\"breadcrumb\":{\"@id\":\"https:\\\/\\\/www.allgeier.com\\\/de\\\/pressroom\\\/press-releases\\\/allgeier-enterprise-services-ubernimmt-public-sector-sparte-von-ges\\\/#breadcrumb\"},\"inLanguage\":\"de\",\"potentialAction\":[{\"@type\":\"ReadAction\",\"target\":[\"https:\\\/\\\/www.allgeier.com\\\/de\\\/pressroom\\\/press-releases\\\/allgeier-enterprise-services-ubernimmt-public-sector-sparte-von-ges\\\/\"]}]},{\"@type\":\"BreadcrumbList\",\"@id\":\"https:\\\/\\\/www.allgeier.com\\\/de\\\/pressroom\\\/press-releases\\\/allgeier-enterprise-services-ubernimmt-public-sector-sparte-von-ges\\\/#breadcrumb\",\"itemListElement\":[{\"@type\":\"ListItem\",\"position\":1,\"name\":\"Home\",\"item\":\"https:\\\/\\\/www.allgeier.com\\\/de\\\/\"},{\"@type\":\"ListItem\",\"position\":2,\"name\":\"Presse\",\"item\":\"https:\\\/\\\/www.allgeier.com\\\/de\\\/pressroom\\\/\"},{\"@type\":\"ListItem\",\"position\":3,\"name\":\"Pressemitteilungen\",\"item\":\"https:\\\/\\\/www.allgeier.com\\\/de\\\/pressroom\\\/press-releases\\\/\"},{\"@type\":\"ListItem\",\"position\":4,\"name\":\"Allgeier Enterprise Services \u00fcbernimmt Public-Sector-Sparte von GES\"}]},{\"@type\":\"WebSite\",\"@id\":\"https:\\\/\\\/www.allgeier.com\\\/de\\\/#website\",\"url\":\"https:\\\/\\\/www.allgeier.com\\\/de\\\/\",\"name\":\"Allgeier SE\",\"description\":\"Software &amp; IT Services for digital transformation\",\"potentialAction\":[{\"@type\":\"SearchAction\",\"target\":{\"@type\":\"EntryPoint\",\"urlTemplate\":\"https:\\\/\\\/www.allgeier.com\\\/de\\\/?s={search_term_string}\"},\"query-input\":{\"@type\":\"PropertyValueSpecification\",\"valueRequired\":true,\"valueName\":\"search_term_string\"}}],\"inLanguage\":\"de\"}]}<\/script>\n<!-- \/ Yoast SEO plugin. -->","yoast_head_json":{"title":"Allgeier Enterprise Services \u00fcbernimmt Public-Sector-Sparte von GES - Allgeier SE","robots":{"index":"index","follow":"follow","max-snippet":"max-snippet:-1","max-image-preview":"max-image-preview:large","max-video-preview":"max-video-preview:-1"},"canonical":"https:\/\/www.allgeier.com\/de\/pressroom\/press-releases\/allgeier-enterprise-services-ubernimmt-public-sector-sparte-von-ges\/","og_locale":"de_DE","og_type":"article","og_title":"Allgeier Enterprise Services \u00fcbernimmt Public-Sector-Sparte von GES - Allgeier SE","og_description":"Weiter auf Wachstumskurs Kronberg, 10. Januar 2020 \u2013 Zum 01. Januar 2020 hat die Allgeier Enterprise Services AG (AES) die Gesch\u00e4ftssparte Public Sector der GES Systemhaus GmbH &amp; Co. KG, Wiesbaden, \u00fcbernommen. GES Public Sector, mit Hauptsitz in Wiesbaden und einer Niederlassung in Leverkusen, ber\u00e4t seit \u00fcber 20 Jahren Kommunen und Landkreise zu SAP und &hellip;","og_url":"https:\/\/www.allgeier.com\/de\/pressroom\/press-releases\/allgeier-enterprise-services-ubernimmt-public-sector-sparte-von-ges\/","og_site_name":"Allgeier SE","article_modified_time":"2025-02-05T18:36:48+00:00","twitter_card":"summary_large_image","twitter_misc":{"Gesch\u00e4tzte Lesezeit":"2\u00a0Minuten"},"schema":{"@context":"https:\/\/schema.org","@graph":[{"@type":"WebPage","@id":"https:\/\/www.allgeier.com\/de\/pressroom\/press-releases\/allgeier-enterprise-services-ubernimmt-public-sector-sparte-von-ges\/","url":"https:\/\/www.allgeier.com\/de\/pressroom\/press-releases\/allgeier-enterprise-services-ubernimmt-public-sector-sparte-von-ges\/","name":"Allgeier Enterprise Services \u00fcbernimmt Public-Sector-Sparte von GES - Allgeier SE","isPartOf":{"@id":"https:\/\/www.allgeier.com\/de\/#website"},"datePublished":"2020-01-10T18:00:18+00:00","dateModified":"2025-02-05T18:36:48+00:00","breadcrumb":{"@id":"https:\/\/www.allgeier.com\/de\/pressroom\/press-releases\/allgeier-enterprise-services-ubernimmt-public-sector-sparte-von-ges\/#breadcrumb"},"inLanguage":"de","potentialAction":[{"@type":"ReadAction","target":["https:\/\/www.allgeier.com\/de\/pressroom\/press-releases\/allgeier-enterprise-services-ubernimmt-public-sector-sparte-von-ges\/"]}]},{"@type":"BreadcrumbList","@id":"https:\/\/www.allgeier.com\/de\/pressroom\/press-releases\/allgeier-enterprise-services-ubernimmt-public-sector-sparte-von-ges\/#breadcrumb","itemListElement":[{"@type":"ListItem","position":1,"name":"Home","item":"https:\/\/www.allgeier.com\/de\/"},{"@type":"ListItem","position":2,"name":"Presse","item":"https:\/\/www.allgeier.com\/de\/pressroom\/"},{"@type":"ListItem","position":3,"name":"Pressemitteilungen","item":"https:\/\/www.allgeier.com\/de\/pressroom\/press-releases\/"},{"@type":"ListItem","position":4,"name":"Allgeier Enterprise Services \u00fcbernimmt Public-Sector-Sparte von GES"}]},{"@type":"WebSite","@id":"https:\/\/www.allgeier.com\/de\/#website","url":"https:\/\/www.allgeier.com\/de\/","name":"Allgeier SE","description":"Software &amp; IT Services for digital transformation","potentialAction":[{"@type":"SearchAction","target":{"@type":"EntryPoint","urlTemplate":"https:\/\/www.allgeier.com\/de\/?s={search_term_string}"},"query-input":{"@type":"PropertyValueSpecification","valueRequired":true,"valueName":"search_term_string"}}],"inLanguage":"de"}]}},"_links":{"self":[{"href":"https:\/\/www.allgeier.com\/de\/wp-json\/wp\/v2\/pages\/2880","targetHints":{"allow":["GET"]}}],"collection":[{"href":"https:\/\/www.allgeier.com\/de\/wp-json\/wp\/v2\/pages"}],"about":[{"href":"https:\/\/www.allgeier.com\/de\/wp-json\/wp\/v2\/types\/page"}],"author":[{"embeddable":true,"href":"https:\/\/www.allgeier.com\/de\/wp-json\/wp\/v2\/users\/4"}],"replies":[{"embeddable":true,"href":"https:\/\/www.allgeier.com\/de\/wp-json\/wp\/v2\/comments?post=2880"}],"version-history":[{"count":1,"href":"https:\/\/www.allgeier.com\/de\/wp-json\/wp\/v2\/pages\/2880\/revisions"}],"predecessor-version":[{"id":6145,"href":"https:\/\/www.allgeier.com\/de\/wp-json\/wp\/v2\/pages\/2880\/revisions\/6145"}],"up":[{"embeddable":true,"href":"https:\/\/www.allgeier.com\/de\/wp-json\/wp\/v2\/pages\/1169"}],"wp:attachment":[{"href":"https:\/\/www.allgeier.com\/de\/wp-json\/wp\/v2\/media?parent=2880"}],"wp:term":[{"taxonomy":"category","embeddable":true,"href":"https:\/\/www.allgeier.com\/de\/wp-json\/wp\/v2\/categories?post=2880"},{"taxonomy":"post_tag","embeddable":true,"href":"https:\/\/www.allgeier.com\/de\/wp-json\/wp\/v2\/tags?post=2880"}],"curies":[{"name":"wp","href":"https:\/\/api.w.org\/{rel}","templated":true}]}}