{"id":2964,"date":"2020-07-31T08:07:00","date_gmt":"2020-07-31T08:07:00","guid":{"rendered":"https:\/\/www.allgeier.com\/de\/?page_id=2964"},"modified":"2025-02-05T18:36:54","modified_gmt":"2025-02-05T18:36:54","slug":"technologieunternehmen-mgm-technology-partners-und-eforce21-aus-munchen-gehen-zusammen","status":"publish","type":"page","link":"https:\/\/www.allgeier.com\/de\/pressroom\/press-releases\/technologieunternehmen-mgm-technology-partners-und-eforce21-aus-munchen-gehen-zusammen\/","title":{"rendered":"Technologieunternehmen mgm technology partners und eForce21 aus M\u00fcnchen gehen zusammen"},"content":{"rendered":"<ul>\n<li>Zusammenschluss b\u00fcndelt IT-Expertise f\u00fcr innovative Enterprise-L\u00f6sungen, KI-gest\u00fctzter Bilderkennung und Sprachverarbeitung\/Chatbots<\/li>\n<li>mgm technology partners w\u00e4chst durch den Zusammenschluss auf \u00fcber 750 Mitarbeiterinnen und Mitarbeiter an weltweit 17 Standorten<\/li>\n<li>eForce21-Gr\u00fcnder Klaus Schlumpberger bleibt an Bord und verantwortet weiterhin Kunden und Mitarbeiter von eForce21 \u2013 zuk\u00fcnftig als neuen mgm-Standort \u201eM\u00fcnchen S\u00fcd\u201c<\/li>\n<\/ul>\n<p><em>M\u00fcnchen, 31.07.2020 \u2013<\/em>\u00a0Das Technologieunternehmen mgm technology partners GmbH (mgm), eine Division der b\u00f6rsennotierten Allgeier SE, und das M\u00fcnchner IT-Entwicklungsunternehmen eForce21 GmbH fusionieren. Der Vertrag wurde am gestrigen Donnerstag unterzeichnet, \u00fcber die Transaktionsdetails wurde Stillschweigen vereinbart. mgm \u00fcbernimmt 100 Prozent der Anteile von eForce21, die vollst\u00e4ndig beim Gr\u00fcnder und Gesch\u00e4ftsf\u00fchrer Klaus Schlumpberger lagen. Die eForce21 GmbH bleibt zun\u00e4chst als Gesellschaft bestehen. Sie wird mittelfristig in mgm integriert und als 17. mgm-Standort \u201eM\u00fcnchen S\u00fcd\u201c weitergef\u00fchrt.<\/p>\n<p><strong>Neu bei mgm: 41 Mitarbeiter*innen<\/strong><\/p>\n<p>Die eForce21 GmbH wurde von dem Informatiker Schlumpberger gegr\u00fcndet und hat das operative Gesch\u00e4ft Mitte 2015 aufgenommen. Der Schwerpunkt liegt auf Individual-Softwareentwicklung und IT-Consulting. Bereits seit der Anfangszeit setzt das wachsende Team Projekte f\u00fcr gro\u00dfe Kunden um, aktuell beispielsweise f\u00fcr Knorr-Bremse, M\u00fcnchner Verkehrsgesellschaft (MVG) &amp; Stadtwerke M\u00fcnchen, MAN und IFCO. Das Unternehmen hat 41 Mitarbeiterinnen und Mitarbeiter in einem B\u00fcro im M\u00fcnchener S\u00fcden (Stadtteil Obersendling). Klaus Schlumpberger bleibt an Bord und ist weiterhin verantwortlich f\u00fcr das eForce21-Team sowie f\u00fcr Kunden und Partner.<\/p>\n<p>mgm und eForce21 arbeiten bereits seit vier Jahren in wichtigen Kundenprojekten vertrauensvoll zusammen: \u201eDas Know-how von eForce21 ist wie gemacht f\u00fcr viele unserer Projekte und Kundenanfragen, zudem passen die Unternehmenskultur und die Auffassung guter Enterprise Architektur ausgezeichnet zu mgm\u201c, so mgm-CEO Hamarz Mehmanesh. \u201eNach den Jahren der exzellenten Zusammenarbeit freue ich mich sehr auf gemeinsame und innovative IT-L\u00f6sungen f\u00fcr unsere Kunden.\u201c Auch aus Sicht von eForce21-Gr\u00fcnder Klaus Schlumpberger ergeben sich neue Chancen: \u201eAls mittelgro\u00dfer Dienstleister arbeiten wir bereits f\u00fcr ausgezeichnete und gro\u00dfe Kunden in sehr anspruchsvollen IT-Projekten. Die Gr\u00f6\u00dfe und die Internationalit\u00e4t von mgm er\u00f6ffnen unserer gemeinsamen Expertise und den hochspezialisierten L\u00f6sungen jedoch ganz neue M\u00f6glichkeiten.\u201c<\/p>\n<p><strong>Expertise: Maschinelles Lernen in der Bilderkennung<\/strong><\/p>\n<p>Wichtige Eigenentwicklung im eForce21-Portfolio ist DATAGYM.AI. Die SaaS-L\u00f6sung (Software as a Service) erm\u00f6glicht Datenwissenschaftler*innen und Expert*innen f\u00fcr maschinelles Lernen, Bilder bis zu 10-mal schneller zu annotieren und als Trainingsdaten f\u00fcr neuronale Netze in der Bildverarbeitung vorzubereiten \u2013\u00a0der Einsatz von Werkzeugen der K\u00fcnstlichen Intelligenz macht es m\u00f6glich. Gerade im B2B-Gesch\u00e4ft sind die Anwendungsszenarien f\u00fcr automatisierte Bilderkennung vielf\u00e4ltig und reichen vom autonomen Fahren, \u00fcber Fertigungsautomation bis hin etwa zu Medizin-L\u00f6sungen, E-Commerce und Sicherheitsanwendungen. Zusammen mit der mgm-Expertise \u00fcber Sprachverarbeitung und Chatbots sind dies noch junge Entwicklungen mit zunehmender Bedeutung.<\/p>\n<p>Neben diesen Zukunftsthemen arbeiten die eForce21-Entwickler*innen im Tagesgesch\u00e4ft ebenso wie die verschiedenen internationalen mgm-Teams an langlebigen, sicheren und hoch-komplexen Gesch\u00e4ftsanwendungen. Der Fokus liegt dabei auf modellbasierter Softwareentwicklung, die aus mgm-\u00dcberzeugung eine Grundlage f\u00fcr kurze Entwicklungszeiten und schnelle Anpassung an Ver\u00e4nderungen darstellt.<\/p>\n<p>&nbsp;<\/p>\n<p><strong>\u00dcber mgm (bereits mit eForce21 Gmbh)<\/strong><\/p>\n<p><a href=\"https:\/\/www.mgm-tp.com\/\">mgm technology partners<\/a> entwickelt Enterprise Applikationen haupts\u00e4chlich f\u00fcr die Branchen Commerce, Insurance und Public Sector. Basis dabei ist der Ansatz der Digitalen Souver\u00e4nit\u00e4t, nach der Organisationen die Hoheit und das Wissen \u00fcber die eigenen IT-Systeme behalten. Hauptsitz des 1994 gegr\u00fcndeten Technologieunter-nehmens ist M\u00fcnchen, hinzu kommen mittlerweile 17 Standorte im In- und Ausland, darunter in den Metropolen Berlin, Hamburg, K\u00f6ln, Prag, Washington D.C. und Da Nang in Vietnam. Insgesamt sind \u00fcber 750 Mitarbeiterinnen und Mitarbeiter in sieben L\u00e4ndern f\u00fcr mgm t\u00e4tig. Seit 2006 ist mgm eine Division der Allgeier SE in M\u00fcnchen, an der Spitze steht mit Hamarz Mehmanesh weiterhin einer der Gr\u00fcnder und Teilhaber. Zusammen mit den spezialisierten Tochterfirmen\u00a0<a href=\"https:\/\/www.mgm-cp.com\/\">mgm consulting partners<\/a>\u00a0(Managementberatung f\u00fcr\u00a0CIO Advisory, Organisationsentwicklung und Change-Management) und\u00a0<a href=\"https:\/\/www.mgm-sp.com\/\">mgm security partners<\/a>\u00a0(Web Application Security) deckt mgm eine gro\u00dfe Bandbreite der Digitalisierungsthemen ab.<\/p>\n","protected":false},"excerpt":{"rendered":"<p>Zusammenschluss b\u00fcndelt IT-Expertise f\u00fcr innovative Enterprise-L\u00f6sungen, KI-gest\u00fctzter Bilderkennung und Sprachverarbeitung\/Chatbots mgm technology partners w\u00e4chst durch den Zusammenschluss auf \u00fcber 750 Mitarbeiterinnen und Mitarbeiter an weltweit 17 Standorten eForce21-Gr\u00fcnder Klaus Schlumpberger bleibt an Bord und verantwortet weiterhin Kunden und Mitarbeiter von eForce21 \u2013 zuk\u00fcnftig als neuen mgm-Standort \u201eM\u00fcnchen S\u00fcd\u201c M\u00fcnchen, 31.07.2020 \u2013\u00a0Das Technologieunternehmen mgm technology partners &hellip; <\/p>\n","protected":false},"author":4,"featured_media":0,"parent":1169,"menu_order":0,"comment_status":"closed","ping_status":"closed","template":"","meta":{"_acf_changed":false,"footnotes":""},"categories":[7],"tags":[],"class_list":["post-2964","page","type-page","status-publish","hentry","category-pressemitteilungen"],"acf":[],"yoast_head":"<!-- This site is optimized with the Yoast SEO plugin v27.4 - https:\/\/yoast.com\/product\/yoast-seo-wordpress\/ -->\n<title>Technologieunternehmen mgm technology partners und eForce21 aus M\u00fcnchen gehen zusammen - Allgeier SE<\/title>\n<meta name=\"robots\" content=\"index, follow, max-snippet:-1, max-image-preview:large, max-video-preview:-1\" \/>\n<link rel=\"canonical\" href=\"https:\/\/www.allgeier.com\/de\/pressroom\/press-releases\/technologieunternehmen-mgm-technology-partners-und-eforce21-aus-munchen-gehen-zusammen\/\" \/>\n<meta property=\"og:locale\" content=\"de_DE\" \/>\n<meta property=\"og:type\" content=\"article\" \/>\n<meta property=\"og:title\" content=\"Technologieunternehmen mgm technology partners und eForce21 aus M\u00fcnchen gehen zusammen - Allgeier SE\" \/>\n<meta property=\"og:description\" content=\"Zusammenschluss b\u00fcndelt IT-Expertise f\u00fcr innovative Enterprise-L\u00f6sungen, KI-gest\u00fctzter Bilderkennung und Sprachverarbeitung\/Chatbots mgm technology partners w\u00e4chst durch den Zusammenschluss auf \u00fcber 750 Mitarbeiterinnen und Mitarbeiter an weltweit 17 Standorten eForce21-Gr\u00fcnder Klaus Schlumpberger bleibt an Bord und verantwortet weiterhin Kunden und Mitarbeiter von eForce21 \u2013 zuk\u00fcnftig als neuen mgm-Standort \u201eM\u00fcnchen S\u00fcd\u201c M\u00fcnchen, 31.07.2020 \u2013\u00a0Das Technologieunternehmen mgm technology partners &hellip;\" \/>\n<meta property=\"og:url\" content=\"https:\/\/www.allgeier.com\/de\/pressroom\/press-releases\/technologieunternehmen-mgm-technology-partners-und-eforce21-aus-munchen-gehen-zusammen\/\" \/>\n<meta property=\"og:site_name\" content=\"Allgeier SE\" \/>\n<meta property=\"article:modified_time\" content=\"2025-02-05T18:36:54+00:00\" \/>\n<meta name=\"twitter:card\" content=\"summary_large_image\" \/>\n<meta name=\"twitter:label1\" content=\"Gesch\u00e4tzte Lesezeit\" \/>\n\t<meta name=\"twitter:data1\" content=\"3\u00a0Minuten\" \/>\n<script type=\"application\/ld+json\" class=\"yoast-schema-graph\">{\"@context\":\"https:\\\/\\\/schema.org\",\"@graph\":[{\"@type\":\"WebPage\",\"@id\":\"https:\\\/\\\/www.allgeier.com\\\/de\\\/pressroom\\\/press-releases\\\/technologieunternehmen-mgm-technology-partners-und-eforce21-aus-munchen-gehen-zusammen\\\/\",\"url\":\"https:\\\/\\\/www.allgeier.com\\\/de\\\/pressroom\\\/press-releases\\\/technologieunternehmen-mgm-technology-partners-und-eforce21-aus-munchen-gehen-zusammen\\\/\",\"name\":\"Technologieunternehmen mgm technology partners und eForce21 aus M\u00fcnchen gehen zusammen - Allgeier SE\",\"isPartOf\":{\"@id\":\"https:\\\/\\\/www.allgeier.com\\\/de\\\/#website\"},\"datePublished\":\"2020-07-31T08:07:00+00:00\",\"dateModified\":\"2025-02-05T18:36:54+00:00\",\"breadcrumb\":{\"@id\":\"https:\\\/\\\/www.allgeier.com\\\/de\\\/pressroom\\\/press-releases\\\/technologieunternehmen-mgm-technology-partners-und-eforce21-aus-munchen-gehen-zusammen\\\/#breadcrumb\"},\"inLanguage\":\"de\",\"potentialAction\":[{\"@type\":\"ReadAction\",\"target\":[\"https:\\\/\\\/www.allgeier.com\\\/de\\\/pressroom\\\/press-releases\\\/technologieunternehmen-mgm-technology-partners-und-eforce21-aus-munchen-gehen-zusammen\\\/\"]}]},{\"@type\":\"BreadcrumbList\",\"@id\":\"https:\\\/\\\/www.allgeier.com\\\/de\\\/pressroom\\\/press-releases\\\/technologieunternehmen-mgm-technology-partners-und-eforce21-aus-munchen-gehen-zusammen\\\/#breadcrumb\",\"itemListElement\":[{\"@type\":\"ListItem\",\"position\":1,\"name\":\"Home\",\"item\":\"https:\\\/\\\/www.allgeier.com\\\/de\\\/\"},{\"@type\":\"ListItem\",\"position\":2,\"name\":\"Presse\",\"item\":\"https:\\\/\\\/www.allgeier.com\\\/de\\\/pressroom\\\/\"},{\"@type\":\"ListItem\",\"position\":3,\"name\":\"Pressemitteilungen\",\"item\":\"https:\\\/\\\/www.allgeier.com\\\/de\\\/pressroom\\\/press-releases\\\/\"},{\"@type\":\"ListItem\",\"position\":4,\"name\":\"Technologieunternehmen mgm technology partners und eForce21 aus M\u00fcnchen gehen zusammen\"}]},{\"@type\":\"WebSite\",\"@id\":\"https:\\\/\\\/www.allgeier.com\\\/de\\\/#website\",\"url\":\"https:\\\/\\\/www.allgeier.com\\\/de\\\/\",\"name\":\"Allgeier SE\",\"description\":\"Software &amp; IT Services for digital transformation\",\"potentialAction\":[{\"@type\":\"SearchAction\",\"target\":{\"@type\":\"EntryPoint\",\"urlTemplate\":\"https:\\\/\\\/www.allgeier.com\\\/de\\\/?s={search_term_string}\"},\"query-input\":{\"@type\":\"PropertyValueSpecification\",\"valueRequired\":true,\"valueName\":\"search_term_string\"}}],\"inLanguage\":\"de\"}]}<\/script>\n<!-- \/ Yoast SEO plugin. -->","yoast_head_json":{"title":"Technologieunternehmen mgm technology partners und eForce21 aus M\u00fcnchen gehen zusammen - Allgeier SE","robots":{"index":"index","follow":"follow","max-snippet":"max-snippet:-1","max-image-preview":"max-image-preview:large","max-video-preview":"max-video-preview:-1"},"canonical":"https:\/\/www.allgeier.com\/de\/pressroom\/press-releases\/technologieunternehmen-mgm-technology-partners-und-eforce21-aus-munchen-gehen-zusammen\/","og_locale":"de_DE","og_type":"article","og_title":"Technologieunternehmen mgm technology partners und eForce21 aus M\u00fcnchen gehen zusammen - Allgeier SE","og_description":"Zusammenschluss b\u00fcndelt IT-Expertise f\u00fcr innovative Enterprise-L\u00f6sungen, KI-gest\u00fctzter Bilderkennung und Sprachverarbeitung\/Chatbots mgm technology partners w\u00e4chst durch den Zusammenschluss auf \u00fcber 750 Mitarbeiterinnen und Mitarbeiter an weltweit 17 Standorten eForce21-Gr\u00fcnder Klaus Schlumpberger bleibt an Bord und verantwortet weiterhin Kunden und Mitarbeiter von eForce21 \u2013 zuk\u00fcnftig als neuen mgm-Standort \u201eM\u00fcnchen S\u00fcd\u201c M\u00fcnchen, 31.07.2020 \u2013\u00a0Das Technologieunternehmen mgm technology partners &hellip;","og_url":"https:\/\/www.allgeier.com\/de\/pressroom\/press-releases\/technologieunternehmen-mgm-technology-partners-und-eforce21-aus-munchen-gehen-zusammen\/","og_site_name":"Allgeier SE","article_modified_time":"2025-02-05T18:36:54+00:00","twitter_card":"summary_large_image","twitter_misc":{"Gesch\u00e4tzte Lesezeit":"3\u00a0Minuten"},"schema":{"@context":"https:\/\/schema.org","@graph":[{"@type":"WebPage","@id":"https:\/\/www.allgeier.com\/de\/pressroom\/press-releases\/technologieunternehmen-mgm-technology-partners-und-eforce21-aus-munchen-gehen-zusammen\/","url":"https:\/\/www.allgeier.com\/de\/pressroom\/press-releases\/technologieunternehmen-mgm-technology-partners-und-eforce21-aus-munchen-gehen-zusammen\/","name":"Technologieunternehmen mgm technology partners und eForce21 aus M\u00fcnchen gehen zusammen - Allgeier SE","isPartOf":{"@id":"https:\/\/www.allgeier.com\/de\/#website"},"datePublished":"2020-07-31T08:07:00+00:00","dateModified":"2025-02-05T18:36:54+00:00","breadcrumb":{"@id":"https:\/\/www.allgeier.com\/de\/pressroom\/press-releases\/technologieunternehmen-mgm-technology-partners-und-eforce21-aus-munchen-gehen-zusammen\/#breadcrumb"},"inLanguage":"de","potentialAction":[{"@type":"ReadAction","target":["https:\/\/www.allgeier.com\/de\/pressroom\/press-releases\/technologieunternehmen-mgm-technology-partners-und-eforce21-aus-munchen-gehen-zusammen\/"]}]},{"@type":"BreadcrumbList","@id":"https:\/\/www.allgeier.com\/de\/pressroom\/press-releases\/technologieunternehmen-mgm-technology-partners-und-eforce21-aus-munchen-gehen-zusammen\/#breadcrumb","itemListElement":[{"@type":"ListItem","position":1,"name":"Home","item":"https:\/\/www.allgeier.com\/de\/"},{"@type":"ListItem","position":2,"name":"Presse","item":"https:\/\/www.allgeier.com\/de\/pressroom\/"},{"@type":"ListItem","position":3,"name":"Pressemitteilungen","item":"https:\/\/www.allgeier.com\/de\/pressroom\/press-releases\/"},{"@type":"ListItem","position":4,"name":"Technologieunternehmen mgm technology partners und eForce21 aus M\u00fcnchen gehen zusammen"}]},{"@type":"WebSite","@id":"https:\/\/www.allgeier.com\/de\/#website","url":"https:\/\/www.allgeier.com\/de\/","name":"Allgeier SE","description":"Software &amp; IT Services for digital transformation","potentialAction":[{"@type":"SearchAction","target":{"@type":"EntryPoint","urlTemplate":"https:\/\/www.allgeier.com\/de\/?s={search_term_string}"},"query-input":{"@type":"PropertyValueSpecification","valueRequired":true,"valueName":"search_term_string"}}],"inLanguage":"de"}]}},"_links":{"self":[{"href":"https:\/\/www.allgeier.com\/de\/wp-json\/wp\/v2\/pages\/2964","targetHints":{"allow":["GET"]}}],"collection":[{"href":"https:\/\/www.allgeier.com\/de\/wp-json\/wp\/v2\/pages"}],"about":[{"href":"https:\/\/www.allgeier.com\/de\/wp-json\/wp\/v2\/types\/page"}],"author":[{"embeddable":true,"href":"https:\/\/www.allgeier.com\/de\/wp-json\/wp\/v2\/users\/4"}],"replies":[{"embeddable":true,"href":"https:\/\/www.allgeier.com\/de\/wp-json\/wp\/v2\/comments?post=2964"}],"version-history":[{"count":1,"href":"https:\/\/www.allgeier.com\/de\/wp-json\/wp\/v2\/pages\/2964\/revisions"}],"predecessor-version":[{"id":6195,"href":"https:\/\/www.allgeier.com\/de\/wp-json\/wp\/v2\/pages\/2964\/revisions\/6195"}],"up":[{"embeddable":true,"href":"https:\/\/www.allgeier.com\/de\/wp-json\/wp\/v2\/pages\/1169"}],"wp:attachment":[{"href":"https:\/\/www.allgeier.com\/de\/wp-json\/wp\/v2\/media?parent=2964"}],"wp:term":[{"taxonomy":"category","embeddable":true,"href":"https:\/\/www.allgeier.com\/de\/wp-json\/wp\/v2\/categories?post=2964"},{"taxonomy":"post_tag","embeddable":true,"href":"https:\/\/www.allgeier.com\/de\/wp-json\/wp\/v2\/tags?post=2964"}],"curies":[{"name":"wp","href":"https:\/\/api.w.org\/{rel}","templated":true}]}}