{"id":3107,"date":"2020-12-09T13:47:28","date_gmt":"2020-12-09T13:47:28","guid":{"rendered":"https:\/\/www.allgeier.com\/de\/?page_id=3107"},"modified":"2025-02-04T18:51:42","modified_gmt":"2025-02-04T18:51:42","slug":"auf-dem-weg-zum-intelligent-enterprise","status":"publish","type":"page","link":"https:\/\/www.allgeier.com\/de\/blog\/auf-dem-weg-zum-intelligent-enterprise\/","title":{"rendered":"Auf dem Weg zum Intelligent Enterprise: Daten als Schl\u00fcsseltechnologie des 21. Jahrhunderts"},"content":{"rendered":"<p><a href=\"https:\/\/www.allgeier.com\/de\/wp-content\/uploads\/sites\/3\/2021\/04\/Intelligent-Enterprise-Header.jpg\"><img loading=\"lazy\" decoding=\"async\" class=\"alignnone size-large wp-image-3198\" src=\"https:\/\/www.allgeier.com\/de\/wp-content\/uploads\/sites\/3\/2021\/04\/Intelligent-Enterprise-Header-1024x576.jpg\" alt=\"\" width=\"1024\" height=\"576\" srcset=\"https:\/\/www.allgeier.com\/de\/wp-content\/uploads\/sites\/3\/2021\/04\/Intelligent-Enterprise-Header-1024x576.jpg 1024w, https:\/\/www.allgeier.com\/de\/wp-content\/uploads\/sites\/3\/2021\/04\/Intelligent-Enterprise-Header-300x169.jpg 300w, https:\/\/www.allgeier.com\/de\/wp-content\/uploads\/sites\/3\/2021\/04\/Intelligent-Enterprise-Header-768x432.jpg 768w, https:\/\/www.allgeier.com\/de\/wp-content\/uploads\/sites\/3\/2021\/04\/Intelligent-Enterprise-Header-1320x743.jpg 1320w, https:\/\/www.allgeier.com\/de\/wp-content\/uploads\/sites\/3\/2021\/04\/Intelligent-Enterprise-Header.jpg 1500w\" sizes=\"auto, (max-width: 1024px) 100vw, 1024px\" \/><\/a><\/p>\n<p>Big Data, Internet of Things (IoT), Reality-Technologien wie AR und VR, k\u00fcnstliche Intelligenz \u2012 Unternehmen haben nicht nur immer mehr M\u00f6glichkeiten interne Prozesse und Business-Strategien mit digitalen Mitteln smarter zu organisieren. Sie handeln auch: Die Investitionen in digitale Zukunftstechnologien wachsen rasant. Nach einer Studie der International Data Corporation (IDC) werden im Jahr 2019 weltweit etwa 1,25 Billionen US-Dollar in Produkte und Services des digitalen Wandels investiert werden. F\u00fcr den Zeitraum zwischen 2017 und 2022 prognostiziert das IT-Marktforschungsinstitut eine\u00a0j\u00e4hrliche Wachstumsrate von durchschnittlich 16,7 Prozent.<\/p>\n<p><a href=\"https:\/\/www.allgeier.com\/de\/wp-content\/uploads\/sites\/3\/2021\/04\/Intelligent-Enterprise-IT-Investments.png\"><img loading=\"lazy\" decoding=\"async\" class=\"alignnone wp-image-3200 size-large\" src=\"https:\/\/www.allgeier.com\/de\/wp-content\/uploads\/sites\/3\/2021\/04\/Intelligent-Enterprise-IT-Investments-1024x341.png\" alt=\"\" width=\"1024\" height=\"341\" srcset=\"https:\/\/www.allgeier.com\/de\/wp-content\/uploads\/sites\/3\/2021\/04\/Intelligent-Enterprise-IT-Investments-1024x341.png 1024w, https:\/\/www.allgeier.com\/de\/wp-content\/uploads\/sites\/3\/2021\/04\/Intelligent-Enterprise-IT-Investments-300x100.png 300w, https:\/\/www.allgeier.com\/de\/wp-content\/uploads\/sites\/3\/2021\/04\/Intelligent-Enterprise-IT-Investments-768x256.png 768w, https:\/\/www.allgeier.com\/de\/wp-content\/uploads\/sites\/3\/2021\/04\/Intelligent-Enterprise-IT-Investments-1536x512.png 1536w, https:\/\/www.allgeier.com\/de\/wp-content\/uploads\/sites\/3\/2021\/04\/Intelligent-Enterprise-IT-Investments-1320x440.png 1320w, https:\/\/www.allgeier.com\/de\/wp-content\/uploads\/sites\/3\/2021\/04\/Intelligent-Enterprise-IT-Investments.png 1908w\" sizes=\"auto, (max-width: 1024px) 100vw, 1024px\" \/><\/a><\/p>\n<p><strong><i>Unternehmen auf der ganzen Welt steigern ihre IT-Investitionen in das Intelligent Enterprise. (Source:<\/i><\/strong>\u00a0<strong><i>IDC<\/i><\/strong><strong><i>)<\/i><\/strong><\/p>\n<p>Hinter dieser Entwicklung steht eine brutale Logik: Digitale Technologien sind in vielen Branchen nicht mehr nur eine Option, um im Wettbewerb Bonuspunkte zu sammeln, sondern pure Notwendigkeit, um auch in Zukunft \u00fcberhaupt am Markt bestehen zu k\u00f6nnen. Entscheidend ist deshalb nicht, dass Sie in digitale Technologien investieren, sondern wie Sie Ihre Investitionen in die Digitalisierung f\u00fcr ihr Unternehmen optimal nutzbar machen.<\/p>\n<h2>Daten sind der Schl\u00fcssel zum Intelligent Enterprise<\/h2>\n<p>Bei vielen Unternehmen sieht es heute so aus, dass der Gro\u00dfteil des IT-Budgets darauf entf\u00e4llt, den laufenden Betrieb der vorhandenen digitalen Infrastruktur sicherzustellen. Hinzu kommt: Zahlreiche interne Richtlinien und Regulierungen bremsen technologische Innovationen aus und auf der F\u00fchrungsebene herrscht oftmals Angst vor den Risiken, die Investitionen in Zukunftstechnologien mit sich bringen. Auf diese Weise bleibt ein wichtiges Asset der Digitalisierung weitgehend ungenutzt: Daten.<\/p>\n<p>Obwohl die Bedeutung von Big Data seit Jahren bekannt ist, besteht in vielen Unternehmen bei den Themen Datenmanagement, Analytics und datenbasierte Anwendungen ein erschreckend gro\u00dfer Nachholbedarf. Das liegt zum Teil sicherlich auch daran, dass in Zusammenhang mit Big Data lange Zeit viele falsche Informationen und windige Heilsversprechen kursierten, die an der Unternehmenspraxis vorbeigingen. Auf der anderen Seite mangelt es bei vielen Entscheidern jedoch an der Vorstellungskraft, wie durch das datenbasierten, vernetzte Intelligent Enterprise Gesch\u00e4ftsprozesse und Kundenbeziehungen in Zukunft v\u00f6llig neu gestaltet werden k\u00f6nnen.<\/p>\n<h2>Wie Daten unsere Arbeit in Zukunft ver\u00e4ndern werden<\/h2>\n<p>In unserem Alltag bewegen wir uns l\u00e4ngst in einer datengetriebenen Welt. Wir nutzen intelligente Algorithmen um in Echtzeit Verkehrsinformationen mit Prognosen \u00fcber Streckenverl\u00e4ufe und g\u00fcnstigste Routen auf dem Smartphone zu empfangen, folgen in fremden St\u00e4dten den Kundenbewertungen unserer Restaurant-App oder profitieren beim Einkauf von den Empfehlungen der Analytics-Engine im Onlineshop unseres Vertrauens. Beim Checkout zahlen wir digital und erwarten ganz selbstverst\u00e4ndlich, dass alle Systeme, die wir benutzen, reibungslos und benutzerfreundlich ineinandergreifen.<\/p>\n<p>Das Intelligent Enterprise muss sich an diesen Erfahrungen aus der digitalen Lebenspraxis orientieren. Der intelligente Umgang mit Big Data muss im Unternehmen so gel\u00f6st werden, dass unsere Arbeit durch den Einsatz smarter Systeme auf ein anderes Level gehoben werden kann, indem uns intelligente Maschinen bei Gesch\u00e4ftsprozessen entlasten und mit wertvollen Informationen versorgen. Dazu z\u00e4hlen folgende Aufgaben:<\/p>\n<ul>\n<li>Die Priorisierung von Arbeitsabl\u00e4ufen aufgrund datenbasierter Erkenntnisse.<\/li>\n<li>Die automatisierte Ausgabe von Vorschl\u00e4gen f\u00fcr L\u00f6sungsans\u00e4tze bei der Bearbeitung einfacher Probleme.<\/li>\n<li>Die automatisierte Abarbeitung st\u00e4ndig wiederkehrender Aufgaben nach intelligenten, lernf\u00e4higen Verfahren.<\/li>\n<li>Die schnelle Analyse gro\u00dfer Datenmengen hinsichtlich darin verborgener Regeln und Muster, um Entscheidungen im Unternehmen auf eine genauere Grundlage zu stellen.<\/li>\n<\/ul>\n<h2>PAML-Technologien treiben den digitalen Wandel voran<\/h2>\n<p>Die wichtigsten Technologien f\u00fcr den Aufbau eines Intelligent Enterprise sind\u00a0<a href=\"https:\/\/www.allgeier.com\/de\/solutions-and-services\/big-data-business-intelligence\/\">Predictive Analytics und Machine Learning<\/a>\u00a0(PAML). Sie steuern flexible Betriebsprozesse, stellen Informationen f\u00fcr Entscheidungen bereit und gew\u00e4hren in einem zuvor nicht f\u00fcr m\u00f6glich gehaltenen Umfang Einblicke in die Basis jedes erfolgreichen Unternehmens: die Kunden.<\/p>\n<p><strong>Machine Learning<\/strong>\u00a0ist die Kernanwendungen f\u00fcr den Einsatz von Artificial Intelligence (AI) in der Unternehmenspraxis. Das Verfahren arbeitet mit selbstadaptiven Algorithmen, die systematisch Daten aufnehmen und auf Grundlage dieser Daten Modelle entwickeln, mit denen sich Vorhersagen erstellen oder Muster identifizieren lassen. Machine Learning ist eine l\u00f6sungsorientierte Anwendungsform von Artificial Intelligence: Auf Grundlage der identifizierten Muster und Regelm\u00e4\u00dfigkeiten wird es in einem Gesch\u00e4ftsprozess m\u00f6glich, vorhandene Abl\u00e4ufe automatisiert zu ver\u00e4ndern und an die aktuelle Ist-Situation anzupassen.<\/p>\n<p><strong>Predictive Analytics<\/strong>\u00a0ist eine statistische Methode, die auf verschiedenen Analysefunktionen wie Machine Learning, Data-Mining oder Echtzeitscoring zur\u00fcckgreift. Sie ist an einem eng definierten Gesch\u00e4ftsziel ausgerichtet ist. Das kann zum Beispiel die Wahrscheinlichkeit eines Kundenverhaltens sein oder das Funktionsintervall einer technischen Anlage. Dazu werden relevante Daten gesammelt und in ein statistisches Modell \u00fcberf\u00fchrt, auf dessen Grundlage Vorhersagen getroffen werden k\u00f6nnen. Durch die Einspeisung neuer Daten und deren Abgleich mit zuvor gemachten Vorhersagen steigert dieses Verfahren permanent seine Leistungsf\u00e4higkeit. Predictive Analytics versetzen Unternehmen so in die Lage, auf wichtigen Gesch\u00e4ftsfeldern stichhaltige Voraussagen \u00fcber zuk\u00fcnftige Entwicklungen zu machen.<\/p>\n<p><a href=\"https:\/\/www.allgeier.com\/de\/wp-content\/uploads\/sites\/3\/2021\/04\/Intelligent-Enterprise-Machine-Learning-and-Predictive-Analysis.png\"><img loading=\"lazy\" decoding=\"async\" class=\"alignnone size-large wp-image-3201\" src=\"https:\/\/www.allgeier.com\/de\/wp-content\/uploads\/sites\/3\/2021\/04\/Intelligent-Enterprise-Machine-Learning-and-Predictive-Analysis-1024x477.png\" alt=\"\" width=\"1024\" height=\"477\" srcset=\"https:\/\/www.allgeier.com\/de\/wp-content\/uploads\/sites\/3\/2021\/04\/Intelligent-Enterprise-Machine-Learning-and-Predictive-Analysis-1024x477.png 1024w, https:\/\/www.allgeier.com\/de\/wp-content\/uploads\/sites\/3\/2021\/04\/Intelligent-Enterprise-Machine-Learning-and-Predictive-Analysis-300x140.png 300w, https:\/\/www.allgeier.com\/de\/wp-content\/uploads\/sites\/3\/2021\/04\/Intelligent-Enterprise-Machine-Learning-and-Predictive-Analysis-768x357.png 768w, https:\/\/www.allgeier.com\/de\/wp-content\/uploads\/sites\/3\/2021\/04\/Intelligent-Enterprise-Machine-Learning-and-Predictive-Analysis-1536x715.png 1536w, https:\/\/www.allgeier.com\/de\/wp-content\/uploads\/sites\/3\/2021\/04\/Intelligent-Enterprise-Machine-Learning-and-Predictive-Analysis-2048x953.png 2048w, https:\/\/www.allgeier.com\/de\/wp-content\/uploads\/sites\/3\/2021\/04\/Intelligent-Enterprise-Machine-Learning-and-Predictive-Analysis-1320x614.png 1320w\" sizes=\"auto, (max-width: 1024px) 100vw, 1024px\" \/><\/a><\/p>\n<p><strong><em>Machine Learning und Predictive sind Schl\u00fcsseltechnologien f\u00fcr das Intelligent Enterprise.<\/em><\/strong><\/p>\n<h2>Schritt f\u00fcr Schritt zum Intelligent Enterprise<\/h2>\n<p>Der Wandel zum Intelligent Enterprise ist f\u00fcr jedes Unternehmen ein Sprung in eine neue digitale \u00c4ra. In vielen Unternehmen haben sich im Verlauf der Digitalisierung \u00fcber die Business-Units hinweg viele propriet\u00e4re IT-L\u00f6sungen eingenistet, die nicht oder nur schwer miteinander kompatibel sind. Parallel dazu liegen viele Daten in abgeschotteten Systemen brach und werden nur in eng definierte Prozesse eingebunden. Auf dem Weg zum Intelligent Enterprise ist es deshalb unerl\u00e4sslich einen neuen Evolutionszyklus im Unternehmen einzuleiten.<\/p>\n<p>Die gute Nachricht ist: Smarte Technologien wie Machine Learning und Predictive Analytics gew\u00e4hren jedem Player die M\u00f6glichkeit, Gesch\u00e4ftsprozesse schrittweise auf einen datenbasierten Ansatz umzustellen. Sie m\u00fcssen nicht mehr auf die eine gro\u00dfe technologische L\u00f6sung warten, sondern haben es selbst in der Hand, strategische Schwerpunkte zu setzen und eine agile Kultur zu etablieren, mit der die Innovationskraft digitaler Technologien in bessere Produkte, Services und Prozesse umgem\u00fcnzt wird.<\/p>\n<p>Neben einem streng kundenorientierten Blick auf den Markt und hochmotivierten, digitalaffinen Mitarbeitern ist das nicht ohne externe Hilfe zu stemmen. Bahnbrechende Technologien lassen sich nicht immer inhouse entwickeln, pflegen und ausbauen. Das Intelligent Enterprise steht deshalb auch f\u00fcr eine neue Zeit, in der es f\u00fcr Unternehmen immer wichtiger wird, mit den richtigen strategischen Partnern ein vertrauensvolles Netzwerk der Zusammenarbeit aufzubauen.<\/p>\n<p><strong>Allgeier begleitet Sie als Partner beim Umbau Ihres Unternehmens zum Intelligent Enterprise.\u00a0<\/strong><a href=\"https:\/\/www.allgeier.com\/de\/contact\/\"><strong>Sprechen Sie uns an<\/strong><\/a><strong>!<\/strong><\/p>\n<p>Umang Garg, der Hauptautor dieses Blog-Beitrags, ist Director und Global Practice Leader bei\u00a0<a href=\"https:\/\/www.nagarro.com\/en\">Nagarro<\/a>. Sie k\u00f6nnen Umang auf\u00a0<a href=\"https:\/\/in.linkedin.com\/in\/ugarg\">LinkedIn<\/a>\u00a0folgen. Anurag Sahay, Michel Dorochevksy und Damianos Soumelidis von Nagarro sind Co-Autoren dieses Blog-Beitrags.<\/p>\n","protected":false},"excerpt":{"rendered":"<p>Big Data, Internet of Things (IoT), Reality-Technologien wie AR und VR, k\u00fcnstliche Intelligenz \u2012 Unternehmen haben nicht nur immer mehr M\u00f6glichkeiten interne Prozesse und Business-Strategien mit digitalen Mitteln smarter zu organisieren. Sie handeln auch: Die Investitionen in digitale Zukunftstechnologien wachsen rasant. Nach einer Studie der International Data Corporation (IDC) werden im Jahr 2019 weltweit etwa &hellip; <\/p>\n","protected":false},"author":1,"featured_media":3198,"parent":3106,"menu_order":0,"comment_status":"closed","ping_status":"closed","template":"","meta":{"_acf_changed":false,"footnotes":""},"categories":[9],"tags":[],"class_list":["post-3107","page","type-page","status-publish","has-post-thumbnail","hentry","category-news"],"acf":[],"yoast_head":"<!-- This site is optimized with the Yoast SEO plugin v27.4 - https:\/\/yoast.com\/product\/yoast-seo-wordpress\/ -->\n<title>Auf dem Weg zum Intelligent Enterprise: Daten als Schl\u00fcsseltechnologie des 21. Jahrhunderts - Allgeier SE<\/title>\n<meta name=\"robots\" content=\"index, follow, max-snippet:-1, max-image-preview:large, max-video-preview:-1\" \/>\n<link rel=\"canonical\" href=\"https:\/\/www.allgeier.com\/de\/blog\/auf-dem-weg-zum-intelligent-enterprise\/\" \/>\n<meta property=\"og:locale\" content=\"de_DE\" \/>\n<meta property=\"og:type\" content=\"article\" \/>\n<meta property=\"og:title\" content=\"Auf dem Weg zum Intelligent Enterprise: Daten als Schl\u00fcsseltechnologie des 21. Jahrhunderts - Allgeier SE\" \/>\n<meta property=\"og:description\" content=\"Big Data, Internet of Things (IoT), Reality-Technologien wie AR und VR, k\u00fcnstliche Intelligenz \u2012 Unternehmen haben nicht nur immer mehr M\u00f6glichkeiten interne Prozesse und Business-Strategien mit digitalen Mitteln smarter zu organisieren. Sie handeln auch: Die Investitionen in digitale Zukunftstechnologien wachsen rasant. Nach einer Studie der International Data Corporation (IDC) werden im Jahr 2019 weltweit etwa &hellip;\" \/>\n<meta property=\"og:url\" content=\"https:\/\/www.allgeier.com\/de\/blog\/auf-dem-weg-zum-intelligent-enterprise\/\" \/>\n<meta property=\"og:site_name\" content=\"Allgeier SE\" \/>\n<meta property=\"article:modified_time\" content=\"2025-02-04T18:51:42+00:00\" \/>\n<meta property=\"og:image\" content=\"https:\/\/www.allgeier.com\/de\/wp-content\/uploads\/sites\/3\/2021\/04\/Intelligent-Enterprise-Header.jpg\" \/>\n\t<meta property=\"og:image:width\" content=\"1500\" \/>\n\t<meta property=\"og:image:height\" content=\"844\" \/>\n\t<meta property=\"og:image:type\" content=\"image\/jpeg\" \/>\n<meta name=\"twitter:card\" content=\"summary_large_image\" \/>\n<meta name=\"twitter:label1\" content=\"Gesch\u00e4tzte Lesezeit\" \/>\n\t<meta name=\"twitter:data1\" content=\"5\u00a0Minuten\" \/>\n<script type=\"application\/ld+json\" class=\"yoast-schema-graph\">{\"@context\":\"https:\\\/\\\/schema.org\",\"@graph\":[{\"@type\":\"WebPage\",\"@id\":\"https:\\\/\\\/www.allgeier.com\\\/de\\\/blog\\\/auf-dem-weg-zum-intelligent-enterprise\\\/\",\"url\":\"https:\\\/\\\/www.allgeier.com\\\/de\\\/blog\\\/auf-dem-weg-zum-intelligent-enterprise\\\/\",\"name\":\"Auf dem Weg zum Intelligent Enterprise: Daten als Schl\u00fcsseltechnologie des 21. Jahrhunderts - Allgeier SE\",\"isPartOf\":{\"@id\":\"https:\\\/\\\/www.allgeier.com\\\/de\\\/#website\"},\"primaryImageOfPage\":{\"@id\":\"https:\\\/\\\/www.allgeier.com\\\/de\\\/blog\\\/auf-dem-weg-zum-intelligent-enterprise\\\/#primaryimage\"},\"image\":{\"@id\":\"https:\\\/\\\/www.allgeier.com\\\/de\\\/blog\\\/auf-dem-weg-zum-intelligent-enterprise\\\/#primaryimage\"},\"thumbnailUrl\":\"https:\\\/\\\/www.allgeier.com\\\/de\\\/wp-content\\\/uploads\\\/sites\\\/3\\\/2021\\\/04\\\/Intelligent-Enterprise-Header.jpg\",\"datePublished\":\"2020-12-09T13:47:28+00:00\",\"dateModified\":\"2025-02-04T18:51:42+00:00\",\"breadcrumb\":{\"@id\":\"https:\\\/\\\/www.allgeier.com\\\/de\\\/blog\\\/auf-dem-weg-zum-intelligent-enterprise\\\/#breadcrumb\"},\"inLanguage\":\"de\",\"potentialAction\":[{\"@type\":\"ReadAction\",\"target\":[\"https:\\\/\\\/www.allgeier.com\\\/de\\\/blog\\\/auf-dem-weg-zum-intelligent-enterprise\\\/\"]}]},{\"@type\":\"ImageObject\",\"inLanguage\":\"de\",\"@id\":\"https:\\\/\\\/www.allgeier.com\\\/de\\\/blog\\\/auf-dem-weg-zum-intelligent-enterprise\\\/#primaryimage\",\"url\":\"https:\\\/\\\/www.allgeier.com\\\/de\\\/wp-content\\\/uploads\\\/sites\\\/3\\\/2021\\\/04\\\/Intelligent-Enterprise-Header.jpg\",\"contentUrl\":\"https:\\\/\\\/www.allgeier.com\\\/de\\\/wp-content\\\/uploads\\\/sites\\\/3\\\/2021\\\/04\\\/Intelligent-Enterprise-Header.jpg\",\"width\":1500,\"height\":844},{\"@type\":\"BreadcrumbList\",\"@id\":\"https:\\\/\\\/www.allgeier.com\\\/de\\\/blog\\\/auf-dem-weg-zum-intelligent-enterprise\\\/#breadcrumb\",\"itemListElement\":[{\"@type\":\"ListItem\",\"position\":1,\"name\":\"Home\",\"item\":\"https:\\\/\\\/www.allgeier.com\\\/de\\\/\"},{\"@type\":\"ListItem\",\"position\":2,\"name\":\"Blog\",\"item\":\"https:\\\/\\\/www.allgeier.com\\\/de\\\/blog\\\/\"},{\"@type\":\"ListItem\",\"position\":3,\"name\":\"Auf dem Weg zum Intelligent Enterprise: Daten als Schl\u00fcsseltechnologie des 21. Jahrhunderts\"}]},{\"@type\":\"WebSite\",\"@id\":\"https:\\\/\\\/www.allgeier.com\\\/de\\\/#website\",\"url\":\"https:\\\/\\\/www.allgeier.com\\\/de\\\/\",\"name\":\"Allgeier SE\",\"description\":\"Software &amp; IT Services for digital transformation\",\"potentialAction\":[{\"@type\":\"SearchAction\",\"target\":{\"@type\":\"EntryPoint\",\"urlTemplate\":\"https:\\\/\\\/www.allgeier.com\\\/de\\\/?s={search_term_string}\"},\"query-input\":{\"@type\":\"PropertyValueSpecification\",\"valueRequired\":true,\"valueName\":\"search_term_string\"}}],\"inLanguage\":\"de\"}]}<\/script>\n<!-- \/ Yoast SEO plugin. -->","yoast_head_json":{"title":"Auf dem Weg zum Intelligent Enterprise: Daten als Schl\u00fcsseltechnologie des 21. Jahrhunderts - Allgeier SE","robots":{"index":"index","follow":"follow","max-snippet":"max-snippet:-1","max-image-preview":"max-image-preview:large","max-video-preview":"max-video-preview:-1"},"canonical":"https:\/\/www.allgeier.com\/de\/blog\/auf-dem-weg-zum-intelligent-enterprise\/","og_locale":"de_DE","og_type":"article","og_title":"Auf dem Weg zum Intelligent Enterprise: Daten als Schl\u00fcsseltechnologie des 21. Jahrhunderts - Allgeier SE","og_description":"Big Data, Internet of Things (IoT), Reality-Technologien wie AR und VR, k\u00fcnstliche Intelligenz \u2012 Unternehmen haben nicht nur immer mehr M\u00f6glichkeiten interne Prozesse und Business-Strategien mit digitalen Mitteln smarter zu organisieren. Sie handeln auch: Die Investitionen in digitale Zukunftstechnologien wachsen rasant. Nach einer Studie der International Data Corporation (IDC) werden im Jahr 2019 weltweit etwa &hellip;","og_url":"https:\/\/www.allgeier.com\/de\/blog\/auf-dem-weg-zum-intelligent-enterprise\/","og_site_name":"Allgeier SE","article_modified_time":"2025-02-04T18:51:42+00:00","og_image":[{"width":1500,"height":844,"url":"https:\/\/www.allgeier.com\/de\/wp-content\/uploads\/sites\/3\/2021\/04\/Intelligent-Enterprise-Header.jpg","type":"image\/jpeg"}],"twitter_card":"summary_large_image","twitter_misc":{"Gesch\u00e4tzte Lesezeit":"5\u00a0Minuten"},"schema":{"@context":"https:\/\/schema.org","@graph":[{"@type":"WebPage","@id":"https:\/\/www.allgeier.com\/de\/blog\/auf-dem-weg-zum-intelligent-enterprise\/","url":"https:\/\/www.allgeier.com\/de\/blog\/auf-dem-weg-zum-intelligent-enterprise\/","name":"Auf dem Weg zum Intelligent Enterprise: Daten als Schl\u00fcsseltechnologie des 21. Jahrhunderts - Allgeier SE","isPartOf":{"@id":"https:\/\/www.allgeier.com\/de\/#website"},"primaryImageOfPage":{"@id":"https:\/\/www.allgeier.com\/de\/blog\/auf-dem-weg-zum-intelligent-enterprise\/#primaryimage"},"image":{"@id":"https:\/\/www.allgeier.com\/de\/blog\/auf-dem-weg-zum-intelligent-enterprise\/#primaryimage"},"thumbnailUrl":"https:\/\/www.allgeier.com\/de\/wp-content\/uploads\/sites\/3\/2021\/04\/Intelligent-Enterprise-Header.jpg","datePublished":"2020-12-09T13:47:28+00:00","dateModified":"2025-02-04T18:51:42+00:00","breadcrumb":{"@id":"https:\/\/www.allgeier.com\/de\/blog\/auf-dem-weg-zum-intelligent-enterprise\/#breadcrumb"},"inLanguage":"de","potentialAction":[{"@type":"ReadAction","target":["https:\/\/www.allgeier.com\/de\/blog\/auf-dem-weg-zum-intelligent-enterprise\/"]}]},{"@type":"ImageObject","inLanguage":"de","@id":"https:\/\/www.allgeier.com\/de\/blog\/auf-dem-weg-zum-intelligent-enterprise\/#primaryimage","url":"https:\/\/www.allgeier.com\/de\/wp-content\/uploads\/sites\/3\/2021\/04\/Intelligent-Enterprise-Header.jpg","contentUrl":"https:\/\/www.allgeier.com\/de\/wp-content\/uploads\/sites\/3\/2021\/04\/Intelligent-Enterprise-Header.jpg","width":1500,"height":844},{"@type":"BreadcrumbList","@id":"https:\/\/www.allgeier.com\/de\/blog\/auf-dem-weg-zum-intelligent-enterprise\/#breadcrumb","itemListElement":[{"@type":"ListItem","position":1,"name":"Home","item":"https:\/\/www.allgeier.com\/de\/"},{"@type":"ListItem","position":2,"name":"Blog","item":"https:\/\/www.allgeier.com\/de\/blog\/"},{"@type":"ListItem","position":3,"name":"Auf dem Weg zum Intelligent Enterprise: Daten als Schl\u00fcsseltechnologie des 21. Jahrhunderts"}]},{"@type":"WebSite","@id":"https:\/\/www.allgeier.com\/de\/#website","url":"https:\/\/www.allgeier.com\/de\/","name":"Allgeier SE","description":"Software &amp; IT Services for digital transformation","potentialAction":[{"@type":"SearchAction","target":{"@type":"EntryPoint","urlTemplate":"https:\/\/www.allgeier.com\/de\/?s={search_term_string}"},"query-input":{"@type":"PropertyValueSpecification","valueRequired":true,"valueName":"search_term_string"}}],"inLanguage":"de"}]}},"_links":{"self":[{"href":"https:\/\/www.allgeier.com\/de\/wp-json\/wp\/v2\/pages\/3107","targetHints":{"allow":["GET"]}}],"collection":[{"href":"https:\/\/www.allgeier.com\/de\/wp-json\/wp\/v2\/pages"}],"about":[{"href":"https:\/\/www.allgeier.com\/de\/wp-json\/wp\/v2\/types\/page"}],"author":[{"embeddable":true,"href":"https:\/\/www.allgeier.com\/de\/wp-json\/wp\/v2\/users\/1"}],"replies":[{"embeddable":true,"href":"https:\/\/www.allgeier.com\/de\/wp-json\/wp\/v2\/comments?post=3107"}],"version-history":[{"count":2,"href":"https:\/\/www.allgeier.com\/de\/wp-json\/wp\/v2\/pages\/3107\/revisions"}],"predecessor-version":[{"id":6137,"href":"https:\/\/www.allgeier.com\/de\/wp-json\/wp\/v2\/pages\/3107\/revisions\/6137"}],"up":[{"embeddable":true,"href":"https:\/\/www.allgeier.com\/de\/wp-json\/wp\/v2\/pages\/3106"}],"wp:featuredmedia":[{"embeddable":true,"href":"https:\/\/www.allgeier.com\/de\/wp-json\/wp\/v2\/media\/3198"}],"wp:attachment":[{"href":"https:\/\/www.allgeier.com\/de\/wp-json\/wp\/v2\/media?parent=3107"}],"wp:term":[{"taxonomy":"category","embeddable":true,"href":"https:\/\/www.allgeier.com\/de\/wp-json\/wp\/v2\/categories?post=3107"},{"taxonomy":"post_tag","embeddable":true,"href":"https:\/\/www.allgeier.com\/de\/wp-json\/wp\/v2\/tags?post=3107"}],"curies":[{"name":"wp","href":"https:\/\/api.w.org\/{rel}","templated":true}]}}