{"id":3139,"date":"2021-01-05T10:35:29","date_gmt":"2021-01-05T10:35:29","guid":{"rendered":"https:\/\/www.allgeier.com\/de\/?page_id=3139"},"modified":"2025-02-05T18:36:54","modified_gmt":"2025-02-05T18:36:54","slug":"spenden-statt-schenken-allgeier-experts-unterstutzt-unicef-kinder-und-familien-vor-covid-19-zu-schutzen","status":"publish","type":"page","link":"https:\/\/www.allgeier.com\/de\/pressroom\/press-releases\/spenden-statt-schenken-allgeier-experts-unterstutzt-unicef-kinder-und-familien-vor-covid-19-zu-schutzen\/","title":{"rendered":"Spenden statt Schenken: Allgeier Experts unterst\u00fctzt UNICEF, Kinder und Familien vor Covid-19 zu sch\u00fctzen"},"content":{"rendered":"<p style=\"text-align: left\"><strong><em>Wiesbaden, 22. Dezember 2020 \u2013<\/em> Wir alle sch\u00fctzen uns und unsere Familien vor dem Coronavirus. Doch es gibt Kinder und Familien, die der Pandemie nahezu schutzlos ausgeliefert sind. Fl\u00fcchtlinge, die in einem Lager in Syrien, Griechenland oder in einem Rohingya-Camp in Bangladesch leben, k\u00f6nnen keine Abstandsregeln einhalten. Allgeier Experts spendet auch in diesem Jahr, um mit UNICEF dringend ben\u00f6tigte Hilfsg\u00fcter in die Krisengebiete zu schicken.<br \/>\n<\/strong><\/p>\n<p style=\"text-align: left\">Kein Abstand, kein sauberes Wasser, keine Hygieneartikel &#8211; stattdessen Sanit\u00e4ranlagen, die sie sich mit Hunderten anderen Menschen teilen m\u00fcssen. So sieht der Alltag f\u00fcr Fl\u00fcchtlinge zu Pandemiezeiten in Krisengebieten aus. Das m\u00f6chte Allgeier Experts nicht ignorieren. Somit hat sich Allgeier Experts dieses Jahr gegen Weihnachtsgeschenke f\u00fcr Kunden und Experten entschieden und f\u00fcr eine Spende an das Kinderhilfswerk der Vereinten Nationen (UNICEF).<\/p>\n<p style=\"text-align: left\">\u201eDas aktuelle Jahr war f\u00fcr uns alle sehr herausfordernd, die Pandemie hatte und hat uns fest im Griff. Doch wir konnten Schutzma\u00dfnahmen gegen Covid-19 ergreifen, die Kinder und Familien in den Fl\u00fcchtlingscamps jedoch nicht. Sie sind der Gefahr ausgeliefert, sich mit dem Virus anzustecken. Wir m\u00f6chten helfen, indem wir effektive Hygieneartikel und Medizinprodukte ins Krisengebiet schicken. So k\u00f6nnen wir zumindest einen kleinen Beitrag leisten\u201c, sagt Patrick Mildner, Vorstand der Allgeier Experts SE.<\/p>\n<p style=\"text-align: left\">Eine Spende, die ankommt: Seife ist hierzulande in der Regel kein Luxusgut \u2013 in Fl\u00fcchtlingscamps und Krisengebieten dagegen schon. Mit unserer Spende kann UNICEF 12.000 St\u00fccke Seife beschaffen, die gleicherma\u00dfen f\u00fcr Babys und Erwachsene geeignet ist und auch f\u00fcr medizinische Zwecke wie zur Desinfektion eingesetzt wird. UNICEF k\u00e4mpft an vielen Fronten gegen die Ausbreitung von Covid-19 und Allgeier Experts k\u00e4mpft mit!<\/p>\n<p style=\"text-align: left\"><strong>\u00dcber Allgeier Experts SE<\/strong><br \/>\nEXPERTEN, INNOVATIONEN &amp; BUSINESS L\u00d6SUNGEN &#8211; alles aus einem Haus f\u00fcr die digitale Zukunft: Allgeier Experts geh\u00f6rt zu den f\u00fchrenden IT-Personaldienstleistern in Deutschland. Wir bieten ein umfangreiches Personalgesch\u00e4ft \u00fcber alle Vertragsarten an. Zukunftsorientierte Technologien und ein skalierbares L\u00f6sungsgesch\u00e4ft runden das starke Portfolio innerhalb der Allgeier-Gruppe ab! Mit einem der gr\u00f6\u00dften Expertenpools Deutschlands, hochqualifizierten Mitarbeitern und Freiberuflern, eigenen Job-Portalen und Social Professional Networks vermitteln wir Unternehmen die passenden Fachkr\u00e4fte f\u00fcr ihre Projekte \u2013 pers\u00f6nlich, kompetent, professionell. Das schafft Vertrauen: Mehr als 700 Kunden setzen seit 1987 auf unser Know-how und unsere Experten.<\/p>\n","protected":false},"excerpt":{"rendered":"<p>Wiesbaden, 22. Dezember 2020 \u2013 Wir alle sch\u00fctzen uns und unsere Familien vor dem Coronavirus. Doch es gibt Kinder und Familien, die der Pandemie nahezu schutzlos ausgeliefert sind. Fl\u00fcchtlinge, die in einem Lager in Syrien, Griechenland oder in einem Rohingya-Camp in Bangladesch leben, k\u00f6nnen keine Abstandsregeln einhalten. Allgeier Experts spendet auch in diesem Jahr, um &hellip; <\/p>\n","protected":false},"author":4,"featured_media":0,"parent":1169,"menu_order":0,"comment_status":"closed","ping_status":"closed","template":"","meta":{"_acf_changed":false,"footnotes":""},"categories":[7],"tags":[],"class_list":["post-3139","page","type-page","status-publish","hentry","category-pressemitteilungen"],"acf":[],"yoast_head":"<!-- This site is optimized with the Yoast SEO plugin v27.2 - https:\/\/yoast.com\/product\/yoast-seo-wordpress\/ -->\n<title>Spenden statt Schenken: Allgeier Experts unterst\u00fctzt UNICEF, Kinder und Familien vor Covid-19 zu sch\u00fctzen - Allgeier SE<\/title>\n<meta name=\"robots\" content=\"index, follow, max-snippet:-1, max-image-preview:large, max-video-preview:-1\" \/>\n<link rel=\"canonical\" href=\"https:\/\/www.allgeier.com\/de\/pressroom\/press-releases\/spenden-statt-schenken-allgeier-experts-unterstutzt-unicef-kinder-und-familien-vor-covid-19-zu-schutzen\/\" \/>\n<meta property=\"og:locale\" content=\"de_DE\" \/>\n<meta property=\"og:type\" content=\"article\" \/>\n<meta property=\"og:title\" content=\"Spenden statt Schenken: Allgeier Experts unterst\u00fctzt UNICEF, Kinder und Familien vor Covid-19 zu sch\u00fctzen - Allgeier SE\" \/>\n<meta property=\"og:description\" content=\"Wiesbaden, 22. Dezember 2020 \u2013 Wir alle sch\u00fctzen uns und unsere Familien vor dem Coronavirus. Doch es gibt Kinder und Familien, die der Pandemie nahezu schutzlos ausgeliefert sind. Fl\u00fcchtlinge, die in einem Lager in Syrien, Griechenland oder in einem Rohingya-Camp in Bangladesch leben, k\u00f6nnen keine Abstandsregeln einhalten. Allgeier Experts spendet auch in diesem Jahr, um &hellip;\" \/>\n<meta property=\"og:url\" content=\"https:\/\/www.allgeier.com\/de\/pressroom\/press-releases\/spenden-statt-schenken-allgeier-experts-unterstutzt-unicef-kinder-und-familien-vor-covid-19-zu-schutzen\/\" \/>\n<meta property=\"og:site_name\" content=\"Allgeier SE\" \/>\n<meta property=\"article:modified_time\" content=\"2025-02-05T18:36:54+00:00\" \/>\n<meta name=\"twitter:card\" content=\"summary_large_image\" \/>\n<meta name=\"twitter:label1\" content=\"Gesch\u00e4tzte Lesezeit\" \/>\n\t<meta name=\"twitter:data1\" content=\"2\u00a0Minuten\" \/>\n<script type=\"application\/ld+json\" class=\"yoast-schema-graph\">{\"@context\":\"https:\/\/schema.org\",\"@graph\":[{\"@type\":\"WebPage\",\"@id\":\"https:\/\/www.allgeier.com\/de\/pressroom\/press-releases\/spenden-statt-schenken-allgeier-experts-unterstutzt-unicef-kinder-und-familien-vor-covid-19-zu-schutzen\/\",\"url\":\"https:\/\/www.allgeier.com\/de\/pressroom\/press-releases\/spenden-statt-schenken-allgeier-experts-unterstutzt-unicef-kinder-und-familien-vor-covid-19-zu-schutzen\/\",\"name\":\"Spenden statt Schenken: Allgeier Experts unterst\u00fctzt UNICEF, Kinder und Familien vor Covid-19 zu sch\u00fctzen - Allgeier SE\",\"isPartOf\":{\"@id\":\"https:\/\/www.allgeier.com\/de\/#website\"},\"datePublished\":\"2021-01-05T10:35:29+00:00\",\"dateModified\":\"2025-02-05T18:36:54+00:00\",\"breadcrumb\":{\"@id\":\"https:\/\/www.allgeier.com\/de\/pressroom\/press-releases\/spenden-statt-schenken-allgeier-experts-unterstutzt-unicef-kinder-und-familien-vor-covid-19-zu-schutzen\/#breadcrumb\"},\"inLanguage\":\"de\",\"potentialAction\":[{\"@type\":\"ReadAction\",\"target\":[\"https:\/\/www.allgeier.com\/de\/pressroom\/press-releases\/spenden-statt-schenken-allgeier-experts-unterstutzt-unicef-kinder-und-familien-vor-covid-19-zu-schutzen\/\"]}]},{\"@type\":\"BreadcrumbList\",\"@id\":\"https:\/\/www.allgeier.com\/de\/pressroom\/press-releases\/spenden-statt-schenken-allgeier-experts-unterstutzt-unicef-kinder-und-familien-vor-covid-19-zu-schutzen\/#breadcrumb\",\"itemListElement\":[{\"@type\":\"ListItem\",\"position\":1,\"name\":\"Home\",\"item\":\"https:\/\/www.allgeier.com\/de\/\"},{\"@type\":\"ListItem\",\"position\":2,\"name\":\"Presse\",\"item\":\"https:\/\/www.allgeier.com\/de\/pressroom\/\"},{\"@type\":\"ListItem\",\"position\":3,\"name\":\"Pressemitteilungen\",\"item\":\"https:\/\/www.allgeier.com\/de\/pressroom\/press-releases\/\"},{\"@type\":\"ListItem\",\"position\":4,\"name\":\"Spenden statt Schenken: Allgeier Experts unterst\u00fctzt UNICEF, Kinder und Familien vor Covid-19 zu sch\u00fctzen\"}]},{\"@type\":\"WebSite\",\"@id\":\"https:\/\/www.allgeier.com\/de\/#website\",\"url\":\"https:\/\/www.allgeier.com\/de\/\",\"name\":\"Allgeier SE\",\"description\":\"Software &amp; IT Services for digital transformation\",\"potentialAction\":[{\"@type\":\"SearchAction\",\"target\":{\"@type\":\"EntryPoint\",\"urlTemplate\":\"https:\/\/www.allgeier.com\/de\/?s={search_term_string}\"},\"query-input\":{\"@type\":\"PropertyValueSpecification\",\"valueRequired\":true,\"valueName\":\"search_term_string\"}}],\"inLanguage\":\"de\"}]}<\/script>\n<!-- \/ Yoast SEO plugin. -->","yoast_head_json":{"title":"Spenden statt Schenken: Allgeier Experts unterst\u00fctzt UNICEF, Kinder und Familien vor Covid-19 zu sch\u00fctzen - Allgeier SE","robots":{"index":"index","follow":"follow","max-snippet":"max-snippet:-1","max-image-preview":"max-image-preview:large","max-video-preview":"max-video-preview:-1"},"canonical":"https:\/\/www.allgeier.com\/de\/pressroom\/press-releases\/spenden-statt-schenken-allgeier-experts-unterstutzt-unicef-kinder-und-familien-vor-covid-19-zu-schutzen\/","og_locale":"de_DE","og_type":"article","og_title":"Spenden statt Schenken: Allgeier Experts unterst\u00fctzt UNICEF, Kinder und Familien vor Covid-19 zu sch\u00fctzen - Allgeier SE","og_description":"Wiesbaden, 22. Dezember 2020 \u2013 Wir alle sch\u00fctzen uns und unsere Familien vor dem Coronavirus. Doch es gibt Kinder und Familien, die der Pandemie nahezu schutzlos ausgeliefert sind. Fl\u00fcchtlinge, die in einem Lager in Syrien, Griechenland oder in einem Rohingya-Camp in Bangladesch leben, k\u00f6nnen keine Abstandsregeln einhalten. Allgeier Experts spendet auch in diesem Jahr, um &hellip;","og_url":"https:\/\/www.allgeier.com\/de\/pressroom\/press-releases\/spenden-statt-schenken-allgeier-experts-unterstutzt-unicef-kinder-und-familien-vor-covid-19-zu-schutzen\/","og_site_name":"Allgeier SE","article_modified_time":"2025-02-05T18:36:54+00:00","twitter_card":"summary_large_image","twitter_misc":{"Gesch\u00e4tzte Lesezeit":"2\u00a0Minuten"},"schema":{"@context":"https:\/\/schema.org","@graph":[{"@type":"WebPage","@id":"https:\/\/www.allgeier.com\/de\/pressroom\/press-releases\/spenden-statt-schenken-allgeier-experts-unterstutzt-unicef-kinder-und-familien-vor-covid-19-zu-schutzen\/","url":"https:\/\/www.allgeier.com\/de\/pressroom\/press-releases\/spenden-statt-schenken-allgeier-experts-unterstutzt-unicef-kinder-und-familien-vor-covid-19-zu-schutzen\/","name":"Spenden statt Schenken: Allgeier Experts unterst\u00fctzt UNICEF, Kinder und Familien vor Covid-19 zu sch\u00fctzen - Allgeier SE","isPartOf":{"@id":"https:\/\/www.allgeier.com\/de\/#website"},"datePublished":"2021-01-05T10:35:29+00:00","dateModified":"2025-02-05T18:36:54+00:00","breadcrumb":{"@id":"https:\/\/www.allgeier.com\/de\/pressroom\/press-releases\/spenden-statt-schenken-allgeier-experts-unterstutzt-unicef-kinder-und-familien-vor-covid-19-zu-schutzen\/#breadcrumb"},"inLanguage":"de","potentialAction":[{"@type":"ReadAction","target":["https:\/\/www.allgeier.com\/de\/pressroom\/press-releases\/spenden-statt-schenken-allgeier-experts-unterstutzt-unicef-kinder-und-familien-vor-covid-19-zu-schutzen\/"]}]},{"@type":"BreadcrumbList","@id":"https:\/\/www.allgeier.com\/de\/pressroom\/press-releases\/spenden-statt-schenken-allgeier-experts-unterstutzt-unicef-kinder-und-familien-vor-covid-19-zu-schutzen\/#breadcrumb","itemListElement":[{"@type":"ListItem","position":1,"name":"Home","item":"https:\/\/www.allgeier.com\/de\/"},{"@type":"ListItem","position":2,"name":"Presse","item":"https:\/\/www.allgeier.com\/de\/pressroom\/"},{"@type":"ListItem","position":3,"name":"Pressemitteilungen","item":"https:\/\/www.allgeier.com\/de\/pressroom\/press-releases\/"},{"@type":"ListItem","position":4,"name":"Spenden statt Schenken: Allgeier Experts unterst\u00fctzt UNICEF, Kinder und Familien vor Covid-19 zu sch\u00fctzen"}]},{"@type":"WebSite","@id":"https:\/\/www.allgeier.com\/de\/#website","url":"https:\/\/www.allgeier.com\/de\/","name":"Allgeier SE","description":"Software &amp; IT Services for digital transformation","potentialAction":[{"@type":"SearchAction","target":{"@type":"EntryPoint","urlTemplate":"https:\/\/www.allgeier.com\/de\/?s={search_term_string}"},"query-input":{"@type":"PropertyValueSpecification","valueRequired":true,"valueName":"search_term_string"}}],"inLanguage":"de"}]}},"_links":{"self":[{"href":"https:\/\/www.allgeier.com\/de\/wp-json\/wp\/v2\/pages\/3139","targetHints":{"allow":["GET"]}}],"collection":[{"href":"https:\/\/www.allgeier.com\/de\/wp-json\/wp\/v2\/pages"}],"about":[{"href":"https:\/\/www.allgeier.com\/de\/wp-json\/wp\/v2\/types\/page"}],"author":[{"embeddable":true,"href":"https:\/\/www.allgeier.com\/de\/wp-json\/wp\/v2\/users\/4"}],"replies":[{"embeddable":true,"href":"https:\/\/www.allgeier.com\/de\/wp-json\/wp\/v2\/comments?post=3139"}],"version-history":[{"count":1,"href":"https:\/\/www.allgeier.com\/de\/wp-json\/wp\/v2\/pages\/3139\/revisions"}],"predecessor-version":[{"id":6192,"href":"https:\/\/www.allgeier.com\/de\/wp-json\/wp\/v2\/pages\/3139\/revisions\/6192"}],"up":[{"embeddable":true,"href":"https:\/\/www.allgeier.com\/de\/wp-json\/wp\/v2\/pages\/1169"}],"wp:attachment":[{"href":"https:\/\/www.allgeier.com\/de\/wp-json\/wp\/v2\/media?parent=3139"}],"wp:term":[{"taxonomy":"category","embeddable":true,"href":"https:\/\/www.allgeier.com\/de\/wp-json\/wp\/v2\/categories?post=3139"},{"taxonomy":"post_tag","embeddable":true,"href":"https:\/\/www.allgeier.com\/de\/wp-json\/wp\/v2\/tags?post=3139"}],"curies":[{"name":"wp","href":"https:\/\/api.w.org\/{rel}","templated":true}]}}