{"id":3210,"date":"2021-04-30T08:25:23","date_gmt":"2021-04-30T08:25:23","guid":{"rendered":"https:\/\/www.allgeier.com\/de\/?page_id=3210"},"modified":"2025-02-04T18:51:42","modified_gmt":"2025-02-04T18:51:42","slug":"was-ist-digitale-transformation","status":"publish","type":"page","link":"https:\/\/www.allgeier.com\/de\/blog\/was-ist-digitale-transformation\/","title":{"rendered":"Was ist digitale Transformation? Ein Management-Leitfaden"},"content":{"rendered":"<p><a href=\"https:\/\/www.allgeier.com\/de\/wp-content\/uploads\/sites\/3\/2021\/04\/What-Is-Digital-Transformation-Header.jpg\"><img loading=\"lazy\" decoding=\"async\" class=\"alignnone size-large wp-image-3211\" src=\"https:\/\/www.allgeier.com\/de\/wp-content\/uploads\/sites\/3\/2021\/04\/What-Is-Digital-Transformation-Header-1024x576.jpg\" alt=\"\" width=\"1024\" height=\"576\" srcset=\"https:\/\/www.allgeier.com\/de\/wp-content\/uploads\/sites\/3\/2021\/04\/What-Is-Digital-Transformation-Header-1024x576.jpg 1024w, https:\/\/www.allgeier.com\/de\/wp-content\/uploads\/sites\/3\/2021\/04\/What-Is-Digital-Transformation-Header-300x169.jpg 300w, https:\/\/www.allgeier.com\/de\/wp-content\/uploads\/sites\/3\/2021\/04\/What-Is-Digital-Transformation-Header-768x432.jpg 768w, https:\/\/www.allgeier.com\/de\/wp-content\/uploads\/sites\/3\/2021\/04\/What-Is-Digital-Transformation-Header-1320x743.jpg 1320w, https:\/\/www.allgeier.com\/de\/wp-content\/uploads\/sites\/3\/2021\/04\/What-Is-Digital-Transformation-Header.jpg 1500w\" sizes=\"auto, (max-width: 1024px) 100vw, 1024px\" \/><\/a><\/p>\n<p>Die Digitalisierung stellt vieles infrage, was sich in Unternehmen \u00fcber lange Zeit bew\u00e4hrt hat. An die Stelle berechenbarer Innovationszyklen treten\u00a0<strong>disruptive Ver\u00e4nderungen<\/strong>, durch die bis dato erfolgreiche Gesch\u00e4ftsstrategien innerhalb weniger Jahre abgewertet oder gar obsolet werden k\u00f6nnen. Gleichzeitig er\u00f6ffnet die digitale Transformation zahlreiche neue M\u00f6glichkeiten, um erfolgreich den Weg in die Zukunft zu beschreiten. Um diese M\u00f6glichkeiten nutzen zu k\u00f6nnen, ist es f\u00fcr moderne F\u00fchrungskr\u00e4fte unverzichtbar,\u00a0<strong>die Mechanismen hinter dem digitalen Wandel zu verstehen<\/strong>.<\/p>\n<h2>Was digitale Transformation im Kern bedeutet<\/h2>\n<p>Computer, Netzwerke, Software: Digitale Technologien durchdringen alle Branchen, Gesch\u00e4ftsbereiche und -prozesse, rei\u00dfen alte Strukturen ein und definieren neue Anforderungen. Aber der Einfluss der Digitalisierung endet nicht an dieser Stelle. Sie krempelt nicht nur Unternehmen um, sondern die Business-Welt als Ganzes und dar\u00fcber hinaus so ziemlich alle gesellschaftlichen Prozesse \u2013 also die Art und Weise, wie wir arbeiten, uns fortbewegen, konsumieren und kommunizieren.<\/p>\n<p><strong>Digitale Transformation beschreibt die umfassenden Auswirkungen, die dieser Wandel auf unsere Business-Welt hat<\/strong>. Sie stellt Unternehmen vor die Herausforderung, zu reflektieren, wie durch digitale Technologien nicht nur\u00a0<strong>operative Gesch\u00e4ftsprozesse, sondern auch Business-Modelle, Wertsch\u00f6pfungsketten und M\u00e4rkte auf den Kopf gestellt<\/strong>\u00a0werden. Dabei ist es notwendig, sich ganz grunds\u00e4tzlich dar\u00fcber klar zu werden, was diesen Wandel auszeichnet.<\/p>\n<h3>1. Digitale Transformation ist nicht aufzuhalten<\/h3>\n<p>Leistungsf\u00e4higkeit, Durchdringung und Nutzen der Digitalisierung sind so weit vorangeschritten, dass wir eine Schwelle \u00fcberschritten haben, an der es kein Zur\u00fcck mehr gibt. So kann kein Unternehmen seine Gesch\u00e4ftsprozesse beispielsweise ohne\u00a0<a href=\"https:\/\/www.allgeier.com\/de\/solutions-and-services\/erp-solutions\/\">ERP-System<\/a>\u00a0effizient managen oder ohne\u00a0<a href=\"https:\/\/www.allgeier.com\/de\/solutions-and-services\/it-security\/\">IT-Security<\/a>\u00a0verl\u00e4sslich mit Kundendaten umgehen. Zuk\u00fcnftige Herausforderungen wie die Regulierung von Verkehrs- und Warenstr\u00f6men werden sich nicht analog l\u00f6sen lassen, Konsumenten werden weiter mobile Endger\u00e4te nutzen und virtuelle Einkaufserlebnisse nachfragen. Die\u00a0<strong>Interdependenz digitaler Systeme\u00a0<\/strong>hat eine Komplexit\u00e4t erreicht, bei der es keine L\u00f6sungsans\u00e4tze ohne computergest\u00fctzte Datenverarbeitung mehr geben wird.<\/p>\n<h3>2. Digitale Transformation beschleunigt alle Prozesse<\/h3>\n<p>Der Intel-Mitgr\u00fcnder Gordon Moore prophezeite schon 1965, dass sich die Komplexit\u00e4t von Rechenmaschinen alle ein bis zwei Jahre verdoppelt. Wenngleich sich diese Entwicklung in den letzten Jahren etwas verlangsamt hat, weist das\u00a0<strong>\u201e<\/strong><a href=\"https:\/\/www.intel.de\/content\/www\/de\/de\/it-managers\/moores-law-evolution.html\"><strong>Mooresches Gesetz<\/strong><\/a>\u201c auf ein weiteres Kennzeichen der Digitalisierung hin: Sie verl\u00e4uft nicht linear, sondern exponentiell. Die Steigerungen von Rechenleistung, Speicherf\u00e4higkeit und \u00dcbertragungsgeschwindigkeit erm\u00f6glichen heute digitale L\u00f6sungen, die gestern noch undenkbar schienen. Zus\u00e4tzlich f\u00fchrt der wachsende Grad der Digitalisierung dazu, dass sich neue Produkte und Services immer schneller in der Praxis etablieren.<\/p>\n<p><a href=\"https:\/\/www.allgeier.com\/de\/wp-content\/uploads\/sites\/3\/2021\/04\/What-Is-Digital-Transformation-Fortune-500.png\"><img loading=\"lazy\" decoding=\"async\" class=\"alignnone size-large wp-image-3212\" src=\"https:\/\/www.allgeier.com\/de\/wp-content\/uploads\/sites\/3\/2021\/04\/What-Is-Digital-Transformation-Fortune-500-1024x341.png\" alt=\"\" width=\"1024\" height=\"341\" srcset=\"https:\/\/www.allgeier.com\/de\/wp-content\/uploads\/sites\/3\/2021\/04\/What-Is-Digital-Transformation-Fortune-500-1024x341.png 1024w, https:\/\/www.allgeier.com\/de\/wp-content\/uploads\/sites\/3\/2021\/04\/What-Is-Digital-Transformation-Fortune-500-300x100.png 300w, https:\/\/www.allgeier.com\/de\/wp-content\/uploads\/sites\/3\/2021\/04\/What-Is-Digital-Transformation-Fortune-500-768x256.png 768w, https:\/\/www.allgeier.com\/de\/wp-content\/uploads\/sites\/3\/2021\/04\/What-Is-Digital-Transformation-Fortune-500-1536x512.png 1536w, https:\/\/www.allgeier.com\/de\/wp-content\/uploads\/sites\/3\/2021\/04\/What-Is-Digital-Transformation-Fortune-500-2048x683.png 2048w, https:\/\/www.allgeier.com\/de\/wp-content\/uploads\/sites\/3\/2021\/04\/What-Is-Digital-Transformation-Fortune-500-1320x440.png 1320w\" sizes=\"auto, (max-width: 1024px) 100vw, 1024px\" \/><\/a><\/p>\n<p><em><strong>Hielten sich die gr\u00f6\u00dften US-Unternehmen vor 50 Jahren noch durchschnittlich 75 Jahre im Fortune-500-Index, so sind es heute weniger als 15 Jahre. (Quelle:\u00a0<a href=\"https:\/\/hbr.org\/2016\/04\/how-companies-escape-the-traps-of-the-past\" rel=\" noopener\">Harvard Business Review<\/a>)<\/strong><\/em><\/p>\n<h3>3. Digitale Transformation ist dynamisch und nicht berechenbar<\/h3>\n<p>Kaum ein Marktbeobachter oder Wettbewerber ahnte zun\u00e4chst den nachhaltigen Erfolg von Tech-Unternehmen wie Google, Apple oder Amazon. Das gestiegene Innovationstempo der digitalen Transformation macht es in vielen Branchen immer schwerer,\u00a0<strong>Entwicklungen und Trends mittel- oder langfristig abzusch\u00e4tzen<\/strong>. Hinzu kommt: Die digital getriebene Startup-Kultur attackiert etablierte Player mit Venture-Kapital und lotet auf breiter Front neue Gesch\u00e4ftsmodelle und M\u00f6glichkeiten der Wertsch\u00f6pfung aus. Die Folge sind\u00a0<strong>disruptive Umw\u00e4lzungen<\/strong>, die zu\u00a0<strong>branchen\u00fcbergreifendem Wettbewerb<\/strong>\u00a0und der Entstehung m\u00e4chtiger\u00a0<strong>Megaplayer\u00a0<\/strong>in sich neu herausbildenden Marktsegmenten f\u00fchren.<\/p>\n<h2>Wie Informationstechnologie die Transformation vorantreibt<\/h2>\n<p>IT ist der Motor der digitalen Transformation. Digitale Produkte und Services bieten einem modernen Management die M\u00f6glichkeit, etablierte Prozesse auf allen Ebenen des Unternehmens aufzubrechen, um so als Organisation insgesamt\u00a0<strong>smarter\u00a0<\/strong>zu werden. Das hei\u00dft zum Beispiel: Produkte zielgenauer und mit k\u00fcrzerer Time-to-Market zu designen, operative Abl\u00e4ufe effizienter zu gestalten, neue Kunden zu gewinnen und M\u00e4rkte zu erschlie\u00dfen oder effektivere Lieferketten zu realisieren.<\/p>\n<p><em><strong><a href=\"https:\/\/www.allgeier.com\/de\/wp-content\/uploads\/sites\/3\/2021\/04\/What-Is-Digital-Transformation-Key-Technologies.png\"><img loading=\"lazy\" decoding=\"async\" class=\"alignnone size-large wp-image-3213\" src=\"https:\/\/www.allgeier.com\/de\/wp-content\/uploads\/sites\/3\/2021\/04\/What-Is-Digital-Transformation-Key-Technologies-1024x579.png\" alt=\"\" width=\"1024\" height=\"579\" srcset=\"https:\/\/www.allgeier.com\/de\/wp-content\/uploads\/sites\/3\/2021\/04\/What-Is-Digital-Transformation-Key-Technologies-1024x579.png 1024w, https:\/\/www.allgeier.com\/de\/wp-content\/uploads\/sites\/3\/2021\/04\/What-Is-Digital-Transformation-Key-Technologies-300x170.png 300w, https:\/\/www.allgeier.com\/de\/wp-content\/uploads\/sites\/3\/2021\/04\/What-Is-Digital-Transformation-Key-Technologies-768x434.png 768w, https:\/\/www.allgeier.com\/de\/wp-content\/uploads\/sites\/3\/2021\/04\/What-Is-Digital-Transformation-Key-Technologies-1536x869.png 1536w, https:\/\/www.allgeier.com\/de\/wp-content\/uploads\/sites\/3\/2021\/04\/What-Is-Digital-Transformation-Key-Technologies-2048x1158.png 2048w, https:\/\/www.allgeier.com\/de\/wp-content\/uploads\/sites\/3\/2021\/04\/What-Is-Digital-Transformation-Key-Technologies-1320x746.png 1320w\" sizes=\"auto, (max-width: 1024px) 100vw, 1024px\" \/><\/a><\/strong><\/em><\/p>\n<p><em><strong>Digitale Technologien liefern wertvolle Tools, die Unternehmen bei der digitalen Transformation unterst\u00fctzen und wichtige Enabler sind.<\/strong><\/em><\/p>\n<p>Die wichtigsten Technologien der digitalen Transformation im \u00dcberblick:<\/p>\n<ul>\n<li><strong>Cloud-Computing<\/strong>:\u00a0<a href=\"https:\/\/www.allgeier.com\/de\/solutions-and-services\/industry-solutions-cloud-services\/\">Cloud Services<\/a>\u00a0stellen Ihnen Zugriff auf Anwendungen (Software as a Service), Laufzeitumgebungen (Platform as a Service) oder Hardware-Ressourcen (Infrastructure as a Service) zur Verf\u00fcgung. Sie machen Ihr Unternehmen flexibler, da Sie Kosten sparen und die eigenen Ressourcen zielgerichteter einsetzen k\u00f6nnen. Gleichzeitig haben Sie mit wenig Startkapital Zugriff auf komplexe digitale L\u00f6sungen.<\/li>\n<li><strong>Internet of Things<\/strong>: Durch Vernetzung und intelligente Software werden Ger\u00e4te dazu in die Lage versetzt Informationen weiterzugeben. Diese Smart Objects k\u00f6nnen sowohl untereinander als Machine-to-Machine kommunizieren als auch mit der Au\u00dfenwelt. Anwendungsbereiche liegen in der Einbindung von Smart Objects in das unternehmenseigene ECM-System oder bei der Entwicklung neuer Produkte \u2013 sogenannter Smart Devices \u2013 und Services im B2C-Bereich.<\/li>\n<li><strong>Blockchain<\/strong>: Dezentrale Datenbank-Systeme, die als eine Blockchain aufgebaut sind, sollen dabei helfen, Transaktionen in einem Netzwerk auch ohne Kontrollinstanz sicher abzuwickeln. Bekannt sind sie f\u00fcr die Erzeugung von Kryptow\u00e4hrungen wie Bitcoin. Dar\u00fcber hinaus bergen sie viele weitere Einsatzm\u00f6glichkeit, zum Beispiel zum Monitoring von Abl\u00e4ufen im Finanz- und Versicherungswesen oder in der Supply Chain.<\/li>\n<li><strong>Big Data<\/strong>: In jedem Unternehmen fallen massenhaft Daten an. Moderne L\u00f6sungen f\u00fcr\u00a0<a href=\"https:\/\/www.allgeier.com\/de\/solutions-and-services\/big-data-business-intelligence\/\">Big Data und Business Intelligence<\/a>\u00a0erm\u00f6glichen Unternehmen das enorme Potential, das darin verborgen ist, zu heben. Das kann zum Beispiel die Optimierung von Gesch\u00e4ftsprozessen sein. Oder die Auswertung von Kundendaten f\u00fcr die Produktentwicklung, das Marketing oder den Vertrieb.<\/li>\n<li><strong>Artificial Intelligence und Machine Learning<\/strong>: Selbstlernende IT-Systeme werden in immer mehr Prozesse eingebunden. Dabei k\u00f6nne sie eine ganze Reihe von Funktionen \u00fcbernehmen: sie unterst\u00fctzen die Auswertung von Daten, verbessern IT-Sicherheitssysteme oder steigern die Qualit\u00e4t digitaler Services.<\/li>\n<li><strong>Social Media<\/strong>: Plattformen wie Facebook, Instagram oder YouTube schaffen neue M\u00f6glichkeiten im Customer Engagement: Hier finden sich Zielgruppen, Trends und Multiplikatoren, die Unternehmen zum Beispiel in ihre Marketingstrategien, den Kundenservice oder Customer Experience Research einbinden k\u00f6nnen. Business-Netzwerke wie LinkedIn stellen HR-Organisationen neue Wege im Talent Management bereit.<\/li>\n<\/ul>\n<h2>Digitale Transformation als Kulturwandel<\/h2>\n<p>Die Technologien der digitalen Transformation schaffen wertvolle\u00a0<strong>Tools<\/strong>, mit deren Hilfe sich die Herausforderungen dieses Wandels angehen lassen. Sie\u00a0<strong>sind aber nicht die Antwort auf die digitale Transformation<\/strong>. Denn mit der einfachen Implementierung von mehr IT-Systemen und -Diensten ist es nicht getan. Es kommt vielmehr darauf an, mit diesen Tools einen tats\u00e4chlichen Mehrwert zu schaffen \u2013 etwa indem auf diese Weise Kundenbed\u00fcrfnisse besser in die Gesch\u00e4ftsprozesse einflie\u00dfen und damit die Kundenorientierung des Unternehmens insgesamt verbessert wird.<\/p>\n<p>Das kann nur dann funktionieren, wenn sich ein Unternehmen als Organisation bewegt \u2013 und einen\u00a0<strong>Kulturwandel\u00a0<\/strong>unternimmt. Er beginnt bei den Top-Entscheidern. Management in Zeiten der digitalen Transformation sollte\u00a0<strong>Digital Leadership<\/strong>\u00a0sein und dem Modell der \u201ebeidh\u00e4ndigen F\u00fchrung\u201c folgen: Die eine Hand moderiert die Digitalisierung im eigenen Unternehmen, motiviert die Mitarbeiter, ideenreich und eigenverantwortlich zu arbeiten und f\u00f6rdert eine positive Fehlerkultur. Die andere leitet das Tagesgesch\u00e4ft mit bew\u00e4hrten Managementans\u00e4tzen.<\/p>\n<p>Am Ende des Tages erfordert eine erfolgreiche digitale Transformation jedoch eine m\u00f6glichst fr\u00fchzeitige Ver\u00e4nderung des Mindsets im gesamten Unternehmen. Dazu z\u00e4hlen die Einf\u00fchrung\u00a0<strong>agiler Methoden<\/strong>\u00a0und die Etablierung einer Atmosph\u00e4re, in der\u00a0<strong>Kreativit\u00e4t\u00a0<\/strong>entfaltet und der Sinn f\u00fcr die\u00a0<strong>Notwendigkeit zur Ver\u00e4nderung<\/strong>\u00a0gelebt wird. Denn nur so k\u00f6nnen Unternehmen selbst zu Akteuren des digitalen Wandels werden, anstatt nur auf Wettbewerbsdruck und Disruptationen des Marktes zu reagieren.<\/p>\n<p><strong>Allgeier begleitet Sie als Partner auf ihrem Weg durch die digitale Transformation.\u00a0<\/strong><a href=\"https:\/\/www.allgeier.com\/de\/contact\/\"><strong>Sprechen Sie uns an<\/strong><\/a><strong>!<\/strong><\/p>\n<p>Maike Dierken, die Autorin dieses Blog-Beitrags, ist Leiterin Marketing und PR bei Allgeier IT Solutions. Sie k\u00f6nnen Maike auf\u00a0<a href=\"https:\/\/de.linkedin.com\/in\/maike-dierken\" target=\"_blank\" rel=\"noopener\">LinkedIn<\/a>\u00a0folgen.<\/p>\n","protected":false},"excerpt":{"rendered":"<p>Die Digitalisierung stellt vieles infrage, was sich in Unternehmen \u00fcber lange Zeit bew\u00e4hrt hat. An die Stelle berechenbarer Innovationszyklen treten\u00a0disruptive Ver\u00e4nderungen, durch die bis dato erfolgreiche Gesch\u00e4ftsstrategien innerhalb weniger Jahre abgewertet oder gar obsolet werden k\u00f6nnen. Gleichzeitig er\u00f6ffnet die digitale Transformation zahlreiche neue M\u00f6glichkeiten, um erfolgreich den Weg in die Zukunft zu beschreiten. Um diese &hellip; <\/p>\n","protected":false},"author":1,"featured_media":3211,"parent":3106,"menu_order":0,"comment_status":"closed","ping_status":"closed","template":"","meta":{"_acf_changed":false,"footnotes":""},"categories":[9],"tags":[],"class_list":["post-3210","page","type-page","status-publish","has-post-thumbnail","hentry","category-news"],"acf":[],"yoast_head":"<!-- This site is optimized with the Yoast SEO plugin v27.3 - https:\/\/yoast.com\/product\/yoast-seo-wordpress\/ -->\n<title>Was ist digitale Transformation? Ein Management-Leitfaden - Allgeier SE<\/title>\n<meta name=\"robots\" content=\"index, follow, max-snippet:-1, max-image-preview:large, max-video-preview:-1\" \/>\n<link rel=\"canonical\" href=\"https:\/\/www.allgeier.com\/de\/blog\/was-ist-digitale-transformation\/\" \/>\n<meta property=\"og:locale\" content=\"de_DE\" \/>\n<meta property=\"og:type\" content=\"article\" \/>\n<meta property=\"og:title\" content=\"Was ist digitale Transformation? Ein Management-Leitfaden - Allgeier SE\" \/>\n<meta property=\"og:description\" content=\"Die Digitalisierung stellt vieles infrage, was sich in Unternehmen \u00fcber lange Zeit bew\u00e4hrt hat. An die Stelle berechenbarer Innovationszyklen treten\u00a0disruptive Ver\u00e4nderungen, durch die bis dato erfolgreiche Gesch\u00e4ftsstrategien innerhalb weniger Jahre abgewertet oder gar obsolet werden k\u00f6nnen. Gleichzeitig er\u00f6ffnet die digitale Transformation zahlreiche neue M\u00f6glichkeiten, um erfolgreich den Weg in die Zukunft zu beschreiten. Um diese &hellip;\" \/>\n<meta property=\"og:url\" content=\"https:\/\/www.allgeier.com\/de\/blog\/was-ist-digitale-transformation\/\" \/>\n<meta property=\"og:site_name\" content=\"Allgeier SE\" \/>\n<meta property=\"article:modified_time\" content=\"2025-02-04T18:51:42+00:00\" \/>\n<meta property=\"og:image\" content=\"https:\/\/www.allgeier.com\/de\/wp-content\/uploads\/sites\/3\/2021\/04\/What-Is-Digital-Transformation-Header.jpg\" \/>\n\t<meta property=\"og:image:width\" content=\"1500\" \/>\n\t<meta property=\"og:image:height\" content=\"844\" \/>\n\t<meta property=\"og:image:type\" content=\"image\/jpeg\" \/>\n<meta name=\"twitter:card\" content=\"summary_large_image\" \/>\n<meta name=\"twitter:label1\" content=\"Gesch\u00e4tzte Lesezeit\" \/>\n\t<meta name=\"twitter:data1\" content=\"6\u00a0Minuten\" \/>\n<script type=\"application\/ld+json\" class=\"yoast-schema-graph\">{\"@context\":\"https:\\\/\\\/schema.org\",\"@graph\":[{\"@type\":\"WebPage\",\"@id\":\"https:\\\/\\\/www.allgeier.com\\\/de\\\/blog\\\/was-ist-digitale-transformation\\\/\",\"url\":\"https:\\\/\\\/www.allgeier.com\\\/de\\\/blog\\\/was-ist-digitale-transformation\\\/\",\"name\":\"Was ist digitale Transformation? Ein Management-Leitfaden - Allgeier SE\",\"isPartOf\":{\"@id\":\"https:\\\/\\\/www.allgeier.com\\\/de\\\/#website\"},\"primaryImageOfPage\":{\"@id\":\"https:\\\/\\\/www.allgeier.com\\\/de\\\/blog\\\/was-ist-digitale-transformation\\\/#primaryimage\"},\"image\":{\"@id\":\"https:\\\/\\\/www.allgeier.com\\\/de\\\/blog\\\/was-ist-digitale-transformation\\\/#primaryimage\"},\"thumbnailUrl\":\"https:\\\/\\\/www.allgeier.com\\\/de\\\/wp-content\\\/uploads\\\/sites\\\/3\\\/2021\\\/04\\\/What-Is-Digital-Transformation-Header.jpg\",\"datePublished\":\"2021-04-30T08:25:23+00:00\",\"dateModified\":\"2025-02-04T18:51:42+00:00\",\"breadcrumb\":{\"@id\":\"https:\\\/\\\/www.allgeier.com\\\/de\\\/blog\\\/was-ist-digitale-transformation\\\/#breadcrumb\"},\"inLanguage\":\"de\",\"potentialAction\":[{\"@type\":\"ReadAction\",\"target\":[\"https:\\\/\\\/www.allgeier.com\\\/de\\\/blog\\\/was-ist-digitale-transformation\\\/\"]}]},{\"@type\":\"ImageObject\",\"inLanguage\":\"de\",\"@id\":\"https:\\\/\\\/www.allgeier.com\\\/de\\\/blog\\\/was-ist-digitale-transformation\\\/#primaryimage\",\"url\":\"https:\\\/\\\/www.allgeier.com\\\/de\\\/wp-content\\\/uploads\\\/sites\\\/3\\\/2021\\\/04\\\/What-Is-Digital-Transformation-Header.jpg\",\"contentUrl\":\"https:\\\/\\\/www.allgeier.com\\\/de\\\/wp-content\\\/uploads\\\/sites\\\/3\\\/2021\\\/04\\\/What-Is-Digital-Transformation-Header.jpg\",\"width\":1500,\"height\":844},{\"@type\":\"BreadcrumbList\",\"@id\":\"https:\\\/\\\/www.allgeier.com\\\/de\\\/blog\\\/was-ist-digitale-transformation\\\/#breadcrumb\",\"itemListElement\":[{\"@type\":\"ListItem\",\"position\":1,\"name\":\"Home\",\"item\":\"https:\\\/\\\/www.allgeier.com\\\/de\\\/\"},{\"@type\":\"ListItem\",\"position\":2,\"name\":\"Blog\",\"item\":\"https:\\\/\\\/www.allgeier.com\\\/de\\\/blog\\\/\"},{\"@type\":\"ListItem\",\"position\":3,\"name\":\"Was ist digitale Transformation? Ein Management-Leitfaden\"}]},{\"@type\":\"WebSite\",\"@id\":\"https:\\\/\\\/www.allgeier.com\\\/de\\\/#website\",\"url\":\"https:\\\/\\\/www.allgeier.com\\\/de\\\/\",\"name\":\"Allgeier SE\",\"description\":\"Software &amp; IT Services for digital transformation\",\"potentialAction\":[{\"@type\":\"SearchAction\",\"target\":{\"@type\":\"EntryPoint\",\"urlTemplate\":\"https:\\\/\\\/www.allgeier.com\\\/de\\\/?s={search_term_string}\"},\"query-input\":{\"@type\":\"PropertyValueSpecification\",\"valueRequired\":true,\"valueName\":\"search_term_string\"}}],\"inLanguage\":\"de\"}]}<\/script>\n<!-- \/ Yoast SEO plugin. -->","yoast_head_json":{"title":"Was ist digitale Transformation? Ein Management-Leitfaden - Allgeier SE","robots":{"index":"index","follow":"follow","max-snippet":"max-snippet:-1","max-image-preview":"max-image-preview:large","max-video-preview":"max-video-preview:-1"},"canonical":"https:\/\/www.allgeier.com\/de\/blog\/was-ist-digitale-transformation\/","og_locale":"de_DE","og_type":"article","og_title":"Was ist digitale Transformation? Ein Management-Leitfaden - Allgeier SE","og_description":"Die Digitalisierung stellt vieles infrage, was sich in Unternehmen \u00fcber lange Zeit bew\u00e4hrt hat. An die Stelle berechenbarer Innovationszyklen treten\u00a0disruptive Ver\u00e4nderungen, durch die bis dato erfolgreiche Gesch\u00e4ftsstrategien innerhalb weniger Jahre abgewertet oder gar obsolet werden k\u00f6nnen. Gleichzeitig er\u00f6ffnet die digitale Transformation zahlreiche neue M\u00f6glichkeiten, um erfolgreich den Weg in die Zukunft zu beschreiten. Um diese &hellip;","og_url":"https:\/\/www.allgeier.com\/de\/blog\/was-ist-digitale-transformation\/","og_site_name":"Allgeier SE","article_modified_time":"2025-02-04T18:51:42+00:00","og_image":[{"width":1500,"height":844,"url":"https:\/\/www.allgeier.com\/de\/wp-content\/uploads\/sites\/3\/2021\/04\/What-Is-Digital-Transformation-Header.jpg","type":"image\/jpeg"}],"twitter_card":"summary_large_image","twitter_misc":{"Gesch\u00e4tzte Lesezeit":"6\u00a0Minuten"},"schema":{"@context":"https:\/\/schema.org","@graph":[{"@type":"WebPage","@id":"https:\/\/www.allgeier.com\/de\/blog\/was-ist-digitale-transformation\/","url":"https:\/\/www.allgeier.com\/de\/blog\/was-ist-digitale-transformation\/","name":"Was ist digitale Transformation? Ein Management-Leitfaden - Allgeier SE","isPartOf":{"@id":"https:\/\/www.allgeier.com\/de\/#website"},"primaryImageOfPage":{"@id":"https:\/\/www.allgeier.com\/de\/blog\/was-ist-digitale-transformation\/#primaryimage"},"image":{"@id":"https:\/\/www.allgeier.com\/de\/blog\/was-ist-digitale-transformation\/#primaryimage"},"thumbnailUrl":"https:\/\/www.allgeier.com\/de\/wp-content\/uploads\/sites\/3\/2021\/04\/What-Is-Digital-Transformation-Header.jpg","datePublished":"2021-04-30T08:25:23+00:00","dateModified":"2025-02-04T18:51:42+00:00","breadcrumb":{"@id":"https:\/\/www.allgeier.com\/de\/blog\/was-ist-digitale-transformation\/#breadcrumb"},"inLanguage":"de","potentialAction":[{"@type":"ReadAction","target":["https:\/\/www.allgeier.com\/de\/blog\/was-ist-digitale-transformation\/"]}]},{"@type":"ImageObject","inLanguage":"de","@id":"https:\/\/www.allgeier.com\/de\/blog\/was-ist-digitale-transformation\/#primaryimage","url":"https:\/\/www.allgeier.com\/de\/wp-content\/uploads\/sites\/3\/2021\/04\/What-Is-Digital-Transformation-Header.jpg","contentUrl":"https:\/\/www.allgeier.com\/de\/wp-content\/uploads\/sites\/3\/2021\/04\/What-Is-Digital-Transformation-Header.jpg","width":1500,"height":844},{"@type":"BreadcrumbList","@id":"https:\/\/www.allgeier.com\/de\/blog\/was-ist-digitale-transformation\/#breadcrumb","itemListElement":[{"@type":"ListItem","position":1,"name":"Home","item":"https:\/\/www.allgeier.com\/de\/"},{"@type":"ListItem","position":2,"name":"Blog","item":"https:\/\/www.allgeier.com\/de\/blog\/"},{"@type":"ListItem","position":3,"name":"Was ist digitale Transformation? Ein Management-Leitfaden"}]},{"@type":"WebSite","@id":"https:\/\/www.allgeier.com\/de\/#website","url":"https:\/\/www.allgeier.com\/de\/","name":"Allgeier SE","description":"Software &amp; IT Services for digital transformation","potentialAction":[{"@type":"SearchAction","target":{"@type":"EntryPoint","urlTemplate":"https:\/\/www.allgeier.com\/de\/?s={search_term_string}"},"query-input":{"@type":"PropertyValueSpecification","valueRequired":true,"valueName":"search_term_string"}}],"inLanguage":"de"}]}},"_links":{"self":[{"href":"https:\/\/www.allgeier.com\/de\/wp-json\/wp\/v2\/pages\/3210","targetHints":{"allow":["GET"]}}],"collection":[{"href":"https:\/\/www.allgeier.com\/de\/wp-json\/wp\/v2\/pages"}],"about":[{"href":"https:\/\/www.allgeier.com\/de\/wp-json\/wp\/v2\/types\/page"}],"author":[{"embeddable":true,"href":"https:\/\/www.allgeier.com\/de\/wp-json\/wp\/v2\/users\/1"}],"replies":[{"embeddable":true,"href":"https:\/\/www.allgeier.com\/de\/wp-json\/wp\/v2\/comments?post=3210"}],"version-history":[{"count":1,"href":"https:\/\/www.allgeier.com\/de\/wp-json\/wp\/v2\/pages\/3210\/revisions"}],"predecessor-version":[{"id":6139,"href":"https:\/\/www.allgeier.com\/de\/wp-json\/wp\/v2\/pages\/3210\/revisions\/6139"}],"up":[{"embeddable":true,"href":"https:\/\/www.allgeier.com\/de\/wp-json\/wp\/v2\/pages\/3106"}],"wp:featuredmedia":[{"embeddable":true,"href":"https:\/\/www.allgeier.com\/de\/wp-json\/wp\/v2\/media\/3211"}],"wp:attachment":[{"href":"https:\/\/www.allgeier.com\/de\/wp-json\/wp\/v2\/media?parent=3210"}],"wp:term":[{"taxonomy":"category","embeddable":true,"href":"https:\/\/www.allgeier.com\/de\/wp-json\/wp\/v2\/categories?post=3210"},{"taxonomy":"post_tag","embeddable":true,"href":"https:\/\/www.allgeier.com\/de\/wp-json\/wp\/v2\/tags?post=3210"}],"curies":[{"name":"wp","href":"https:\/\/api.w.org\/{rel}","templated":true}]}}