{"id":3235,"date":"2021-05-19T09:23:45","date_gmt":"2021-05-19T09:23:45","guid":{"rendered":"https:\/\/www.allgeier.com\/de\/pressroom\/news\/es-19052021\/"},"modified":"2021-05-19T09:23:45","modified_gmt":"2021-05-19T09:23:45","slug":"es-19052021","status":"publish","type":"page","link":"https:\/\/www.allgeier.com\/de\/pressroom\/news\/es-19052021\/","title":{"rendered":"es-19052021"},"content":{"rendered":"<table class=\"news_layout style2015\" border=\"0\" cellpadding=\"0\" cellspacing=\"0\">\n<tr>\n<td>\n<p class=\"news_top\">ALLGEIER SE<br \/><span class=\"news_top_date\">19.05.2021 \/ 11:23 <\/span><br \/>Ver\u00f6ffentlichung einer Stimmrechtsmitteilung \u00fcbermittelt durch DGAP &#8211; ein Service der EQS Group AG.<br \/>F\u00fcr den Inhalt der Mitteilung ist der Emittent \/ Herausgeber verantwortlich.<\/p>\n<div class=\"break-word news_main\">\n<div class=\"break-word news_main\"><strong>Stimmrechtsmitteilung<\/strong><\/p>\n<p><strong>1. Angaben zum Emittenten<\/strong><\/p>\n<table class='news_layout_data_tabel news_layout_data_table' cellspacing='0' cellpadding='0' border=\"1\">\n<tr>\n<td>Name:<\/td>\n<td>ALLGEIER SE<\/td>\n<\/tr>\n<tr>\n<td>Stra\u00dfe, Hausnr.:<\/td>\n<td>Einsteinstra\u00dfe 172<\/td>\n<\/tr>\n<tr>\n<td>PLZ:<\/td>\n<td>81677<\/td>\n<\/tr>\n<tr>\n<td>Ort:<\/td>\n<td>M\u00fcnchen<br \/>Deutschland<\/td>\n<\/tr>\n<tr>\n<td>Legal Entity Identifier (LEI):<\/td>\n<td>529900IQAYRZIGKOJL63<\/td>\n<\/tr>\n<\/table>\n<p><strong>2. Grund der Mitteilung<\/strong><\/p>\n<table class='news_layout_data_tabel news_layout_data_table' cellspacing='0' cellpadding='0' border=\"1\">\n<tr>\n<td>X<\/td>\n<td>Erwerb bzw. Ver\u00e4u\u00dferung von Aktien mit Stimmrechten<\/td>\n<\/tr>\n<tr>\n<td>&nbsp;<\/td>\n<td>Erwerb bzw. Ver\u00e4u\u00dferung von Instrumenten<\/td>\n<\/tr>\n<tr>\n<td>&nbsp;<\/td>\n<td>\u00c4nderung der Gesamtzahl der Stimmrechte<\/td>\n<\/tr>\n<tr>\n<td>X<\/td>\n<td class=\"long_break565\">Sonstiger Grund:<br \/><span>freiwillige Konzernmitteilung aufgrund Schwellenber\u00fchrung eines Tochterunternehmens<\/span><\/td>\n<\/tr>\n<\/table>\n<p><span data-eqs-pvr=\"person\"><br \/><strong>3. Angaben zum Mitteilungspflichtigen<\/strong><\/p>\n<table class='news_layout_data_tabel news_layout_data_table' cellspacing='0' cellpadding='0' border=\"1\">\n<tr data-eqs-pvr=\"nat-person\"><!-- 3. --><\/p>\n<td data-eqs-pvr=\"person-name\">Nat\u00fcrliche Person (Vorname, Nachname): <span data-eqs-pvr=\"person-salutation\"><\/span><span data-eqs-pvr=\"person-first-name\">Detlef<\/span> <span data-eqs-pvr=\"person-last-name\">Dinsel<\/span><br \/>Geburtsdatum: <span data-eqs-pvr=\"person-birthdate\">14.01.1960<\/span><span data-eqs-pvr=\"person-location\"><span data-eqs-pvr=\"person-country\"><\/span><\/span><\/td>\n<\/tr>\n<\/table>\n<p><\/span><br \/><strong>4. Namen der Aktion\u00e4re<\/strong><br \/>mit 3% oder mehr Stimmrechten, wenn abweichend von 3.<\/p>\n<table class='news_layout_data_tabel news_layout_data_table' cellspacing='0' cellpadding='0' border=\"1\">\n<tr>\n<td>Nectorplan Ltd<\/td>\n<\/tr>\n<\/table>\n<p><strong>5. Datum der Schwellenber\u00fchrung:<\/strong><\/p>\n<table class='news_layout_data_tabel news_layout_data_table' cellspacing='0' cellpadding='0' border=\"1\">\n<tr>\n<td>11.05.2021<\/td>\n<\/tr>\n<\/table>\n<p><strong>6. Gesamtstimmrechtsanteile<\/strong><\/p>\n<table class='news_layout_data_tabel news_layout_data_table' cellspacing='0' cellpadding='0' border=\"1\">\n<tr>\n<td>&nbsp;<\/td>\n<td align=\"right\">Anteil Stimmrechte <br \/>(Summe 7.a.)<\/td>\n<td align=\"right\">Anteil Instrumente <br \/>(Summe 7.b.1.+ 7.b.2.)<\/td>\n<td align=\"right\">Summe Anteile <br \/>(Summe 7.a. + 7.b.)<\/td>\n<td align=\"right\">Gesamtzahl der Stimmrechte nach \u00a7 41 WpHG<\/td>\n<\/tr>\n<tr><!-- 6. --><\/p>\n<td>neu<\/td>\n<td align=\"right\">12,82 %<\/td>\n<td align=\"right\">0,00 %<\/td>\n<td align=\"right\">12,82 %<\/td>\n<td align=\"right\">11.382.513<\/td>\n<\/tr>\n<tr><!-- 6. --><\/p>\n<td>letzte Mitteilung<\/td>\n<td align=\"right\">10,01 %<\/td>\n<td align=\"right\">0 %<\/td>\n<td align=\"right\">10,01 %<\/td>\n<td align=\"right\">\/<\/td>\n<\/tr>\n<\/table>\n<p><strong>7. Einzelheiten zu den Stimmrechtsbest\u00e4nden<\/strong><br \/><strong>a. Stimmrechte (\u00a7\u00a7 33, 34 WpHG)<\/strong><\/p>\n<table class='news_layout_data_tabel news_layout_data_table' cellspacing='0' cellpadding='0' border=\"1\">\n<tr>\n<td>ISIN<\/td>\n<td colspan=\"2\" align=\"center\">absolut<\/td>\n<td colspan=\"2\" align=\"center\">in %<\/td>\n<\/tr>\n<tr>\n<td>&nbsp;<\/td>\n<td align=\"right\">direkt <br \/>(\u00a7 33 WpHG)<\/td>\n<td align=\"right\">zugerechnet <br \/>(\u00a7 34 WpHG)<\/td>\n<td align=\"right\">direkt <br \/>(\u00a7 33 WpHG)<\/td>\n<td align=\"right\">zugerechnet <br \/>(\u00a7 34 WpHG)<\/td>\n<\/tr>\n<tr><!-- 7.a. --><\/p>\n<td>DE000A2GS633<\/td>\n<td align=\"right\">969.487<\/td>\n<td align=\"right\">489.672<\/td>\n<td align=\"right\">8,52 %<\/td>\n<td align=\"right\">4,30 %<\/td>\n<\/tr>\n<tr><!-- 7.a. --><\/p>\n<td><strong>Summe<\/strong><\/td>\n<td colspan=\"2\" align=\"center\">1.459.159<\/td>\n<td colspan=\"2\" align=\"center\">12,82 %<\/td>\n<\/tr>\n<\/table>\n<p><strong>b.1. Instrumente i.S.d. \u00a7 38 Abs. 1 Nr. 1 WpHG<\/strong><\/p>\n<table class='news_layout_data_tabel news_layout_data_table' cellspacing='0' cellpadding='0' border=\"1\">\n<tr>\n<td>Art des Instruments<\/td>\n<td>F\u00e4lligkeit \/ Verfall<\/td>\n<td>Aus\u00fcbungs&shy;zeitraum \/ Laufzeit<\/td>\n<td align=\"right\">Stimmrechte absolut<\/td>\n<td align=\"right\">Stimmrechte in %<\/td>\n<\/tr>\n<tr><!-- 7.b.1. --><\/p>\n<td><\/td>\n<td><\/td>\n<td><\/td>\n<td align=\"right\">0<\/td>\n<td align=\"right\">0,00 %<\/td>\n<\/tr>\n<tr><!-- 7.b.1. --><\/p>\n<td>&nbsp;<\/td>\n<td>&nbsp;<\/td>\n<td><strong>Summe<\/strong><\/td>\n<td align=\"right\">0<\/td>\n<td align=\"right\">0,00 %<\/td>\n<\/tr>\n<\/table>\n<p><strong>b.2. Instrumente i.S.d. \u00a7 38 Abs. 1 Nr. 2 WpHG<\/strong><\/p>\n<table class='news_layout_data_tabel news_layout_data_table' cellspacing='0' cellpadding='0' border=\"1\">\n<tr>\n<td>Art des Instruments<\/td>\n<td>F\u00e4lligkeit \/ Verfall<\/td>\n<td>Aus\u00fcbungs&shy;zeitraum \/ Laufzeit<\/td>\n<td>Barausgleich oder physische Abwicklung<\/td>\n<td align=\"right\">Stimmrechte absolut<\/td>\n<td align=\"right\">Stimmrechte in %<\/td>\n<\/tr>\n<tr><!-- 7.b.2. --><\/p>\n<td><\/td>\n<td><\/td>\n<td><\/td>\n<td><\/td>\n<td align=\"right\">0<\/td>\n<td align=\"right\">0,00 %<\/td>\n<\/tr>\n<tr><!-- 7.b.2. --><\/p>\n<td>&nbsp;<\/td>\n<td>&nbsp;<\/td>\n<td>&nbsp;<\/td>\n<td><strong>Summe<\/strong><\/td>\n<td align=\"right\">0<\/td>\n<td align=\"right\">0,00 %<\/td>\n<\/tr>\n<\/table>\n<p><strong>8. Informationen in Bezug auf den Mitteilungspflichtigen<\/strong><\/p>\n<table class='news_layout_data_tabel news_layout_data_table' cellspacing='0' cellpadding='0' border=\"1\">\n<tr>\n<td>&nbsp;<\/td>\n<td>Mitteilungspflichtiger (3.) wird weder beherrscht noch beherrscht Mitteilungspflichtiger andere Unternehmen, die Stimmrechte des Emittenten (1.) halten oder denen Stimmrechte des Emittenten zugerechnet werden.<\/td>\n<\/tr>\n<tr>\n<td>X<\/td>\n<td>Vollst\u00e4ndige Kette der Tochterunternehmen, beginnend mit der obersten beherrschenden Person oder dem obersten beherrschenden Unternehmen:<\/td>\n<\/tr>\n<\/table>\n<p><\/p>\n<table class='news_layout_data_tabel news_layout_data_table' cellspacing='0' cellpadding='0' border=\"1\">\n<tr>\n<td>Unternehmen<\/td>\n<td align=\"right\">Stimmrechte in %, wenn 3% oder h\u00f6her<\/td>\n<td align=\"right\">Instrumente in %, wenn 5% oder h\u00f6her<\/td>\n<td align=\"right\">Summe in %, wenn 5% oder h\u00f6her<\/td>\n<\/tr>\n<tr><!-- 8. --><\/p>\n<td>-Detlef Dinsel<\/td>\n<td align=\"right\">8,52 %<\/td>\n<td align=\"right\"> %<\/td>\n<td align=\"right\">8,52 %<\/td>\n<\/tr>\n<tr><!-- 8. --><\/p>\n<td> Nectorplan Ltd<\/td>\n<td align=\"right\">3,05 %<\/td>\n<td align=\"right\"> %<\/td>\n<td align=\"right\"> %<\/td>\n<\/tr>\n<tr><!-- 8. --><\/p>\n<td>-Detlef Dinsel<\/td>\n<td align=\"right\">8,52 %<\/td>\n<td align=\"right\"> %<\/td>\n<td align=\"right\">8,52 %<\/td>\n<\/tr>\n<tr><!-- 8. --><\/p>\n<td>-Maja Verm\u00f6gensverwaltungs GmbHs<\/td>\n<td align=\"right\"> %<\/td>\n<td align=\"right\"> %<\/td>\n<td align=\"right\"> %<\/td>\n<\/tr>\n<\/table>\n<p><strong>9. Bei Vollmacht gem\u00e4\u00df \u00a7 34 Abs. 3 WpHG<\/strong><br \/>(nur m\u00f6glich bei einer Zurechnung nach \u00a7 34 Abs. 1 Satz 1 Nr. 6 WpHG)<\/p>\n<p>Datum der Hauptversammlung: <br \/>Gesamtstimmrechtsanteile (6.) nach der Hauptversammlung:<\/p>\n<table class='news_layout_data_tabel news_layout_data_table' cellspacing='0' cellpadding='0' border=\"1\">\n<tr>\n<td align=\"right\">Anteil Stimmrechte<\/td>\n<td align=\"right\">Anteil Instrumente<\/td>\n<td align=\"right\">Summe Anteile<\/td>\n<\/tr>\n<tr><!-- 9. --><\/p>\n<td align=\"right\"> %<\/td>\n<td align=\"right\"> %<\/td>\n<td align=\"right\"> %<\/td>\n<\/tr>\n<\/table>\n<p><strong>10. Sonstige Informationen:<\/strong><\/p>\n<table class='news_layout_data_tabel news_layout_data_table' cellspacing='0' cellpadding='0' border=\"1\">\n<tr>\n<td class=\"long_break\"><span>&nbsp;<\/span><\/td>\n<\/tr>\n<\/table>\n<p>Datum<\/p>\n<table class='news_layout_data_tabel news_layout_data_table' cellspacing='0' cellpadding='0' border=\"1\">\n<tr>\n<td>18.05.2021<\/td>\n<\/tr>\n<\/table>\n<p><\/div>\n<\/div>\n<p><\/p>\n<hr \/>\n<p class=\"news_bottom\">19.05.2021  Die DGAP Distributionsservices umfassen gesetzliche Meldepflichten, Corporate News\/Finanznachrichten und Pressemitteilungen. <br \/>Medienarchiv unter http:\/\/www.dgap.de<\/p>\n<hr \/>\n<\/td>\n<\/tr>\n<\/table>\n<table class=\"news_footer_layout\" cellpadding=\"0\" cellspacing=\"0\">\n<tr>\n<td align=\"left\" valign=\"top\" class=\"first_column column_1\" nowrap>Sprache:<\/td>\n<td align=\"left\" valign=\"top\" class=\"column_2\">Deutsch<\/td>\n<\/tr>\n<tr>\n<td align=\"left\" valign=\"top\" class=\"column_1\" nowrap>Unternehmen:<\/td>\n<td align=\"left\" valign=\"top\" class=\"column_2\">ALLGEIER SE<\/td>\n<\/tr>\n<tr>\n<td align=\"left\" valign=\"top\" class=\"column_1\"><\/td>\n<td align=\"left\" valign=\"top\" class=\"column_2\">Einsteinstra\u00dfe 172<\/td>\n<\/tr>\n<tr>\n<td align=\"left\" valign=\"top\" class=\"column_1\"><\/td>\n<td align=\"left\" valign=\"top\" class=\"column_2\">81677 M\u00fcnchen<\/td>\n<\/tr>\n<tr>\n<td align=\"left\" valign=\"top\" class=\"column_1\"><\/td>\n<td align=\"left\" valign=\"top\" class=\"column_2\">Deutschland<\/td>\n<\/tr>\n<tr>\n<td align=\"left\" valign=\"top\" class=\"column_1\" nowrap>Internet:<\/td>\n<td align=\"left\" valign=\"top\" class=\"column_2\">http:\/\/www.allgeier.com<\/td>\n<\/tr>\n<\/table>\n<p><\/p>\n<table class=\"news_footer_layout\" border=\"0\" cellpadding=\"0\" cellspacing=\"0\">\n<tr>\n<td align=\"left\" valign=\"top\" colspan=\"2\"><\/td>\n<\/tr>\n<\/table>\n<table class=\"news_layout news_layout_footer_end\" border=\"0\" cellpadding=\"0\" cellspacing=\"0\">\n<tr>\n<td align=\"left\" valign=\"top\" colspan=\"2\">&nbsp;<\/td>\n<\/tr>\n<tr>\n<td align=\"left\" valign=\"top\" class=\"column_1\">Ende der Mitteilung<\/td>\n<td align=\"left\" valign=\"top\" class=\"column_2\">DGAP News-Service<\/td>\n<\/tr>\n<\/table>\n<p class=\"\">\n<p><img loading=\"lazy\" decoding=\"async\" src=\"https:\/\/eqs-cockpit.com\/cgi-bin\/fncls.ssp?fn=show_t_gif&amp;application_id=1198390&amp;application_name=news&amp;site_id=news_data\" alt=\"show this\" width=\"0\" height=\"0\" border=\"0\" \/><\/p>\n","protected":false},"excerpt":{"rendered":"<p>ALLGEIER SE19.05.2021 \/ 11:23 Ver\u00f6ffentlichung einer Stimmrechtsmitteilung \u00fcbermittelt durch DGAP &#8211; ein Service der EQS Group AG.F\u00fcr den Inhalt der Mitteilung ist der Emittent \/ Herausgeber verantwortlich. Stimmrechtsmitteilung 1. Angaben zum Emittenten Name: ALLGEIER SE Stra\u00dfe, Hausnr.: Einsteinstra\u00dfe 172 PLZ: 81677 Ort: M\u00fcnchenDeutschland Legal Entity Identifier (LEI): 529900IQAYRZIGKOJL63 2. Grund der Mitteilung X Erwerb bzw. &hellip; <\/p>\n","protected":false},"author":1,"featured_media":0,"parent":1171,"menu_order":0,"comment_status":"closed","ping_status":"closed","template":"","meta":{"_acf_changed":false,"footnotes":""},"categories":[],"tags":[],"class_list":["post-3235","page","type-page","status-publish","hentry"],"acf":[],"yoast_head":"<!-- This site is optimized with the Yoast SEO plugin v27.3 - https:\/\/yoast.com\/product\/yoast-seo-wordpress\/ -->\n<title>es-19052021 - Allgeier SE<\/title>\n<meta name=\"robots\" content=\"index, follow, max-snippet:-1, max-image-preview:large, max-video-preview:-1\" \/>\n<link rel=\"canonical\" href=\"https:\/\/www.allgeier.com\/de\/pressroom\/news\/es-19052021\/\" \/>\n<meta property=\"og:locale\" content=\"de_DE\" \/>\n<meta property=\"og:type\" content=\"article\" \/>\n<meta property=\"og:title\" content=\"es-19052021 - Allgeier SE\" \/>\n<meta property=\"og:description\" content=\"ALLGEIER SE19.05.2021 \/ 11:23 Ver\u00f6ffentlichung einer Stimmrechtsmitteilung \u00fcbermittelt durch DGAP &#8211; ein Service der EQS Group AG.F\u00fcr den Inhalt der Mitteilung ist der Emittent \/ Herausgeber verantwortlich. Stimmrechtsmitteilung 1. Angaben zum Emittenten Name: ALLGEIER SE Stra\u00dfe, Hausnr.: Einsteinstra\u00dfe 172 PLZ: 81677 Ort: M\u00fcnchenDeutschland Legal Entity Identifier (LEI): 529900IQAYRZIGKOJL63 2. Grund der Mitteilung X Erwerb bzw. &hellip;\" \/>\n<meta property=\"og:url\" content=\"https:\/\/www.allgeier.com\/de\/pressroom\/news\/es-19052021\/\" \/>\n<meta property=\"og:site_name\" content=\"Allgeier SE\" \/>\n<meta property=\"og:image\" content=\"https:\/\/eqs-cockpit.com\/cgi-bin\/fncls.ssp?fn=show_t_gif&amp;application_id=1198390&amp;application_name=news&amp;site_id=news_data\" \/>\n<meta name=\"twitter:card\" content=\"summary_large_image\" \/>\n<meta name=\"twitter:label1\" content=\"Gesch\u00e4tzte Lesezeit\" \/>\n\t<meta name=\"twitter:data1\" content=\"2\u00a0Minuten\" \/>\n<script type=\"application\/ld+json\" class=\"yoast-schema-graph\">{\"@context\":\"https:\\\/\\\/schema.org\",\"@graph\":[{\"@type\":\"WebPage\",\"@id\":\"https:\\\/\\\/www.allgeier.com\\\/de\\\/pressroom\\\/news\\\/es-19052021\\\/\",\"url\":\"https:\\\/\\\/www.allgeier.com\\\/de\\\/pressroom\\\/news\\\/es-19052021\\\/\",\"name\":\"es-19052021 - Allgeier SE\",\"isPartOf\":{\"@id\":\"https:\\\/\\\/www.allgeier.com\\\/de\\\/#website\"},\"primaryImageOfPage\":{\"@id\":\"https:\\\/\\\/www.allgeier.com\\\/de\\\/pressroom\\\/news\\\/es-19052021\\\/#primaryimage\"},\"image\":{\"@id\":\"https:\\\/\\\/www.allgeier.com\\\/de\\\/pressroom\\\/news\\\/es-19052021\\\/#primaryimage\"},\"thumbnailUrl\":\"https:\\\/\\\/eqs-cockpit.com\\\/cgi-bin\\\/fncls.ssp?fn=show_t_gif&amp;application_id=1198390&amp;application_name=news&amp;site_id=news_data\",\"datePublished\":\"2021-05-19T09:23:45+00:00\",\"breadcrumb\":{\"@id\":\"https:\\\/\\\/www.allgeier.com\\\/de\\\/pressroom\\\/news\\\/es-19052021\\\/#breadcrumb\"},\"inLanguage\":\"de\",\"potentialAction\":[{\"@type\":\"ReadAction\",\"target\":[\"https:\\\/\\\/www.allgeier.com\\\/de\\\/pressroom\\\/news\\\/es-19052021\\\/\"]}]},{\"@type\":\"ImageObject\",\"inLanguage\":\"de\",\"@id\":\"https:\\\/\\\/www.allgeier.com\\\/de\\\/pressroom\\\/news\\\/es-19052021\\\/#primaryimage\",\"url\":\"https:\\\/\\\/eqs-cockpit.com\\\/cgi-bin\\\/fncls.ssp?fn=show_t_gif&amp;application_id=1198390&amp;application_name=news&amp;site_id=news_data\",\"contentUrl\":\"https:\\\/\\\/eqs-cockpit.com\\\/cgi-bin\\\/fncls.ssp?fn=show_t_gif&amp;application_id=1198390&amp;application_name=news&amp;site_id=news_data\"},{\"@type\":\"BreadcrumbList\",\"@id\":\"https:\\\/\\\/www.allgeier.com\\\/de\\\/pressroom\\\/news\\\/es-19052021\\\/#breadcrumb\",\"itemListElement\":[{\"@type\":\"ListItem\",\"position\":1,\"name\":\"Home\",\"item\":\"https:\\\/\\\/www.allgeier.com\\\/de\\\/\"},{\"@type\":\"ListItem\",\"position\":2,\"name\":\"Presse\",\"item\":\"https:\\\/\\\/www.allgeier.com\\\/de\\\/pressroom\\\/\"},{\"@type\":\"ListItem\",\"position\":3,\"name\":\"News\",\"item\":\"https:\\\/\\\/www.allgeier.com\\\/de\\\/pressroom\\\/news\\\/\"},{\"@type\":\"ListItem\",\"position\":4,\"name\":\"es-19052021\"}]},{\"@type\":\"WebSite\",\"@id\":\"https:\\\/\\\/www.allgeier.com\\\/de\\\/#website\",\"url\":\"https:\\\/\\\/www.allgeier.com\\\/de\\\/\",\"name\":\"Allgeier SE\",\"description\":\"Software &amp; IT Services for digital transformation\",\"potentialAction\":[{\"@type\":\"SearchAction\",\"target\":{\"@type\":\"EntryPoint\",\"urlTemplate\":\"https:\\\/\\\/www.allgeier.com\\\/de\\\/?s={search_term_string}\"},\"query-input\":{\"@type\":\"PropertyValueSpecification\",\"valueRequired\":true,\"valueName\":\"search_term_string\"}}],\"inLanguage\":\"de\"}]}<\/script>\n<!-- \/ Yoast SEO plugin. -->","yoast_head_json":{"title":"es-19052021 - Allgeier SE","robots":{"index":"index","follow":"follow","max-snippet":"max-snippet:-1","max-image-preview":"max-image-preview:large","max-video-preview":"max-video-preview:-1"},"canonical":"https:\/\/www.allgeier.com\/de\/pressroom\/news\/es-19052021\/","og_locale":"de_DE","og_type":"article","og_title":"es-19052021 - Allgeier SE","og_description":"ALLGEIER SE19.05.2021 \/ 11:23 Ver\u00f6ffentlichung einer Stimmrechtsmitteilung \u00fcbermittelt durch DGAP &#8211; ein Service der EQS Group AG.F\u00fcr den Inhalt der Mitteilung ist der Emittent \/ Herausgeber verantwortlich. Stimmrechtsmitteilung 1. Angaben zum Emittenten Name: ALLGEIER SE Stra\u00dfe, Hausnr.: Einsteinstra\u00dfe 172 PLZ: 81677 Ort: M\u00fcnchenDeutschland Legal Entity Identifier (LEI): 529900IQAYRZIGKOJL63 2. Grund der Mitteilung X Erwerb bzw. &hellip;","og_url":"https:\/\/www.allgeier.com\/de\/pressroom\/news\/es-19052021\/","og_site_name":"Allgeier SE","og_image":[{"url":"https:\/\/eqs-cockpit.com\/cgi-bin\/fncls.ssp?fn=show_t_gif&amp;application_id=1198390&amp;application_name=news&amp;site_id=news_data","type":"","width":"","height":""}],"twitter_card":"summary_large_image","twitter_misc":{"Gesch\u00e4tzte Lesezeit":"2\u00a0Minuten"},"schema":{"@context":"https:\/\/schema.org","@graph":[{"@type":"WebPage","@id":"https:\/\/www.allgeier.com\/de\/pressroom\/news\/es-19052021\/","url":"https:\/\/www.allgeier.com\/de\/pressroom\/news\/es-19052021\/","name":"es-19052021 - Allgeier SE","isPartOf":{"@id":"https:\/\/www.allgeier.com\/de\/#website"},"primaryImageOfPage":{"@id":"https:\/\/www.allgeier.com\/de\/pressroom\/news\/es-19052021\/#primaryimage"},"image":{"@id":"https:\/\/www.allgeier.com\/de\/pressroom\/news\/es-19052021\/#primaryimage"},"thumbnailUrl":"https:\/\/eqs-cockpit.com\/cgi-bin\/fncls.ssp?fn=show_t_gif&amp;application_id=1198390&amp;application_name=news&amp;site_id=news_data","datePublished":"2021-05-19T09:23:45+00:00","breadcrumb":{"@id":"https:\/\/www.allgeier.com\/de\/pressroom\/news\/es-19052021\/#breadcrumb"},"inLanguage":"de","potentialAction":[{"@type":"ReadAction","target":["https:\/\/www.allgeier.com\/de\/pressroom\/news\/es-19052021\/"]}]},{"@type":"ImageObject","inLanguage":"de","@id":"https:\/\/www.allgeier.com\/de\/pressroom\/news\/es-19052021\/#primaryimage","url":"https:\/\/eqs-cockpit.com\/cgi-bin\/fncls.ssp?fn=show_t_gif&amp;application_id=1198390&amp;application_name=news&amp;site_id=news_data","contentUrl":"https:\/\/eqs-cockpit.com\/cgi-bin\/fncls.ssp?fn=show_t_gif&amp;application_id=1198390&amp;application_name=news&amp;site_id=news_data"},{"@type":"BreadcrumbList","@id":"https:\/\/www.allgeier.com\/de\/pressroom\/news\/es-19052021\/#breadcrumb","itemListElement":[{"@type":"ListItem","position":1,"name":"Home","item":"https:\/\/www.allgeier.com\/de\/"},{"@type":"ListItem","position":2,"name":"Presse","item":"https:\/\/www.allgeier.com\/de\/pressroom\/"},{"@type":"ListItem","position":3,"name":"News","item":"https:\/\/www.allgeier.com\/de\/pressroom\/news\/"},{"@type":"ListItem","position":4,"name":"es-19052021"}]},{"@type":"WebSite","@id":"https:\/\/www.allgeier.com\/de\/#website","url":"https:\/\/www.allgeier.com\/de\/","name":"Allgeier SE","description":"Software &amp; IT Services for digital transformation","potentialAction":[{"@type":"SearchAction","target":{"@type":"EntryPoint","urlTemplate":"https:\/\/www.allgeier.com\/de\/?s={search_term_string}"},"query-input":{"@type":"PropertyValueSpecification","valueRequired":true,"valueName":"search_term_string"}}],"inLanguage":"de"}]}},"_links":{"self":[{"href":"https:\/\/www.allgeier.com\/de\/wp-json\/wp\/v2\/pages\/3235","targetHints":{"allow":["GET"]}}],"collection":[{"href":"https:\/\/www.allgeier.com\/de\/wp-json\/wp\/v2\/pages"}],"about":[{"href":"https:\/\/www.allgeier.com\/de\/wp-json\/wp\/v2\/types\/page"}],"author":[{"embeddable":true,"href":"https:\/\/www.allgeier.com\/de\/wp-json\/wp\/v2\/users\/1"}],"replies":[{"embeddable":true,"href":"https:\/\/www.allgeier.com\/de\/wp-json\/wp\/v2\/comments?post=3235"}],"version-history":[{"count":0,"href":"https:\/\/www.allgeier.com\/de\/wp-json\/wp\/v2\/pages\/3235\/revisions"}],"up":[{"embeddable":true,"href":"https:\/\/www.allgeier.com\/de\/wp-json\/wp\/v2\/pages\/1171"}],"wp:attachment":[{"href":"https:\/\/www.allgeier.com\/de\/wp-json\/wp\/v2\/media?parent=3235"}],"wp:term":[{"taxonomy":"category","embeddable":true,"href":"https:\/\/www.allgeier.com\/de\/wp-json\/wp\/v2\/categories?post=3235"},{"taxonomy":"post_tag","embeddable":true,"href":"https:\/\/www.allgeier.com\/de\/wp-json\/wp\/v2\/tags?post=3235"}],"curies":[{"name":"wp","href":"https:\/\/api.w.org\/{rel}","templated":true}]}}