{"id":3238,"date":"2021-05-25T11:52:49","date_gmt":"2021-05-25T11:52:49","guid":{"rendered":"https:\/\/www.allgeier.com\/de\/?page_id=3238"},"modified":"2025-02-05T18:36:53","modified_gmt":"2025-02-05T18:36:53","slug":"mgm-technology-partners-kpmg-ag-wirtschaftspruefungsgesellschaft-und-hoehn-consulting-gewinnen-it-rahmenvertrag-des-bayerischen-staatsministerium-fuer-digitales","status":"publish","type":"page","link":"https:\/\/www.allgeier.com\/de\/pressroom\/press-releases\/mgm-technology-partners-kpmg-ag-wirtschaftspruefungsgesellschaft-und-hoehn-consulting-gewinnen-it-rahmenvertrag-des-bayerischen-staatsministerium-fuer-digitales\/","title":{"rendered":"mgm technology partners, KPMG AG Wirtschaftspr\u00fcfungsgesellschaft und H\u00f6hn Consulting gewinnen IT-Rahmenvertrag des Bayerischen Staatsministerium f\u00fcr Digitales"},"content":{"rendered":"<ul>\n<li>Bayerisches Staatsministerium f\u00fcr Digitales vergibt Rahmenvertr\u00e4ge f\u00fcr IT-Dienstleistungen an sieben Unternehmen<\/li>\n<li>mgm als Generalunternehmer mit KPMG und H\u00f6hn Consulting gewinnt einen Zuschlag<\/li>\n<li>Gesamtvolumen von bis zu 60 Millionen Euro und eine vierj\u00e4hrige Laufzeit f\u00fcr alle Bieter<\/li>\n<\/ul>\n<p><em><strong>M\u00fcnchen, 25.05.2021<\/strong> \u2013<\/em>\u00a0Die Digitalisierung und IT-Modernisierung in Bayern nimmt weiter Fahrt auf. Zur Unterst\u00fctzung hatte das Bayerische Staatsministerium f\u00fcr Digitales (StMD) einen Rahmenvertrag f\u00fcr verschiedene IT-Dienstleistungen ausgeschrieben. mgm technology partners bekam nun als Generalunternehmer zusammen mit der KPMG AG Wirtschaftspr\u00fcfungsgesellschaft und H\u00f6hn Consulting den Zuschlag als eines von sieben Unternehmen. Die Rahmenvertr\u00e4ge haben eine Laufzeit von vier Jahren und zusammen ein maximales Abrufvolumen von 60 Millionen Euro.<\/p>\n<p>\u201eAls in M\u00fcnchen gegr\u00fcndetes Unternehmen freuen wir uns sehr, das Bayerische Digitalministerium mit unserem Technologie- und Beratungs-Know-how unterst\u00fctzen zu d\u00fcrfen\u201c, so Hamarz\u00a0Mehmanesh, Mitgr\u00fcnder und CEO von mgm. \u201eZusammen mit den Expertinnen und Experten von KPMG und H\u00f6hn Consulting sind wir gespannt auf die vielf\u00e4ltigen Projekte der kommenden Jahre.\u201c<\/p>\n<p>Die Aufgabenfelder der ausgeschriebenen Rahmenvertr\u00e4ge sind unter anderem die Softwareentwicklung, -pflege und -weiterentwicklung, Projektmanagement- und Projektunterst\u00fctzungsleistungen sowie Leistungen aus dem Bereich IT-Consulting. Das StMD hatte nach einem \u00f6ffentlichen Teilnahmewettbewerb elf geeignete Unternehmen zur Angebotsabgabe eingeladen. F\u00fcr die sieben Unternehmen mit Rahmenvertrag gibt es keine festen Projekte und Budgets. F\u00fcr jedes Projekt und Einzelauftr\u00e4ge aus dem Rahmenvertrag wird es jeweils ein erneutes und verk\u00fcrztes Vergabeverfahren geben.<\/p>\n<p>F\u00fcr diese Mini-Wettbewerbe kann mgm zusammen mit KPMG und H\u00f6hn Consulting eine differenzierte Palette Beratungs- und IT-Umsetzungsleistungen anbieten. \u201eDie thematische Breite des beauftragten Rahmenvertrages erm\u00f6glicht es, Auftr\u00e4ge unter Ber\u00fccksichtigung aller jeweils ber\u00fchrten Aspekte zu erteilen. Dies verspricht uns als Auftragnehmer spannende Herausforderungen und dem Staatsministerium f\u00fcr Digitales ganzheitliche Beratung und Unterst\u00fctzung mit nachhaltiger Wirkung\u201c, freut sich Thomas H\u00f6hn, Gesch\u00e4ftsf\u00fchrer von H\u00f6hn Consulting.<\/p>\n<p>In Deutschland geh\u00f6rt KPMG zu den f\u00fchrenden Wirtschaftspr\u00fcfungs- und Beratungsunternehmen. Die organisatorischen, prozessualen und technischen Aspekte der Digitalisierung stellen einen wichtigen Schwerpunkt des Beratungsspektrums dar. Der Bereich Public Sector Consulting liefert explizit Beratungsexpertise zur Modernisierung der Verwaltung in Deutschland. \u201eDie OZG Umsetzung ist eine spannende Chance zur Optimierung von Verwaltungsleistungen\u201c, so Michael K\u00f6hler, Director im Bereich Public Sector Consulting. \u201eWir freuen uns daher darauf, solch eine Aufgabe mit diesem starken Team in Bayern gemeinsam anzugehen.\u201c<\/p>\n<p>&nbsp;<\/p>\n<p><strong>\u00dcber mgm <\/strong><\/p>\n<p>mgm technology partners entwickelt Enterprise Applikationen haupts\u00e4chlich f\u00fcr die Branchen Commerce, Insurance und Public Sector. Basis dabei ist der Ansatz der Digitalen Souver\u00e4nit\u00e4t, nach der Organisationen die Hoheit und das Wissen \u00fcber die eigenen IT-Systeme behalten. Hauptsitz des 1994 gegr\u00fcndeten Technologieunternehmens ist M\u00fcnchen, hinzu kommen mittlerweile B\u00fcros in 15 St\u00e4dten im In- und Ausland, darunter in den Metropolen Berlin, Hamburg, K\u00f6ln, Prag, Washington D.C. und Da Nang in Vietnam. Insgesamt sind \u00fcber 750 Mitarbeiterinnen und Mitarbeiter in sieben L\u00e4ndern f\u00fcr mgm t\u00e4tig. Seit 2006 ist mgm eine Division der Allgeier SE in M\u00fcnchen, an der Spitze steht mit Hamarz Mehmanesh weiterhin einer der Gr\u00fcnder und Teilhaber. Zusammen mit den spezialisierten Tochterfirmen\u00a0<a href=\"https:\/\/www.mgm-cp.com\/\">mgm consulting partners<\/a>\u00a0(Managementberatung f\u00fcr\u00a0CIO Advisory, Organisationsentwicklung und Change-Management) und\u00a0<a href=\"https:\/\/www.mgm-sp.com\/\">mgm security partners<\/a>\u00a0(Web Application Security) deckt mgm eine gro\u00dfe Bandbreite der Digitalisierungsthemen ab.<\/p>\n<p><a href=\"http:\/\/www.mgm-tp.com\">www.mgm-tp.com<\/a><\/p>\n<p>&nbsp;<\/p>\n<p><strong>\u00dcber KPMG AG Wirtschaftspr\u00fcfungsgesellschaft<\/strong><\/p>\n<p>Auch in Deutschland geh\u00f6rt KPMG zu den f\u00fchrenden Wirtschaftspr\u00fcfungs- und Beratungsunternehmen und ist mit rund 12.500 Mitarbeiterinnen und Mitarbeitern an 26 Standorten pr\u00e4sent. Die Leistungen sind in die Gesch\u00e4ftsbereiche Audit, Tax, Consulting und Deal Advisory gegliedert. Im Mittelpunkt von Audit steht die Pr\u00fcfung von Konzern- und Jahresabschl\u00fcssen. Tax steht f\u00fcr die steuerberatende T\u00e4tigkeit von KPMG. Die Bereiche Consulting und Deal Advisory b\u00fcndeln hohes fachliches Know-how zu betriebswirtschaftlichen, regulatorischen und transaktionsorientierten Themen. Hierbei stellen die organisatorischen, prozessualen und technischen Aspekte der Digitalisierung einen wichtigen Schwerpunkt des Beratungsspektrums dar. F\u00fcr wesentliche Branchen unserer Wirtschaft hat KPMG eine gesch\u00e4ftsbereichs\u00fcbergreifende Spezialisierung vorgenommen. Hier laufen die Erfahrungen der Experten weltweit zusammen und tragen zus\u00e4tzlich zur Beratungsqualit\u00e4t bei.<\/p>\n<p>&nbsp;<\/p>\n<p><strong>\u00dcber H\u00f6hn Consulting GmbH<\/strong><\/p>\n<p>Die H\u00f6hn Consulting GmbH ist ein 2013 gegr\u00fcndetes Beratungshaus mit Sitz in Kiel. Unsere Beratung st\u00fctzt sich auf ein Team mit \u00fcberwiegend langj\u00e4hriger Erfahrung in der Begleitung innovativer Organisations- und IT-Projekte. Das Spektrum ist dabei sehr breit: Verschlankung von Aufbau- und Ablauforganisation, Digitalisierung von Prozessen, Softwareanpassung, effiziente IT-Betriebsorganisation, Moderation und Prozessbegleitung sind nur die wichtigsten Expertisen unseres Teams. Unser Beraterteam ist nach dem PRINCE2-Standard f\u00fcr Projektmanagement zertifiziert. Dar\u00fcber hinaus verf\u00fcgen unsere Beraterinnen und Berater je nach Einsatzschwerpunkt \u00fcber qualifizierte Zertifizierungen in den Bereichen agiles Projektmanagement (SCRUM), Anforderungsmanagement (IREB), Testmanagement (ISTQB), Gesch\u00e4ftsprozessanalyse und -modellierung (BPMN 2), IT-Betriebsorganisation (ITIL), Governance (COBIT), Design Thinking und Moderation.<\/p>\n","protected":false},"excerpt":{"rendered":"<p>Bayerisches Staatsministerium f\u00fcr Digitales vergibt Rahmenvertr\u00e4ge f\u00fcr IT-Dienstleistungen an sieben Unternehmen mgm als Generalunternehmer mit KPMG und H\u00f6hn Consulting gewinnt einen Zuschlag Gesamtvolumen von bis zu 60 Millionen Euro und eine vierj\u00e4hrige Laufzeit f\u00fcr alle Bieter M\u00fcnchen, 25.05.2021 \u2013\u00a0Die Digitalisierung und IT-Modernisierung in Bayern nimmt weiter Fahrt auf. Zur Unterst\u00fctzung hatte das Bayerische Staatsministerium f\u00fcr &hellip; <\/p>\n","protected":false},"author":4,"featured_media":0,"parent":1169,"menu_order":0,"comment_status":"closed","ping_status":"closed","template":"","meta":{"_acf_changed":false,"footnotes":""},"categories":[7],"tags":[],"class_list":["post-3238","page","type-page","status-publish","hentry","category-pressemitteilungen"],"acf":[],"yoast_head":"<!-- This site is optimized with the Yoast SEO plugin v27.4 - https:\/\/yoast.com\/product\/yoast-seo-wordpress\/ -->\n<title>mgm technology partners, KPMG AG Wirtschaftspr\u00fcfungsgesellschaft und H\u00f6hn Consulting gewinnen IT-Rahmenvertrag des Bayerischen Staatsministerium f\u00fcr Digitales - Allgeier SE<\/title>\n<meta name=\"robots\" content=\"index, follow, max-snippet:-1, max-image-preview:large, max-video-preview:-1\" \/>\n<link rel=\"canonical\" href=\"https:\/\/www.allgeier.com\/de\/pressroom\/press-releases\/mgm-technology-partners-kpmg-ag-wirtschaftspruefungsgesellschaft-und-hoehn-consulting-gewinnen-it-rahmenvertrag-des-bayerischen-staatsministerium-fuer-digitales\/\" \/>\n<meta property=\"og:locale\" content=\"de_DE\" \/>\n<meta property=\"og:type\" content=\"article\" \/>\n<meta property=\"og:title\" content=\"mgm technology partners, KPMG AG Wirtschaftspr\u00fcfungsgesellschaft und H\u00f6hn Consulting gewinnen IT-Rahmenvertrag des Bayerischen Staatsministerium f\u00fcr Digitales - Allgeier SE\" \/>\n<meta property=\"og:description\" content=\"Bayerisches Staatsministerium f\u00fcr Digitales vergibt Rahmenvertr\u00e4ge f\u00fcr IT-Dienstleistungen an sieben Unternehmen mgm als Generalunternehmer mit KPMG und H\u00f6hn Consulting gewinnt einen Zuschlag Gesamtvolumen von bis zu 60 Millionen Euro und eine vierj\u00e4hrige Laufzeit f\u00fcr alle Bieter M\u00fcnchen, 25.05.2021 \u2013\u00a0Die Digitalisierung und IT-Modernisierung in Bayern nimmt weiter Fahrt auf. Zur Unterst\u00fctzung hatte das Bayerische Staatsministerium f\u00fcr &hellip;\" \/>\n<meta property=\"og:url\" content=\"https:\/\/www.allgeier.com\/de\/pressroom\/press-releases\/mgm-technology-partners-kpmg-ag-wirtschaftspruefungsgesellschaft-und-hoehn-consulting-gewinnen-it-rahmenvertrag-des-bayerischen-staatsministerium-fuer-digitales\/\" \/>\n<meta property=\"og:site_name\" content=\"Allgeier SE\" \/>\n<meta property=\"article:modified_time\" content=\"2025-02-05T18:36:53+00:00\" \/>\n<meta name=\"twitter:card\" content=\"summary_large_image\" \/>\n<meta name=\"twitter:label1\" content=\"Gesch\u00e4tzte Lesezeit\" \/>\n\t<meta name=\"twitter:data1\" content=\"4\u00a0Minuten\" \/>\n<script type=\"application\/ld+json\" class=\"yoast-schema-graph\">{\"@context\":\"https:\\\/\\\/schema.org\",\"@graph\":[{\"@type\":\"WebPage\",\"@id\":\"https:\\\/\\\/www.allgeier.com\\\/de\\\/pressroom\\\/press-releases\\\/mgm-technology-partners-kpmg-ag-wirtschaftspruefungsgesellschaft-und-hoehn-consulting-gewinnen-it-rahmenvertrag-des-bayerischen-staatsministerium-fuer-digitales\\\/\",\"url\":\"https:\\\/\\\/www.allgeier.com\\\/de\\\/pressroom\\\/press-releases\\\/mgm-technology-partners-kpmg-ag-wirtschaftspruefungsgesellschaft-und-hoehn-consulting-gewinnen-it-rahmenvertrag-des-bayerischen-staatsministerium-fuer-digitales\\\/\",\"name\":\"mgm technology partners, KPMG AG Wirtschaftspr\u00fcfungsgesellschaft und H\u00f6hn Consulting gewinnen IT-Rahmenvertrag des Bayerischen Staatsministerium f\u00fcr Digitales - Allgeier SE\",\"isPartOf\":{\"@id\":\"https:\\\/\\\/www.allgeier.com\\\/de\\\/#website\"},\"datePublished\":\"2021-05-25T11:52:49+00:00\",\"dateModified\":\"2025-02-05T18:36:53+00:00\",\"breadcrumb\":{\"@id\":\"https:\\\/\\\/www.allgeier.com\\\/de\\\/pressroom\\\/press-releases\\\/mgm-technology-partners-kpmg-ag-wirtschaftspruefungsgesellschaft-und-hoehn-consulting-gewinnen-it-rahmenvertrag-des-bayerischen-staatsministerium-fuer-digitales\\\/#breadcrumb\"},\"inLanguage\":\"de\",\"potentialAction\":[{\"@type\":\"ReadAction\",\"target\":[\"https:\\\/\\\/www.allgeier.com\\\/de\\\/pressroom\\\/press-releases\\\/mgm-technology-partners-kpmg-ag-wirtschaftspruefungsgesellschaft-und-hoehn-consulting-gewinnen-it-rahmenvertrag-des-bayerischen-staatsministerium-fuer-digitales\\\/\"]}]},{\"@type\":\"BreadcrumbList\",\"@id\":\"https:\\\/\\\/www.allgeier.com\\\/de\\\/pressroom\\\/press-releases\\\/mgm-technology-partners-kpmg-ag-wirtschaftspruefungsgesellschaft-und-hoehn-consulting-gewinnen-it-rahmenvertrag-des-bayerischen-staatsministerium-fuer-digitales\\\/#breadcrumb\",\"itemListElement\":[{\"@type\":\"ListItem\",\"position\":1,\"name\":\"Home\",\"item\":\"https:\\\/\\\/www.allgeier.com\\\/de\\\/\"},{\"@type\":\"ListItem\",\"position\":2,\"name\":\"Presse\",\"item\":\"https:\\\/\\\/www.allgeier.com\\\/de\\\/pressroom\\\/\"},{\"@type\":\"ListItem\",\"position\":3,\"name\":\"Pressemitteilungen\",\"item\":\"https:\\\/\\\/www.allgeier.com\\\/de\\\/pressroom\\\/press-releases\\\/\"},{\"@type\":\"ListItem\",\"position\":4,\"name\":\"mgm technology partners, KPMG AG Wirtschaftspr\u00fcfungsgesellschaft und H\u00f6hn Consulting gewinnen IT-Rahmenvertrag des Bayerischen Staatsministerium f\u00fcr Digitales\"}]},{\"@type\":\"WebSite\",\"@id\":\"https:\\\/\\\/www.allgeier.com\\\/de\\\/#website\",\"url\":\"https:\\\/\\\/www.allgeier.com\\\/de\\\/\",\"name\":\"Allgeier SE\",\"description\":\"Software &amp; IT Services for digital transformation\",\"potentialAction\":[{\"@type\":\"SearchAction\",\"target\":{\"@type\":\"EntryPoint\",\"urlTemplate\":\"https:\\\/\\\/www.allgeier.com\\\/de\\\/?s={search_term_string}\"},\"query-input\":{\"@type\":\"PropertyValueSpecification\",\"valueRequired\":true,\"valueName\":\"search_term_string\"}}],\"inLanguage\":\"de\"}]}<\/script>\n<!-- \/ Yoast SEO plugin. -->","yoast_head_json":{"title":"mgm technology partners, KPMG AG Wirtschaftspr\u00fcfungsgesellschaft und H\u00f6hn Consulting gewinnen IT-Rahmenvertrag des Bayerischen Staatsministerium f\u00fcr Digitales - Allgeier SE","robots":{"index":"index","follow":"follow","max-snippet":"max-snippet:-1","max-image-preview":"max-image-preview:large","max-video-preview":"max-video-preview:-1"},"canonical":"https:\/\/www.allgeier.com\/de\/pressroom\/press-releases\/mgm-technology-partners-kpmg-ag-wirtschaftspruefungsgesellschaft-und-hoehn-consulting-gewinnen-it-rahmenvertrag-des-bayerischen-staatsministerium-fuer-digitales\/","og_locale":"de_DE","og_type":"article","og_title":"mgm technology partners, KPMG AG Wirtschaftspr\u00fcfungsgesellschaft und H\u00f6hn Consulting gewinnen IT-Rahmenvertrag des Bayerischen Staatsministerium f\u00fcr Digitales - Allgeier SE","og_description":"Bayerisches Staatsministerium f\u00fcr Digitales vergibt Rahmenvertr\u00e4ge f\u00fcr IT-Dienstleistungen an sieben Unternehmen mgm als Generalunternehmer mit KPMG und H\u00f6hn Consulting gewinnt einen Zuschlag Gesamtvolumen von bis zu 60 Millionen Euro und eine vierj\u00e4hrige Laufzeit f\u00fcr alle Bieter M\u00fcnchen, 25.05.2021 \u2013\u00a0Die Digitalisierung und IT-Modernisierung in Bayern nimmt weiter Fahrt auf. Zur Unterst\u00fctzung hatte das Bayerische Staatsministerium f\u00fcr &hellip;","og_url":"https:\/\/www.allgeier.com\/de\/pressroom\/press-releases\/mgm-technology-partners-kpmg-ag-wirtschaftspruefungsgesellschaft-und-hoehn-consulting-gewinnen-it-rahmenvertrag-des-bayerischen-staatsministerium-fuer-digitales\/","og_site_name":"Allgeier SE","article_modified_time":"2025-02-05T18:36:53+00:00","twitter_card":"summary_large_image","twitter_misc":{"Gesch\u00e4tzte Lesezeit":"4\u00a0Minuten"},"schema":{"@context":"https:\/\/schema.org","@graph":[{"@type":"WebPage","@id":"https:\/\/www.allgeier.com\/de\/pressroom\/press-releases\/mgm-technology-partners-kpmg-ag-wirtschaftspruefungsgesellschaft-und-hoehn-consulting-gewinnen-it-rahmenvertrag-des-bayerischen-staatsministerium-fuer-digitales\/","url":"https:\/\/www.allgeier.com\/de\/pressroom\/press-releases\/mgm-technology-partners-kpmg-ag-wirtschaftspruefungsgesellschaft-und-hoehn-consulting-gewinnen-it-rahmenvertrag-des-bayerischen-staatsministerium-fuer-digitales\/","name":"mgm technology partners, KPMG AG Wirtschaftspr\u00fcfungsgesellschaft und H\u00f6hn Consulting gewinnen IT-Rahmenvertrag des Bayerischen Staatsministerium f\u00fcr Digitales - Allgeier SE","isPartOf":{"@id":"https:\/\/www.allgeier.com\/de\/#website"},"datePublished":"2021-05-25T11:52:49+00:00","dateModified":"2025-02-05T18:36:53+00:00","breadcrumb":{"@id":"https:\/\/www.allgeier.com\/de\/pressroom\/press-releases\/mgm-technology-partners-kpmg-ag-wirtschaftspruefungsgesellschaft-und-hoehn-consulting-gewinnen-it-rahmenvertrag-des-bayerischen-staatsministerium-fuer-digitales\/#breadcrumb"},"inLanguage":"de","potentialAction":[{"@type":"ReadAction","target":["https:\/\/www.allgeier.com\/de\/pressroom\/press-releases\/mgm-technology-partners-kpmg-ag-wirtschaftspruefungsgesellschaft-und-hoehn-consulting-gewinnen-it-rahmenvertrag-des-bayerischen-staatsministerium-fuer-digitales\/"]}]},{"@type":"BreadcrumbList","@id":"https:\/\/www.allgeier.com\/de\/pressroom\/press-releases\/mgm-technology-partners-kpmg-ag-wirtschaftspruefungsgesellschaft-und-hoehn-consulting-gewinnen-it-rahmenvertrag-des-bayerischen-staatsministerium-fuer-digitales\/#breadcrumb","itemListElement":[{"@type":"ListItem","position":1,"name":"Home","item":"https:\/\/www.allgeier.com\/de\/"},{"@type":"ListItem","position":2,"name":"Presse","item":"https:\/\/www.allgeier.com\/de\/pressroom\/"},{"@type":"ListItem","position":3,"name":"Pressemitteilungen","item":"https:\/\/www.allgeier.com\/de\/pressroom\/press-releases\/"},{"@type":"ListItem","position":4,"name":"mgm technology partners, KPMG AG Wirtschaftspr\u00fcfungsgesellschaft und H\u00f6hn Consulting gewinnen IT-Rahmenvertrag des Bayerischen Staatsministerium f\u00fcr Digitales"}]},{"@type":"WebSite","@id":"https:\/\/www.allgeier.com\/de\/#website","url":"https:\/\/www.allgeier.com\/de\/","name":"Allgeier SE","description":"Software &amp; IT Services for digital transformation","potentialAction":[{"@type":"SearchAction","target":{"@type":"EntryPoint","urlTemplate":"https:\/\/www.allgeier.com\/de\/?s={search_term_string}"},"query-input":{"@type":"PropertyValueSpecification","valueRequired":true,"valueName":"search_term_string"}}],"inLanguage":"de"}]}},"_links":{"self":[{"href":"https:\/\/www.allgeier.com\/de\/wp-json\/wp\/v2\/pages\/3238","targetHints":{"allow":["GET"]}}],"collection":[{"href":"https:\/\/www.allgeier.com\/de\/wp-json\/wp\/v2\/pages"}],"about":[{"href":"https:\/\/www.allgeier.com\/de\/wp-json\/wp\/v2\/types\/page"}],"author":[{"embeddable":true,"href":"https:\/\/www.allgeier.com\/de\/wp-json\/wp\/v2\/users\/4"}],"replies":[{"embeddable":true,"href":"https:\/\/www.allgeier.com\/de\/wp-json\/wp\/v2\/comments?post=3238"}],"version-history":[{"count":1,"href":"https:\/\/www.allgeier.com\/de\/wp-json\/wp\/v2\/pages\/3238\/revisions"}],"predecessor-version":[{"id":6178,"href":"https:\/\/www.allgeier.com\/de\/wp-json\/wp\/v2\/pages\/3238\/revisions\/6178"}],"up":[{"embeddable":true,"href":"https:\/\/www.allgeier.com\/de\/wp-json\/wp\/v2\/pages\/1169"}],"wp:attachment":[{"href":"https:\/\/www.allgeier.com\/de\/wp-json\/wp\/v2\/media?parent=3238"}],"wp:term":[{"taxonomy":"category","embeddable":true,"href":"https:\/\/www.allgeier.com\/de\/wp-json\/wp\/v2\/categories?post=3238"},{"taxonomy":"post_tag","embeddable":true,"href":"https:\/\/www.allgeier.com\/de\/wp-json\/wp\/v2\/tags?post=3238"}],"curies":[{"name":"wp","href":"https:\/\/api.w.org\/{rel}","templated":true}]}}