{"id":3253,"date":"2021-06-18T11:57:52","date_gmt":"2021-06-18T11:57:52","guid":{"rendered":"https:\/\/www.allgeier.com\/de\/pressroom\/news\/es-18062021\/"},"modified":"2025-02-05T19:24:26","modified_gmt":"2025-02-05T19:24:26","slug":"es-18062021","status":"publish","type":"page","link":"https:\/\/www.allgeier.com\/de\/pressroom\/news\/es-18062021\/","title":{"rendered":"es-18062021"},"content":{"rendered":"<table class=\"news_layout style2015\" border=\"0\" cellpadding=\"0\" cellspacing=\"0\">\n<tr>\n<td>\n<p class=\"news_top\">DGAP-News: ALLGEIER SE \/ Schlagwort(e): Firmen\u00fcbernahme<br \/><span class=\"news_top_date\">18.06.2021 \/ 13:57 <\/span><br \/>F\u00fcr den Inhalt der Mitteilung ist der Emittent \/ Herausgeber verantwortlich.<\/p>\n<div class=\"break-word news_main\">\n<p><i>M\u00fcnchen, 18. Juni 2021 &#8211; <\/i>Zur Erweiterung der Gesch\u00e4ftsfelder der publicplan-Gruppe hat die Allgeier publicplan Holding GmbH, M\u00fcnchen, eine Tochtergesellschaft der Allgeier SE (ISIN DE000A2GS633, WKN A2GS63), M\u00fcnchen, einen Kaufvertrag zum Erwerb von Gesch\u00e4ftsanteilen der Cloudical Deutschland GmbH, Berlin, unterzeichnet.<\/p>\n<p>Bereits Anfang des Jahres wurde mit der Integration der heute gut 100 Mitarbeiter starken publicplan GmbH, D\u00fcsseldorf\/Berlin, ein wichtiger strategischer Meilenstein zur St\u00e4rkung der Public Sector- und Open-Source-Kompetenz gesetzt. Die Positionierung im bedeutsamen Wachstumsumfeld der Cloud- und Container-basierten Services wird mit Cloudical nachhaltig ausgebaut und gefestigt.<\/p>\n<p>Cloudical ist einer der f\u00fchrenden Cloud- und Container-Spezialisten in Deutschland. Das Unternehmen hat sich auf Open-Source-L\u00f6sungen und Beratungsleistungen zur Konzeption, Erstellung und Nutzung von Container- und Kubernetes-basierten Betriebsumgebungen spezialisiert. Die Gesellschaft profitiert dabei vom starken und anhaltenden globalen Trend zur Verlagerung von L\u00f6sungen und Infrastrukturen in die \u00f6ffentliche und private Cloud.<\/p>\n<p>Basierend auf einer offenen und standardkonformen Plattform erm\u00f6glicht es Cloudical seinen Kunden, mit VanillaStack automatisierte Platform as a Service (PaaS)-L\u00f6sungen sowie Software as a Service (SaaS)-\u00d6kosysteme auszurollen und zu bearbeiten.<\/p>\n<p>Zu den Kunden z\u00e4hlen zahlreiche namhafte Unternehmen sowie \u00f6ffentliche Auftraggeber, welche die Vorteile einer moderner Cloud-Umgebungen erschlie\u00dfen wollen. F\u00fcr die Kunden werden dadurch das kontinuierliche Ausrollen von Funktionalit\u00e4ten, die Skalierbarkeit, eine erh\u00f6hte Betriebssicherheit sowie erhebliche Kostenvorteile im Betrieb erzielt.<\/p>\n<p>Allgeier ist heute im deutschsprachigen Raum einer der gro\u00dfen Full-Service-Anbieter f\u00fcr Softwarel\u00f6sungen und IT-Dienstleistungen mit exzellenten eigenen Softwareprodukten. Basierend auf einem breiten Stamm von mehr als 2.000 Kunden aus dem \u00d6ffentlichem Sektor, Konzernen sowie Markt- und Branchenf\u00fchrern sowie \u00fcber 3.000 Mitarbeitenden setzt Allgeier seine fokussierte Wachstumsstrategie mit dem seit vielen Jahren erfolgreichen Buy-and-Build-Ansatz fort.<\/p>\n<p>Kontakt:<\/p>\n<p>Allgeier SE<br \/>Corporate Communications &amp; Investor Relations<br \/>Dr. Christopher Gro\u00dfe<br \/>Einsteinstra\u00dfe 172<br \/>81677 M\u00fcnchen<br \/>Tel.: +49 (0)89\/998421-0<br \/>Fax: +49 (0)89\/998421-11<br \/>E-Mail: ir@allgeier.com<br \/>Web: www.allgeier.com<\/p>\n<p>Allgeier SE ist eines der f\u00fchrenden Technologie-Unternehmen f\u00fcr digitale Transformation: Die stark wachsende Gruppe mit Hauptsitz in M\u00fcnchen f\u00fchrt ihre Kunden durch die Herausforderungen des digitalen Wandels, um deren zuk\u00fcnftigen Erfolg sicherzustellen. Allgeier verf\u00fcgt \u00fcber eine breite und stabile Kundenbasis aus global agierenden Konzernen, leistungsstarken mittelst\u00e4ndischen Unternehmen sowie Auftraggebern des \u00f6ffentlichen Sektors. Den \u00fcber 2.000 Kunden bietet Allgeier ein vollumf\u00e4ngliches IT- und Software-Services-Portfolio, das von High-End-Softwareentwicklung bis hin zu Business Efficiency Solutions zur Unterst\u00fctzung der Digitalisierung und Transformation gesch\u00e4ftskritischer Prozesse reicht. Allgeier erzielt dabei Durchbr\u00fcche hin zu neuen digitalen Gesch\u00e4ftsmodellen, definiert strategische Priorit\u00e4ten und realisiert mit hoher Flexibilit\u00e4t und Skalierbarkeit bahnbrechende Projekte, um agile und intelligente Organisationen f\u00fcr das digitale Zeitalter zu gestalten. In den Segmenten Enterprise IT und mgm technology partners sind rund 2.400 angestellte Mitarbeiter und \u00fcber 800 freiberufliche Experten in insgesamt 65 Niederlassungen in der DACH-Region, in Frankreich und der Tschechischen Republik sowie in den USA und in Vietnam t\u00e4tig. Im Gesch\u00e4ftsjahr 2020 erzielte Allgeier im fortgef\u00fchrten Gesch\u00e4ft einen Umsatz von 352 Mio. Euro. Gem\u00e4\u00df L\u00fcnendonk(R)-Liste 2021 z\u00e4hlt Allgeier zu den f\u00fchrenden IT-Beratungs- und Systemintegrations-Unternehmen in Deutschland. Allgeier SE ist am Regulierten Markt der Frankfurter Wertpapierb\u00f6rse im General Standard gelistet (WKN A2GS63, ISIN DE000A2GS633). Weitere Informationen unter: www.allgeier.com<\/p>\n<p>Die Cloudical Deutschland GmbH ist ein Unternehmen mit Sitz in Deutschland, das sich auf den Cloud-Bereich spezialisiert hat. Das gr\u00f6\u00dfte Produkt des Unternehmens und in dieser Form weltweit einzigartig ist der VanillaStack &#8211; ein reiner open-source cloud-native Stack auf Basis von Kubernetes, der jetzt zus\u00e4tzlich in der VanillaCloud erh\u00e4ltlich ist. Cloudical bietet auch Managed Services und Cloud-Beratung (Beratung, Coaching, Schulung) an. Cloudical arbeitet hersteller- und plattformunabh\u00e4ngig, sodass das Unternehmen seinen Kunden auf ihre Bed\u00fcrfnisse zugeschnittene L\u00f6sungen anbieten kann.<\/p>\n<\/div>\n<p><\/p>\n<hr \/>\n<p class=\"news_bottom\">18.06.2021  Ver\u00f6ffentlichung einer Corporate News\/Finanznachricht, \u00fcbermittelt durch DGAP &#8211; ein Service der EQS Group AG. <br \/>F\u00fcr den Inhalt der Mitteilung ist der Emittent \/ Herausgeber verantwortlich.<\/p>\n<p>Die DGAP Distributionsservices umfassen gesetzliche Meldepflichten, Corporate News\/Finanznachrichten und Pressemitteilungen. <br \/>Medienarchiv unter http:\/\/www.dgap.de<\/p>\n<hr \/>\n<\/td>\n<\/tr>\n<\/table>\n<table class=\"news_footer_layout\" cellpadding=\"0\" cellspacing=\"0\">\n<tr>\n<td align=\"left\" valign=\"top\" class=\"first_column column_1\" nowrap>Sprache:<\/td>\n<td align=\"left\" valign=\"top\" class=\"column_2\">Deutsch<\/td>\n<\/tr>\n<tr>\n<td align=\"left\" valign=\"top\" class=\"column_1\" nowrap>Unternehmen:<\/td>\n<td align=\"left\" valign=\"top\" class=\"column_2\">ALLGEIER SE<\/td>\n<\/tr>\n<tr>\n<td align=\"left\" valign=\"top\" class=\"column_1\"><\/td>\n<td align=\"left\" valign=\"top\" class=\"column_2\">Einsteinstra\u00dfe 172<\/td>\n<\/tr>\n<tr>\n<td align=\"left\" valign=\"top\" class=\"column_1\"><\/td>\n<td align=\"left\" valign=\"top\" class=\"column_2\">81677 M\u00fcnchen<\/td>\n<\/tr>\n<tr>\n<td align=\"left\" valign=\"top\" class=\"column_1\"><\/td>\n<td align=\"left\" valign=\"top\" class=\"column_2\">Deutschland<\/td>\n<\/tr>\n<tr>\n<td align=\"left\" valign=\"top\" class=\"column_1\" nowrap>Telefon:<\/td>\n<td align=\"left\" valign=\"top\" class=\"column_2\">+49 (0) 89 &#8211; 99 84 21 0<\/td>\n<\/tr>\n<tr>\n<td align=\"left\" valign=\"top\" class=\"column_1\" nowrap>Fax:<\/td>\n<td align=\"left\" valign=\"top\" class=\"column_2\">+49 (0) 89 &#8211; 99 84 21 11<\/td>\n<\/tr>\n<tr>\n<td align=\"left\" valign=\"top\" class=\"column_1\" nowrap>E-Mail:<\/td>\n<td align=\"left\" valign=\"top\" class=\"column_2\">info@allgeier.com<\/td>\n<\/tr>\n<tr>\n<td align=\"left\" valign=\"top\" class=\"column_1\" nowrap>Internet:<\/td>\n<td align=\"left\" valign=\"top\" class=\"column_2\">http:\/\/www.allgeier.com<\/td>\n<\/tr>\n<tr>\n<td align=\"left\" valign=\"top\" class=\"column_1\" nowrap>ISIN:<\/td>\n<td align=\"left\" valign=\"top\" class=\"column_2\">DE000A2GS633<\/td>\n<\/tr>\n<tr>\n<td align=\"left\" valign=\"top\" class=\"column_1\" nowrap>WKN:<\/td>\n<td align=\"left\" valign=\"top\" class=\"column_2\">A2GS63<\/td>\n<\/tr>\n<tr>\n<td align=\"left\" valign=\"top\" class=\"column_1\" nowrap>Indizes:<\/td>\n<td align=\"left\" valign=\"top\" class=\"column_2\">CDAX<\/td>\n<\/tr>\n<tr>\n<td align=\"left\" valign=\"top\" class=\"column_1\">B\u00f6rsen:<\/td>\n<td align=\"left\" valign=\"top\" class=\"column_2\">Regulierter Markt in Frankfurt (General Standard); Freiverkehr in Berlin, D\u00fcsseldorf, Hamburg, Stuttgart, Tradegate Exchange<\/td>\n<\/tr>\n<tr>\n<td align=\"left\" valign=\"top\" class=\"column_1\" nowrap>EQS News ID:<\/td>\n<td align=\"left\" valign=\"top\" class=\"column_2\">1209744<\/td>\n<\/tr>\n<\/table>\n<p><\/p>\n<table class=\"news_footer_layout\" border=\"0\" cellpadding=\"0\" cellspacing=\"0\">\n<tr>\n<td align=\"left\" valign=\"top\" colspan=\"2\"><\/td>\n<\/tr>\n<\/table>\n<table class=\"news_layout news_layout_footer_end\" border=\"0\" cellpadding=\"0\" cellspacing=\"0\">\n<tr>\n<td align=\"left\" valign=\"top\" colspan=\"2\">&nbsp;<\/td>\n<\/tr>\n<tr>\n<td align=\"left\" valign=\"top\" class=\"column_1\">Ende der Mitteilung<\/td>\n<td align=\"left\" valign=\"top\" class=\"column_2\">DGAP News-Service<\/td>\n<\/tr>\n<\/table>\n<p class=\"\">\n<p><img loading=\"lazy\" decoding=\"async\" src=\"https:\/\/eqs-cockpit.com\/cgi-bin\/fncls.ssp?fn=show_t_gif&amp;application_id=1209744&amp;application_name=news&amp;site_id=news_data\" alt=\"show this\" width=\"0\" height=\"0\" border=\"0\" \/><\/p>\n","protected":false},"excerpt":{"rendered":"<p>DGAP-News: ALLGEIER SE \/ Schlagwort(e): Firmen\u00fcbernahme18.06.2021 \/ 13:57 F\u00fcr den Inhalt der Mitteilung ist der Emittent \/ Herausgeber verantwortlich. M\u00fcnchen, 18. Juni 2021 &#8211; Zur Erweiterung der Gesch\u00e4ftsfelder der publicplan-Gruppe hat die Allgeier publicplan Holding GmbH, M\u00fcnchen, eine Tochtergesellschaft der Allgeier SE (ISIN DE000A2GS633, WKN A2GS63), M\u00fcnchen, einen Kaufvertrag zum Erwerb von Gesch\u00e4ftsanteilen der Cloudical &hellip; <\/p>\n","protected":false},"author":1,"featured_media":0,"parent":1171,"menu_order":0,"comment_status":"closed","ping_status":"closed","template":"","meta":{"_acf_changed":false,"footnotes":""},"categories":[7],"tags":[],"class_list":["post-3253","page","type-page","status-publish","hentry","category-pressemitteilungen"],"acf":[],"yoast_head":"<!-- This site is optimized with the Yoast SEO plugin v27.3 - https:\/\/yoast.com\/product\/yoast-seo-wordpress\/ -->\n<title>es-18062021 - Allgeier SE<\/title>\n<meta name=\"robots\" content=\"index, follow, max-snippet:-1, max-image-preview:large, max-video-preview:-1\" \/>\n<link rel=\"canonical\" href=\"https:\/\/www.allgeier.com\/de\/pressroom\/news\/es-18062021\/\" \/>\n<meta property=\"og:locale\" content=\"de_DE\" \/>\n<meta property=\"og:type\" content=\"article\" \/>\n<meta property=\"og:title\" content=\"es-18062021 - Allgeier SE\" \/>\n<meta property=\"og:description\" content=\"DGAP-News: ALLGEIER SE \/ Schlagwort(e): Firmen\u00fcbernahme18.06.2021 \/ 13:57 F\u00fcr den Inhalt der Mitteilung ist der Emittent \/ Herausgeber verantwortlich. M\u00fcnchen, 18. Juni 2021 &#8211; Zur Erweiterung der Gesch\u00e4ftsfelder der publicplan-Gruppe hat die Allgeier publicplan Holding GmbH, M\u00fcnchen, eine Tochtergesellschaft der Allgeier SE (ISIN DE000A2GS633, WKN A2GS63), M\u00fcnchen, einen Kaufvertrag zum Erwerb von Gesch\u00e4ftsanteilen der Cloudical &hellip;\" \/>\n<meta property=\"og:url\" content=\"https:\/\/www.allgeier.com\/de\/pressroom\/news\/es-18062021\/\" \/>\n<meta property=\"og:site_name\" content=\"Allgeier SE\" \/>\n<meta property=\"article:modified_time\" content=\"2025-02-05T19:24:26+00:00\" \/>\n<meta property=\"og:image\" content=\"https:\/\/eqs-cockpit.com\/cgi-bin\/fncls.ssp?fn=show_t_gif&amp;application_id=1209744&amp;application_name=news&amp;site_id=news_data\" \/>\n<meta name=\"twitter:card\" content=\"summary_large_image\" \/>\n<meta name=\"twitter:label1\" content=\"Gesch\u00e4tzte Lesezeit\" \/>\n\t<meta name=\"twitter:data1\" content=\"4\u00a0Minuten\" \/>\n<script type=\"application\/ld+json\" class=\"yoast-schema-graph\">{\"@context\":\"https:\\\/\\\/schema.org\",\"@graph\":[{\"@type\":\"WebPage\",\"@id\":\"https:\\\/\\\/www.allgeier.com\\\/de\\\/pressroom\\\/news\\\/es-18062021\\\/\",\"url\":\"https:\\\/\\\/www.allgeier.com\\\/de\\\/pressroom\\\/news\\\/es-18062021\\\/\",\"name\":\"es-18062021 - Allgeier SE\",\"isPartOf\":{\"@id\":\"https:\\\/\\\/www.allgeier.com\\\/de\\\/#website\"},\"primaryImageOfPage\":{\"@id\":\"https:\\\/\\\/www.allgeier.com\\\/de\\\/pressroom\\\/news\\\/es-18062021\\\/#primaryimage\"},\"image\":{\"@id\":\"https:\\\/\\\/www.allgeier.com\\\/de\\\/pressroom\\\/news\\\/es-18062021\\\/#primaryimage\"},\"thumbnailUrl\":\"https:\\\/\\\/eqs-cockpit.com\\\/cgi-bin\\\/fncls.ssp?fn=show_t_gif&amp;application_id=1209744&amp;application_name=news&amp;site_id=news_data\",\"datePublished\":\"2021-06-18T11:57:52+00:00\",\"dateModified\":\"2025-02-05T19:24:26+00:00\",\"breadcrumb\":{\"@id\":\"https:\\\/\\\/www.allgeier.com\\\/de\\\/pressroom\\\/news\\\/es-18062021\\\/#breadcrumb\"},\"inLanguage\":\"de\",\"potentialAction\":[{\"@type\":\"ReadAction\",\"target\":[\"https:\\\/\\\/www.allgeier.com\\\/de\\\/pressroom\\\/news\\\/es-18062021\\\/\"]}]},{\"@type\":\"ImageObject\",\"inLanguage\":\"de\",\"@id\":\"https:\\\/\\\/www.allgeier.com\\\/de\\\/pressroom\\\/news\\\/es-18062021\\\/#primaryimage\",\"url\":\"https:\\\/\\\/eqs-cockpit.com\\\/cgi-bin\\\/fncls.ssp?fn=show_t_gif&amp;application_id=1209744&amp;application_name=news&amp;site_id=news_data\",\"contentUrl\":\"https:\\\/\\\/eqs-cockpit.com\\\/cgi-bin\\\/fncls.ssp?fn=show_t_gif&amp;application_id=1209744&amp;application_name=news&amp;site_id=news_data\"},{\"@type\":\"BreadcrumbList\",\"@id\":\"https:\\\/\\\/www.allgeier.com\\\/de\\\/pressroom\\\/news\\\/es-18062021\\\/#breadcrumb\",\"itemListElement\":[{\"@type\":\"ListItem\",\"position\":1,\"name\":\"Home\",\"item\":\"https:\\\/\\\/www.allgeier.com\\\/de\\\/\"},{\"@type\":\"ListItem\",\"position\":2,\"name\":\"Presse\",\"item\":\"https:\\\/\\\/www.allgeier.com\\\/de\\\/pressroom\\\/\"},{\"@type\":\"ListItem\",\"position\":3,\"name\":\"News\",\"item\":\"https:\\\/\\\/www.allgeier.com\\\/de\\\/pressroom\\\/news\\\/\"},{\"@type\":\"ListItem\",\"position\":4,\"name\":\"es-18062021\"}]},{\"@type\":\"WebSite\",\"@id\":\"https:\\\/\\\/www.allgeier.com\\\/de\\\/#website\",\"url\":\"https:\\\/\\\/www.allgeier.com\\\/de\\\/\",\"name\":\"Allgeier SE\",\"description\":\"Software &amp; IT Services for digital transformation\",\"potentialAction\":[{\"@type\":\"SearchAction\",\"target\":{\"@type\":\"EntryPoint\",\"urlTemplate\":\"https:\\\/\\\/www.allgeier.com\\\/de\\\/?s={search_term_string}\"},\"query-input\":{\"@type\":\"PropertyValueSpecification\",\"valueRequired\":true,\"valueName\":\"search_term_string\"}}],\"inLanguage\":\"de\"}]}<\/script>\n<!-- \/ Yoast SEO plugin. -->","yoast_head_json":{"title":"es-18062021 - Allgeier SE","robots":{"index":"index","follow":"follow","max-snippet":"max-snippet:-1","max-image-preview":"max-image-preview:large","max-video-preview":"max-video-preview:-1"},"canonical":"https:\/\/www.allgeier.com\/de\/pressroom\/news\/es-18062021\/","og_locale":"de_DE","og_type":"article","og_title":"es-18062021 - Allgeier SE","og_description":"DGAP-News: ALLGEIER SE \/ Schlagwort(e): Firmen\u00fcbernahme18.06.2021 \/ 13:57 F\u00fcr den Inhalt der Mitteilung ist der Emittent \/ Herausgeber verantwortlich. M\u00fcnchen, 18. Juni 2021 &#8211; Zur Erweiterung der Gesch\u00e4ftsfelder der publicplan-Gruppe hat die Allgeier publicplan Holding GmbH, M\u00fcnchen, eine Tochtergesellschaft der Allgeier SE (ISIN DE000A2GS633, WKN A2GS63), M\u00fcnchen, einen Kaufvertrag zum Erwerb von Gesch\u00e4ftsanteilen der Cloudical &hellip;","og_url":"https:\/\/www.allgeier.com\/de\/pressroom\/news\/es-18062021\/","og_site_name":"Allgeier SE","article_modified_time":"2025-02-05T19:24:26+00:00","og_image":[{"url":"https:\/\/eqs-cockpit.com\/cgi-bin\/fncls.ssp?fn=show_t_gif&amp;application_id=1209744&amp;application_name=news&amp;site_id=news_data","type":"","width":"","height":""}],"twitter_card":"summary_large_image","twitter_misc":{"Gesch\u00e4tzte Lesezeit":"4\u00a0Minuten"},"schema":{"@context":"https:\/\/schema.org","@graph":[{"@type":"WebPage","@id":"https:\/\/www.allgeier.com\/de\/pressroom\/news\/es-18062021\/","url":"https:\/\/www.allgeier.com\/de\/pressroom\/news\/es-18062021\/","name":"es-18062021 - Allgeier SE","isPartOf":{"@id":"https:\/\/www.allgeier.com\/de\/#website"},"primaryImageOfPage":{"@id":"https:\/\/www.allgeier.com\/de\/pressroom\/news\/es-18062021\/#primaryimage"},"image":{"@id":"https:\/\/www.allgeier.com\/de\/pressroom\/news\/es-18062021\/#primaryimage"},"thumbnailUrl":"https:\/\/eqs-cockpit.com\/cgi-bin\/fncls.ssp?fn=show_t_gif&amp;application_id=1209744&amp;application_name=news&amp;site_id=news_data","datePublished":"2021-06-18T11:57:52+00:00","dateModified":"2025-02-05T19:24:26+00:00","breadcrumb":{"@id":"https:\/\/www.allgeier.com\/de\/pressroom\/news\/es-18062021\/#breadcrumb"},"inLanguage":"de","potentialAction":[{"@type":"ReadAction","target":["https:\/\/www.allgeier.com\/de\/pressroom\/news\/es-18062021\/"]}]},{"@type":"ImageObject","inLanguage":"de","@id":"https:\/\/www.allgeier.com\/de\/pressroom\/news\/es-18062021\/#primaryimage","url":"https:\/\/eqs-cockpit.com\/cgi-bin\/fncls.ssp?fn=show_t_gif&amp;application_id=1209744&amp;application_name=news&amp;site_id=news_data","contentUrl":"https:\/\/eqs-cockpit.com\/cgi-bin\/fncls.ssp?fn=show_t_gif&amp;application_id=1209744&amp;application_name=news&amp;site_id=news_data"},{"@type":"BreadcrumbList","@id":"https:\/\/www.allgeier.com\/de\/pressroom\/news\/es-18062021\/#breadcrumb","itemListElement":[{"@type":"ListItem","position":1,"name":"Home","item":"https:\/\/www.allgeier.com\/de\/"},{"@type":"ListItem","position":2,"name":"Presse","item":"https:\/\/www.allgeier.com\/de\/pressroom\/"},{"@type":"ListItem","position":3,"name":"News","item":"https:\/\/www.allgeier.com\/de\/pressroom\/news\/"},{"@type":"ListItem","position":4,"name":"es-18062021"}]},{"@type":"WebSite","@id":"https:\/\/www.allgeier.com\/de\/#website","url":"https:\/\/www.allgeier.com\/de\/","name":"Allgeier SE","description":"Software &amp; IT Services for digital transformation","potentialAction":[{"@type":"SearchAction","target":{"@type":"EntryPoint","urlTemplate":"https:\/\/www.allgeier.com\/de\/?s={search_term_string}"},"query-input":{"@type":"PropertyValueSpecification","valueRequired":true,"valueName":"search_term_string"}}],"inLanguage":"de"}]}},"_links":{"self":[{"href":"https:\/\/www.allgeier.com\/de\/wp-json\/wp\/v2\/pages\/3253","targetHints":{"allow":["GET"]}}],"collection":[{"href":"https:\/\/www.allgeier.com\/de\/wp-json\/wp\/v2\/pages"}],"about":[{"href":"https:\/\/www.allgeier.com\/de\/wp-json\/wp\/v2\/types\/page"}],"author":[{"embeddable":true,"href":"https:\/\/www.allgeier.com\/de\/wp-json\/wp\/v2\/users\/1"}],"replies":[{"embeddable":true,"href":"https:\/\/www.allgeier.com\/de\/wp-json\/wp\/v2\/comments?post=3253"}],"version-history":[{"count":0,"href":"https:\/\/www.allgeier.com\/de\/wp-json\/wp\/v2\/pages\/3253\/revisions"}],"up":[{"embeddable":true,"href":"https:\/\/www.allgeier.com\/de\/wp-json\/wp\/v2\/pages\/1171"}],"wp:attachment":[{"href":"https:\/\/www.allgeier.com\/de\/wp-json\/wp\/v2\/media?parent=3253"}],"wp:term":[{"taxonomy":"category","embeddable":true,"href":"https:\/\/www.allgeier.com\/de\/wp-json\/wp\/v2\/categories?post=3253"},{"taxonomy":"post_tag","embeddable":true,"href":"https:\/\/www.allgeier.com\/de\/wp-json\/wp\/v2\/tags?post=3253"}],"curies":[{"name":"wp","href":"https:\/\/api.w.org\/{rel}","templated":true}]}}