{"id":331,"date":"2015-03-02T07:22:28","date_gmt":"2015-03-02T07:22:28","guid":{"rendered":"http:\/\/www.allgeier.com\/en\/?page_id=331"},"modified":"2025-06-02T10:02:20","modified_gmt":"2025-06-02T10:02:20","slug":"imprint","status":"publish","type":"page","link":"https:\/\/www.allgeier.com\/de\/imprint\/","title":{"rendered":"Impressum"},"content":{"rendered":"<p><strong>Allgeier SE<\/strong><\/p>\n<p>Montgelasstra\u00dfe 14<br \/>\nD-81679 M\u00fcnchen<br \/>\nTel.: +49 89 998421-0<br \/>\nFax: +49 89 998421-11<br \/>\nE-Mail:\u00a0<a href=\"mailto:info@allgeier.com\">info@allgeier.com<\/a><\/p>\n<p>Vertretungsberechtigte Vorst\u00e4nde: Dr. Marcus Goedsche, Hubert Rohrer, Moritz Genzel<\/p>\n<p>Vorsitzender des Aufsichtsrats: Carl Georg D\u00fcrschmidt<\/p>\n<p>Handelsregister: HRB-Nr. 198543, Amtsgericht M\u00fcnchen<\/p>\n<p>Umsatzsteuer-Identifikationsnummer: DE114397847<\/p>\n<p>Inhaltlich Verantwortlicher gem\u00e4\u00df \u00a7 55 Absatz 2 RStV:<br \/>\nDr. Marcus Goedsche (Anschrift wie oben)<\/p>\n<p>&nbsp;<\/p>\n<p><strong>Whistleblowing<\/strong><\/p>\n<p>Wir best\u00e4rken Sie darin, uns Verdachtsmomente f\u00fcr unethisches oder illegales Handeln \u00fcber unsere Whistleblowing Stelle zu melden: <a href=\"mailto:whistleblowing@allgeier.com\">whistleblowing@allgeier.com<\/a>. Sie erm\u00f6glicht die Anzeige unter anderem<\/p>\n<ul>\n<li>bei Verdacht auf Wirtschaftskriminalit\u00e4t,<\/li>\n<li>bei Verdacht auf Geldw\u00e4sche,<\/li>\n<li>bei Verdacht auf Bestechung,<\/li>\n<li>bei Fehlverhalten von Allgeier Mitarbeitern.<\/li>\n<\/ul>\n<p>Nicht genutzt werden sollte die Whistleblowing Stelle, um Beschwerde \u00fcber die Qualit\u00e4t der von Allgeier erbrachten Leistungen einzulegen. In diesen F\u00e4llen wenden Sie sich bitte an Ihren Allgeier Ansprechpartner.<\/p>\n<p>Allgeier sch\u00fctzt die Interessen der Hinweisgeber. Alle Informationen und Hinweise, die die <a href=\"mailto:whistleblowing@allgeier.com\">Whistleblowing Stelle<\/a> erh\u00e4lt, werden vertraulich behandelt.<\/p>\n","protected":false},"excerpt":{"rendered":"<p>Allgeier SE Montgelasstra\u00dfe 14 D-81679 M\u00fcnchen Tel.: +49 89 998421-0 Fax: +49 89 998421-11 E-Mail:\u00a0info@allgeier.com Vertretungsberechtigte Vorst\u00e4nde: Dr. Marcus Goedsche, Hubert Rohrer, Moritz Genzel Vorsitzender des Aufsichtsrats: Carl Georg D\u00fcrschmidt Handelsregister: HRB-Nr. 198543, Amtsgericht M\u00fcnchen Umsatzsteuer-Identifikationsnummer: DE114397847 Inhaltlich Verantwortlicher gem\u00e4\u00df \u00a7 55 Absatz 2 RStV: Dr. Marcus Goedsche (Anschrift wie oben) &nbsp; Whistleblowing Wir best\u00e4rken &hellip; <\/p>\n","protected":false},"author":1,"featured_media":0,"parent":0,"menu_order":0,"comment_status":"closed","ping_status":"closed","template":"","meta":{"_acf_changed":false,"footnotes":""},"categories":[],"tags":[],"class_list":["post-331","page","type-page","status-publish","hentry"],"acf":[],"yoast_head":"<!-- This site is optimized with the Yoast SEO plugin v27.3 - https:\/\/yoast.com\/product\/yoast-seo-wordpress\/ -->\n<title>Impressum - Allgeier SE<\/title>\n<meta name=\"robots\" content=\"index, follow, max-snippet:-1, max-image-preview:large, max-video-preview:-1\" \/>\n<link rel=\"canonical\" href=\"https:\/\/www.allgeier.com\/de\/imprint\/\" \/>\n<meta property=\"og:locale\" content=\"de_DE\" \/>\n<meta property=\"og:type\" content=\"article\" \/>\n<meta property=\"og:title\" content=\"Impressum - Allgeier SE\" \/>\n<meta property=\"og:description\" content=\"Allgeier SE Montgelasstra\u00dfe 14 D-81679 M\u00fcnchen Tel.: +49 89 998421-0 Fax: +49 89 998421-11 E-Mail:\u00a0info@allgeier.com Vertretungsberechtigte Vorst\u00e4nde: Dr. Marcus Goedsche, Hubert Rohrer, Moritz Genzel Vorsitzender des Aufsichtsrats: Carl Georg D\u00fcrschmidt Handelsregister: HRB-Nr. 198543, Amtsgericht M\u00fcnchen Umsatzsteuer-Identifikationsnummer: DE114397847 Inhaltlich Verantwortlicher gem\u00e4\u00df \u00a7 55 Absatz 2 RStV: Dr. Marcus Goedsche (Anschrift wie oben) &nbsp; Whistleblowing Wir best\u00e4rken &hellip;\" \/>\n<meta property=\"og:url\" content=\"https:\/\/www.allgeier.com\/de\/imprint\/\" \/>\n<meta property=\"og:site_name\" content=\"Allgeier SE\" \/>\n<meta property=\"article:modified_time\" content=\"2025-06-02T10:02:20+00:00\" \/>\n<meta name=\"twitter:card\" content=\"summary_large_image\" \/>\n<meta name=\"twitter:label1\" content=\"Gesch\u00e4tzte Lesezeit\" \/>\n\t<meta name=\"twitter:data1\" content=\"1\u00a0Minute\" \/>\n<script type=\"application\/ld+json\" class=\"yoast-schema-graph\">{\"@context\":\"https:\\\/\\\/schema.org\",\"@graph\":[{\"@type\":\"WebPage\",\"@id\":\"https:\\\/\\\/www.allgeier.com\\\/de\\\/imprint\\\/\",\"url\":\"https:\\\/\\\/www.allgeier.com\\\/de\\\/imprint\\\/\",\"name\":\"Impressum - Allgeier SE\",\"isPartOf\":{\"@id\":\"https:\\\/\\\/www.allgeier.com\\\/de\\\/#website\"},\"datePublished\":\"2015-03-02T07:22:28+00:00\",\"dateModified\":\"2025-06-02T10:02:20+00:00\",\"breadcrumb\":{\"@id\":\"https:\\\/\\\/www.allgeier.com\\\/de\\\/imprint\\\/#breadcrumb\"},\"inLanguage\":\"de\",\"potentialAction\":[{\"@type\":\"ReadAction\",\"target\":[\"https:\\\/\\\/www.allgeier.com\\\/de\\\/imprint\\\/\"]}]},{\"@type\":\"BreadcrumbList\",\"@id\":\"https:\\\/\\\/www.allgeier.com\\\/de\\\/imprint\\\/#breadcrumb\",\"itemListElement\":[{\"@type\":\"ListItem\",\"position\":1,\"name\":\"Home\",\"item\":\"https:\\\/\\\/www.allgeier.com\\\/de\\\/\"},{\"@type\":\"ListItem\",\"position\":2,\"name\":\"Impressum\"}]},{\"@type\":\"WebSite\",\"@id\":\"https:\\\/\\\/www.allgeier.com\\\/de\\\/#website\",\"url\":\"https:\\\/\\\/www.allgeier.com\\\/de\\\/\",\"name\":\"Allgeier SE\",\"description\":\"Software &amp; IT Services for digital transformation\",\"potentialAction\":[{\"@type\":\"SearchAction\",\"target\":{\"@type\":\"EntryPoint\",\"urlTemplate\":\"https:\\\/\\\/www.allgeier.com\\\/de\\\/?s={search_term_string}\"},\"query-input\":{\"@type\":\"PropertyValueSpecification\",\"valueRequired\":true,\"valueName\":\"search_term_string\"}}],\"inLanguage\":\"de\"}]}<\/script>\n<!-- \/ Yoast SEO plugin. -->","yoast_head_json":{"title":"Impressum - Allgeier SE","robots":{"index":"index","follow":"follow","max-snippet":"max-snippet:-1","max-image-preview":"max-image-preview:large","max-video-preview":"max-video-preview:-1"},"canonical":"https:\/\/www.allgeier.com\/de\/imprint\/","og_locale":"de_DE","og_type":"article","og_title":"Impressum - Allgeier SE","og_description":"Allgeier SE Montgelasstra\u00dfe 14 D-81679 M\u00fcnchen Tel.: +49 89 998421-0 Fax: +49 89 998421-11 E-Mail:\u00a0info@allgeier.com Vertretungsberechtigte Vorst\u00e4nde: Dr. Marcus Goedsche, Hubert Rohrer, Moritz Genzel Vorsitzender des Aufsichtsrats: Carl Georg D\u00fcrschmidt Handelsregister: HRB-Nr. 198543, Amtsgericht M\u00fcnchen Umsatzsteuer-Identifikationsnummer: DE114397847 Inhaltlich Verantwortlicher gem\u00e4\u00df \u00a7 55 Absatz 2 RStV: Dr. Marcus Goedsche (Anschrift wie oben) &nbsp; Whistleblowing Wir best\u00e4rken &hellip;","og_url":"https:\/\/www.allgeier.com\/de\/imprint\/","og_site_name":"Allgeier SE","article_modified_time":"2025-06-02T10:02:20+00:00","twitter_card":"summary_large_image","twitter_misc":{"Gesch\u00e4tzte Lesezeit":"1\u00a0Minute"},"schema":{"@context":"https:\/\/schema.org","@graph":[{"@type":"WebPage","@id":"https:\/\/www.allgeier.com\/de\/imprint\/","url":"https:\/\/www.allgeier.com\/de\/imprint\/","name":"Impressum - Allgeier SE","isPartOf":{"@id":"https:\/\/www.allgeier.com\/de\/#website"},"datePublished":"2015-03-02T07:22:28+00:00","dateModified":"2025-06-02T10:02:20+00:00","breadcrumb":{"@id":"https:\/\/www.allgeier.com\/de\/imprint\/#breadcrumb"},"inLanguage":"de","potentialAction":[{"@type":"ReadAction","target":["https:\/\/www.allgeier.com\/de\/imprint\/"]}]},{"@type":"BreadcrumbList","@id":"https:\/\/www.allgeier.com\/de\/imprint\/#breadcrumb","itemListElement":[{"@type":"ListItem","position":1,"name":"Home","item":"https:\/\/www.allgeier.com\/de\/"},{"@type":"ListItem","position":2,"name":"Impressum"}]},{"@type":"WebSite","@id":"https:\/\/www.allgeier.com\/de\/#website","url":"https:\/\/www.allgeier.com\/de\/","name":"Allgeier SE","description":"Software &amp; IT Services for digital transformation","potentialAction":[{"@type":"SearchAction","target":{"@type":"EntryPoint","urlTemplate":"https:\/\/www.allgeier.com\/de\/?s={search_term_string}"},"query-input":{"@type":"PropertyValueSpecification","valueRequired":true,"valueName":"search_term_string"}}],"inLanguage":"de"}]}},"_links":{"self":[{"href":"https:\/\/www.allgeier.com\/de\/wp-json\/wp\/v2\/pages\/331","targetHints":{"allow":["GET"]}}],"collection":[{"href":"https:\/\/www.allgeier.com\/de\/wp-json\/wp\/v2\/pages"}],"about":[{"href":"https:\/\/www.allgeier.com\/de\/wp-json\/wp\/v2\/types\/page"}],"author":[{"embeddable":true,"href":"https:\/\/www.allgeier.com\/de\/wp-json\/wp\/v2\/users\/1"}],"replies":[{"embeddable":true,"href":"https:\/\/www.allgeier.com\/de\/wp-json\/wp\/v2\/comments?post=331"}],"version-history":[{"count":3,"href":"https:\/\/www.allgeier.com\/de\/wp-json\/wp\/v2\/pages\/331\/revisions"}],"predecessor-version":[{"id":3313,"href":"https:\/\/www.allgeier.com\/de\/wp-json\/wp\/v2\/pages\/331\/revisions\/3313"}],"wp:attachment":[{"href":"https:\/\/www.allgeier.com\/de\/wp-json\/wp\/v2\/media?parent=331"}],"wp:term":[{"taxonomy":"category","embeddable":true,"href":"https:\/\/www.allgeier.com\/de\/wp-json\/wp\/v2\/categories?post=331"},{"taxonomy":"post_tag","embeddable":true,"href":"https:\/\/www.allgeier.com\/de\/wp-json\/wp\/v2\/tags?post=331"}],"curies":[{"name":"wp","href":"https:\/\/api.w.org\/{rel}","templated":true}]}}