{"id":3366,"date":"2021-11-19T08:15:34","date_gmt":"2021-11-19T08:15:34","guid":{"rendered":"https:\/\/www.allgeier.com\/de\/?page_id=3366"},"modified":"2024-01-25T15:36:36","modified_gmt":"2024-01-25T15:36:36","slug":"compliance","status":"publish","type":"page","link":"https:\/\/www.allgeier.com\/de\/who-we-are\/responsibility\/compliance\/","title":{"rendered":"Compliance"},"content":{"rendered":"<div style=\"display: inline-block; margin-top: 10px;\">\n<p><strong>Unsere Selbstverpflichtung<\/strong><\/p>\n<p>Die durchg\u00e4ngige Einhaltung unserer hohen Compliance-Standards ist f\u00fcr unsere Gesch\u00e4ftst\u00e4tigkeit und unser sonstiges Handeln auf nationaler und internationaler Ebene von essenzieller Bedeutung f\u00fcr nachhaltigen Erfolg. Die Allgeier Gruppe steht f\u00fcr integres und ethisches Handeln ebenso wie f\u00fcr die unbedingte Einhaltung von Recht und Gesetz. Diese Werte empfinden wir als essenziell in der Zusammenarbeit mit unseren Partnern und Kunden, aber besonders auch in der Innenbeziehung gegen\u00fcber unseren Mitarbeitern und zur Bewahrung unseres ausgezeichneten Rufs am Markt. Mit den F\u00fchrungsgrunds\u00e4tzen und unserem auf unsere Bed\u00fcrfnisse zugeschnittenen Compliance-Management-System stellen wir innerhalb der Allgeier Gruppe die Umsetzung nachhaltigen und verantwortlichen unternehmerischen Handelns in unserer t\u00e4glichen Arbeit und die Einhaltung allgemeiner Grunds\u00e4tze sowie nationaler rechtlicher Normen in allen unseren M\u00e4rkten sicher. Unsere Vorgaben orientieren sich dabei konsequent an unseren gemeinsamen Werten und bilden so eine wesentliche Grundlage f\u00fcr unsere heutige und zuk\u00fcnftige Leistungsst\u00e4rke sowie weiteres Wachstum.<\/p>\n<p><a href=\"https:\/\/www.allgeier.com\/de\/wp-content\/uploads\/sites\/3\/2021\/11\/COMPLIANCE-WHITE-PAPER_ALLGEIER_de.pdf\">Compliance Whitepaper<\/a><\/p>\n<p>Weitere Informationen zu unseren Compliance-Standards und deren Umsetzung sowie zu unserem Nachhaltigkeitsengagement finden sich in unserem <a href=\"https:\/\/www.allgeier.com\/de\/wp-content\/uploads\/sites\/3\/2023\/05\/Allgeier-SE_CSR_2023_DE_LOW_DS.pdf\" target=\"_blank\" rel=\"noopener\">CSR-Bericht<\/a>.<\/p>\n<\/div>\n<p><strong>Unser Code of Conduct f\u00fcr Gesch\u00e4ftspartner<\/strong><\/p>\n<p>Wir bekennen uns als Konzern zu einem fairen und transparenten Wettbewerb. Entsprechend bildet das vom Vorstand der Allgeier SE abgegebene Compliance Commitment die Ma\u00dfgabe f\u00fcr alle unsere Handlungen. Die hohe Reputation, die wir bei unseren Kunden, Lieferanten und weiteren Stakeholdern genie\u00dfen, und unser wirtschaftlicher Erfolg fu\u00dfen auf der strikten Einhaltung unserer Werte und Vorgaben. Ein verantwortungsvoller und durch Fairness und Aufrichtigkeit gepr\u00e4gter Umgang mit unseren Lieferanten ist daher von elementarer Bedeutung f\u00fcr unser Gesch\u00e4ft und unseren nachhaltigen \u00f6konomischen Erfolg. Unsere Lieferantenbeziehungen sind daher ebenfalls von unseren Kernwerten gepr\u00e4gt. \u00dcber den Code of Conduct f\u00fcr Business Partner und durch regelm\u00e4\u00dfige Business Partner Checks stellen wir die durchg\u00e4ngige Einhaltung unserer Compliance-Standards in allen Lieferantenbeziehungen und \u00fcber die Lieferkette hinweg sicher. Unser ausdr\u00fcckliches Ziel ist dabei der Schutz der nat\u00fcrlichen Umwelt und der Menschen- und Kinderrechte entlang all unserer Lieferketten.<\/p>\n<p><a href=\"https:\/\/www.allgeier.com\/de\/wp-content\/uploads\/sites\/3\/2021\/11\/Code-of-Conduct-fuer-BP_de.pdf\">Code of Conduct f\u00fcr BP<\/a><\/p>\n<p><b>Deutscher Corporate Governance Kodex<\/b><\/p>\n<p>Hier finden Sie die <a href=\"https:\/\/www.allgeier.com\/de\/investor-relations\/corporate-governance\/declaration-of-compliance\/\" target=\"_blank\" rel=\"noopener\">Entsprechungserkl\u00e4rungen<\/a> von Vorstand und Aufsichtsrat der Allgeier SE gem\u00e4\u00df \u00a7 161 AktG zum Deutschen Corporate Governance Kodex.<\/p>\n<p><strong>Betroffenenrechte<\/strong><\/p>\n<p>Hier finden Sie unsere <a href=\"https:\/\/www.allgeier.com\/de\/privacy-policy\/data-policy\/\">Datenschutzbestimmungen<\/a> und k\u00f6nnen Betroffenenrechte geltend machen.<\/p>\n<p><strong>Whistleblowing<\/strong><\/p>\n<p>Allgeier hat einen unabh\u00e4ngigen externen Ombudsmann f\u00fcr Whistleblowing benannt: Seit dem 01. Dezember 2021 ist <a href=\"&quot;mailto:hwgsallgeier@ihre-ombudsstelle.de\">Herr Maximilian Hartung<\/a> Ombudsmann der Allgeier SE Unternehmensgruppe. Der Ombudsmann erf\u00fcllt die Aufgabe einer unparteiischen Meldestelle f\u00fcr Rechtsverst\u00f6\u00dfe im Unternehmen.<\/p>\n<p>Wir best\u00e4rken Sie darin, uns Verdachtsmomente f\u00fcr unethisches oder illegales Handeln <a href=\"https:\/\/www.ihre-ombudsstelle.de\/herzlich-willkommen-auf-dem-hinweisgebersystem-der-allgeier-se-unternehmensgruppe\/\">zu melden<\/a>. Dies erm\u00f6glicht die Anzeige unter anderem<\/p>\n<ul>\n<li>bei Verdacht auf Wirtschaftskriminalit\u00e4t,<\/li>\n<li>bei Verdacht auf Geldw\u00e4sche,<\/li>\n<li>bei Verdacht auf Bestechung,<\/li>\n<li>bei Hinweisen auf menschenrechtliche oder umweltbezogene Missst\u00e4nde bei Allgeier oder in dessen Lieferkette,<\/li>\n<li>bei Fehlverhalten von Allgeier Mitarbeitern.<\/li>\n<\/ul>\n<p>Meldungen k\u00f6nnen grunds\u00e4tzlich f\u00fcr alle Bereiche wie Menschenrechtsverletzungen, Datenschutz, Auftragswesen, Bestechung, Geldw\u00e4sche, Mobbing, sexuelle Bel\u00e4stigung am Arbeitsplatz und Arbeitssicherheit k\u00f6nnen Rechtsverst\u00f6\u00dfe im Betrieb an die Ombudsstelle get\u00e4tigt werden. Nicht genutzt werden sollte das Hinweisgebersystem, um Beschwerde \u00fcber die Qualit\u00e4t der von Allgeier erbrachten Leistungen einzulegen. In diesen F\u00e4llen wenden Sie sich bitte an Ihren Allgeier Ansprechpartner.<\/p>\n<p>\u00dcber die folgenden Kontaktm\u00f6glichkeiten k\u00f6nnen Sie mit dem Ombudsmann der Allgeier Gruppe direkt in Kontakt treten:<br \/>\nDas Hinweisgebersystem der Allgeier SE wird durch Herrn Maximilian Hartung betreut und Sie erreichen es unter: <a href=\"https:\/\/www.ihre-ombudsstelle.de\/herzlich-willkommen-auf-dem-hinweisgebersystem-der-allgeier-se-unternehmensgruppe\/\">allgeier.ihre-ombudsstelle.de<\/a><\/p>\n<p>Falls Sie das Hinweisgebersystem nicht benutzen m\u00f6chten, nutzen Sie bitte folgende Kontaktdaten, um Herrn Maximilian Hartung pers\u00f6nlich auf anderen Wegen zu erreichen:<\/p>\n<p>Maximilian Hartung<br \/>\nSECUWING GmbH &amp; Co. KG | Datenschutz Agentur<br \/>\nFrauentorstra\u00dfe 9<br \/>\n86152 Augsburg | Germany<br \/>\nT +49 (0) 821 90786458<br \/>\nF +49 (0) 821 90786459<br \/>\n<a href=\"mailto:hwgsallgeier@ihre-ombudsstelle.de\">hwgsallgeier@ihre-ombudsstelle.de<\/a><br \/>\nThreema ID: ZB5XNM5N<\/p>\n<p>Allgeier sch\u00fctzt bei allen Meldungen die Interessen der Hinweisgeber. Alle Informationen und Hinweise, die die Whistleblowing-Stelle\u00a0erh\u00e4lt, werden vertraulich behandelt. Auf Wunsch kann ein Hinweis auch anonym eingereicht werden.<\/p>\n1\n","protected":false},"excerpt":{"rendered":"<p>Unsere Selbstverpflichtung Die durchg\u00e4ngige Einhaltung unserer hohen Compliance-Standards ist f\u00fcr unsere Gesch\u00e4ftst\u00e4tigkeit und unser sonstiges Handeln auf nationaler und internationaler Ebene von essenzieller Bedeutung f\u00fcr nachhaltigen Erfolg. Die Allgeier Gruppe steht f\u00fcr integres und ethisches Handeln ebenso wie f\u00fcr die unbedingte Einhaltung von Recht und Gesetz. Diese Werte empfinden wir als essenziell in der Zusammenarbeit &hellip; <\/p>\n","protected":false},"author":1,"featured_media":0,"parent":1146,"menu_order":0,"comment_status":"closed","ping_status":"closed","template":"","meta":{"_acf_changed":false,"footnotes":""},"categories":[],"tags":[],"class_list":["post-3366","page","type-page","status-publish","hentry"],"acf":[],"yoast_head":"<!-- This site is optimized with the Yoast SEO plugin v27.3 - https:\/\/yoast.com\/product\/yoast-seo-wordpress\/ -->\n<title>Compliance - Allgeier SE<\/title>\n<meta name=\"robots\" content=\"index, follow, max-snippet:-1, max-image-preview:large, max-video-preview:-1\" \/>\n<link rel=\"canonical\" href=\"https:\/\/www.allgeier.com\/de\/who-we-are\/responsibility\/compliance\/\" \/>\n<meta property=\"og:locale\" content=\"de_DE\" \/>\n<meta property=\"og:type\" content=\"article\" \/>\n<meta property=\"og:title\" content=\"Compliance - Allgeier SE\" \/>\n<meta property=\"og:description\" content=\"Unsere Selbstverpflichtung Die durchg\u00e4ngige Einhaltung unserer hohen Compliance-Standards ist f\u00fcr unsere Gesch\u00e4ftst\u00e4tigkeit und unser sonstiges Handeln auf nationaler und internationaler Ebene von essenzieller Bedeutung f\u00fcr nachhaltigen Erfolg. Die Allgeier Gruppe steht f\u00fcr integres und ethisches Handeln ebenso wie f\u00fcr die unbedingte Einhaltung von Recht und Gesetz. Diese Werte empfinden wir als essenziell in der Zusammenarbeit &hellip;\" \/>\n<meta property=\"og:url\" content=\"https:\/\/www.allgeier.com\/de\/who-we-are\/responsibility\/compliance\/\" \/>\n<meta property=\"og:site_name\" content=\"Allgeier SE\" \/>\n<meta property=\"article:modified_time\" content=\"2024-01-25T15:36:36+00:00\" \/>\n<meta name=\"twitter:card\" content=\"summary_large_image\" \/>\n<meta name=\"twitter:label1\" content=\"Gesch\u00e4tzte Lesezeit\" \/>\n\t<meta name=\"twitter:data1\" content=\"4\u00a0Minuten\" \/>\n<script type=\"application\/ld+json\" class=\"yoast-schema-graph\">{\"@context\":\"https:\\\/\\\/schema.org\",\"@graph\":[{\"@type\":\"WebPage\",\"@id\":\"https:\\\/\\\/www.allgeier.com\\\/de\\\/who-we-are\\\/responsibility\\\/compliance\\\/\",\"url\":\"https:\\\/\\\/www.allgeier.com\\\/de\\\/who-we-are\\\/responsibility\\\/compliance\\\/\",\"name\":\"Compliance - Allgeier SE\",\"isPartOf\":{\"@id\":\"https:\\\/\\\/www.allgeier.com\\\/de\\\/#website\"},\"datePublished\":\"2021-11-19T08:15:34+00:00\",\"dateModified\":\"2024-01-25T15:36:36+00:00\",\"breadcrumb\":{\"@id\":\"https:\\\/\\\/www.allgeier.com\\\/de\\\/who-we-are\\\/responsibility\\\/compliance\\\/#breadcrumb\"},\"inLanguage\":\"de\",\"potentialAction\":[{\"@type\":\"ReadAction\",\"target\":[\"https:\\\/\\\/www.allgeier.com\\\/de\\\/who-we-are\\\/responsibility\\\/compliance\\\/\"]}]},{\"@type\":\"BreadcrumbList\",\"@id\":\"https:\\\/\\\/www.allgeier.com\\\/de\\\/who-we-are\\\/responsibility\\\/compliance\\\/#breadcrumb\",\"itemListElement\":[{\"@type\":\"ListItem\",\"position\":1,\"name\":\"Home\",\"item\":\"https:\\\/\\\/www.allgeier.com\\\/de\\\/\"},{\"@type\":\"ListItem\",\"position\":2,\"name\":\"Wer wir sind\",\"item\":\"https:\\\/\\\/www.allgeier.com\\\/de\\\/who-we-are\\\/\"},{\"@type\":\"ListItem\",\"position\":3,\"name\":\"Verantwortung\",\"item\":\"https:\\\/\\\/www.allgeier.com\\\/de\\\/who-we-are\\\/responsibility\\\/\"},{\"@type\":\"ListItem\",\"position\":4,\"name\":\"Compliance\"}]},{\"@type\":\"WebSite\",\"@id\":\"https:\\\/\\\/www.allgeier.com\\\/de\\\/#website\",\"url\":\"https:\\\/\\\/www.allgeier.com\\\/de\\\/\",\"name\":\"Allgeier SE\",\"description\":\"Software &amp; IT Services for digital transformation\",\"potentialAction\":[{\"@type\":\"SearchAction\",\"target\":{\"@type\":\"EntryPoint\",\"urlTemplate\":\"https:\\\/\\\/www.allgeier.com\\\/de\\\/?s={search_term_string}\"},\"query-input\":{\"@type\":\"PropertyValueSpecification\",\"valueRequired\":true,\"valueName\":\"search_term_string\"}}],\"inLanguage\":\"de\"}]}<\/script>\n<!-- \/ Yoast SEO plugin. -->","yoast_head_json":{"title":"Compliance - Allgeier SE","robots":{"index":"index","follow":"follow","max-snippet":"max-snippet:-1","max-image-preview":"max-image-preview:large","max-video-preview":"max-video-preview:-1"},"canonical":"https:\/\/www.allgeier.com\/de\/who-we-are\/responsibility\/compliance\/","og_locale":"de_DE","og_type":"article","og_title":"Compliance - Allgeier SE","og_description":"Unsere Selbstverpflichtung Die durchg\u00e4ngige Einhaltung unserer hohen Compliance-Standards ist f\u00fcr unsere Gesch\u00e4ftst\u00e4tigkeit und unser sonstiges Handeln auf nationaler und internationaler Ebene von essenzieller Bedeutung f\u00fcr nachhaltigen Erfolg. Die Allgeier Gruppe steht f\u00fcr integres und ethisches Handeln ebenso wie f\u00fcr die unbedingte Einhaltung von Recht und Gesetz. Diese Werte empfinden wir als essenziell in der Zusammenarbeit &hellip;","og_url":"https:\/\/www.allgeier.com\/de\/who-we-are\/responsibility\/compliance\/","og_site_name":"Allgeier SE","article_modified_time":"2024-01-25T15:36:36+00:00","twitter_card":"summary_large_image","twitter_misc":{"Gesch\u00e4tzte Lesezeit":"4\u00a0Minuten"},"schema":{"@context":"https:\/\/schema.org","@graph":[{"@type":"WebPage","@id":"https:\/\/www.allgeier.com\/de\/who-we-are\/responsibility\/compliance\/","url":"https:\/\/www.allgeier.com\/de\/who-we-are\/responsibility\/compliance\/","name":"Compliance - Allgeier SE","isPartOf":{"@id":"https:\/\/www.allgeier.com\/de\/#website"},"datePublished":"2021-11-19T08:15:34+00:00","dateModified":"2024-01-25T15:36:36+00:00","breadcrumb":{"@id":"https:\/\/www.allgeier.com\/de\/who-we-are\/responsibility\/compliance\/#breadcrumb"},"inLanguage":"de","potentialAction":[{"@type":"ReadAction","target":["https:\/\/www.allgeier.com\/de\/who-we-are\/responsibility\/compliance\/"]}]},{"@type":"BreadcrumbList","@id":"https:\/\/www.allgeier.com\/de\/who-we-are\/responsibility\/compliance\/#breadcrumb","itemListElement":[{"@type":"ListItem","position":1,"name":"Home","item":"https:\/\/www.allgeier.com\/de\/"},{"@type":"ListItem","position":2,"name":"Wer wir sind","item":"https:\/\/www.allgeier.com\/de\/who-we-are\/"},{"@type":"ListItem","position":3,"name":"Verantwortung","item":"https:\/\/www.allgeier.com\/de\/who-we-are\/responsibility\/"},{"@type":"ListItem","position":4,"name":"Compliance"}]},{"@type":"WebSite","@id":"https:\/\/www.allgeier.com\/de\/#website","url":"https:\/\/www.allgeier.com\/de\/","name":"Allgeier SE","description":"Software &amp; IT Services for digital transformation","potentialAction":[{"@type":"SearchAction","target":{"@type":"EntryPoint","urlTemplate":"https:\/\/www.allgeier.com\/de\/?s={search_term_string}"},"query-input":{"@type":"PropertyValueSpecification","valueRequired":true,"valueName":"search_term_string"}}],"inLanguage":"de"}]}},"_links":{"self":[{"href":"https:\/\/www.allgeier.com\/de\/wp-json\/wp\/v2\/pages\/3366","targetHints":{"allow":["GET"]}}],"collection":[{"href":"https:\/\/www.allgeier.com\/de\/wp-json\/wp\/v2\/pages"}],"about":[{"href":"https:\/\/www.allgeier.com\/de\/wp-json\/wp\/v2\/types\/page"}],"author":[{"embeddable":true,"href":"https:\/\/www.allgeier.com\/de\/wp-json\/wp\/v2\/users\/1"}],"replies":[{"embeddable":true,"href":"https:\/\/www.allgeier.com\/de\/wp-json\/wp\/v2\/comments?post=3366"}],"version-history":[{"count":2,"href":"https:\/\/www.allgeier.com\/de\/wp-json\/wp\/v2\/pages\/3366\/revisions"}],"predecessor-version":[{"id":3512,"href":"https:\/\/www.allgeier.com\/de\/wp-json\/wp\/v2\/pages\/3366\/revisions\/3512"}],"up":[{"embeddable":true,"href":"https:\/\/www.allgeier.com\/de\/wp-json\/wp\/v2\/pages\/1146"}],"wp:attachment":[{"href":"https:\/\/www.allgeier.com\/de\/wp-json\/wp\/v2\/media?parent=3366"}],"wp:term":[{"taxonomy":"category","embeddable":true,"href":"https:\/\/www.allgeier.com\/de\/wp-json\/wp\/v2\/categories?post=3366"},{"taxonomy":"post_tag","embeddable":true,"href":"https:\/\/www.allgeier.com\/de\/wp-json\/wp\/v2\/tags?post=3366"}],"curies":[{"name":"wp","href":"https:\/\/api.w.org\/{rel}","templated":true}]}}