{"id":3390,"date":"2020-09-25T10:47:02","date_gmt":"2020-09-25T10:47:02","guid":{"rendered":"https:\/\/www.allgeier.com\/de\/pressroom\/news\/es-25092020\/"},"modified":"2025-02-05T19:23:03","modified_gmt":"2025-02-05T19:23:03","slug":"es-25092020","status":"publish","type":"page","link":"https:\/\/www.allgeier.com\/de\/pressroom\/news\/es-25092020\/","title":{"rendered":"es-25092020"},"content":{"rendered":"<table class=\"news_layout style2015\" border=\"0\" cellpadding=\"0\" cellspacing=\"0\">\n<tr>\n<td>\n<p class=\"news_top\">DGAP-News: ALLGEIER SE \/ Schlagwort(e): Hauptversammlung\/Personalie<br \/><span class=\"news_top_date\">25.09.2020 \/ 12:47 <\/span><br \/>F\u00fcr den Inhalt der Mitteilung ist der Emittent \/ Herausgeber verantwortlich.<\/p>\n<div class=\"break-word news_main\">\n<p><i>Die hierin enthaltenen Informationen sind weder zur Ver\u00f6ffentlichung noch zur Weitergabe (direkt oder indirekt) in bzw. innerhalb einer Rechtsordnung gedacht, in der dies nach dort geltendem Recht verboten w\u00e4re.<\/i><\/p>\n<p><i>M\u00fcnchen, 25. September 2020<\/i> &#8211; Die gestrige ordentliche Hauptversammlung der Allgeier SE (ISIN DE000A2GS633, WKN A2GS63) hat die Abspaltung des unter der Nagarro SE geb\u00fcndelten globalen Technologieberatungs- und Softwareentwicklungsgesch\u00e4fts von der Allgeier SE beschlossen.<\/p>\n<p>Insgesamt waren 50,99 Prozent des stimmberechtigten Grundkapitals der Allgeier SE bei der ordentlichen Hauptversammlung, die als virtuelle Veranstaltung stattfand, vertreten. Hinzu kamen 6,15 Prozent des stimmberechtigten Grundkapitals als Briefwahlstimmen, so dass insgesamt 57,14 Prozent des stimmberechtigten Grundkapitals an der Abstimmung beteiligt war. S\u00e4mtliche Beschl\u00fcsse der Tagesordnung fanden die erforderliche Zustimmung der Hauptversammlung. Der Beschluss zum Ausgliederungs- und \u00dcbernahmevertrag zwischen der Allgeier SE und der Nagarro SE wurde mit 99,93 Prozent der abgegebenen Stimmen gefasst.<\/p>\n<p>Dieser Schritt ebnet den Weg zur Schaffung eines eigenst\u00e4ndigen, global agierenden Digital Engineering Leaders mit Sitz und B\u00f6rsennotierung in Deutschland. Der Spin-off erm\u00f6glicht es Nagarro, sich auf das hohe Wachstumspotenzial des Unternehmens zu fokussieren und einen erh\u00f6hten Managementfokus auf das Kerngesch\u00e4ft zu legen. Die Allgeier SE wird sich in Zukunft weiterhin auf die bew\u00e4hrte Buy &amp; Build-Strategie konzentrieren. Das vorhandene Portfolio soll weiter \u00fcber dem Marktdurchschnitt wachsen &#8211; sowohl durch wertschaffende Akquisitionen als auch durch die starke Positionierung der Marken Allgeier und mgm technology partners im deutschsprachigen Raum.<\/p>\n<p>&#8222;Die breite Zustimmung der Allgeier-Aktion\u00e4re zur Abspaltung der Nagarro best\u00e4tigt unser Vorhaben, zwei f\u00fchrende Unternehmen mit klarer Fokussierung und differenzierter Strategie zu schaffen. Beide Unternehmen k\u00f6nnen sich so eigenst\u00e4ndig am Kapitalmarkt positionieren&#8220;, sagte Carl Georg D\u00fcrschmidt, Vorsitzender des Vorstands der Allgeier SE. &#8222;Die starke Unterst\u00fctzung durch die Aktion\u00e4re bietet die Grundlage f\u00fcr das weitere Wachstum von Nagarro als starke globale Marke mit eigener Identit\u00e4t, eigenem Organisationsdesign und eigener Kultur&#8220;, erg\u00e4nzte Manas Fuloria, Custodian of Entrepreneurship in the Organization (CEO) der Nagarro SE.<\/p>\n<p>Allgeier und Nagarro werden nun mit den Vorbereitungen f\u00fcr das B\u00f6rsenlisting der Nagarro SE fortfahren. Ein gemeinsamer Capital Markets Day f\u00fcr Allgeier und Nagarro ist f\u00fcr kommenden Montag, den 28. September 2020, angek\u00fcndigt. Interessenten k\u00f6nnen an der Veranstaltung \u00fcber den Link auf der Webseite der Allgeier SE (https:\/\/www.allgeier.com\/de\/investor-relations\/spin-off\/) nach Anmeldung teilnehmen. Die Abspaltung und anschlie\u00dfende B\u00f6rsennotierung der Nagarro SE ist derzeit f\u00fcr Dezember 2020 vorgesehen.<\/p>\n<p>Wie im Abspaltungsprozess vorgesehen hat Herr Manas Fuloria seine Vorstandsposition bei der Allgeier SE mit Ablauf des gestrigen Tages (24. September 2020) niedergelegt, um sich ab sofort voll auf seine Funktion als Vorstand der Nagarro SE zu konzentrieren. Dem Vorstand der Allgeier SE geh\u00f6ren nach dem planm\u00e4\u00dfigen Ausscheiden von Manas Fuloria mit Carl Georg D\u00fcrschmidt, Dr. Marcus Goedsche und Hubert Rohrer drei Mitglieder an.<\/p>\n<p>Rechtlicher Hinweis<\/p>\n<p>Diese Pressemitteilung und die Informationen, die in ihr enthalten sind, erfolgen ausschlie\u00dflich zu Informationszwecken und sind weder ein Angebot noch eine Aufforderung zum Kauf oder zur Zeichnung von Wertpapieren in den Vereinigten Staaten von Amerika (&#8222;USA&#8220;), Kanada, Japan, Australien oder anderen Jurisdiktionen. Die Wertpapiere, die im Zusammenhang mit dieser Transaktion ausgegeben werden, sind nicht und werden auch in Zukunft nicht gem\u00e4\u00df den Bestimmungen des U.S. Securities Act von 1933 in der derzeit g\u00fcltigen Fassung oder gem\u00e4\u00df den in irgendeinem Bundestaat der USA geltenden Gesetzen registriert. Weder die Nagarro SE noch die Allgeier SE beabsichtigen, die hier genannten Wertpapiere in den USA zu registrieren.<\/p>\n<p>Diese Mitteilung wird an Personen im Vereinigten K\u00f6nigreich verteilt und richtet sich nur an diese, wenn \u00a7 21 Absatz 1 des Financial Services and Markets Act 2000 keine Anwendung findet. Dieses Dokument stellt weder eine Angebotsunterlage noch ein Angebot von Wertpapieren an die Allgemeinheit in dem Vereinigten K\u00f6nigreich dar, auf die \u00a7 85 des U.K. Financial Services and Markets Act 2000 Anwendung findet, und ist weder eine Empfehlung an irgendeine Person f\u00fcr die Zeichnung oder den Kauf von Wertpapieren noch darf es als eine solche Empfehlung verstanden werden. Dieses Dokument wird nur \u00fcbermittelt an (i) Personen, die sich au\u00dferhalb des Vereinigten K\u00f6nigreichs befinden; (ii) Personen, die Branchenerfahrung mit Investitionen im Sinne von Artikel 19 (5) der U.K. Financial Services and Markets Act 2000 (Financial Promotion) Order 2005 (in ihrer jetzigen Fassung) (die &#8222;Order&#8220;) haben, oder (iii) Personen im Sinne von Artikel 43 der Order oder (iv) &#8222;high net worth companies&#8220;, &#8222;unincorporated associations&#8220; und andere K\u00f6rperschaften, die von Artikel 49 (2) (a) bis (d) der Order erfasst sind (nachfolgend werden die vorgenannten Personen als &#8222;Relevante Personen&#8220; bezeichnet). Jede Investition oder Investitionst\u00e4tigkeit, auf die sich dieses Dokument bezieht, steht nur Relevanten Personen zur Verf\u00fcgung und wird nur mit ihnen durchgef\u00fchrt, und jede Person, die keine Relevante Person ist, darf nicht auf der Grundlage dieser Mitteilung oder ihres Inhalts t\u00e4tig werden oder auf diese vertrauen. Diese Mitteilung (oder auch Teile davon) darf bzw. d\u00fcrfen ohne vorherige Zustimmung der Allgeier SE nicht ver\u00f6ffentlicht, wiedergegeben, verteilt oder in sonstiger Weise Dritten zur Verf\u00fcgung gestellt werden.<\/p>\n<p>Soweit diese Mitteilung Aussagen enth\u00e4lt, die sich auf unseren k\u00fcnftigen Gesch\u00e4ftsverlauf und unsere k\u00fcnftige finanzielle Leistung(-sf\u00e4higkeit) sowie auf k\u00fcnftige die Allgeier Gruppe betreffende Vorg\u00e4nge oder Entwicklungen beziehen und zukunftsgerichtete Aussagen darstellen, sind diese Aussagen erkennbar an Formulierungen wie z. B. &#8222;erwarten&#8220;, &#8222;prognostizieren&#8220;, &#8222;antizipieren&#8220;, &#8222;beabsichtigen&#8220;, &#8222;planen&#8220;, &#8222;glauben&#8220;, &#8222;anstreben&#8220;, &#8222;einsch\u00e4tzen&#8220;, &#8222;werden&#8220; und &#8222;zum Ziel setzen&#8220; oder \u00e4hnlichen Begriffen. Solche Aussagen beruhen auf den gegenw\u00e4rtigen Erwartungen und bestimmten Annahmen des Allgeier Managements, von denen zahlreiche au\u00dferhalb des Einflussbereichs von Allgeier liegen. Die k\u00fcnftigen tats\u00e4chlichen Entwicklungen und die k\u00fcnftigen tats\u00e4chlichen Ergebnisse k\u00f6nnen von diesen Annahmen und Sch\u00e4tzungen abweichen. Die Allgeier SE \u00fcbernimmt keine Gew\u00e4hrleistung und keine Haftung daf\u00fcr, dass die k\u00fcnftigen Entwicklungen und die k\u00fcnftig erzielten tats\u00e4chlichen Ergebnisse mit den in dieser Mittteilung ge\u00e4u\u00dferten Annahmen und Sch\u00e4tzungen \u00fcbereinstimmen werden. Alle zukunftsgerichteten Aussagen beziehen sich nur auf den Zeitpunkt, zu dem sie getroffen wurden und Allgeier \u00fcbernimmt keine Verpflichtung und beabsichtigt auch nicht, diese zukunftsgerichteten Aussagen zu aktualisieren oder bei einer anderen als der erwarteten Entwicklung zu korrigieren, es sei denn, es besteht eine gesetzliche Pflicht hierzu.<\/p>\n<p>Kontakt:<\/p>\n<p>Allgeier SE<br \/>Corporate Communications &amp; Investor Relations<br \/>Dr. Christopher Gro\u00dfe<br \/>Einsteinstra\u00dfe 172<br \/>81677 M\u00fcnchen<br \/>Tel.: +49 (0)89\/998421-0<br \/>Fax: +49 (0)89\/998421-11<br \/>E-Mail: ir@allgeier.com<br \/>Web: www.allgeier.com<\/p>\n<p>Allgeier SE ist eines der f\u00fchrenden Technologie-Unternehmen f\u00fcr digitale Transformation: Allgeier f\u00fchrt seine Kunden durch die Herausforderungen des digitalen Wandels, um deren zuk\u00fcnftigen Erfolg sicherzustellen. F\u00fcr globale Konzerne ebenso wie f\u00fcr f\u00fchrende Unternehmen aus zahlreichen Branchen und M\u00e4rkten erzielt Allgeier Durchbr\u00fcche hin zu neuen digitalen Gesch\u00e4ftsmodellen, definiert strategische Priorit\u00e4ten und realisiert mit hoher Flexibilit\u00e4t und Zugkraft bahnbrechende Projekte, um agile und intelligente Organisationen f\u00fcr das digitale Zeitalter zu gestalten. Mit knapp 11.000 angestellten Mitarbeitern und \u00fcber 1.000 freiberuflichen Experten bildet Allgeier mit einem hochflexiblen Delivery-Modell das komplette IT-Leistungsspektrum von Onsite \u00fcber Nearshore bis hin zu Offshore ab &#8211; mit starken Standbeinen in Indien, China, Vietnam und Osteuropa. Die rasch wachsende Gruppe mit Hauptsitz in M\u00fcnchen verf\u00fcgt \u00fcber weltweit rund 130 Niederlassungen in 28 L\u00e4ndern auf f\u00fcnf Kontinenten. Im Gesch\u00e4ftsjahr 2019 erzielte Allgeier einen Konzern-Umsatz von 784 Mio. Euro mit mehr als 2.000 Kunden. Allgeier z\u00e4hlt laut L\u00fcnendonk(R)-Liste 2020 zu den f\u00fchrenden IT-Beratungs- und Systemintegrations-Unternehmen in Deutschland. Allgeier Experts ist nach L\u00fcnendonk(R)-Liste 2020 einer der f\u00fchrenden Personaldienstleister f\u00fcr die Rekrutierung, Vermittlung und Steuerung von IT-Freelancern in Deutschland. Allgeier SE ist am Regulierten Markt der Frankfurter Wertpapierb\u00f6rse im General Standard gelistet (WKN A2GS63, ISIN DE000A2GS633). Weitere Informationen unter: www.allgeier.com.<\/p>\n<\/div>\n<p><\/p>\n<hr \/>\n<p class=\"news_bottom\">25.09.2020  Ver\u00f6ffentlichung einer Corporate News\/Finanznachricht, \u00fcbermittelt durch DGAP &#8211; ein Service der EQS Group AG. <br \/>F\u00fcr den Inhalt der Mitteilung ist der Emittent \/ Herausgeber verantwortlich.<\/p>\n<p>Die DGAP Distributionsservices umfassen gesetzliche Meldepflichten, Corporate News\/Finanznachrichten und Pressemitteilungen. <br \/>Medienarchiv unter http:\/\/www.dgap.de<\/p>\n<hr \/>\n<\/td>\n<\/tr>\n<\/table>\n<table class=\"news_footer_layout\" cellpadding=\"0\" cellspacing=\"0\">\n<tr>\n<td align=\"left\" valign=\"top\" class=\"first_column column_1\" nowrap>Sprache:<\/td>\n<td align=\"left\" valign=\"top\" class=\"column_2\">Deutsch<\/td>\n<\/tr>\n<tr>\n<td align=\"left\" valign=\"top\" class=\"column_1\" nowrap>Unternehmen:<\/td>\n<td align=\"left\" valign=\"top\" class=\"column_2\">ALLGEIER SE<\/td>\n<\/tr>\n<tr>\n<td align=\"left\" valign=\"top\" class=\"column_1\"><\/td>\n<td align=\"left\" valign=\"top\" class=\"column_2\">Einsteinstra\u00dfe 172<\/td>\n<\/tr>\n<tr>\n<td align=\"left\" valign=\"top\" class=\"column_1\"><\/td>\n<td align=\"left\" valign=\"top\" class=\"column_2\">81677 M\u00fcnchen<\/td>\n<\/tr>\n<tr>\n<td align=\"left\" valign=\"top\" class=\"column_1\"><\/td>\n<td align=\"left\" valign=\"top\" class=\"column_2\">Deutschland<\/td>\n<\/tr>\n<tr>\n<td align=\"left\" valign=\"top\" class=\"column_1\" nowrap>Telefon:<\/td>\n<td align=\"left\" valign=\"top\" class=\"column_2\">+49 (0) 89 &#8211; 99 84 21 0<\/td>\n<\/tr>\n<tr>\n<td align=\"left\" valign=\"top\" class=\"column_1\" nowrap>Fax:<\/td>\n<td align=\"left\" valign=\"top\" class=\"column_2\">+49 (0) 89 &#8211; 99 84 21 11<\/td>\n<\/tr>\n<tr>\n<td align=\"left\" valign=\"top\" class=\"column_1\" nowrap>E-Mail:<\/td>\n<td align=\"left\" valign=\"top\" class=\"column_2\">info@allgeier.com<\/td>\n<\/tr>\n<tr>\n<td align=\"left\" valign=\"top\" class=\"column_1\" nowrap>Internet:<\/td>\n<td align=\"left\" valign=\"top\" class=\"column_2\">http:\/\/www.allgeier.com<\/td>\n<\/tr>\n<tr>\n<td align=\"left\" valign=\"top\" class=\"column_1\" nowrap>ISIN:<\/td>\n<td align=\"left\" valign=\"top\" class=\"column_2\">DE000A2GS633<\/td>\n<\/tr>\n<tr>\n<td align=\"left\" valign=\"top\" class=\"column_1\" nowrap>WKN:<\/td>\n<td align=\"left\" valign=\"top\" class=\"column_2\">A2GS63<\/td>\n<\/tr>\n<tr>\n<td align=\"left\" valign=\"top\" class=\"column_1\" nowrap>Indizes:<\/td>\n<td align=\"left\" valign=\"top\" class=\"column_2\">CDAX<\/td>\n<\/tr>\n<tr>\n<td align=\"left\" valign=\"top\" class=\"column_1\">B\u00f6rsen:<\/td>\n<td align=\"left\" valign=\"top\" class=\"column_2\">Regulierter Markt in Frankfurt (General Standard); Freiverkehr in Berlin, D\u00fcsseldorf, Hamburg, Stuttgart, Tradegate Exchange<\/td>\n<\/tr>\n<tr>\n<td align=\"left\" valign=\"top\" class=\"column_1\" nowrap>EQS News ID:<\/td>\n<td align=\"left\" valign=\"top\" class=\"column_2\">1136775<\/td>\n<\/tr>\n<\/table>\n<p><\/p>\n<table class=\"news_footer_layout\" border=\"0\" cellpadding=\"0\" cellspacing=\"0\">\n<tr>\n<td align=\"left\" valign=\"top\" colspan=\"2\"><\/td>\n<\/tr>\n<\/table>\n<table class=\"news_layout news_layout_footer_end\" border=\"0\" cellpadding=\"0\" cellspacing=\"0\">\n<tr>\n<td align=\"left\" valign=\"top\" colspan=\"2\">&nbsp;<\/td>\n<\/tr>\n<tr>\n<td align=\"left\" valign=\"top\" class=\"column_1\">Ende der Mitteilung<\/td>\n<td align=\"left\" valign=\"top\" class=\"column_2\">DGAP News-Service<\/td>\n<\/tr>\n<\/table>\n<p class=\"\">\n<p><img loading=\"lazy\" decoding=\"async\" src=\"https:\/\/eqs-cockpit.com\/cgi-bin\/fncls.ssp?fn=show_t_gif&amp;application_id=1136775&amp;application_name=news&amp;site_id=news_data\" alt=\"show this\" width=\"0\" height=\"0\" border=\"0\" \/><\/p>\n","protected":false},"excerpt":{"rendered":"<p>DGAP-News: ALLGEIER SE \/ Schlagwort(e): Hauptversammlung\/Personalie25.09.2020 \/ 12:47 F\u00fcr den Inhalt der Mitteilung ist der Emittent \/ Herausgeber verantwortlich. Die hierin enthaltenen Informationen sind weder zur Ver\u00f6ffentlichung noch zur Weitergabe (direkt oder indirekt) in bzw. innerhalb einer Rechtsordnung gedacht, in der dies nach dort geltendem Recht verboten w\u00e4re. M\u00fcnchen, 25. September 2020 &#8211; Die gestrige &hellip; <\/p>\n","protected":false},"author":1,"featured_media":0,"parent":1171,"menu_order":0,"comment_status":"closed","ping_status":"closed","template":"","meta":{"_acf_changed":false,"footnotes":""},"categories":[7],"tags":[],"class_list":["post-3390","page","type-page","status-publish","hentry","category-pressemitteilungen"],"acf":[],"yoast_head":"<!-- This site is optimized with the Yoast SEO plugin v27.3 - https:\/\/yoast.com\/product\/yoast-seo-wordpress\/ -->\n<title>es-25092020 - Allgeier SE<\/title>\n<meta name=\"robots\" content=\"index, follow, max-snippet:-1, max-image-preview:large, max-video-preview:-1\" \/>\n<link rel=\"canonical\" href=\"https:\/\/www.allgeier.com\/de\/pressroom\/news\/es-25092020\/\" \/>\n<meta property=\"og:locale\" content=\"de_DE\" \/>\n<meta property=\"og:type\" content=\"article\" \/>\n<meta property=\"og:title\" content=\"es-25092020 - Allgeier SE\" \/>\n<meta property=\"og:description\" content=\"DGAP-News: ALLGEIER SE \/ Schlagwort(e): Hauptversammlung\/Personalie25.09.2020 \/ 12:47 F\u00fcr den Inhalt der Mitteilung ist der Emittent \/ Herausgeber verantwortlich. Die hierin enthaltenen Informationen sind weder zur Ver\u00f6ffentlichung noch zur Weitergabe (direkt oder indirekt) in bzw. innerhalb einer Rechtsordnung gedacht, in der dies nach dort geltendem Recht verboten w\u00e4re. M\u00fcnchen, 25. September 2020 &#8211; Die gestrige &hellip;\" \/>\n<meta property=\"og:url\" content=\"https:\/\/www.allgeier.com\/de\/pressroom\/news\/es-25092020\/\" \/>\n<meta property=\"og:site_name\" content=\"Allgeier SE\" \/>\n<meta property=\"article:modified_time\" content=\"2025-02-05T19:23:03+00:00\" \/>\n<meta property=\"og:image\" content=\"https:\/\/eqs-cockpit.com\/cgi-bin\/fncls.ssp?fn=show_t_gif&amp;application_id=1136775&amp;application_name=news&amp;site_id=news_data\" \/>\n<meta name=\"twitter:card\" content=\"summary_large_image\" \/>\n<meta name=\"twitter:label1\" content=\"Gesch\u00e4tzte Lesezeit\" \/>\n\t<meta name=\"twitter:data1\" content=\"8\u00a0Minuten\" \/>\n<script type=\"application\/ld+json\" class=\"yoast-schema-graph\">{\"@context\":\"https:\\\/\\\/schema.org\",\"@graph\":[{\"@type\":\"WebPage\",\"@id\":\"https:\\\/\\\/www.allgeier.com\\\/de\\\/pressroom\\\/news\\\/es-25092020\\\/\",\"url\":\"https:\\\/\\\/www.allgeier.com\\\/de\\\/pressroom\\\/news\\\/es-25092020\\\/\",\"name\":\"es-25092020 - Allgeier SE\",\"isPartOf\":{\"@id\":\"https:\\\/\\\/www.allgeier.com\\\/de\\\/#website\"},\"primaryImageOfPage\":{\"@id\":\"https:\\\/\\\/www.allgeier.com\\\/de\\\/pressroom\\\/news\\\/es-25092020\\\/#primaryimage\"},\"image\":{\"@id\":\"https:\\\/\\\/www.allgeier.com\\\/de\\\/pressroom\\\/news\\\/es-25092020\\\/#primaryimage\"},\"thumbnailUrl\":\"https:\\\/\\\/eqs-cockpit.com\\\/cgi-bin\\\/fncls.ssp?fn=show_t_gif&amp;application_id=1136775&amp;application_name=news&amp;site_id=news_data\",\"datePublished\":\"2020-09-25T10:47:02+00:00\",\"dateModified\":\"2025-02-05T19:23:03+00:00\",\"breadcrumb\":{\"@id\":\"https:\\\/\\\/www.allgeier.com\\\/de\\\/pressroom\\\/news\\\/es-25092020\\\/#breadcrumb\"},\"inLanguage\":\"de\",\"potentialAction\":[{\"@type\":\"ReadAction\",\"target\":[\"https:\\\/\\\/www.allgeier.com\\\/de\\\/pressroom\\\/news\\\/es-25092020\\\/\"]}]},{\"@type\":\"ImageObject\",\"inLanguage\":\"de\",\"@id\":\"https:\\\/\\\/www.allgeier.com\\\/de\\\/pressroom\\\/news\\\/es-25092020\\\/#primaryimage\",\"url\":\"https:\\\/\\\/eqs-cockpit.com\\\/cgi-bin\\\/fncls.ssp?fn=show_t_gif&amp;application_id=1136775&amp;application_name=news&amp;site_id=news_data\",\"contentUrl\":\"https:\\\/\\\/eqs-cockpit.com\\\/cgi-bin\\\/fncls.ssp?fn=show_t_gif&amp;application_id=1136775&amp;application_name=news&amp;site_id=news_data\"},{\"@type\":\"BreadcrumbList\",\"@id\":\"https:\\\/\\\/www.allgeier.com\\\/de\\\/pressroom\\\/news\\\/es-25092020\\\/#breadcrumb\",\"itemListElement\":[{\"@type\":\"ListItem\",\"position\":1,\"name\":\"Home\",\"item\":\"https:\\\/\\\/www.allgeier.com\\\/de\\\/\"},{\"@type\":\"ListItem\",\"position\":2,\"name\":\"Presse\",\"item\":\"https:\\\/\\\/www.allgeier.com\\\/de\\\/pressroom\\\/\"},{\"@type\":\"ListItem\",\"position\":3,\"name\":\"News\",\"item\":\"https:\\\/\\\/www.allgeier.com\\\/de\\\/pressroom\\\/news\\\/\"},{\"@type\":\"ListItem\",\"position\":4,\"name\":\"es-25092020\"}]},{\"@type\":\"WebSite\",\"@id\":\"https:\\\/\\\/www.allgeier.com\\\/de\\\/#website\",\"url\":\"https:\\\/\\\/www.allgeier.com\\\/de\\\/\",\"name\":\"Allgeier SE\",\"description\":\"Software &amp; IT Services for digital transformation\",\"potentialAction\":[{\"@type\":\"SearchAction\",\"target\":{\"@type\":\"EntryPoint\",\"urlTemplate\":\"https:\\\/\\\/www.allgeier.com\\\/de\\\/?s={search_term_string}\"},\"query-input\":{\"@type\":\"PropertyValueSpecification\",\"valueRequired\":true,\"valueName\":\"search_term_string\"}}],\"inLanguage\":\"de\"}]}<\/script>\n<!-- \/ Yoast SEO plugin. -->","yoast_head_json":{"title":"es-25092020 - Allgeier SE","robots":{"index":"index","follow":"follow","max-snippet":"max-snippet:-1","max-image-preview":"max-image-preview:large","max-video-preview":"max-video-preview:-1"},"canonical":"https:\/\/www.allgeier.com\/de\/pressroom\/news\/es-25092020\/","og_locale":"de_DE","og_type":"article","og_title":"es-25092020 - Allgeier SE","og_description":"DGAP-News: ALLGEIER SE \/ Schlagwort(e): Hauptversammlung\/Personalie25.09.2020 \/ 12:47 F\u00fcr den Inhalt der Mitteilung ist der Emittent \/ Herausgeber verantwortlich. Die hierin enthaltenen Informationen sind weder zur Ver\u00f6ffentlichung noch zur Weitergabe (direkt oder indirekt) in bzw. innerhalb einer Rechtsordnung gedacht, in der dies nach dort geltendem Recht verboten w\u00e4re. M\u00fcnchen, 25. September 2020 &#8211; Die gestrige &hellip;","og_url":"https:\/\/www.allgeier.com\/de\/pressroom\/news\/es-25092020\/","og_site_name":"Allgeier SE","article_modified_time":"2025-02-05T19:23:03+00:00","og_image":[{"url":"https:\/\/eqs-cockpit.com\/cgi-bin\/fncls.ssp?fn=show_t_gif&amp;application_id=1136775&amp;application_name=news&amp;site_id=news_data","type":"","width":"","height":""}],"twitter_card":"summary_large_image","twitter_misc":{"Gesch\u00e4tzte Lesezeit":"8\u00a0Minuten"},"schema":{"@context":"https:\/\/schema.org","@graph":[{"@type":"WebPage","@id":"https:\/\/www.allgeier.com\/de\/pressroom\/news\/es-25092020\/","url":"https:\/\/www.allgeier.com\/de\/pressroom\/news\/es-25092020\/","name":"es-25092020 - Allgeier SE","isPartOf":{"@id":"https:\/\/www.allgeier.com\/de\/#website"},"primaryImageOfPage":{"@id":"https:\/\/www.allgeier.com\/de\/pressroom\/news\/es-25092020\/#primaryimage"},"image":{"@id":"https:\/\/www.allgeier.com\/de\/pressroom\/news\/es-25092020\/#primaryimage"},"thumbnailUrl":"https:\/\/eqs-cockpit.com\/cgi-bin\/fncls.ssp?fn=show_t_gif&amp;application_id=1136775&amp;application_name=news&amp;site_id=news_data","datePublished":"2020-09-25T10:47:02+00:00","dateModified":"2025-02-05T19:23:03+00:00","breadcrumb":{"@id":"https:\/\/www.allgeier.com\/de\/pressroom\/news\/es-25092020\/#breadcrumb"},"inLanguage":"de","potentialAction":[{"@type":"ReadAction","target":["https:\/\/www.allgeier.com\/de\/pressroom\/news\/es-25092020\/"]}]},{"@type":"ImageObject","inLanguage":"de","@id":"https:\/\/www.allgeier.com\/de\/pressroom\/news\/es-25092020\/#primaryimage","url":"https:\/\/eqs-cockpit.com\/cgi-bin\/fncls.ssp?fn=show_t_gif&amp;application_id=1136775&amp;application_name=news&amp;site_id=news_data","contentUrl":"https:\/\/eqs-cockpit.com\/cgi-bin\/fncls.ssp?fn=show_t_gif&amp;application_id=1136775&amp;application_name=news&amp;site_id=news_data"},{"@type":"BreadcrumbList","@id":"https:\/\/www.allgeier.com\/de\/pressroom\/news\/es-25092020\/#breadcrumb","itemListElement":[{"@type":"ListItem","position":1,"name":"Home","item":"https:\/\/www.allgeier.com\/de\/"},{"@type":"ListItem","position":2,"name":"Presse","item":"https:\/\/www.allgeier.com\/de\/pressroom\/"},{"@type":"ListItem","position":3,"name":"News","item":"https:\/\/www.allgeier.com\/de\/pressroom\/news\/"},{"@type":"ListItem","position":4,"name":"es-25092020"}]},{"@type":"WebSite","@id":"https:\/\/www.allgeier.com\/de\/#website","url":"https:\/\/www.allgeier.com\/de\/","name":"Allgeier SE","description":"Software &amp; IT Services for digital transformation","potentialAction":[{"@type":"SearchAction","target":{"@type":"EntryPoint","urlTemplate":"https:\/\/www.allgeier.com\/de\/?s={search_term_string}"},"query-input":{"@type":"PropertyValueSpecification","valueRequired":true,"valueName":"search_term_string"}}],"inLanguage":"de"}]}},"_links":{"self":[{"href":"https:\/\/www.allgeier.com\/de\/wp-json\/wp\/v2\/pages\/3390","targetHints":{"allow":["GET"]}}],"collection":[{"href":"https:\/\/www.allgeier.com\/de\/wp-json\/wp\/v2\/pages"}],"about":[{"href":"https:\/\/www.allgeier.com\/de\/wp-json\/wp\/v2\/types\/page"}],"author":[{"embeddable":true,"href":"https:\/\/www.allgeier.com\/de\/wp-json\/wp\/v2\/users\/1"}],"replies":[{"embeddable":true,"href":"https:\/\/www.allgeier.com\/de\/wp-json\/wp\/v2\/comments?post=3390"}],"version-history":[{"count":0,"href":"https:\/\/www.allgeier.com\/de\/wp-json\/wp\/v2\/pages\/3390\/revisions"}],"up":[{"embeddable":true,"href":"https:\/\/www.allgeier.com\/de\/wp-json\/wp\/v2\/pages\/1171"}],"wp:attachment":[{"href":"https:\/\/www.allgeier.com\/de\/wp-json\/wp\/v2\/media?parent=3390"}],"wp:term":[{"taxonomy":"category","embeddable":true,"href":"https:\/\/www.allgeier.com\/de\/wp-json\/wp\/v2\/categories?post=3390"},{"taxonomy":"post_tag","embeddable":true,"href":"https:\/\/www.allgeier.com\/de\/wp-json\/wp\/v2\/tags?post=3390"}],"curies":[{"name":"wp","href":"https:\/\/api.w.org\/{rel}","templated":true}]}}