{"id":3393,"date":"2015-04-15T11:01:27","date_gmt":"2015-04-15T11:01:27","guid":{"rendered":"https:\/\/www.allgeier.com\/de\/pressroom\/news\/es-15042015-1101\/"},"modified":"2025-02-05T19:24:46","modified_gmt":"2025-02-05T19:24:46","slug":"es-15042015-1101","status":"publish","type":"page","link":"https:\/\/www.allgeier.com\/de\/pressroom\/news\/es-15042015-1101\/","title":{"rendered":"es-15042015.1101"},"content":{"rendered":"<table class=\"news_layout\" border=\"0\" cellpadding=\"0\" cellspacing=\"0\">\n<tr>\n<td><\/p>\n<p>ALLGEIER SE \/ Schlagwort(e): Beteiligung\/Unternehmensbeteiligung<\/p>\n<p>2015-04-15 \/ 13:01 <\/p>\n<hr>\n<div class=\"break-word\">\n<p><i>Corporate News<\/i><\/p>\n<p><b>Allgeier-Tochter Goetzfried erg\u00e4nzt Portfolio um Personalberatungsexperten SearchConsult<\/b><\/p>\n<p>Gesch\u00e4ftsfeld Personalvermittlung gewinnt weiter an Bedeutung<\/p>\n<p><i>M\u00fcnchen\/Wiesbaden, 15. April 2015 &#8211;<\/i> Die Goetzfried AG, eine Tochtergesellschaft der Allgeier SE, hat heute den Kauf von Anteilen am Personalberatungsspezialisten SearchConsult GmbH mit Sitz in D\u00fcsseldorf bekanntgegeben. Das hochspezialisierte SearchConsult-Beraterteam verf\u00fcgt \u00fcber langj\u00e4hrige Expertise in der Besetzung von IT-Fach- und F\u00fchrungspositionen.<\/p>\n<p>Durch die Mehrheitsbeteiligung st\u00e4rkt Allgeier Experts die Position als einer der TOP 3 IT-und Engineering-Personaldienstleister im deutschsprachigen Raum und baut zudem die Kompetenzen im Bereich der Vermittlung von hochqualifizierten IT-Experten f\u00fcr das mittlere und gehobene Management weiter aus. Durch die B\u00fcndelung der gemeinsamen Kompetenzen k\u00f6nnen die bestehenden und potentiellen Kunden in der Personalrekrutierung zuk\u00fcnftig noch umfassender unterst\u00fctzt werden.<\/p>\n<p>Alle Aktivit\u00e4ten im Gesch\u00e4ftsfeld Personalvermittlung sollen sukzessive bei SearchConsult mit Standorten in D\u00fcsseldorf und M\u00fcnchen geb\u00fcndelt werden. Gleichzeitig stellt die Goetzfried AG ihr deutschlandweites Niederlassungsnetz f\u00fcr den weiteren Ausbau des Gesch\u00e4ftsbereichs zur Verf\u00fcgung.<\/p>\n<p>Kontakt:<\/p>\n<p>Allgeier SE<br \/>Corporate Communications &amp; Investor Relations<br \/>Dr. Christopher Gro\u00dfe<br \/>Wehrlestra\u00dfe 12<br \/>81679 M\u00fcnchen<br \/>Tel.: +49 (0)89\/998421-0<br \/>Fax: +49 (0)89\/998421-11<br \/>E-Mail: ir@allgeier.com<br \/>Web: www.allgeier.com<\/p>\n<p>Allgeier SE ist eines der f\u00fchrenden IT-Unternehmen f\u00fcr Business Performance: Mit einer auf Innovationen und Zukunftstrends ausgerichteten Wachstumsstrategie sowie einem integrativen unternehmerischen Modell verbindet Allgeier die Vorteile eines internationalen Anbieters mit den Tugenden mittelst\u00e4ndischer Unternehmer. Operative Gesch\u00e4ftsbereiche mit individuellen fachlichen oder branchenbezogenen Schwerpunkten arbeiten gemeinsam f\u00fcr \u00fcber 3.000 Kunden aus nahezu allen Branchen. Mit \u00fcber 5.300 angestellten Mitarbeitern und mehr als 1.200 freiberuflichen Experten bietet Allgeier den Kunden als One-Stop-Shop ein umfassendes L\u00f6sungs- und Leistungsportfolio. Allgeier bildet mit einem hochflexiblen Delivery-Modell das komplette IT-Leistungsspektrum von Onsite \u00fcber Nearshore bis hin zu Offshore ab: Mit einem starken Standbein in Indien werden Flexibilit\u00e4t und h\u00f6chste Skalierbarkeit der Leistungen sowie hochqualifiziertes Expertenwissen in der High-End-Softwareentwicklung sichergestellt. Zu den Kunden von Allgeier z\u00e4hlen global arbeitende Konzerne genauso wie innovative mittelst\u00e4ndische Betriebe, die sich durch leistungsstarke IT-L\u00f6sungen, intelligente Software und flexible Personaldienstleistungen strategische Vorteile sichern wollen. Die stark wachsende Gruppe mit Hauptsitz in M\u00fcnchen verf\u00fcgt \u00fcber 100 Niederlassungen im deutschsprachigen Raum, im \u00fcbrigen Europa sowie in Indien, Singapur, Mexiko und den USA. 2014 erzielte Allgeier gem\u00e4\u00df vorl\u00e4ufiger Zahlen einen Umsatz von 428 Mio. Euro (fortgef\u00fchrtes Gesch\u00e4ft). Allgeier SE belegt in der L\u00fcnendonk(R)-Liste 2014 &#8222;F\u00fchrende deutsche mittelst\u00e4ndische IT-Beratungs- und Systemintegrations-Unternehmen&#8220; den ersten Platz. Allgeier Experts ist nach L\u00fcnendonk(R)-Marktsegmentstudie 2014 &#8222;Der Markt f\u00fcr Rekrutierung, Vermittlung und Steuerung von IT-Freelancern in Deutschland&#8220; unter den TOP 3 IT-Personaldienstleistern in Deutschland. Die Gesellschaft ist am Regulierten Markt der Frankfurter Wertpapierb\u00f6rse im General Standard gelistet (WKN 508630, ISIN DE0005086300). Weitere Informationen unter: www.allgeier.com.<\/p>\n<\/div>\n<p><\/p>\n<hr>\n<p>2015-04-15  Ver\u00f6ffentlichung einer Corporate News\/Finanznachricht, \u00fcbermittelt durch DGAP &#8211; ein Service der EQS Group AG. <br \/>F\u00fcr den Inhalt der Mitteilung ist der Emittent \/ Herausgeber verantwortlich.<\/p>\n<p>Die DGAP Distributionsservices umfassen gesetzliche Meldepflichten, Corporate News\/Finanznachrichten und Pressemitteilungen. <br \/>Medienarchiv unter http:\/\/www.dgap-medientreff.de und http:\/\/www.dgap.de<\/p>\n<hr>\n<p><\/td>\n<\/tr>\n<\/table>\n<table class=\"news_footer_layout\" cellspacing=\"0\" cellpadding=\"0\"> <!--width=600--><\/p>\n<tr>\n<td class=\"first_column\">Sprache:<\/td>\n<td>Deutsch<\/td>\n<\/tr>\n<tr>\n<td valign=\"top\">Unternehmen:<\/td>\n<td>ALLGEIER SE<\/td>\n<\/tr>\n<tr>\n<td valign=\"top\"><\/td>\n<td>Wehrlestra\u00dfe 12<\/td>\n<\/tr>\n<tr>\n<td valign=\"top\"><\/td>\n<td>81679  M\u00fcnchen<\/td>\n<\/tr>\n<tr>\n<td valign=\"top\"><\/td>\n<td>Deutschland<\/td>\n<\/tr>\n<tr>\n<td valign=\"top\">Telefon:<\/td>\n<td>+49 (0) 89 &#8211; 99 84 21 0<\/td>\n<\/tr>\n<tr>\n<td valign=\"top\">Fax:<\/td>\n<td>+49 (0) 89 &#8211; 99 84 21 11<\/td>\n<\/tr>\n<tr>\n<td valign=\"top\">E-Mail:<\/td>\n<td>info@allgeier.com<\/td>\n<\/tr>\n<tr>\n<td valign=\"top\">Internet:<\/td>\n<td>http:\/\/www.allgeier.com<\/td>\n<\/tr>\n<tr>\n<td valign=\"top\">ISIN:<\/td>\n<td>DE0005086300<\/td>\n<\/tr>\n<tr>\n<td valign=\"top\">WKN:<\/td>\n<td>508630<\/td>\n<\/tr>\n<tr>\n<td valign=\"top\">Indizes:<\/td>\n<td>CDAX<\/td>\n<\/tr>\n<tr>\n<td valign=\"top\">B\u00f6rsen:<\/td>\n<td>Regulierter Markt in Frankfurt (General Standard); Freiverkehr in Berlin, D\u00fcsseldorf, Hamburg, Stuttgart<\/td>\n<\/tr>\n<tr>\n<td><\/td>\n<td valign=\"top\" colspan=\"2\"><\/td>\n<\/tr>\n<\/table>\n<table class=\"news_layout news_layout_footer_end\" border=\"0\" cellpadding=\"0\" cellspacing=\"0\" width=\"100%\">\n<tr>\n<td colspan=\"2\"><\/td>\n<\/tr>\n<tr>\n<td class=\"column_1\">Ende der Mitteilung<\/td>\n<td class=\"column_2\">DGAP News-Service<\/td>\n<\/tr>\n<\/table>\n<table class=\"news_layout\" border=\"0\" cellpadding=\"0\" cellspacing=\"0\" width=\"100%\">\n<tr>\n<td>\n<hr>\n<\/td>\n<\/tr>\n<tr>\n<td align=\"left\">344455&nbsp;&nbsp;2015-04-15&nbsp;<\/td>\n<\/tr>\n<\/table>\n","protected":false},"excerpt":{"rendered":"<p>ALLGEIER SE \/ Schlagwort(e): Beteiligung\/Unternehmensbeteiligung 2015-04-15 \/ 13:01 Corporate News Allgeier-Tochter Goetzfried erg\u00e4nzt Portfolio um Personalberatungsexperten SearchConsult Gesch\u00e4ftsfeld Personalvermittlung gewinnt weiter an Bedeutung M\u00fcnchen\/Wiesbaden, 15. April 2015 &#8211; Die Goetzfried AG, eine Tochtergesellschaft der Allgeier SE, hat heute den Kauf von Anteilen am Personalberatungsspezialisten SearchConsult GmbH mit Sitz in D\u00fcsseldorf bekanntgegeben. Das hochspezialisierte SearchConsult-Beraterteam verf\u00fcgt &hellip; <\/p>\n","protected":false},"author":1,"featured_media":0,"parent":1171,"menu_order":0,"comment_status":"closed","ping_status":"closed","template":"","meta":{"_acf_changed":false,"footnotes":""},"categories":[7],"tags":[],"class_list":["post-3393","page","type-page","status-publish","hentry","category-pressemitteilungen"],"acf":[],"yoast_head":"<!-- This site is optimized with the Yoast SEO plugin v27.3 - https:\/\/yoast.com\/product\/yoast-seo-wordpress\/ -->\n<title>es-15042015.1101 - Allgeier SE<\/title>\n<meta name=\"robots\" content=\"index, follow, max-snippet:-1, max-image-preview:large, max-video-preview:-1\" \/>\n<link rel=\"canonical\" href=\"https:\/\/www.allgeier.com\/de\/pressroom\/news\/es-15042015-1101\/\" \/>\n<meta property=\"og:locale\" content=\"de_DE\" \/>\n<meta property=\"og:type\" content=\"article\" \/>\n<meta property=\"og:title\" content=\"es-15042015.1101 - Allgeier SE\" \/>\n<meta property=\"og:description\" content=\"ALLGEIER SE \/ Schlagwort(e): Beteiligung\/Unternehmensbeteiligung 2015-04-15 \/ 13:01 Corporate News Allgeier-Tochter Goetzfried erg\u00e4nzt Portfolio um Personalberatungsexperten SearchConsult Gesch\u00e4ftsfeld Personalvermittlung gewinnt weiter an Bedeutung M\u00fcnchen\/Wiesbaden, 15. April 2015 &#8211; Die Goetzfried AG, eine Tochtergesellschaft der Allgeier SE, hat heute den Kauf von Anteilen am Personalberatungsspezialisten SearchConsult GmbH mit Sitz in D\u00fcsseldorf bekanntgegeben. Das hochspezialisierte SearchConsult-Beraterteam verf\u00fcgt &hellip;\" \/>\n<meta property=\"og:url\" content=\"https:\/\/www.allgeier.com\/de\/pressroom\/news\/es-15042015-1101\/\" \/>\n<meta property=\"og:site_name\" content=\"Allgeier SE\" \/>\n<meta property=\"article:modified_time\" content=\"2025-02-05T19:24:46+00:00\" \/>\n<meta name=\"twitter:card\" content=\"summary_large_image\" \/>\n<meta name=\"twitter:label1\" content=\"Gesch\u00e4tzte Lesezeit\" \/>\n\t<meta name=\"twitter:data1\" content=\"3\u00a0Minuten\" \/>\n<script type=\"application\/ld+json\" class=\"yoast-schema-graph\">{\"@context\":\"https:\\\/\\\/schema.org\",\"@graph\":[{\"@type\":\"WebPage\",\"@id\":\"https:\\\/\\\/www.allgeier.com\\\/de\\\/pressroom\\\/news\\\/es-15042015-1101\\\/\",\"url\":\"https:\\\/\\\/www.allgeier.com\\\/de\\\/pressroom\\\/news\\\/es-15042015-1101\\\/\",\"name\":\"es-15042015.1101 - Allgeier SE\",\"isPartOf\":{\"@id\":\"https:\\\/\\\/www.allgeier.com\\\/de\\\/#website\"},\"datePublished\":\"2015-04-15T11:01:27+00:00\",\"dateModified\":\"2025-02-05T19:24:46+00:00\",\"breadcrumb\":{\"@id\":\"https:\\\/\\\/www.allgeier.com\\\/de\\\/pressroom\\\/news\\\/es-15042015-1101\\\/#breadcrumb\"},\"inLanguage\":\"de\",\"potentialAction\":[{\"@type\":\"ReadAction\",\"target\":[\"https:\\\/\\\/www.allgeier.com\\\/de\\\/pressroom\\\/news\\\/es-15042015-1101\\\/\"]}]},{\"@type\":\"BreadcrumbList\",\"@id\":\"https:\\\/\\\/www.allgeier.com\\\/de\\\/pressroom\\\/news\\\/es-15042015-1101\\\/#breadcrumb\",\"itemListElement\":[{\"@type\":\"ListItem\",\"position\":1,\"name\":\"Home\",\"item\":\"https:\\\/\\\/www.allgeier.com\\\/de\\\/\"},{\"@type\":\"ListItem\",\"position\":2,\"name\":\"Presse\",\"item\":\"https:\\\/\\\/www.allgeier.com\\\/de\\\/pressroom\\\/\"},{\"@type\":\"ListItem\",\"position\":3,\"name\":\"News\",\"item\":\"https:\\\/\\\/www.allgeier.com\\\/de\\\/pressroom\\\/news\\\/\"},{\"@type\":\"ListItem\",\"position\":4,\"name\":\"es-15042015.1101\"}]},{\"@type\":\"WebSite\",\"@id\":\"https:\\\/\\\/www.allgeier.com\\\/de\\\/#website\",\"url\":\"https:\\\/\\\/www.allgeier.com\\\/de\\\/\",\"name\":\"Allgeier SE\",\"description\":\"Software &amp; IT Services for digital transformation\",\"potentialAction\":[{\"@type\":\"SearchAction\",\"target\":{\"@type\":\"EntryPoint\",\"urlTemplate\":\"https:\\\/\\\/www.allgeier.com\\\/de\\\/?s={search_term_string}\"},\"query-input\":{\"@type\":\"PropertyValueSpecification\",\"valueRequired\":true,\"valueName\":\"search_term_string\"}}],\"inLanguage\":\"de\"}]}<\/script>\n<!-- \/ Yoast SEO plugin. -->","yoast_head_json":{"title":"es-15042015.1101 - Allgeier SE","robots":{"index":"index","follow":"follow","max-snippet":"max-snippet:-1","max-image-preview":"max-image-preview:large","max-video-preview":"max-video-preview:-1"},"canonical":"https:\/\/www.allgeier.com\/de\/pressroom\/news\/es-15042015-1101\/","og_locale":"de_DE","og_type":"article","og_title":"es-15042015.1101 - Allgeier SE","og_description":"ALLGEIER SE \/ Schlagwort(e): Beteiligung\/Unternehmensbeteiligung 2015-04-15 \/ 13:01 Corporate News Allgeier-Tochter Goetzfried erg\u00e4nzt Portfolio um Personalberatungsexperten SearchConsult Gesch\u00e4ftsfeld Personalvermittlung gewinnt weiter an Bedeutung M\u00fcnchen\/Wiesbaden, 15. April 2015 &#8211; Die Goetzfried AG, eine Tochtergesellschaft der Allgeier SE, hat heute den Kauf von Anteilen am Personalberatungsspezialisten SearchConsult GmbH mit Sitz in D\u00fcsseldorf bekanntgegeben. Das hochspezialisierte SearchConsult-Beraterteam verf\u00fcgt &hellip;","og_url":"https:\/\/www.allgeier.com\/de\/pressroom\/news\/es-15042015-1101\/","og_site_name":"Allgeier SE","article_modified_time":"2025-02-05T19:24:46+00:00","twitter_card":"summary_large_image","twitter_misc":{"Gesch\u00e4tzte Lesezeit":"3\u00a0Minuten"},"schema":{"@context":"https:\/\/schema.org","@graph":[{"@type":"WebPage","@id":"https:\/\/www.allgeier.com\/de\/pressroom\/news\/es-15042015-1101\/","url":"https:\/\/www.allgeier.com\/de\/pressroom\/news\/es-15042015-1101\/","name":"es-15042015.1101 - Allgeier SE","isPartOf":{"@id":"https:\/\/www.allgeier.com\/de\/#website"},"datePublished":"2015-04-15T11:01:27+00:00","dateModified":"2025-02-05T19:24:46+00:00","breadcrumb":{"@id":"https:\/\/www.allgeier.com\/de\/pressroom\/news\/es-15042015-1101\/#breadcrumb"},"inLanguage":"de","potentialAction":[{"@type":"ReadAction","target":["https:\/\/www.allgeier.com\/de\/pressroom\/news\/es-15042015-1101\/"]}]},{"@type":"BreadcrumbList","@id":"https:\/\/www.allgeier.com\/de\/pressroom\/news\/es-15042015-1101\/#breadcrumb","itemListElement":[{"@type":"ListItem","position":1,"name":"Home","item":"https:\/\/www.allgeier.com\/de\/"},{"@type":"ListItem","position":2,"name":"Presse","item":"https:\/\/www.allgeier.com\/de\/pressroom\/"},{"@type":"ListItem","position":3,"name":"News","item":"https:\/\/www.allgeier.com\/de\/pressroom\/news\/"},{"@type":"ListItem","position":4,"name":"es-15042015.1101"}]},{"@type":"WebSite","@id":"https:\/\/www.allgeier.com\/de\/#website","url":"https:\/\/www.allgeier.com\/de\/","name":"Allgeier SE","description":"Software &amp; IT Services for digital transformation","potentialAction":[{"@type":"SearchAction","target":{"@type":"EntryPoint","urlTemplate":"https:\/\/www.allgeier.com\/de\/?s={search_term_string}"},"query-input":{"@type":"PropertyValueSpecification","valueRequired":true,"valueName":"search_term_string"}}],"inLanguage":"de"}]}},"_links":{"self":[{"href":"https:\/\/www.allgeier.com\/de\/wp-json\/wp\/v2\/pages\/3393","targetHints":{"allow":["GET"]}}],"collection":[{"href":"https:\/\/www.allgeier.com\/de\/wp-json\/wp\/v2\/pages"}],"about":[{"href":"https:\/\/www.allgeier.com\/de\/wp-json\/wp\/v2\/types\/page"}],"author":[{"embeddable":true,"href":"https:\/\/www.allgeier.com\/de\/wp-json\/wp\/v2\/users\/1"}],"replies":[{"embeddable":true,"href":"https:\/\/www.allgeier.com\/de\/wp-json\/wp\/v2\/comments?post=3393"}],"version-history":[{"count":0,"href":"https:\/\/www.allgeier.com\/de\/wp-json\/wp\/v2\/pages\/3393\/revisions"}],"up":[{"embeddable":true,"href":"https:\/\/www.allgeier.com\/de\/wp-json\/wp\/v2\/pages\/1171"}],"wp:attachment":[{"href":"https:\/\/www.allgeier.com\/de\/wp-json\/wp\/v2\/media?parent=3393"}],"wp:term":[{"taxonomy":"category","embeddable":true,"href":"https:\/\/www.allgeier.com\/de\/wp-json\/wp\/v2\/categories?post=3393"},{"taxonomy":"post_tag","embeddable":true,"href":"https:\/\/www.allgeier.com\/de\/wp-json\/wp\/v2\/tags?post=3393"}],"curies":[{"name":"wp","href":"https:\/\/api.w.org\/{rel}","templated":true}]}}