{"id":3396,"date":"2014-06-11T08:05:35","date_gmt":"2014-06-11T08:05:35","guid":{"rendered":"https:\/\/www.allgeier.com\/de\/pressroom\/news\/es-11062014-0805\/"},"modified":"2025-02-05T19:16:30","modified_gmt":"2025-02-05T19:16:30","slug":"es-11062014-0805","status":"publish","type":"page","link":"https:\/\/www.allgeier.com\/de\/pressroom\/news\/es-11062014-0805\/","title":{"rendered":"es-11062014.0805"},"content":{"rendered":"<table class=\"news_layout\" border=\"0\" cellpadding=\"0\" cellspacing=\"0\">\n<tr>\n<td><\/p>\n<p>ALLGEIER SE \/ Schlagwort(e): Firmen\u00fcbernahme<\/p>\n<p>11.06.2014 \/ 10:05<\/p>\n<hr>\n<div class=\"break-word\">\n<p><b>Allgeier SE: Allgeier st\u00e4rkt die Position im Healthcare-Markt: Software- und Beratungsspezialist eHealthOpen wird Teil der Gruppe<\/b><\/p>\n<p><b>Gemeinsam mit Allgeier Tochter Gemed entsteht Allgeier Medical IT<\/b><\/p>\n<p><i>M\u00fcnchen, 11. Juni 2014 &#8211; <\/i>Allgeier SE (ISIN DE0005086300, WKN 508630) baut den Healthcare-Bereich weiter aus und erweitert das Portfolio rund um spezialisierte Branchensoftware und das Consulting f\u00fcr Krankenh\u00e4user und medizinische Bereiche. Seit Ende Mai ist die eHealthOpen Ltd. Teil der Gruppe. In diesem Zuge b\u00fcndelt Allgeier sein Healthcare-Gesch\u00e4ft k\u00fcnftig in der Tochter Gemed. Diese wird dazu umfirmiert und als Allgeier Medical IT GmbH weiter gef\u00fchrt.<\/p>\n<p>eHealthOpen wurde 2006 gegr\u00fcndet und konzentriert sich auf die Beratung von Unternehmen und Krankenh\u00e4usern und unterst\u00fctzt diese in der Planung von Fachl\u00f6sungen in Medizin und Pflege, Medizintechnik, Medizin-Informatik, Biometrie sowie Archivkonzepte und Signaturverfahren im Bereich der Patientenaufkl\u00e4rung. Desweiteren ist die eHealthOpen Gastgeber und Organisator der Schliersee Konferenz, die als richtungsweisende Veranstaltung der Healthcare-IT-Branche gilt. eHealthOpen-Gesch\u00e4ftsf\u00fchrer Heino Kuhlemann wird zusammen mit Wolfgang Schmezer neuer Gesch\u00e4ftsf\u00fchrer der Allgeier Medical IT. Heino Kuhlemann verf\u00fcgt \u00fcber umfassende Erfahrungen und ein leistungsstarkes Netzwerk aus gesch\u00e4ftsf\u00fchrenden Positionen im E-Health-Umfeld.<\/p>\n<p>Allgeier Medical IT ist auf moderne IT-L\u00f6sungen f\u00fcr Kliniken, Krankenh\u00e4user und weitere Teilnehmer des Healthcare-Marktes in Europa spezialisiert. Die Allgeier Medical IT-L\u00f6sungen k\u00f6nnen flexibel an unterschiedliche Prim\u00e4r- und Subsysteme angebunden werden und erm\u00f6glichen somit langfristige Planungs- und Kostenssicherheit. Allgeier Medical IT kombiniert und orchestriert unterschiedliche L\u00f6sungen mit eigenen Komponenten sowie dem umfassenden Leistungsportfolio der Allgeier Gruppe und ber\u00e4t Krankenh\u00e4user zur Gesamtstrategie. Mit der zus\u00e4tzlichen Beratungs- und Softwarekompetenz der eHealthOpen entsteht ein neuer unabh\u00e4ngiger IT-Dienstleister im Zukunftsmarkt Healthcare, der Kliniken und Krankenh\u00e4usern ein breitgef\u00e4chertes L\u00f6sungs- und Beratungsportfolio zur Verf\u00fcgung stellt. Mit dem Zugang der eHealthOpen betreut die neue Allgeier Medical IT \u00fcber 800 Kunden in der DACH-Region und weitere 200 Kunden in den Niederlanden.<\/p>\n<p>Kontakt:<\/p>\n<p>Allgeier SE<br \/>Corporate Communications &amp; Investor Relations<br \/>Dr. Christopher Gro\u00dfe<br \/>Wehrlestra\u00dfe 12<br \/>81679 M\u00fcnchen<br \/>Tel.: +49 (0)89\/998421-0<br \/>Fax: +49 (0)89\/998421-11<br \/>E-Mail: pr@allgeier.com<br \/>Web: www.allgeier.com<\/p>\n<p>Allgeier SE ist eines der f\u00fchrenden IT-Unternehmen f\u00fcr Business Performance: Mit einer auf Innovationen und Zukunftstrends ausgerichteten Wachstumsstrategie sowie einem integrativen unternehmerischen Modell verbindet Allgeier die Vorteile eines internationalen Anbieters mit den Tugenden mittelst\u00e4ndischer Unternehmer. Operative Divisionen mit individuellen fachlichen oder branchenbezogenen Schwerpunkten arbeiten gemeinsam f\u00fcr \u00fcber 2.000 Kunden aus nahezu allen Branchen. Mit \u00fcber 4.900 angestellten Mitarbeitern und mehr als 1.100 freiberuflichen Experten bietet Allgeier den Kunden als One-Stop-Shop ein umfassendes L\u00f6sungs- und Leistungsportfolio. Zu den Kunden von Allgeier z\u00e4hlen global arbeitende Konzerne genauso wie innovative mittelst\u00e4ndische Betriebe, die sich durch leistungsstarke IT-L\u00f6sungen, intelligente Software und flexible Personaldienstleistungen strategische Vorteile sichern wollen. Die stark wachsende Gruppe mit Hauptsitz in M\u00fcnchen verf\u00fcgt \u00fcber mehr als 90 Niederlassungen im deutschsprachigen Raum, im \u00fcbrigen Europa sowie in Indien, Mexiko und den USA. 2013 erzielte Allgeier einen Umsatz von 478 Mio. Euro. Allgeier SE belegt in der L\u00fcnendonk(R)-Liste 2014 &#8222;F\u00fchrende deutsche mittelst\u00e4ndische IT-Beratungs- und Systemintegrations-Unternehmen&#8220; den ersten Platz. Die Division Allgeier Experts ist nach L\u00fcnendonk(R)-Marktsegmentstudie 2013 &#8222;Der Markt f\u00fcr Rekrutierung, Vermittlung und Steuerung von IT-Freelancern in Deutschland&#8220; unter den TOP 3 IT-Personaldienstleistern in Deutschland. Die Gesellschaft ist am Regulierten Markt der Frankfurter Wertpapierb\u00f6rse im General Standard gelistet (WKN 508630, ISIN DE0005086300). Weitere Informationen unter: www.allgeier.com.<\/p>\n<p>Kontakt:<br \/>Allgeier SE<br \/>Corporate Communications &amp; Investor Relations<br \/>Dr. Christopher Gro\u00dfe<br \/>Wehrlestra\u00dfe 12<br \/>81679 M\u00fcnchen<br \/>Tel.: +49 (0)89\/998421-0<br \/>Fax: +49 (0)89\/998421-11<br \/>E-Mail: pr@allgeier.com<br \/>Web: www.allgeier.com<\/p>\n<p>Allgeier SE ist eines der f\u00fchrenden IT-Unternehmen f\u00fcr Business Performance: Mit einer konsequent auf Innovationen und Zukunftstrends ausgerichteten Wachstumsstrategie sowie einem integrativen unternehmerischen Modell verbindet Allgeier die Vorteile eines internationalen Anbieters mit den Tugenden mittelst\u00e4ndischer Unternehmer. Sechs operative Divisionen mit individuellen fachlichen oder branchenbezogenen Schwerpunkten arbeiten gemeinsam f\u00fcr \u00fcber 2.000 Kunden aus nahezu allen Branchen. Mit \u00fcber 4.400 angestellten Mitarbeitern und mehr als 1.300 freiberuflichen IT-Experten bietet Allgeier den Kunden als One-Stop-Shop ein umfassendes L\u00f6sungs- und Leistungsportfolio. Zu den Kunden von Allgeier z\u00e4hlen global arbeitende Konzerne genauso wie innovative mittelst\u00e4ndische Betriebe, die sich durch leistungsstarke IT-L\u00f6sungen, intelligente Software und flexible Personaldienstleistungen strategische Vorteile sichern wollen. Die stark wachsende Gruppe mit Hauptsitz in M\u00fcnchen verf\u00fcgt \u00fcber mehr als 100 Niederlassungen im deutschsprachigen Raum, im \u00fcbrigen Europa sowie in Indien, Mexiko und den USA. 2012 erzielte Allgeier einen Umsatz von 423 Mio. Euro. Allgeier SE belegt in der L\u00fcnendonk(R)-Liste 2013 &#8218;F\u00fchrende deut\u00acsche mittelst\u00e4ndische IT-Beratungs- und Systemintegrations-Un\u00acternehmen&#8216; den ersten Platz. Die Division Allgeier Experts ist nach L\u00fcnendonk(R)-Marktsegmentstudie 2013 &#8218;Der Markt f\u00fcr Rekrutierung, Vermittlung und Steuerung von IT-Freelancern in Deutschland&#8216; unter den TOP 3 IT-Personaldienstleistern in Deutschland. Die Gesellschaft ist am Regulierten Markt der Frankfurter Wertpapierb\u00f6rse im General Standard gelistet (WKN 508630, ISIN DE0005086300). Weitere Informationen unter: www.allgeier.com.<\/p><\/div>\n<p>Ende der Corporate News<\/p>\n<hr>\n<p>11.06.2014 Ver\u00f6ffentlichung einer Corporate News\/Finanznachricht, \u00fcbermittelt durch die DGAP &#8211; ein Unternehmen der EQS Group AG. <br \/>F\u00fcr den Inhalt der Mitteilung ist der Emittent \/ Herausgeber verantwortlich.<\/p>\n<p>Die DGAP Distributionsservices umfassen gesetzliche Meldepflichten, Corporate News\/Finanznachrichten und Pressemitteilungen. <br \/>Medienarchiv unter http:\/\/www.dgap-medientreff.de und http:\/\/www.dgap.de<\/p>\n<hr>\n<p><\/td>\n<\/tr>\n<\/table>\n<table class=\"news_footer_layout\" cellspacing=\"0\" cellpadding=\"0\"> <!--width=600--><\/p>\n<tr>\n<td class=\"first_column\">Sprache:<\/td>\n<td>Deutsch<\/td>\n<\/tr>\n<tr>\n<td valign=\"top\">Unternehmen:<\/td>\n<td>ALLGEIER SE<\/td>\n<\/tr>\n<tr>\n<td valign=\"top\"><\/td>\n<td>Wehrlestra\u00dfe 12<\/td>\n<\/tr>\n<tr>\n<td valign=\"top\"><\/td>\n<td>81679 M\u00fcnchen<\/td>\n<\/tr>\n<tr>\n<td valign=\"top\"><\/td>\n<td>Deutschland<\/td>\n<\/tr>\n<tr>\n<td valign=\"top\">Telefon:<\/td>\n<td>+49 (0) 89 &#8211; 99 84 21 0<\/td>\n<\/tr>\n<tr>\n<td valign=\"top\">Fax:<\/td>\n<td>+49 (0) 89 &#8211; 99 84 21 11<\/td>\n<\/tr>\n<tr>\n<td valign=\"top\">E-Mail:<\/td>\n<td>info@allgeier.com<\/td>\n<\/tr>\n<tr>\n<td valign=\"top\">Internet:<\/td>\n<td>http:\/\/www.allgeier.com<\/td>\n<\/tr>\n<tr>\n<td valign=\"top\">ISIN:<\/td>\n<td>DE0005086300<\/td>\n<\/tr>\n<tr>\n<td valign=\"top\">WKN:<\/td>\n<td>508630<\/td>\n<\/tr>\n<tr>\n<td valign=\"top\">Indizes:<\/td>\n<td>CDAX<\/td>\n<\/tr>\n<tr>\n<td valign=\"top\">B\u00f6rsen:<\/td>\n<td>Regulierter Markt in Frankfurt (General Standard); Freiverkehr in Berlin, D\u00fcsseldorf, Hamburg, Stuttgart<\/td>\n<\/tr>\n<tr>\n<td><\/td>\n<td valign=\"top\" colspan=\"2\"><\/td>\n<\/tr>\n<\/table>\n<table class=\"news_layout news_layout_footer_end\" border=\"0\" cellpadding=\"0\" cellspacing=\"0\" width=\"100%\">\n<tr>\n<td colspan=\"2\"><\/td>\n<\/tr>\n<tr>\n<td class=\"column_1\">Ende der Mitteilung<\/td>\n<td class=\"column_2\">DGAP News-Service<\/td>\n<\/tr>\n<\/table>\n<table class=\"news_layout\" border=\"0\" cellpadding=\"0\" cellspacing=\"0\" width=\"100%\">\n<tr>\n<td>\n<hr>\n<\/td>\n<\/tr>\n<tr>\n<td align=\"left\">273049&nbsp;&nbsp;11.06.2014<\/td>\n<\/tr>\n<\/table>\n","protected":false},"excerpt":{"rendered":"<p>ALLGEIER SE \/ Schlagwort(e): Firmen\u00fcbernahme 11.06.2014 \/ 10:05 Allgeier SE: Allgeier st\u00e4rkt die Position im Healthcare-Markt: Software- und Beratungsspezialist eHealthOpen wird Teil der Gruppe Gemeinsam mit Allgeier Tochter Gemed entsteht Allgeier Medical IT M\u00fcnchen, 11. Juni 2014 &#8211; Allgeier SE (ISIN DE0005086300, WKN 508630) baut den Healthcare-Bereich weiter aus und erweitert das Portfolio rund um &hellip; <\/p>\n","protected":false},"author":1,"featured_media":0,"parent":1171,"menu_order":0,"comment_status":"closed","ping_status":"closed","template":"","meta":{"_acf_changed":false,"footnotes":""},"categories":[7],"tags":[],"class_list":["post-3396","page","type-page","status-publish","hentry","category-pressemitteilungen"],"acf":[],"yoast_head":"<!-- This site is optimized with the Yoast SEO plugin v27.3 - https:\/\/yoast.com\/product\/yoast-seo-wordpress\/ -->\n<title>es-11062014.0805 - Allgeier SE<\/title>\n<meta name=\"robots\" content=\"index, follow, max-snippet:-1, max-image-preview:large, max-video-preview:-1\" \/>\n<link rel=\"canonical\" href=\"https:\/\/www.allgeier.com\/de\/pressroom\/news\/es-11062014-0805\/\" \/>\n<meta property=\"og:locale\" content=\"de_DE\" \/>\n<meta property=\"og:type\" content=\"article\" \/>\n<meta property=\"og:title\" content=\"es-11062014.0805 - Allgeier SE\" \/>\n<meta property=\"og:description\" content=\"ALLGEIER SE \/ Schlagwort(e): Firmen\u00fcbernahme 11.06.2014 \/ 10:05 Allgeier SE: Allgeier st\u00e4rkt die Position im Healthcare-Markt: Software- und Beratungsspezialist eHealthOpen wird Teil der Gruppe Gemeinsam mit Allgeier Tochter Gemed entsteht Allgeier Medical IT M\u00fcnchen, 11. Juni 2014 &#8211; Allgeier SE (ISIN DE0005086300, WKN 508630) baut den Healthcare-Bereich weiter aus und erweitert das Portfolio rund um &hellip;\" \/>\n<meta property=\"og:url\" content=\"https:\/\/www.allgeier.com\/de\/pressroom\/news\/es-11062014-0805\/\" \/>\n<meta property=\"og:site_name\" content=\"Allgeier SE\" \/>\n<meta property=\"article:modified_time\" content=\"2025-02-05T19:16:30+00:00\" \/>\n<meta name=\"twitter:card\" content=\"summary_large_image\" \/>\n<meta name=\"twitter:label1\" content=\"Gesch\u00e4tzte Lesezeit\" \/>\n\t<meta name=\"twitter:data1\" content=\"5\u00a0Minuten\" \/>\n<script type=\"application\/ld+json\" class=\"yoast-schema-graph\">{\"@context\":\"https:\\\/\\\/schema.org\",\"@graph\":[{\"@type\":\"WebPage\",\"@id\":\"https:\\\/\\\/www.allgeier.com\\\/de\\\/pressroom\\\/news\\\/es-11062014-0805\\\/\",\"url\":\"https:\\\/\\\/www.allgeier.com\\\/de\\\/pressroom\\\/news\\\/es-11062014-0805\\\/\",\"name\":\"es-11062014.0805 - Allgeier SE\",\"isPartOf\":{\"@id\":\"https:\\\/\\\/www.allgeier.com\\\/de\\\/#website\"},\"datePublished\":\"2014-06-11T08:05:35+00:00\",\"dateModified\":\"2025-02-05T19:16:30+00:00\",\"breadcrumb\":{\"@id\":\"https:\\\/\\\/www.allgeier.com\\\/de\\\/pressroom\\\/news\\\/es-11062014-0805\\\/#breadcrumb\"},\"inLanguage\":\"de\",\"potentialAction\":[{\"@type\":\"ReadAction\",\"target\":[\"https:\\\/\\\/www.allgeier.com\\\/de\\\/pressroom\\\/news\\\/es-11062014-0805\\\/\"]}]},{\"@type\":\"BreadcrumbList\",\"@id\":\"https:\\\/\\\/www.allgeier.com\\\/de\\\/pressroom\\\/news\\\/es-11062014-0805\\\/#breadcrumb\",\"itemListElement\":[{\"@type\":\"ListItem\",\"position\":1,\"name\":\"Home\",\"item\":\"https:\\\/\\\/www.allgeier.com\\\/de\\\/\"},{\"@type\":\"ListItem\",\"position\":2,\"name\":\"Presse\",\"item\":\"https:\\\/\\\/www.allgeier.com\\\/de\\\/pressroom\\\/\"},{\"@type\":\"ListItem\",\"position\":3,\"name\":\"News\",\"item\":\"https:\\\/\\\/www.allgeier.com\\\/de\\\/pressroom\\\/news\\\/\"},{\"@type\":\"ListItem\",\"position\":4,\"name\":\"es-11062014.0805\"}]},{\"@type\":\"WebSite\",\"@id\":\"https:\\\/\\\/www.allgeier.com\\\/de\\\/#website\",\"url\":\"https:\\\/\\\/www.allgeier.com\\\/de\\\/\",\"name\":\"Allgeier SE\",\"description\":\"Software &amp; IT Services for digital transformation\",\"potentialAction\":[{\"@type\":\"SearchAction\",\"target\":{\"@type\":\"EntryPoint\",\"urlTemplate\":\"https:\\\/\\\/www.allgeier.com\\\/de\\\/?s={search_term_string}\"},\"query-input\":{\"@type\":\"PropertyValueSpecification\",\"valueRequired\":true,\"valueName\":\"search_term_string\"}}],\"inLanguage\":\"de\"}]}<\/script>\n<!-- \/ Yoast SEO plugin. -->","yoast_head_json":{"title":"es-11062014.0805 - Allgeier SE","robots":{"index":"index","follow":"follow","max-snippet":"max-snippet:-1","max-image-preview":"max-image-preview:large","max-video-preview":"max-video-preview:-1"},"canonical":"https:\/\/www.allgeier.com\/de\/pressroom\/news\/es-11062014-0805\/","og_locale":"de_DE","og_type":"article","og_title":"es-11062014.0805 - Allgeier SE","og_description":"ALLGEIER SE \/ Schlagwort(e): Firmen\u00fcbernahme 11.06.2014 \/ 10:05 Allgeier SE: Allgeier st\u00e4rkt die Position im Healthcare-Markt: Software- und Beratungsspezialist eHealthOpen wird Teil der Gruppe Gemeinsam mit Allgeier Tochter Gemed entsteht Allgeier Medical IT M\u00fcnchen, 11. Juni 2014 &#8211; Allgeier SE (ISIN DE0005086300, WKN 508630) baut den Healthcare-Bereich weiter aus und erweitert das Portfolio rund um &hellip;","og_url":"https:\/\/www.allgeier.com\/de\/pressroom\/news\/es-11062014-0805\/","og_site_name":"Allgeier SE","article_modified_time":"2025-02-05T19:16:30+00:00","twitter_card":"summary_large_image","twitter_misc":{"Gesch\u00e4tzte Lesezeit":"5\u00a0Minuten"},"schema":{"@context":"https:\/\/schema.org","@graph":[{"@type":"WebPage","@id":"https:\/\/www.allgeier.com\/de\/pressroom\/news\/es-11062014-0805\/","url":"https:\/\/www.allgeier.com\/de\/pressroom\/news\/es-11062014-0805\/","name":"es-11062014.0805 - Allgeier SE","isPartOf":{"@id":"https:\/\/www.allgeier.com\/de\/#website"},"datePublished":"2014-06-11T08:05:35+00:00","dateModified":"2025-02-05T19:16:30+00:00","breadcrumb":{"@id":"https:\/\/www.allgeier.com\/de\/pressroom\/news\/es-11062014-0805\/#breadcrumb"},"inLanguage":"de","potentialAction":[{"@type":"ReadAction","target":["https:\/\/www.allgeier.com\/de\/pressroom\/news\/es-11062014-0805\/"]}]},{"@type":"BreadcrumbList","@id":"https:\/\/www.allgeier.com\/de\/pressroom\/news\/es-11062014-0805\/#breadcrumb","itemListElement":[{"@type":"ListItem","position":1,"name":"Home","item":"https:\/\/www.allgeier.com\/de\/"},{"@type":"ListItem","position":2,"name":"Presse","item":"https:\/\/www.allgeier.com\/de\/pressroom\/"},{"@type":"ListItem","position":3,"name":"News","item":"https:\/\/www.allgeier.com\/de\/pressroom\/news\/"},{"@type":"ListItem","position":4,"name":"es-11062014.0805"}]},{"@type":"WebSite","@id":"https:\/\/www.allgeier.com\/de\/#website","url":"https:\/\/www.allgeier.com\/de\/","name":"Allgeier SE","description":"Software &amp; IT Services for digital transformation","potentialAction":[{"@type":"SearchAction","target":{"@type":"EntryPoint","urlTemplate":"https:\/\/www.allgeier.com\/de\/?s={search_term_string}"},"query-input":{"@type":"PropertyValueSpecification","valueRequired":true,"valueName":"search_term_string"}}],"inLanguage":"de"}]}},"_links":{"self":[{"href":"https:\/\/www.allgeier.com\/de\/wp-json\/wp\/v2\/pages\/3396","targetHints":{"allow":["GET"]}}],"collection":[{"href":"https:\/\/www.allgeier.com\/de\/wp-json\/wp\/v2\/pages"}],"about":[{"href":"https:\/\/www.allgeier.com\/de\/wp-json\/wp\/v2\/types\/page"}],"author":[{"embeddable":true,"href":"https:\/\/www.allgeier.com\/de\/wp-json\/wp\/v2\/users\/1"}],"replies":[{"embeddable":true,"href":"https:\/\/www.allgeier.com\/de\/wp-json\/wp\/v2\/comments?post=3396"}],"version-history":[{"count":0,"href":"https:\/\/www.allgeier.com\/de\/wp-json\/wp\/v2\/pages\/3396\/revisions"}],"up":[{"embeddable":true,"href":"https:\/\/www.allgeier.com\/de\/wp-json\/wp\/v2\/pages\/1171"}],"wp:attachment":[{"href":"https:\/\/www.allgeier.com\/de\/wp-json\/wp\/v2\/media?parent=3396"}],"wp:term":[{"taxonomy":"category","embeddable":true,"href":"https:\/\/www.allgeier.com\/de\/wp-json\/wp\/v2\/categories?post=3396"},{"taxonomy":"post_tag","embeddable":true,"href":"https:\/\/www.allgeier.com\/de\/wp-json\/wp\/v2\/tags?post=3396"}],"curies":[{"name":"wp","href":"https:\/\/api.w.org\/{rel}","templated":true}]}}