{"id":3464,"date":"2022-05-11T09:08:11","date_gmt":"2022-05-11T09:08:11","guid":{"rendered":"https:\/\/www.allgeier.com\/de\/?page_id=3464"},"modified":"2025-02-04T18:43:28","modified_gmt":"2025-02-04T18:43:28","slug":"100-millionen-umsatzschwelle-geknackt-mgm-technology-partners-schafft-grossen-meilenstein","status":"publish","type":"page","link":"https:\/\/www.allgeier.com\/de\/pressroom\/press-releases\/100-millionen-umsatzschwelle-geknackt-mgm-technology-partners-schafft-grossen-meilenstein\/","title":{"rendered":"100-Millionen-Umsatzschwelle geknackt: mgm technology partners schafft gro\u00dfen Meilenstein"},"content":{"rendered":"<ul>\n<li>Nach 28 Jahren im Schnitt konstanter Entwicklung setzt mgm technology partners im Gesch\u00e4ftsjahr 2021 erstmals mehr als 100 Mio. Euro nach HGB um<\/li>\n<li>Ein Wachstumstreiber ist die Low-Code-Plattform A12<\/li>\n<li>\u00dcber 870 festangestellte Mitarbeiterinnen und Mitarbeiter waren im Jahresdurchschnitt f\u00fcr mgm t\u00e4tig<\/li>\n<\/ul>\n<p><em>M\u00fcnchen, 11.05.2022 \u2013\u00a0<\/em>Gro\u00dfe Freude bei mgm: Das Technologie-Unternehmen mgm technology partners (mgm) hat erstmals mehr als 100 Mio. Euro Umsatz erzielt (nach HGB). F\u00fcr das Gesch\u00e4ftsjahr 2021 stehen 103,2 Mio. Euro auf der Umsatzseite, das entspricht einem Zuwachs von 21,1 Prozent. Das EBIT lag bei 17,9 Mio. Euro. Wachstum gab es auch bei der Zahl der Mitarbeitenden: Im Jahresdurchschnitt waren \u00fcber 870 festangestellte Kolleginnen und Kollegen f\u00fcr die Unternehmen der mgm-Gruppe t\u00e4tig (Vorjahr: 763). mgm technology partners ist ein Segment der b\u00f6rsennotierten Allgeier SE (ISIN DE000A2GS633, WKN A2GS63). Die nach IFRS berechneten Zahlen hat die Allgeier SE am 29. April 2022 im <a href=\"https:\/\/www.allgeier.com\/de\/investor-relations\/reports\">Konzern-Gesch\u00e4ftsbericht 2021<\/a> ver\u00f6ffentlicht.<\/p>\n<p>Damit blickt das mgm-Management abermals auf ein sehr erfolgreiches Wachstumsjahr des 1994 gegr\u00fcndeten Unternehmens zur\u00fcck. \u201eF\u00fcr uns geht ein langersehnter Traum in Erf\u00fcllung. Denn damit haben wir einen wichtigen Meilenstein in unserer Entwicklung erreicht, der uns sehr stolz macht. Mit dieser Dynamik wollen wir auch k\u00fcnftig weiter deutlich wachsen\u201c, so Hamarz\u00a0Mehmanesh, CEO von mgm.<\/p>\n<p><strong>Basis 2021: Industrielle Software-Produktion mit der Low-Code-Plattform A12 <\/strong><\/p>\n<p>Die positiven Gesch\u00e4ftszahlen f\u00fcr 2021 basieren auf verschiedenen Faktoren. Dabei zahlen sich zunehmend die langj\u00e4hrigen Investitionen in die Steigerung der Effizienz bei der Umsetzung von Enterprise-Gesch\u00e4ftsanwendungen aus: Der Umsatzanteil der Projekte, bei denen in gro\u00dfen Teilen die skalierbare A12-Technologie zum Einsatz kommt, nimmt konstant zu und liegt aktuell bei knapp 60 Prozent. Dr. Steffen Weber, Mitglied der Gesch\u00e4ftsleitung: \u201eUnsere Ausrichtung auf modernste Plattformtechnologien und die starke Nachfrage nach unseren Digitalisierungsleistungen soll unser Wachstum beschleunigen. Beispielsweise das gro\u00dfe Interesse von Cloud-Anbietern an der A12-Plattform wird in Zukunft zu einem weiteren Umsatzschub f\u00fchren.\u201c Inzwischen profitieren alle drei mgm-Kernbranchen Commerce\/Retail, Insurance und Public Sector von dem Plattform-Angebot.<\/p>\n<p><strong>\u00dcber mgm<\/strong><\/p>\n<p>mgm technology partners entwickelt Enterprise-Applikationen, haupts\u00e4chlich f\u00fcr die Branchen Commerce, Insurance und Public Sector. Basis ist dabei der Ansatz der Digitalen Souver\u00e4nit\u00e4t, durch die Organisationen die Hoheit und das Wissen \u00fcber die eigenen IT-Systeme behalten. Hauptsitz des 1994 gegr\u00fcndeten Technologieunternehmens ist M\u00fcnchen. Hinzu kommen mittlerweile B\u00fcros in 17 St\u00e4dten im In- und Ausland, darunter in den Metropolen Berlin, Hamburg, K\u00f6ln, Prag und \u0110\u00e0 N\u1eb5ng (Vietnam) sowie Alexandria nahe Washington D.C. (USA). Insgesamt sind \u00fcber 850 Mitarbeiterinnen und Mitarbeiter in sieben L\u00e4ndern f\u00fcr mgm t\u00e4tig. Seit 2006 ist mgm ein Segment der Allgeier SE in M\u00fcnchen. An der Spitze steht mit Hamarz Mehmanesh einer der Gr\u00fcnder und Teilhaber. Zusammen mit den spezialisierten Tochterfirmen mgm consulting partners (Managementberatung f\u00fcr CIO Advisory, Organisationsentwicklung und Change-Management), mgm security partners (Web Application Security) und mgm integration partners (SAP-Prozessoptimierung) deckt mgm eine gro\u00dfe Bandbreite der Digitalisierungsthemen ab.<\/p>\n<p><a href=\"http:\/\/www.mgm-tp.com\" target=\"_blank\" rel=\"noopener\">www.mgm-tp.com<\/a><\/p>\n","protected":false},"excerpt":{"rendered":"<p>Nach 28 Jahren im Schnitt konstanter Entwicklung setzt mgm technology partners im Gesch\u00e4ftsjahr 2021 erstmals mehr als 100 Mio. Euro nach HGB um Ein Wachstumstreiber ist die Low-Code-Plattform A12 \u00dcber 870 festangestellte Mitarbeiterinnen und Mitarbeiter waren im Jahresdurchschnitt f\u00fcr mgm t\u00e4tig M\u00fcnchen, 11.05.2022 \u2013\u00a0Gro\u00dfe Freude bei mgm: Das Technologie-Unternehmen mgm technology partners (mgm) hat erstmals &hellip; <\/p>\n","protected":false},"author":4,"featured_media":0,"parent":1169,"menu_order":0,"comment_status":"closed","ping_status":"closed","template":"","meta":{"_acf_changed":false,"footnotes":""},"categories":[7],"tags":[],"class_list":["post-3464","page","type-page","status-publish","hentry","category-pressemitteilungen"],"acf":[],"yoast_head":"<!-- This site is optimized with the Yoast SEO plugin v27.4 - https:\/\/yoast.com\/product\/yoast-seo-wordpress\/ -->\n<title>100-Millionen-Umsatzschwelle geknackt: mgm technology partners schafft gro\u00dfen Meilenstein - Allgeier SE<\/title>\n<meta name=\"robots\" content=\"index, follow, max-snippet:-1, max-image-preview:large, max-video-preview:-1\" \/>\n<link rel=\"canonical\" href=\"https:\/\/www.allgeier.com\/de\/pressroom\/press-releases\/100-millionen-umsatzschwelle-geknackt-mgm-technology-partners-schafft-grossen-meilenstein\/\" \/>\n<meta property=\"og:locale\" content=\"de_DE\" \/>\n<meta property=\"og:type\" content=\"article\" \/>\n<meta property=\"og:title\" content=\"100-Millionen-Umsatzschwelle geknackt: mgm technology partners schafft gro\u00dfen Meilenstein - Allgeier SE\" \/>\n<meta property=\"og:description\" content=\"Nach 28 Jahren im Schnitt konstanter Entwicklung setzt mgm technology partners im Gesch\u00e4ftsjahr 2021 erstmals mehr als 100 Mio. Euro nach HGB um Ein Wachstumstreiber ist die Low-Code-Plattform A12 \u00dcber 870 festangestellte Mitarbeiterinnen und Mitarbeiter waren im Jahresdurchschnitt f\u00fcr mgm t\u00e4tig M\u00fcnchen, 11.05.2022 \u2013\u00a0Gro\u00dfe Freude bei mgm: Das Technologie-Unternehmen mgm technology partners (mgm) hat erstmals &hellip;\" \/>\n<meta property=\"og:url\" content=\"https:\/\/www.allgeier.com\/de\/pressroom\/press-releases\/100-millionen-umsatzschwelle-geknackt-mgm-technology-partners-schafft-grossen-meilenstein\/\" \/>\n<meta property=\"og:site_name\" content=\"Allgeier SE\" \/>\n<meta property=\"article:modified_time\" content=\"2025-02-04T18:43:28+00:00\" \/>\n<meta name=\"twitter:card\" content=\"summary_large_image\" \/>\n<meta name=\"twitter:label1\" content=\"Gesch\u00e4tzte Lesezeit\" \/>\n\t<meta name=\"twitter:data1\" content=\"2\u00a0Minuten\" \/>\n<script type=\"application\/ld+json\" class=\"yoast-schema-graph\">{\"@context\":\"https:\\\/\\\/schema.org\",\"@graph\":[{\"@type\":\"WebPage\",\"@id\":\"https:\\\/\\\/www.allgeier.com\\\/de\\\/pressroom\\\/press-releases\\\/100-millionen-umsatzschwelle-geknackt-mgm-technology-partners-schafft-grossen-meilenstein\\\/\",\"url\":\"https:\\\/\\\/www.allgeier.com\\\/de\\\/pressroom\\\/press-releases\\\/100-millionen-umsatzschwelle-geknackt-mgm-technology-partners-schafft-grossen-meilenstein\\\/\",\"name\":\"100-Millionen-Umsatzschwelle geknackt: mgm technology partners schafft gro\u00dfen Meilenstein - Allgeier SE\",\"isPartOf\":{\"@id\":\"https:\\\/\\\/www.allgeier.com\\\/de\\\/#website\"},\"datePublished\":\"2022-05-11T09:08:11+00:00\",\"dateModified\":\"2025-02-04T18:43:28+00:00\",\"breadcrumb\":{\"@id\":\"https:\\\/\\\/www.allgeier.com\\\/de\\\/pressroom\\\/press-releases\\\/100-millionen-umsatzschwelle-geknackt-mgm-technology-partners-schafft-grossen-meilenstein\\\/#breadcrumb\"},\"inLanguage\":\"de\",\"potentialAction\":[{\"@type\":\"ReadAction\",\"target\":[\"https:\\\/\\\/www.allgeier.com\\\/de\\\/pressroom\\\/press-releases\\\/100-millionen-umsatzschwelle-geknackt-mgm-technology-partners-schafft-grossen-meilenstein\\\/\"]}]},{\"@type\":\"BreadcrumbList\",\"@id\":\"https:\\\/\\\/www.allgeier.com\\\/de\\\/pressroom\\\/press-releases\\\/100-millionen-umsatzschwelle-geknackt-mgm-technology-partners-schafft-grossen-meilenstein\\\/#breadcrumb\",\"itemListElement\":[{\"@type\":\"ListItem\",\"position\":1,\"name\":\"Home\",\"item\":\"https:\\\/\\\/www.allgeier.com\\\/de\\\/\"},{\"@type\":\"ListItem\",\"position\":2,\"name\":\"Presse\",\"item\":\"https:\\\/\\\/www.allgeier.com\\\/de\\\/pressroom\\\/\"},{\"@type\":\"ListItem\",\"position\":3,\"name\":\"Pressemitteilungen\",\"item\":\"https:\\\/\\\/www.allgeier.com\\\/de\\\/pressroom\\\/press-releases\\\/\"},{\"@type\":\"ListItem\",\"position\":4,\"name\":\"100-Millionen-Umsatzschwelle geknackt: mgm technology partners schafft gro\u00dfen Meilenstein\"}]},{\"@type\":\"WebSite\",\"@id\":\"https:\\\/\\\/www.allgeier.com\\\/de\\\/#website\",\"url\":\"https:\\\/\\\/www.allgeier.com\\\/de\\\/\",\"name\":\"Allgeier SE\",\"description\":\"Software &amp; IT Services for digital transformation\",\"potentialAction\":[{\"@type\":\"SearchAction\",\"target\":{\"@type\":\"EntryPoint\",\"urlTemplate\":\"https:\\\/\\\/www.allgeier.com\\\/de\\\/?s={search_term_string}\"},\"query-input\":{\"@type\":\"PropertyValueSpecification\",\"valueRequired\":true,\"valueName\":\"search_term_string\"}}],\"inLanguage\":\"de\"}]}<\/script>\n<!-- \/ Yoast SEO plugin. -->","yoast_head_json":{"title":"100-Millionen-Umsatzschwelle geknackt: mgm technology partners schafft gro\u00dfen Meilenstein - Allgeier SE","robots":{"index":"index","follow":"follow","max-snippet":"max-snippet:-1","max-image-preview":"max-image-preview:large","max-video-preview":"max-video-preview:-1"},"canonical":"https:\/\/www.allgeier.com\/de\/pressroom\/press-releases\/100-millionen-umsatzschwelle-geknackt-mgm-technology-partners-schafft-grossen-meilenstein\/","og_locale":"de_DE","og_type":"article","og_title":"100-Millionen-Umsatzschwelle geknackt: mgm technology partners schafft gro\u00dfen Meilenstein - Allgeier SE","og_description":"Nach 28 Jahren im Schnitt konstanter Entwicklung setzt mgm technology partners im Gesch\u00e4ftsjahr 2021 erstmals mehr als 100 Mio. Euro nach HGB um Ein Wachstumstreiber ist die Low-Code-Plattform A12 \u00dcber 870 festangestellte Mitarbeiterinnen und Mitarbeiter waren im Jahresdurchschnitt f\u00fcr mgm t\u00e4tig M\u00fcnchen, 11.05.2022 \u2013\u00a0Gro\u00dfe Freude bei mgm: Das Technologie-Unternehmen mgm technology partners (mgm) hat erstmals &hellip;","og_url":"https:\/\/www.allgeier.com\/de\/pressroom\/press-releases\/100-millionen-umsatzschwelle-geknackt-mgm-technology-partners-schafft-grossen-meilenstein\/","og_site_name":"Allgeier SE","article_modified_time":"2025-02-04T18:43:28+00:00","twitter_card":"summary_large_image","twitter_misc":{"Gesch\u00e4tzte Lesezeit":"2\u00a0Minuten"},"schema":{"@context":"https:\/\/schema.org","@graph":[{"@type":"WebPage","@id":"https:\/\/www.allgeier.com\/de\/pressroom\/press-releases\/100-millionen-umsatzschwelle-geknackt-mgm-technology-partners-schafft-grossen-meilenstein\/","url":"https:\/\/www.allgeier.com\/de\/pressroom\/press-releases\/100-millionen-umsatzschwelle-geknackt-mgm-technology-partners-schafft-grossen-meilenstein\/","name":"100-Millionen-Umsatzschwelle geknackt: mgm technology partners schafft gro\u00dfen Meilenstein - Allgeier SE","isPartOf":{"@id":"https:\/\/www.allgeier.com\/de\/#website"},"datePublished":"2022-05-11T09:08:11+00:00","dateModified":"2025-02-04T18:43:28+00:00","breadcrumb":{"@id":"https:\/\/www.allgeier.com\/de\/pressroom\/press-releases\/100-millionen-umsatzschwelle-geknackt-mgm-technology-partners-schafft-grossen-meilenstein\/#breadcrumb"},"inLanguage":"de","potentialAction":[{"@type":"ReadAction","target":["https:\/\/www.allgeier.com\/de\/pressroom\/press-releases\/100-millionen-umsatzschwelle-geknackt-mgm-technology-partners-schafft-grossen-meilenstein\/"]}]},{"@type":"BreadcrumbList","@id":"https:\/\/www.allgeier.com\/de\/pressroom\/press-releases\/100-millionen-umsatzschwelle-geknackt-mgm-technology-partners-schafft-grossen-meilenstein\/#breadcrumb","itemListElement":[{"@type":"ListItem","position":1,"name":"Home","item":"https:\/\/www.allgeier.com\/de\/"},{"@type":"ListItem","position":2,"name":"Presse","item":"https:\/\/www.allgeier.com\/de\/pressroom\/"},{"@type":"ListItem","position":3,"name":"Pressemitteilungen","item":"https:\/\/www.allgeier.com\/de\/pressroom\/press-releases\/"},{"@type":"ListItem","position":4,"name":"100-Millionen-Umsatzschwelle geknackt: mgm technology partners schafft gro\u00dfen Meilenstein"}]},{"@type":"WebSite","@id":"https:\/\/www.allgeier.com\/de\/#website","url":"https:\/\/www.allgeier.com\/de\/","name":"Allgeier SE","description":"Software &amp; IT Services for digital transformation","potentialAction":[{"@type":"SearchAction","target":{"@type":"EntryPoint","urlTemplate":"https:\/\/www.allgeier.com\/de\/?s={search_term_string}"},"query-input":{"@type":"PropertyValueSpecification","valueRequired":true,"valueName":"search_term_string"}}],"inLanguage":"de"}]}},"_links":{"self":[{"href":"https:\/\/www.allgeier.com\/de\/wp-json\/wp\/v2\/pages\/3464","targetHints":{"allow":["GET"]}}],"collection":[{"href":"https:\/\/www.allgeier.com\/de\/wp-json\/wp\/v2\/pages"}],"about":[{"href":"https:\/\/www.allgeier.com\/de\/wp-json\/wp\/v2\/types\/page"}],"author":[{"embeddable":true,"href":"https:\/\/www.allgeier.com\/de\/wp-json\/wp\/v2\/users\/4"}],"replies":[{"embeddable":true,"href":"https:\/\/www.allgeier.com\/de\/wp-json\/wp\/v2\/comments?post=3464"}],"version-history":[{"count":2,"href":"https:\/\/www.allgeier.com\/de\/wp-json\/wp\/v2\/pages\/3464\/revisions"}],"predecessor-version":[{"id":6134,"href":"https:\/\/www.allgeier.com\/de\/wp-json\/wp\/v2\/pages\/3464\/revisions\/6134"}],"up":[{"embeddable":true,"href":"https:\/\/www.allgeier.com\/de\/wp-json\/wp\/v2\/pages\/1169"}],"wp:attachment":[{"href":"https:\/\/www.allgeier.com\/de\/wp-json\/wp\/v2\/media?parent=3464"}],"wp:term":[{"taxonomy":"category","embeddable":true,"href":"https:\/\/www.allgeier.com\/de\/wp-json\/wp\/v2\/categories?post=3464"},{"taxonomy":"post_tag","embeddable":true,"href":"https:\/\/www.allgeier.com\/de\/wp-json\/wp\/v2\/tags?post=3464"}],"curies":[{"name":"wp","href":"https:\/\/api.w.org\/{rel}","templated":true}]}}