{"id":3877,"date":"2011-04-14T09:03:43","date_gmt":"2011-04-14T09:03:43","guid":{"rendered":"https:\/\/www.allgeier.com\/de\/?page_id=3877"},"modified":"2023-01-22T16:13:33","modified_gmt":"2023-01-22T16:13:33","slug":"allgeier-holding-ag-veroeffentlichung-gemaess-%c2%a7-26-abs-1-wphg-mit-dem-ziel-der-europaweiten-verbreitung-4","status":"publish","type":"page","link":"https:\/\/www.allgeier.com\/de\/investor-relations\/voting-rights-notifications\/allgeier-holding-ag-veroeffentlichung-gemaess-%c2%a7-26-abs-1-wphg-mit-dem-ziel-der-europaweiten-verbreitung-4\/","title":{"rendered":"ALLGEIER HOLDING AG: Ver\u00f6ffentlichung gem\u00e4\u00df \u00a7 26 Abs. 1 WpHG mit dem Ziel der europaweiten Verbreitung"},"content":{"rendered":"<p><b>ALLGEIER HOLDING AG <\/b>14.04.2011 11:03Ver\u00f6ffentlichung einer Stimmrechtsmitteilung, \u00fcbermittelt durch die DGAP &#8211; ein Unternehmen der EquityStory AG.F\u00fcr den Inhalt der Mitteilung ist der Emittent verantwortlich.&#8212;&#8212;&#8212;&#8212;&#8212;&#8212;&#8212;&#8212;&#8212;&#8212;&#8212;&#8212;&#8212;&#8212;&#8212;&#8212;&#8212;&#8212;&#8212;&#8212;&#8212;&#8212;&#8212;&#8212;&#8212;Die Baden-W\u00fcrttembergische Versorgungsanstalt f\u00fcr \u00c4rzte, Zahn\u00e4rzte undTier\u00e4rzte, T\u00fcbingen, Deutschland hat uns gem\u00e4\u00df \u00a7 21 Abs. 1 WpHG am14.04.2011 mitgeteilt, dass ihr Stimmrechtsanteil an der ALLGEIER HOLDINGAG, M\u00fcnchen, Deutschland am 12.04.2011 die Schwelle von 3% der Stimmrechteunterschritten hat und an diesem Tag 2,76% (das entspricht 250000Stimmrechten) betragen hat.14.04.2011 Die DGAP Distributionsservices umfassen gesetzliche Meldepflichten, Corporate News\/Finanznachrichten und Pressemitteilungen. DGAP-Medienarchive unter www.dgap-medientreff.de und www.dgap.de&#8212;&#8212;&#8212;&#8212;&#8212;&#8212;&#8212;&#8212;&#8212;&#8212;&#8212;&#8212;&#8212;&#8212;&#8212;&#8212;&#8212;&#8212;&#8212;&#8212;&#8212;&#8212;&#8212;&#8212;&#8212; Sprache:      DeutschUnternehmen:  ALLGEIER HOLDING AG              Wehrlestra\u00dfe 12              81679 M\u00fcnchen              DeutschlandInternet:     http:\/\/www.allgeier.com Ende der Mitteilung                             DGAP News-Service &#8212;&#8212;&#8212;&#8212;&#8212;&#8212;&#8212;&#8212;&#8212;&#8212;&#8212;&#8212;&#8212;&#8212;&#8212;&#8212;&#8212;&#8212;&#8212;&#8212;&#8212;&#8212;&#8212;&#8212;&#8212;<\/p>\n","protected":false},"excerpt":{"rendered":"<p>Die Baden-W\u00fcrttembergische Versorgungsanstalt f\u00fcr \u00c4rzte, Zahn\u00e4rzte und Tier\u00e4rzte, T\u00fcbingen, Deutschland hat uns gem\u00e4\u00df \u00a7 21 Abs. 1 WpHG am 14.04.2011 mitgeteilt, dass ihr Stimmrechtsanteil an der ALLGEIER HOLDING AG, M\u00fcnchen, Deutschland am 12.04.2011 die Schwelle von 3% der Stimmrechte unterschritten<\/p>\n","protected":false},"author":4,"featured_media":0,"parent":1157,"menu_order":0,"comment_status":"close","ping_status":"closed","template":"","meta":{"_acf_changed":false,"footnotes":""},"categories":[],"tags":[],"class_list":["post-3877","page","type-page","status-publish","hentry"],"acf":[],"yoast_head":"<!-- This site is optimized with the Yoast SEO plugin v27.3 - https:\/\/yoast.com\/product\/yoast-seo-wordpress\/ -->\n<title>ALLGEIER HOLDING AG: Ver\u00f6ffentlichung gem\u00e4\u00df \u00a7 26 Abs. 1 WpHG mit dem Ziel der europaweiten Verbreitung - Allgeier SE<\/title>\n<meta name=\"robots\" content=\"index, follow, max-snippet:-1, max-image-preview:large, max-video-preview:-1\" \/>\n<link rel=\"canonical\" href=\"https:\/\/www.allgeier.com\/de\/investor-relations\/voting-rights-notifications\/allgeier-holding-ag-veroeffentlichung-gemaess-\u00a7-26-abs-1-wphg-mit-dem-ziel-der-europaweiten-verbreitung-4\/\" \/>\n<meta property=\"og:locale\" content=\"de_DE\" \/>\n<meta property=\"og:type\" content=\"article\" \/>\n<meta property=\"og:title\" content=\"ALLGEIER HOLDING AG: Ver\u00f6ffentlichung gem\u00e4\u00df \u00a7 26 Abs. 1 WpHG mit dem Ziel der europaweiten Verbreitung - Allgeier SE\" \/>\n<meta property=\"og:description\" content=\"Die Baden-W\u00fcrttembergische Versorgungsanstalt f\u00fcr \u00c4rzte, Zahn\u00e4rzte und Tier\u00e4rzte, T\u00fcbingen, Deutschland hat uns gem\u00e4\u00df \u00a7 21 Abs. 1 WpHG am 14.04.2011 mitgeteilt, dass ihr Stimmrechtsanteil an der ALLGEIER HOLDING AG, M\u00fcnchen, Deutschland am 12.04.2011 die Schwelle von 3% der Stimmrechte unterschritten\" \/>\n<meta property=\"og:url\" content=\"https:\/\/www.allgeier.com\/de\/investor-relations\/voting-rights-notifications\/allgeier-holding-ag-veroeffentlichung-gemaess-\u00a7-26-abs-1-wphg-mit-dem-ziel-der-europaweiten-verbreitung-4\/\" \/>\n<meta property=\"og:site_name\" content=\"Allgeier SE\" \/>\n<meta property=\"article:modified_time\" content=\"2023-01-22T16:13:33+00:00\" \/>\n<meta name=\"twitter:card\" content=\"summary_large_image\" \/>\n<meta name=\"twitter:label1\" content=\"Gesch\u00e4tzte Lesezeit\" \/>\n\t<meta name=\"twitter:data1\" content=\"1\u00a0Minute\" \/>\n<script type=\"application\/ld+json\" class=\"yoast-schema-graph\">{\"@context\":\"https:\\\/\\\/schema.org\",\"@graph\":[{\"@type\":\"WebPage\",\"@id\":\"https:\\\/\\\/www.allgeier.com\\\/de\\\/investor-relations\\\/voting-rights-notifications\\\/allgeier-holding-ag-veroeffentlichung-gemaess-%c2%a7-26-abs-1-wphg-mit-dem-ziel-der-europaweiten-verbreitung-4\\\/\",\"url\":\"https:\\\/\\\/www.allgeier.com\\\/de\\\/investor-relations\\\/voting-rights-notifications\\\/allgeier-holding-ag-veroeffentlichung-gemaess-%c2%a7-26-abs-1-wphg-mit-dem-ziel-der-europaweiten-verbreitung-4\\\/\",\"name\":\"ALLGEIER HOLDING AG: Ver\u00f6ffentlichung gem\u00e4\u00df \u00a7 26 Abs. 1 WpHG mit dem Ziel der europaweiten Verbreitung - Allgeier SE\",\"isPartOf\":{\"@id\":\"https:\\\/\\\/www.allgeier.com\\\/de\\\/#website\"},\"datePublished\":\"2011-04-14T09:03:43+00:00\",\"dateModified\":\"2023-01-22T16:13:33+00:00\",\"breadcrumb\":{\"@id\":\"https:\\\/\\\/www.allgeier.com\\\/de\\\/investor-relations\\\/voting-rights-notifications\\\/allgeier-holding-ag-veroeffentlichung-gemaess-%c2%a7-26-abs-1-wphg-mit-dem-ziel-der-europaweiten-verbreitung-4\\\/#breadcrumb\"},\"inLanguage\":\"de\",\"potentialAction\":[{\"@type\":\"ReadAction\",\"target\":[\"https:\\\/\\\/www.allgeier.com\\\/de\\\/investor-relations\\\/voting-rights-notifications\\\/allgeier-holding-ag-veroeffentlichung-gemaess-%c2%a7-26-abs-1-wphg-mit-dem-ziel-der-europaweiten-verbreitung-4\\\/\"]}]},{\"@type\":\"BreadcrumbList\",\"@id\":\"https:\\\/\\\/www.allgeier.com\\\/de\\\/investor-relations\\\/voting-rights-notifications\\\/allgeier-holding-ag-veroeffentlichung-gemaess-%c2%a7-26-abs-1-wphg-mit-dem-ziel-der-europaweiten-verbreitung-4\\\/#breadcrumb\",\"itemListElement\":[{\"@type\":\"ListItem\",\"position\":1,\"name\":\"Home\",\"item\":\"https:\\\/\\\/www.allgeier.com\\\/de\\\/\"},{\"@type\":\"ListItem\",\"position\":2,\"name\":\"Investor Relations\",\"item\":\"https:\\\/\\\/www.allgeier.com\\\/de\\\/investor-relations\\\/\"},{\"@type\":\"ListItem\",\"position\":3,\"name\":\"Stimmrechtsmitteilungen\",\"item\":\"https:\\\/\\\/www.allgeier.com\\\/de\\\/investor-relations\\\/voting-rights-notifications\\\/\"},{\"@type\":\"ListItem\",\"position\":4,\"name\":\"ALLGEIER HOLDING AG: Ver\u00f6ffentlichung gem\u00e4\u00df \u00a7 26 Abs. 1 WpHG mit dem Ziel der europaweiten Verbreitung\"}]},{\"@type\":\"WebSite\",\"@id\":\"https:\\\/\\\/www.allgeier.com\\\/de\\\/#website\",\"url\":\"https:\\\/\\\/www.allgeier.com\\\/de\\\/\",\"name\":\"Allgeier SE\",\"description\":\"Software &amp; IT Services for digital transformation\",\"potentialAction\":[{\"@type\":\"SearchAction\",\"target\":{\"@type\":\"EntryPoint\",\"urlTemplate\":\"https:\\\/\\\/www.allgeier.com\\\/de\\\/?s={search_term_string}\"},\"query-input\":{\"@type\":\"PropertyValueSpecification\",\"valueRequired\":true,\"valueName\":\"search_term_string\"}}],\"inLanguage\":\"de\"}]}<\/script>\n<!-- \/ Yoast SEO plugin. -->","yoast_head_json":{"title":"ALLGEIER HOLDING AG: Ver\u00f6ffentlichung gem\u00e4\u00df \u00a7 26 Abs. 1 WpHG mit dem Ziel der europaweiten Verbreitung - Allgeier SE","robots":{"index":"index","follow":"follow","max-snippet":"max-snippet:-1","max-image-preview":"max-image-preview:large","max-video-preview":"max-video-preview:-1"},"canonical":"https:\/\/www.allgeier.com\/de\/investor-relations\/voting-rights-notifications\/allgeier-holding-ag-veroeffentlichung-gemaess-\u00a7-26-abs-1-wphg-mit-dem-ziel-der-europaweiten-verbreitung-4\/","og_locale":"de_DE","og_type":"article","og_title":"ALLGEIER HOLDING AG: Ver\u00f6ffentlichung gem\u00e4\u00df \u00a7 26 Abs. 1 WpHG mit dem Ziel der europaweiten Verbreitung - Allgeier SE","og_description":"Die Baden-W\u00fcrttembergische Versorgungsanstalt f\u00fcr \u00c4rzte, Zahn\u00e4rzte und Tier\u00e4rzte, T\u00fcbingen, Deutschland hat uns gem\u00e4\u00df \u00a7 21 Abs. 1 WpHG am 14.04.2011 mitgeteilt, dass ihr Stimmrechtsanteil an der ALLGEIER HOLDING AG, M\u00fcnchen, Deutschland am 12.04.2011 die Schwelle von 3% der Stimmrechte unterschritten","og_url":"https:\/\/www.allgeier.com\/de\/investor-relations\/voting-rights-notifications\/allgeier-holding-ag-veroeffentlichung-gemaess-\u00a7-26-abs-1-wphg-mit-dem-ziel-der-europaweiten-verbreitung-4\/","og_site_name":"Allgeier SE","article_modified_time":"2023-01-22T16:13:33+00:00","twitter_card":"summary_large_image","twitter_misc":{"Gesch\u00e4tzte Lesezeit":"1\u00a0Minute"},"schema":{"@context":"https:\/\/schema.org","@graph":[{"@type":"WebPage","@id":"https:\/\/www.allgeier.com\/de\/investor-relations\/voting-rights-notifications\/allgeier-holding-ag-veroeffentlichung-gemaess-%c2%a7-26-abs-1-wphg-mit-dem-ziel-der-europaweiten-verbreitung-4\/","url":"https:\/\/www.allgeier.com\/de\/investor-relations\/voting-rights-notifications\/allgeier-holding-ag-veroeffentlichung-gemaess-%c2%a7-26-abs-1-wphg-mit-dem-ziel-der-europaweiten-verbreitung-4\/","name":"ALLGEIER HOLDING AG: Ver\u00f6ffentlichung gem\u00e4\u00df \u00a7 26 Abs. 1 WpHG mit dem Ziel der europaweiten Verbreitung - Allgeier SE","isPartOf":{"@id":"https:\/\/www.allgeier.com\/de\/#website"},"datePublished":"2011-04-14T09:03:43+00:00","dateModified":"2023-01-22T16:13:33+00:00","breadcrumb":{"@id":"https:\/\/www.allgeier.com\/de\/investor-relations\/voting-rights-notifications\/allgeier-holding-ag-veroeffentlichung-gemaess-%c2%a7-26-abs-1-wphg-mit-dem-ziel-der-europaweiten-verbreitung-4\/#breadcrumb"},"inLanguage":"de","potentialAction":[{"@type":"ReadAction","target":["https:\/\/www.allgeier.com\/de\/investor-relations\/voting-rights-notifications\/allgeier-holding-ag-veroeffentlichung-gemaess-%c2%a7-26-abs-1-wphg-mit-dem-ziel-der-europaweiten-verbreitung-4\/"]}]},{"@type":"BreadcrumbList","@id":"https:\/\/www.allgeier.com\/de\/investor-relations\/voting-rights-notifications\/allgeier-holding-ag-veroeffentlichung-gemaess-%c2%a7-26-abs-1-wphg-mit-dem-ziel-der-europaweiten-verbreitung-4\/#breadcrumb","itemListElement":[{"@type":"ListItem","position":1,"name":"Home","item":"https:\/\/www.allgeier.com\/de\/"},{"@type":"ListItem","position":2,"name":"Investor Relations","item":"https:\/\/www.allgeier.com\/de\/investor-relations\/"},{"@type":"ListItem","position":3,"name":"Stimmrechtsmitteilungen","item":"https:\/\/www.allgeier.com\/de\/investor-relations\/voting-rights-notifications\/"},{"@type":"ListItem","position":4,"name":"ALLGEIER HOLDING AG: Ver\u00f6ffentlichung gem\u00e4\u00df \u00a7 26 Abs. 1 WpHG mit dem Ziel der europaweiten Verbreitung"}]},{"@type":"WebSite","@id":"https:\/\/www.allgeier.com\/de\/#website","url":"https:\/\/www.allgeier.com\/de\/","name":"Allgeier SE","description":"Software &amp; IT Services for digital transformation","potentialAction":[{"@type":"SearchAction","target":{"@type":"EntryPoint","urlTemplate":"https:\/\/www.allgeier.com\/de\/?s={search_term_string}"},"query-input":{"@type":"PropertyValueSpecification","valueRequired":true,"valueName":"search_term_string"}}],"inLanguage":"de"}]}},"_links":{"self":[{"href":"https:\/\/www.allgeier.com\/de\/wp-json\/wp\/v2\/pages\/3877","targetHints":{"allow":["GET"]}}],"collection":[{"href":"https:\/\/www.allgeier.com\/de\/wp-json\/wp\/v2\/pages"}],"about":[{"href":"https:\/\/www.allgeier.com\/de\/wp-json\/wp\/v2\/types\/page"}],"author":[{"embeddable":true,"href":"https:\/\/www.allgeier.com\/de\/wp-json\/wp\/v2\/users\/4"}],"replies":[{"embeddable":true,"href":"https:\/\/www.allgeier.com\/de\/wp-json\/wp\/v2\/comments?post=3877"}],"version-history":[{"count":1,"href":"https:\/\/www.allgeier.com\/de\/wp-json\/wp\/v2\/pages\/3877\/revisions"}],"predecessor-version":[{"id":3878,"href":"https:\/\/www.allgeier.com\/de\/wp-json\/wp\/v2\/pages\/3877\/revisions\/3878"}],"up":[{"embeddable":true,"href":"https:\/\/www.allgeier.com\/de\/wp-json\/wp\/v2\/pages\/1157"}],"wp:attachment":[{"href":"https:\/\/www.allgeier.com\/de\/wp-json\/wp\/v2\/media?parent=3877"}],"wp:term":[{"taxonomy":"category","embeddable":true,"href":"https:\/\/www.allgeier.com\/de\/wp-json\/wp\/v2\/categories?post=3877"},{"taxonomy":"post_tag","embeddable":true,"href":"https:\/\/www.allgeier.com\/de\/wp-json\/wp\/v2\/tags?post=3877"}],"curies":[{"name":"wp","href":"https:\/\/api.w.org\/{rel}","templated":true}]}}