{"id":3895,"date":"2007-08-06T14:39:17","date_gmt":"2007-08-06T14:39:17","guid":{"rendered":"https:\/\/www.allgeier.com\/de\/?page_id=3895"},"modified":"2023-01-22T16:13:34","modified_gmt":"2023-01-22T16:13:34","slug":"allgeier-holding-ag-veroeffentlichung-gemaess-%c2%a7-26-abs-1-wphg-mit-dem-ziel-der-europaweiten-verbreitung-13","status":"publish","type":"page","link":"https:\/\/www.allgeier.com\/de\/investor-relations\/voting-rights-notifications\/allgeier-holding-ag-veroeffentlichung-gemaess-%c2%a7-26-abs-1-wphg-mit-dem-ziel-der-europaweiten-verbreitung-13\/","title":{"rendered":"ALLGEIER HOLDING AG: Ver\u00f6ffentlichung gem\u00e4\u00df \u00a7 26 Abs. 1 WpHG mit dem Ziel der europaweiten Verbreitung"},"content":{"rendered":"<p><b>Allgeier Holding AG \/ Ver\u00f6ffentlichung einer Mitteilung nach \u00a7 21 Abs. 1 WpHG (Aktie)<\/b>Ver\u00f6ffentlichung einer Stimmrechtsmitteilung, \u00fcbermittelt durch die DGAP -ein Unternehmen der EquityStory AG.F\u00fcr den Inhalt der Mitteilung ist der Emittent verantwortlich.&#8212;&#8212;&#8212;&#8212;&#8212;&#8212;&#8212;&#8212;&#8212;&#8212;&#8212;&#8212;&#8212;&#8212;&#8212;&#8212;&#8212;&#8212;&#8212;&#8212;&#8212;&#8212;&#8212;&#8212;&#8212;Die FPM Funds SICAV 2 Boulevard Konrad Adenauer, L-1115 Luxembourg,Luxembourg hat uns gem\u00e4\u00df \u00a7 21 Abs. 1 WpHG am 03.08.2007  mitgeteilt, dassihr Stimmrechtsanteil an der Allgeier Holding AG, M\u00fcnchen, Deutschland,ISIN: DE0005086300, WKN: 508630 am 31.07.2007  durch Aktien die Schwellevon 3% der Stimmrechte \u00fcberschritten hat und nunmehr 3,49% (das entspricht158420 Stimmrechten) betr\u00e4gt.DGAP 06.08.2007 &#8212;&#8212;&#8212;&#8212;&#8212;&#8212;&#8212;&#8212;&#8212;&#8212;&#8212;&#8212;&#8212;&#8212;&#8212;&#8212;&#8212;&#8212;&#8212;&#8212;&#8212;&#8212;&#8212;&#8212;&#8212; Sprache:      DeutschEmittent:     Allgeier Holding AG              Wehrlestrasse 12              81679 M\u00fcnchen              DeutschlandInternet:     www.allgeier-holding.com Ende der Mitteilung                             DGAP News-Service &#8212;&#8212;&#8212;&#8212;&#8212;&#8212;&#8212;&#8212;&#8212;&#8212;&#8212;&#8212;&#8212;&#8212;&#8212;&#8212;&#8212;&#8212;&#8212;&#8212;&#8212;&#8212;&#8212;&#8212;&#8212;<\/p>\n","protected":false},"excerpt":{"rendered":"<p>Die FPM Funds SICAV 2 Boulevard Konrad Adenauer, L-1115 Luxembourg, Luxembourg hat uns gem\u00e4\u00df \u00a7 21 Abs. 1 WpHG am 03.08.2007 mitgeteilt, dass ihr Stimmrechtsanteil an der Allgeier Holding AG, M\u00fcnchen, Deutschland, ISIN: DE0005086300, WKN: 508630 am 31.07.2007 durch Aktien die Schwelle von 3% der Stimmrechte<\/p>\n","protected":false},"author":4,"featured_media":0,"parent":1157,"menu_order":0,"comment_status":"close","ping_status":"closed","template":"","meta":{"_acf_changed":false,"footnotes":""},"categories":[],"tags":[],"class_list":["post-3895","page","type-page","status-publish","hentry"],"acf":[],"yoast_head":"<!-- This site is optimized with the Yoast SEO plugin v27.3 - https:\/\/yoast.com\/product\/yoast-seo-wordpress\/ -->\n<title>ALLGEIER HOLDING AG: Ver\u00f6ffentlichung gem\u00e4\u00df \u00a7 26 Abs. 1 WpHG mit dem Ziel der europaweiten Verbreitung - Allgeier SE<\/title>\n<meta name=\"robots\" content=\"index, follow, max-snippet:-1, max-image-preview:large, max-video-preview:-1\" \/>\n<link rel=\"canonical\" href=\"https:\/\/www.allgeier.com\/de\/investor-relations\/voting-rights-notifications\/allgeier-holding-ag-veroeffentlichung-gemaess-\u00a7-26-abs-1-wphg-mit-dem-ziel-der-europaweiten-verbreitung-13\/\" \/>\n<meta property=\"og:locale\" content=\"de_DE\" \/>\n<meta property=\"og:type\" content=\"article\" \/>\n<meta property=\"og:title\" content=\"ALLGEIER HOLDING AG: Ver\u00f6ffentlichung gem\u00e4\u00df \u00a7 26 Abs. 1 WpHG mit dem Ziel der europaweiten Verbreitung - Allgeier SE\" \/>\n<meta property=\"og:description\" content=\"Die FPM Funds SICAV 2 Boulevard Konrad Adenauer, L-1115 Luxembourg, Luxembourg hat uns gem\u00e4\u00df \u00a7 21 Abs. 1 WpHG am 03.08.2007 mitgeteilt, dass ihr Stimmrechtsanteil an der Allgeier Holding AG, M\u00fcnchen, Deutschland, ISIN: DE0005086300, WKN: 508630 am 31.07.2007 durch Aktien die Schwelle von 3% der Stimmrechte\" \/>\n<meta property=\"og:url\" content=\"https:\/\/www.allgeier.com\/de\/investor-relations\/voting-rights-notifications\/allgeier-holding-ag-veroeffentlichung-gemaess-\u00a7-26-abs-1-wphg-mit-dem-ziel-der-europaweiten-verbreitung-13\/\" \/>\n<meta property=\"og:site_name\" content=\"Allgeier SE\" \/>\n<meta property=\"article:modified_time\" content=\"2023-01-22T16:13:34+00:00\" \/>\n<meta name=\"twitter:card\" content=\"summary_large_image\" \/>\n<meta name=\"twitter:label1\" content=\"Gesch\u00e4tzte Lesezeit\" \/>\n\t<meta name=\"twitter:data1\" content=\"1\u00a0Minute\" \/>\n<script type=\"application\/ld+json\" class=\"yoast-schema-graph\">{\"@context\":\"https:\\\/\\\/schema.org\",\"@graph\":[{\"@type\":\"WebPage\",\"@id\":\"https:\\\/\\\/www.allgeier.com\\\/de\\\/investor-relations\\\/voting-rights-notifications\\\/allgeier-holding-ag-veroeffentlichung-gemaess-%c2%a7-26-abs-1-wphg-mit-dem-ziel-der-europaweiten-verbreitung-13\\\/\",\"url\":\"https:\\\/\\\/www.allgeier.com\\\/de\\\/investor-relations\\\/voting-rights-notifications\\\/allgeier-holding-ag-veroeffentlichung-gemaess-%c2%a7-26-abs-1-wphg-mit-dem-ziel-der-europaweiten-verbreitung-13\\\/\",\"name\":\"ALLGEIER HOLDING AG: Ver\u00f6ffentlichung gem\u00e4\u00df \u00a7 26 Abs. 1 WpHG mit dem Ziel der europaweiten Verbreitung - Allgeier SE\",\"isPartOf\":{\"@id\":\"https:\\\/\\\/www.allgeier.com\\\/de\\\/#website\"},\"datePublished\":\"2007-08-06T14:39:17+00:00\",\"dateModified\":\"2023-01-22T16:13:34+00:00\",\"breadcrumb\":{\"@id\":\"https:\\\/\\\/www.allgeier.com\\\/de\\\/investor-relations\\\/voting-rights-notifications\\\/allgeier-holding-ag-veroeffentlichung-gemaess-%c2%a7-26-abs-1-wphg-mit-dem-ziel-der-europaweiten-verbreitung-13\\\/#breadcrumb\"},\"inLanguage\":\"de\",\"potentialAction\":[{\"@type\":\"ReadAction\",\"target\":[\"https:\\\/\\\/www.allgeier.com\\\/de\\\/investor-relations\\\/voting-rights-notifications\\\/allgeier-holding-ag-veroeffentlichung-gemaess-%c2%a7-26-abs-1-wphg-mit-dem-ziel-der-europaweiten-verbreitung-13\\\/\"]}]},{\"@type\":\"BreadcrumbList\",\"@id\":\"https:\\\/\\\/www.allgeier.com\\\/de\\\/investor-relations\\\/voting-rights-notifications\\\/allgeier-holding-ag-veroeffentlichung-gemaess-%c2%a7-26-abs-1-wphg-mit-dem-ziel-der-europaweiten-verbreitung-13\\\/#breadcrumb\",\"itemListElement\":[{\"@type\":\"ListItem\",\"position\":1,\"name\":\"Home\",\"item\":\"https:\\\/\\\/www.allgeier.com\\\/de\\\/\"},{\"@type\":\"ListItem\",\"position\":2,\"name\":\"Investor Relations\",\"item\":\"https:\\\/\\\/www.allgeier.com\\\/de\\\/investor-relations\\\/\"},{\"@type\":\"ListItem\",\"position\":3,\"name\":\"Stimmrechtsmitteilungen\",\"item\":\"https:\\\/\\\/www.allgeier.com\\\/de\\\/investor-relations\\\/voting-rights-notifications\\\/\"},{\"@type\":\"ListItem\",\"position\":4,\"name\":\"ALLGEIER HOLDING AG: Ver\u00f6ffentlichung gem\u00e4\u00df \u00a7 26 Abs. 1 WpHG mit dem Ziel der europaweiten Verbreitung\"}]},{\"@type\":\"WebSite\",\"@id\":\"https:\\\/\\\/www.allgeier.com\\\/de\\\/#website\",\"url\":\"https:\\\/\\\/www.allgeier.com\\\/de\\\/\",\"name\":\"Allgeier SE\",\"description\":\"Software &amp; IT Services for digital transformation\",\"potentialAction\":[{\"@type\":\"SearchAction\",\"target\":{\"@type\":\"EntryPoint\",\"urlTemplate\":\"https:\\\/\\\/www.allgeier.com\\\/de\\\/?s={search_term_string}\"},\"query-input\":{\"@type\":\"PropertyValueSpecification\",\"valueRequired\":true,\"valueName\":\"search_term_string\"}}],\"inLanguage\":\"de\"}]}<\/script>\n<!-- \/ Yoast SEO plugin. -->","yoast_head_json":{"title":"ALLGEIER HOLDING AG: Ver\u00f6ffentlichung gem\u00e4\u00df \u00a7 26 Abs. 1 WpHG mit dem Ziel der europaweiten Verbreitung - Allgeier SE","robots":{"index":"index","follow":"follow","max-snippet":"max-snippet:-1","max-image-preview":"max-image-preview:large","max-video-preview":"max-video-preview:-1"},"canonical":"https:\/\/www.allgeier.com\/de\/investor-relations\/voting-rights-notifications\/allgeier-holding-ag-veroeffentlichung-gemaess-\u00a7-26-abs-1-wphg-mit-dem-ziel-der-europaweiten-verbreitung-13\/","og_locale":"de_DE","og_type":"article","og_title":"ALLGEIER HOLDING AG: Ver\u00f6ffentlichung gem\u00e4\u00df \u00a7 26 Abs. 1 WpHG mit dem Ziel der europaweiten Verbreitung - Allgeier SE","og_description":"Die FPM Funds SICAV 2 Boulevard Konrad Adenauer, L-1115 Luxembourg, Luxembourg hat uns gem\u00e4\u00df \u00a7 21 Abs. 1 WpHG am 03.08.2007 mitgeteilt, dass ihr Stimmrechtsanteil an der Allgeier Holding AG, M\u00fcnchen, Deutschland, ISIN: DE0005086300, WKN: 508630 am 31.07.2007 durch Aktien die Schwelle von 3% der Stimmrechte","og_url":"https:\/\/www.allgeier.com\/de\/investor-relations\/voting-rights-notifications\/allgeier-holding-ag-veroeffentlichung-gemaess-\u00a7-26-abs-1-wphg-mit-dem-ziel-der-europaweiten-verbreitung-13\/","og_site_name":"Allgeier SE","article_modified_time":"2023-01-22T16:13:34+00:00","twitter_card":"summary_large_image","twitter_misc":{"Gesch\u00e4tzte Lesezeit":"1\u00a0Minute"},"schema":{"@context":"https:\/\/schema.org","@graph":[{"@type":"WebPage","@id":"https:\/\/www.allgeier.com\/de\/investor-relations\/voting-rights-notifications\/allgeier-holding-ag-veroeffentlichung-gemaess-%c2%a7-26-abs-1-wphg-mit-dem-ziel-der-europaweiten-verbreitung-13\/","url":"https:\/\/www.allgeier.com\/de\/investor-relations\/voting-rights-notifications\/allgeier-holding-ag-veroeffentlichung-gemaess-%c2%a7-26-abs-1-wphg-mit-dem-ziel-der-europaweiten-verbreitung-13\/","name":"ALLGEIER HOLDING AG: Ver\u00f6ffentlichung gem\u00e4\u00df \u00a7 26 Abs. 1 WpHG mit dem Ziel der europaweiten Verbreitung - Allgeier SE","isPartOf":{"@id":"https:\/\/www.allgeier.com\/de\/#website"},"datePublished":"2007-08-06T14:39:17+00:00","dateModified":"2023-01-22T16:13:34+00:00","breadcrumb":{"@id":"https:\/\/www.allgeier.com\/de\/investor-relations\/voting-rights-notifications\/allgeier-holding-ag-veroeffentlichung-gemaess-%c2%a7-26-abs-1-wphg-mit-dem-ziel-der-europaweiten-verbreitung-13\/#breadcrumb"},"inLanguage":"de","potentialAction":[{"@type":"ReadAction","target":["https:\/\/www.allgeier.com\/de\/investor-relations\/voting-rights-notifications\/allgeier-holding-ag-veroeffentlichung-gemaess-%c2%a7-26-abs-1-wphg-mit-dem-ziel-der-europaweiten-verbreitung-13\/"]}]},{"@type":"BreadcrumbList","@id":"https:\/\/www.allgeier.com\/de\/investor-relations\/voting-rights-notifications\/allgeier-holding-ag-veroeffentlichung-gemaess-%c2%a7-26-abs-1-wphg-mit-dem-ziel-der-europaweiten-verbreitung-13\/#breadcrumb","itemListElement":[{"@type":"ListItem","position":1,"name":"Home","item":"https:\/\/www.allgeier.com\/de\/"},{"@type":"ListItem","position":2,"name":"Investor Relations","item":"https:\/\/www.allgeier.com\/de\/investor-relations\/"},{"@type":"ListItem","position":3,"name":"Stimmrechtsmitteilungen","item":"https:\/\/www.allgeier.com\/de\/investor-relations\/voting-rights-notifications\/"},{"@type":"ListItem","position":4,"name":"ALLGEIER HOLDING AG: Ver\u00f6ffentlichung gem\u00e4\u00df \u00a7 26 Abs. 1 WpHG mit dem Ziel der europaweiten Verbreitung"}]},{"@type":"WebSite","@id":"https:\/\/www.allgeier.com\/de\/#website","url":"https:\/\/www.allgeier.com\/de\/","name":"Allgeier SE","description":"Software &amp; IT Services for digital transformation","potentialAction":[{"@type":"SearchAction","target":{"@type":"EntryPoint","urlTemplate":"https:\/\/www.allgeier.com\/de\/?s={search_term_string}"},"query-input":{"@type":"PropertyValueSpecification","valueRequired":true,"valueName":"search_term_string"}}],"inLanguage":"de"}]}},"_links":{"self":[{"href":"https:\/\/www.allgeier.com\/de\/wp-json\/wp\/v2\/pages\/3895","targetHints":{"allow":["GET"]}}],"collection":[{"href":"https:\/\/www.allgeier.com\/de\/wp-json\/wp\/v2\/pages"}],"about":[{"href":"https:\/\/www.allgeier.com\/de\/wp-json\/wp\/v2\/types\/page"}],"author":[{"embeddable":true,"href":"https:\/\/www.allgeier.com\/de\/wp-json\/wp\/v2\/users\/4"}],"replies":[{"embeddable":true,"href":"https:\/\/www.allgeier.com\/de\/wp-json\/wp\/v2\/comments?post=3895"}],"version-history":[{"count":1,"href":"https:\/\/www.allgeier.com\/de\/wp-json\/wp\/v2\/pages\/3895\/revisions"}],"predecessor-version":[{"id":3896,"href":"https:\/\/www.allgeier.com\/de\/wp-json\/wp\/v2\/pages\/3895\/revisions\/3896"}],"up":[{"embeddable":true,"href":"https:\/\/www.allgeier.com\/de\/wp-json\/wp\/v2\/pages\/1157"}],"wp:attachment":[{"href":"https:\/\/www.allgeier.com\/de\/wp-json\/wp\/v2\/media?parent=3895"}],"wp:term":[{"taxonomy":"category","embeddable":true,"href":"https:\/\/www.allgeier.com\/de\/wp-json\/wp\/v2\/categories?post=3895"},{"taxonomy":"post_tag","embeddable":true,"href":"https:\/\/www.allgeier.com\/de\/wp-json\/wp\/v2\/tags?post=3895"}],"curies":[{"name":"wp","href":"https:\/\/api.w.org\/{rel}","templated":true}]}}