{"id":390,"date":"2015-03-03T13:15:47","date_gmt":"2015-03-03T13:15:47","guid":{"rendered":"http:\/\/www.allgeier.com\/en\/?page_id=390"},"modified":"2015-04-30T09:46:26","modified_gmt":"2015-04-30T09:46:26","slug":"world-environment-day","status":"publish","type":"page","link":"https:\/\/www.allgeier.com\/de\/who-we-are\/responsibility\/environment\/world-environment-day\/","title":{"rendered":"World Environment Day"},"content":{"rendered":"<p>Jedes Jahr nutzt Allgeier den Weltumwelttag (World Environment Day) dazu, unter den Mitarbeitern gezielt Bewusstsein f\u00fcr Umweltthemen zu schaffen.<\/p>\n<p>Dazu organisiert die Allgeier Tochter Nagarro einen Malwettbewerb zu den Themen Wald, Wasser und Berge. Ziel des Wettbewerbs war es, die Mitarbeiter f\u00fcr den Schutz der nat\u00fcrlichen Umwelt zu sensibilisieren. Zu diesem Anlass wird eine spezielle Baumschule eingerichtet, in der Mitarbeiter Pflanzen erwerben k\u00f6nnen. Damit soll nicht nur die Erde zu einem gr\u00fcneren Planeten gemacht werden, zugleich sollen die Mitarbeiter dazu ermutigt werden, f\u00fcr ihren Weg zur Arbeit \u00f6ffentliche Verkehrsmittel und Fahrr\u00e4der zu nutzen.<\/p>\n","protected":false},"excerpt":{"rendered":"<p>Jedes Jahr nutzt Allgeier den Weltumwelttag (World Environment Day) dazu, unter den Mitarbeitern gezielt Bewusstsein f\u00fcr Umweltthemen zu schaffen. Dazu organisiert die Allgeier Tochter Nagarro einen Malwettbewerb zu den Themen Wald, Wasser und Berge. Ziel des Wettbewerbs war es, die Mitarbeiter f\u00fcr den Schutz der nat\u00fcrlichen Umwelt zu sensibilisieren. Zu diesem Anlass wird eine spezielle &hellip; <\/p>\n","protected":false},"author":1,"featured_media":0,"parent":1148,"menu_order":0,"comment_status":"closed","ping_status":"closed","template":"","meta":{"_acf_changed":false,"footnotes":""},"categories":[],"tags":[],"class_list":["post-390","page","type-page","status-publish","hentry"],"acf":[],"yoast_head":"<!-- This site is optimized with the Yoast SEO plugin v27.4 - https:\/\/yoast.com\/product\/yoast-seo-wordpress\/ -->\n<title>World Environment Day - Allgeier SE<\/title>\n<meta name=\"robots\" content=\"index, follow, max-snippet:-1, max-image-preview:large, max-video-preview:-1\" \/>\n<link rel=\"canonical\" href=\"https:\/\/www.allgeier.com\/de\/who-we-are\/responsibility\/environment\/world-environment-day\/\" \/>\n<meta property=\"og:locale\" content=\"de_DE\" \/>\n<meta property=\"og:type\" content=\"article\" \/>\n<meta property=\"og:title\" content=\"World Environment Day - Allgeier SE\" \/>\n<meta property=\"og:description\" content=\"Jedes Jahr nutzt Allgeier den Weltumwelttag (World Environment Day) dazu, unter den Mitarbeitern gezielt Bewusstsein f\u00fcr Umweltthemen zu schaffen. Dazu organisiert die Allgeier Tochter Nagarro einen Malwettbewerb zu den Themen Wald, Wasser und Berge. Ziel des Wettbewerbs war es, die Mitarbeiter f\u00fcr den Schutz der nat\u00fcrlichen Umwelt zu sensibilisieren. Zu diesem Anlass wird eine spezielle &hellip;\" \/>\n<meta property=\"og:url\" content=\"https:\/\/www.allgeier.com\/de\/who-we-are\/responsibility\/environment\/world-environment-day\/\" \/>\n<meta property=\"og:site_name\" content=\"Allgeier SE\" \/>\n<meta property=\"article:modified_time\" content=\"2015-04-30T09:46:26+00:00\" \/>\n<meta name=\"twitter:card\" content=\"summary_large_image\" \/>\n<meta name=\"twitter:label1\" content=\"Gesch\u00e4tzte Lesezeit\" \/>\n\t<meta name=\"twitter:data1\" content=\"1\u00a0Minute\" \/>\n<script type=\"application\/ld+json\" class=\"yoast-schema-graph\">{\"@context\":\"https:\\\/\\\/schema.org\",\"@graph\":[{\"@type\":\"WebPage\",\"@id\":\"https:\\\/\\\/www.allgeier.com\\\/de\\\/who-we-are\\\/responsibility\\\/environment\\\/world-environment-day\\\/\",\"url\":\"https:\\\/\\\/www.allgeier.com\\\/de\\\/who-we-are\\\/responsibility\\\/environment\\\/world-environment-day\\\/\",\"name\":\"World Environment Day - Allgeier SE\",\"isPartOf\":{\"@id\":\"https:\\\/\\\/www.allgeier.com\\\/de\\\/#website\"},\"datePublished\":\"2015-03-03T13:15:47+00:00\",\"dateModified\":\"2015-04-30T09:46:26+00:00\",\"breadcrumb\":{\"@id\":\"https:\\\/\\\/www.allgeier.com\\\/de\\\/who-we-are\\\/responsibility\\\/environment\\\/world-environment-day\\\/#breadcrumb\"},\"inLanguage\":\"de\",\"potentialAction\":[{\"@type\":\"ReadAction\",\"target\":[\"https:\\\/\\\/www.allgeier.com\\\/de\\\/who-we-are\\\/responsibility\\\/environment\\\/world-environment-day\\\/\"]}]},{\"@type\":\"BreadcrumbList\",\"@id\":\"https:\\\/\\\/www.allgeier.com\\\/de\\\/who-we-are\\\/responsibility\\\/environment\\\/world-environment-day\\\/#breadcrumb\",\"itemListElement\":[{\"@type\":\"ListItem\",\"position\":1,\"name\":\"Home\",\"item\":\"https:\\\/\\\/www.allgeier.com\\\/de\\\/\"},{\"@type\":\"ListItem\",\"position\":2,\"name\":\"Wer wir sind\",\"item\":\"https:\\\/\\\/www.allgeier.com\\\/de\\\/who-we-are\\\/\"},{\"@type\":\"ListItem\",\"position\":3,\"name\":\"Verantwortung\",\"item\":\"https:\\\/\\\/www.allgeier.com\\\/de\\\/who-we-are\\\/responsibility\\\/\"},{\"@type\":\"ListItem\",\"position\":4,\"name\":\"Umwelt\",\"item\":\"https:\\\/\\\/www.allgeier.com\\\/de\\\/?page_id=1148\"},{\"@type\":\"ListItem\",\"position\":5,\"name\":\"World Environment Day\"}]},{\"@type\":\"WebSite\",\"@id\":\"https:\\\/\\\/www.allgeier.com\\\/de\\\/#website\",\"url\":\"https:\\\/\\\/www.allgeier.com\\\/de\\\/\",\"name\":\"Allgeier SE\",\"description\":\"Software &amp; IT Services for digital transformation\",\"potentialAction\":[{\"@type\":\"SearchAction\",\"target\":{\"@type\":\"EntryPoint\",\"urlTemplate\":\"https:\\\/\\\/www.allgeier.com\\\/de\\\/?s={search_term_string}\"},\"query-input\":{\"@type\":\"PropertyValueSpecification\",\"valueRequired\":true,\"valueName\":\"search_term_string\"}}],\"inLanguage\":\"de\"}]}<\/script>\n<!-- \/ Yoast SEO plugin. -->","yoast_head_json":{"title":"World Environment Day - Allgeier SE","robots":{"index":"index","follow":"follow","max-snippet":"max-snippet:-1","max-image-preview":"max-image-preview:large","max-video-preview":"max-video-preview:-1"},"canonical":"https:\/\/www.allgeier.com\/de\/who-we-are\/responsibility\/environment\/world-environment-day\/","og_locale":"de_DE","og_type":"article","og_title":"World Environment Day - Allgeier SE","og_description":"Jedes Jahr nutzt Allgeier den Weltumwelttag (World Environment Day) dazu, unter den Mitarbeitern gezielt Bewusstsein f\u00fcr Umweltthemen zu schaffen. Dazu organisiert die Allgeier Tochter Nagarro einen Malwettbewerb zu den Themen Wald, Wasser und Berge. Ziel des Wettbewerbs war es, die Mitarbeiter f\u00fcr den Schutz der nat\u00fcrlichen Umwelt zu sensibilisieren. Zu diesem Anlass wird eine spezielle &hellip;","og_url":"https:\/\/www.allgeier.com\/de\/who-we-are\/responsibility\/environment\/world-environment-day\/","og_site_name":"Allgeier SE","article_modified_time":"2015-04-30T09:46:26+00:00","twitter_card":"summary_large_image","twitter_misc":{"Gesch\u00e4tzte Lesezeit":"1\u00a0Minute"},"schema":{"@context":"https:\/\/schema.org","@graph":[{"@type":"WebPage","@id":"https:\/\/www.allgeier.com\/de\/who-we-are\/responsibility\/environment\/world-environment-day\/","url":"https:\/\/www.allgeier.com\/de\/who-we-are\/responsibility\/environment\/world-environment-day\/","name":"World Environment Day - Allgeier SE","isPartOf":{"@id":"https:\/\/www.allgeier.com\/de\/#website"},"datePublished":"2015-03-03T13:15:47+00:00","dateModified":"2015-04-30T09:46:26+00:00","breadcrumb":{"@id":"https:\/\/www.allgeier.com\/de\/who-we-are\/responsibility\/environment\/world-environment-day\/#breadcrumb"},"inLanguage":"de","potentialAction":[{"@type":"ReadAction","target":["https:\/\/www.allgeier.com\/de\/who-we-are\/responsibility\/environment\/world-environment-day\/"]}]},{"@type":"BreadcrumbList","@id":"https:\/\/www.allgeier.com\/de\/who-we-are\/responsibility\/environment\/world-environment-day\/#breadcrumb","itemListElement":[{"@type":"ListItem","position":1,"name":"Home","item":"https:\/\/www.allgeier.com\/de\/"},{"@type":"ListItem","position":2,"name":"Wer wir sind","item":"https:\/\/www.allgeier.com\/de\/who-we-are\/"},{"@type":"ListItem","position":3,"name":"Verantwortung","item":"https:\/\/www.allgeier.com\/de\/who-we-are\/responsibility\/"},{"@type":"ListItem","position":4,"name":"Umwelt","item":"https:\/\/www.allgeier.com\/de\/?page_id=1148"},{"@type":"ListItem","position":5,"name":"World Environment Day"}]},{"@type":"WebSite","@id":"https:\/\/www.allgeier.com\/de\/#website","url":"https:\/\/www.allgeier.com\/de\/","name":"Allgeier SE","description":"Software &amp; IT Services for digital transformation","potentialAction":[{"@type":"SearchAction","target":{"@type":"EntryPoint","urlTemplate":"https:\/\/www.allgeier.com\/de\/?s={search_term_string}"},"query-input":{"@type":"PropertyValueSpecification","valueRequired":true,"valueName":"search_term_string"}}],"inLanguage":"de"}]}},"_links":{"self":[{"href":"https:\/\/www.allgeier.com\/de\/wp-json\/wp\/v2\/pages\/390","targetHints":{"allow":["GET"]}}],"collection":[{"href":"https:\/\/www.allgeier.com\/de\/wp-json\/wp\/v2\/pages"}],"about":[{"href":"https:\/\/www.allgeier.com\/de\/wp-json\/wp\/v2\/types\/page"}],"author":[{"embeddable":true,"href":"https:\/\/www.allgeier.com\/de\/wp-json\/wp\/v2\/users\/1"}],"replies":[{"embeddable":true,"href":"https:\/\/www.allgeier.com\/de\/wp-json\/wp\/v2\/comments?post=390"}],"version-history":[{"count":1,"href":"https:\/\/www.allgeier.com\/de\/wp-json\/wp\/v2\/pages\/390\/revisions"}],"predecessor-version":[{"id":1860,"href":"https:\/\/www.allgeier.com\/de\/wp-json\/wp\/v2\/pages\/390\/revisions\/1860"}],"up":[{"embeddable":true,"href":"https:\/\/www.allgeier.com\/de\/wp-json\/wp\/v2\/pages\/1148"}],"wp:attachment":[{"href":"https:\/\/www.allgeier.com\/de\/wp-json\/wp\/v2\/media?parent=390"}],"wp:term":[{"taxonomy":"category","embeddable":true,"href":"https:\/\/www.allgeier.com\/de\/wp-json\/wp\/v2\/categories?post=390"},{"taxonomy":"post_tag","embeddable":true,"href":"https:\/\/www.allgeier.com\/de\/wp-json\/wp\/v2\/tags?post=390"}],"curies":[{"name":"wp","href":"https:\/\/api.w.org\/{rel}","templated":true}]}}