{"id":3951,"date":"2015-04-13T12:49:07","date_gmt":"2015-04-13T12:49:07","guid":{"rendered":"https:\/\/www.allgeier.com\/de\/?page_id=3951"},"modified":"2025-02-05T18:36:51","modified_gmt":"2025-02-05T18:36:51","slug":"allgeier-se-einstieg-bei-talentry","status":"publish","type":"page","link":"https:\/\/www.allgeier.com\/de\/pressroom\/press-releases\/allgeier-se-einstieg-bei-talentry\/","title":{"rendered":"ALLGEIER SE: Einstieg bei Talentry"},"content":{"rendered":"<table class=\"news_layout\" border=\"0\" cellpadding=\"0\" cellspacing=\"0\">\n<tr>\n<td><\/p>\n<p>ALLGEIER SE \/ Schlagwort(e): Beteiligung\/Unternehmensbeteiligung<\/p>\n<p>2015-04-13 \/ 14:49 <\/p>\n<hr \/>\n<div class=\"break-word\">\n<p><i>Corporate News<\/i><\/p>\n<p><b>Allgeier: Einstieg bei Talentry<\/b><\/p>\n<p>Starke Partnerschaft gew\u00e4hrleistet weiteres Wachstum der f\u00fchrenden Softwarel\u00f6sung f\u00fcr digitale Mitarbeiterempfehlungsprogramme<\/p>\n<p><i>M\u00fcnchen, 13.04.2015 &#8211; <\/i>Die Allgeier Gruppe hat sich als strategischer Ankerinvestor an dem jungen M\u00fcnchner Softwareunternehmen Talentry GmbH beteiligt. Im Zuge der Transaktion flie\u00dft ein signifikanter Beitrag in die Gesellschaft. Schwerpunktm\u00e4\u00dfig sollen die zus\u00e4tzlichen Mittel f\u00fcr die schnelle Markterschlie\u00dfung der DACH-Region und die Weiterentwicklung der innovativen Recruiting-L\u00f6sung verwendet werden. Im Rahmen der strategischen Fokussierung auf wachstumsstarke Softwarel\u00f6sungen st\u00e4rkt Allgeier mit diesem Schritt das Portfolio mit eigenen Softwareprodukten im Gesch\u00e4ftsbereich Solutions und setzt die Entwicklung zu einem internationalen Software-Vendor und -dienstleister fort. Talentry profitiert vom internationalen Netzwerk und den Marktzug\u00e4ngen der Allgeier Gruppe mit mehr als 3.000 Bestandskunden aus nahezu allen Branchen. Zugleich gew\u00e4hrleistet Allgeier mit der starken Partnerschaft und der Bereitstellung von umfassenden Entwicklungsdienstleistungen die erfolgreiche Weiterentwicklung einer L\u00f6sung mit gro\u00dfem Zukunftspotential und schafft zugleich eine stabile, langfristige Basis f\u00fcr deren weiteres Wachstum. Der ProSiebenSat.1 Accelerator, der sich als erster Finanzinvestor an Talentry beteiligte und das Unternehmen beim Aufbau unterst\u00fctzte, ver\u00e4u\u00dferte im Zuge dessen seine Anteile an die Allgeier Gruppe. Dennoch bleibt ProSiebenSat.1 Talentry treu und setzt die Recruiting-Software unternehmensweit ein.<\/p>\n<p>Das junge Technologieunternehmen Talentry ist der f\u00fchrende Anbieter f\u00fcr digitale Mitarbeiterempfehlungsprogramme in \u00d6sterreich, Deutschland und der Schweiz. Die Software hebt Empfehlungsmanagement ins digitale Zeitalter und folgt dem Paradigmenwechsel zur Direktansprache von Kandidaten. Talentry basiert auf der Erkenntnis, dass die eigenen Mitarbeiter der wichtigste Faktor f\u00fcr nachhaltigen Unternehmenserfolg sind. Unternehmen werden durch die Software dabei unterst\u00fctzt, die besten Talente f\u00fcr zu besetzende Stellen zu finden: Sie erm\u00f6glicht Unternehmen eine schnelle und kosteng\u00fcnstige Gestaltung des Recruiting-Prozesses, indem qualifizierte Kontakte durch Mitarbeiter des Unternehmens \u00fcber eine Vielzahl an Kan\u00e4len (u.a. Email, professionelle und soziale Netzwerke, WhatsApp) jederzeit und \u00fcberall weiterempfohlen werden k\u00f6nnen. Somit verringern sich die Kosten f\u00fcr Headhunter und Stellenanzeigen auf Jobportalen, und die Qualit\u00e4t der Bewerber steigt gleichzeitig stark an. Die Talentry Software basiert auf schlanken Prozessen, die messbare Erfolge aufweisen: Neben h\u00f6herer Reichweite sowie niedrigeren Einstellungskosten sind Mitarbeiterempfehlungen der Kanal mit der h\u00f6chsten Bewerberqualit\u00e4t. Mit Talentry k\u00f6nnen bis zu 50% der Vakanzen \u00fcber Empfehlungen besetzt werden. Ein intelligenter Matching-Algorithmus schl\u00e4gt den Mitarbeitern zudem geeignete Kontakte aus deren sozialen Netzwerken vor und stellt sicher, dass auch jene qualifizierten Kontakte in Betracht gezogen werden, die nicht dem engsten Bekanntenkreis angeh\u00f6ren.<\/p>\n<p>Talentry wird bereits von einer Reihe gro\u00dfer internationaler Kunden erfolgreich eingesetzt. Durch die Einbindung in die Service- und Deliverystrukturen der Allgeier Division Solutions werden den Kunden k\u00fcnftig noch besserer Service und h\u00f6here Skalierbarkeit geboten.<\/p>\n<p>Kontakt:<\/p>\n<p>Allgeier SE<br \/>Corporate Communications &amp; Investor Relations<br \/>Dr. Christopher Gro\u00dfe<br \/>Wehrlestra\u00dfe 12<br \/>81679 M\u00fcnchen<br \/>Tel.: +49 (0)89\/998421-0<br \/>Fax: +49 (0)89\/998421-11<br \/>E-Mail: ir@allgeier.com<br \/>Web: www.allgeier.com<\/p>\n<p>Allgeier SE ist eines der f\u00fchrenden IT-Unternehmen f\u00fcr Business Performance: Mit einer auf Innovationen und Zukunftstrends ausgerichteten Wachstumsstrategie sowie einem integrativen unternehmerischen Modell verbindet Allgeier die Vorteile eines internationalen Anbieters mit den Tugenden mittelst\u00e4ndischer Unternehmer. Operative Gesch\u00e4ftsbereiche mit individuellen fachlichen oder branchenbezogenen Schwerpunkten arbeiten gemeinsam f\u00fcr \u00fcber 3.000 Kunden aus nahezu allen Branchen. Mit \u00fcber 5.300 angestellten Mitarbeitern und mehr als 1.200 freiberuflichen Experten bietet Allgeier den Kunden als One-Stop-Shop ein umfassendes L\u00f6sungs- und Leistungsportfolio. Allgeier bildet mit einem hochflexiblen Delivery-Modell das komplette IT-Leistungsspektrum von Onsite \u00fcber Nearshore bis hin zu Offshore ab: Mit einem starken Standbein in Indien werden Flexibilit\u00e4t und h\u00f6chste Skalierbarkeit der Leistungen sowie hochqualifiziertes Expertenwissen in der High-End-Softwareentwicklung sichergestellt. Zu den Kunden von Allgeier z\u00e4hlen global arbeitende Konzerne genauso wie innovative mittelst\u00e4ndische Betriebe, die sich durch leistungsstarke IT-L\u00f6sungen, intelligente Software und flexible Personaldienstleistungen strategische Vorteile sichern wollen. Die stark wachsende Gruppe mit Hauptsitz in M\u00fcnchen verf\u00fcgt \u00fcber 100 Niederlassungen im deutschsprachigen Raum, im \u00fcbrigen Europa sowie in Indien, Singapur, Mexiko und den USA. 2014 erzielte Allgeier gem\u00e4\u00df vorl\u00e4ufiger Zahlen einen Umsatz von 428 Mio. Euro (fortgef\u00fchrtes Gesch\u00e4ft). Allgeier SE belegt in der L\u00fcnendonk(R)-Liste 2014 &#8222;F\u00fchrende deutsche mittelst\u00e4ndische IT-Beratungs- und Systemintegrations-Unternehmen&#8220; den ersten Platz. Allgeier Experts ist nach L\u00fcnendonk(R)-Marktsegmentstudie 2014 &#8222;Der Markt f\u00fcr Rekrutierung, Vermittlung und Steuerung von IT-Freelancern in Deutschland&#8220; unter den TOP 3 IT-Personaldienstleistern in Deutschland. Die Gesellschaft ist am Regulierten Markt der Frankfurter Wertpapierb\u00f6rse im General Standard gelistet (WKN 508630, ISIN DE0005086300). Weitere Informationen unter: www.allgeier.com.<\/p>\n<\/div>\n<p><\/p>\n<hr \/>\n<p>2015-04-13  Ver\u00f6ffentlichung einer Corporate News\/Finanznachricht, \u00fcbermittelt durch DGAP &#8211; ein Service der EQS Group AG. <br \/>F\u00fcr den Inhalt der Mitteilung ist der Emittent \/ Herausgeber verantwortlich.<\/p>\n<p>Die DGAP Distributionsservices umfassen gesetzliche Meldepflichten, Corporate News\/Finanznachrichten und Pressemitteilungen. <br \/>Medienarchiv unter http:\/\/www.dgap-medientreff.de und http:\/\/www.dgap.de<\/p>\n<hr \/>\n<p><\/td>\n<\/tr>\n<\/table>\n<table class=\"news_layout\" border=\"0\" cellpadding=\"0\" cellspacing=\"0\" width=\"100%\">\n<tr>\n<td>\n<hr \/>\n<\/td>\n<\/tr>\n<tr>\n<td align=\"left\">343545\u00a0\u00a02015-04-13\u00a0<\/td>\n<\/tr>\n<\/table>\n","protected":false},"excerpt":{"rendered":"<p>ALLGEIER SE \/ Schlagwort(e): Beteiligung\/Unternehmensbeteiligung 2015-04-13 \/ 14:49 Corporate NewsAllgeier: Einstieg bei TalentryStarke Partnerschaft gew\u00e4hrleistet weiteres Wachstum der f\u00fchrenden Softwarel\u00f6sung f\u00fcr digitale MitarbeiterempfehlungsprogrammeM\u00fcnchen, 13.04.2015 &#8211; Die Allgeier Gruppe hat<\/p>\n","protected":false},"author":4,"featured_media":0,"parent":1169,"menu_order":0,"comment_status":"close","ping_status":"closed","template":"","meta":{"_acf_changed":false,"footnotes":""},"categories":[7],"tags":[],"class_list":["post-3951","page","type-page","status-publish","hentry","category-pressemitteilungen"],"acf":[],"yoast_head":"<!-- This site is optimized with the Yoast SEO plugin v27.4 - https:\/\/yoast.com\/product\/yoast-seo-wordpress\/ -->\n<title>ALLGEIER SE: Einstieg bei Talentry - Allgeier SE<\/title>\n<meta name=\"robots\" content=\"index, follow, max-snippet:-1, max-image-preview:large, max-video-preview:-1\" \/>\n<link rel=\"canonical\" href=\"https:\/\/www.allgeier.com\/de\/pressroom\/press-releases\/allgeier-se-einstieg-bei-talentry\/\" \/>\n<meta property=\"og:locale\" content=\"de_DE\" \/>\n<meta property=\"og:type\" content=\"article\" \/>\n<meta property=\"og:title\" content=\"ALLGEIER SE: Einstieg bei Talentry - Allgeier SE\" \/>\n<meta property=\"og:description\" content=\"ALLGEIER SE \/ Schlagwort(e): Beteiligung\/Unternehmensbeteiligung 2015-04-13 \/ 14:49 Corporate NewsAllgeier: Einstieg bei TalentryStarke Partnerschaft gew\u00e4hrleistet weiteres Wachstum der f\u00fchrenden Softwarel\u00f6sung f\u00fcr digitale MitarbeiterempfehlungsprogrammeM\u00fcnchen, 13.04.2015 - Die Allgeier Gruppe hat\" \/>\n<meta property=\"og:url\" content=\"https:\/\/www.allgeier.com\/de\/pressroom\/press-releases\/allgeier-se-einstieg-bei-talentry\/\" \/>\n<meta property=\"og:site_name\" content=\"Allgeier SE\" \/>\n<meta property=\"article:modified_time\" content=\"2025-02-05T18:36:51+00:00\" \/>\n<meta name=\"twitter:card\" content=\"summary_large_image\" \/>\n<meta name=\"twitter:label1\" content=\"Gesch\u00e4tzte Lesezeit\" \/>\n\t<meta name=\"twitter:data1\" content=\"4\u00a0Minuten\" \/>\n<script type=\"application\/ld+json\" class=\"yoast-schema-graph\">{\"@context\":\"https:\\\/\\\/schema.org\",\"@graph\":[{\"@type\":\"WebPage\",\"@id\":\"https:\\\/\\\/www.allgeier.com\\\/de\\\/pressroom\\\/press-releases\\\/allgeier-se-einstieg-bei-talentry\\\/\",\"url\":\"https:\\\/\\\/www.allgeier.com\\\/de\\\/pressroom\\\/press-releases\\\/allgeier-se-einstieg-bei-talentry\\\/\",\"name\":\"ALLGEIER SE: Einstieg bei Talentry - Allgeier SE\",\"isPartOf\":{\"@id\":\"https:\\\/\\\/www.allgeier.com\\\/de\\\/#website\"},\"datePublished\":\"2015-04-13T12:49:07+00:00\",\"dateModified\":\"2025-02-05T18:36:51+00:00\",\"breadcrumb\":{\"@id\":\"https:\\\/\\\/www.allgeier.com\\\/de\\\/pressroom\\\/press-releases\\\/allgeier-se-einstieg-bei-talentry\\\/#breadcrumb\"},\"inLanguage\":\"de\",\"potentialAction\":[{\"@type\":\"ReadAction\",\"target\":[\"https:\\\/\\\/www.allgeier.com\\\/de\\\/pressroom\\\/press-releases\\\/allgeier-se-einstieg-bei-talentry\\\/\"]}]},{\"@type\":\"BreadcrumbList\",\"@id\":\"https:\\\/\\\/www.allgeier.com\\\/de\\\/pressroom\\\/press-releases\\\/allgeier-se-einstieg-bei-talentry\\\/#breadcrumb\",\"itemListElement\":[{\"@type\":\"ListItem\",\"position\":1,\"name\":\"Home\",\"item\":\"https:\\\/\\\/www.allgeier.com\\\/de\\\/\"},{\"@type\":\"ListItem\",\"position\":2,\"name\":\"Presse\",\"item\":\"https:\\\/\\\/www.allgeier.com\\\/de\\\/pressroom\\\/\"},{\"@type\":\"ListItem\",\"position\":3,\"name\":\"Pressemitteilungen\",\"item\":\"https:\\\/\\\/www.allgeier.com\\\/de\\\/pressroom\\\/press-releases\\\/\"},{\"@type\":\"ListItem\",\"position\":4,\"name\":\"ALLGEIER SE: Einstieg bei Talentry\"}]},{\"@type\":\"WebSite\",\"@id\":\"https:\\\/\\\/www.allgeier.com\\\/de\\\/#website\",\"url\":\"https:\\\/\\\/www.allgeier.com\\\/de\\\/\",\"name\":\"Allgeier SE\",\"description\":\"Software &amp; IT Services for digital transformation\",\"potentialAction\":[{\"@type\":\"SearchAction\",\"target\":{\"@type\":\"EntryPoint\",\"urlTemplate\":\"https:\\\/\\\/www.allgeier.com\\\/de\\\/?s={search_term_string}\"},\"query-input\":{\"@type\":\"PropertyValueSpecification\",\"valueRequired\":true,\"valueName\":\"search_term_string\"}}],\"inLanguage\":\"de\"}]}<\/script>\n<!-- \/ Yoast SEO plugin. -->","yoast_head_json":{"title":"ALLGEIER SE: Einstieg bei Talentry - Allgeier SE","robots":{"index":"index","follow":"follow","max-snippet":"max-snippet:-1","max-image-preview":"max-image-preview:large","max-video-preview":"max-video-preview:-1"},"canonical":"https:\/\/www.allgeier.com\/de\/pressroom\/press-releases\/allgeier-se-einstieg-bei-talentry\/","og_locale":"de_DE","og_type":"article","og_title":"ALLGEIER SE: Einstieg bei Talentry - Allgeier SE","og_description":"ALLGEIER SE \/ Schlagwort(e): Beteiligung\/Unternehmensbeteiligung 2015-04-13 \/ 14:49 Corporate NewsAllgeier: Einstieg bei TalentryStarke Partnerschaft gew\u00e4hrleistet weiteres Wachstum der f\u00fchrenden Softwarel\u00f6sung f\u00fcr digitale MitarbeiterempfehlungsprogrammeM\u00fcnchen, 13.04.2015 - Die Allgeier Gruppe hat","og_url":"https:\/\/www.allgeier.com\/de\/pressroom\/press-releases\/allgeier-se-einstieg-bei-talentry\/","og_site_name":"Allgeier SE","article_modified_time":"2025-02-05T18:36:51+00:00","twitter_card":"summary_large_image","twitter_misc":{"Gesch\u00e4tzte Lesezeit":"4\u00a0Minuten"},"schema":{"@context":"https:\/\/schema.org","@graph":[{"@type":"WebPage","@id":"https:\/\/www.allgeier.com\/de\/pressroom\/press-releases\/allgeier-se-einstieg-bei-talentry\/","url":"https:\/\/www.allgeier.com\/de\/pressroom\/press-releases\/allgeier-se-einstieg-bei-talentry\/","name":"ALLGEIER SE: Einstieg bei Talentry - Allgeier SE","isPartOf":{"@id":"https:\/\/www.allgeier.com\/de\/#website"},"datePublished":"2015-04-13T12:49:07+00:00","dateModified":"2025-02-05T18:36:51+00:00","breadcrumb":{"@id":"https:\/\/www.allgeier.com\/de\/pressroom\/press-releases\/allgeier-se-einstieg-bei-talentry\/#breadcrumb"},"inLanguage":"de","potentialAction":[{"@type":"ReadAction","target":["https:\/\/www.allgeier.com\/de\/pressroom\/press-releases\/allgeier-se-einstieg-bei-talentry\/"]}]},{"@type":"BreadcrumbList","@id":"https:\/\/www.allgeier.com\/de\/pressroom\/press-releases\/allgeier-se-einstieg-bei-talentry\/#breadcrumb","itemListElement":[{"@type":"ListItem","position":1,"name":"Home","item":"https:\/\/www.allgeier.com\/de\/"},{"@type":"ListItem","position":2,"name":"Presse","item":"https:\/\/www.allgeier.com\/de\/pressroom\/"},{"@type":"ListItem","position":3,"name":"Pressemitteilungen","item":"https:\/\/www.allgeier.com\/de\/pressroom\/press-releases\/"},{"@type":"ListItem","position":4,"name":"ALLGEIER SE: Einstieg bei Talentry"}]},{"@type":"WebSite","@id":"https:\/\/www.allgeier.com\/de\/#website","url":"https:\/\/www.allgeier.com\/de\/","name":"Allgeier SE","description":"Software &amp; IT Services for digital transformation","potentialAction":[{"@type":"SearchAction","target":{"@type":"EntryPoint","urlTemplate":"https:\/\/www.allgeier.com\/de\/?s={search_term_string}"},"query-input":{"@type":"PropertyValueSpecification","valueRequired":true,"valueName":"search_term_string"}}],"inLanguage":"de"}]}},"_links":{"self":[{"href":"https:\/\/www.allgeier.com\/de\/wp-json\/wp\/v2\/pages\/3951","targetHints":{"allow":["GET"]}}],"collection":[{"href":"https:\/\/www.allgeier.com\/de\/wp-json\/wp\/v2\/pages"}],"about":[{"href":"https:\/\/www.allgeier.com\/de\/wp-json\/wp\/v2\/types\/page"}],"author":[{"embeddable":true,"href":"https:\/\/www.allgeier.com\/de\/wp-json\/wp\/v2\/users\/4"}],"replies":[{"embeddable":true,"href":"https:\/\/www.allgeier.com\/de\/wp-json\/wp\/v2\/comments?post=3951"}],"version-history":[{"count":1,"href":"https:\/\/www.allgeier.com\/de\/wp-json\/wp\/v2\/pages\/3951\/revisions"}],"predecessor-version":[{"id":3952,"href":"https:\/\/www.allgeier.com\/de\/wp-json\/wp\/v2\/pages\/3951\/revisions\/3952"}],"up":[{"embeddable":true,"href":"https:\/\/www.allgeier.com\/de\/wp-json\/wp\/v2\/pages\/1169"}],"wp:attachment":[{"href":"https:\/\/www.allgeier.com\/de\/wp-json\/wp\/v2\/media?parent=3951"}],"wp:term":[{"taxonomy":"category","embeddable":true,"href":"https:\/\/www.allgeier.com\/de\/wp-json\/wp\/v2\/categories?post=3951"},{"taxonomy":"post_tag","embeddable":true,"href":"https:\/\/www.allgeier.com\/de\/wp-json\/wp\/v2\/tags?post=3951"}],"curies":[{"name":"wp","href":"https:\/\/api.w.org\/{rel}","templated":true}]}}